{"id":297083,"date":"2026-03-01T20:32:12","date_gmt":"2026-03-01T20:32:12","guid":{"rendered":"https:\/\/staging.swizzle.se\/?post_type=product&#038;p=297083"},"modified":"2026-03-03T07:01:22","modified_gmt":"2026-03-03T07:01:22","slug":"thca-vape-jungle-monkey-99-1ml","status":"publish","type":"product","link":"https:\/\/staging.swizzle.se\/en\/product-2\/thca-vape-jungle-monkey-99-1ml\/","title":{"rendered":"THCA Vape Jungle Monkey 99% 1ml"},"content":{"rendered":"<p>THCA Vape Jungle Monkey 99% fr\u00e5n Canapuff \u00e4r en premiumprodukt f\u00f6r dig som s\u00f6ker en ren, naturlig och jordn\u00e4ra vape-upplevelse. Med hela 99% THCA f\u00e5r du en ovanligt klar och balanserad profil d\u00e4r fokus ligger p\u00e5 \u00e4kthet och kvalitet. Jungle Monkey erbjuder subtila toner av jord, \u00f6rter och tr\u00e4 \u2013 perfekt f\u00f6r dig som f\u00f6redrar diskreta smaker utan s\u00f6tma eller konstlade inslag. Produkten \u00e4r laboratorietestad, helt laglig och tillverkad med st\u00f6rsta omsorg. Canapuff v\u00e4rdes\u00e4tter snabba leveranser inom EU och ger alltid prisv\u00e4rda, h\u00f6gkvalitativa produkter. Upplev kraften i premium cannabis \u2013 tryggt, enkelt och med kundsupport redo att hj\u00e4lpa dig!<\/p>","protected":false},"excerpt":{"rendered":"<p>THCA Vape Jungle Monkey 99% 1ml fr\u00e5n Canapuff ger en jordn\u00e4ra och \u00f6rtig vapeupplevelse. Inneh\u00e5ller 1 ml premium THCA med laboratorietestad renhet p\u00e5 99%. Produkten har enkel och clean formula, utan on\u00f6diga tillsatser. Designad f\u00f6r dig som uppskattar naturliga smaktoner och klarhet i varje drag.<\/p>","protected":false},"featured_media":297100,"comment_status":"open","ping_status":"closed","template":"","meta":{"site-sidebar-layout":"default","site-content-layout":"","ast-site-content-layout":"default","site-content-style":"default","site-sidebar-style":"default","ast-global-header-display":"","ast-banner-title-visibility":"","ast-main-header-display":"","ast-hfb-above-header-display":"","ast-hfb-below-header-display":"","ast-hfb-mobile-header-display":"","site-post-title":"","ast-breadcrumbs-content":"","ast-featured-img":"","footer-sml-layout":"","ast-disable-related-posts":"","theme-transparent-header-meta":"default","adv-header-id-meta":"","stick-header-meta":"default","header-above-stick-meta":"","header-main-stick-meta":"","header-below-stick-meta":"","astra-migrate-meta-layouts":"set","ast-page-background-enabled":"default","ast-page-background-meta":{"desktop":{"background-color":"var(--ast-global-color-4)","background-image":"","background-repeat":"repeat","background-position":"center center","background-size":"auto","background-attachment":"scroll","background-type":"","background-media":"","overlay-type":"","overlay-color":"","overlay-opacity":"","overlay-gradient":""},"tablet":{"background-color":"","background-image":"","background-repeat":"repeat","background-position":"center center","background-size":"auto","background-attachment":"scroll","background-type":"","background-media":"","overlay-type":"","overlay-color":"","overlay-opacity":"","overlay-gradient":""},"mobile":{"background-color":"","background-image":"","background-repeat":"repeat","background-position":"center center","background-size":"auto","background-attachment":"scroll","background-type":"","background-media":"","overlay-type":"","overlay-color":"","overlay-opacity":"","overlay-gradient":""}},"ast-content-background-meta":{"desktop":{"background-color":"var(--ast-global-color-5)","background-image":"","background-repeat":"repeat","background-position":"center center","background-size":"auto","background-attachment":"scroll","background-type":"","background-media":"","overlay-type":"","overlay-color":"","overlay-opacity":"","overlay-gradient":""},"tablet":{"background-color":"var(--ast-global-color-5)","background-image":"","background-repeat":"repeat","background-position":"center center","background-size":"auto","background-attachment":"scroll","background-type":"","background-media":"","overlay-type":"","overlay-color":"","overlay-opacity":"","overlay-gradient":""},"mobile":{"background-color":"var(--ast-global-color-5)","background-image":"","background-repeat":"repeat","background-position":"center center","background-size":"auto","background-attachment":"scroll","background-type":"","background-media":"","overlay-type":"","overlay-color":"","overlay-opacity":"","overlay-gradient":""}}},"product_brand":[],"product_cat":[464],"product_tag":[],"superdeal":[],"product_variant_id":[784],"class_list":{"0":"post-297083","1":"product","2":"type-product","3":"status-publish","4":"has-post-thumbnail","6":"product_cat-thca-vapes","7":"product_variant_id-thca-vape","8":"desktop-align-center","9":"tablet-align-left","10":"mobile-align-left","11":"ast-product-gallery-layout-horizontal-slider","12":"ast-product-gallery-with-no-image","13":"ast-magnify-disabled","14":"ast-product-tabs-layout-horizontal","16":"first","17":"instock","18":"taxable","19":"shipping-taxable","20":"purchasable","21":"product-type-simple"},"yoast_head":"<!-- This site is optimized with the Yoast SEO Premium plugin v26.9 (Yoast SEO v26.9) - https:\/\/yoast.com\/product\/yoast-seo-premium-wordpress\/ -->\n<title>THCA Vape Jungle Monkey 99% 1ml premium vape fr\u00e5n Canapuff - Swizzle<\/title>\n<meta name=\"description\" content=\"THCA Vape Jungle Monkey 99% ger en ren och naturlig vapeupplevelse med djupa \u00f6rtiga toner. Labtestad f\u00f6r s\u00e4kerhet. K\u00f6p online idag\" \/>\n<meta name=\"robots\" content=\"noindex, follow, max-snippet:-1, max-image-preview:large, max-video-preview:-1\" \/>\n<meta property=\"og:locale\" content=\"en_GB\" \/>\n<meta property=\"og:type\" content=\"article\" \/>\n<meta property=\"og:title\" content=\"THCA Vape Jungle Monkey 99% 1ml\" \/>\n<meta property=\"og:description\" content=\"THCA Vape Jungle Monkey 99% ger en ren och naturlig vapeupplevelse med djupa \u00f6rtiga toner. Labtestad f\u00f6r s\u00e4kerhet. K\u00f6p online idag\" \/>\n<meta property=\"og:url\" content=\"https:\/\/staging.swizzle.se\/en\/product-2\/thca-vape-jungle-monkey-99-1ml\/\" \/>\n<meta property=\"og:site_name\" content=\"Swizzle\" \/>\n<meta property=\"article:modified_time\" content=\"2026-03-03T07:01:22+00:00\" \/>\n<meta property=\"og:image\" content=\"https:\/\/staging.swizzle.se\/wp-content\/uploads\/2026\/03\/jungle_monkey_thca-current_view_720.webp\" \/>\n\t<meta property=\"og:image:width\" content=\"700\" \/>\n\t<meta property=\"og:image:height\" content=\"700\" \/>\n\t<meta property=\"og:image:type\" content=\"image\/webp\" \/>\n<meta name=\"twitter:card\" content=\"summary_large_image\" \/>\n<meta name=\"twitter:label1\" content=\"Price\" \/>\n\t<meta name=\"twitter:data1\" content=\"11.23&nbsp;&#107;&#114;\" \/>\n\t<meta name=\"twitter:label2\" content=\"Availability\" \/>\n\t<meta name=\"twitter:data2\" content=\"In stock\" \/>\n<script type=\"application\/ld+json\" class=\"yoast-schema-graph\">{\"@context\":\"https:\/\/schema.org\",\"@graph\":[{\"@type\":\"WebPage\",\"@id\":\"https:\/\/staging.swizzle.se\/produkt\/thca-vape-jungle-monkey-99-1ml\/\",\"url\":\"https:\/\/staging.swizzle.se\/produkt\/thca-vape-jungle-monkey-99-1ml\/\",\"name\":\"THCA Vape Jungle Monkey 99% 1ml premium vape fr\u00e5n Canapuff - Swizzle\",\"isPartOf\":{\"@id\":\"https:\/\/staging.swizzle.se\/#website\"},\"primaryImageOfPage\":{\"@id\":\"https:\/\/staging.swizzle.se\/produkt\/thca-vape-jungle-monkey-99-1ml\/#primaryimage\"},\"image\":{\"@id\":\"https:\/\/staging.swizzle.se\/produkt\/thca-vape-jungle-monkey-99-1ml\/#primaryimage\"},\"thumbnailUrl\":\"https:\/\/staging.swizzle.se\/wp-content\/uploads\/2026\/03\/jungle_monkey_thca-current_view_720.webp\",\"datePublished\":\"2026-03-01T20:32:12+00:00\",\"dateModified\":\"2026-03-03T07:01:22+00:00\",\"description\":\"THCA Vape Jungle Monkey 99% ger en ren och naturlig vapeupplevelse med djupa \u00f6rtiga toner. Labtestad f\u00f6r s\u00e4kerhet. K\u00f6p online idag\",\"breadcrumb\":{\"@id\":\"https:\/\/staging.swizzle.se\/produkt\/thca-vape-jungle-monkey-99-1ml\/#breadcrumb\"},\"inLanguage\":\"en-GB\",\"potentialAction\":[{\"@type\":\"ReadAction\",\"target\":[\"https:\/\/staging.swizzle.se\/produkt\/thca-vape-jungle-monkey-99-1ml\/\"]}]},{\"@type\":\"ImageObject\",\"inLanguage\":\"en-GB\",\"@id\":\"https:\/\/staging.swizzle.se\/produkt\/thca-vape-jungle-monkey-99-1ml\/#primaryimage\",\"url\":\"https:\/\/staging.swizzle.se\/wp-content\/uploads\/2026\/03\/jungle_monkey_thca-current_view_720.webp\",\"contentUrl\":\"https:\/\/staging.swizzle.se\/wp-content\/uploads\/2026\/03\/jungle_monkey_thca-current_view_720.webp\",\"width\":700,\"height\":700},{\"@type\":\"BreadcrumbList\",\"@id\":\"https:\/\/staging.swizzle.se\/produkt\/thca-vape-jungle-monkey-99-1ml\/#breadcrumb\",\"itemListElement\":[{\"@type\":\"ListItem\",\"position\":1,\"name\":\"Home\",\"item\":\"https:\/\/www.swizzle.se\/\"},{\"@type\":\"ListItem\",\"position\":2,\"name\":\"Shop\",\"item\":\"https:\/\/www.swizzle.se\/shop\/\"},{\"@type\":\"ListItem\",\"position\":3,\"name\":\"THCA\",\"item\":\"https:\/\/www.swizzle.se\/produkt-kategori\/thca\/\"},{\"@type\":\"ListItem\",\"position\":4,\"name\":\"THCA VAPES\",\"item\":\"https:\/\/www.swizzle.se\/produkt-kategori\/thca\/thca-vapes\/\"},{\"@type\":\"ListItem\",\"position\":5,\"name\":\"THCA Vape Jungle Monkey 99% 1ml\"}]},{\"@type\":\"WebSite\",\"@id\":\"https:\/\/staging.swizzle.se\/#website\",\"url\":\"https:\/\/staging.swizzle.se\/\",\"name\":\"Swizzle\",\"description\":\"Nikotin CBD Vapes Snus White Portion\",\"publisher\":{\"@id\":\"https:\/\/staging.swizzle.se\/#organization\"},\"potentialAction\":[{\"@type\":\"SearchAction\",\"target\":{\"@type\":\"EntryPoint\",\"urlTemplate\":\"https:\/\/staging.swizzle.se\/?s={search_term_string}\"},\"query-input\":{\"@type\":\"PropertyValueSpecification\",\"valueRequired\":true,\"valueName\":\"search_term_string\"}}],\"inLanguage\":\"en-GB\"},{\"@type\":\"Organization\",\"@id\":\"https:\/\/staging.swizzle.se\/#organization\",\"name\":\"Swizzle\",\"url\":\"https:\/\/staging.swizzle.se\/\",\"logo\":{\"@type\":\"ImageObject\",\"inLanguage\":\"en-GB\",\"@id\":\"https:\/\/staging.swizzle.se\/#\/schema\/logo\/image\/\",\"url\":\"https:\/\/staging.swizzle.se\/wp-content\/uploads\/2025\/10\/cropped-SWIZZLE.-4.png\",\"contentUrl\":\"https:\/\/staging.swizzle.se\/wp-content\/uploads\/2025\/10\/cropped-SWIZZLE.-4.png\",\"width\":800,\"height\":267,\"caption\":\"Swizzle\"},\"image\":{\"@id\":\"https:\/\/staging.swizzle.se\/#\/schema\/logo\/image\/\"},\"hasMerchantReturnPolicy\":{\"@type\":\"MerchantReturnPolicy\",\"merchantReturnLink\":\"https:\/\/staging.swizzle.se\/en\/villkor\/\"}}]}<\/script>\n<meta property=\"product:price:amount\" content=\"11.23\" \/>\n<meta property=\"product:price:currency\" content=\"SEK\" \/>\n<meta property=\"og:availability\" content=\"instock\" \/>\n<meta property=\"product:availability\" content=\"instock\" \/>\n<meta property=\"product:retailer_item_id\" content=\"000556\" \/>\n<meta property=\"product:condition\" content=\"new\" \/>\n<!-- \/ Yoast SEO Premium plugin. -->","yoast_head_json":{"title":"THCA Vape Jungle Monkey 99% 1ml premium vape fr\u00e5n Canapuff - Swizzle","description":"THCA Vape Jungle Monkey 99% ger en ren och naturlig vapeupplevelse med djupa \u00f6rtiga toner. Labtestad f\u00f6r s\u00e4kerhet. K\u00f6p online idag","robots":{"index":"noindex","follow":"follow","max-snippet":"max-snippet:-1","max-image-preview":"max-image-preview:large","max-video-preview":"max-video-preview:-1"},"og_locale":"en_GB","og_type":"article","og_title":"THCA Vape Jungle Monkey 99% 1ml","og_description":"THCA Vape Jungle Monkey 99% ger en ren och naturlig vapeupplevelse med djupa \u00f6rtiga toner. Labtestad f\u00f6r s\u00e4kerhet. K\u00f6p online idag","og_url":"https:\/\/staging.swizzle.se\/en\/product-2\/thca-vape-jungle-monkey-99-1ml\/","og_site_name":"Swizzle","article_modified_time":"2026-03-03T07:01:22+00:00","og_image":[{"width":700,"height":700,"url":"https:\/\/staging.swizzle.se\/wp-content\/uploads\/2026\/03\/jungle_monkey_thca-current_view_720.webp","type":"image\/webp"}],"twitter_card":"summary_large_image","twitter_misc":{"Price":"11.23&nbsp;&#107;&#114;","Availability":"In stock"},"schema":{"@context":"https:\/\/schema.org","@graph":[{"@type":"WebPage","@id":"https:\/\/staging.swizzle.se\/produkt\/thca-vape-jungle-monkey-99-1ml\/","url":"https:\/\/staging.swizzle.se\/produkt\/thca-vape-jungle-monkey-99-1ml\/","name":"THCA Vape Jungle Monkey 99% 1ml premium vape fr\u00e5n Canapuff - Swizzle","isPartOf":{"@id":"https:\/\/staging.swizzle.se\/#website"},"primaryImageOfPage":{"@id":"https:\/\/staging.swizzle.se\/produkt\/thca-vape-jungle-monkey-99-1ml\/#primaryimage"},"image":{"@id":"https:\/\/staging.swizzle.se\/produkt\/thca-vape-jungle-monkey-99-1ml\/#primaryimage"},"thumbnailUrl":"https:\/\/staging.swizzle.se\/wp-content\/uploads\/2026\/03\/jungle_monkey_thca-current_view_720.webp","datePublished":"2026-03-01T20:32:12+00:00","dateModified":"2026-03-03T07:01:22+00:00","description":"THCA Vape Jungle Monkey 99% ger en ren och naturlig vapeupplevelse med djupa \u00f6rtiga toner. Labtestad f\u00f6r s\u00e4kerhet. K\u00f6p online idag","breadcrumb":{"@id":"https:\/\/staging.swizzle.se\/produkt\/thca-vape-jungle-monkey-99-1ml\/#breadcrumb"},"inLanguage":"en-GB","potentialAction":[{"@type":"ReadAction","target":["https:\/\/staging.swizzle.se\/produkt\/thca-vape-jungle-monkey-99-1ml\/"]}]},{"@type":"ImageObject","inLanguage":"en-GB","@id":"https:\/\/staging.swizzle.se\/produkt\/thca-vape-jungle-monkey-99-1ml\/#primaryimage","url":"https:\/\/staging.swizzle.se\/wp-content\/uploads\/2026\/03\/jungle_monkey_thca-current_view_720.webp","contentUrl":"https:\/\/staging.swizzle.se\/wp-content\/uploads\/2026\/03\/jungle_monkey_thca-current_view_720.webp","width":700,"height":700},{"@type":"BreadcrumbList","@id":"https:\/\/staging.swizzle.se\/produkt\/thca-vape-jungle-monkey-99-1ml\/#breadcrumb","itemListElement":[{"@type":"ListItem","position":1,"name":"Home","item":"https:\/\/www.swizzle.se\/"},{"@type":"ListItem","position":2,"name":"Shop","item":"https:\/\/www.swizzle.se\/shop\/"},{"@type":"ListItem","position":3,"name":"THCA","item":"https:\/\/www.swizzle.se\/produkt-kategori\/thca\/"},{"@type":"ListItem","position":4,"name":"THCA VAPES","item":"https:\/\/www.swizzle.se\/produkt-kategori\/thca\/thca-vapes\/"},{"@type":"ListItem","position":5,"name":"THCA Vape Jungle Monkey 99% 1ml"}]},{"@type":"WebSite","@id":"https:\/\/staging.swizzle.se\/#website","url":"https:\/\/staging.swizzle.se\/","name":"Swizzle","description":"Nicotine CBD Vapes Snus White Portion","publisher":{"@id":"https:\/\/staging.swizzle.se\/#organization"},"potentialAction":[{"@type":"SearchAction","target":{"@type":"EntryPoint","urlTemplate":"https:\/\/staging.swizzle.se\/?s={search_term_string}"},"query-input":{"@type":"PropertyValueSpecification","valueRequired":true,"valueName":"search_term_string"}}],"inLanguage":"en-GB"},{"@type":"Organization","@id":"https:\/\/staging.swizzle.se\/#organization","name":"Swizzle","url":"https:\/\/staging.swizzle.se\/","logo":{"@type":"ImageObject","inLanguage":"en-GB","@id":"https:\/\/staging.swizzle.se\/#\/schema\/logo\/image\/","url":"https:\/\/staging.swizzle.se\/wp-content\/uploads\/2025\/10\/cropped-SWIZZLE.-4.png","contentUrl":"https:\/\/staging.swizzle.se\/wp-content\/uploads\/2025\/10\/cropped-SWIZZLE.-4.png","width":800,"height":267,"caption":"Swizzle"},"image":{"@id":"https:\/\/staging.swizzle.se\/#\/schema\/logo\/image\/"},"hasMerchantReturnPolicy":{"@type":"MerchantReturnPolicy","merchantReturnLink":"https:\/\/staging.swizzle.se\/en\/villkor\/"}}]},"product_price_amount":"11.23","product_price_currency":"SEK","og_availability":"instock","product_availability":"instock","product_retailer_item_id":"000556","product_condition":"new"},"tiered_pricing_type":"fixed","tiered_pricing_fixed_rules":[],"tiered_pricing_product_settings":{"layout":"default","base_unit_name":{"singular":null,"plural":null},"default_variation":null},"tiered_pricing_minimum_quantity":null,"tiered_pricing_roles_data":[],"tiered_pricing_percentage_rules":[],"tiered_pricing_maximum_quantity":null,"tiered_pricing_quantity_step":null,"_links":{"self":[{"href":"https:\/\/staging.swizzle.se\/en\/wp-json\/wp\/v2\/product\/297083","targetHints":{"allow":["GET"]}}],"collection":[{"href":"https:\/\/staging.swizzle.se\/en\/wp-json\/wp\/v2\/product"}],"about":[{"href":"https:\/\/staging.swizzle.se\/en\/wp-json\/wp\/v2\/types\/product"}],"replies":[{"embeddable":true,"href":"https:\/\/staging.swizzle.se\/en\/wp-json\/wp\/v2\/comments?post=297083"}],"version-history":[{"count":0,"href":"https:\/\/staging.swizzle.se\/en\/wp-json\/wp\/v2\/product\/297083\/revisions"}],"wp:featuredmedia":[{"embeddable":true,"href":"https:\/\/staging.swizzle.se\/en\/wp-json\/wp\/v2\/media\/297100"}],"wp:attachment":[{"href":"https:\/\/staging.swizzle.se\/en\/wp-json\/wp\/v2\/media?parent=297083"}],"wp:term":[{"taxonomy":"product_brand","embeddable":true,"href":"https:\/\/staging.swizzle.se\/en\/wp-json\/wp\/v2\/product_brand?post=297083"},{"taxonomy":"product_cat","embeddable":true,"href":"https:\/\/staging.swizzle.se\/en\/wp-json\/wp\/v2\/product_cat?post=297083"},{"taxonomy":"product_tag","embeddable":true,"href":"https:\/\/staging.swizzle.se\/en\/wp-json\/wp\/v2\/product_tag?post=297083"},{"taxonomy":"superdeal","embeddable":true,"href":"https:\/\/staging.swizzle.se\/en\/wp-json\/wp\/v2\/superdeal?post=297083"},{"taxonomy":"product_variant_id","embeddable":true,"href":"https:\/\/staging.swizzle.se\/en\/wp-json\/wp\/v2\/product_variant_id?post=297083"}],"curies":[{"name":"wp","href":"https:\/\/api.w.org\/{rel}","templated":true}]}}