{"id":296727,"date":"2026-02-05T10:18:13","date_gmt":"2026-02-05T10:18:13","guid":{"rendered":"https:\/\/staging.swizzle.se\/?post_type=product&#038;p=296727"},"modified":"2026-02-09T10:55:05","modified_gmt":"2026-02-09T10:55:05","slug":"ocb-premium-slim-filter-limited","status":"publish","type":"product","link":"https:\/\/staging.swizzle.se\/en\/product-2\/ocb-premium-slim-filter-limited\/","title":{"rendered":"OCB | Premium Slim + Filter Limited"},"content":{"rendered":"<p>OCB | Premium Slim + Filter Limited \u00e4r en specialversion av OCB favorit Premium Slim + Filter. <a style=\"font-size: 16px; background-color: #ffffff;\" href=\"https:\/\/snusfabriken.com\/produkt-kategori\/roktobak\/tillbehor-ovrig-tobak\/rullpapper\/ocb\/\">OCB har r\u00f6ktillbeh\u00f6r och filterpapper i flera olika storlekar och former, du kan enkelt se hela deras utbud genom att klicka dig vidare h\u00e4r.<\/a><\/p>\n<p>De stiliga svarta f\u00f6rpackningarna pryds av det ikoniska OCB-hologrammet som skimrar i regnb\u00e5gens f\u00e4rger. Alla papper fr\u00e5n OCB \u00e4r t\u00e4ckta av ett m\u00f6nster vilket g\u00f6r att pappret brinner j\u00e4mnt och f\u00f6rhindrar att oljor dras ner mot filtret. Veganv\u00e4nligt och alltid GMO-fritt. Ett varningspapper dyker upp n\u00e4r det \u00e4r f\u00e5 rullpapper kvar s\u00e5 att man aldrig ska beh\u00f6va sitta utan.<\/p>\n<ul>\n<li>Antal: 32 papper + 32 filter tips<\/li>\n<li>Storlek: 44 x 109 mm (King Size Slim)<\/li>\n<\/ul>\n<p><span style=\"font-size: 1.7em; font-weight: bold;\">Information om f\u00f6retaget OCB<\/span><\/p>\n<p>OCB \u00e4r ett v\u00e4lk\u00e4nt och p\u00e5litligt f\u00f6retag inom tobaksindustrin. Med \u00f6ver 100 \u00e5rs erfarenhet \u00e4r OCB k\u00e4nt f\u00f6r att tillverka h\u00f6gkvalitativa rullpapper och tillbeh\u00f6r f\u00f6r r\u00f6kning. Dem erbjuder ett brett utbud av produkter som passar alla r\u00f6kare, oavsett preferenser och behov. Deras sortiment inkluderar rullpapper i olika storlekar och tjocklekar, f\u00f6rrullade cones, filter och mycket mer. OCB \u00e4r dedikerade till att erbjuda produkter av h\u00f6gsta kvalitet.<\/p>\n<p>En av de stora f\u00f6rdelarna med OCB \u00e4r deras fokus p\u00e5 h\u00e5llbarhet och milj\u00f6medvetenhet. F\u00f6retaget str\u00e4var efter att minimera sin p\u00e5verkan p\u00e5 milj\u00f6n genom att anv\u00e4nda FSC-certifierat papper och andra milj\u00f6v\u00e4nliga material i sin produktion.\u00a0 OCB har ett starkt varum\u00e4rke och en lojal kundbas. Deras produkter \u00e4r v\u00e4lk\u00e4nda och anses vara av h\u00f6g kvalitet. M\u00e5nga r\u00f6kare f\u00f6redrar OCB p\u00e5 grund av deras p\u00e5litlighet och konsekventa prestanda.<\/p>\n<p>2018 firar OCB 100 \u00e5r och det blir ett centry -m\u00e4rke sedan dess f\u00f6delse 1918.\u00a0<a href=\"https:\/\/ocb.net\/heritage\/\" target=\"_blank\" rel=\"noopener\">Vill du l\u00e4sa hela historien om f\u00f6retaget OCB s\u00e5 kan du g\u00f6ra det h\u00e4r.<\/a><\/p>\n<h2>OCB | Premium Slim + Filter Limited<\/h2>\n<p>OCB tillverkar n\u00e5gra av v\u00e4rldens popul\u00e4raste och mest s\u00e5lda rullpapper. Alla deras papper \u00e4r t\u00e4ckta av ett m\u00f6nster som g\u00f6r att de brinner j\u00e4mnt och f\u00f6rhindrar att n\u00e5gon olja n\u00e5r filtret.<\/p>\n<p>Pappret \u00e4r oblekt, veganv\u00e4nligt och GMO-fritt.<\/p>","protected":false},"excerpt":{"rendered":"<p class=\"ai-optimize-56\">OCB | Premium Slim + Filter Limited<\/p>\n<p>De stiliga svarta f\u00f6rpackningarna pryds av det ikoniska OCB-hologrammet som skimrar i regnb\u00e5gens f\u00e4rger. Alla papper fr\u00e5n OCB \u00e4r t\u00e4ckta av ett m\u00f6nster vilket g\u00f6r att pappret brinner j\u00e4mnt och f\u00f6rhindrar att oljor dras ner mot filtret. Veganv\u00e4nligt och alltid GMO-fritt. Ett varningspapper dyker upp n\u00e4r det \u00e4r f\u00e5 rullpapper kvar s\u00e5 att man aldrig ska beh\u00f6va sitta utan.<\/p>\n<ul>\n<li>Antal: 32 papper + 32 filter tips<\/li>\n<li>Storlek: 44 x 109 mm (King Size Slim)<\/li>\n<\/ul>","protected":false},"featured_media":296728,"comment_status":"open","ping_status":"closed","template":"","meta":{"site-sidebar-layout":"default","site-content-layout":"","ast-site-content-layout":"default","site-content-style":"default","site-sidebar-style":"default","ast-global-header-display":"","ast-banner-title-visibility":"","ast-main-header-display":"","ast-hfb-above-header-display":"","ast-hfb-below-header-display":"","ast-hfb-mobile-header-display":"","site-post-title":"","ast-breadcrumbs-content":"","ast-featured-img":"","footer-sml-layout":"","ast-disable-related-posts":"","theme-transparent-header-meta":"default","adv-header-id-meta":"","stick-header-meta":"default","header-above-stick-meta":"","header-main-stick-meta":"","header-below-stick-meta":"","astra-migrate-meta-layouts":"set","ast-page-background-enabled":"default","ast-page-background-meta":{"desktop":{"background-color":"var(--ast-global-color-4)","background-image":"","background-repeat":"repeat","background-position":"center center","background-size":"auto","background-attachment":"scroll","background-type":"","background-media":"","overlay-type":"","overlay-color":"","overlay-opacity":"","overlay-gradient":""},"tablet":{"background-color":"","background-image":"","background-repeat":"repeat","background-position":"center center","background-size":"auto","background-attachment":"scroll","background-type":"","background-media":"","overlay-type":"","overlay-color":"","overlay-opacity":"","overlay-gradient":""},"mobile":{"background-color":"","background-image":"","background-repeat":"repeat","background-position":"center center","background-size":"auto","background-attachment":"scroll","background-type":"","background-media":"","overlay-type":"","overlay-color":"","overlay-opacity":"","overlay-gradient":""}},"ast-content-background-meta":{"desktop":{"background-color":"var(--ast-global-color-5)","background-image":"","background-repeat":"repeat","background-position":"center center","background-size":"auto","background-attachment":"scroll","background-type":"","background-media":"","overlay-type":"","overlay-color":"","overlay-opacity":"","overlay-gradient":""},"tablet":{"background-color":"var(--ast-global-color-5)","background-image":"","background-repeat":"repeat","background-position":"center center","background-size":"auto","background-attachment":"scroll","background-type":"","background-media":"","overlay-type":"","overlay-color":"","overlay-opacity":"","overlay-gradient":""},"mobile":{"background-color":"var(--ast-global-color-5)","background-image":"","background-repeat":"repeat","background-position":"center center","background-size":"auto","background-attachment":"scroll","background-type":"","background-media":"","overlay-type":"","overlay-color":"","overlay-opacity":"","overlay-gradient":""}}},"product_brand":[759],"product_cat":[308,284,285],"product_tag":[],"superdeal":[],"product_variant_id":[779],"class_list":{"0":"post-296727","1":"product","2":"type-product","3":"status-publish","4":"has-post-thumbnail","6":"product_brand-ocb","7":"product_cat-ocb","8":"product_cat-roktillbehor","9":"product_cat-rullpapper","10":"product_variant_id-cookies","11":"desktop-align-center","12":"tablet-align-left","13":"mobile-align-left","14":"ast-product-gallery-layout-horizontal-slider","15":"ast-product-gallery-with-no-image","16":"ast-magnify-disabled","17":"ast-product-tabs-layout-horizontal","19":"first","20":"instock","21":"taxable","22":"shipping-taxable","23":"purchasable","24":"product-type-simple"},"yoast_head":"<!-- This site is optimized with the Yoast SEO Premium plugin v26.9 (Yoast SEO v26.9) - https:\/\/yoast.com\/product\/yoast-seo-premium-wordpress\/ -->\n<title>OCB | Premium Slim + Filter Limited<\/title>\n<meta name=\"description\" content=\"OCB | Premium Slim + Filter Limited. Har en viss m\u00e4ngd lim f\u00f6r att underl\u00e4tta rullningen. Inneh\u00e5ller 32 st papper och 32 filter.\" \/>\n<meta name=\"robots\" content=\"noindex, follow, max-snippet:-1, max-image-preview:large, max-video-preview:-1\" \/>\n<meta property=\"og:locale\" content=\"en_GB\" \/>\n<meta property=\"og:type\" content=\"article\" \/>\n<meta property=\"og:title\" content=\"OCB | Virgin Slim + Filter Tips\" \/>\n<meta property=\"og:description\" content=\"OCB | Virgin Slim + Filter Tips. Smalt och enkelt att hantera, har en viss m\u00e4ngd lim f\u00f6r att underl\u00e4tta rullningen. Inneh\u00e5ller 32 st papper och 32 filter.\" \/>\n<meta property=\"og:url\" content=\"https:\/\/staging.swizzle.se\/en\/product-2\/ocb-premium-slim-filter-limited\/\" \/>\n<meta property=\"og:site_name\" content=\"Swizzle\" \/>\n<meta property=\"article:modified_time\" content=\"2026-02-09T10:55:05+00:00\" \/>\n<meta property=\"og:image\" content=\"https:\/\/staging.swizzle.se\/wp-content\/uploads\/2026\/02\/OCB-LTD.jpg\" \/>\n\t<meta property=\"og:image:width\" content=\"800\" \/>\n\t<meta property=\"og:image:height\" content=\"800\" \/>\n\t<meta property=\"og:image:type\" content=\"image\/jpeg\" \/>\n<meta name=\"twitter:card\" content=\"summary_large_image\" \/>\n<meta name=\"twitter:title\" content=\"OCB | Virgin Slim + Filter Tips\" \/>\n<meta name=\"twitter:description\" content=\"OCB | Virgin Slim + Filter Tips. Smalt och enkelt att hantera, har en viss m\u00e4ngd lim f\u00f6r att underl\u00e4tta rullningen. Inneh\u00e5ller 32 st papper och 32 filter.\" \/>\n<meta name=\"twitter:label1\" content=\"Price\" \/>\n\t<meta name=\"twitter:data1\" content=\"24.00&nbsp;&#107;&#114;\" \/>\n\t<meta name=\"twitter:label2\" content=\"Availability\" \/>\n\t<meta name=\"twitter:data2\" content=\"In stock\" \/>\n<script type=\"application\/ld+json\" class=\"yoast-schema-graph\">{\"@context\":\"https:\/\/schema.org\",\"@graph\":[{\"@type\":\"WebPage\",\"@id\":\"https:\/\/staging.swizzle.se\/produkt\/ocb-premium-slim-filter-limited\/\",\"url\":\"https:\/\/staging.swizzle.se\/produkt\/ocb-premium-slim-filter-limited\/\",\"name\":\"OCB | Premium Slim + Filter Limited\",\"isPartOf\":{\"@id\":\"https:\/\/staging.swizzle.se\/#website\"},\"primaryImageOfPage\":{\"@id\":\"https:\/\/staging.swizzle.se\/produkt\/ocb-premium-slim-filter-limited\/#primaryimage\"},\"image\":{\"@id\":\"https:\/\/staging.swizzle.se\/produkt\/ocb-premium-slim-filter-limited\/#primaryimage\"},\"thumbnailUrl\":\"https:\/\/staging.swizzle.se\/wp-content\/uploads\/2026\/02\/OCB-LTD.jpg\",\"datePublished\":\"2026-02-05T10:18:13+00:00\",\"dateModified\":\"2026-02-09T10:55:05+00:00\",\"description\":\"OCB | Premium Slim + Filter Limited. Har en viss m\u00e4ngd lim f\u00f6r att underl\u00e4tta rullningen. Inneh\u00e5ller 32 st papper och 32 filter.\",\"breadcrumb\":{\"@id\":\"https:\/\/staging.swizzle.se\/produkt\/ocb-premium-slim-filter-limited\/#breadcrumb\"},\"inLanguage\":\"en-GB\",\"potentialAction\":[{\"@type\":\"ReadAction\",\"target\":[\"https:\/\/staging.swizzle.se\/produkt\/ocb-premium-slim-filter-limited\/\"]}]},{\"@type\":\"ImageObject\",\"inLanguage\":\"en-GB\",\"@id\":\"https:\/\/staging.swizzle.se\/produkt\/ocb-premium-slim-filter-limited\/#primaryimage\",\"url\":\"https:\/\/staging.swizzle.se\/wp-content\/uploads\/2026\/02\/OCB-LTD.jpg\",\"contentUrl\":\"https:\/\/staging.swizzle.se\/wp-content\/uploads\/2026\/02\/OCB-LTD.jpg\",\"width\":800,\"height\":800,\"caption\":\"OCB | Premium Slim + Filter Limited\"},{\"@type\":\"BreadcrumbList\",\"@id\":\"https:\/\/staging.swizzle.se\/produkt\/ocb-premium-slim-filter-limited\/#breadcrumb\",\"itemListElement\":[{\"@type\":\"ListItem\",\"position\":1,\"name\":\"Home\",\"item\":\"https:\/\/www.swizzle.se\/\"},{\"@type\":\"ListItem\",\"position\":2,\"name\":\"Shop\",\"item\":\"https:\/\/www.swizzle.se\/shop\/\"},{\"@type\":\"ListItem\",\"position\":3,\"name\":\"R\u00d6KTILLBEH\u00d6R\",\"item\":\"https:\/\/www.swizzle.se\/produkt-kategori\/roktillbehor\/\"},{\"@type\":\"ListItem\",\"position\":4,\"name\":\"RULLPAPPER\",\"item\":\"https:\/\/www.swizzle.se\/produkt-kategori\/roktillbehor\/rullpapper\/\"},{\"@type\":\"ListItem\",\"position\":5,\"name\":\"OCB\",\"item\":\"https:\/\/www.swizzle.se\/produkt-kategori\/roktillbehor\/rullpapper\/ocb\/\"},{\"@type\":\"ListItem\",\"position\":6,\"name\":\"OCB | Premium Slim + Filter Limited\"}]},{\"@type\":\"WebSite\",\"@id\":\"https:\/\/staging.swizzle.se\/#website\",\"url\":\"https:\/\/staging.swizzle.se\/\",\"name\":\"Swizzle\",\"description\":\"Nikotin CBD Vapes Snus White Portion\",\"publisher\":{\"@id\":\"https:\/\/staging.swizzle.se\/#organization\"},\"potentialAction\":[{\"@type\":\"SearchAction\",\"target\":{\"@type\":\"EntryPoint\",\"urlTemplate\":\"https:\/\/staging.swizzle.se\/?s={search_term_string}\"},\"query-input\":{\"@type\":\"PropertyValueSpecification\",\"valueRequired\":true,\"valueName\":\"search_term_string\"}}],\"inLanguage\":\"en-GB\"},{\"@type\":\"Organization\",\"@id\":\"https:\/\/staging.swizzle.se\/#organization\",\"name\":\"Swizzle\",\"url\":\"https:\/\/staging.swizzle.se\/\",\"logo\":{\"@type\":\"ImageObject\",\"inLanguage\":\"en-GB\",\"@id\":\"https:\/\/staging.swizzle.se\/#\/schema\/logo\/image\/\",\"url\":\"https:\/\/staging.swizzle.se\/wp-content\/uploads\/2025\/10\/cropped-SWIZZLE.-4.png\",\"contentUrl\":\"https:\/\/staging.swizzle.se\/wp-content\/uploads\/2025\/10\/cropped-SWIZZLE.-4.png\",\"width\":800,\"height\":267,\"caption\":\"Swizzle\"},\"image\":{\"@id\":\"https:\/\/staging.swizzle.se\/#\/schema\/logo\/image\/\"},\"hasMerchantReturnPolicy\":{\"@type\":\"MerchantReturnPolicy\",\"merchantReturnLink\":\"https:\/\/staging.swizzle.se\/en\/villkor\/\"}}]}<\/script>\n<meta property=\"product:price:amount\" content=\"24.00\" \/>\n<meta property=\"product:price:currency\" content=\"SEK\" \/>\n<meta property=\"og:availability\" content=\"instock\" \/>\n<meta property=\"product:availability\" content=\"instock\" \/>\n<meta property=\"product:retailer_item_id\" content=\"OCBps-ltd\" \/>\n<meta property=\"product:condition\" content=\"new\" \/>\n<!-- \/ Yoast SEO Premium plugin. -->","yoast_head_json":{"title":"OCB | Premium Slim + Filter Limited","description":"OCB | Premium Slim + Filter Limited. Har en viss m\u00e4ngd lim f\u00f6r att underl\u00e4tta rullningen. Inneh\u00e5ller 32 st papper och 32 filter.","robots":{"index":"noindex","follow":"follow","max-snippet":"max-snippet:-1","max-image-preview":"max-image-preview:large","max-video-preview":"max-video-preview:-1"},"og_locale":"en_GB","og_type":"article","og_title":"OCB | Virgin Slim + Filter Tips","og_description":"OCB | Virgin Slim + Filter Tips. Smalt och enkelt att hantera, har en viss m\u00e4ngd lim f\u00f6r att underl\u00e4tta rullningen. Inneh\u00e5ller 32 st papper och 32 filter.","og_url":"https:\/\/staging.swizzle.se\/en\/product-2\/ocb-premium-slim-filter-limited\/","og_site_name":"Swizzle","article_modified_time":"2026-02-09T10:55:05+00:00","og_image":[{"width":800,"height":800,"url":"https:\/\/staging.swizzle.se\/wp-content\/uploads\/2026\/02\/OCB-LTD.jpg","type":"image\/jpeg"}],"twitter_card":"summary_large_image","twitter_title":"OCB | Virgin Slim + Filter Tips","twitter_description":"OCB | Virgin Slim + Filter Tips. Smalt och enkelt att hantera, har en viss m\u00e4ngd lim f\u00f6r att underl\u00e4tta rullningen. Inneh\u00e5ller 32 st papper och 32 filter.","twitter_misc":{"Price":"24.00&nbsp;&#107;&#114;","Availability":"In stock"},"schema":{"@context":"https:\/\/schema.org","@graph":[{"@type":"WebPage","@id":"https:\/\/staging.swizzle.se\/produkt\/ocb-premium-slim-filter-limited\/","url":"https:\/\/staging.swizzle.se\/produkt\/ocb-premium-slim-filter-limited\/","name":"OCB | Premium Slim + Filter Limited","isPartOf":{"@id":"https:\/\/staging.swizzle.se\/#website"},"primaryImageOfPage":{"@id":"https:\/\/staging.swizzle.se\/produkt\/ocb-premium-slim-filter-limited\/#primaryimage"},"image":{"@id":"https:\/\/staging.swizzle.se\/produkt\/ocb-premium-slim-filter-limited\/#primaryimage"},"thumbnailUrl":"https:\/\/staging.swizzle.se\/wp-content\/uploads\/2026\/02\/OCB-LTD.jpg","datePublished":"2026-02-05T10:18:13+00:00","dateModified":"2026-02-09T10:55:05+00:00","description":"OCB | Premium Slim + Filter Limited. Har en viss m\u00e4ngd lim f\u00f6r att underl\u00e4tta rullningen. Inneh\u00e5ller 32 st papper och 32 filter.","breadcrumb":{"@id":"https:\/\/staging.swizzle.se\/produkt\/ocb-premium-slim-filter-limited\/#breadcrumb"},"inLanguage":"en-GB","potentialAction":[{"@type":"ReadAction","target":["https:\/\/staging.swizzle.se\/produkt\/ocb-premium-slim-filter-limited\/"]}]},{"@type":"ImageObject","inLanguage":"en-GB","@id":"https:\/\/staging.swizzle.se\/produkt\/ocb-premium-slim-filter-limited\/#primaryimage","url":"https:\/\/staging.swizzle.se\/wp-content\/uploads\/2026\/02\/OCB-LTD.jpg","contentUrl":"https:\/\/staging.swizzle.se\/wp-content\/uploads\/2026\/02\/OCB-LTD.jpg","width":800,"height":800,"caption":"OCB | Premium Slim + Filter Limited"},{"@type":"BreadcrumbList","@id":"https:\/\/staging.swizzle.se\/produkt\/ocb-premium-slim-filter-limited\/#breadcrumb","itemListElement":[{"@type":"ListItem","position":1,"name":"Home","item":"https:\/\/www.swizzle.se\/"},{"@type":"ListItem","position":2,"name":"Shop","item":"https:\/\/www.swizzle.se\/shop\/"},{"@type":"ListItem","position":3,"name":"R\u00d6KTILLBEH\u00d6R","item":"https:\/\/www.swizzle.se\/produkt-kategori\/roktillbehor\/"},{"@type":"ListItem","position":4,"name":"RULLPAPPER","item":"https:\/\/www.swizzle.se\/produkt-kategori\/roktillbehor\/rullpapper\/"},{"@type":"ListItem","position":5,"name":"OCB","item":"https:\/\/www.swizzle.se\/produkt-kategori\/roktillbehor\/rullpapper\/ocb\/"},{"@type":"ListItem","position":6,"name":"OCB | Premium Slim + Filter Limited"}]},{"@type":"WebSite","@id":"https:\/\/staging.swizzle.se\/#website","url":"https:\/\/staging.swizzle.se\/","name":"Swizzle","description":"Nicotine CBD Vapes Snus White Portion","publisher":{"@id":"https:\/\/staging.swizzle.se\/#organization"},"potentialAction":[{"@type":"SearchAction","target":{"@type":"EntryPoint","urlTemplate":"https:\/\/staging.swizzle.se\/?s={search_term_string}"},"query-input":{"@type":"PropertyValueSpecification","valueRequired":true,"valueName":"search_term_string"}}],"inLanguage":"en-GB"},{"@type":"Organization","@id":"https:\/\/staging.swizzle.se\/#organization","name":"Swizzle","url":"https:\/\/staging.swizzle.se\/","logo":{"@type":"ImageObject","inLanguage":"en-GB","@id":"https:\/\/staging.swizzle.se\/#\/schema\/logo\/image\/","url":"https:\/\/staging.swizzle.se\/wp-content\/uploads\/2025\/10\/cropped-SWIZZLE.-4.png","contentUrl":"https:\/\/staging.swizzle.se\/wp-content\/uploads\/2025\/10\/cropped-SWIZZLE.-4.png","width":800,"height":267,"caption":"Swizzle"},"image":{"@id":"https:\/\/staging.swizzle.se\/#\/schema\/logo\/image\/"},"hasMerchantReturnPolicy":{"@type":"MerchantReturnPolicy","merchantReturnLink":"https:\/\/staging.swizzle.se\/en\/villkor\/"}}]},"product_price_amount":"24.00","product_price_currency":"SEK","og_availability":"instock","product_availability":"instock","product_retailer_item_id":"OCBps-ltd","product_condition":"new"},"tiered_pricing_type":"fixed","tiered_pricing_fixed_rules":[],"tiered_pricing_product_settings":{"layout":"default","base_unit_name":{"singular":null,"plural":null},"default_variation":null},"tiered_pricing_minimum_quantity":null,"tiered_pricing_roles_data":[],"tiered_pricing_percentage_rules":[],"tiered_pricing_maximum_quantity":null,"tiered_pricing_quantity_step":null,"_links":{"self":[{"href":"https:\/\/staging.swizzle.se\/en\/wp-json\/wp\/v2\/product\/296727","targetHints":{"allow":["GET"]}}],"collection":[{"href":"https:\/\/staging.swizzle.se\/en\/wp-json\/wp\/v2\/product"}],"about":[{"href":"https:\/\/staging.swizzle.se\/en\/wp-json\/wp\/v2\/types\/product"}],"replies":[{"embeddable":true,"href":"https:\/\/staging.swizzle.se\/en\/wp-json\/wp\/v2\/comments?post=296727"}],"version-history":[{"count":0,"href":"https:\/\/staging.swizzle.se\/en\/wp-json\/wp\/v2\/product\/296727\/revisions"}],"wp:featuredmedia":[{"embeddable":true,"href":"https:\/\/staging.swizzle.se\/en\/wp-json\/wp\/v2\/media\/296728"}],"wp:attachment":[{"href":"https:\/\/staging.swizzle.se\/en\/wp-json\/wp\/v2\/media?parent=296727"}],"wp:term":[{"taxonomy":"product_brand","embeddable":true,"href":"https:\/\/staging.swizzle.se\/en\/wp-json\/wp\/v2\/product_brand?post=296727"},{"taxonomy":"product_cat","embeddable":true,"href":"https:\/\/staging.swizzle.se\/en\/wp-json\/wp\/v2\/product_cat?post=296727"},{"taxonomy":"product_tag","embeddable":true,"href":"https:\/\/staging.swizzle.se\/en\/wp-json\/wp\/v2\/product_tag?post=296727"},{"taxonomy":"superdeal","embeddable":true,"href":"https:\/\/staging.swizzle.se\/en\/wp-json\/wp\/v2\/superdeal?post=296727"},{"taxonomy":"product_variant_id","embeddable":true,"href":"https:\/\/staging.swizzle.se\/en\/wp-json\/wp\/v2\/product_variant_id?post=296727"}],"curies":[{"name":"wp","href":"https:\/\/api.w.org\/{rel}","templated":true}]}}