{"id":296614,"date":"2026-02-04T12:13:32","date_gmt":"2026-02-04T12:13:32","guid":{"rendered":"https:\/\/staging.swizzle.se\/?post_type=product&#038;p=296614"},"modified":"2026-02-04T12:19:37","modified_gmt":"2026-02-04T12:19:37","slug":"cali-terpenes-gorilla-glue-1ml","status":"publish","type":"product","link":"https:\/\/staging.swizzle.se\/en\/product-2\/cali-terpenes-gorilla-glue-1ml\/","title":{"rendered":"Cali Terpenes Gorilla Glue"},"content":{"rendered":"<p><!-- SEO-optimerad produkttext: Cali Terpenes Super Lemon Haze Terpenprofil --><\/p>\n<article class=\"product-post super-lemon-haze-terpenes\">\n<header>\n<h1>Cali Terpenes Gorilla Glue 1ml<\/h1>\n<p>Cannabis-terpenprofilen Gorilla Glue (Sour Dubb x Chem Sister x Chocolate Diesel) fr\u00e5n Cali Terpenes anv\u00e4nds huvudsakligen f\u00f6r att ge karakteristiska cannabisaromer och smaker, samt \u00f6ka de gynnsamma egenskaperna hos alla typer av produkter s\u00e5som:<\/p>\n<p>Flytande vapingbaser (f\u00f6r att g\u00f6ra e-v\u00e4tskor)<br \/>\nCannabisextrakt och koncentrat (rosin, torrt, BHO, destillat etc.)<br \/>\nHampa- eller cannabisblommor<br \/>\n\u00c4tbara produkter och drycker; kolla in v\u00e5r katalog med livsmedelsklassade terpener<br \/>\nKosmetika och aromaterapi<br \/>\nDenna produkt inneh\u00e5ller inte cannabinoider: 0,00 % THC, CBD, etc. 100 % arom i flytande form.<\/p>\n<\/header>\n<section>\n<h2>Anv\u00e4ndningsomr\u00e5den<\/h2>\n<p>Gorilla Glue terpenprofilen kan anv\u00e4ndas f\u00f6r att berika doft och smak i en rad olika produktkategorier, bland annat:<\/p>\n<ul>\n<li>V\u00e4tskor f\u00f6r f\u00f6r\u00e5ngning (t.ex. e-v\u00e4tskor)<\/li>\n<li>Extrakts- och koncentratprodukter<\/li>\n<li>Hampa- eller cannabisblommor<\/li>\n<li>Livsmedel och drycker \u2013 livsmedelsgodk\u00e4nda terpener finns i sortimentet<\/li>\n<li>Kosmetika och aromaterapi<\/li>\n<\/ul>\n<\/section>\n<section>\n<h2>Produktinformation<\/h2>\n<ul>\n<li><strong>Profil:<\/strong> Gorilla glue<\/li>\n<li><strong>Inneh\u00e5ll:<\/strong> 100 % arom, flytande form<\/li>\n<li><strong>Cannabinoider:<\/strong> 0,00 % THC, CBD eller andra cannabinoider<\/li>\n<li><strong>Tillverkare:<\/strong> Cali Terpenes<\/li>\n<\/ul>\n<p>Se \u00e4ven:\u00a0<a href=\"https:\/\/staging.swizzle.se\/en\/product-2\/cali-terpenes-blue-dream-1ml\/\">Cali Terpenes Blue Dream 1ml<\/a><\/p>\n<\/section>\n<section>\n<h2>F\u00f6rdelar med Gorilla Glue Terpenprofil<\/h2>\n<p>Genom att anv\u00e4nda denna terpenprofil kan du bevara eller framh\u00e4va unika aromer i dina produkter.<br \/>\nTerpenerna \u00e4r framst\u00e4llda enligt h\u00f6ga kvalitetsstandarder och \u00e4r anpassade f\u00f6r b\u00e5de kommersiella och kreativa till\u00e4mpningar.<\/p>\n<\/section>\n<footer><\/footer>\n<\/article>\n<article class=\"product-post cali-terpenes-obama-runtz\">\n<header><\/header>\n<footer><\/footer>\n<\/article>\n<p>Du m\u00e5ste vara minst 18 \u00e5r f\u00f6r att k\u00f6pa denna produkt. Den \u00e4r inte avsedd som l\u00e4kemedel, kosttillskott eller naturprodukt. Vi uppmuntrar inte till konsumtion eller r\u00f6kning av produkten. F\u00f6rvara den utom r\u00e4ckh\u00e5ll f\u00f6r barn. Vi friskriver oss fr\u00e5n hur du som kund anv\u00e4nder v\u00e5ra produkter. Vi s\u00e4ljer dem f\u00f6r samlings- och prydnadssyften.<\/p>","protected":false},"excerpt":{"rendered":"<p><strong>Cali Terpenes Gorilla Glue 1ml<\/strong><\/p>\n<p>Cannabis-terpenprofilen Gorilla Glue (Sour Dubb x Chem Sister x Chocolate Diesel) fr\u00e5n Cali Terpenes anv\u00e4nds huvudsakligen f\u00f6r att ge karakteristiska cannabisaromer och smaker, samt \u00f6ka de gynnsamma egenskaperna hos alla typer av produkter s\u00e5som:<\/p>\n<p>Flytande vapingbaser (f\u00f6r att g\u00f6ra e-v\u00e4tskor)<br \/>\nCannabisextrakt och koncentrat (rosin, torrt, BHO, destillat etc.)<br \/>\nHampa- eller cannabisblommor<br \/>\n\u00c4tbara produkter och drycker; kolla in v\u00e5r katalog med livsmedelsklassade terpener<br \/>\nKosmetika och aromaterapi<br \/>\nDenna produkt inneh\u00e5ller inte cannabinoider: 0,00 % THC, CBD, etc. 100 % arom i flytande form.<\/p>","protected":false},"featured_media":296615,"comment_status":"open","ping_status":"closed","template":"","meta":{"site-sidebar-layout":"default","site-content-layout":"","ast-site-content-layout":"default","site-content-style":"default","site-sidebar-style":"default","ast-global-header-display":"","ast-banner-title-visibility":"","ast-main-header-display":"","ast-hfb-above-header-display":"","ast-hfb-below-header-display":"","ast-hfb-mobile-header-display":"","site-post-title":"","ast-breadcrumbs-content":"","ast-featured-img":"","footer-sml-layout":"","ast-disable-related-posts":"","theme-transparent-header-meta":"default","adv-header-id-meta":"","stick-header-meta":"default","header-above-stick-meta":"","header-main-stick-meta":"","header-below-stick-meta":"","astra-migrate-meta-layouts":"set","ast-page-background-enabled":"default","ast-page-background-meta":{"desktop":{"background-color":"var(--ast-global-color-4)","background-image":"","background-repeat":"repeat","background-position":"center center","background-size":"auto","background-attachment":"scroll","background-type":"","background-media":"","overlay-type":"","overlay-color":"","overlay-opacity":"","overlay-gradient":""},"tablet":{"background-color":"","background-image":"","background-repeat":"repeat","background-position":"center center","background-size":"auto","background-attachment":"scroll","background-type":"","background-media":"","overlay-type":"","overlay-color":"","overlay-opacity":"","overlay-gradient":""},"mobile":{"background-color":"","background-image":"","background-repeat":"repeat","background-position":"center center","background-size":"auto","background-attachment":"scroll","background-type":"","background-media":"","overlay-type":"","overlay-color":"","overlay-opacity":"","overlay-gradient":""}},"ast-content-background-meta":{"desktop":{"background-color":"var(--ast-global-color-5)","background-image":"","background-repeat":"repeat","background-position":"center center","background-size":"auto","background-attachment":"scroll","background-type":"","background-media":"","overlay-type":"","overlay-color":"","overlay-opacity":"","overlay-gradient":""},"tablet":{"background-color":"var(--ast-global-color-5)","background-image":"","background-repeat":"repeat","background-position":"center center","background-size":"auto","background-attachment":"scroll","background-type":"","background-media":"","overlay-type":"","overlay-color":"","overlay-opacity":"","overlay-gradient":""},"mobile":{"background-color":"var(--ast-global-color-5)","background-image":"","background-repeat":"repeat","background-position":"center center","background-size":"auto","background-attachment":"scroll","background-type":"","background-media":"","overlay-type":"","overlay-color":"","overlay-opacity":"","overlay-gradient":""}}},"product_brand":[],"product_cat":[284,510],"product_tag":[],"superdeal":[],"product_variant_id":[],"class_list":{"0":"post-296614","1":"product","2":"type-product","3":"status-publish","4":"has-post-thumbnail","6":"product_cat-roktillbehor","7":"product_cat-terpener","8":"desktop-align-center","9":"tablet-align-left","10":"mobile-align-left","11":"ast-product-gallery-layout-horizontal-slider","12":"ast-product-gallery-with-no-image","13":"ast-magnify-disabled","14":"ast-product-tabs-layout-horizontal","16":"first","17":"instock","18":"taxable","19":"shipping-taxable","20":"purchasable","21":"product-type-simple"},"yoast_head":"<!-- This site is optimized with the Yoast SEO Premium plugin v26.9 (Yoast SEO v26.9) - https:\/\/yoast.com\/product\/yoast-seo-premium-wordpress\/ -->\n<title>Cali Terpenes Gorilla Glue 1ml<\/title>\n<meta name=\"description\" content=\"Cali Terpenes Gorilla Glue 1ml. En h\u00f6gkvalitativ blandning av naturliga terpener som f\u00e5ngar den autentiska doften och smaken av cannabis.\" \/>\n<meta name=\"robots\" content=\"noindex, follow, max-snippet:-1, max-image-preview:large, max-video-preview:-1\" \/>\n<meta property=\"og:locale\" content=\"en_GB\" \/>\n<meta property=\"og:type\" content=\"article\" \/>\n<meta property=\"og:title\" content=\"Cali Terpenes Gorilla Glue\" \/>\n<meta property=\"og:description\" content=\"Cali Terpenes Gorilla Glue 1ml. En h\u00f6gkvalitativ blandning av naturliga terpener som f\u00e5ngar den autentiska doften och smaken av cannabis.\" \/>\n<meta property=\"og:url\" content=\"https:\/\/www.swizzle.se\/produkt\/cali-terpenes-gorilla-glue-1ml\/\" \/>\n<meta property=\"og:site_name\" content=\"Swizzle\" \/>\n<meta property=\"article:modified_time\" content=\"2026-02-04T12:19:37+00:00\" \/>\n<meta property=\"og:image\" content=\"https:\/\/www.swizzle.se\/wp-content\/uploads\/2026\/02\/gorilla-glue.jpg\" \/>\n\t<meta property=\"og:image:width\" content=\"468\" \/>\n\t<meta property=\"og:image:height\" content=\"622\" \/>\n\t<meta property=\"og:image:type\" content=\"image\/jpeg\" \/>\n<meta name=\"twitter:card\" content=\"summary_large_image\" \/>\n<meta name=\"twitter:label1\" content=\"Price\" \/>\n\t<meta name=\"twitter:data1\" content=\"229.00&nbsp;&#107;&#114;\" \/>\n\t<meta name=\"twitter:label2\" content=\"Availability\" \/>\n\t<meta name=\"twitter:data2\" content=\"In stock\" \/>\n<script type=\"application\/ld+json\" class=\"yoast-schema-graph\">{\"@context\":\"https:\/\/schema.org\",\"@graph\":[{\"@type\":\"WebPage\",\"@id\":\"https:\/\/www.swizzle.se\/produkt\/cali-terpenes-gorilla-glue-1ml\/\",\"url\":\"https:\/\/www.swizzle.se\/produkt\/cali-terpenes-gorilla-glue-1ml\/\",\"name\":\"Cali Terpenes Gorilla Glue 1ml\",\"isPartOf\":{\"@id\":\"https:\/\/staging.swizzle.se\/#website\"},\"primaryImageOfPage\":{\"@id\":\"https:\/\/www.swizzle.se\/produkt\/cali-terpenes-gorilla-glue-1ml\/#primaryimage\"},\"image\":{\"@id\":\"https:\/\/www.swizzle.se\/produkt\/cali-terpenes-gorilla-glue-1ml\/#primaryimage\"},\"thumbnailUrl\":\"https:\/\/staging.swizzle.se\/wp-content\/uploads\/2026\/02\/gorilla-glue.jpg\",\"datePublished\":\"2026-02-04T12:13:32+00:00\",\"dateModified\":\"2026-02-04T12:19:37+00:00\",\"description\":\"Cali Terpenes Gorilla Glue 1ml. En h\u00f6gkvalitativ blandning av naturliga terpener som f\u00e5ngar den autentiska doften och smaken av cannabis.\",\"breadcrumb\":{\"@id\":\"https:\/\/www.swizzle.se\/produkt\/cali-terpenes-gorilla-glue-1ml\/#breadcrumb\"},\"inLanguage\":\"en-GB\",\"potentialAction\":[{\"@type\":\"ReadAction\",\"target\":[\"https:\/\/www.swizzle.se\/produkt\/cali-terpenes-gorilla-glue-1ml\/\"]}]},{\"@type\":\"ImageObject\",\"inLanguage\":\"en-GB\",\"@id\":\"https:\/\/www.swizzle.se\/produkt\/cali-terpenes-gorilla-glue-1ml\/#primaryimage\",\"url\":\"https:\/\/staging.swizzle.se\/wp-content\/uploads\/2026\/02\/gorilla-glue.jpg\",\"contentUrl\":\"https:\/\/staging.swizzle.se\/wp-content\/uploads\/2026\/02\/gorilla-glue.jpg\",\"width\":468,\"height\":622,\"caption\":\"Cali Terpenes Gorilla Glue 1ml\"},{\"@type\":\"BreadcrumbList\",\"@id\":\"https:\/\/www.swizzle.se\/produkt\/cali-terpenes-gorilla-glue-1ml\/#breadcrumb\",\"itemListElement\":[{\"@type\":\"ListItem\",\"position\":1,\"name\":\"Home\",\"item\":\"https:\/\/www.swizzle.se\/\"},{\"@type\":\"ListItem\",\"position\":2,\"name\":\"Shop\",\"item\":\"https:\/\/www.swizzle.se\/shop\/\"},{\"@type\":\"ListItem\",\"position\":3,\"name\":\"R\u00d6KTILLBEH\u00d6R\",\"item\":\"https:\/\/www.swizzle.se\/produkt-kategori\/roktillbehor\/\"},{\"@type\":\"ListItem\",\"position\":4,\"name\":\"Cali Terpenes Gorilla Glue\"}]},{\"@type\":\"WebSite\",\"@id\":\"https:\/\/staging.swizzle.se\/#website\",\"url\":\"https:\/\/staging.swizzle.se\/\",\"name\":\"Swizzle\",\"description\":\"Nikotin CBD Vapes Snus White Portion\",\"publisher\":{\"@id\":\"https:\/\/staging.swizzle.se\/#organization\"},\"potentialAction\":[{\"@type\":\"SearchAction\",\"target\":{\"@type\":\"EntryPoint\",\"urlTemplate\":\"https:\/\/staging.swizzle.se\/?s={search_term_string}\"},\"query-input\":{\"@type\":\"PropertyValueSpecification\",\"valueRequired\":true,\"valueName\":\"search_term_string\"}}],\"inLanguage\":\"en-GB\"},{\"@type\":\"Organization\",\"@id\":\"https:\/\/staging.swizzle.se\/#organization\",\"name\":\"Swizzle\",\"url\":\"https:\/\/staging.swizzle.se\/\",\"logo\":{\"@type\":\"ImageObject\",\"inLanguage\":\"en-GB\",\"@id\":\"https:\/\/staging.swizzle.se\/#\/schema\/logo\/image\/\",\"url\":\"https:\/\/staging.swizzle.se\/wp-content\/uploads\/2025\/10\/cropped-SWIZZLE.-4.png\",\"contentUrl\":\"https:\/\/staging.swizzle.se\/wp-content\/uploads\/2025\/10\/cropped-SWIZZLE.-4.png\",\"width\":800,\"height\":267,\"caption\":\"Swizzle\"},\"image\":{\"@id\":\"https:\/\/staging.swizzle.se\/#\/schema\/logo\/image\/\"},\"hasMerchantReturnPolicy\":{\"@type\":\"MerchantReturnPolicy\",\"merchantReturnLink\":\"https:\/\/staging.swizzle.se\/en\/villkor\/\"}}]}<\/script>\n<meta property=\"product:price:amount\" content=\"229.00\" \/>\n<meta property=\"product:price:currency\" content=\"SEK\" \/>\n<meta property=\"og:availability\" content=\"instock\" \/>\n<meta property=\"product:availability\" content=\"instock\" \/>\n<meta property=\"product:retailer_item_id\" content=\"CTgirlscoutc-1\" \/>\n<meta property=\"product:condition\" content=\"new\" \/>\n<!-- \/ Yoast SEO Premium plugin. -->","yoast_head_json":{"title":"Cali Terpenes Gorilla Glue 1ml","description":"Cali Terpenes Gorilla Glue 1ml. En h\u00f6gkvalitativ blandning av naturliga terpener som f\u00e5ngar den autentiska doften och smaken av cannabis.","robots":{"index":"noindex","follow":"follow","max-snippet":"max-snippet:-1","max-image-preview":"max-image-preview:large","max-video-preview":"max-video-preview:-1"},"og_locale":"en_GB","og_type":"article","og_title":"Cali Terpenes Gorilla Glue","og_description":"Cali Terpenes Gorilla Glue 1ml. En h\u00f6gkvalitativ blandning av naturliga terpener som f\u00e5ngar den autentiska doften och smaken av cannabis.","og_url":"https:\/\/www.swizzle.se\/produkt\/cali-terpenes-gorilla-glue-1ml\/","og_site_name":"Swizzle","article_modified_time":"2026-02-04T12:19:37+00:00","og_image":[{"width":468,"height":622,"url":"https:\/\/www.swizzle.se\/wp-content\/uploads\/2026\/02\/gorilla-glue.jpg","type":"image\/jpeg"}],"twitter_card":"summary_large_image","twitter_misc":{"Price":"229.00&nbsp;&#107;&#114;","Availability":"In stock"},"schema":{"@context":"https:\/\/schema.org","@graph":[{"@type":"WebPage","@id":"https:\/\/www.swizzle.se\/produkt\/cali-terpenes-gorilla-glue-1ml\/","url":"https:\/\/www.swizzle.se\/produkt\/cali-terpenes-gorilla-glue-1ml\/","name":"Cali Terpenes Gorilla Glue 1ml","isPartOf":{"@id":"https:\/\/staging.swizzle.se\/#website"},"primaryImageOfPage":{"@id":"https:\/\/www.swizzle.se\/produkt\/cali-terpenes-gorilla-glue-1ml\/#primaryimage"},"image":{"@id":"https:\/\/www.swizzle.se\/produkt\/cali-terpenes-gorilla-glue-1ml\/#primaryimage"},"thumbnailUrl":"https:\/\/staging.swizzle.se\/wp-content\/uploads\/2026\/02\/gorilla-glue.jpg","datePublished":"2026-02-04T12:13:32+00:00","dateModified":"2026-02-04T12:19:37+00:00","description":"Cali Terpenes Gorilla Glue 1ml. En h\u00f6gkvalitativ blandning av naturliga terpener som f\u00e5ngar den autentiska doften och smaken av cannabis.","breadcrumb":{"@id":"https:\/\/www.swizzle.se\/produkt\/cali-terpenes-gorilla-glue-1ml\/#breadcrumb"},"inLanguage":"en-GB","potentialAction":[{"@type":"ReadAction","target":["https:\/\/www.swizzle.se\/produkt\/cali-terpenes-gorilla-glue-1ml\/"]}]},{"@type":"ImageObject","inLanguage":"en-GB","@id":"https:\/\/www.swizzle.se\/produkt\/cali-terpenes-gorilla-glue-1ml\/#primaryimage","url":"https:\/\/staging.swizzle.se\/wp-content\/uploads\/2026\/02\/gorilla-glue.jpg","contentUrl":"https:\/\/staging.swizzle.se\/wp-content\/uploads\/2026\/02\/gorilla-glue.jpg","width":468,"height":622,"caption":"Cali Terpenes Gorilla Glue 1ml"},{"@type":"BreadcrumbList","@id":"https:\/\/www.swizzle.se\/produkt\/cali-terpenes-gorilla-glue-1ml\/#breadcrumb","itemListElement":[{"@type":"ListItem","position":1,"name":"Home","item":"https:\/\/www.swizzle.se\/"},{"@type":"ListItem","position":2,"name":"Shop","item":"https:\/\/www.swizzle.se\/shop\/"},{"@type":"ListItem","position":3,"name":"R\u00d6KTILLBEH\u00d6R","item":"https:\/\/www.swizzle.se\/produkt-kategori\/roktillbehor\/"},{"@type":"ListItem","position":4,"name":"Cali Terpenes Gorilla Glue"}]},{"@type":"WebSite","@id":"https:\/\/staging.swizzle.se\/#website","url":"https:\/\/staging.swizzle.se\/","name":"Swizzle","description":"Nicotine CBD Vapes Snus White Portion","publisher":{"@id":"https:\/\/staging.swizzle.se\/#organization"},"potentialAction":[{"@type":"SearchAction","target":{"@type":"EntryPoint","urlTemplate":"https:\/\/staging.swizzle.se\/?s={search_term_string}"},"query-input":{"@type":"PropertyValueSpecification","valueRequired":true,"valueName":"search_term_string"}}],"inLanguage":"en-GB"},{"@type":"Organization","@id":"https:\/\/staging.swizzle.se\/#organization","name":"Swizzle","url":"https:\/\/staging.swizzle.se\/","logo":{"@type":"ImageObject","inLanguage":"en-GB","@id":"https:\/\/staging.swizzle.se\/#\/schema\/logo\/image\/","url":"https:\/\/staging.swizzle.se\/wp-content\/uploads\/2025\/10\/cropped-SWIZZLE.-4.png","contentUrl":"https:\/\/staging.swizzle.se\/wp-content\/uploads\/2025\/10\/cropped-SWIZZLE.-4.png","width":800,"height":267,"caption":"Swizzle"},"image":{"@id":"https:\/\/staging.swizzle.se\/#\/schema\/logo\/image\/"},"hasMerchantReturnPolicy":{"@type":"MerchantReturnPolicy","merchantReturnLink":"https:\/\/staging.swizzle.se\/en\/villkor\/"}}]},"product_price_amount":"229.00","product_price_currency":"SEK","og_availability":"instock","product_availability":"instock","product_retailer_item_id":"CTgirlscoutc-1","product_condition":"new"},"tiered_pricing_type":"fixed","tiered_pricing_fixed_rules":[],"tiered_pricing_product_settings":{"layout":"default","base_unit_name":{"singular":null,"plural":null},"default_variation":null},"tiered_pricing_minimum_quantity":null,"tiered_pricing_roles_data":[],"tiered_pricing_percentage_rules":[],"tiered_pricing_maximum_quantity":null,"tiered_pricing_quantity_step":null,"_links":{"self":[{"href":"https:\/\/staging.swizzle.se\/en\/wp-json\/wp\/v2\/product\/296614","targetHints":{"allow":["GET"]}}],"collection":[{"href":"https:\/\/staging.swizzle.se\/en\/wp-json\/wp\/v2\/product"}],"about":[{"href":"https:\/\/staging.swizzle.se\/en\/wp-json\/wp\/v2\/types\/product"}],"replies":[{"embeddable":true,"href":"https:\/\/staging.swizzle.se\/en\/wp-json\/wp\/v2\/comments?post=296614"}],"version-history":[{"count":0,"href":"https:\/\/staging.swizzle.se\/en\/wp-json\/wp\/v2\/product\/296614\/revisions"}],"wp:featuredmedia":[{"embeddable":true,"href":"https:\/\/staging.swizzle.se\/en\/wp-json\/wp\/v2\/media\/296615"}],"wp:attachment":[{"href":"https:\/\/staging.swizzle.se\/en\/wp-json\/wp\/v2\/media?parent=296614"}],"wp:term":[{"taxonomy":"product_brand","embeddable":true,"href":"https:\/\/staging.swizzle.se\/en\/wp-json\/wp\/v2\/product_brand?post=296614"},{"taxonomy":"product_cat","embeddable":true,"href":"https:\/\/staging.swizzle.se\/en\/wp-json\/wp\/v2\/product_cat?post=296614"},{"taxonomy":"product_tag","embeddable":true,"href":"https:\/\/staging.swizzle.se\/en\/wp-json\/wp\/v2\/product_tag?post=296614"},{"taxonomy":"superdeal","embeddable":true,"href":"https:\/\/staging.swizzle.se\/en\/wp-json\/wp\/v2\/superdeal?post=296614"},{"taxonomy":"product_variant_id","embeddable":true,"href":"https:\/\/staging.swizzle.se\/en\/wp-json\/wp\/v2\/product_variant_id?post=296614"}],"curies":[{"name":"wp","href":"https:\/\/api.w.org\/{rel}","templated":true}]}}