{"id":296497,"date":"2026-02-03T09:48:19","date_gmt":"2026-02-03T09:48:19","guid":{"rendered":"https:\/\/staging.swizzle.se\/?post_type=product&#038;p=296497"},"modified":"2026-02-04T13:40:58","modified_gmt":"2026-02-04T13:40:58","slug":"superdeal-5st-magic-sauce-vapes-99-magic-farmers","status":"publish","type":"product","link":"https:\/\/staging.swizzle.se\/en\/product-2\/superdeal-5st-magic-sauce-vapes-99-magic-farmers\/","title":{"rendered":"SUPERDEAL! 5st Magic Sauce vapes 99% &#8211; Magic Farmers"},"content":{"rendered":"<div class=\"woocommerce-tabs wc-tabs-wrapper\">\n<div id=\"tab-description\" class=\"woocommerce-Tabs-panel woocommerce-Tabs-panel--description panel entry-content wc-tab\" role=\"tabpanel\" aria-labelledby=\"tab-title-description\">\n<h2>SUPERDEAL! 5st Magic Sauce vapes 99% &#8211; Magic Farmers<\/h2>\n<p>Uppt\u00e4ck Magic Sauce \u2013 eng\u00e5ngsvape som tar din samling till n\u00e4sta niv\u00e5 med intensiva och unika aromprofiler. Varje 2 ml vape \u00e4r fylld med h\u00f6gkvalitativa aromer som ger en distinkt och karakt\u00e4rsfull upplevelse.<\/p>\n<h2>Varf\u00f6r Magic Sauce?<\/h2>\n<p>Varje vape \u00e4r 2ml kompakt och l\u00e4tt att hantera, perfekt f\u00f6r samlare som vill ha n\u00e5got unikt i sin samling. Den tydliga identiteten och starka karakt\u00e4ren hos varje smak g\u00f6r dem till ett blickf\u00e5ng och ger en upplevelse som sticker ut fr\u00e5n m\u00e4ngden.<\/p>\n<h2>Utforska fler aromprodukter<\/h2>\n<p>Uppt\u00e4ck fler produkter som passar din samling och komplettera med andra premium cartridges och aromprodukter:<\/p>\n<ul>\n<li><a href=\"https:\/\/staging.swizzle.se\/en\/product-category\/vapes\/\" target=\"_blank\" rel=\"noopener\">Alla vapes &amp; cartridges<\/a><\/li>\n<li><a href=\"https:\/\/staging.swizzle.se\/en\/product-category\/vapes\/cartridges\/\" target=\"_blank\" rel=\"noopener\">Cartridges &amp; arompatroner<\/a><\/li>\n<li><a href=\"https:\/\/staging.swizzle.se\/en\/product-category\/roktillbehor\/\" target=\"_blank\" rel=\"noopener\">Andra R\u00f6ktillbeh\u00f6r<\/a><\/li>\n<\/ul>\n<p><em>Obs!<br \/>\nDu m\u00e5ste vara minst 18 \u00e5r f\u00f6r att k\u00f6pa denna produkt. Den \u00e4r inte avsedd som l\u00e4kemedel, kosttillskott eller naturprodukt. Vi uppmuntrar inte till konsumtion eller r\u00f6kning av produkten. F\u00f6rvara den utom r\u00e4ckh\u00e5ll f\u00f6r barn. Vi friskriver oss fr\u00e5n hur du som kund anv\u00e4nder v\u00e5ra produkter. Vi s\u00e4ljer dem f\u00f6r samlings- och prydnadssyften.<\/em><\/p>\n<p>Popul\u00e4ra smaker:<\/p>\n<p><a href=\"https:\/\/staging.swizzle.se\/en\/product-2\/thca-vape-99-magic-farmers\/\">THCA Vape 99% Magic Farmers Cherry Sour<\/a><\/p>\n<p><a href=\"https:\/\/staging.swizzle.se\/en\/product-2\/thca-vape-99-magic-farmers-kiwi-sorbet\/\">THCA Vape 99% Magic Farmers Kiwi Sorbet<\/a><\/p>\n<p>Se hela kategorin h\u00e4r:\u00a0<a href=\"http:\/\/staging.swizzle.se\/en\/product-category\/thca-2\/thca-vapes\/\">H\u00c4R<\/a><\/p>\n<p>&nbsp;<\/p>\n<p>Obs!<br \/>\nDu m\u00e5ste vara minst 18 \u00e5r f\u00f6r att k\u00f6pa denna produkt. Den \u00e4r inte avsedd som l\u00e4kemedel, kosttillskott eller naturprodukt. Vi uppmuntrar inte till konsumtion eller r\u00f6kning av produkten. F\u00f6rvara den utom r\u00e4ckh\u00e5ll f\u00f6r barn.Vi friskriver oss fr\u00e5n hur du som kund anv\u00e4nder v\u00e5ra produkter. Vi s\u00e4ljer dem f\u00f6r samlings- och prydnadssyften.<\/p>\n<\/div>\n<\/div>","protected":false},"excerpt":{"rendered":"<h1>SUPERDEAL! 5st Magic Sauce vapes 99% &#8211; Magic Farmers<\/h1>\n<p>Passa p\u00e5 denna superdeal,<strong> 5st<\/strong> Magic Sauce vapes fr\u00e5n Magic Farmers f\u00f6r endast <strong>1919kr <\/strong>( 49% rabatt).<\/p>\n<p><strong>SKRIV VILKA SMAKER DU VILL HA I KASSAN.\u00a0<\/strong>Vi skickar efter tillg\u00e5ng! Om n\u00e5gon smak du \u00f6nskar saknas s\u00e5 ers\u00e4tter vi den med en annan.<\/p>\n<p>Smaker:<\/p>\n<p>Gorilla Cookies<\/p>\n<p>Samurai Jack<br \/>\nYoda Ice Cream<br \/>\nCrazy Dog<br \/>\nHigh Pepito<\/p>\n<p>&nbsp;<\/p>\n<p>&nbsp;<\/p>\n<p>&nbsp;<\/p>\n<p><strong>Specifikationer:<br \/>\n<\/strong><\/p>\n<ul>\n<li><strong>Kapacitet:<\/strong> 2 ml \/vape<\/li>\n<li><strong>Puffs:<\/strong> Upp till 1000 \/vape<\/li>\n<li><strong>Inneh\u00e5ll:<\/strong>\u00a099% THCA, fr\u00e5n isolat<\/li>\n<li><strong>THC-fri<\/strong><\/li>\n<\/ul>","protected":false},"featured_media":296499,"comment_status":"open","ping_status":"closed","template":"","meta":{"site-sidebar-layout":"default","site-content-layout":"","ast-site-content-layout":"default","site-content-style":"default","site-sidebar-style":"default","ast-global-header-display":"","ast-banner-title-visibility":"","ast-main-header-display":"","ast-hfb-above-header-display":"","ast-hfb-below-header-display":"","ast-hfb-mobile-header-display":"","site-post-title":"","ast-breadcrumbs-content":"","ast-featured-img":"","footer-sml-layout":"","ast-disable-related-posts":"","theme-transparent-header-meta":"default","adv-header-id-meta":"","stick-header-meta":"default","header-above-stick-meta":"","header-main-stick-meta":"","header-below-stick-meta":"","astra-migrate-meta-layouts":"set","ast-page-background-enabled":"default","ast-page-background-meta":{"desktop":{"background-color":"var(--ast-global-color-4)","background-image":"","background-repeat":"repeat","background-position":"center center","background-size":"auto","background-attachment":"scroll","background-type":"","background-media":"","overlay-type":"","overlay-color":"","overlay-opacity":"","overlay-gradient":""},"tablet":{"background-color":"","background-image":"","background-repeat":"repeat","background-position":"center center","background-size":"auto","background-attachment":"scroll","background-type":"","background-media":"","overlay-type":"","overlay-color":"","overlay-opacity":"","overlay-gradient":""},"mobile":{"background-color":"","background-image":"","background-repeat":"repeat","background-position":"center center","background-size":"auto","background-attachment":"scroll","background-type":"","background-media":"","overlay-type":"","overlay-color":"","overlay-opacity":"","overlay-gradient":""}},"ast-content-background-meta":{"desktop":{"background-color":"var(--ast-global-color-5)","background-image":"","background-repeat":"repeat","background-position":"center center","background-size":"auto","background-attachment":"scroll","background-type":"","background-media":"","overlay-type":"","overlay-color":"","overlay-opacity":"","overlay-gradient":""},"tablet":{"background-color":"var(--ast-global-color-5)","background-image":"","background-repeat":"repeat","background-position":"center center","background-size":"auto","background-attachment":"scroll","background-type":"","background-media":"","overlay-type":"","overlay-color":"","overlay-opacity":"","overlay-gradient":""},"mobile":{"background-color":"var(--ast-global-color-5)","background-image":"","background-repeat":"repeat","background-position":"center center","background-size":"auto","background-attachment":"scroll","background-type":"","background-media":"","overlay-type":"","overlay-color":"","overlay-opacity":"","overlay-gradient":""}}},"product_brand":[756],"product_cat":[338,509,656,671],"product_tag":[],"superdeal":[],"product_variant_id":[],"class_list":{"0":"post-296497","1":"product","2":"type-product","3":"status-publish","4":"has-post-thumbnail","6":"product_brand-magic-farmers","7":"product_cat-deals","8":"product_cat-magic-sauce","9":"product_cat-magic-sauce-vapes","10":"product_cat-superdeals","11":"desktop-align-center","12":"tablet-align-left","13":"mobile-align-left","14":"ast-product-gallery-layout-horizontal-slider","15":"ast-product-gallery-with-no-image","16":"ast-magnify-disabled","17":"ast-product-tabs-layout-horizontal","19":"first","20":"instock","21":"sale","22":"taxable","23":"shipping-taxable","24":"purchasable","25":"product-type-simple"},"yoast_head":"<!-- This site is optimized with the Yoast SEO Premium plugin v26.9 (Yoast SEO v26.9) - https:\/\/yoast.com\/product\/yoast-seo-premium-wordpress\/ -->\n<title>SUPERDEAL! 5st Magic Sauce vapes 99% - Magic Farmers<\/title>\n<meta name=\"description\" content=\"SUPERDEAL! 5st THCA vapes 99% - Magic Farmers. Passa p\u00e5 denna superdeal, 5st THCA vapes fr\u00e5n Magic Farmers. Passa p\u00e5, s\u00e4ljer snabbt slut.\" \/>\n<meta name=\"robots\" content=\"noindex, follow, max-snippet:-1, max-image-preview:large, max-video-preview:-1\" \/>\n<meta property=\"og:locale\" content=\"en_GB\" \/>\n<meta property=\"og:type\" content=\"article\" \/>\n<meta property=\"og:title\" content=\"SUPERDEAL! 5st Magic Sauce vapes 99% - Magic Farmers\" \/>\n<meta property=\"og:description\" content=\"SUPERDEAL! 5st THCA vapes 99% - Magic Farmers. Passa p\u00e5 denna superdeal, 5st THCA vapes fr\u00e5n Magic Farmers. Passa p\u00e5, s\u00e4ljer snabbt slut.\" \/>\n<meta property=\"og:url\" content=\"https:\/\/www.swizzle.se\/produkt\/superdeal-5st-magic-sauce-vapes-99-magic-farmers\/\" \/>\n<meta property=\"og:site_name\" content=\"Swizzle\" \/>\n<meta property=\"article:modified_time\" content=\"2026-02-04T13:40:58+00:00\" \/>\n<meta property=\"og:image\" content=\"https:\/\/www.swizzle.se\/wp-content\/uploads\/2026\/02\/Magic-Sauce-Vapes-Superdeal-5st.jpg\" \/>\n\t<meta property=\"og:image:width\" content=\"600\" \/>\n\t<meta property=\"og:image:height\" content=\"600\" \/>\n\t<meta property=\"og:image:type\" content=\"image\/jpeg\" \/>\n<meta name=\"twitter:card\" content=\"summary_large_image\" \/>\n<meta name=\"twitter:label1\" content=\"Price\" \/>\n\t<meta name=\"twitter:data1\" content=\"1 ,919.00&nbsp;&#107;&#114;\" \/>\n\t<meta name=\"twitter:label2\" content=\"Availability\" \/>\n\t<meta name=\"twitter:data2\" content=\"In stock\" \/>\n<script type=\"application\/ld+json\" class=\"yoast-schema-graph\">{\"@context\":\"https:\/\/schema.org\",\"@graph\":[{\"@type\":\"WebPage\",\"@id\":\"https:\/\/www.swizzle.se\/produkt\/superdeal-5st-magic-sauce-vapes-99-magic-farmers\/\",\"url\":\"https:\/\/www.swizzle.se\/produkt\/superdeal-5st-magic-sauce-vapes-99-magic-farmers\/\",\"name\":\"SUPERDEAL! 5st Magic Sauce vapes 99% - Magic Farmers\",\"isPartOf\":{\"@id\":\"https:\/\/staging.swizzle.se\/#website\"},\"primaryImageOfPage\":{\"@id\":\"https:\/\/www.swizzle.se\/produkt\/superdeal-5st-magic-sauce-vapes-99-magic-farmers\/#primaryimage\"},\"image\":{\"@id\":\"https:\/\/www.swizzle.se\/produkt\/superdeal-5st-magic-sauce-vapes-99-magic-farmers\/#primaryimage\"},\"thumbnailUrl\":\"https:\/\/staging.swizzle.se\/wp-content\/uploads\/2026\/02\/Magic-Sauce-Vapes-Superdeal-5st.jpg\",\"datePublished\":\"2026-02-03T09:48:19+00:00\",\"dateModified\":\"2026-02-04T13:40:58+00:00\",\"description\":\"SUPERDEAL! 5st THCA vapes 99% - Magic Farmers. Passa p\u00e5 denna superdeal, 5st THCA vapes fr\u00e5n Magic Farmers. Passa p\u00e5, s\u00e4ljer snabbt slut.\",\"breadcrumb\":{\"@id\":\"https:\/\/www.swizzle.se\/produkt\/superdeal-5st-magic-sauce-vapes-99-magic-farmers\/#breadcrumb\"},\"inLanguage\":\"en-GB\",\"potentialAction\":[{\"@type\":\"ReadAction\",\"target\":[\"https:\/\/www.swizzle.se\/produkt\/superdeal-5st-magic-sauce-vapes-99-magic-farmers\/\"]}]},{\"@type\":\"ImageObject\",\"inLanguage\":\"en-GB\",\"@id\":\"https:\/\/www.swizzle.se\/produkt\/superdeal-5st-magic-sauce-vapes-99-magic-farmers\/#primaryimage\",\"url\":\"https:\/\/staging.swizzle.se\/wp-content\/uploads\/2026\/02\/Magic-Sauce-Vapes-Superdeal-5st.jpg\",\"contentUrl\":\"https:\/\/staging.swizzle.se\/wp-content\/uploads\/2026\/02\/Magic-Sauce-Vapes-Superdeal-5st.jpg\",\"width\":600,\"height\":600,\"caption\":\"Superdeal 5st Magic Sauce Vapes\"},{\"@type\":\"BreadcrumbList\",\"@id\":\"https:\/\/www.swizzle.se\/produkt\/superdeal-5st-magic-sauce-vapes-99-magic-farmers\/#breadcrumb\",\"itemListElement\":[{\"@type\":\"ListItem\",\"position\":1,\"name\":\"Home\",\"item\":\"https:\/\/www.swizzle.se\/\"},{\"@type\":\"ListItem\",\"position\":2,\"name\":\"Shop\",\"item\":\"https:\/\/www.swizzle.se\/shop\/\"},{\"@type\":\"ListItem\",\"position\":3,\"name\":\"DEALS\",\"item\":\"https:\/\/www.swizzle.se\/produkt-kategori\/deals\/\"},{\"@type\":\"ListItem\",\"position\":4,\"name\":\"SUPERDEAL! 5st Magic Sauce vapes 99% &#8211; Magic Farmers\"}]},{\"@type\":\"WebSite\",\"@id\":\"https:\/\/staging.swizzle.se\/#website\",\"url\":\"https:\/\/staging.swizzle.se\/\",\"name\":\"Swizzle\",\"description\":\"Nikotin CBD Vapes Snus White Portion\",\"publisher\":{\"@id\":\"https:\/\/staging.swizzle.se\/#organization\"},\"potentialAction\":[{\"@type\":\"SearchAction\",\"target\":{\"@type\":\"EntryPoint\",\"urlTemplate\":\"https:\/\/staging.swizzle.se\/?s={search_term_string}\"},\"query-input\":{\"@type\":\"PropertyValueSpecification\",\"valueRequired\":true,\"valueName\":\"search_term_string\"}}],\"inLanguage\":\"en-GB\"},{\"@type\":\"Organization\",\"@id\":\"https:\/\/staging.swizzle.se\/#organization\",\"name\":\"Swizzle\",\"url\":\"https:\/\/staging.swizzle.se\/\",\"logo\":{\"@type\":\"ImageObject\",\"inLanguage\":\"en-GB\",\"@id\":\"https:\/\/staging.swizzle.se\/#\/schema\/logo\/image\/\",\"url\":\"https:\/\/staging.swizzle.se\/wp-content\/uploads\/2025\/10\/cropped-SWIZZLE.-4.png\",\"contentUrl\":\"https:\/\/staging.swizzle.se\/wp-content\/uploads\/2025\/10\/cropped-SWIZZLE.-4.png\",\"width\":800,\"height\":267,\"caption\":\"Swizzle\"},\"image\":{\"@id\":\"https:\/\/staging.swizzle.se\/#\/schema\/logo\/image\/\"},\"hasMerchantReturnPolicy\":{\"@type\":\"MerchantReturnPolicy\",\"merchantReturnLink\":\"https:\/\/staging.swizzle.se\/en\/villkor\/\"}}]}<\/script>\n<meta property=\"product:price:amount\" content=\"1919.00\" \/>\n<meta property=\"product:price:currency\" content=\"SEK\" \/>\n<meta property=\"og:availability\" content=\"instock\" \/>\n<meta property=\"product:availability\" content=\"instock\" \/>\n<meta property=\"product:retailer_item_id\" content=\"dealvapesMS5\" \/>\n<meta property=\"product:condition\" content=\"new\" \/>\n<!-- \/ Yoast SEO Premium plugin. -->","yoast_head_json":{"title":"SUPERDEAL! 5st Magic Sauce vapes 99% - Magic Farmers","description":"SUPERDEAL! 5st THCA vapes 99% - Magic Farmers. Passa p\u00e5 denna superdeal, 5st THCA vapes fr\u00e5n Magic Farmers. Passa p\u00e5, s\u00e4ljer snabbt slut.","robots":{"index":"noindex","follow":"follow","max-snippet":"max-snippet:-1","max-image-preview":"max-image-preview:large","max-video-preview":"max-video-preview:-1"},"og_locale":"en_GB","og_type":"article","og_title":"SUPERDEAL! 5st Magic Sauce vapes 99% - Magic Farmers","og_description":"SUPERDEAL! 5st THCA vapes 99% - Magic Farmers. Passa p\u00e5 denna superdeal, 5st THCA vapes fr\u00e5n Magic Farmers. Passa p\u00e5, s\u00e4ljer snabbt slut.","og_url":"https:\/\/www.swizzle.se\/produkt\/superdeal-5st-magic-sauce-vapes-99-magic-farmers\/","og_site_name":"Swizzle","article_modified_time":"2026-02-04T13:40:58+00:00","og_image":[{"width":600,"height":600,"url":"https:\/\/www.swizzle.se\/wp-content\/uploads\/2026\/02\/Magic-Sauce-Vapes-Superdeal-5st.jpg","type":"image\/jpeg"}],"twitter_card":"summary_large_image","twitter_misc":{"Price":"1 ,919.00&nbsp;&#107;&#114;","Availability":"In stock"},"schema":{"@context":"https:\/\/schema.org","@graph":[{"@type":"WebPage","@id":"https:\/\/www.swizzle.se\/produkt\/superdeal-5st-magic-sauce-vapes-99-magic-farmers\/","url":"https:\/\/www.swizzle.se\/produkt\/superdeal-5st-magic-sauce-vapes-99-magic-farmers\/","name":"SUPERDEAL! 5st Magic Sauce vapes 99% - Magic Farmers","isPartOf":{"@id":"https:\/\/staging.swizzle.se\/#website"},"primaryImageOfPage":{"@id":"https:\/\/www.swizzle.se\/produkt\/superdeal-5st-magic-sauce-vapes-99-magic-farmers\/#primaryimage"},"image":{"@id":"https:\/\/www.swizzle.se\/produkt\/superdeal-5st-magic-sauce-vapes-99-magic-farmers\/#primaryimage"},"thumbnailUrl":"https:\/\/staging.swizzle.se\/wp-content\/uploads\/2026\/02\/Magic-Sauce-Vapes-Superdeal-5st.jpg","datePublished":"2026-02-03T09:48:19+00:00","dateModified":"2026-02-04T13:40:58+00:00","description":"SUPERDEAL! 5st THCA vapes 99% - Magic Farmers. Passa p\u00e5 denna superdeal, 5st THCA vapes fr\u00e5n Magic Farmers. Passa p\u00e5, s\u00e4ljer snabbt slut.","breadcrumb":{"@id":"https:\/\/www.swizzle.se\/produkt\/superdeal-5st-magic-sauce-vapes-99-magic-farmers\/#breadcrumb"},"inLanguage":"en-GB","potentialAction":[{"@type":"ReadAction","target":["https:\/\/www.swizzle.se\/produkt\/superdeal-5st-magic-sauce-vapes-99-magic-farmers\/"]}]},{"@type":"ImageObject","inLanguage":"en-GB","@id":"https:\/\/www.swizzle.se\/produkt\/superdeal-5st-magic-sauce-vapes-99-magic-farmers\/#primaryimage","url":"https:\/\/staging.swizzle.se\/wp-content\/uploads\/2026\/02\/Magic-Sauce-Vapes-Superdeal-5st.jpg","contentUrl":"https:\/\/staging.swizzle.se\/wp-content\/uploads\/2026\/02\/Magic-Sauce-Vapes-Superdeal-5st.jpg","width":600,"height":600,"caption":"Superdeal 5st Magic Sauce Vapes"},{"@type":"BreadcrumbList","@id":"https:\/\/www.swizzle.se\/produkt\/superdeal-5st-magic-sauce-vapes-99-magic-farmers\/#breadcrumb","itemListElement":[{"@type":"ListItem","position":1,"name":"Home","item":"https:\/\/www.swizzle.se\/"},{"@type":"ListItem","position":2,"name":"Shop","item":"https:\/\/www.swizzle.se\/shop\/"},{"@type":"ListItem","position":3,"name":"DEALS","item":"https:\/\/www.swizzle.se\/produkt-kategori\/deals\/"},{"@type":"ListItem","position":4,"name":"SUPERDEAL! 5st Magic Sauce vapes 99% &#8211; Magic Farmers"}]},{"@type":"WebSite","@id":"https:\/\/staging.swizzle.se\/#website","url":"https:\/\/staging.swizzle.se\/","name":"Swizzle","description":"Nicotine CBD Vapes Snus White Portion","publisher":{"@id":"https:\/\/staging.swizzle.se\/#organization"},"potentialAction":[{"@type":"SearchAction","target":{"@type":"EntryPoint","urlTemplate":"https:\/\/staging.swizzle.se\/?s={search_term_string}"},"query-input":{"@type":"PropertyValueSpecification","valueRequired":true,"valueName":"search_term_string"}}],"inLanguage":"en-GB"},{"@type":"Organization","@id":"https:\/\/staging.swizzle.se\/#organization","name":"Swizzle","url":"https:\/\/staging.swizzle.se\/","logo":{"@type":"ImageObject","inLanguage":"en-GB","@id":"https:\/\/staging.swizzle.se\/#\/schema\/logo\/image\/","url":"https:\/\/staging.swizzle.se\/wp-content\/uploads\/2025\/10\/cropped-SWIZZLE.-4.png","contentUrl":"https:\/\/staging.swizzle.se\/wp-content\/uploads\/2025\/10\/cropped-SWIZZLE.-4.png","width":800,"height":267,"caption":"Swizzle"},"image":{"@id":"https:\/\/staging.swizzle.se\/#\/schema\/logo\/image\/"},"hasMerchantReturnPolicy":{"@type":"MerchantReturnPolicy","merchantReturnLink":"https:\/\/staging.swizzle.se\/en\/villkor\/"}}]},"product_price_amount":"1919.00","product_price_currency":"SEK","og_availability":"instock","product_availability":"instock","product_retailer_item_id":"dealvapesMS5","product_condition":"new"},"tiered_pricing_type":"fixed","tiered_pricing_fixed_rules":[],"tiered_pricing_product_settings":{"layout":"default","base_unit_name":{"singular":null,"plural":null},"default_variation":null},"tiered_pricing_minimum_quantity":null,"tiered_pricing_roles_data":[],"tiered_pricing_percentage_rules":[],"tiered_pricing_maximum_quantity":null,"tiered_pricing_quantity_step":null,"_links":{"self":[{"href":"https:\/\/staging.swizzle.se\/en\/wp-json\/wp\/v2\/product\/296497","targetHints":{"allow":["GET"]}}],"collection":[{"href":"https:\/\/staging.swizzle.se\/en\/wp-json\/wp\/v2\/product"}],"about":[{"href":"https:\/\/staging.swizzle.se\/en\/wp-json\/wp\/v2\/types\/product"}],"replies":[{"embeddable":true,"href":"https:\/\/staging.swizzle.se\/en\/wp-json\/wp\/v2\/comments?post=296497"}],"version-history":[{"count":0,"href":"https:\/\/staging.swizzle.se\/en\/wp-json\/wp\/v2\/product\/296497\/revisions"}],"wp:featuredmedia":[{"embeddable":true,"href":"https:\/\/staging.swizzle.se\/en\/wp-json\/wp\/v2\/media\/296499"}],"wp:attachment":[{"href":"https:\/\/staging.swizzle.se\/en\/wp-json\/wp\/v2\/media?parent=296497"}],"wp:term":[{"taxonomy":"product_brand","embeddable":true,"href":"https:\/\/staging.swizzle.se\/en\/wp-json\/wp\/v2\/product_brand?post=296497"},{"taxonomy":"product_cat","embeddable":true,"href":"https:\/\/staging.swizzle.se\/en\/wp-json\/wp\/v2\/product_cat?post=296497"},{"taxonomy":"product_tag","embeddable":true,"href":"https:\/\/staging.swizzle.se\/en\/wp-json\/wp\/v2\/product_tag?post=296497"},{"taxonomy":"superdeal","embeddable":true,"href":"https:\/\/staging.swizzle.se\/en\/wp-json\/wp\/v2\/superdeal?post=296497"},{"taxonomy":"product_variant_id","embeddable":true,"href":"https:\/\/staging.swizzle.se\/en\/wp-json\/wp\/v2\/product_variant_id?post=296497"}],"curies":[{"name":"wp","href":"https:\/\/api.w.org\/{rel}","templated":true}]}}