{"id":296172,"date":"2026-01-28T10:29:32","date_gmt":"2026-01-28T10:29:32","guid":{"rendered":"https:\/\/staging.swizzle.se\/?post_type=product&#038;p=296172"},"modified":"2026-01-28T11:50:05","modified_gmt":"2026-01-28T11:50:05","slug":"ketama-25-thca-hash","status":"publish","type":"product","link":"https:\/\/staging.swizzle.se\/en\/product-2\/ketama-25-thca-hash\/","title":{"rendered":"Ketama 25% THCA Hash"},"content":{"rendered":"<h1>Ketama 25% THCA Hash<\/h1>\n<p>Ett m\u00f6rkt n\u00e5got kolaktig smak , med sin m\u00f6rkt bruna och kolaaktiga konsistens&#8230; Ketama 25% THCA Hash \u00a0\u00e4r eliten bland hash, perfekt f\u00f6r dem som letar efter en rik och intensiv upplevelse.<\/p>\n<p>En favorit med sina 25% THCA lovar djup avslappning som lugnar kropp och sj\u00e4l. Ketama 25% THCA Hash \u00a0h\u00e5ller toppkvalitet och kolaliknande karakt\u00e4r; den erbjuder en n\u00e5got s\u00f6t smak och avslutas med mix av kryddor Oavsett om du vill koppla av efter en l\u00e5ng dag eller f\u00f6r en stunds lugn &#8211; detta hash erbjuder en upplevelse som lever upp till sin f\u00f6rstklassiga kvalitet.<\/p>\n<p>F\u00f6rvaring:w<\/p>\n<ul>\n<li>Torrt<\/li>\n<li>Luftt\u00e4t och helst vacuum.<\/li>\n<li>THC-fri<\/li>\n<\/ul>\n<p>Se \u00e4ven:\u00a0<a href=\"https:\/\/staging.swizzle.se\/en\/product-2\/hash-gold-bar-33-thca-magic-farmers\/\">Hash Gold Bar 33% THCA\u00a0 Magic Farmers<\/a><\/p>\n<p><strong>Obs!<\/strong><br \/>\nDu m\u00e5ste vara minst 18 \u00e5r f\u00f6r att k\u00f6pa denna produkt. Den \u00e4r inte avsedd som l\u00e4kemedel, kosttillskott eller naturprodukt. Vi uppmuntrar inte till konsumtion eller r\u00f6kning av produkten. F\u00f6rvara den utom r\u00e4ckh\u00e5ll f\u00f6r barn.Vi friskriver oss fr\u00e5n hur du som kund anv\u00e4nder v\u00e5ra produkter. Vi s\u00e4ljer dem f\u00f6r samlings- och prydnadssyften.<\/p>","protected":false},"excerpt":{"rendered":"<p>Ketama 31% THCA Hash<\/p>\n<p>Ett hash som utstr\u00e5lar renhet, med sin m\u00f6rkt bruna och kolaaktiga konsistens&#8230; Ketama 25% THCA Hash \u00e4r eliten bland hash, perfekt f\u00f6r dem som letar efter en rik och intensiv upplevelse.<\/p>\n<ul>\n<li>Torrt<\/li>\n<li>Luftt\u00e4t och helst vacuum.<\/li>\n<li>THC-fri<\/li>\n<\/ul>\n<p>Denna produkt har en l\u00e4gsta prisgaranti, l\u00e4s mer om vad det inneb\u00e4r<a href=\"https:\/\/staging.swizzle.se\/en\/lagsta-pris-garanti\/\"><b> h\u00e4r<\/b><\/a>.<\/p>","protected":false},"featured_media":296191,"comment_status":"open","ping_status":"closed","template":"","meta":{"site-sidebar-layout":"default","site-content-layout":"","ast-site-content-layout":"default","site-content-style":"default","site-sidebar-style":"default","ast-global-header-display":"","ast-banner-title-visibility":"","ast-main-header-display":"","ast-hfb-above-header-display":"","ast-hfb-below-header-display":"","ast-hfb-mobile-header-display":"","site-post-title":"","ast-breadcrumbs-content":"","ast-featured-img":"","footer-sml-layout":"","ast-disable-related-posts":"","theme-transparent-header-meta":"default","adv-header-id-meta":"","stick-header-meta":"default","header-above-stick-meta":"","header-main-stick-meta":"","header-below-stick-meta":"","astra-migrate-meta-layouts":"set","ast-page-background-enabled":"default","ast-page-background-meta":{"desktop":{"background-color":"var(--ast-global-color-4)","background-image":"","background-repeat":"repeat","background-position":"center center","background-size":"auto","background-attachment":"scroll","background-type":"","background-media":"","overlay-type":"","overlay-color":"","overlay-opacity":"","overlay-gradient":""},"tablet":{"background-color":"","background-image":"","background-repeat":"repeat","background-position":"center center","background-size":"auto","background-attachment":"scroll","background-type":"","background-media":"","overlay-type":"","overlay-color":"","overlay-opacity":"","overlay-gradient":""},"mobile":{"background-color":"","background-image":"","background-repeat":"repeat","background-position":"center center","background-size":"auto","background-attachment":"scroll","background-type":"","background-media":"","overlay-type":"","overlay-color":"","overlay-opacity":"","overlay-gradient":""}},"ast-content-background-meta":{"desktop":{"background-color":"var(--ast-global-color-5)","background-image":"","background-repeat":"repeat","background-position":"center center","background-size":"auto","background-attachment":"scroll","background-type":"","background-media":"","overlay-type":"","overlay-color":"","overlay-opacity":"","overlay-gradient":""},"tablet":{"background-color":"var(--ast-global-color-5)","background-image":"","background-repeat":"repeat","background-position":"center center","background-size":"auto","background-attachment":"scroll","background-type":"","background-media":"","overlay-type":"","overlay-color":"","overlay-opacity":"","overlay-gradient":""},"mobile":{"background-color":"var(--ast-global-color-5)","background-image":"","background-repeat":"repeat","background-position":"center center","background-size":"auto","background-attachment":"scroll","background-type":"","background-media":"","overlay-type":"","overlay-color":"","overlay-opacity":"","overlay-gradient":""}}},"product_brand":[],"product_cat":[303,325],"product_tag":[],"superdeal":[],"product_variant_id":[],"class_list":{"0":"post-296172","1":"product","2":"type-product","3":"status-publish","4":"has-post-thumbnail","6":"product_cat-thca","7":"product_cat-thca-hash","8":"desktop-align-center","9":"tablet-align-left","10":"mobile-align-left","11":"ast-product-gallery-layout-horizontal-slider","12":"ast-product-gallery-with-no-image","13":"ast-magnify-disabled","14":"ast-product-tabs-layout-horizontal","16":"first","17":"instock","18":"taxable","19":"shipping-taxable","20":"purchasable","21":"product-type-simple"},"yoast_head":"<!-- This site is optimized with the Yoast SEO Premium plugin v26.9 (Yoast SEO v26.9) - https:\/\/yoast.com\/product\/yoast-seo-premium-wordpress\/ -->\n<title>Ketama 25% THCA Hash<\/title>\n<meta name=\"description\" content=\"Ketama 25% THCA Hash . H\u00f6gkvalitets hash. . En n\u00e5got kolaktig m\u00f6rk smak. H\u00e5ller h\u00f6g kvalitet och \u00e4r en av v\u00e5ra b\u00e4sts\u00e4ljare.\" \/>\n<meta name=\"robots\" content=\"noindex, follow, max-snippet:-1, max-image-preview:large, max-video-preview:-1\" \/>\n<meta property=\"og:locale\" content=\"en_GB\" \/>\n<meta property=\"og:type\" content=\"article\" \/>\n<meta property=\"og:title\" content=\"Hash Gold Bar 33% THCA - Magic Farmers\" \/>\n<meta property=\"og:description\" content=\"Hash Gold Bar 33% THCA - Magic Farmers. H\u00f6gkvalitets hash fr\u00e5n schweiziska Magic Farmers. En len sm\u00f6rig smak med mjuka honungstoner.\" \/>\n<meta property=\"og:url\" content=\"https:\/\/www.swizzle.se\/produkt\/ketama-25-thca-hash\/\" \/>\n<meta property=\"og:site_name\" content=\"Swizzle\" \/>\n<meta property=\"article:modified_time\" content=\"2026-01-28T11:50:05+00:00\" \/>\n<meta property=\"og:image\" content=\"https:\/\/www.swizzle.se\/wp-content\/uploads\/2026\/01\/Ketama-25-THCA.jpg\" \/>\n\t<meta property=\"og:image:width\" content=\"950\" \/>\n\t<meta property=\"og:image:height\" content=\"950\" \/>\n\t<meta property=\"og:image:type\" content=\"image\/jpeg\" \/>\n<meta name=\"twitter:card\" content=\"summary_large_image\" \/>\n<meta name=\"twitter:title\" content=\"Hash Gold Bar 33% THCA - Magic Farmers\" \/>\n<meta name=\"twitter:description\" content=\"Hash Gold Bar 33% THCA - Magic Farmers. H\u00f6gkvalitets hash fr\u00e5n schweiziska Magic Farmers. En len sm\u00f6rig smak med mjuka honungstoner.\" \/>\n<meta name=\"twitter:label1\" content=\"Price\" \/>\n\t<meta name=\"twitter:data1\" content=\"149.00&nbsp;&#107;&#114;\" \/>\n\t<meta name=\"twitter:label2\" content=\"Availability\" \/>\n\t<meta name=\"twitter:data2\" content=\"In stock\" \/>\n<script type=\"application\/ld+json\" class=\"yoast-schema-graph\">{\"@context\":\"https:\/\/schema.org\",\"@graph\":[{\"@type\":\"WebPage\",\"@id\":\"https:\/\/www.swizzle.se\/produkt\/ketama-25-thca-hash\/\",\"url\":\"https:\/\/www.swizzle.se\/produkt\/ketama-25-thca-hash\/\",\"name\":\"Ketama 25% THCA Hash\",\"isPartOf\":{\"@id\":\"https:\/\/staging.swizzle.se\/#website\"},\"primaryImageOfPage\":{\"@id\":\"https:\/\/www.swizzle.se\/produkt\/ketama-25-thca-hash\/#primaryimage\"},\"image\":{\"@id\":\"https:\/\/www.swizzle.se\/produkt\/ketama-25-thca-hash\/#primaryimage\"},\"thumbnailUrl\":\"https:\/\/staging.swizzle.se\/wp-content\/uploads\/2026\/01\/Ketama-25-THCA.jpg\",\"datePublished\":\"2026-01-28T10:29:32+00:00\",\"dateModified\":\"2026-01-28T11:50:05+00:00\",\"description\":\"Ketama 25% THCA Hash . H\u00f6gkvalitets hash. . En n\u00e5got kolaktig m\u00f6rk smak. H\u00e5ller h\u00f6g kvalitet och \u00e4r en av v\u00e5ra b\u00e4sts\u00e4ljare.\",\"breadcrumb\":{\"@id\":\"https:\/\/www.swizzle.se\/produkt\/ketama-25-thca-hash\/#breadcrumb\"},\"inLanguage\":\"en-GB\",\"potentialAction\":[{\"@type\":\"ReadAction\",\"target\":[\"https:\/\/www.swizzle.se\/produkt\/ketama-25-thca-hash\/\"]}]},{\"@type\":\"ImageObject\",\"inLanguage\":\"en-GB\",\"@id\":\"https:\/\/www.swizzle.se\/produkt\/ketama-25-thca-hash\/#primaryimage\",\"url\":\"https:\/\/staging.swizzle.se\/wp-content\/uploads\/2026\/01\/Ketama-25-THCA.jpg\",\"contentUrl\":\"https:\/\/staging.swizzle.se\/wp-content\/uploads\/2026\/01\/Ketama-25-THCA.jpg\",\"width\":950,\"height\":950,\"caption\":\"Ketama Hash 25% THCA\"},{\"@type\":\"BreadcrumbList\",\"@id\":\"https:\/\/www.swizzle.se\/produkt\/ketama-25-thca-hash\/#breadcrumb\",\"itemListElement\":[{\"@type\":\"ListItem\",\"position\":1,\"name\":\"Home\",\"item\":\"https:\/\/www.swizzle.se\/\"},{\"@type\":\"ListItem\",\"position\":2,\"name\":\"Shop\",\"item\":\"https:\/\/www.swizzle.se\/shop\/\"},{\"@type\":\"ListItem\",\"position\":3,\"name\":\"THCA\",\"item\":\"https:\/\/www.swizzle.se\/produkt-kategori\/thca\/\"},{\"@type\":\"ListItem\",\"position\":4,\"name\":\"THCA HASH\",\"item\":\"https:\/\/www.swizzle.se\/produkt-kategori\/thca\/thca-hash\/\"},{\"@type\":\"ListItem\",\"position\":5,\"name\":\"Ketama 25% THCA Hash\"}]},{\"@type\":\"WebSite\",\"@id\":\"https:\/\/staging.swizzle.se\/#website\",\"url\":\"https:\/\/staging.swizzle.se\/\",\"name\":\"Swizzle\",\"description\":\"Nikotin CBD Vapes Snus White Portion\",\"publisher\":{\"@id\":\"https:\/\/staging.swizzle.se\/#organization\"},\"potentialAction\":[{\"@type\":\"SearchAction\",\"target\":{\"@type\":\"EntryPoint\",\"urlTemplate\":\"https:\/\/staging.swizzle.se\/?s={search_term_string}\"},\"query-input\":{\"@type\":\"PropertyValueSpecification\",\"valueRequired\":true,\"valueName\":\"search_term_string\"}}],\"inLanguage\":\"en-GB\"},{\"@type\":\"Organization\",\"@id\":\"https:\/\/staging.swizzle.se\/#organization\",\"name\":\"Swizzle\",\"url\":\"https:\/\/staging.swizzle.se\/\",\"logo\":{\"@type\":\"ImageObject\",\"inLanguage\":\"en-GB\",\"@id\":\"https:\/\/staging.swizzle.se\/#\/schema\/logo\/image\/\",\"url\":\"https:\/\/staging.swizzle.se\/wp-content\/uploads\/2025\/10\/cropped-SWIZZLE.-4.png\",\"contentUrl\":\"https:\/\/staging.swizzle.se\/wp-content\/uploads\/2025\/10\/cropped-SWIZZLE.-4.png\",\"width\":800,\"height\":267,\"caption\":\"Swizzle\"},\"image\":{\"@id\":\"https:\/\/staging.swizzle.se\/#\/schema\/logo\/image\/\"},\"hasMerchantReturnPolicy\":{\"@type\":\"MerchantReturnPolicy\",\"merchantReturnLink\":\"https:\/\/staging.swizzle.se\/en\/villkor\/\"}}]}<\/script>\n<meta property=\"product:price:amount\" content=\"149.00\" \/>\n<meta property=\"product:price:currency\" content=\"SEK\" \/>\n<meta property=\"og:availability\" content=\"instock\" \/>\n<meta property=\"product:availability\" content=\"instock\" \/>\n<meta property=\"product:retailer_item_id\" content=\"MFhash3-1\" \/>\n<meta property=\"product:condition\" content=\"new\" \/>\n<!-- \/ Yoast SEO Premium plugin. -->","yoast_head_json":{"title":"Ketama 25% THCA Hash","description":"Ketama 25% THCA Hash . H\u00f6gkvalitets hash. . En n\u00e5got kolaktig m\u00f6rk smak. H\u00e5ller h\u00f6g kvalitet och \u00e4r en av v\u00e5ra b\u00e4sts\u00e4ljare.","robots":{"index":"noindex","follow":"follow","max-snippet":"max-snippet:-1","max-image-preview":"max-image-preview:large","max-video-preview":"max-video-preview:-1"},"og_locale":"en_GB","og_type":"article","og_title":"Hash Gold Bar 33% THCA - Magic Farmers","og_description":"Hash Gold Bar 33% THCA - Magic Farmers. H\u00f6gkvalitets hash fr\u00e5n schweiziska Magic Farmers. En len sm\u00f6rig smak med mjuka honungstoner.","og_url":"https:\/\/www.swizzle.se\/produkt\/ketama-25-thca-hash\/","og_site_name":"Swizzle","article_modified_time":"2026-01-28T11:50:05+00:00","og_image":[{"width":950,"height":950,"url":"https:\/\/www.swizzle.se\/wp-content\/uploads\/2026\/01\/Ketama-25-THCA.jpg","type":"image\/jpeg"}],"twitter_card":"summary_large_image","twitter_title":"Hash Gold Bar 33% THCA - Magic Farmers","twitter_description":"Hash Gold Bar 33% THCA - Magic Farmers. H\u00f6gkvalitets hash fr\u00e5n schweiziska Magic Farmers. En len sm\u00f6rig smak med mjuka honungstoner.","twitter_misc":{"Price":"149.00&nbsp;&#107;&#114;","Availability":"In stock"},"schema":{"@context":"https:\/\/schema.org","@graph":[{"@type":"WebPage","@id":"https:\/\/www.swizzle.se\/produkt\/ketama-25-thca-hash\/","url":"https:\/\/www.swizzle.se\/produkt\/ketama-25-thca-hash\/","name":"Ketama 25% THCA Hash","isPartOf":{"@id":"https:\/\/staging.swizzle.se\/#website"},"primaryImageOfPage":{"@id":"https:\/\/www.swizzle.se\/produkt\/ketama-25-thca-hash\/#primaryimage"},"image":{"@id":"https:\/\/www.swizzle.se\/produkt\/ketama-25-thca-hash\/#primaryimage"},"thumbnailUrl":"https:\/\/staging.swizzle.se\/wp-content\/uploads\/2026\/01\/Ketama-25-THCA.jpg","datePublished":"2026-01-28T10:29:32+00:00","dateModified":"2026-01-28T11:50:05+00:00","description":"Ketama 25% THCA Hash . H\u00f6gkvalitets hash. . En n\u00e5got kolaktig m\u00f6rk smak. H\u00e5ller h\u00f6g kvalitet och \u00e4r en av v\u00e5ra b\u00e4sts\u00e4ljare.","breadcrumb":{"@id":"https:\/\/www.swizzle.se\/produkt\/ketama-25-thca-hash\/#breadcrumb"},"inLanguage":"en-GB","potentialAction":[{"@type":"ReadAction","target":["https:\/\/www.swizzle.se\/produkt\/ketama-25-thca-hash\/"]}]},{"@type":"ImageObject","inLanguage":"en-GB","@id":"https:\/\/www.swizzle.se\/produkt\/ketama-25-thca-hash\/#primaryimage","url":"https:\/\/staging.swizzle.se\/wp-content\/uploads\/2026\/01\/Ketama-25-THCA.jpg","contentUrl":"https:\/\/staging.swizzle.se\/wp-content\/uploads\/2026\/01\/Ketama-25-THCA.jpg","width":950,"height":950,"caption":"Ketama Hash 25% THCA"},{"@type":"BreadcrumbList","@id":"https:\/\/www.swizzle.se\/produkt\/ketama-25-thca-hash\/#breadcrumb","itemListElement":[{"@type":"ListItem","position":1,"name":"Home","item":"https:\/\/www.swizzle.se\/"},{"@type":"ListItem","position":2,"name":"Shop","item":"https:\/\/www.swizzle.se\/shop\/"},{"@type":"ListItem","position":3,"name":"THCA","item":"https:\/\/www.swizzle.se\/produkt-kategori\/thca\/"},{"@type":"ListItem","position":4,"name":"THCA HASH","item":"https:\/\/www.swizzle.se\/produkt-kategori\/thca\/thca-hash\/"},{"@type":"ListItem","position":5,"name":"Ketama 25% THCA Hash"}]},{"@type":"WebSite","@id":"https:\/\/staging.swizzle.se\/#website","url":"https:\/\/staging.swizzle.se\/","name":"Swizzle","description":"Nicotine CBD Vapes Snus White Portion","publisher":{"@id":"https:\/\/staging.swizzle.se\/#organization"},"potentialAction":[{"@type":"SearchAction","target":{"@type":"EntryPoint","urlTemplate":"https:\/\/staging.swizzle.se\/?s={search_term_string}"},"query-input":{"@type":"PropertyValueSpecification","valueRequired":true,"valueName":"search_term_string"}}],"inLanguage":"en-GB"},{"@type":"Organization","@id":"https:\/\/staging.swizzle.se\/#organization","name":"Swizzle","url":"https:\/\/staging.swizzle.se\/","logo":{"@type":"ImageObject","inLanguage":"en-GB","@id":"https:\/\/staging.swizzle.se\/#\/schema\/logo\/image\/","url":"https:\/\/staging.swizzle.se\/wp-content\/uploads\/2025\/10\/cropped-SWIZZLE.-4.png","contentUrl":"https:\/\/staging.swizzle.se\/wp-content\/uploads\/2025\/10\/cropped-SWIZZLE.-4.png","width":800,"height":267,"caption":"Swizzle"},"image":{"@id":"https:\/\/staging.swizzle.se\/#\/schema\/logo\/image\/"},"hasMerchantReturnPolicy":{"@type":"MerchantReturnPolicy","merchantReturnLink":"https:\/\/staging.swizzle.se\/en\/villkor\/"}}]},"product_price_amount":"149.00","product_price_currency":"SEK","og_availability":"instock","product_availability":"instock","product_retailer_item_id":"MFhash3-1","product_condition":"new"},"tiered_pricing_type":"fixed","tiered_pricing_fixed_rules":[],"tiered_pricing_product_settings":{"layout":"default","base_unit_name":{"singular":null,"plural":null},"default_variation":null},"tiered_pricing_minimum_quantity":null,"tiered_pricing_roles_data":[],"tiered_pricing_percentage_rules":[],"tiered_pricing_maximum_quantity":null,"tiered_pricing_quantity_step":null,"_links":{"self":[{"href":"https:\/\/staging.swizzle.se\/en\/wp-json\/wp\/v2\/product\/296172","targetHints":{"allow":["GET"]}}],"collection":[{"href":"https:\/\/staging.swizzle.se\/en\/wp-json\/wp\/v2\/product"}],"about":[{"href":"https:\/\/staging.swizzle.se\/en\/wp-json\/wp\/v2\/types\/product"}],"replies":[{"embeddable":true,"href":"https:\/\/staging.swizzle.se\/en\/wp-json\/wp\/v2\/comments?post=296172"}],"version-history":[{"count":0,"href":"https:\/\/staging.swizzle.se\/en\/wp-json\/wp\/v2\/product\/296172\/revisions"}],"wp:featuredmedia":[{"embeddable":true,"href":"https:\/\/staging.swizzle.se\/en\/wp-json\/wp\/v2\/media\/296191"}],"wp:attachment":[{"href":"https:\/\/staging.swizzle.se\/en\/wp-json\/wp\/v2\/media?parent=296172"}],"wp:term":[{"taxonomy":"product_brand","embeddable":true,"href":"https:\/\/staging.swizzle.se\/en\/wp-json\/wp\/v2\/product_brand?post=296172"},{"taxonomy":"product_cat","embeddable":true,"href":"https:\/\/staging.swizzle.se\/en\/wp-json\/wp\/v2\/product_cat?post=296172"},{"taxonomy":"product_tag","embeddable":true,"href":"https:\/\/staging.swizzle.se\/en\/wp-json\/wp\/v2\/product_tag?post=296172"},{"taxonomy":"superdeal","embeddable":true,"href":"https:\/\/staging.swizzle.se\/en\/wp-json\/wp\/v2\/superdeal?post=296172"},{"taxonomy":"product_variant_id","embeddable":true,"href":"https:\/\/staging.swizzle.se\/en\/wp-json\/wp\/v2\/product_variant_id?post=296172"}],"curies":[{"name":"wp","href":"https:\/\/api.w.org\/{rel}","templated":true}]}}