{"id":280260,"date":"2025-11-27T12:23:54","date_gmt":"2025-11-27T12:23:54","guid":{"rendered":"https:\/\/staging.swizzle.se\/?post_type=product&#038;p=280260"},"modified":"2025-12-11T13:52:49","modified_gmt":"2025-12-11T13:52:49","slug":"superdeal-25g-thca-live-resin","status":"publish","type":"product","link":"https:\/\/staging.swizzle.se\/en\/product-2\/superdeal-25g-thca-live-resin\/","title":{"rendered":"SUPERDEAL! 25g THCA Live resin"},"content":{"rendered":"<p>THCA Live Resin &#8211; 70%. Detta koncentrat \u00e4r tillverkat av f\u00e4rska v\u00e4xter och bevarar cannabisplantans fulla spektrum av cannabinoider och terpener.<\/p>\n<p><b>PASSA P\u00c5 DETTA GRYMMA ERBJUDANDE!<\/b><\/p>\n<p><b>Black Week deal, 25g THCA Live Resin f\u00f6r 5699kr! (228kr\/g)<\/b><\/p>\n<p><strong>Varf\u00f6r v\u00e4lja\u00a0 THCA Live Resin &#8211; 70%<\/strong><br \/>\nRent och fr\u00e4scht: Levande resin tillverkas direkt efter sk\u00f6rd och f\u00e5ngar v\u00e4xtens naturliga essens, vilket s\u00e4kerst\u00e4ller en rik och aromatisk profil.<\/p>\n<ul>\n<li>Strain: Hybrid<\/li>\n<li>Tillverkad av f\u00e4rska v\u00e4xter<\/li>\n<li>Bevarar hela spektrumet av cannabinoider och terpener<\/li>\n<li>Rik aromatisk profil<\/li>\n<li>THC-fri<\/li>\n<\/ul>\n<p>Se \u00e4ven:\u00a0<a href=\"https:\/\/staging.swizzle.se\/en\/product-2\/thca-badder-60\/\">THCA Badder\u00a0<\/a><\/p>\n<p><strong>Obs!<\/strong><br \/>\nDu m\u00e5ste vara minst 18 \u00e5r f\u00f6r att k\u00f6pa denna produkt. Den \u00e4r inte avsedd som l\u00e4kemedel, kosttillskott eller naturprodukt. Vi uppmuntrar inte till konsumtion eller r\u00f6kning av produkten. F\u00f6rvara den utom r\u00e4ckh\u00e5ll f\u00f6r barn.Vi friskriver oss fr\u00e5n hur du som kund anv\u00e4nder v\u00e5ra produkter. Vi s\u00e4ljer dem f\u00f6r samlings- och prydnadssyften.<\/p>","protected":false},"excerpt":{"rendered":"<p class=\"ai-optimize-36 ai-optimize-introduction\">THCA Live Resin &#8211; 70%.<\/p>\n<p><b>PASSA P\u00c5 DETTA GRYMMA ERBJUDANDE!<\/b><\/p>\n<p><b>Black Week deal, 25g THCA Live Resin f\u00f6r 5699kr! (228kr\/g)<\/b><\/p>\n<p class=\"ai-optimize-36 ai-optimize-introduction\">Detta koncentrat \u00e4r tillverkat av f\u00e4rska v\u00e4xter och bevarar cannabisplantans fulla spektrum av cannabinoider och terpener.<\/p>\n<ul>\n<li>Tillverkad av f\u00e4rska v\u00e4xter<\/li>\n<li>Bevarar hela spektrumet av cannabinoider och terpener<\/li>\n<li>Rik aromatisk profil<\/li>\n<li>THC-fri<\/li>\n<\/ul>\n<p>Denna produkt har en l\u00e4gsta prisgaranti, l\u00e4s mer om vad det inneb\u00e4r<a href=\"https:\/\/staging.swizzle.se\/en\/lagsta-pris-garanti\/\"><b>\u00a0h\u00e4r<\/b><\/a>.<\/p>","protected":false},"featured_media":280272,"comment_status":"closed","ping_status":"closed","template":"","meta":{"site-sidebar-layout":"default","site-content-layout":"","ast-site-content-layout":"default","site-content-style":"default","site-sidebar-style":"default","ast-global-header-display":"","ast-banner-title-visibility":"","ast-main-header-display":"","ast-hfb-above-header-display":"","ast-hfb-below-header-display":"","ast-hfb-mobile-header-display":"","site-post-title":"","ast-breadcrumbs-content":"","ast-featured-img":"","footer-sml-layout":"","ast-disable-related-posts":"","theme-transparent-header-meta":"default","adv-header-id-meta":"","stick-header-meta":"default","header-above-stick-meta":"","header-main-stick-meta":"","header-below-stick-meta":"","astra-migrate-meta-layouts":"set","ast-page-background-enabled":"default","ast-page-background-meta":{"desktop":{"background-color":"var(--ast-global-color-4)","background-image":"","background-repeat":"repeat","background-position":"center center","background-size":"auto","background-attachment":"scroll","background-type":"","background-media":"","overlay-type":"","overlay-color":"","overlay-opacity":"","overlay-gradient":""},"tablet":{"background-color":"","background-image":"","background-repeat":"repeat","background-position":"center center","background-size":"auto","background-attachment":"scroll","background-type":"","background-media":"","overlay-type":"","overlay-color":"","overlay-opacity":"","overlay-gradient":""},"mobile":{"background-color":"","background-image":"","background-repeat":"repeat","background-position":"center center","background-size":"auto","background-attachment":"scroll","background-type":"","background-media":"","overlay-type":"","overlay-color":"","overlay-opacity":"","overlay-gradient":""}},"ast-content-background-meta":{"desktop":{"background-color":"var(--ast-global-color-5)","background-image":"","background-repeat":"repeat","background-position":"center center","background-size":"auto","background-attachment":"scroll","background-type":"","background-media":"","overlay-type":"","overlay-color":"","overlay-opacity":"","overlay-gradient":""},"tablet":{"background-color":"var(--ast-global-color-5)","background-image":"","background-repeat":"repeat","background-position":"center center","background-size":"auto","background-attachment":"scroll","background-type":"","background-media":"","overlay-type":"","overlay-color":"","overlay-opacity":"","overlay-gradient":""},"mobile":{"background-color":"var(--ast-global-color-5)","background-image":"","background-repeat":"repeat","background-position":"center center","background-size":"auto","background-attachment":"scroll","background-type":"","background-media":"","overlay-type":"","overlay-color":"","overlay-opacity":"","overlay-gradient":""}}},"product_brand":[],"product_cat":[338,671,303,328],"product_tag":[],"superdeal":[],"product_variant_id":[],"class_list":{"0":"post-280260","1":"product","2":"type-product","3":"status-publish","4":"has-post-thumbnail","6":"product_cat-deals","7":"product_cat-superdeals","8":"product_cat-thca","9":"product_cat-thca-live-resin","10":"desktop-align-center","11":"tablet-align-left","12":"mobile-align-left","13":"ast-product-gallery-layout-horizontal-slider","14":"ast-product-gallery-with-no-image","15":"ast-magnify-disabled","16":"ast-product-tabs-layout-horizontal","18":"first","19":"instock","20":"sale","21":"taxable","22":"shipping-taxable","23":"purchasable","24":"product-type-simple"},"yoast_head":"<!-- This site is optimized with the Yoast SEO Premium plugin v26.9 (Yoast SEO v26.9) - https:\/\/yoast.com\/product\/yoast-seo-premium-wordpress\/ -->\n<title>SUPERDEAL! 25g THCA Live resin<\/title>\n<meta name=\"description\" content=\"SUPERDEAL! 25g THCA Live resin. PASSA P\u00c5 DETTA GRYMMA ERBJUDANDE!Black Week deal, 25g THCA Live Resin f\u00f6r 5699kr! (228kr\/g)\" \/>\n<meta name=\"robots\" content=\"noindex, follow, max-snippet:-1, max-image-preview:large, max-video-preview:-1\" \/>\n<meta property=\"og:locale\" content=\"en_GB\" \/>\n<meta property=\"og:type\" content=\"article\" \/>\n<meta property=\"og:title\" content=\"SUPERDEAL! 25g THCA Live resin\" \/>\n<meta property=\"og:description\" content=\"SUPERDEAL! 25g THCA Live resin. PASSA P\u00c5 DETTA GRYMMA ERBJUDANDE!Black Week deal, 25g THCA Live Resin f\u00f6r 5699kr! (228kr\/g)\" \/>\n<meta property=\"og:url\" content=\"https:\/\/www.swizzle.se\/produkt\/superdeal-25g-thca-live-resin\/\" \/>\n<meta property=\"og:site_name\" content=\"Swizzle\" \/>\n<meta property=\"article:modified_time\" content=\"2025-12-11T13:52:49+00:00\" \/>\n<meta property=\"og:image\" content=\"https:\/\/www.swizzle.se\/wp-content\/uploads\/2025\/11\/ratt-bakrund-canadips-2025-11-27T132933.822.jpg\" \/>\n\t<meta property=\"og:image:width\" content=\"600\" \/>\n\t<meta property=\"og:image:height\" content=\"600\" \/>\n\t<meta property=\"og:image:type\" content=\"image\/jpeg\" \/>\n<meta name=\"twitter:card\" content=\"summary_large_image\" \/>\n<meta name=\"twitter:label1\" content=\"Price\" \/>\n\t<meta name=\"twitter:data1\" content=\"5 ,699.00&nbsp;&#107;&#114;\" \/>\n\t<meta name=\"twitter:label2\" content=\"Availability\" \/>\n\t<meta name=\"twitter:data2\" content=\"In stock\" \/>\n<script type=\"application\/ld+json\" class=\"yoast-schema-graph\">{\"@context\":\"https:\/\/schema.org\",\"@graph\":[{\"@type\":\"WebPage\",\"@id\":\"https:\/\/www.swizzle.se\/produkt\/superdeal-25g-thca-live-resin\/\",\"url\":\"https:\/\/www.swizzle.se\/produkt\/superdeal-25g-thca-live-resin\/\",\"name\":\"SUPERDEAL! 25g THCA Live resin\",\"isPartOf\":{\"@id\":\"https:\/\/staging.swizzle.se\/#website\"},\"primaryImageOfPage\":{\"@id\":\"https:\/\/www.swizzle.se\/produkt\/superdeal-25g-thca-live-resin\/#primaryimage\"},\"image\":{\"@id\":\"https:\/\/www.swizzle.se\/produkt\/superdeal-25g-thca-live-resin\/#primaryimage\"},\"thumbnailUrl\":\"https:\/\/staging.swizzle.se\/wp-content\/uploads\/2025\/11\/ratt-bakrund-canadips-2025-11-27T132933.822.jpg\",\"datePublished\":\"2025-11-27T12:23:54+00:00\",\"dateModified\":\"2025-12-11T13:52:49+00:00\",\"description\":\"SUPERDEAL! 25g THCA Live resin. PASSA P\u00c5 DETTA GRYMMA ERBJUDANDE!Black Week deal, 25g THCA Live Resin f\u00f6r 5699kr! (228kr\/g)\",\"breadcrumb\":{\"@id\":\"https:\/\/www.swizzle.se\/produkt\/superdeal-25g-thca-live-resin\/#breadcrumb\"},\"inLanguage\":\"en-GB\",\"potentialAction\":[{\"@type\":\"ReadAction\",\"target\":[\"https:\/\/www.swizzle.se\/produkt\/superdeal-25g-thca-live-resin\/\"]}]},{\"@type\":\"ImageObject\",\"inLanguage\":\"en-GB\",\"@id\":\"https:\/\/www.swizzle.se\/produkt\/superdeal-25g-thca-live-resin\/#primaryimage\",\"url\":\"https:\/\/staging.swizzle.se\/wp-content\/uploads\/2025\/11\/ratt-bakrund-canadips-2025-11-27T132933.822.jpg\",\"contentUrl\":\"https:\/\/staging.swizzle.se\/wp-content\/uploads\/2025\/11\/ratt-bakrund-canadips-2025-11-27T132933.822.jpg\",\"width\":600,\"height\":600,\"caption\":\"SUPERDEAL! 25g THCA Live resin\"},{\"@type\":\"BreadcrumbList\",\"@id\":\"https:\/\/www.swizzle.se\/produkt\/superdeal-25g-thca-live-resin\/#breadcrumb\",\"itemListElement\":[{\"@type\":\"ListItem\",\"position\":1,\"name\":\"Home\",\"item\":\"https:\/\/www.swizzle.se\/\"},{\"@type\":\"ListItem\",\"position\":2,\"name\":\"Shop\",\"item\":\"https:\/\/www.swizzle.se\/shop\/\"},{\"@type\":\"ListItem\",\"position\":3,\"name\":\"THCA\",\"item\":\"https:\/\/www.swizzle.se\/produkt-kategori\/thca\/\"},{\"@type\":\"ListItem\",\"position\":4,\"name\":\"THCA LIVE RESIN\",\"item\":\"https:\/\/www.swizzle.se\/produkt-kategori\/thca\/thca-live-resin\/\"},{\"@type\":\"ListItem\",\"position\":5,\"name\":\"SUPERDEAL! 25g THCA Live resin\"}]},{\"@type\":\"WebSite\",\"@id\":\"https:\/\/staging.swizzle.se\/#website\",\"url\":\"https:\/\/staging.swizzle.se\/\",\"name\":\"Swizzle\",\"description\":\"Nikotin CBD Vapes Snus White Portion\",\"publisher\":{\"@id\":\"https:\/\/staging.swizzle.se\/#organization\"},\"potentialAction\":[{\"@type\":\"SearchAction\",\"target\":{\"@type\":\"EntryPoint\",\"urlTemplate\":\"https:\/\/staging.swizzle.se\/?s={search_term_string}\"},\"query-input\":{\"@type\":\"PropertyValueSpecification\",\"valueRequired\":true,\"valueName\":\"search_term_string\"}}],\"inLanguage\":\"en-GB\"},{\"@type\":\"Organization\",\"@id\":\"https:\/\/staging.swizzle.se\/#organization\",\"name\":\"Swizzle\",\"url\":\"https:\/\/staging.swizzle.se\/\",\"logo\":{\"@type\":\"ImageObject\",\"inLanguage\":\"en-GB\",\"@id\":\"https:\/\/staging.swizzle.se\/#\/schema\/logo\/image\/\",\"url\":\"https:\/\/staging.swizzle.se\/wp-content\/uploads\/2025\/10\/cropped-SWIZZLE.-4.png\",\"contentUrl\":\"https:\/\/staging.swizzle.se\/wp-content\/uploads\/2025\/10\/cropped-SWIZZLE.-4.png\",\"width\":800,\"height\":267,\"caption\":\"Swizzle\"},\"image\":{\"@id\":\"https:\/\/staging.swizzle.se\/#\/schema\/logo\/image\/\"},\"hasMerchantReturnPolicy\":{\"@type\":\"MerchantReturnPolicy\",\"merchantReturnLink\":\"https:\/\/staging.swizzle.se\/en\/villkor\/\"}}]}<\/script>\n<meta property=\"product:price:amount\" content=\"5699.00\" \/>\n<meta property=\"product:price:currency\" content=\"SEK\" \/>\n<meta property=\"og:availability\" content=\"instock\" \/>\n<meta property=\"product:availability\" content=\"instock\" \/>\n<meta property=\"product:retailer_item_id\" content=\"dealresin10-1\" \/>\n<meta property=\"product:condition\" content=\"new\" \/>\n<!-- \/ Yoast SEO Premium plugin. -->","yoast_head_json":{"title":"SUPERDEAL! 25g THCA Live resin","description":"SUPERDEAL! 25g THCA Live resin. PASSA P\u00c5 DETTA GRYMMA ERBJUDANDE!Black Week deal, 25g THCA Live Resin f\u00f6r 5699kr! (228kr\/g)","robots":{"index":"noindex","follow":"follow","max-snippet":"max-snippet:-1","max-image-preview":"max-image-preview:large","max-video-preview":"max-video-preview:-1"},"og_locale":"en_GB","og_type":"article","og_title":"SUPERDEAL! 25g THCA Live resin","og_description":"SUPERDEAL! 25g THCA Live resin. PASSA P\u00c5 DETTA GRYMMA ERBJUDANDE!Black Week deal, 25g THCA Live Resin f\u00f6r 5699kr! (228kr\/g)","og_url":"https:\/\/www.swizzle.se\/produkt\/superdeal-25g-thca-live-resin\/","og_site_name":"Swizzle","article_modified_time":"2025-12-11T13:52:49+00:00","og_image":[{"width":600,"height":600,"url":"https:\/\/www.swizzle.se\/wp-content\/uploads\/2025\/11\/ratt-bakrund-canadips-2025-11-27T132933.822.jpg","type":"image\/jpeg"}],"twitter_card":"summary_large_image","twitter_misc":{"Price":"5 ,699.00&nbsp;&#107;&#114;","Availability":"In stock"},"schema":{"@context":"https:\/\/schema.org","@graph":[{"@type":"WebPage","@id":"https:\/\/www.swizzle.se\/produkt\/superdeal-25g-thca-live-resin\/","url":"https:\/\/www.swizzle.se\/produkt\/superdeal-25g-thca-live-resin\/","name":"SUPERDEAL! 25g THCA Live resin","isPartOf":{"@id":"https:\/\/staging.swizzle.se\/#website"},"primaryImageOfPage":{"@id":"https:\/\/www.swizzle.se\/produkt\/superdeal-25g-thca-live-resin\/#primaryimage"},"image":{"@id":"https:\/\/www.swizzle.se\/produkt\/superdeal-25g-thca-live-resin\/#primaryimage"},"thumbnailUrl":"https:\/\/staging.swizzle.se\/wp-content\/uploads\/2025\/11\/ratt-bakrund-canadips-2025-11-27T132933.822.jpg","datePublished":"2025-11-27T12:23:54+00:00","dateModified":"2025-12-11T13:52:49+00:00","description":"SUPERDEAL! 25g THCA Live resin. PASSA P\u00c5 DETTA GRYMMA ERBJUDANDE!Black Week deal, 25g THCA Live Resin f\u00f6r 5699kr! (228kr\/g)","breadcrumb":{"@id":"https:\/\/www.swizzle.se\/produkt\/superdeal-25g-thca-live-resin\/#breadcrumb"},"inLanguage":"en-GB","potentialAction":[{"@type":"ReadAction","target":["https:\/\/www.swizzle.se\/produkt\/superdeal-25g-thca-live-resin\/"]}]},{"@type":"ImageObject","inLanguage":"en-GB","@id":"https:\/\/www.swizzle.se\/produkt\/superdeal-25g-thca-live-resin\/#primaryimage","url":"https:\/\/staging.swizzle.se\/wp-content\/uploads\/2025\/11\/ratt-bakrund-canadips-2025-11-27T132933.822.jpg","contentUrl":"https:\/\/staging.swizzle.se\/wp-content\/uploads\/2025\/11\/ratt-bakrund-canadips-2025-11-27T132933.822.jpg","width":600,"height":600,"caption":"SUPERDEAL! 25g THCA Live resin"},{"@type":"BreadcrumbList","@id":"https:\/\/www.swizzle.se\/produkt\/superdeal-25g-thca-live-resin\/#breadcrumb","itemListElement":[{"@type":"ListItem","position":1,"name":"Home","item":"https:\/\/www.swizzle.se\/"},{"@type":"ListItem","position":2,"name":"Shop","item":"https:\/\/www.swizzle.se\/shop\/"},{"@type":"ListItem","position":3,"name":"THCA","item":"https:\/\/www.swizzle.se\/produkt-kategori\/thca\/"},{"@type":"ListItem","position":4,"name":"THCA LIVE RESIN","item":"https:\/\/www.swizzle.se\/produkt-kategori\/thca\/thca-live-resin\/"},{"@type":"ListItem","position":5,"name":"SUPERDEAL! 25g THCA Live resin"}]},{"@type":"WebSite","@id":"https:\/\/staging.swizzle.se\/#website","url":"https:\/\/staging.swizzle.se\/","name":"Swizzle","description":"Nicotine CBD Vapes Snus White Portion","publisher":{"@id":"https:\/\/staging.swizzle.se\/#organization"},"potentialAction":[{"@type":"SearchAction","target":{"@type":"EntryPoint","urlTemplate":"https:\/\/staging.swizzle.se\/?s={search_term_string}"},"query-input":{"@type":"PropertyValueSpecification","valueRequired":true,"valueName":"search_term_string"}}],"inLanguage":"en-GB"},{"@type":"Organization","@id":"https:\/\/staging.swizzle.se\/#organization","name":"Swizzle","url":"https:\/\/staging.swizzle.se\/","logo":{"@type":"ImageObject","inLanguage":"en-GB","@id":"https:\/\/staging.swizzle.se\/#\/schema\/logo\/image\/","url":"https:\/\/staging.swizzle.se\/wp-content\/uploads\/2025\/10\/cropped-SWIZZLE.-4.png","contentUrl":"https:\/\/staging.swizzle.se\/wp-content\/uploads\/2025\/10\/cropped-SWIZZLE.-4.png","width":800,"height":267,"caption":"Swizzle"},"image":{"@id":"https:\/\/staging.swizzle.se\/#\/schema\/logo\/image\/"},"hasMerchantReturnPolicy":{"@type":"MerchantReturnPolicy","merchantReturnLink":"https:\/\/staging.swizzle.se\/en\/villkor\/"}}]},"product_price_amount":"5699.00","product_price_currency":"SEK","og_availability":"instock","product_availability":"instock","product_retailer_item_id":"dealresin10-1","product_condition":"new"},"tiered_pricing_type":"fixed","tiered_pricing_fixed_rules":[],"tiered_pricing_product_settings":{"layout":"default","base_unit_name":{"singular":null,"plural":null},"default_variation":null},"tiered_pricing_minimum_quantity":null,"tiered_pricing_roles_data":[],"tiered_pricing_percentage_rules":[],"tiered_pricing_maximum_quantity":null,"tiered_pricing_quantity_step":null,"_links":{"self":[{"href":"https:\/\/staging.swizzle.se\/en\/wp-json\/wp\/v2\/product\/280260","targetHints":{"allow":["GET"]}}],"collection":[{"href":"https:\/\/staging.swizzle.se\/en\/wp-json\/wp\/v2\/product"}],"about":[{"href":"https:\/\/staging.swizzle.se\/en\/wp-json\/wp\/v2\/types\/product"}],"replies":[{"embeddable":true,"href":"https:\/\/staging.swizzle.se\/en\/wp-json\/wp\/v2\/comments?post=280260"}],"version-history":[{"count":0,"href":"https:\/\/staging.swizzle.se\/en\/wp-json\/wp\/v2\/product\/280260\/revisions"}],"wp:featuredmedia":[{"embeddable":true,"href":"https:\/\/staging.swizzle.se\/en\/wp-json\/wp\/v2\/media\/280272"}],"wp:attachment":[{"href":"https:\/\/staging.swizzle.se\/en\/wp-json\/wp\/v2\/media?parent=280260"}],"wp:term":[{"taxonomy":"product_brand","embeddable":true,"href":"https:\/\/staging.swizzle.se\/en\/wp-json\/wp\/v2\/product_brand?post=280260"},{"taxonomy":"product_cat","embeddable":true,"href":"https:\/\/staging.swizzle.se\/en\/wp-json\/wp\/v2\/product_cat?post=280260"},{"taxonomy":"product_tag","embeddable":true,"href":"https:\/\/staging.swizzle.se\/en\/wp-json\/wp\/v2\/product_tag?post=280260"},{"taxonomy":"superdeal","embeddable":true,"href":"https:\/\/staging.swizzle.se\/en\/wp-json\/wp\/v2\/superdeal?post=280260"},{"taxonomy":"product_variant_id","embeddable":true,"href":"https:\/\/staging.swizzle.se\/en\/wp-json\/wp\/v2\/product_variant_id?post=280260"}],"curies":[{"name":"wp","href":"https:\/\/api.w.org\/{rel}","templated":true}]}}