{"id":279825,"date":"2025-11-24T10:22:39","date_gmt":"2025-11-24T10:22:39","guid":{"rendered":"https:\/\/staging.swizzle.se\/?post_type=product&#038;p=279825"},"modified":"2025-12-29T12:27:32","modified_gmt":"2025-12-29T12:27:32","slug":"superdeal-25g-thca-gold-bar","status":"publish","type":"product","link":"https:\/\/staging.swizzle.se\/en\/product-2\/superdeal-25g-thca-gold-bar\/","title":{"rendered":"SUPERDEAL! 25g THCA Gold Bar"},"content":{"rendered":"<h1>Hash Gold Bar 33% THCA<\/h1>\n<p>Ett hash som utstr\u00e5lar renhet, med sin gyllene f\u00e4rg och mjuka konsistens&#8230; Hash Gold Bar 33% THCA\u00a0 \u00e4r eliten bland hash, perfekt f\u00f6r dem som letar efter en rik och intensiv upplevelse.<\/p>\n<p><b>PASSA P\u00c5 DETTA GRYMMA ERBJUDANDE!<\/b><\/p>\n<p><b>Black Week deal, 25 g THCA Gold Bar f\u00f6r 1399kr! (55.9\/g)<\/b><\/p>\n<p>Denna lilla p\u00e4rla med sina 33% THCA lovar djup avslappning som lugnar kropp och sj\u00e4l. Gold Bar \u00e4r utvecklad f\u00f6r riktiga finsmakare och imponerar inte bara med sin kraft; den erbjuder en jordig smak som avrundas fint av en naturlig s\u00f6tma. Oavsett om du vill koppla av efter en l\u00e5ng dag eller f\u00f6r en stunds lugn &#8211; detta harts erbjuder en upplevelse som lever upp till sin f\u00f6rstklassiga kvalitet.<\/p>\n<p>F\u00f6rvaring:<\/p>\n<ul>\n<li>Torrt<\/li>\n<li>Luftt\u00e4t och helst vacuum.<\/li>\n<li>THC-fri<\/li>\n<\/ul>\n<p>Se \u00e4ven:\u00a0<a href=\"https:\/\/staging.swizzle.se\/en\/product-2\/mazar-sharif-31-thca-hash-magic-farmers\/\">Mazar Sharif 31% THCA Hash Magic Farmers<\/a><\/p>\n<p><strong>Obs!<\/strong><br \/>\nDu m\u00e5ste vara minst 18 \u00e5r f\u00f6r att k\u00f6pa denna produkt. Den \u00e4r inte avsedd som l\u00e4kemedel, kosttillskott eller naturprodukt. Vi uppmuntrar inte till konsumtion eller r\u00f6kning av produkten. F\u00f6rvara den utom r\u00e4ckh\u00e5ll f\u00f6r barn.Vi friskriver oss fr\u00e5n hur du som kund anv\u00e4nder v\u00e5ra produkter. Vi s\u00e4ljer dem f\u00f6r samlings- och prydnadssyften.<\/p>","protected":false},"excerpt":{"rendered":"<div class=\"woocommerce-product-details__short-description\">\n<p><strong>Hash Gold Bar 33% THCA<\/strong><\/p>\n<p><b>PASSA P\u00c5 DETTA GRYMMA ERBJUDANDE!<\/b><\/p>\n<p><b>Black Week deal, 25 g THCA Gold Bar f\u00f6r 1399kr! (55.9\/g)<\/b><\/p>\n<p>Ett hash som utstr\u00e5lar renhet, med sin gyllene f\u00e4rg och mjuka konsistens&#8230; Gold Bar hash med 33% THCA \u00e4r eliten bland hash, perfekt f\u00f6r dem som letar efter en rik och intensiv upplevelse.<\/p>\n<p>F\u00f6rvaring:<\/p>\n<ul>\n<li>Torrt<\/li>\n<li>Luftt\u00e4t och helst vacuum.<\/li>\n<li>THC-fri<\/li>\n<\/ul>\n<p>Denna produkt har en l\u00e4gsta prisgaranti, l\u00e4s mer om vad det inneb\u00e4r<a href=\"https:\/\/staging.swizzle.se\/en\/lagsta-pris-garanti\/\"><b>\u00a0h\u00e4r<\/b><\/a>.<\/p>\n<\/div>\n<form class=\"cart\" action=\"https:\/\/staging.swizzle.se\/en\/product-2\/hash-gold-bar-33-thca\/\" enctype=\"multipart\/form-data\" method=\"post\" data-trp-original-action=\"https:\/\/staging.swizzle.se\/produkt\/hash-gold-bar-33-thca\/\">\n<div class=\"clear\"><\/div>\n<div class=\"tpt__tiered-pricing\" data-settings=\"{&quot;display_context&quot;:&quot;product-page&quot;,&quot;display&quot;:true,&quot;display_type&quot;:&quot;table&quot;,&quot;title&quot;:&quot;M\\u00e4ngdrabatt&quot;,&quot;table_class&quot;:&quot;&quot;,&quot;quantity_column_title&quot;:&quot;M\\u00e4ngd&quot;,&quot;price_column_title&quot;:&quot;Pris&quot;,&quot;discount_column_title&quot;:&quot;Rabatt (%)&quot;,&quot;quantity_type&quot;:&quot;range&quot;,&quot;show_discount_column&quot;:true,&quot;clickable_rows&quot;:true,&quot;active_tier_color&quot;:&quot;#96598a&quot;,&quot;tooltip_border&quot;:true,&quot;blocks_style&quot;:&quot;default&quot;,&quot;options_style&quot;:&quot;default&quot;,&quot;options_show_total&quot;:true,&quot;options_show_original_product_price&quot;:true,&quot;options_show_default_option&quot;:true,&quot;options_default_option_text&quot;:&quot;&lt;strong&gt;Buy {tp_quantity} pieces&lt;\\\/strong&gt;&quot;,&quot;options_option_text&quot;:&quot;&lt;strong&gt;Buy {tp_quantity} pieces and save {tp_rounded_discount}%&lt;\\\/strong&gt;&quot;,&quot;plain_text_show_default_option&quot;:true,&quot;plain_text_option_text&quot;:&quot;&lt;strong&gt;Buy {tp_quantity} pieces for {tp_price} each and save {tp_rounded_discount}%&lt;\\\/strong&gt;&quot;,&quot;plain_text_default_option_text&quot;:&quot;&lt;strong&gt;Buy {tp_quantity} pieces for {tp_price} each&lt;\\\/strong&gt;&quot;,&quot;update_price_on_product_page&quot;:true,&quot;show_tiered_price_as_discount&quot;:true,&quot;show_total_price&quot;:false,&quot;quantity_measurement_singular&quot;:&quot;st&quot;,&quot;quantity_measurement_plural&quot;:&quot;st&quot;}\" data-display-context=\"product-page\" data-display-type=\"table\" data-product-id=\"260026\" data-product-type=\"simple\">\n<div class=\"clear\"><\/div>\n<div class=\"tiered-pricing-wrapper\"><\/div>\n<\/div>\n<input type=\"hidden\" name=\"trp-form-language\" value=\"en\"\/><\/form>","protected":false},"featured_media":280416,"comment_status":"closed","ping_status":"closed","template":"","meta":{"site-sidebar-layout":"default","site-content-layout":"","ast-site-content-layout":"default","site-content-style":"default","site-sidebar-style":"default","ast-global-header-display":"","ast-banner-title-visibility":"","ast-main-header-display":"","ast-hfb-above-header-display":"","ast-hfb-below-header-display":"","ast-hfb-mobile-header-display":"","site-post-title":"","ast-breadcrumbs-content":"","ast-featured-img":"","footer-sml-layout":"","ast-disable-related-posts":"","theme-transparent-header-meta":"default","adv-header-id-meta":"","stick-header-meta":"default","header-above-stick-meta":"","header-main-stick-meta":"","header-below-stick-meta":"","astra-migrate-meta-layouts":"set","ast-page-background-enabled":"default","ast-page-background-meta":{"desktop":{"background-color":"var(--ast-global-color-4)","background-image":"","background-repeat":"repeat","background-position":"center center","background-size":"auto","background-attachment":"scroll","background-type":"","background-media":"","overlay-type":"","overlay-color":"","overlay-opacity":"","overlay-gradient":""},"tablet":{"background-color":"","background-image":"","background-repeat":"repeat","background-position":"center center","background-size":"auto","background-attachment":"scroll","background-type":"","background-media":"","overlay-type":"","overlay-color":"","overlay-opacity":"","overlay-gradient":""},"mobile":{"background-color":"","background-image":"","background-repeat":"repeat","background-position":"center center","background-size":"auto","background-attachment":"scroll","background-type":"","background-media":"","overlay-type":"","overlay-color":"","overlay-opacity":"","overlay-gradient":""}},"ast-content-background-meta":{"desktop":{"background-color":"var(--ast-global-color-5)","background-image":"","background-repeat":"repeat","background-position":"center center","background-size":"auto","background-attachment":"scroll","background-type":"","background-media":"","overlay-type":"","overlay-color":"","overlay-opacity":"","overlay-gradient":""},"tablet":{"background-color":"var(--ast-global-color-5)","background-image":"","background-repeat":"repeat","background-position":"center center","background-size":"auto","background-attachment":"scroll","background-type":"","background-media":"","overlay-type":"","overlay-color":"","overlay-opacity":"","overlay-gradient":""},"mobile":{"background-color":"var(--ast-global-color-5)","background-image":"","background-repeat":"repeat","background-position":"center center","background-size":"auto","background-attachment":"scroll","background-type":"","background-media":"","overlay-type":"","overlay-color":"","overlay-opacity":"","overlay-gradient":""}}},"product_brand":[],"product_cat":[338,671,303,325],"product_tag":[],"superdeal":[],"product_variant_id":[],"class_list":{"0":"post-279825","1":"product","2":"type-product","3":"status-publish","4":"has-post-thumbnail","6":"product_cat-deals","7":"product_cat-superdeals","8":"product_cat-thca","9":"product_cat-thca-hash","10":"desktop-align-center","11":"tablet-align-left","12":"mobile-align-left","13":"ast-product-gallery-layout-horizontal-slider","14":"ast-product-gallery-with-no-image","15":"ast-magnify-disabled","16":"ast-product-tabs-layout-horizontal","18":"first","19":"outofstock","20":"sale","21":"taxable","22":"shipping-taxable","23":"purchasable","24":"product-type-simple"},"yoast_head":"<!-- This site is optimized with the Yoast SEO Premium plugin v26.9 (Yoast SEO v26.9) - https:\/\/yoast.com\/product\/yoast-seo-premium-wordpress\/ -->\n<title>SUPERDEAL! 25g THCA Gold Bar<\/title>\n<meta name=\"description\" content=\"SUPERDEAL! 25g THCA Gold Bar. PASSA P\u00c5 DETTA GRYMMA ERBJUDANDE!Black Week deal, 25 g THCA Gold Bar f\u00f6r 1399kr! (55.9\/g) swizzle.se\" \/>\n<meta name=\"robots\" content=\"noindex, follow, max-snippet:-1, max-image-preview:large, max-video-preview:-1\" \/>\n<meta property=\"og:locale\" content=\"en_GB\" \/>\n<meta property=\"og:type\" content=\"article\" \/>\n<meta property=\"og:title\" content=\"SUPERDEAL! 25g THCA Gold Bar\" \/>\n<meta property=\"og:description\" content=\"SUPERDEAL! 25g THCA Gold Bar. PASSA P\u00c5 DETTA GRYMMA ERBJUDANDE!Black Week deal, 25 g THCA Gold Bar f\u00f6r 1399kr! (55.9\/g) swizzle.se\" \/>\n<meta property=\"og:url\" content=\"https:\/\/www.swizzle.se\/produkt\/superdeal-25g-thca-gold-bar\/\" \/>\n<meta property=\"og:site_name\" content=\"Swizzle\" \/>\n<meta property=\"article:modified_time\" content=\"2025-12-29T12:27:32+00:00\" \/>\n<meta property=\"og:image\" content=\"https:\/\/www.swizzle.se\/wp-content\/uploads\/2025\/11\/ratt-bakrund-canadips-2025-11-30T115909.768.jpg\" \/>\n\t<meta property=\"og:image:width\" content=\"600\" \/>\n\t<meta property=\"og:image:height\" content=\"600\" \/>\n\t<meta property=\"og:image:type\" content=\"image\/jpeg\" \/>\n<meta name=\"twitter:card\" content=\"summary_large_image\" \/>\n<meta name=\"twitter:label1\" content=\"Price\" \/>\n\t<meta name=\"twitter:data1\" content=\"1 ,399.00&nbsp;&#107;&#114;\" \/>\n\t<meta name=\"twitter:label2\" content=\"Availability\" \/>\n\t<meta name=\"twitter:data2\" content=\"Out of stock\" \/>\n<script type=\"application\/ld+json\" class=\"yoast-schema-graph\">{\"@context\":\"https:\/\/schema.org\",\"@graph\":[{\"@type\":\"WebPage\",\"@id\":\"https:\/\/www.swizzle.se\/produkt\/superdeal-25g-thca-gold-bar\/\",\"url\":\"https:\/\/www.swizzle.se\/produkt\/superdeal-25g-thca-gold-bar\/\",\"name\":\"SUPERDEAL! 25g THCA Gold Bar\",\"isPartOf\":{\"@id\":\"https:\/\/staging.swizzle.se\/#website\"},\"primaryImageOfPage\":{\"@id\":\"https:\/\/www.swizzle.se\/produkt\/superdeal-25g-thca-gold-bar\/#primaryimage\"},\"image\":{\"@id\":\"https:\/\/www.swizzle.se\/produkt\/superdeal-25g-thca-gold-bar\/#primaryimage\"},\"thumbnailUrl\":\"https:\/\/staging.swizzle.se\/wp-content\/uploads\/2025\/11\/ratt-bakrund-canadips-2025-11-30T115909.768.jpg\",\"datePublished\":\"2025-11-24T10:22:39+00:00\",\"dateModified\":\"2025-12-29T12:27:32+00:00\",\"description\":\"SUPERDEAL! 25g THCA Gold Bar. PASSA P\u00c5 DETTA GRYMMA ERBJUDANDE!Black Week deal, 25 g THCA Gold Bar f\u00f6r 1399kr! (55.9\/g) swizzle.se\",\"breadcrumb\":{\"@id\":\"https:\/\/www.swizzle.se\/produkt\/superdeal-25g-thca-gold-bar\/#breadcrumb\"},\"inLanguage\":\"en-GB\",\"potentialAction\":[{\"@type\":\"ReadAction\",\"target\":[\"https:\/\/www.swizzle.se\/produkt\/superdeal-25g-thca-gold-bar\/\"]}]},{\"@type\":\"ImageObject\",\"inLanguage\":\"en-GB\",\"@id\":\"https:\/\/www.swizzle.se\/produkt\/superdeal-25g-thca-gold-bar\/#primaryimage\",\"url\":\"https:\/\/staging.swizzle.se\/wp-content\/uploads\/2025\/11\/ratt-bakrund-canadips-2025-11-30T115909.768.jpg\",\"contentUrl\":\"https:\/\/staging.swizzle.se\/wp-content\/uploads\/2025\/11\/ratt-bakrund-canadips-2025-11-30T115909.768.jpg\",\"width\":600,\"height\":600,\"caption\":\"SUPERDEAL! 25g THCA Gold Bar\"},{\"@type\":\"BreadcrumbList\",\"@id\":\"https:\/\/www.swizzle.se\/produkt\/superdeal-25g-thca-gold-bar\/#breadcrumb\",\"itemListElement\":[{\"@type\":\"ListItem\",\"position\":1,\"name\":\"Home\",\"item\":\"https:\/\/www.swizzle.se\/\"},{\"@type\":\"ListItem\",\"position\":2,\"name\":\"Shop\",\"item\":\"https:\/\/www.swizzle.se\/shop\/\"},{\"@type\":\"ListItem\",\"position\":3,\"name\":\"THCA\",\"item\":\"https:\/\/www.swizzle.se\/produkt-kategori\/thca\/\"},{\"@type\":\"ListItem\",\"position\":4,\"name\":\"SUPERDEAL! 25g THCA Gold Bar\"}]},{\"@type\":\"WebSite\",\"@id\":\"https:\/\/staging.swizzle.se\/#website\",\"url\":\"https:\/\/staging.swizzle.se\/\",\"name\":\"Swizzle\",\"description\":\"Nikotin CBD Vapes Snus White Portion\",\"publisher\":{\"@id\":\"https:\/\/staging.swizzle.se\/#organization\"},\"potentialAction\":[{\"@type\":\"SearchAction\",\"target\":{\"@type\":\"EntryPoint\",\"urlTemplate\":\"https:\/\/staging.swizzle.se\/?s={search_term_string}\"},\"query-input\":{\"@type\":\"PropertyValueSpecification\",\"valueRequired\":true,\"valueName\":\"search_term_string\"}}],\"inLanguage\":\"en-GB\"},{\"@type\":\"Organization\",\"@id\":\"https:\/\/staging.swizzle.se\/#organization\",\"name\":\"Swizzle\",\"url\":\"https:\/\/staging.swizzle.se\/\",\"logo\":{\"@type\":\"ImageObject\",\"inLanguage\":\"en-GB\",\"@id\":\"https:\/\/staging.swizzle.se\/#\/schema\/logo\/image\/\",\"url\":\"https:\/\/staging.swizzle.se\/wp-content\/uploads\/2025\/10\/cropped-SWIZZLE.-4.png\",\"contentUrl\":\"https:\/\/staging.swizzle.se\/wp-content\/uploads\/2025\/10\/cropped-SWIZZLE.-4.png\",\"width\":800,\"height\":267,\"caption\":\"Swizzle\"},\"image\":{\"@id\":\"https:\/\/staging.swizzle.se\/#\/schema\/logo\/image\/\"},\"hasMerchantReturnPolicy\":{\"@type\":\"MerchantReturnPolicy\",\"merchantReturnLink\":\"https:\/\/staging.swizzle.se\/en\/villkor\/\"}}]}<\/script>\n<meta property=\"product:price:amount\" content=\"1399.00\" \/>\n<meta property=\"product:price:currency\" content=\"SEK\" \/>\n<meta property=\"og:availability\" content=\"out of stock\" \/>\n<meta property=\"product:availability\" content=\"out of stock\" \/>\n<meta property=\"product:condition\" content=\"new\" \/>\n<!-- \/ Yoast SEO Premium plugin. -->","yoast_head_json":{"title":"SUPERDEAL! 25g THCA Gold Bar","description":"SUPERDEAL! 25g THCA Gold Bar. PASSA P\u00c5 DETTA GRYMMA ERBJUDANDE!Black Week deal, 25 g THCA Gold Bar f\u00f6r 1399kr! (55.9\/g) swizzle.se","robots":{"index":"noindex","follow":"follow","max-snippet":"max-snippet:-1","max-image-preview":"max-image-preview:large","max-video-preview":"max-video-preview:-1"},"og_locale":"en_GB","og_type":"article","og_title":"SUPERDEAL! 25g THCA Gold Bar","og_description":"SUPERDEAL! 25g THCA Gold Bar. PASSA P\u00c5 DETTA GRYMMA ERBJUDANDE!Black Week deal, 25 g THCA Gold Bar f\u00f6r 1399kr! (55.9\/g) swizzle.se","og_url":"https:\/\/www.swizzle.se\/produkt\/superdeal-25g-thca-gold-bar\/","og_site_name":"Swizzle","article_modified_time":"2025-12-29T12:27:32+00:00","og_image":[{"width":600,"height":600,"url":"https:\/\/www.swizzle.se\/wp-content\/uploads\/2025\/11\/ratt-bakrund-canadips-2025-11-30T115909.768.jpg","type":"image\/jpeg"}],"twitter_card":"summary_large_image","twitter_misc":{"Price":"1 ,399.00&nbsp;&#107;&#114;","Availability":"Out of stock"},"schema":{"@context":"https:\/\/schema.org","@graph":[{"@type":"WebPage","@id":"https:\/\/www.swizzle.se\/produkt\/superdeal-25g-thca-gold-bar\/","url":"https:\/\/www.swizzle.se\/produkt\/superdeal-25g-thca-gold-bar\/","name":"SUPERDEAL! 25g THCA Gold Bar","isPartOf":{"@id":"https:\/\/staging.swizzle.se\/#website"},"primaryImageOfPage":{"@id":"https:\/\/www.swizzle.se\/produkt\/superdeal-25g-thca-gold-bar\/#primaryimage"},"image":{"@id":"https:\/\/www.swizzle.se\/produkt\/superdeal-25g-thca-gold-bar\/#primaryimage"},"thumbnailUrl":"https:\/\/staging.swizzle.se\/wp-content\/uploads\/2025\/11\/ratt-bakrund-canadips-2025-11-30T115909.768.jpg","datePublished":"2025-11-24T10:22:39+00:00","dateModified":"2025-12-29T12:27:32+00:00","description":"SUPERDEAL! 25g THCA Gold Bar. PASSA P\u00c5 DETTA GRYMMA ERBJUDANDE!Black Week deal, 25 g THCA Gold Bar f\u00f6r 1399kr! (55.9\/g) swizzle.se","breadcrumb":{"@id":"https:\/\/www.swizzle.se\/produkt\/superdeal-25g-thca-gold-bar\/#breadcrumb"},"inLanguage":"en-GB","potentialAction":[{"@type":"ReadAction","target":["https:\/\/www.swizzle.se\/produkt\/superdeal-25g-thca-gold-bar\/"]}]},{"@type":"ImageObject","inLanguage":"en-GB","@id":"https:\/\/www.swizzle.se\/produkt\/superdeal-25g-thca-gold-bar\/#primaryimage","url":"https:\/\/staging.swizzle.se\/wp-content\/uploads\/2025\/11\/ratt-bakrund-canadips-2025-11-30T115909.768.jpg","contentUrl":"https:\/\/staging.swizzle.se\/wp-content\/uploads\/2025\/11\/ratt-bakrund-canadips-2025-11-30T115909.768.jpg","width":600,"height":600,"caption":"SUPERDEAL! 25g THCA Gold Bar"},{"@type":"BreadcrumbList","@id":"https:\/\/www.swizzle.se\/produkt\/superdeal-25g-thca-gold-bar\/#breadcrumb","itemListElement":[{"@type":"ListItem","position":1,"name":"Home","item":"https:\/\/www.swizzle.se\/"},{"@type":"ListItem","position":2,"name":"Shop","item":"https:\/\/www.swizzle.se\/shop\/"},{"@type":"ListItem","position":3,"name":"THCA","item":"https:\/\/www.swizzle.se\/produkt-kategori\/thca\/"},{"@type":"ListItem","position":4,"name":"SUPERDEAL! 25g THCA Gold Bar"}]},{"@type":"WebSite","@id":"https:\/\/staging.swizzle.se\/#website","url":"https:\/\/staging.swizzle.se\/","name":"Swizzle","description":"Nicotine CBD Vapes Snus White Portion","publisher":{"@id":"https:\/\/staging.swizzle.se\/#organization"},"potentialAction":[{"@type":"SearchAction","target":{"@type":"EntryPoint","urlTemplate":"https:\/\/staging.swizzle.se\/?s={search_term_string}"},"query-input":{"@type":"PropertyValueSpecification","valueRequired":true,"valueName":"search_term_string"}}],"inLanguage":"en-GB"},{"@type":"Organization","@id":"https:\/\/staging.swizzle.se\/#organization","name":"Swizzle","url":"https:\/\/staging.swizzle.se\/","logo":{"@type":"ImageObject","inLanguage":"en-GB","@id":"https:\/\/staging.swizzle.se\/#\/schema\/logo\/image\/","url":"https:\/\/staging.swizzle.se\/wp-content\/uploads\/2025\/10\/cropped-SWIZZLE.-4.png","contentUrl":"https:\/\/staging.swizzle.se\/wp-content\/uploads\/2025\/10\/cropped-SWIZZLE.-4.png","width":800,"height":267,"caption":"Swizzle"},"image":{"@id":"https:\/\/staging.swizzle.se\/#\/schema\/logo\/image\/"},"hasMerchantReturnPolicy":{"@type":"MerchantReturnPolicy","merchantReturnLink":"https:\/\/staging.swizzle.se\/en\/villkor\/"}}]},"product_price_amount":"1399.00","product_price_currency":"SEK","og_availability":"out of stock","product_availability":"out of stock","product_condition":"new"},"tiered_pricing_type":"fixed","tiered_pricing_fixed_rules":[],"tiered_pricing_product_settings":{"layout":"default","base_unit_name":{"singular":null,"plural":null},"default_variation":null},"tiered_pricing_minimum_quantity":null,"tiered_pricing_roles_data":[],"tiered_pricing_percentage_rules":[],"tiered_pricing_maximum_quantity":null,"tiered_pricing_quantity_step":null,"_links":{"self":[{"href":"https:\/\/staging.swizzle.se\/en\/wp-json\/wp\/v2\/product\/279825","targetHints":{"allow":["GET"]}}],"collection":[{"href":"https:\/\/staging.swizzle.se\/en\/wp-json\/wp\/v2\/product"}],"about":[{"href":"https:\/\/staging.swizzle.se\/en\/wp-json\/wp\/v2\/types\/product"}],"replies":[{"embeddable":true,"href":"https:\/\/staging.swizzle.se\/en\/wp-json\/wp\/v2\/comments?post=279825"}],"version-history":[{"count":0,"href":"https:\/\/staging.swizzle.se\/en\/wp-json\/wp\/v2\/product\/279825\/revisions"}],"wp:featuredmedia":[{"embeddable":true,"href":"https:\/\/staging.swizzle.se\/en\/wp-json\/wp\/v2\/media\/280416"}],"wp:attachment":[{"href":"https:\/\/staging.swizzle.se\/en\/wp-json\/wp\/v2\/media?parent=279825"}],"wp:term":[{"taxonomy":"product_brand","embeddable":true,"href":"https:\/\/staging.swizzle.se\/en\/wp-json\/wp\/v2\/product_brand?post=279825"},{"taxonomy":"product_cat","embeddable":true,"href":"https:\/\/staging.swizzle.se\/en\/wp-json\/wp\/v2\/product_cat?post=279825"},{"taxonomy":"product_tag","embeddable":true,"href":"https:\/\/staging.swizzle.se\/en\/wp-json\/wp\/v2\/product_tag?post=279825"},{"taxonomy":"superdeal","embeddable":true,"href":"https:\/\/staging.swizzle.se\/en\/wp-json\/wp\/v2\/superdeal?post=279825"},{"taxonomy":"product_variant_id","embeddable":true,"href":"https:\/\/staging.swizzle.se\/en\/wp-json\/wp\/v2\/product_variant_id?post=279825"}],"curies":[{"name":"wp","href":"https:\/\/api.w.org\/{rel}","templated":true}]}}