{"id":279492,"date":"2025-11-20T12:28:17","date_gmt":"2025-11-20T12:28:17","guid":{"rendered":"https:\/\/staging.swizzle.se\/?post_type=product&#038;p=279492"},"modified":"2026-02-04T14:03:33","modified_gmt":"2026-02-04T14:03:33","slug":"cartridge-1ml-magic-sauce-gorilla-cookies","status":"publish","type":"product","link":"https:\/\/staging.swizzle.se\/en\/product-2\/cartridge-1ml-magic-sauce-gorilla-cookies\/","title":{"rendered":"Cartridge 1ml Magic Sauce \u2013 Gorilla Cookies"},"content":{"rendered":"<article class=\"text-token-text-primary w-full focus:outline-none [--shadow-height:45px] has-data-writing-block:pointer-events-none has-data-writing-block:-mt-(--shadow-height) has-data-writing-block:pt-(--shadow-height) [&amp;:has([data-writing-block])&gt;*]:pointer-events-auto [content-visibility:auto] supports-[content-visibility:auto]:[contain-intrinsic-size:auto_100lvh] scroll-mt-[calc(var(--header-height)+min(200px,max(70px,20svh)))]\" dir=\"auto\" tabindex=\"-1\" data-turn-id=\"request-69144e11-849c-832e-a466-d75ade3e922d-32\" data-testid=\"conversation-turn-44\" data-scroll-anchor=\"true\" data-turn=\"assistant\">\n<div class=\"text-base my-auto mx-auto pb-10 [--thread-content-margin:--spacing(4)] thread-sm:[--thread-content-margin:--spacing(6)] thread-lg:[--thread-content-margin:--spacing(16)] px-(--thread-content-margin)\">\n<div class=\"[--thread-content-max-width:40rem] thread-lg:[--thread-content-max-width:48rem] mx-auto max-w-(--thread-content-max-width) flex-1 group\/turn-messages focus-visible:outline-hidden relative flex w-full min-w-0 flex-col agent-turn\" tabindex=\"-1\">\n<div class=\"flex max-w-full flex-col grow\">\n<div class=\"min-h-8 text-message relative flex w-full flex-col items-end gap-2 text-start break-words whitespace-normal [.text-message+&amp;]:mt-1\" dir=\"auto\" data-message-author-role=\"assistant\" data-message-id=\"df7d637a-ef78-4716-8b48-384916450ac2\" data-message-model-slug=\"gpt-5-1\">\n<div class=\"flex w-full flex-col gap-1 empty:hidden first:pt-[1px]\">\n<div class=\"markdown prose dark:prose-invert w-full break-words light markdown-new-styling\">\n<h1 data-start=\"150\" data-end=\"201\"><strong data-start=\"154\" data-end=\"201\">Cartridge 1ml Magic Sauce \u2013 Gorilla Cookies<\/strong><\/h1>\n<p data-start=\"203\" data-end=\"458\">G\u00f6r plats i din samling f\u00f6r Gorilla Cookies \u2013 en av de mest kraftfulla och karakteristiska aromkombinationerna i Magic Sauce-serien. Den h\u00e4r varianten \u00e4r skapad f\u00f6r dig som gillar ett djupare, robustare uttryck och en aromprofil som verkligen tar f\u00f6r sig.<\/p>\n<p data-start=\"203\" data-end=\"458\"><strong>OBS! alla cartridges m\u00e5ste kombineras med batteri f\u00f6r att anv\u00e4ndas. Vi har flera modeller bland annat denna:\u00a0<a href=\"https:\/\/staging.swizzle.se\/en\/product-2\/ccell-m3-batteri\/\">CCELL M3 batteri 510 g\u00e4ngning<\/a><\/strong><\/p>\n<p data-start=\"460\" data-end=\"736\">Gorilla Cookies bjuder p\u00e5 intensiva, jordiga toner kombinerat med subtila s\u00f6ta nyanser som skapar en unik och balanserad karakt\u00e4r. Det \u00e4r en variant som k\u00e4nns b\u00e5de r\u00e5 och raffinerad p\u00e5 samma g\u00e5ng \u2013 perfekt f\u00f6r samlare som uppskattar produkter med lite extra tyngd och n\u00e4rvaro.<\/p>\n<p data-start=\"738\" data-end=\"959\">Cartridgen rymmer 1 ml och \u00e4r designad f\u00f6r att vara kompakt, stilren och l\u00e4tt att hantera. Den passar perfekt i b\u00e5de mindre och st\u00f6rre samlingar, och den ikoniska Gorilla Cookies-aromen g\u00f6r den till ett riktigt blickf\u00e5ng.<\/p>\n<h4 data-start=\"961\" data-end=\"980\"><strong data-start=\"966\" data-end=\"980\">Egenskaper<\/strong><\/h4>\n<ul data-start=\"981\" data-end=\"1180\">\n<li data-start=\"981\" data-end=\"996\">\n<p data-start=\"983\" data-end=\"996\">Volym: 1 ml<\/p>\n<\/li>\n<li data-start=\"997\" data-end=\"1025\">\n<p data-start=\"999\" data-end=\"1025\">Variant: Gorilla Cookies<\/p>\n<\/li>\n<li data-start=\"1026\" data-end=\"1068\">\n<p data-start=\"1028\" data-end=\"1068\">Djup, robust och balanserad aromprofil<\/p>\n<\/li>\n<li data-start=\"1069\" data-end=\"1109\">\n<p data-start=\"1071\" data-end=\"1109\">Smidig, kompakt och l\u00e4tt att f\u00f6rvara<\/p>\n<\/li>\n<li data-start=\"1110\" data-end=\"1180\">\n<p data-start=\"1112\" data-end=\"1180\">Utm\u00e4rkt tillskott f\u00f6r dig som samlar unika cartridges med karakt\u00e4r<\/p>\n<\/li>\n<\/ul>\n<p>Se \u00e4ven v\u00e5ra <a href=\"https:\/\/staging.swizzle.se\/en\/product-category\/cannabinoider\/magic-sauce\/magic-sauce-buds\/\">magic sauce buds<\/a><\/p>\n<p data-start=\"1182\" data-end=\"1307\">Gorilla Cookies \u00e4r det sj\u00e4lvklara valet n\u00e4r du vill ha n\u00e5got med kraft, personlighet och en arom som sticker ut fr\u00e5n m\u00e4ngden.<\/p>\n<hr data-start=\"1309\" data-end=\"1312\" \/>\n<p data-start=\"1314\" data-end=\"1661\" data-is-last-node=\"\" data-is-only-node=\"\"><strong data-start=\"1314\" data-end=\"1322\">Obs!<\/strong><br data-start=\"1322\" data-end=\"1325\" \/>Du m\u00e5ste vara minst 18 \u00e5r f\u00f6r att k\u00f6pa denna produkt. Den \u00e4r inte avsedd som l\u00e4kemedel, kosttillskott eller naturprodukt. Vi uppmuntrar inte till konsumtion eller r\u00f6kning av denna produkt. F\u00f6rvara den utom r\u00e4ckh\u00e5ll f\u00f6r barn. Vi friskriver oss fr\u00e5n hur du som kund anv\u00e4nder v\u00e5ra produkter. Vi s\u00e4ljer dem f\u00f6r samlings- och prydnadssyften.<\/p>\n<\/div>\n<\/div>\n<\/div>\n<\/div>\n<\/div>\n<\/div>\n<\/article>","protected":false},"excerpt":{"rendered":"<p data-start=\"150\" data-end=\"201\"><strong>Cartridge 1ml Magic Sauce \u2013 Gorilla Cookies<\/strong><\/p>\n<p data-start=\"203\" data-end=\"458\">G\u00f6r plats i din samling f\u00f6r Gorilla Cookies \u2013 en av de mest kraftfulla och karakteristiska aromkombinationerna i Magic Sauce-serien. Den h\u00e4r varianten \u00e4r skapad f\u00f6r dig som gillar ett djupare, robustare uttryck och en aromprofil som verkligen tar f\u00f6r sig.<\/p>\n<p data-start=\"203\" data-end=\"458\"><strong>OBS! alla cartridges m\u00e5ste kombineras med batteri f\u00f6r att anv\u00e4ndas. Vi har flera modeller bland annat denna:\u00a0<a href=\"https:\/\/staging.swizzle.se\/en\/product-2\/ccell-m3-batteri\/\">CCELL M3 batteri 510 g\u00e4ngning<\/a><\/strong><\/p>","protected":false},"featured_media":279516,"comment_status":"closed","ping_status":"closed","template":"","meta":{"site-sidebar-layout":"default","site-content-layout":"","ast-site-content-layout":"default","site-content-style":"default","site-sidebar-style":"default","ast-global-header-display":"","ast-banner-title-visibility":"","ast-main-header-display":"","ast-hfb-above-header-display":"","ast-hfb-below-header-display":"","ast-hfb-mobile-header-display":"","site-post-title":"","ast-breadcrumbs-content":"","ast-featured-img":"","footer-sml-layout":"","ast-disable-related-posts":"","theme-transparent-header-meta":"default","adv-header-id-meta":"","stick-header-meta":"default","header-above-stick-meta":"","header-main-stick-meta":"","header-below-stick-meta":"","astra-migrate-meta-layouts":"set","ast-page-background-enabled":"default","ast-page-background-meta":{"desktop":{"background-color":"var(--ast-global-color-4)","background-image":"","background-repeat":"repeat","background-position":"center center","background-size":"auto","background-attachment":"scroll","background-type":"","background-media":"","overlay-type":"","overlay-color":"","overlay-opacity":"","overlay-gradient":""},"tablet":{"background-color":"","background-image":"","background-repeat":"repeat","background-position":"center center","background-size":"auto","background-attachment":"scroll","background-type":"","background-media":"","overlay-type":"","overlay-color":"","overlay-opacity":"","overlay-gradient":""},"mobile":{"background-color":"","background-image":"","background-repeat":"repeat","background-position":"center center","background-size":"auto","background-attachment":"scroll","background-type":"","background-media":"","overlay-type":"","overlay-color":"","overlay-opacity":"","overlay-gradient":""}},"ast-content-background-meta":{"desktop":{"background-color":"var(--ast-global-color-5)","background-image":"","background-repeat":"repeat","background-position":"center center","background-size":"auto","background-attachment":"scroll","background-type":"","background-media":"","overlay-type":"","overlay-color":"","overlay-opacity":"","overlay-gradient":""},"tablet":{"background-color":"var(--ast-global-color-5)","background-image":"","background-repeat":"repeat","background-position":"center center","background-size":"auto","background-attachment":"scroll","background-type":"","background-media":"","overlay-type":"","overlay-color":"","overlay-opacity":"","overlay-gradient":""},"mobile":{"background-color":"var(--ast-global-color-5)","background-image":"","background-repeat":"repeat","background-position":"center center","background-size":"auto","background-attachment":"scroll","background-type":"","background-media":"","overlay-type":"","overlay-color":"","overlay-opacity":"","overlay-gradient":""}}},"product_brand":[756],"product_cat":[334,509,655],"product_tag":[],"superdeal":[],"product_variant_id":[],"class_list":{"0":"post-279492","1":"product","2":"type-product","3":"status-publish","4":"has-post-thumbnail","6":"product_brand-magic-farmers","7":"product_cat-cannabinoider","8":"product_cat-magic-sauce","9":"product_cat-magic-sauce-cartridges","10":"desktop-align-center","11":"tablet-align-left","12":"mobile-align-left","13":"ast-product-gallery-layout-horizontal-slider","14":"ast-product-gallery-with-no-image","15":"ast-magnify-disabled","16":"ast-product-tabs-layout-horizontal","18":"first","19":"instock","20":"taxable","21":"shipping-taxable","22":"purchasable","23":"product-type-simple"},"yoast_head":"<!-- This site is optimized with the Yoast SEO Premium plugin v26.9 (Yoast SEO v26.9) - https:\/\/yoast.com\/product\/yoast-seo-premium-wordpress\/ -->\n<title>Cartridge 1ml Magic Sauce \u2013 Gorilla Cookies<\/title>\n<meta name=\"description\" content=\"Cartridge 1ml Magic Sauce \u2013 Gorilla Cookies \u2013 en av de mest kraftfulla och karakteristiska aromkombinationerna i Magic Sauce-serien\" \/>\n<meta name=\"robots\" content=\"noindex, follow, max-snippet:-1, max-image-preview:large, max-video-preview:-1\" \/>\n<meta property=\"og:locale\" content=\"en_GB\" \/>\n<meta property=\"og:type\" content=\"article\" \/>\n<meta property=\"og:title\" content=\"Cartridge 1ml Magic Sauce \u2013 Gorilla Cookies\" \/>\n<meta property=\"og:description\" content=\"Cartridge 1ml Magic Sauce \u2013 Gorilla Cookies \u2013 en av de mest kraftfulla och karakteristiska aromkombinationerna i Magic Sauce-serien\" \/>\n<meta property=\"og:url\" content=\"https:\/\/www.swizzle.se\/produkt\/cartridge-1ml-magic-sauce-gorilla-cookies\/\" \/>\n<meta property=\"og:site_name\" content=\"Swizzle\" \/>\n<meta property=\"article:modified_time\" content=\"2026-02-04T14:03:33+00:00\" \/>\n<meta property=\"og:image\" content=\"https:\/\/www.swizzle.se\/wp-content\/uploads\/2025\/11\/MOCKUP-VAPE-CARTOUCHE-1-BLANCHE-GORILLA-MF.webp\" \/>\n\t<meta property=\"og:image:width\" content=\"800\" \/>\n\t<meta property=\"og:image:height\" content=\"800\" \/>\n\t<meta property=\"og:image:type\" content=\"image\/webp\" \/>\n<meta name=\"twitter:card\" content=\"summary_large_image\" \/>\n<meta name=\"twitter:label1\" content=\"Price\" \/>\n\t<meta name=\"twitter:data1\" content=\"389.00&nbsp;&#107;&#114;\" \/>\n\t<meta name=\"twitter:label2\" content=\"Availability\" \/>\n\t<meta name=\"twitter:data2\" content=\"In stock\" \/>\n<script type=\"application\/ld+json\" class=\"yoast-schema-graph\">{\"@context\":\"https:\/\/schema.org\",\"@graph\":[{\"@type\":\"WebPage\",\"@id\":\"https:\/\/www.swizzle.se\/produkt\/cartridge-1ml-magic-sauce-gorilla-cookies\/\",\"url\":\"https:\/\/www.swizzle.se\/produkt\/cartridge-1ml-magic-sauce-gorilla-cookies\/\",\"name\":\"Cartridge 1ml Magic Sauce \u2013 Gorilla Cookies\",\"isPartOf\":{\"@id\":\"https:\/\/staging.swizzle.se\/#website\"},\"primaryImageOfPage\":{\"@id\":\"https:\/\/www.swizzle.se\/produkt\/cartridge-1ml-magic-sauce-gorilla-cookies\/#primaryimage\"},\"image\":{\"@id\":\"https:\/\/www.swizzle.se\/produkt\/cartridge-1ml-magic-sauce-gorilla-cookies\/#primaryimage\"},\"thumbnailUrl\":\"https:\/\/staging.swizzle.se\/wp-content\/uploads\/2025\/11\/MOCKUP-VAPE-CARTOUCHE-1-BLANCHE-GORILLA-MF.webp\",\"datePublished\":\"2025-11-20T12:28:17+00:00\",\"dateModified\":\"2026-02-04T14:03:33+00:00\",\"description\":\"Cartridge 1ml Magic Sauce \u2013 Gorilla Cookies \u2013 en av de mest kraftfulla och karakteristiska aromkombinationerna i Magic Sauce-serien\",\"breadcrumb\":{\"@id\":\"https:\/\/www.swizzle.se\/produkt\/cartridge-1ml-magic-sauce-gorilla-cookies\/#breadcrumb\"},\"inLanguage\":\"en-GB\",\"potentialAction\":[{\"@type\":\"ReadAction\",\"target\":[\"https:\/\/www.swizzle.se\/produkt\/cartridge-1ml-magic-sauce-gorilla-cookies\/\"]}]},{\"@type\":\"ImageObject\",\"inLanguage\":\"en-GB\",\"@id\":\"https:\/\/www.swizzle.se\/produkt\/cartridge-1ml-magic-sauce-gorilla-cookies\/#primaryimage\",\"url\":\"https:\/\/staging.swizzle.se\/wp-content\/uploads\/2025\/11\/MOCKUP-VAPE-CARTOUCHE-1-BLANCHE-GORILLA-MF.webp\",\"contentUrl\":\"https:\/\/staging.swizzle.se\/wp-content\/uploads\/2025\/11\/MOCKUP-VAPE-CARTOUCHE-1-BLANCHE-GORILLA-MF.webp\",\"width\":800,\"height\":800,\"caption\":\"cartridge magic sauce gorilla cookies\"},{\"@type\":\"BreadcrumbList\",\"@id\":\"https:\/\/www.swizzle.se\/produkt\/cartridge-1ml-magic-sauce-gorilla-cookies\/#breadcrumb\",\"itemListElement\":[{\"@type\":\"ListItem\",\"position\":1,\"name\":\"Home\",\"item\":\"https:\/\/www.swizzle.se\/\"},{\"@type\":\"ListItem\",\"position\":2,\"name\":\"Shop\",\"item\":\"https:\/\/www.swizzle.se\/shop\/\"},{\"@type\":\"ListItem\",\"position\":3,\"name\":\"CANNABINOIDER\",\"item\":\"https:\/\/www.swizzle.se\/produkt-kategori\/cannabinoider\/\"},{\"@type\":\"ListItem\",\"position\":4,\"name\":\"Magic Sauce\",\"item\":\"https:\/\/www.swizzle.se\/produkt-kategori\/cannabinoider\/magic-sauce\/\"},{\"@type\":\"ListItem\",\"position\":5,\"name\":\"Magic Sauce Cartridges\",\"item\":\"https:\/\/www.swizzle.se\/produkt-kategori\/cannabinoider\/magic-sauce\/magic-sauce-cartridges\/\"},{\"@type\":\"ListItem\",\"position\":6,\"name\":\"Cartridge 1ml Magic Sauce \u2013 Gorilla Cookies\"}]},{\"@type\":\"WebSite\",\"@id\":\"https:\/\/staging.swizzle.se\/#website\",\"url\":\"https:\/\/staging.swizzle.se\/\",\"name\":\"Swizzle\",\"description\":\"Nikotin CBD Vapes Snus White Portion\",\"publisher\":{\"@id\":\"https:\/\/staging.swizzle.se\/#organization\"},\"potentialAction\":[{\"@type\":\"SearchAction\",\"target\":{\"@type\":\"EntryPoint\",\"urlTemplate\":\"https:\/\/staging.swizzle.se\/?s={search_term_string}\"},\"query-input\":{\"@type\":\"PropertyValueSpecification\",\"valueRequired\":true,\"valueName\":\"search_term_string\"}}],\"inLanguage\":\"en-GB\"},{\"@type\":\"Organization\",\"@id\":\"https:\/\/staging.swizzle.se\/#organization\",\"name\":\"Swizzle\",\"url\":\"https:\/\/staging.swizzle.se\/\",\"logo\":{\"@type\":\"ImageObject\",\"inLanguage\":\"en-GB\",\"@id\":\"https:\/\/staging.swizzle.se\/#\/schema\/logo\/image\/\",\"url\":\"https:\/\/staging.swizzle.se\/wp-content\/uploads\/2025\/10\/cropped-SWIZZLE.-4.png\",\"contentUrl\":\"https:\/\/staging.swizzle.se\/wp-content\/uploads\/2025\/10\/cropped-SWIZZLE.-4.png\",\"width\":800,\"height\":267,\"caption\":\"Swizzle\"},\"image\":{\"@id\":\"https:\/\/staging.swizzle.se\/#\/schema\/logo\/image\/\"},\"hasMerchantReturnPolicy\":{\"@type\":\"MerchantReturnPolicy\",\"merchantReturnLink\":\"https:\/\/staging.swizzle.se\/en\/villkor\/\"}}]}<\/script>\n<meta property=\"product:price:amount\" content=\"389.00\" \/>\n<meta property=\"product:price:currency\" content=\"SEK\" \/>\n<meta property=\"og:availability\" content=\"instock\" \/>\n<meta property=\"product:availability\" content=\"instock\" \/>\n<meta property=\"product:retailer_item_id\" content=\"MScartGC\" \/>\n<meta property=\"product:condition\" content=\"new\" \/>\n<!-- \/ Yoast SEO Premium plugin. -->","yoast_head_json":{"title":"Cartridge 1ml Magic Sauce \u2013 Gorilla Cookies","description":"Cartridge 1ml Magic Sauce \u2013 Gorilla Cookies \u2013 en av de mest kraftfulla och karakteristiska aromkombinationerna i Magic Sauce-serien","robots":{"index":"noindex","follow":"follow","max-snippet":"max-snippet:-1","max-image-preview":"max-image-preview:large","max-video-preview":"max-video-preview:-1"},"og_locale":"en_GB","og_type":"article","og_title":"Cartridge 1ml Magic Sauce \u2013 Gorilla Cookies","og_description":"Cartridge 1ml Magic Sauce \u2013 Gorilla Cookies \u2013 en av de mest kraftfulla och karakteristiska aromkombinationerna i Magic Sauce-serien","og_url":"https:\/\/www.swizzle.se\/produkt\/cartridge-1ml-magic-sauce-gorilla-cookies\/","og_site_name":"Swizzle","article_modified_time":"2026-02-04T14:03:33+00:00","og_image":[{"width":800,"height":800,"url":"https:\/\/www.swizzle.se\/wp-content\/uploads\/2025\/11\/MOCKUP-VAPE-CARTOUCHE-1-BLANCHE-GORILLA-MF.webp","type":"image\/webp"}],"twitter_card":"summary_large_image","twitter_misc":{"Price":"389.00&nbsp;&#107;&#114;","Availability":"In stock"},"schema":{"@context":"https:\/\/schema.org","@graph":[{"@type":"WebPage","@id":"https:\/\/www.swizzle.se\/produkt\/cartridge-1ml-magic-sauce-gorilla-cookies\/","url":"https:\/\/www.swizzle.se\/produkt\/cartridge-1ml-magic-sauce-gorilla-cookies\/","name":"Cartridge 1ml Magic Sauce \u2013 Gorilla Cookies","isPartOf":{"@id":"https:\/\/staging.swizzle.se\/#website"},"primaryImageOfPage":{"@id":"https:\/\/www.swizzle.se\/produkt\/cartridge-1ml-magic-sauce-gorilla-cookies\/#primaryimage"},"image":{"@id":"https:\/\/www.swizzle.se\/produkt\/cartridge-1ml-magic-sauce-gorilla-cookies\/#primaryimage"},"thumbnailUrl":"https:\/\/staging.swizzle.se\/wp-content\/uploads\/2025\/11\/MOCKUP-VAPE-CARTOUCHE-1-BLANCHE-GORILLA-MF.webp","datePublished":"2025-11-20T12:28:17+00:00","dateModified":"2026-02-04T14:03:33+00:00","description":"Cartridge 1ml Magic Sauce \u2013 Gorilla Cookies \u2013 en av de mest kraftfulla och karakteristiska aromkombinationerna i Magic Sauce-serien","breadcrumb":{"@id":"https:\/\/www.swizzle.se\/produkt\/cartridge-1ml-magic-sauce-gorilla-cookies\/#breadcrumb"},"inLanguage":"en-GB","potentialAction":[{"@type":"ReadAction","target":["https:\/\/www.swizzle.se\/produkt\/cartridge-1ml-magic-sauce-gorilla-cookies\/"]}]},{"@type":"ImageObject","inLanguage":"en-GB","@id":"https:\/\/www.swizzle.se\/produkt\/cartridge-1ml-magic-sauce-gorilla-cookies\/#primaryimage","url":"https:\/\/staging.swizzle.se\/wp-content\/uploads\/2025\/11\/MOCKUP-VAPE-CARTOUCHE-1-BLANCHE-GORILLA-MF.webp","contentUrl":"https:\/\/staging.swizzle.se\/wp-content\/uploads\/2025\/11\/MOCKUP-VAPE-CARTOUCHE-1-BLANCHE-GORILLA-MF.webp","width":800,"height":800,"caption":"cartridge magic sauce gorilla cookies"},{"@type":"BreadcrumbList","@id":"https:\/\/www.swizzle.se\/produkt\/cartridge-1ml-magic-sauce-gorilla-cookies\/#breadcrumb","itemListElement":[{"@type":"ListItem","position":1,"name":"Home","item":"https:\/\/www.swizzle.se\/"},{"@type":"ListItem","position":2,"name":"Shop","item":"https:\/\/www.swizzle.se\/shop\/"},{"@type":"ListItem","position":3,"name":"CANNABINOIDER","item":"https:\/\/www.swizzle.se\/produkt-kategori\/cannabinoider\/"},{"@type":"ListItem","position":4,"name":"Magic Sauce","item":"https:\/\/www.swizzle.se\/produkt-kategori\/cannabinoider\/magic-sauce\/"},{"@type":"ListItem","position":5,"name":"Magic Sauce Cartridges","item":"https:\/\/www.swizzle.se\/produkt-kategori\/cannabinoider\/magic-sauce\/magic-sauce-cartridges\/"},{"@type":"ListItem","position":6,"name":"Cartridge 1ml Magic Sauce \u2013 Gorilla Cookies"}]},{"@type":"WebSite","@id":"https:\/\/staging.swizzle.se\/#website","url":"https:\/\/staging.swizzle.se\/","name":"Swizzle","description":"Nicotine CBD Vapes Snus White Portion","publisher":{"@id":"https:\/\/staging.swizzle.se\/#organization"},"potentialAction":[{"@type":"SearchAction","target":{"@type":"EntryPoint","urlTemplate":"https:\/\/staging.swizzle.se\/?s={search_term_string}"},"query-input":{"@type":"PropertyValueSpecification","valueRequired":true,"valueName":"search_term_string"}}],"inLanguage":"en-GB"},{"@type":"Organization","@id":"https:\/\/staging.swizzle.se\/#organization","name":"Swizzle","url":"https:\/\/staging.swizzle.se\/","logo":{"@type":"ImageObject","inLanguage":"en-GB","@id":"https:\/\/staging.swizzle.se\/#\/schema\/logo\/image\/","url":"https:\/\/staging.swizzle.se\/wp-content\/uploads\/2025\/10\/cropped-SWIZZLE.-4.png","contentUrl":"https:\/\/staging.swizzle.se\/wp-content\/uploads\/2025\/10\/cropped-SWIZZLE.-4.png","width":800,"height":267,"caption":"Swizzle"},"image":{"@id":"https:\/\/staging.swizzle.se\/#\/schema\/logo\/image\/"},"hasMerchantReturnPolicy":{"@type":"MerchantReturnPolicy","merchantReturnLink":"https:\/\/staging.swizzle.se\/en\/villkor\/"}}]},"product_price_amount":"389.00","product_price_currency":"SEK","og_availability":"instock","product_availability":"instock","product_retailer_item_id":"MScartGC","product_condition":"new"},"tiered_pricing_type":"fixed","tiered_pricing_fixed_rules":[],"tiered_pricing_product_settings":{"layout":"default","base_unit_name":{"singular":null,"plural":null},"default_variation":null},"tiered_pricing_minimum_quantity":null,"tiered_pricing_roles_data":[],"tiered_pricing_percentage_rules":[],"tiered_pricing_maximum_quantity":null,"tiered_pricing_quantity_step":null,"_links":{"self":[{"href":"https:\/\/staging.swizzle.se\/en\/wp-json\/wp\/v2\/product\/279492","targetHints":{"allow":["GET"]}}],"collection":[{"href":"https:\/\/staging.swizzle.se\/en\/wp-json\/wp\/v2\/product"}],"about":[{"href":"https:\/\/staging.swizzle.se\/en\/wp-json\/wp\/v2\/types\/product"}],"replies":[{"embeddable":true,"href":"https:\/\/staging.swizzle.se\/en\/wp-json\/wp\/v2\/comments?post=279492"}],"version-history":[{"count":0,"href":"https:\/\/staging.swizzle.se\/en\/wp-json\/wp\/v2\/product\/279492\/revisions"}],"wp:featuredmedia":[{"embeddable":true,"href":"https:\/\/staging.swizzle.se\/en\/wp-json\/wp\/v2\/media\/279516"}],"wp:attachment":[{"href":"https:\/\/staging.swizzle.se\/en\/wp-json\/wp\/v2\/media?parent=279492"}],"wp:term":[{"taxonomy":"product_brand","embeddable":true,"href":"https:\/\/staging.swizzle.se\/en\/wp-json\/wp\/v2\/product_brand?post=279492"},{"taxonomy":"product_cat","embeddable":true,"href":"https:\/\/staging.swizzle.se\/en\/wp-json\/wp\/v2\/product_cat?post=279492"},{"taxonomy":"product_tag","embeddable":true,"href":"https:\/\/staging.swizzle.se\/en\/wp-json\/wp\/v2\/product_tag?post=279492"},{"taxonomy":"superdeal","embeddable":true,"href":"https:\/\/staging.swizzle.se\/en\/wp-json\/wp\/v2\/superdeal?post=279492"},{"taxonomy":"product_variant_id","embeddable":true,"href":"https:\/\/staging.swizzle.se\/en\/wp-json\/wp\/v2\/product_variant_id?post=279492"}],"curies":[{"name":"wp","href":"https:\/\/api.w.org\/{rel}","templated":true}]}}