{"id":279232,"date":"2025-11-18T09:06:02","date_gmt":"2025-11-18T09:06:02","guid":{"rendered":"https:\/\/staging.swizzle.se\/?post_type=product&#038;p=279232"},"modified":"2026-02-04T13:52:23","modified_gmt":"2026-02-04T13:52:23","slug":"vibes-king-size-slim-hemp-papers-with-tips","status":"publish","type":"product","link":"https:\/\/staging.swizzle.se\/en\/product-2\/vibes-king-size-slim-hemp-papers-with-tips\/","title":{"rendered":"Vibes &#8211; King Size Slim &#8211; Hemp Papers with Tips"},"content":{"rendered":"<h1>Vibes &#8211; King Size Slim &#8211; Hemp Papers with Tips<\/h1>\n<p>Dessa nya <strong>King Size Slim<\/strong>-rullpapper med medf\u00f6ljande filtertips fr\u00e5n <strong>Vibes<\/strong> \u00e4r tillverkade av hampapapper f\u00f6r maximal smak och en j\u00e4mn, l\u00e5ngsam f\u00f6rbr\u00e4nning.<\/p>\n<h2>Bakgrund &amp; Design<\/h2>\n<p>Denna moderna kollektion av Vibes-produkter \u00e4r skapad av den inflytelserika amerikanska rapparen <strong>Berner<\/strong>. Som en nyckelfigur i Taylor Gang (Wiz Khalifas skivbolag) har han tidigare introducerat popul\u00e4ra Cookies-kl\u00e4der och r\u00f6k\u00adtillbeh\u00f6r. Med Vibes-serien tar han nu steget in i premiumsegmentet f\u00f6r rullpapper och koner med den ikoniska Cookies-stilen.<\/p>\n<h2>Smak &amp; Br\u00e4nning<\/h2>\n<p>Det ultratunna hampapappret minimerar pappersr\u00f6k och l\u00e5ter dig verkligen njuta av smaken hos \u00f6rter eller tobak. Pappren har ett unikt vattenm\u00e4rke med Vibes-logotyp som motverkar \u201cruns\u201d och s\u00e4kerst\u00e4ller att rullan brinner j\u00e4mnt fr\u00e5n b\u00f6rjan till slut.<\/p>\n<h2>Autenticitet &amp; Kultur<\/h2>\n<p>Med st\u00f6d fr\u00e5n hiphop-v\u00e4rlden \u2013 inklusive artister som Wiz Khalifa och legendariska producenten Scott Storch \u2013 \u00e4r hype kring Vibes-produkterna v\u00e4lf\u00f6rtj\u00e4nt. Detta \u00e4r inte bara rullpapper, det \u00e4r en del av en livsstil.<\/p>\n<h2>F\u00f6rpackning &amp; Specifikationer<\/h2>\n<ul>\n<li><strong>Premium rullpapper<\/strong> med h\u00f6g kvalitet<\/li>\n<li>33 King Size-papper per h\u00e4fte<\/li>\n<li>33 filtertips per h\u00e4fte<\/li>\n<li>Tillverkade i Frankrike &amp; Dominikanska republiken<\/li>\n<li>Designade i Kalifornien med guldfolio \u201cVibes\u201d-logo<\/li>\n<li>100 % \u00e4kta produkt<\/li>\n<\/ul>\n<h2>Varf\u00f6r inkludera Vibes i ditt sortiment?<\/h2>\n<p>Om du vill erbjuda dina kunder n\u00e5got exklusivt och trendigt, \u00e4r Vibes King Size Slim Hemp ett perfekt val. Produkterna kombinerar kultur, design och h\u00f6g funktionalitet. Som \u00e5terf\u00f6rs\u00e4ljare kan du komplettera med andra popul\u00e4ra rullpapper fr\u00e5n Swizzle f\u00f6r att tillgodose olika preferenser.<\/p>\n<p>Se \u00e4ven v\u00e5rt utbud av <a href=\"https:\/\/staging.swizzle.se\/en\/product-category\/roktillbehor\/rullpapper\/\" target=\"_blank\" rel=\"noopener\">rullpapper hos Swizzle<\/a> och <a href=\"https:\/\/staging.swizzle.se\/en\/product-category\/roktillbehor\/filtertips\/\" target=\"_blank\" rel=\"noopener\">filtertips och tillbeh\u00f6r<\/a>.<\/p>\n<p><em>Obs!<br \/>\nDu m\u00e5ste vara minst 18 \u00e5r f\u00f6r att k\u00f6pa denna produkt. Den \u00e4r inte avsedd som l\u00e4kemedel, kosttillskott eller naturprodukt. Vi uppmuntrar inte till konsumtion eller r\u00f6kning av produkten. F\u00f6rvara den utom r\u00e4ckh\u00e5ll f\u00f6r barn. Vi friskriver oss fr\u00e5n hur du som kund anv\u00e4nder v\u00e5ra produkter. Vi s\u00e4ljer dem f\u00f6r samlings- och prydnadssyften.<\/em><\/p>","protected":false},"excerpt":{"rendered":"<p>Vibes &#8211; King Size Slim &#8211; Hemp Papers with Tips<\/p>\n<p>Dessa nya <strong>King Size Slim<\/strong>-rullpapper med medf\u00f6ljande filtertips fr\u00e5n <strong>Vibes<\/strong> \u00e4r tillverkade av hampapapper f\u00f6r maximal smak och en j\u00e4mn, l\u00e5ngsam f\u00f6rbr\u00e4nning.<\/p>\n<ul>\n<li><strong>Premium rullpapper<\/strong> med h\u00f6g kvalitet<\/li>\n<li>33 King Size-papper per paket<\/li>\n<li>33 filtertips per paket<\/li>\n<li>Tillverkade i Frankrike &amp; Dominikanska republiken<\/li>\n<li>Designade i Kalifornien med guldfolio \u201cVibes\u201d-logo<\/li>\n<li>100 % \u00e4kta produkt<\/li>\n<\/ul>","protected":false},"featured_media":279235,"comment_status":"closed","ping_status":"closed","template":"","meta":{"site-sidebar-layout":"default","site-content-layout":"","ast-site-content-layout":"default","site-content-style":"default","site-sidebar-style":"default","ast-global-header-display":"","ast-banner-title-visibility":"","ast-main-header-display":"","ast-hfb-above-header-display":"","ast-hfb-below-header-display":"","ast-hfb-mobile-header-display":"","site-post-title":"","ast-breadcrumbs-content":"","ast-featured-img":"","footer-sml-layout":"","ast-disable-related-posts":"","theme-transparent-header-meta":"default","adv-header-id-meta":"","stick-header-meta":"default","header-above-stick-meta":"","header-main-stick-meta":"","header-below-stick-meta":"","astra-migrate-meta-layouts":"set","ast-page-background-enabled":"default","ast-page-background-meta":{"desktop":{"background-color":"var(--ast-global-color-4)","background-image":"","background-repeat":"repeat","background-position":"center center","background-size":"auto","background-attachment":"scroll","background-type":"","background-media":"","overlay-type":"","overlay-color":"","overlay-opacity":"","overlay-gradient":""},"tablet":{"background-color":"","background-image":"","background-repeat":"repeat","background-position":"center center","background-size":"auto","background-attachment":"scroll","background-type":"","background-media":"","overlay-type":"","overlay-color":"","overlay-opacity":"","overlay-gradient":""},"mobile":{"background-color":"","background-image":"","background-repeat":"repeat","background-position":"center center","background-size":"auto","background-attachment":"scroll","background-type":"","background-media":"","overlay-type":"","overlay-color":"","overlay-opacity":"","overlay-gradient":""}},"ast-content-background-meta":{"desktop":{"background-color":"var(--ast-global-color-5)","background-image":"","background-repeat":"repeat","background-position":"center center","background-size":"auto","background-attachment":"scroll","background-type":"","background-media":"","overlay-type":"","overlay-color":"","overlay-opacity":"","overlay-gradient":""},"tablet":{"background-color":"var(--ast-global-color-5)","background-image":"","background-repeat":"repeat","background-position":"center center","background-size":"auto","background-attachment":"scroll","background-type":"","background-media":"","overlay-type":"","overlay-color":"","overlay-opacity":"","overlay-gradient":""},"mobile":{"background-color":"var(--ast-global-color-5)","background-image":"","background-repeat":"repeat","background-position":"center center","background-size":"auto","background-attachment":"scroll","background-type":"","background-media":"","overlay-type":"","overlay-color":"","overlay-opacity":"","overlay-gradient":""}}},"product_brand":[771],"product_cat":[284,285,646],"product_tag":[],"superdeal":[],"product_variant_id":[],"class_list":{"0":"post-279232","1":"product","2":"type-product","3":"status-publish","4":"has-post-thumbnail","6":"product_brand-vibes","7":"product_cat-roktillbehor","8":"product_cat-rullpapper","9":"product_cat-vibes","10":"desktop-align-center","11":"tablet-align-left","12":"mobile-align-left","13":"ast-product-gallery-layout-horizontal-slider","14":"ast-magnify-disabled","15":"ast-product-tabs-layout-horizontal","17":"first","18":"instock","19":"taxable","20":"shipping-taxable","21":"purchasable","22":"product-type-simple"},"yoast_head":"<!-- This site is optimized with the Yoast SEO Premium plugin v26.9 (Yoast SEO v26.9) - https:\/\/yoast.com\/product\/yoast-seo-premium-wordpress\/ -->\n<title>Vibes - King Size Slim - Hemp Papers with Tips<\/title>\n<meta name=\"description\" content=\"Vibes - King Size Slim - Hemp Papers with Tips med filtertips fr\u00e5n Vibes, tillverkade av hampapapper f\u00f6r maximal smak och en j\u00e4mn, l\u00e5ngsam f\u00f6rbr\u00e4nning.\" \/>\n<meta name=\"robots\" content=\"noindex, follow, max-snippet:-1, max-image-preview:large, max-video-preview:-1\" \/>\n<meta property=\"og:locale\" content=\"en_GB\" \/>\n<meta property=\"og:type\" content=\"article\" \/>\n<meta property=\"og:title\" content=\"Vibes - King Size Slim - Hemp Papers with Tips\" \/>\n<meta property=\"og:description\" content=\"Vibes - King Size Slim - Hemp Papers with Tips med filtertips fr\u00e5n Vibes, tillverkade av hampapapper f\u00f6r maximal smak och en j\u00e4mn, l\u00e5ngsam f\u00f6rbr\u00e4nning.\" \/>\n<meta property=\"og:url\" content=\"https:\/\/www.swizzle.se\/produkt\/vibes-king-size-slim-hemp-papers-with-tips\/\" \/>\n<meta property=\"og:site_name\" content=\"Swizzle\" \/>\n<meta property=\"article:modified_time\" content=\"2026-02-04T13:52:23+00:00\" \/>\n<meta property=\"og:image\" content=\"https:\/\/www.swizzle.se\/wp-content\/uploads\/2025\/11\/Vibes_KingsizeHempPapersandTips1_TheJuicyJoint_1024x1024.webp\" \/>\n\t<meta property=\"og:image:width\" content=\"700\" \/>\n\t<meta property=\"og:image:height\" content=\"700\" \/>\n\t<meta property=\"og:image:type\" content=\"image\/webp\" \/>\n<meta name=\"twitter:card\" content=\"summary_large_image\" \/>\n<meta name=\"twitter:label1\" content=\"Price\" \/>\n\t<meta name=\"twitter:data1\" content=\"35.00&nbsp;&#107;&#114;\" \/>\n\t<meta name=\"twitter:label2\" content=\"Availability\" \/>\n\t<meta name=\"twitter:data2\" content=\"In stock\" \/>\n<script type=\"application\/ld+json\" class=\"yoast-schema-graph\">{\"@context\":\"https:\/\/schema.org\",\"@graph\":[{\"@type\":\"WebPage\",\"@id\":\"https:\/\/www.swizzle.se\/produkt\/vibes-king-size-slim-hemp-papers-with-tips\/\",\"url\":\"https:\/\/www.swizzle.se\/produkt\/vibes-king-size-slim-hemp-papers-with-tips\/\",\"name\":\"Vibes - King Size Slim - Hemp Papers with Tips\",\"isPartOf\":{\"@id\":\"https:\/\/staging.swizzle.se\/#website\"},\"primaryImageOfPage\":{\"@id\":\"https:\/\/www.swizzle.se\/produkt\/vibes-king-size-slim-hemp-papers-with-tips\/#primaryimage\"},\"image\":{\"@id\":\"https:\/\/www.swizzle.se\/produkt\/vibes-king-size-slim-hemp-papers-with-tips\/#primaryimage\"},\"thumbnailUrl\":\"https:\/\/staging.swizzle.se\/wp-content\/uploads\/2025\/11\/Vibes_KingsizeHempPapersandTips1_TheJuicyJoint_1024x1024.webp\",\"datePublished\":\"2025-11-18T09:06:02+00:00\",\"dateModified\":\"2026-02-04T13:52:23+00:00\",\"description\":\"Vibes - King Size Slim - Hemp Papers with Tips med filtertips fr\u00e5n Vibes, tillverkade av hampapapper f\u00f6r maximal smak och en j\u00e4mn, l\u00e5ngsam f\u00f6rbr\u00e4nning.\",\"breadcrumb\":{\"@id\":\"https:\/\/www.swizzle.se\/produkt\/vibes-king-size-slim-hemp-papers-with-tips\/#breadcrumb\"},\"inLanguage\":\"en-GB\",\"potentialAction\":[{\"@type\":\"ReadAction\",\"target\":[\"https:\/\/www.swizzle.se\/produkt\/vibes-king-size-slim-hemp-papers-with-tips\/\"]}]},{\"@type\":\"ImageObject\",\"inLanguage\":\"en-GB\",\"@id\":\"https:\/\/www.swizzle.se\/produkt\/vibes-king-size-slim-hemp-papers-with-tips\/#primaryimage\",\"url\":\"https:\/\/staging.swizzle.se\/wp-content\/uploads\/2025\/11\/Vibes_KingsizeHempPapersandTips1_TheJuicyJoint_1024x1024.webp\",\"contentUrl\":\"https:\/\/staging.swizzle.se\/wp-content\/uploads\/2025\/11\/Vibes_KingsizeHempPapersandTips1_TheJuicyJoint_1024x1024.webp\",\"width\":700,\"height\":700,\"caption\":\"viber rolling paper plus tips\"},{\"@type\":\"BreadcrumbList\",\"@id\":\"https:\/\/www.swizzle.se\/produkt\/vibes-king-size-slim-hemp-papers-with-tips\/#breadcrumb\",\"itemListElement\":[{\"@type\":\"ListItem\",\"position\":1,\"name\":\"Home\",\"item\":\"https:\/\/www.swizzle.se\/\"},{\"@type\":\"ListItem\",\"position\":2,\"name\":\"Shop\",\"item\":\"https:\/\/www.swizzle.se\/shop\/\"},{\"@type\":\"ListItem\",\"position\":3,\"name\":\"R\u00d6KTILLBEH\u00d6R\",\"item\":\"https:\/\/www.swizzle.se\/produkt-kategori\/roktillbehor\/\"},{\"@type\":\"ListItem\",\"position\":4,\"name\":\"Vibes &#8211; King Size Slim &#8211; Hemp Papers with Tips\"}]},{\"@type\":\"WebSite\",\"@id\":\"https:\/\/staging.swizzle.se\/#website\",\"url\":\"https:\/\/staging.swizzle.se\/\",\"name\":\"Swizzle\",\"description\":\"Nikotin CBD Vapes Snus White Portion\",\"publisher\":{\"@id\":\"https:\/\/staging.swizzle.se\/#organization\"},\"potentialAction\":[{\"@type\":\"SearchAction\",\"target\":{\"@type\":\"EntryPoint\",\"urlTemplate\":\"https:\/\/staging.swizzle.se\/?s={search_term_string}\"},\"query-input\":{\"@type\":\"PropertyValueSpecification\",\"valueRequired\":true,\"valueName\":\"search_term_string\"}}],\"inLanguage\":\"en-GB\"},{\"@type\":\"Organization\",\"@id\":\"https:\/\/staging.swizzle.se\/#organization\",\"name\":\"Swizzle\",\"url\":\"https:\/\/staging.swizzle.se\/\",\"logo\":{\"@type\":\"ImageObject\",\"inLanguage\":\"en-GB\",\"@id\":\"https:\/\/staging.swizzle.se\/#\/schema\/logo\/image\/\",\"url\":\"https:\/\/staging.swizzle.se\/wp-content\/uploads\/2025\/10\/cropped-SWIZZLE.-4.png\",\"contentUrl\":\"https:\/\/staging.swizzle.se\/wp-content\/uploads\/2025\/10\/cropped-SWIZZLE.-4.png\",\"width\":800,\"height\":267,\"caption\":\"Swizzle\"},\"image\":{\"@id\":\"https:\/\/staging.swizzle.se\/#\/schema\/logo\/image\/\"},\"hasMerchantReturnPolicy\":{\"@type\":\"MerchantReturnPolicy\",\"merchantReturnLink\":\"https:\/\/staging.swizzle.se\/en\/villkor\/\"}}]}<\/script>\n<meta property=\"product:price:amount\" content=\"35.00\" \/>\n<meta property=\"product:price:currency\" content=\"SEK\" \/>\n<meta property=\"og:availability\" content=\"instock\" \/>\n<meta property=\"product:availability\" content=\"instock\" \/>\n<meta property=\"product:retailer_item_id\" content=\"72667\" \/>\n<meta property=\"product:condition\" content=\"new\" \/>\n<!-- \/ Yoast SEO Premium plugin. -->","yoast_head_json":{"title":"Vibes - King Size Slim - Hemp Papers with Tips","description":"Vibes - King Size Slim - Hemp Papers with Tips med filtertips fr\u00e5n Vibes, tillverkade av hampapapper f\u00f6r maximal smak och en j\u00e4mn, l\u00e5ngsam f\u00f6rbr\u00e4nning.","robots":{"index":"noindex","follow":"follow","max-snippet":"max-snippet:-1","max-image-preview":"max-image-preview:large","max-video-preview":"max-video-preview:-1"},"og_locale":"en_GB","og_type":"article","og_title":"Vibes - King Size Slim - Hemp Papers with Tips","og_description":"Vibes - King Size Slim - Hemp Papers with Tips med filtertips fr\u00e5n Vibes, tillverkade av hampapapper f\u00f6r maximal smak och en j\u00e4mn, l\u00e5ngsam f\u00f6rbr\u00e4nning.","og_url":"https:\/\/www.swizzle.se\/produkt\/vibes-king-size-slim-hemp-papers-with-tips\/","og_site_name":"Swizzle","article_modified_time":"2026-02-04T13:52:23+00:00","og_image":[{"width":700,"height":700,"url":"https:\/\/www.swizzle.se\/wp-content\/uploads\/2025\/11\/Vibes_KingsizeHempPapersandTips1_TheJuicyJoint_1024x1024.webp","type":"image\/webp"}],"twitter_card":"summary_large_image","twitter_misc":{"Price":"35.00&nbsp;&#107;&#114;","Availability":"In stock"},"schema":{"@context":"https:\/\/schema.org","@graph":[{"@type":"WebPage","@id":"https:\/\/www.swizzle.se\/produkt\/vibes-king-size-slim-hemp-papers-with-tips\/","url":"https:\/\/www.swizzle.se\/produkt\/vibes-king-size-slim-hemp-papers-with-tips\/","name":"Vibes - King Size Slim - Hemp Papers with Tips","isPartOf":{"@id":"https:\/\/staging.swizzle.se\/#website"},"primaryImageOfPage":{"@id":"https:\/\/www.swizzle.se\/produkt\/vibes-king-size-slim-hemp-papers-with-tips\/#primaryimage"},"image":{"@id":"https:\/\/www.swizzle.se\/produkt\/vibes-king-size-slim-hemp-papers-with-tips\/#primaryimage"},"thumbnailUrl":"https:\/\/staging.swizzle.se\/wp-content\/uploads\/2025\/11\/Vibes_KingsizeHempPapersandTips1_TheJuicyJoint_1024x1024.webp","datePublished":"2025-11-18T09:06:02+00:00","dateModified":"2026-02-04T13:52:23+00:00","description":"Vibes - King Size Slim - Hemp Papers with Tips med filtertips fr\u00e5n Vibes, tillverkade av hampapapper f\u00f6r maximal smak och en j\u00e4mn, l\u00e5ngsam f\u00f6rbr\u00e4nning.","breadcrumb":{"@id":"https:\/\/www.swizzle.se\/produkt\/vibes-king-size-slim-hemp-papers-with-tips\/#breadcrumb"},"inLanguage":"en-GB","potentialAction":[{"@type":"ReadAction","target":["https:\/\/www.swizzle.se\/produkt\/vibes-king-size-slim-hemp-papers-with-tips\/"]}]},{"@type":"ImageObject","inLanguage":"en-GB","@id":"https:\/\/www.swizzle.se\/produkt\/vibes-king-size-slim-hemp-papers-with-tips\/#primaryimage","url":"https:\/\/staging.swizzle.se\/wp-content\/uploads\/2025\/11\/Vibes_KingsizeHempPapersandTips1_TheJuicyJoint_1024x1024.webp","contentUrl":"https:\/\/staging.swizzle.se\/wp-content\/uploads\/2025\/11\/Vibes_KingsizeHempPapersandTips1_TheJuicyJoint_1024x1024.webp","width":700,"height":700,"caption":"viber rolling paper plus tips"},{"@type":"BreadcrumbList","@id":"https:\/\/www.swizzle.se\/produkt\/vibes-king-size-slim-hemp-papers-with-tips\/#breadcrumb","itemListElement":[{"@type":"ListItem","position":1,"name":"Home","item":"https:\/\/www.swizzle.se\/"},{"@type":"ListItem","position":2,"name":"Shop","item":"https:\/\/www.swizzle.se\/shop\/"},{"@type":"ListItem","position":3,"name":"R\u00d6KTILLBEH\u00d6R","item":"https:\/\/www.swizzle.se\/produkt-kategori\/roktillbehor\/"},{"@type":"ListItem","position":4,"name":"Vibes &#8211; King Size Slim &#8211; Hemp Papers with Tips"}]},{"@type":"WebSite","@id":"https:\/\/staging.swizzle.se\/#website","url":"https:\/\/staging.swizzle.se\/","name":"Swizzle","description":"Nicotine CBD Vapes Snus White Portion","publisher":{"@id":"https:\/\/staging.swizzle.se\/#organization"},"potentialAction":[{"@type":"SearchAction","target":{"@type":"EntryPoint","urlTemplate":"https:\/\/staging.swizzle.se\/?s={search_term_string}"},"query-input":{"@type":"PropertyValueSpecification","valueRequired":true,"valueName":"search_term_string"}}],"inLanguage":"en-GB"},{"@type":"Organization","@id":"https:\/\/staging.swizzle.se\/#organization","name":"Swizzle","url":"https:\/\/staging.swizzle.se\/","logo":{"@type":"ImageObject","inLanguage":"en-GB","@id":"https:\/\/staging.swizzle.se\/#\/schema\/logo\/image\/","url":"https:\/\/staging.swizzle.se\/wp-content\/uploads\/2025\/10\/cropped-SWIZZLE.-4.png","contentUrl":"https:\/\/staging.swizzle.se\/wp-content\/uploads\/2025\/10\/cropped-SWIZZLE.-4.png","width":800,"height":267,"caption":"Swizzle"},"image":{"@id":"https:\/\/staging.swizzle.se\/#\/schema\/logo\/image\/"},"hasMerchantReturnPolicy":{"@type":"MerchantReturnPolicy","merchantReturnLink":"https:\/\/staging.swizzle.se\/en\/villkor\/"}}]},"product_price_amount":"35.00","product_price_currency":"SEK","og_availability":"instock","product_availability":"instock","product_retailer_item_id":"72667","product_condition":"new"},"tiered_pricing_type":"fixed","tiered_pricing_fixed_rules":[],"tiered_pricing_product_settings":{"layout":"default","base_unit_name":{"singular":null,"plural":null},"default_variation":null},"tiered_pricing_minimum_quantity":null,"tiered_pricing_roles_data":[],"tiered_pricing_percentage_rules":[],"tiered_pricing_maximum_quantity":null,"tiered_pricing_quantity_step":null,"_links":{"self":[{"href":"https:\/\/staging.swizzle.se\/en\/wp-json\/wp\/v2\/product\/279232","targetHints":{"allow":["GET"]}}],"collection":[{"href":"https:\/\/staging.swizzle.se\/en\/wp-json\/wp\/v2\/product"}],"about":[{"href":"https:\/\/staging.swizzle.se\/en\/wp-json\/wp\/v2\/types\/product"}],"replies":[{"embeddable":true,"href":"https:\/\/staging.swizzle.se\/en\/wp-json\/wp\/v2\/comments?post=279232"}],"version-history":[{"count":0,"href":"https:\/\/staging.swizzle.se\/en\/wp-json\/wp\/v2\/product\/279232\/revisions"}],"wp:featuredmedia":[{"embeddable":true,"href":"https:\/\/staging.swizzle.se\/en\/wp-json\/wp\/v2\/media\/279235"}],"wp:attachment":[{"href":"https:\/\/staging.swizzle.se\/en\/wp-json\/wp\/v2\/media?parent=279232"}],"wp:term":[{"taxonomy":"product_brand","embeddable":true,"href":"https:\/\/staging.swizzle.se\/en\/wp-json\/wp\/v2\/product_brand?post=279232"},{"taxonomy":"product_cat","embeddable":true,"href":"https:\/\/staging.swizzle.se\/en\/wp-json\/wp\/v2\/product_cat?post=279232"},{"taxonomy":"product_tag","embeddable":true,"href":"https:\/\/staging.swizzle.se\/en\/wp-json\/wp\/v2\/product_tag?post=279232"},{"taxonomy":"superdeal","embeddable":true,"href":"https:\/\/staging.swizzle.se\/en\/wp-json\/wp\/v2\/superdeal?post=279232"},{"taxonomy":"product_variant_id","embeddable":true,"href":"https:\/\/staging.swizzle.se\/en\/wp-json\/wp\/v2\/product_variant_id?post=279232"}],"curies":[{"name":"wp","href":"https:\/\/api.w.org\/{rel}","templated":true}]}}