{"id":278453,"date":"2025-11-10T09:16:12","date_gmt":"2025-11-10T09:16:12","guid":{"rendered":"https:\/\/staging.swizzle.se\/?post_type=product&#038;p=278453"},"modified":"2026-01-07T15:30:56","modified_gmt":"2026-01-07T15:30:56","slug":"superdeal-10g-thca-hash-gold-bar-2","status":"publish","type":"product","link":"https:\/\/staging.swizzle.se\/en\/product-2\/superdeal-10g-thca-hash-gold-bar-2\/","title":{"rendered":"SUPERDEAL! 10g THCA Hash Gold Bar"},"content":{"rendered":"<h1>Hash Gold Bar 33% THCA<\/h1>\n<p><b>PASSA P\u00c5 DETTA GRYMMA ERBJUDANDE!<\/b><\/p>\n<p><b>Tidsbegr\u00e4nsad deal, 10 g Gold Bar f\u00f6r 699kr!<\/b><\/p>\n<p>Ett hash som utstr\u00e5lar renhet, med sin gyllene f\u00e4rg och mjuka konsistens&#8230; Hash Gold Bar 33% THCA \u00e4r eliten bland hash, perfekt f\u00f6r dem som letar efter en rik och intensiv upplevelse.<\/p>\n<p>Denna lilla p\u00e4rla med sina 33% THCA lovar djup avslappning som lugnar kropp och sj\u00e4l. Gold Bar \u00e4r utvecklad f\u00f6r riktiga finsmakare och imponerar inte bara med sin kraft; den erbjuder en jordig smak som avrundas fint av en naturlig s\u00f6tma. Oavsett om du vill koppla av efter en l\u00e5ng dag eller f\u00f6r en stunds lugn &#8211; detta harts erbjuder en upplevelse som lever upp till sin f\u00f6rstklassiga kvalitet.<\/p>\n<p>F\u00f6rvaring:<\/p>\n<ul>\n<li>Torrt<\/li>\n<li>Luftt\u00e4t och helst vacuum.<\/li>\n<li>THC-fri<\/li>\n<\/ul>\n<p>Se \u00e4ven:\u00a0<a href=\"https:\/\/staging.swizzle.se\/en\/product-2\/mazar-sharif-31-thca-hash-magic-farmers\/\">Mazar Sharif 31% THCA Hash Magic Farmers<\/a><\/p>\n<p><strong>Obs!<\/strong><br \/>\nDu m\u00e5ste vara minst 18 \u00e5r f\u00f6r att k\u00f6pa denna produkt. Den \u00e4r inte avsedd som l\u00e4kemedel, kosttillskott eller naturprodukt. Vi uppmuntrar inte till konsumtion eller r\u00f6kning av produkten. F\u00f6rvara den utom r\u00e4ckh\u00e5ll f\u00f6r barn.Vi friskriver oss fr\u00e5n hur du som kund anv\u00e4nder v\u00e5ra produkter. Vi s\u00e4ljer dem f\u00f6r samlings- och prydnadssyften.<\/p>","protected":false},"excerpt":{"rendered":"<p><strong>Hash Gold Bar 33% THCA &#8211; Magic Farmers<\/strong><\/p>\n<p><b>PASSA P\u00c5 DETTA GRYMMA ERBJUDANDE!<\/b><\/p>\n<p><b>Tidsbegr\u00e4nsad deal, 10 g Gold Bar f\u00f6r 699kr!<\/b><\/p>\n<p>Ett hash som utstr\u00e5lar renhet, med sin gyllene f\u00e4rg och mjuka konsistens&#8230; Gold Bar hash med 33% THCA \u00e4r eliten bland hash, perfekt f\u00f6r dem som letar efter en rik och intensiv upplevelse.<\/p>\n<p>F\u00f6rvaring:<\/p>\n<ul>\n<li>Torrt<\/li>\n<li>Luftt\u00e4t och helst vacuum.<\/li>\n<li>THC-fri<\/li>\n<\/ul>\n<p>Denna produkt har en l\u00e4gsta prisgaranti, l\u00e4s mer om vad det inneb\u00e4r<a href=\"https:\/\/staging.swizzle.se\/en\/lagsta-pris-garanti\/\"><b> h\u00e4r<\/b><\/a>.<\/p>","protected":false},"featured_media":280418,"comment_status":"closed","ping_status":"closed","template":"","meta":{"site-sidebar-layout":"default","site-content-layout":"","ast-site-content-layout":"default","site-content-style":"default","site-sidebar-style":"default","ast-global-header-display":"","ast-banner-title-visibility":"","ast-main-header-display":"","ast-hfb-above-header-display":"","ast-hfb-below-header-display":"","ast-hfb-mobile-header-display":"","site-post-title":"","ast-breadcrumbs-content":"","ast-featured-img":"","footer-sml-layout":"","ast-disable-related-posts":"","theme-transparent-header-meta":"default","adv-header-id-meta":"","stick-header-meta":"default","header-above-stick-meta":"","header-main-stick-meta":"","header-below-stick-meta":"","astra-migrate-meta-layouts":"set","ast-page-background-enabled":"default","ast-page-background-meta":{"desktop":{"background-color":"var(--ast-global-color-4)","background-image":"","background-repeat":"repeat","background-position":"center center","background-size":"auto","background-attachment":"scroll","background-type":"","background-media":"","overlay-type":"","overlay-color":"","overlay-opacity":"","overlay-gradient":""},"tablet":{"background-color":"","background-image":"","background-repeat":"repeat","background-position":"center center","background-size":"auto","background-attachment":"scroll","background-type":"","background-media":"","overlay-type":"","overlay-color":"","overlay-opacity":"","overlay-gradient":""},"mobile":{"background-color":"","background-image":"","background-repeat":"repeat","background-position":"center center","background-size":"auto","background-attachment":"scroll","background-type":"","background-media":"","overlay-type":"","overlay-color":"","overlay-opacity":"","overlay-gradient":""}},"ast-content-background-meta":{"desktop":{"background-color":"var(--ast-global-color-5)","background-image":"","background-repeat":"repeat","background-position":"center center","background-size":"auto","background-attachment":"scroll","background-type":"","background-media":"","overlay-type":"","overlay-color":"","overlay-opacity":"","overlay-gradient":""},"tablet":{"background-color":"var(--ast-global-color-5)","background-image":"","background-repeat":"repeat","background-position":"center center","background-size":"auto","background-attachment":"scroll","background-type":"","background-media":"","overlay-type":"","overlay-color":"","overlay-opacity":"","overlay-gradient":""},"mobile":{"background-color":"var(--ast-global-color-5)","background-image":"","background-repeat":"repeat","background-position":"center center","background-size":"auto","background-attachment":"scroll","background-type":"","background-media":"","overlay-type":"","overlay-color":"","overlay-opacity":"","overlay-gradient":""}}},"product_brand":[],"product_cat":[338,671,303,325],"product_tag":[],"superdeal":[],"product_variant_id":[],"class_list":{"0":"post-278453","1":"product","2":"type-product","3":"status-publish","4":"has-post-thumbnail","6":"product_cat-deals","7":"product_cat-superdeals","8":"product_cat-thca","9":"product_cat-thca-hash","10":"desktop-align-center","11":"tablet-align-left","12":"mobile-align-left","13":"ast-product-gallery-layout-horizontal-slider","14":"ast-product-gallery-with-no-image","15":"ast-magnify-disabled","16":"ast-product-tabs-layout-horizontal","18":"first","19":"outofstock","20":"sale","21":"taxable","22":"shipping-taxable","23":"purchasable","24":"product-type-simple"},"yoast_head":"<!-- This site is optimized with the Yoast SEO Premium plugin v26.9 (Yoast SEO v26.9) - https:\/\/yoast.com\/product\/yoast-seo-premium-wordpress\/ -->\n<title>SUPERDEAL! 10g THCA Hash Gold Bar<\/title>\n<meta name=\"description\" content=\"SUPERDEAL! 10g THCA Hash Gold Bar. PASSA P\u00c5 DETTA GRYMMA ERBJUDANDE! Tidsbegr\u00e4nsad deal, 10 g Gold Bar f\u00f6r 699kr! Black week p\u00e5 Swizzle.\" \/>\n<meta name=\"robots\" content=\"noindex, follow, max-snippet:-1, max-image-preview:large, max-video-preview:-1\" \/>\n<meta property=\"og:locale\" content=\"en_GB\" \/>\n<meta property=\"og:type\" content=\"article\" \/>\n<meta property=\"og:title\" content=\"SUPERDEAL! 10g THCA Hash Gold Bar\" \/>\n<meta property=\"og:description\" content=\"SUPERDEAL! 10g THCA Hash Gold Bar. PASSA P\u00c5 DETTA GRYMMA ERBJUDANDE! Tidsbegr\u00e4nsad deal, 10 g Gold Bar f\u00f6r 699kr! Black week p\u00e5 Swizzle.\" \/>\n<meta property=\"og:url\" content=\"https:\/\/www.swizzle.se\/produkt\/superdeal-10g-thca-hash-gold-bar-2\/\" \/>\n<meta property=\"og:site_name\" content=\"Swizzle\" \/>\n<meta property=\"article:modified_time\" content=\"2026-01-07T15:30:56+00:00\" \/>\n<meta property=\"og:image\" content=\"https:\/\/www.swizzle.se\/wp-content\/uploads\/2025\/11\/ratt-bakrund-canadips-2025-11-30T120059.801.jpg\" \/>\n\t<meta property=\"og:image:width\" content=\"600\" \/>\n\t<meta property=\"og:image:height\" content=\"600\" \/>\n\t<meta property=\"og:image:type\" content=\"image\/jpeg\" \/>\n<meta name=\"twitter:card\" content=\"summary_large_image\" \/>\n<meta name=\"twitter:label1\" content=\"Price\" \/>\n\t<meta name=\"twitter:data1\" content=\"699.00&nbsp;&#107;&#114;\" \/>\n\t<meta name=\"twitter:label2\" content=\"Availability\" \/>\n\t<meta name=\"twitter:data2\" content=\"Out of stock\" \/>\n<script type=\"application\/ld+json\" class=\"yoast-schema-graph\">{\"@context\":\"https:\/\/schema.org\",\"@graph\":[{\"@type\":\"WebPage\",\"@id\":\"https:\/\/www.swizzle.se\/produkt\/superdeal-10g-thca-hash-gold-bar-2\/\",\"url\":\"https:\/\/www.swizzle.se\/produkt\/superdeal-10g-thca-hash-gold-bar-2\/\",\"name\":\"SUPERDEAL! 10g THCA Hash Gold Bar\",\"isPartOf\":{\"@id\":\"https:\/\/staging.swizzle.se\/#website\"},\"primaryImageOfPage\":{\"@id\":\"https:\/\/www.swizzle.se\/produkt\/superdeal-10g-thca-hash-gold-bar-2\/#primaryimage\"},\"image\":{\"@id\":\"https:\/\/www.swizzle.se\/produkt\/superdeal-10g-thca-hash-gold-bar-2\/#primaryimage\"},\"thumbnailUrl\":\"https:\/\/staging.swizzle.se\/wp-content\/uploads\/2025\/11\/ratt-bakrund-canadips-2025-11-30T120059.801.jpg\",\"datePublished\":\"2025-11-10T09:16:12+00:00\",\"dateModified\":\"2026-01-07T15:30:56+00:00\",\"description\":\"SUPERDEAL! 10g THCA Hash Gold Bar. PASSA P\u00c5 DETTA GRYMMA ERBJUDANDE! Tidsbegr\u00e4nsad deal, 10 g Gold Bar f\u00f6r 699kr! Black week p\u00e5 Swizzle.\",\"breadcrumb\":{\"@id\":\"https:\/\/www.swizzle.se\/produkt\/superdeal-10g-thca-hash-gold-bar-2\/#breadcrumb\"},\"inLanguage\":\"en-GB\",\"potentialAction\":[{\"@type\":\"ReadAction\",\"target\":[\"https:\/\/www.swizzle.se\/produkt\/superdeal-10g-thca-hash-gold-bar-2\/\"]}]},{\"@type\":\"ImageObject\",\"inLanguage\":\"en-GB\",\"@id\":\"https:\/\/www.swizzle.se\/produkt\/superdeal-10g-thca-hash-gold-bar-2\/#primaryimage\",\"url\":\"https:\/\/staging.swizzle.se\/wp-content\/uploads\/2025\/11\/ratt-bakrund-canadips-2025-11-30T120059.801.jpg\",\"contentUrl\":\"https:\/\/staging.swizzle.se\/wp-content\/uploads\/2025\/11\/ratt-bakrund-canadips-2025-11-30T120059.801.jpg\",\"width\":600,\"height\":600,\"caption\":\"SUPERDEAL! 10g THCA Hash Gold Bar\"},{\"@type\":\"BreadcrumbList\",\"@id\":\"https:\/\/www.swizzle.se\/produkt\/superdeal-10g-thca-hash-gold-bar-2\/#breadcrumb\",\"itemListElement\":[{\"@type\":\"ListItem\",\"position\":1,\"name\":\"Home\",\"item\":\"https:\/\/www.swizzle.se\/\"},{\"@type\":\"ListItem\",\"position\":2,\"name\":\"Shop\",\"item\":\"https:\/\/www.swizzle.se\/shop\/\"},{\"@type\":\"ListItem\",\"position\":3,\"name\":\"DEALS\",\"item\":\"https:\/\/www.swizzle.se\/produkt-kategori\/deals\/\"},{\"@type\":\"ListItem\",\"position\":4,\"name\":\"SUPERDEAL! 10g THCA Hash Gold Bar\"}]},{\"@type\":\"WebSite\",\"@id\":\"https:\/\/staging.swizzle.se\/#website\",\"url\":\"https:\/\/staging.swizzle.se\/\",\"name\":\"Swizzle\",\"description\":\"Nikotin CBD Vapes Snus White Portion\",\"publisher\":{\"@id\":\"https:\/\/staging.swizzle.se\/#organization\"},\"potentialAction\":[{\"@type\":\"SearchAction\",\"target\":{\"@type\":\"EntryPoint\",\"urlTemplate\":\"https:\/\/staging.swizzle.se\/?s={search_term_string}\"},\"query-input\":{\"@type\":\"PropertyValueSpecification\",\"valueRequired\":true,\"valueName\":\"search_term_string\"}}],\"inLanguage\":\"en-GB\"},{\"@type\":\"Organization\",\"@id\":\"https:\/\/staging.swizzle.se\/#organization\",\"name\":\"Swizzle\",\"url\":\"https:\/\/staging.swizzle.se\/\",\"logo\":{\"@type\":\"ImageObject\",\"inLanguage\":\"en-GB\",\"@id\":\"https:\/\/staging.swizzle.se\/#\/schema\/logo\/image\/\",\"url\":\"https:\/\/staging.swizzle.se\/wp-content\/uploads\/2025\/10\/cropped-SWIZZLE.-4.png\",\"contentUrl\":\"https:\/\/staging.swizzle.se\/wp-content\/uploads\/2025\/10\/cropped-SWIZZLE.-4.png\",\"width\":800,\"height\":267,\"caption\":\"Swizzle\"},\"image\":{\"@id\":\"https:\/\/staging.swizzle.se\/#\/schema\/logo\/image\/\"},\"hasMerchantReturnPolicy\":{\"@type\":\"MerchantReturnPolicy\",\"merchantReturnLink\":\"https:\/\/staging.swizzle.se\/en\/villkor\/\"}}]}<\/script>\n<meta property=\"product:price:amount\" content=\"699.00\" \/>\n<meta property=\"product:price:currency\" content=\"SEK\" \/>\n<meta property=\"og:availability\" content=\"out of stock\" \/>\n<meta property=\"product:availability\" content=\"out of stock\" \/>\n<meta property=\"product:retailer_item_id\" content=\"superdealgoldbar\" \/>\n<meta property=\"product:condition\" content=\"new\" \/>\n<!-- \/ Yoast SEO Premium plugin. -->","yoast_head_json":{"title":"SUPERDEAL! 10g THCA Hash Gold Bar","description":"SUPERDEAL! 10g THCA Hash Gold Bar. PASSA P\u00c5 DETTA GRYMMA ERBJUDANDE! Tidsbegr\u00e4nsad deal, 10 g Gold Bar f\u00f6r 699kr! Black week p\u00e5 Swizzle.","robots":{"index":"noindex","follow":"follow","max-snippet":"max-snippet:-1","max-image-preview":"max-image-preview:large","max-video-preview":"max-video-preview:-1"},"og_locale":"en_GB","og_type":"article","og_title":"SUPERDEAL! 10g THCA Hash Gold Bar","og_description":"SUPERDEAL! 10g THCA Hash Gold Bar. PASSA P\u00c5 DETTA GRYMMA ERBJUDANDE! Tidsbegr\u00e4nsad deal, 10 g Gold Bar f\u00f6r 699kr! Black week p\u00e5 Swizzle.","og_url":"https:\/\/www.swizzle.se\/produkt\/superdeal-10g-thca-hash-gold-bar-2\/","og_site_name":"Swizzle","article_modified_time":"2026-01-07T15:30:56+00:00","og_image":[{"width":600,"height":600,"url":"https:\/\/www.swizzle.se\/wp-content\/uploads\/2025\/11\/ratt-bakrund-canadips-2025-11-30T120059.801.jpg","type":"image\/jpeg"}],"twitter_card":"summary_large_image","twitter_misc":{"Price":"699.00&nbsp;&#107;&#114;","Availability":"Out of stock"},"schema":{"@context":"https:\/\/schema.org","@graph":[{"@type":"WebPage","@id":"https:\/\/www.swizzle.se\/produkt\/superdeal-10g-thca-hash-gold-bar-2\/","url":"https:\/\/www.swizzle.se\/produkt\/superdeal-10g-thca-hash-gold-bar-2\/","name":"SUPERDEAL! 10g THCA Hash Gold Bar","isPartOf":{"@id":"https:\/\/staging.swizzle.se\/#website"},"primaryImageOfPage":{"@id":"https:\/\/www.swizzle.se\/produkt\/superdeal-10g-thca-hash-gold-bar-2\/#primaryimage"},"image":{"@id":"https:\/\/www.swizzle.se\/produkt\/superdeal-10g-thca-hash-gold-bar-2\/#primaryimage"},"thumbnailUrl":"https:\/\/staging.swizzle.se\/wp-content\/uploads\/2025\/11\/ratt-bakrund-canadips-2025-11-30T120059.801.jpg","datePublished":"2025-11-10T09:16:12+00:00","dateModified":"2026-01-07T15:30:56+00:00","description":"SUPERDEAL! 10g THCA Hash Gold Bar. PASSA P\u00c5 DETTA GRYMMA ERBJUDANDE! Tidsbegr\u00e4nsad deal, 10 g Gold Bar f\u00f6r 699kr! Black week p\u00e5 Swizzle.","breadcrumb":{"@id":"https:\/\/www.swizzle.se\/produkt\/superdeal-10g-thca-hash-gold-bar-2\/#breadcrumb"},"inLanguage":"en-GB","potentialAction":[{"@type":"ReadAction","target":["https:\/\/www.swizzle.se\/produkt\/superdeal-10g-thca-hash-gold-bar-2\/"]}]},{"@type":"ImageObject","inLanguage":"en-GB","@id":"https:\/\/www.swizzle.se\/produkt\/superdeal-10g-thca-hash-gold-bar-2\/#primaryimage","url":"https:\/\/staging.swizzle.se\/wp-content\/uploads\/2025\/11\/ratt-bakrund-canadips-2025-11-30T120059.801.jpg","contentUrl":"https:\/\/staging.swizzle.se\/wp-content\/uploads\/2025\/11\/ratt-bakrund-canadips-2025-11-30T120059.801.jpg","width":600,"height":600,"caption":"SUPERDEAL! 10g THCA Hash Gold Bar"},{"@type":"BreadcrumbList","@id":"https:\/\/www.swizzle.se\/produkt\/superdeal-10g-thca-hash-gold-bar-2\/#breadcrumb","itemListElement":[{"@type":"ListItem","position":1,"name":"Home","item":"https:\/\/www.swizzle.se\/"},{"@type":"ListItem","position":2,"name":"Shop","item":"https:\/\/www.swizzle.se\/shop\/"},{"@type":"ListItem","position":3,"name":"DEALS","item":"https:\/\/www.swizzle.se\/produkt-kategori\/deals\/"},{"@type":"ListItem","position":4,"name":"SUPERDEAL! 10g THCA Hash Gold Bar"}]},{"@type":"WebSite","@id":"https:\/\/staging.swizzle.se\/#website","url":"https:\/\/staging.swizzle.se\/","name":"Swizzle","description":"Nicotine CBD Vapes Snus White Portion","publisher":{"@id":"https:\/\/staging.swizzle.se\/#organization"},"potentialAction":[{"@type":"SearchAction","target":{"@type":"EntryPoint","urlTemplate":"https:\/\/staging.swizzle.se\/?s={search_term_string}"},"query-input":{"@type":"PropertyValueSpecification","valueRequired":true,"valueName":"search_term_string"}}],"inLanguage":"en-GB"},{"@type":"Organization","@id":"https:\/\/staging.swizzle.se\/#organization","name":"Swizzle","url":"https:\/\/staging.swizzle.se\/","logo":{"@type":"ImageObject","inLanguage":"en-GB","@id":"https:\/\/staging.swizzle.se\/#\/schema\/logo\/image\/","url":"https:\/\/staging.swizzle.se\/wp-content\/uploads\/2025\/10\/cropped-SWIZZLE.-4.png","contentUrl":"https:\/\/staging.swizzle.se\/wp-content\/uploads\/2025\/10\/cropped-SWIZZLE.-4.png","width":800,"height":267,"caption":"Swizzle"},"image":{"@id":"https:\/\/staging.swizzle.se\/#\/schema\/logo\/image\/"},"hasMerchantReturnPolicy":{"@type":"MerchantReturnPolicy","merchantReturnLink":"https:\/\/staging.swizzle.se\/en\/villkor\/"}}]},"product_price_amount":"699.00","product_price_currency":"SEK","og_availability":"out of stock","product_availability":"out of stock","product_retailer_item_id":"superdealgoldbar","product_condition":"new"},"tiered_pricing_type":"fixed","tiered_pricing_fixed_rules":[],"tiered_pricing_product_settings":{"layout":"default","base_unit_name":{"singular":null,"plural":null},"default_variation":null},"tiered_pricing_minimum_quantity":null,"tiered_pricing_roles_data":[],"tiered_pricing_percentage_rules":[],"tiered_pricing_maximum_quantity":null,"tiered_pricing_quantity_step":null,"_links":{"self":[{"href":"https:\/\/staging.swizzle.se\/en\/wp-json\/wp\/v2\/product\/278453","targetHints":{"allow":["GET"]}}],"collection":[{"href":"https:\/\/staging.swizzle.se\/en\/wp-json\/wp\/v2\/product"}],"about":[{"href":"https:\/\/staging.swizzle.se\/en\/wp-json\/wp\/v2\/types\/product"}],"replies":[{"embeddable":true,"href":"https:\/\/staging.swizzle.se\/en\/wp-json\/wp\/v2\/comments?post=278453"}],"version-history":[{"count":0,"href":"https:\/\/staging.swizzle.se\/en\/wp-json\/wp\/v2\/product\/278453\/revisions"}],"wp:featuredmedia":[{"embeddable":true,"href":"https:\/\/staging.swizzle.se\/en\/wp-json\/wp\/v2\/media\/280418"}],"wp:attachment":[{"href":"https:\/\/staging.swizzle.se\/en\/wp-json\/wp\/v2\/media?parent=278453"}],"wp:term":[{"taxonomy":"product_brand","embeddable":true,"href":"https:\/\/staging.swizzle.se\/en\/wp-json\/wp\/v2\/product_brand?post=278453"},{"taxonomy":"product_cat","embeddable":true,"href":"https:\/\/staging.swizzle.se\/en\/wp-json\/wp\/v2\/product_cat?post=278453"},{"taxonomy":"product_tag","embeddable":true,"href":"https:\/\/staging.swizzle.se\/en\/wp-json\/wp\/v2\/product_tag?post=278453"},{"taxonomy":"superdeal","embeddable":true,"href":"https:\/\/staging.swizzle.se\/en\/wp-json\/wp\/v2\/superdeal?post=278453"},{"taxonomy":"product_variant_id","embeddable":true,"href":"https:\/\/staging.swizzle.se\/en\/wp-json\/wp\/v2\/product_variant_id?post=278453"}],"curies":[{"name":"wp","href":"https:\/\/api.w.org\/{rel}","templated":true}]}}