{"id":278232,"date":"2025-11-06T15:56:44","date_gmt":"2025-11-06T15:56:44","guid":{"rendered":"https:\/\/staging.swizzle.se\/?post_type=product&#038;p=278232"},"modified":"2026-02-04T14:06:31","modified_gmt":"2026-02-04T14:06:31","slug":"helwit-mint","status":"publish","type":"product","link":"https:\/\/staging.swizzle.se\/en\/product-2\/helwit-mint\/","title":{"rendered":"Helwit Mint"},"content":{"rendered":"<section class=\"product-helwit-mint-slim\">\n<header>\n<h1>Helwit Mint \u2013 Vitt snus med mint i smalt format<\/h1>\n<p>Helwit Mint \u00e4r ett tobaksfritt vitt snus i slim\u2011format med en ren och uppfriskande mintsmak. Prillorna vilar bekv\u00e4mt under l\u00e4ppen och produkten levereras i dosor om 20 portioner med nikotinhalt p\u00e5 cirka <strong>3,5\u202fmg per portion (~7\u202fmg\/g)<\/strong>.<\/p>\n<\/header>\n<section>\n<h2>Smakprofil &amp; format<\/h2>\n<p>Den friska minttonen ger en tydlig, svalkande smakprofil samtidigt som slim\u2011formatet inneb\u00e4r smalare prillor som \u00e4r diskreta och komfortabla att anv\u00e4nda.<\/p>\n<\/section>\n<section>\n<h2>Teknisk information &amp; egenskaper<\/h2>\n<ul>\n<li><strong>Smak:<\/strong> Mint<\/li>\n<li><strong>Nikotin per portion:<\/strong> Cirka\u202f3,5\u202fmg<\/li>\n<li><strong>Nikotin per gram:<\/strong> Cirka\u202f7\u202fmg\/g<\/li>\n<li><strong>Format:<\/strong> Slim \u2013 smala portioner<\/li>\n<li><strong>Kategori:<\/strong> Vitt snus \u2013 tobaksfri nikotinprodukt<\/li>\n<li><strong>Portioner per dosa:<\/strong> 20 stycken<\/li>\n<\/ul>\n<p>Se v\u00e5r<a href=\"https:\/\/staging.swizzle.se\/en\/product-category\/topplistan-snus\/\"> topplista<\/a><\/p>\n<\/section>\n<section>\n<h2>Varum\u00e4rke och bakgrund<\/h2>\n<p>Helwit \u00e4r ett svenskt varum\u00e4rke som fokuserar p\u00e5 tobaksfria nikotinportioner med moderna format och renare smakupplevelser. Produkterna tillverkas med h\u00e5llbara material och designade format, och Mint\u202fSlim visar tydligt detta fokus.<\/p>\n<\/section>\n<footer><strong><img decoding=\"async\" class=\"emoji\" role=\"img\" draggable=\"false\" src=\"https:\/\/s.w.org\/images\/core\/emoji\/16.0.1\/svg\/26a0.svg\" alt=\"\u26a0\ufe0f\" \/>\u00a0Denna produkt inneh\u00e5ller nikotin som \u00e4r ett mycket beroendeframkallande \u00e4mne. 18 \u00e5rsgr\u00e4ns.<\/strong><\/footer>\n<\/section>","protected":false},"excerpt":{"rendered":"<p><strong>Helwit Mint <\/strong>\u00e4r ett tobaksfritt vitt snus i slim\u2011format med en ren och uppfriskande mintsmak. Prillorna vilar bekv\u00e4mt under l\u00e4ppen och produkten levereras i dosor om 20 portioner med nikotinhalt p\u00e5 cirka <strong>3,5\u202fmg per portion (~7\u202fmg\/g)<\/strong>.<\/p>\n<ul>\n<li><strong>Smak:<\/strong> Mint<\/li>\n<li><strong>Nikotin per portion:<\/strong> Cirka\u202f3,5\u202fmg<\/li>\n<li><strong>Nikotin per gram:<\/strong> Cirka\u202f7\u202fmg\/g<\/li>\n<li><strong>Format:<\/strong> Slim \u2013 smala portioner<\/li>\n<li><strong>Kategori:<\/strong> Vitt snus \u2013 tobaksfri nikotinprodukt<\/li>\n<li><strong>Portioner per dosa:<\/strong> 20 stycken<\/li>\n<\/ul>\n<p><strong><img decoding=\"async\" class=\"emoji\" role=\"img\" draggable=\"false\" src=\"https:\/\/s.w.org\/images\/core\/emoji\/16.0.1\/svg\/26a0.svg\" alt=\"\u26a0\ufe0f\" \/>\u00a0Denna produkt inneh\u00e5ller nikotin som \u00e4r ett mycket beroendeframkallande \u00e4mne. 18 \u00e5rsgr\u00e4ns.<\/strong><\/p>","protected":false},"featured_media":278233,"comment_status":"open","ping_status":"closed","template":"","meta":{"site-sidebar-layout":"default","site-content-layout":"","ast-site-content-layout":"default","site-content-style":"default","site-sidebar-style":"default","ast-global-header-display":"","ast-banner-title-visibility":"","ast-main-header-display":"","ast-hfb-above-header-display":"","ast-hfb-below-header-display":"","ast-hfb-mobile-header-display":"","site-post-title":"","ast-breadcrumbs-content":"","ast-featured-img":"","footer-sml-layout":"","ast-disable-related-posts":"","theme-transparent-header-meta":"default","adv-header-id-meta":"","stick-header-meta":"default","header-above-stick-meta":"","header-main-stick-meta":"","header-below-stick-meta":"","astra-migrate-meta-layouts":"set","ast-page-background-enabled":"default","ast-page-background-meta":{"desktop":{"background-color":"var(--ast-global-color-4)","background-image":"","background-repeat":"repeat","background-position":"center center","background-size":"auto","background-attachment":"scroll","background-type":"","background-media":"","overlay-type":"","overlay-color":"","overlay-opacity":"","overlay-gradient":""},"tablet":{"background-color":"","background-image":"","background-repeat":"repeat","background-position":"center center","background-size":"auto","background-attachment":"scroll","background-type":"","background-media":"","overlay-type":"","overlay-color":"","overlay-opacity":"","overlay-gradient":""},"mobile":{"background-color":"","background-image":"","background-repeat":"repeat","background-position":"center center","background-size":"auto","background-attachment":"scroll","background-type":"","background-media":"","overlay-type":"","overlay-color":"","overlay-opacity":"","overlay-gradient":""}},"ast-content-background-meta":{"desktop":{"background-color":"var(--ast-global-color-5)","background-image":"","background-repeat":"repeat","background-position":"center center","background-size":"auto","background-attachment":"scroll","background-type":"","background-media":"","overlay-type":"","overlay-color":"","overlay-opacity":"","overlay-gradient":""},"tablet":{"background-color":"var(--ast-global-color-5)","background-image":"","background-repeat":"repeat","background-position":"center center","background-size":"auto","background-attachment":"scroll","background-type":"","background-media":"","overlay-type":"","overlay-color":"","overlay-opacity":"","overlay-gradient":""},"mobile":{"background-color":"var(--ast-global-color-5)","background-image":"","background-repeat":"repeat","background-position":"center center","background-size":"auto","background-attachment":"scroll","background-type":"","background-media":"","overlay-type":"","overlay-color":"","overlay-opacity":"","overlay-gradient":""}}},"product_brand":[747],"product_cat":[357],"product_tag":[],"superdeal":[],"product_variant_id":[],"class_list":{"0":"post-278232","1":"product","2":"type-product","3":"status-publish","4":"has-post-thumbnail","6":"product_brand-helwit","7":"product_cat-vitt-snus","8":"desktop-align-center","9":"tablet-align-left","10":"mobile-align-left","11":"ast-product-gallery-layout-horizontal-slider","12":"ast-magnify-disabled","13":"ast-product-tabs-layout-horizontal","15":"first","16":"instock","17":"taxable","18":"shipping-taxable","19":"purchasable","20":"product-type-simple"},"yoast_head":"<!-- This site is optimized with the Yoast SEO Premium plugin v26.9 (Yoast SEO v26.9) - https:\/\/yoast.com\/product\/yoast-seo-premium-wordpress\/ -->\n<title>Helwit Mint<\/title>\n<meta name=\"description\" content=\"Helwit Mint \u00e4r ett tobaksfritt vitt snus i slim\u2011format med en ren och uppfriskande mintsmak, 3,5\u202fmg per portion (~7\u202fmg\/g).\" \/>\n<meta name=\"robots\" content=\"noindex, follow, max-snippet:-1, max-image-preview:large, max-video-preview:-1\" \/>\n<meta property=\"og:locale\" content=\"en_GB\" \/>\n<meta property=\"og:type\" content=\"article\" \/>\n<meta property=\"og:title\" content=\"Helwit Mint\" \/>\n<meta property=\"og:description\" content=\"Helwit Mint \u00e4r ett tobaksfritt vitt snus i slim\u2011format med en ren och uppfriskande mintsmak, 3,5\u202fmg per portion (~7\u202fmg\/g).\" \/>\n<meta property=\"og:url\" content=\"https:\/\/www.swizzle.se\/produkt\/helwit-mint\/\" \/>\n<meta property=\"og:site_name\" content=\"Swizzle\" \/>\n<meta property=\"article:modified_time\" content=\"2026-02-04T14:06:31+00:00\" \/>\n<meta property=\"og:image\" content=\"https:\/\/www.swizzle.se\/wp-content\/uploads\/2025\/11\/plytix-6901dac5217e4e7a8bf331ab-png-1.png\" \/>\n\t<meta property=\"og:image:width\" content=\"585\" \/>\n\t<meta property=\"og:image:height\" content=\"585\" \/>\n\t<meta property=\"og:image:type\" content=\"image\/png\" \/>\n<meta name=\"twitter:card\" content=\"summary_large_image\" \/>\n<meta name=\"twitter:label1\" content=\"Price\" \/>\n\t<meta name=\"twitter:data1\" content=\"39.00&nbsp;&#107;&#114;\" \/>\n\t<meta name=\"twitter:label2\" content=\"Availability\" \/>\n\t<meta name=\"twitter:data2\" content=\"In stock\" \/>\n<script type=\"application\/ld+json\" class=\"yoast-schema-graph\">{\"@context\":\"https:\/\/schema.org\",\"@graph\":[{\"@type\":\"WebPage\",\"@id\":\"https:\/\/www.swizzle.se\/produkt\/helwit-mint\/\",\"url\":\"https:\/\/www.swizzle.se\/produkt\/helwit-mint\/\",\"name\":\"Helwit Mint\",\"isPartOf\":{\"@id\":\"https:\/\/staging.swizzle.se\/#website\"},\"primaryImageOfPage\":{\"@id\":\"https:\/\/www.swizzle.se\/produkt\/helwit-mint\/#primaryimage\"},\"image\":{\"@id\":\"https:\/\/www.swizzle.se\/produkt\/helwit-mint\/#primaryimage\"},\"thumbnailUrl\":\"https:\/\/staging.swizzle.se\/wp-content\/uploads\/2025\/11\/plytix-6901dac5217e4e7a8bf331ab-png-1.png\",\"datePublished\":\"2025-11-06T15:56:44+00:00\",\"dateModified\":\"2026-02-04T14:06:31+00:00\",\"description\":\"Helwit Mint \u00e4r ett tobaksfritt vitt snus i slim\u2011format med en ren och uppfriskande mintsmak, 3,5\u202fmg per portion (~7\u202fmg\/g).\",\"breadcrumb\":{\"@id\":\"https:\/\/www.swizzle.se\/produkt\/helwit-mint\/#breadcrumb\"},\"inLanguage\":\"en-GB\",\"potentialAction\":[{\"@type\":\"ReadAction\",\"target\":[\"https:\/\/www.swizzle.se\/produkt\/helwit-mint\/\"]}]},{\"@type\":\"ImageObject\",\"inLanguage\":\"en-GB\",\"@id\":\"https:\/\/www.swizzle.se\/produkt\/helwit-mint\/#primaryimage\",\"url\":\"https:\/\/staging.swizzle.se\/wp-content\/uploads\/2025\/11\/plytix-6901dac5217e4e7a8bf331ab-png-1.png\",\"contentUrl\":\"https:\/\/staging.swizzle.se\/wp-content\/uploads\/2025\/11\/plytix-6901dac5217e4e7a8bf331ab-png-1.png\",\"width\":585,\"height\":585,\"caption\":\"Helwit mint slim\"},{\"@type\":\"BreadcrumbList\",\"@id\":\"https:\/\/www.swizzle.se\/produkt\/helwit-mint\/#breadcrumb\",\"itemListElement\":[{\"@type\":\"ListItem\",\"position\":1,\"name\":\"Home\",\"item\":\"https:\/\/www.swizzle.se\/\"},{\"@type\":\"ListItem\",\"position\":2,\"name\":\"Shop\",\"item\":\"https:\/\/www.swizzle.se\/shop\/\"},{\"@type\":\"ListItem\",\"position\":3,\"name\":\"VITT SNUS\",\"item\":\"https:\/\/www.swizzle.se\/produkt-kategori\/vitt-snus\/\"},{\"@type\":\"ListItem\",\"position\":4,\"name\":\"Helwit Mint\"}]},{\"@type\":\"WebSite\",\"@id\":\"https:\/\/staging.swizzle.se\/#website\",\"url\":\"https:\/\/staging.swizzle.se\/\",\"name\":\"Swizzle\",\"description\":\"Nikotin CBD Vapes Snus White Portion\",\"publisher\":{\"@id\":\"https:\/\/staging.swizzle.se\/#organization\"},\"potentialAction\":[{\"@type\":\"SearchAction\",\"target\":{\"@type\":\"EntryPoint\",\"urlTemplate\":\"https:\/\/staging.swizzle.se\/?s={search_term_string}\"},\"query-input\":{\"@type\":\"PropertyValueSpecification\",\"valueRequired\":true,\"valueName\":\"search_term_string\"}}],\"inLanguage\":\"en-GB\"},{\"@type\":\"Organization\",\"@id\":\"https:\/\/staging.swizzle.se\/#organization\",\"name\":\"Swizzle\",\"url\":\"https:\/\/staging.swizzle.se\/\",\"logo\":{\"@type\":\"ImageObject\",\"inLanguage\":\"en-GB\",\"@id\":\"https:\/\/staging.swizzle.se\/#\/schema\/logo\/image\/\",\"url\":\"https:\/\/staging.swizzle.se\/wp-content\/uploads\/2025\/10\/cropped-SWIZZLE.-4.png\",\"contentUrl\":\"https:\/\/staging.swizzle.se\/wp-content\/uploads\/2025\/10\/cropped-SWIZZLE.-4.png\",\"width\":800,\"height\":267,\"caption\":\"Swizzle\"},\"image\":{\"@id\":\"https:\/\/staging.swizzle.se\/#\/schema\/logo\/image\/\"},\"hasMerchantReturnPolicy\":{\"@type\":\"MerchantReturnPolicy\",\"merchantReturnLink\":\"https:\/\/staging.swizzle.se\/en\/villkor\/\"}}]}<\/script>\n<meta property=\"product:price:amount\" content=\"39.00\" \/>\n<meta property=\"product:price:currency\" content=\"SEK\" \/>\n<meta property=\"og:availability\" content=\"instock\" \/>\n<meta property=\"product:availability\" content=\"instock\" \/>\n<meta property=\"product:retailer_item_id\" content=\"helwit-m\" \/>\n<meta property=\"product:condition\" content=\"new\" \/>\n<!-- \/ Yoast SEO Premium plugin. -->","yoast_head_json":{"title":"Helwit Mint","description":"Helwit Mint \u00e4r ett tobaksfritt vitt snus i slim\u2011format med en ren och uppfriskande mintsmak, 3,5\u202fmg per portion (~7\u202fmg\/g).","robots":{"index":"noindex","follow":"follow","max-snippet":"max-snippet:-1","max-image-preview":"max-image-preview:large","max-video-preview":"max-video-preview:-1"},"og_locale":"en_GB","og_type":"article","og_title":"Helwit Mint","og_description":"Helwit Mint \u00e4r ett tobaksfritt vitt snus i slim\u2011format med en ren och uppfriskande mintsmak, 3,5\u202fmg per portion (~7\u202fmg\/g).","og_url":"https:\/\/www.swizzle.se\/produkt\/helwit-mint\/","og_site_name":"Swizzle","article_modified_time":"2026-02-04T14:06:31+00:00","og_image":[{"width":585,"height":585,"url":"https:\/\/www.swizzle.se\/wp-content\/uploads\/2025\/11\/plytix-6901dac5217e4e7a8bf331ab-png-1.png","type":"image\/png"}],"twitter_card":"summary_large_image","twitter_misc":{"Price":"39.00&nbsp;&#107;&#114;","Availability":"In stock"},"schema":{"@context":"https:\/\/schema.org","@graph":[{"@type":"WebPage","@id":"https:\/\/www.swizzle.se\/produkt\/helwit-mint\/","url":"https:\/\/www.swizzle.se\/produkt\/helwit-mint\/","name":"Helwit Mint","isPartOf":{"@id":"https:\/\/staging.swizzle.se\/#website"},"primaryImageOfPage":{"@id":"https:\/\/www.swizzle.se\/produkt\/helwit-mint\/#primaryimage"},"image":{"@id":"https:\/\/www.swizzle.se\/produkt\/helwit-mint\/#primaryimage"},"thumbnailUrl":"https:\/\/staging.swizzle.se\/wp-content\/uploads\/2025\/11\/plytix-6901dac5217e4e7a8bf331ab-png-1.png","datePublished":"2025-11-06T15:56:44+00:00","dateModified":"2026-02-04T14:06:31+00:00","description":"Helwit Mint \u00e4r ett tobaksfritt vitt snus i slim\u2011format med en ren och uppfriskande mintsmak, 3,5\u202fmg per portion (~7\u202fmg\/g).","breadcrumb":{"@id":"https:\/\/www.swizzle.se\/produkt\/helwit-mint\/#breadcrumb"},"inLanguage":"en-GB","potentialAction":[{"@type":"ReadAction","target":["https:\/\/www.swizzle.se\/produkt\/helwit-mint\/"]}]},{"@type":"ImageObject","inLanguage":"en-GB","@id":"https:\/\/www.swizzle.se\/produkt\/helwit-mint\/#primaryimage","url":"https:\/\/staging.swizzle.se\/wp-content\/uploads\/2025\/11\/plytix-6901dac5217e4e7a8bf331ab-png-1.png","contentUrl":"https:\/\/staging.swizzle.se\/wp-content\/uploads\/2025\/11\/plytix-6901dac5217e4e7a8bf331ab-png-1.png","width":585,"height":585,"caption":"Helwit mint slim"},{"@type":"BreadcrumbList","@id":"https:\/\/www.swizzle.se\/produkt\/helwit-mint\/#breadcrumb","itemListElement":[{"@type":"ListItem","position":1,"name":"Home","item":"https:\/\/www.swizzle.se\/"},{"@type":"ListItem","position":2,"name":"Shop","item":"https:\/\/www.swizzle.se\/shop\/"},{"@type":"ListItem","position":3,"name":"VITT SNUS","item":"https:\/\/www.swizzle.se\/produkt-kategori\/vitt-snus\/"},{"@type":"ListItem","position":4,"name":"Helwit Mint"}]},{"@type":"WebSite","@id":"https:\/\/staging.swizzle.se\/#website","url":"https:\/\/staging.swizzle.se\/","name":"Swizzle","description":"Nicotine CBD Vapes Snus White Portion","publisher":{"@id":"https:\/\/staging.swizzle.se\/#organization"},"potentialAction":[{"@type":"SearchAction","target":{"@type":"EntryPoint","urlTemplate":"https:\/\/staging.swizzle.se\/?s={search_term_string}"},"query-input":{"@type":"PropertyValueSpecification","valueRequired":true,"valueName":"search_term_string"}}],"inLanguage":"en-GB"},{"@type":"Organization","@id":"https:\/\/staging.swizzle.se\/#organization","name":"Swizzle","url":"https:\/\/staging.swizzle.se\/","logo":{"@type":"ImageObject","inLanguage":"en-GB","@id":"https:\/\/staging.swizzle.se\/#\/schema\/logo\/image\/","url":"https:\/\/staging.swizzle.se\/wp-content\/uploads\/2025\/10\/cropped-SWIZZLE.-4.png","contentUrl":"https:\/\/staging.swizzle.se\/wp-content\/uploads\/2025\/10\/cropped-SWIZZLE.-4.png","width":800,"height":267,"caption":"Swizzle"},"image":{"@id":"https:\/\/staging.swizzle.se\/#\/schema\/logo\/image\/"},"hasMerchantReturnPolicy":{"@type":"MerchantReturnPolicy","merchantReturnLink":"https:\/\/staging.swizzle.se\/en\/villkor\/"}}]},"product_price_amount":"39.00","product_price_currency":"SEK","og_availability":"instock","product_availability":"instock","product_retailer_item_id":"helwit-m","product_condition":"new"},"tiered_pricing_type":"fixed","tiered_pricing_fixed_rules":[],"tiered_pricing_product_settings":{"layout":"default","base_unit_name":{"singular":null,"plural":null},"default_variation":null},"tiered_pricing_minimum_quantity":null,"tiered_pricing_roles_data":[],"tiered_pricing_percentage_rules":[],"tiered_pricing_maximum_quantity":null,"tiered_pricing_quantity_step":null,"_links":{"self":[{"href":"https:\/\/staging.swizzle.se\/en\/wp-json\/wp\/v2\/product\/278232","targetHints":{"allow":["GET"]}}],"collection":[{"href":"https:\/\/staging.swizzle.se\/en\/wp-json\/wp\/v2\/product"}],"about":[{"href":"https:\/\/staging.swizzle.se\/en\/wp-json\/wp\/v2\/types\/product"}],"replies":[{"embeddable":true,"href":"https:\/\/staging.swizzle.se\/en\/wp-json\/wp\/v2\/comments?post=278232"}],"version-history":[{"count":0,"href":"https:\/\/staging.swizzle.se\/en\/wp-json\/wp\/v2\/product\/278232\/revisions"}],"wp:featuredmedia":[{"embeddable":true,"href":"https:\/\/staging.swizzle.se\/en\/wp-json\/wp\/v2\/media\/278233"}],"wp:attachment":[{"href":"https:\/\/staging.swizzle.se\/en\/wp-json\/wp\/v2\/media?parent=278232"}],"wp:term":[{"taxonomy":"product_brand","embeddable":true,"href":"https:\/\/staging.swizzle.se\/en\/wp-json\/wp\/v2\/product_brand?post=278232"},{"taxonomy":"product_cat","embeddable":true,"href":"https:\/\/staging.swizzle.se\/en\/wp-json\/wp\/v2\/product_cat?post=278232"},{"taxonomy":"product_tag","embeddable":true,"href":"https:\/\/staging.swizzle.se\/en\/wp-json\/wp\/v2\/product_tag?post=278232"},{"taxonomy":"superdeal","embeddable":true,"href":"https:\/\/staging.swizzle.se\/en\/wp-json\/wp\/v2\/superdeal?post=278232"},{"taxonomy":"product_variant_id","embeddable":true,"href":"https:\/\/staging.swizzle.se\/en\/wp-json\/wp\/v2\/product_variant_id?post=278232"}],"curies":[{"name":"wp","href":"https:\/\/api.w.org\/{rel}","templated":true}]}}