{"id":278204,"date":"2025-11-06T16:20:49","date_gmt":"2025-11-06T16:20:49","guid":{"rendered":"https:\/\/staging.swizzle.se\/?post_type=product&#038;p=278204"},"modified":"2026-02-04T14:06:28","modified_gmt":"2026-02-04T14:06:28","slug":"loop-blueberry-ice","status":"publish","type":"product","link":"https:\/\/staging.swizzle.se\/en\/product-2\/loop-blueberry-ice\/","title":{"rendered":"Loop Blueberry Ice"},"content":{"rendered":"<section class=\"product-loop-blueberry-ice-strong\">\n<header>\n<h1>Loop Blueberry Ice Strong \u2013 Vitt snus med bl\u00e5b\u00e4r &amp; mint<\/h1>\n<p><strong>Loop Blueberry Ice Strong<\/strong> \u00e4r en vit, tobaksfri nikotinportion i slim\u2011format som kombinerar s\u00f6t bl\u00e5b\u00e4rssmak med en tydlig kylig k\u00e4nsla fr\u00e5n pepparmynta. Produk\u00adten klassificeras som stark styrka med cirka <strong>9,4\u202fmg nikotin per prilla (~15\u202fmg\/g)<\/strong> och levereras i en dosa med 20 portioner.<\/p>\n<\/header>\n<section>\n<h2>Smakprofil &amp; format<\/h2>\n<p>Smakprofilen pr\u00e4glas av mogna bl\u00e5b\u00e4r som paras med frisk mint och kylig eftersmak \u2013 ett modernt alternativ f\u00f6r dig som s\u00f6ker smakvariation inom vitt snus. Portionerna \u00e4r slim\u2011format vilket inneb\u00e4r att de \u00e4r smala och diskreta, designade f\u00f6r att vila bekv\u00e4mt under l\u00e4ppen.<\/p>\n<\/section>\n<section>\n<h2>Egenskaper och teknisk information<\/h2>\n<ul>\n<li><strong>Smak:<\/strong> Bl\u00e5b\u00e4r och pepparmynta<\/li>\n<li><strong>Styrka:<\/strong> Stark<\/li>\n<li><strong>Nikotin per portion:<\/strong> ~9,4\u202fmg<\/li>\n<li><strong>Nikotin per gram:<\/strong> ~15\u202fmg\/g<\/li>\n<li><strong>Format:<\/strong> Slim \u2013 smala portioner<\/li>\n<li><strong>Typ:<\/strong> Vitt snus\u202f\u2013 tobaksfritt nikotinportion<\/li>\n<li><strong>Portioner per dosa:<\/strong> 20 stycken<\/li>\n<\/ul>\n<p>Se v\u00e5r <a href=\"https:\/\/staging.swizzle.se\/en\/product-category\/topplistan-snus\/\">topplista<\/a><\/p>\n<\/section>\n<section>\n<h2>Varum\u00e4rke och bakgrund<\/h2>\n<p>Loop lanserades av Another Snus Factory som ett modernt varum\u00e4rke f\u00f6r tobaksfritt snus, med fokus p\u00e5 innovation, smakvariation och l\u00e4ttanv\u00e4nda format. Loop Blueberry Ice Strong visar varum\u00e4rkets engagemang f\u00f6r design och smakutveckling.<\/p>\n<\/section>\n<footer><strong><img decoding=\"async\" class=\"emoji\" role=\"img\" draggable=\"false\" src=\"https:\/\/s.w.org\/images\/core\/emoji\/16.0.1\/svg\/26a0.svg\" alt=\"\u26a0\ufe0f\" \/>\u00a0Denna produkt inneh\u00e5ller nikotin som \u00e4r ett mycket beroendeframkallande \u00e4mne. 18 \u00e5rsgr\u00e4ns.<\/strong><\/footer>\n<\/section>","protected":false},"excerpt":{"rendered":"<p><strong>Loop Blueberry Ice Strong<\/strong> \u00e4r en vit, tobaksfri nikotinportion i slim\u2011format som kombinerar s\u00f6t bl\u00e5b\u00e4rssmak med en tydlig kylig k\u00e4nsla fr\u00e5n pepparmynta. Produk\u00adten klassificeras som stark styrka med cirka <strong>9,4\u202fmg nikotin per prilla (~15\u202fmg\/g)<\/strong> och levereras i en dosa med 20 portioner.<\/p>\n<ul>\n<li><strong>Smak:<\/strong> Bl\u00e5b\u00e4r och pepparmynta<\/li>\n<li><strong>Styrka:<\/strong> Stark<\/li>\n<li><strong>Nikotin per portion:<\/strong> ~9,4\u202fmg<\/li>\n<li><strong>Nikotin per gram:<\/strong> ~15\u202fmg\/g<\/li>\n<li><strong>Format:<\/strong> Slim \u2013 smala portioner<\/li>\n<li><strong>Typ:<\/strong> Vitt snus\u202f\u2013 tobaksfritt nikotinportion<\/li>\n<li><strong>Portioner per dosa:<\/strong> 20 stycken<\/li>\n<\/ul>\n<p><strong><img decoding=\"async\" class=\"emoji\" role=\"img\" draggable=\"false\" src=\"https:\/\/s.w.org\/images\/core\/emoji\/16.0.1\/svg\/26a0.svg\" alt=\"\u26a0\ufe0f\" \/>\u00a0Denna produkt inneh\u00e5ller nikotin som \u00e4r ett mycket beroendeframkallande \u00e4mne. 18 \u00e5rsgr\u00e4ns.<\/strong><\/p>","protected":false},"featured_media":278205,"comment_status":"open","ping_status":"closed","template":"","meta":{"site-sidebar-layout":"default","site-content-layout":"","ast-site-content-layout":"default","site-content-style":"default","site-sidebar-style":"default","ast-global-header-display":"","ast-banner-title-visibility":"","ast-main-header-display":"","ast-hfb-above-header-display":"","ast-hfb-below-header-display":"","ast-hfb-mobile-header-display":"","site-post-title":"","ast-breadcrumbs-content":"","ast-featured-img":"","footer-sml-layout":"","ast-disable-related-posts":"","theme-transparent-header-meta":"default","adv-header-id-meta":"","stick-header-meta":"default","header-above-stick-meta":"","header-main-stick-meta":"","header-below-stick-meta":"","astra-migrate-meta-layouts":"set","ast-page-background-enabled":"default","ast-page-background-meta":{"desktop":{"background-color":"var(--ast-global-color-4)","background-image":"","background-repeat":"repeat","background-position":"center center","background-size":"auto","background-attachment":"scroll","background-type":"","background-media":"","overlay-type":"","overlay-color":"","overlay-opacity":"","overlay-gradient":""},"tablet":{"background-color":"","background-image":"","background-repeat":"repeat","background-position":"center center","background-size":"auto","background-attachment":"scroll","background-type":"","background-media":"","overlay-type":"","overlay-color":"","overlay-opacity":"","overlay-gradient":""},"mobile":{"background-color":"","background-image":"","background-repeat":"repeat","background-position":"center center","background-size":"auto","background-attachment":"scroll","background-type":"","background-media":"","overlay-type":"","overlay-color":"","overlay-opacity":"","overlay-gradient":""}},"ast-content-background-meta":{"desktop":{"background-color":"var(--ast-global-color-5)","background-image":"","background-repeat":"repeat","background-position":"center center","background-size":"auto","background-attachment":"scroll","background-type":"","background-media":"","overlay-type":"","overlay-color":"","overlay-opacity":"","overlay-gradient":""},"tablet":{"background-color":"var(--ast-global-color-5)","background-image":"","background-repeat":"repeat","background-position":"center center","background-size":"auto","background-attachment":"scroll","background-type":"","background-media":"","overlay-type":"","overlay-color":"","overlay-opacity":"","overlay-gradient":""},"mobile":{"background-color":"var(--ast-global-color-5)","background-image":"","background-repeat":"repeat","background-position":"center center","background-size":"auto","background-attachment":"scroll","background-type":"","background-media":"","overlay-type":"","overlay-color":"","overlay-opacity":"","overlay-gradient":""}}},"product_brand":[754],"product_cat":[357],"product_tag":[],"superdeal":[],"product_variant_id":[],"class_list":{"0":"post-278204","1":"product","2":"type-product","3":"status-publish","4":"has-post-thumbnail","6":"product_brand-loop","7":"product_cat-vitt-snus","8":"desktop-align-center","9":"tablet-align-left","10":"mobile-align-left","11":"ast-product-gallery-layout-horizontal-slider","12":"ast-magnify-disabled","13":"ast-product-tabs-layout-horizontal","15":"first","16":"instock","17":"taxable","18":"shipping-taxable","19":"purchasable","20":"product-type-simple"},"yoast_head":"<!-- This site is optimized with the Yoast SEO Premium plugin v26.9 (Yoast SEO v26.9) - https:\/\/yoast.com\/product\/yoast-seo-premium-wordpress\/ -->\n<title>Loop Blueberry Ice<\/title>\n<meta name=\"description\" content=\"Loop Blueberry Ice - tobaksfri nikotinportion i slim\u2011format som kombinerar s\u00f6t bl\u00e5b\u00e4rssmak med en tydlig kylig k\u00e4nsla fr\u00e5n pepparmynta.\" \/>\n<meta name=\"robots\" content=\"noindex, follow, max-snippet:-1, max-image-preview:large, max-video-preview:-1\" \/>\n<meta property=\"og:locale\" content=\"en_GB\" \/>\n<meta property=\"og:type\" content=\"article\" \/>\n<meta property=\"og:title\" content=\"Loop Blueberry Ice\" \/>\n<meta property=\"og:description\" content=\"Loop Blueberry Ice - tobaksfri nikotinportion i slim\u2011format som kombinerar s\u00f6t bl\u00e5b\u00e4rssmak med en tydlig kylig k\u00e4nsla fr\u00e5n pepparmynta.\" \/>\n<meta property=\"og:url\" content=\"https:\/\/www.swizzle.se\/produkt\/loop-blueberry-ice\/\" \/>\n<meta property=\"og:site_name\" content=\"Swizzle\" \/>\n<meta property=\"article:modified_time\" content=\"2026-02-04T14:06:28+00:00\" \/>\n<meta property=\"og:image\" content=\"https:\/\/www.swizzle.se\/wp-content\/uploads\/2025\/11\/plytix-68b02cb444b08c7209d5726e-png.png\" \/>\n\t<meta property=\"og:image:width\" content=\"555\" \/>\n\t<meta property=\"og:image:height\" content=\"555\" \/>\n\t<meta property=\"og:image:type\" content=\"image\/png\" \/>\n<meta name=\"twitter:card\" content=\"summary_large_image\" \/>\n<meta name=\"twitter:label1\" content=\"Price\" \/>\n\t<meta name=\"twitter:data1\" content=\"42.00&nbsp;&#107;&#114;\" \/>\n\t<meta name=\"twitter:label2\" content=\"Availability\" \/>\n\t<meta name=\"twitter:data2\" content=\"In stock\" \/>\n<script type=\"application\/ld+json\" class=\"yoast-schema-graph\">{\"@context\":\"https:\/\/schema.org\",\"@graph\":[{\"@type\":\"WebPage\",\"@id\":\"https:\/\/www.swizzle.se\/produkt\/loop-blueberry-ice\/\",\"url\":\"https:\/\/www.swizzle.se\/produkt\/loop-blueberry-ice\/\",\"name\":\"Loop Blueberry Ice\",\"isPartOf\":{\"@id\":\"https:\/\/staging.swizzle.se\/#website\"},\"primaryImageOfPage\":{\"@id\":\"https:\/\/www.swizzle.se\/produkt\/loop-blueberry-ice\/#primaryimage\"},\"image\":{\"@id\":\"https:\/\/www.swizzle.se\/produkt\/loop-blueberry-ice\/#primaryimage\"},\"thumbnailUrl\":\"https:\/\/staging.swizzle.se\/wp-content\/uploads\/2025\/11\/plytix-68b02cb444b08c7209d5726e-png.png\",\"datePublished\":\"2025-11-06T16:20:49+00:00\",\"dateModified\":\"2026-02-04T14:06:28+00:00\",\"description\":\"Loop Blueberry Ice - tobaksfri nikotinportion i slim\u2011format som kombinerar s\u00f6t bl\u00e5b\u00e4rssmak med en tydlig kylig k\u00e4nsla fr\u00e5n pepparmynta.\",\"breadcrumb\":{\"@id\":\"https:\/\/www.swizzle.se\/produkt\/loop-blueberry-ice\/#breadcrumb\"},\"inLanguage\":\"en-GB\",\"potentialAction\":[{\"@type\":\"ReadAction\",\"target\":[\"https:\/\/www.swizzle.se\/produkt\/loop-blueberry-ice\/\"]}]},{\"@type\":\"ImageObject\",\"inLanguage\":\"en-GB\",\"@id\":\"https:\/\/www.swizzle.se\/produkt\/loop-blueberry-ice\/#primaryimage\",\"url\":\"https:\/\/staging.swizzle.se\/wp-content\/uploads\/2025\/11\/plytix-68b02cb444b08c7209d5726e-png.png\",\"contentUrl\":\"https:\/\/staging.swizzle.se\/wp-content\/uploads\/2025\/11\/plytix-68b02cb444b08c7209d5726e-png.png\",\"width\":555,\"height\":555,\"caption\":\"Loop blueberry ice strong\"},{\"@type\":\"BreadcrumbList\",\"@id\":\"https:\/\/www.swizzle.se\/produkt\/loop-blueberry-ice\/#breadcrumb\",\"itemListElement\":[{\"@type\":\"ListItem\",\"position\":1,\"name\":\"Home\",\"item\":\"https:\/\/www.swizzle.se\/\"},{\"@type\":\"ListItem\",\"position\":2,\"name\":\"Shop\",\"item\":\"https:\/\/www.swizzle.se\/shop\/\"},{\"@type\":\"ListItem\",\"position\":3,\"name\":\"VITT SNUS\",\"item\":\"https:\/\/www.swizzle.se\/produkt-kategori\/vitt-snus\/\"},{\"@type\":\"ListItem\",\"position\":4,\"name\":\"Loop Blueberry Ice\"}]},{\"@type\":\"WebSite\",\"@id\":\"https:\/\/staging.swizzle.se\/#website\",\"url\":\"https:\/\/staging.swizzle.se\/\",\"name\":\"Swizzle\",\"description\":\"Nikotin CBD Vapes Snus White Portion\",\"publisher\":{\"@id\":\"https:\/\/staging.swizzle.se\/#organization\"},\"potentialAction\":[{\"@type\":\"SearchAction\",\"target\":{\"@type\":\"EntryPoint\",\"urlTemplate\":\"https:\/\/staging.swizzle.se\/?s={search_term_string}\"},\"query-input\":{\"@type\":\"PropertyValueSpecification\",\"valueRequired\":true,\"valueName\":\"search_term_string\"}}],\"inLanguage\":\"en-GB\"},{\"@type\":\"Organization\",\"@id\":\"https:\/\/staging.swizzle.se\/#organization\",\"name\":\"Swizzle\",\"url\":\"https:\/\/staging.swizzle.se\/\",\"logo\":{\"@type\":\"ImageObject\",\"inLanguage\":\"en-GB\",\"@id\":\"https:\/\/staging.swizzle.se\/#\/schema\/logo\/image\/\",\"url\":\"https:\/\/staging.swizzle.se\/wp-content\/uploads\/2025\/10\/cropped-SWIZZLE.-4.png\",\"contentUrl\":\"https:\/\/staging.swizzle.se\/wp-content\/uploads\/2025\/10\/cropped-SWIZZLE.-4.png\",\"width\":800,\"height\":267,\"caption\":\"Swizzle\"},\"image\":{\"@id\":\"https:\/\/staging.swizzle.se\/#\/schema\/logo\/image\/\"},\"hasMerchantReturnPolicy\":{\"@type\":\"MerchantReturnPolicy\",\"merchantReturnLink\":\"https:\/\/staging.swizzle.se\/en\/villkor\/\"}}]}<\/script>\n<meta property=\"product:price:amount\" content=\"42.00\" \/>\n<meta property=\"product:price:currency\" content=\"SEK\" \/>\n<meta property=\"og:availability\" content=\"instock\" \/>\n<meta property=\"product:availability\" content=\"instock\" \/>\n<meta property=\"product:retailer_item_id\" content=\"LoopBi\" \/>\n<meta property=\"product:condition\" content=\"new\" \/>\n<!-- \/ Yoast SEO Premium plugin. -->","yoast_head_json":{"title":"Loop Blueberry Ice","description":"Loop Blueberry Ice - tobaksfri nikotinportion i slim\u2011format som kombinerar s\u00f6t bl\u00e5b\u00e4rssmak med en tydlig kylig k\u00e4nsla fr\u00e5n pepparmynta.","robots":{"index":"noindex","follow":"follow","max-snippet":"max-snippet:-1","max-image-preview":"max-image-preview:large","max-video-preview":"max-video-preview:-1"},"og_locale":"en_GB","og_type":"article","og_title":"Loop Blueberry Ice","og_description":"Loop Blueberry Ice - tobaksfri nikotinportion i slim\u2011format som kombinerar s\u00f6t bl\u00e5b\u00e4rssmak med en tydlig kylig k\u00e4nsla fr\u00e5n pepparmynta.","og_url":"https:\/\/www.swizzle.se\/produkt\/loop-blueberry-ice\/","og_site_name":"Swizzle","article_modified_time":"2026-02-04T14:06:28+00:00","og_image":[{"width":555,"height":555,"url":"https:\/\/www.swizzle.se\/wp-content\/uploads\/2025\/11\/plytix-68b02cb444b08c7209d5726e-png.png","type":"image\/png"}],"twitter_card":"summary_large_image","twitter_misc":{"Price":"42.00&nbsp;&#107;&#114;","Availability":"In stock"},"schema":{"@context":"https:\/\/schema.org","@graph":[{"@type":"WebPage","@id":"https:\/\/www.swizzle.se\/produkt\/loop-blueberry-ice\/","url":"https:\/\/www.swizzle.se\/produkt\/loop-blueberry-ice\/","name":"Loop Blueberry Ice","isPartOf":{"@id":"https:\/\/staging.swizzle.se\/#website"},"primaryImageOfPage":{"@id":"https:\/\/www.swizzle.se\/produkt\/loop-blueberry-ice\/#primaryimage"},"image":{"@id":"https:\/\/www.swizzle.se\/produkt\/loop-blueberry-ice\/#primaryimage"},"thumbnailUrl":"https:\/\/staging.swizzle.se\/wp-content\/uploads\/2025\/11\/plytix-68b02cb444b08c7209d5726e-png.png","datePublished":"2025-11-06T16:20:49+00:00","dateModified":"2026-02-04T14:06:28+00:00","description":"Loop Blueberry Ice - tobaksfri nikotinportion i slim\u2011format som kombinerar s\u00f6t bl\u00e5b\u00e4rssmak med en tydlig kylig k\u00e4nsla fr\u00e5n pepparmynta.","breadcrumb":{"@id":"https:\/\/www.swizzle.se\/produkt\/loop-blueberry-ice\/#breadcrumb"},"inLanguage":"en-GB","potentialAction":[{"@type":"ReadAction","target":["https:\/\/www.swizzle.se\/produkt\/loop-blueberry-ice\/"]}]},{"@type":"ImageObject","inLanguage":"en-GB","@id":"https:\/\/www.swizzle.se\/produkt\/loop-blueberry-ice\/#primaryimage","url":"https:\/\/staging.swizzle.se\/wp-content\/uploads\/2025\/11\/plytix-68b02cb444b08c7209d5726e-png.png","contentUrl":"https:\/\/staging.swizzle.se\/wp-content\/uploads\/2025\/11\/plytix-68b02cb444b08c7209d5726e-png.png","width":555,"height":555,"caption":"Loop blueberry ice strong"},{"@type":"BreadcrumbList","@id":"https:\/\/www.swizzle.se\/produkt\/loop-blueberry-ice\/#breadcrumb","itemListElement":[{"@type":"ListItem","position":1,"name":"Home","item":"https:\/\/www.swizzle.se\/"},{"@type":"ListItem","position":2,"name":"Shop","item":"https:\/\/www.swizzle.se\/shop\/"},{"@type":"ListItem","position":3,"name":"VITT SNUS","item":"https:\/\/www.swizzle.se\/produkt-kategori\/vitt-snus\/"},{"@type":"ListItem","position":4,"name":"Loop Blueberry Ice"}]},{"@type":"WebSite","@id":"https:\/\/staging.swizzle.se\/#website","url":"https:\/\/staging.swizzle.se\/","name":"Swizzle","description":"Nicotine CBD Vapes Snus White Portion","publisher":{"@id":"https:\/\/staging.swizzle.se\/#organization"},"potentialAction":[{"@type":"SearchAction","target":{"@type":"EntryPoint","urlTemplate":"https:\/\/staging.swizzle.se\/?s={search_term_string}"},"query-input":{"@type":"PropertyValueSpecification","valueRequired":true,"valueName":"search_term_string"}}],"inLanguage":"en-GB"},{"@type":"Organization","@id":"https:\/\/staging.swizzle.se\/#organization","name":"Swizzle","url":"https:\/\/staging.swizzle.se\/","logo":{"@type":"ImageObject","inLanguage":"en-GB","@id":"https:\/\/staging.swizzle.se\/#\/schema\/logo\/image\/","url":"https:\/\/staging.swizzle.se\/wp-content\/uploads\/2025\/10\/cropped-SWIZZLE.-4.png","contentUrl":"https:\/\/staging.swizzle.se\/wp-content\/uploads\/2025\/10\/cropped-SWIZZLE.-4.png","width":800,"height":267,"caption":"Swizzle"},"image":{"@id":"https:\/\/staging.swizzle.se\/#\/schema\/logo\/image\/"},"hasMerchantReturnPolicy":{"@type":"MerchantReturnPolicy","merchantReturnLink":"https:\/\/staging.swizzle.se\/en\/villkor\/"}}]},"product_price_amount":"42.00","product_price_currency":"SEK","og_availability":"instock","product_availability":"instock","product_retailer_item_id":"LoopBi","product_condition":"new"},"tiered_pricing_type":"fixed","tiered_pricing_fixed_rules":[],"tiered_pricing_product_settings":{"layout":"default","base_unit_name":{"singular":null,"plural":null},"default_variation":null},"tiered_pricing_minimum_quantity":null,"tiered_pricing_roles_data":[],"tiered_pricing_percentage_rules":[],"tiered_pricing_maximum_quantity":null,"tiered_pricing_quantity_step":null,"_links":{"self":[{"href":"https:\/\/staging.swizzle.se\/en\/wp-json\/wp\/v2\/product\/278204","targetHints":{"allow":["GET"]}}],"collection":[{"href":"https:\/\/staging.swizzle.se\/en\/wp-json\/wp\/v2\/product"}],"about":[{"href":"https:\/\/staging.swizzle.se\/en\/wp-json\/wp\/v2\/types\/product"}],"replies":[{"embeddable":true,"href":"https:\/\/staging.swizzle.se\/en\/wp-json\/wp\/v2\/comments?post=278204"}],"version-history":[{"count":0,"href":"https:\/\/staging.swizzle.se\/en\/wp-json\/wp\/v2\/product\/278204\/revisions"}],"wp:featuredmedia":[{"embeddable":true,"href":"https:\/\/staging.swizzle.se\/en\/wp-json\/wp\/v2\/media\/278205"}],"wp:attachment":[{"href":"https:\/\/staging.swizzle.se\/en\/wp-json\/wp\/v2\/media?parent=278204"}],"wp:term":[{"taxonomy":"product_brand","embeddable":true,"href":"https:\/\/staging.swizzle.se\/en\/wp-json\/wp\/v2\/product_brand?post=278204"},{"taxonomy":"product_cat","embeddable":true,"href":"https:\/\/staging.swizzle.se\/en\/wp-json\/wp\/v2\/product_cat?post=278204"},{"taxonomy":"product_tag","embeddable":true,"href":"https:\/\/staging.swizzle.se\/en\/wp-json\/wp\/v2\/product_tag?post=278204"},{"taxonomy":"superdeal","embeddable":true,"href":"https:\/\/staging.swizzle.se\/en\/wp-json\/wp\/v2\/superdeal?post=278204"},{"taxonomy":"product_variant_id","embeddable":true,"href":"https:\/\/staging.swizzle.se\/en\/wp-json\/wp\/v2\/product_variant_id?post=278204"}],"curies":[{"name":"wp","href":"https:\/\/api.w.org\/{rel}","templated":true}]}}