{"id":278118,"date":"2025-11-05T21:28:42","date_gmt":"2025-11-05T21:28:42","guid":{"rendered":"https:\/\/staging.swizzle.se\/?post_type=product&#038;p=278118"},"modified":"2026-02-04T14:24:38","modified_gmt":"2026-02-04T14:24:38","slug":"zyn-spearmint-slim-s2","status":"publish","type":"product","link":"https:\/\/staging.swizzle.se\/en\/product-2\/zyn-spearmint-slim-s2\/","title":{"rendered":"ZYN Spearmint Slim S2"},"content":{"rendered":"<p><strong>ZYN Spearmint S2 tobaksfritt nikotin. <\/strong><\/p>\n<p>\u00c4r ett vitt snus som inneh\u00e5ller smaker av pepparmynta och spearmint. Styrkan \u00e4r normal och produkten kommer i slim-format med 21 portioner per dosa.<br \/>\nTillverkare: Swedish Match<br \/>\nNikotinhalt mg\/portion: 6 mg<br \/>\nAntal prillor per dosa: 21<\/p>\n<p>ZYN \u00e4r ett varum\u00e4rke fr\u00e5n Swedish Match som fokuserar p\u00e5 tobaksfria nikotinp\u00e5sar och tillhandah\u00e5ller ett utbud av olika smaker och styrkor. Produkterna \u00e4r avsedda f\u00f6r vuxna och utg\u00f6r ett alternativ till tobaksfritt snusZYN Spearmint Slim S2 \u00e4r ett vitt snus som inneh\u00e5ller smaker av pepparmynta och spearmint. Styrkan \u00e4r normal och produkten kommer i slim-format med 21 portioner per dosa. om produkten ZYN Spearmint Slim S2 \u00e4r en produkt fr\u00e5n Swedish Match, ett varum\u00e4rke inom vitt snus. Det \u00e4r en produkt utan tobak som inneh\u00e5ller nikotin. ZYN Spearmint Slim S2 \u00e4r en del av ZYNs sortiment av nikotinp\u00e5sar d\u00e4r styrkan p\u00e5 produkten \u00e4r normal och formatet \u00e4r slim. OBS! Ny dosdesign och uppdaterat namn! ZYN Slim Spearmint heter nu ZYN Spearmint Slim S2! Produkten har f\u00e5tt ett nytt recept med en minskad beska och s\u00e4lta samt \u00f6kad s\u00f6tma, vilket leder till en mer j\u00e4mn smakupplevelse. Produkttypen ZYN Spearmint Slim S2 \u00e4r vitt snus med smak av pepparmynta och spearmint i slim-format. Produkten har en normal styrka med en nikotinhalt p\u00e5 6 mg per portion och 8,81 mg\/g.<br \/>\nFler alternativ fr\u00e5n Zyn finns <a href=\"https:\/\/staging.swizzle.se\/en\/product-category\/vitt-snus\/zyn\/\">h\u00e4r<\/a><br \/>\n<a href=\"https:\/\/zyn.se\">Zyn<\/a><\/p>\n<p><strong>\u26a0\ufe0f Denna produkt inneh\u00e5ller nikotin som \u00e4r ett mycket beroendeframkallande \u00e4mne. 18 \u00e5rsgr\u00e4ns.<\/strong><\/p>","protected":false},"excerpt":{"rendered":"<p><strong>ZYN Spearmint S2 tobaksfritt nikotin.<\/strong><\/p>\n<p>Ett vitt snus som inneh\u00e5ller smaker av pepparmynta och spearmint. Styrkan \u00e4r normal och produkten kommer i slim-format med 21 portioner per dosa.<br \/>\n<strong>Tillverkare:<\/strong> Swedish Match<br \/>\n<strong>Nikotinhalt mg\/portion<\/strong>: 6 mg<br \/>\n<strong>Antal prillor per dosa<\/strong>: 21<\/p>\n<p><strong>\u26a0\ufe0f Denna produkt inneh\u00e5ller nikotin som \u00e4r ett mycket beroendeframkallande \u00e4mne. 18 \u00e5rsgr\u00e4ns.<\/strong><\/p>\n<p>ZYN \u00e4r ett varum\u00e4rke fr\u00e5n Swedish Match som fokuserar p\u00e5 tobaksfria nikotinp\u00e5sar och tillhandah\u00e5ller ett utbud av olika smaker och styrkor. Produkterna \u00e4r avsedda f\u00f6r vuxna och utg\u00f6r ett alternativ till tobaksfritt snus.<\/p>","protected":false},"featured_media":278133,"comment_status":"closed","ping_status":"closed","template":"","meta":{"site-sidebar-layout":"default","site-content-layout":"","ast-site-content-layout":"default","site-content-style":"default","site-sidebar-style":"default","ast-global-header-display":"","ast-banner-title-visibility":"","ast-main-header-display":"","ast-hfb-above-header-display":"","ast-hfb-below-header-display":"","ast-hfb-mobile-header-display":"","site-post-title":"","ast-breadcrumbs-content":"","ast-featured-img":"","footer-sml-layout":"","ast-disable-related-posts":"","theme-transparent-header-meta":"default","adv-header-id-meta":"","stick-header-meta":"default","header-above-stick-meta":"","header-main-stick-meta":"","header-below-stick-meta":"","astra-migrate-meta-layouts":"set","ast-page-background-enabled":"default","ast-page-background-meta":{"desktop":{"background-color":"var(--ast-global-color-4)","background-image":"","background-repeat":"repeat","background-position":"center center","background-size":"auto","background-attachment":"scroll","background-type":"","background-media":"","overlay-type":"","overlay-color":"","overlay-opacity":"","overlay-gradient":""},"tablet":{"background-color":"","background-image":"","background-repeat":"repeat","background-position":"center center","background-size":"auto","background-attachment":"scroll","background-type":"","background-media":"","overlay-type":"","overlay-color":"","overlay-opacity":"","overlay-gradient":""},"mobile":{"background-color":"","background-image":"","background-repeat":"repeat","background-position":"center center","background-size":"auto","background-attachment":"scroll","background-type":"","background-media":"","overlay-type":"","overlay-color":"","overlay-opacity":"","overlay-gradient":""}},"ast-content-background-meta":{"desktop":{"background-color":"var(--ast-global-color-5)","background-image":"","background-repeat":"repeat","background-position":"center center","background-size":"auto","background-attachment":"scroll","background-type":"","background-media":"","overlay-type":"","overlay-color":"","overlay-opacity":"","overlay-gradient":""},"tablet":{"background-color":"var(--ast-global-color-5)","background-image":"","background-repeat":"repeat","background-position":"center center","background-size":"auto","background-attachment":"scroll","background-type":"","background-media":"","overlay-type":"","overlay-color":"","overlay-opacity":"","overlay-gradient":""},"mobile":{"background-color":"var(--ast-global-color-5)","background-image":"","background-repeat":"repeat","background-position":"center center","background-size":"auto","background-attachment":"scroll","background-type":"","background-media":"","overlay-type":"","overlay-color":"","overlay-opacity":"","overlay-gradient":""}}},"product_brand":[776],"product_cat":[357],"product_tag":[],"superdeal":[],"product_variant_id":[],"class_list":{"0":"post-278118","1":"product","2":"type-product","3":"status-publish","4":"has-post-thumbnail","6":"product_brand-zyn","7":"product_cat-vitt-snus","8":"desktop-align-center","9":"tablet-align-left","10":"mobile-align-left","11":"ast-product-gallery-layout-horizontal-slider","12":"ast-magnify-disabled","13":"ast-product-tabs-layout-horizontal","15":"first","16":"instock","17":"taxable","18":"shipping-taxable","19":"purchasable","20":"product-type-simple"},"yoast_head":"<!-- This site is optimized with the Yoast SEO Premium plugin v26.9 (Yoast SEO v26.9) - https:\/\/yoast.com\/product\/yoast-seo-premium-wordpress\/ -->\n<title>ZYN Spearmint S2 tobaksfritt nikotin<\/title>\n<meta name=\"description\" content=\"ZYN Spearmint S2 tobaksfritt nikotin, ett vitt snus fr\u00e5n Swedish Match. Styrka medium, smak av spearmint. nikotinhalt p\u00e5 6 mg per portion och 8,81 mg\/g\" \/>\n<meta name=\"robots\" content=\"noindex, follow, max-snippet:-1, max-image-preview:large, max-video-preview:-1\" \/>\n<meta property=\"og:locale\" content=\"en_GB\" \/>\n<meta property=\"og:type\" content=\"article\" \/>\n<meta property=\"og:title\" content=\"ZYN Spearmint Slim S2\" \/>\n<meta property=\"og:description\" content=\"ZYN Spearmint S2 tobaksfritt nikotin, ett vitt snus fr\u00e5n Swedish Match. Styrka medium, smak av spearmint. nikotinhalt p\u00e5 6 mg per portion och 8,81 mg\/g\" \/>\n<meta property=\"og:url\" content=\"https:\/\/www.swizzle.se\/produkt\/zyn-spearmint-slim-s2\/\" \/>\n<meta property=\"og:site_name\" content=\"Swizzle\" \/>\n<meta property=\"article:modified_time\" content=\"2026-02-04T14:24:38+00:00\" \/>\n<meta property=\"og:image\" content=\"https:\/\/www.swizzle.se\/wp-content\/uploads\/2025\/11\/plytix-680f1f88af96326bcfa0056e-png.png\" \/>\n\t<meta property=\"og:image:width\" content=\"555\" \/>\n\t<meta property=\"og:image:height\" content=\"555\" \/>\n\t<meta property=\"og:image:type\" content=\"image\/png\" \/>\n<meta name=\"twitter:card\" content=\"summary_large_image\" \/>\n<meta name=\"twitter:label1\" content=\"Price\" \/>\n\t<meta name=\"twitter:data1\" content=\"45.00&nbsp;&#107;&#114;\" \/>\n\t<meta name=\"twitter:label2\" content=\"Availability\" \/>\n\t<meta name=\"twitter:data2\" content=\"In stock\" \/>\n<script type=\"application\/ld+json\" class=\"yoast-schema-graph\">{\"@context\":\"https:\/\/schema.org\",\"@graph\":[{\"@type\":\"WebPage\",\"@id\":\"https:\/\/www.swizzle.se\/produkt\/zyn-spearmint-slim-s2\/\",\"url\":\"https:\/\/www.swizzle.se\/produkt\/zyn-spearmint-slim-s2\/\",\"name\":\"ZYN Spearmint S2 tobaksfritt nikotin\",\"isPartOf\":{\"@id\":\"https:\/\/staging.swizzle.se\/#website\"},\"primaryImageOfPage\":{\"@id\":\"https:\/\/www.swizzle.se\/produkt\/zyn-spearmint-slim-s2\/#primaryimage\"},\"image\":{\"@id\":\"https:\/\/www.swizzle.se\/produkt\/zyn-spearmint-slim-s2\/#primaryimage\"},\"thumbnailUrl\":\"https:\/\/staging.swizzle.se\/wp-content\/uploads\/2025\/11\/plytix-680f1f88af96326bcfa0056e-png.png\",\"datePublished\":\"2025-11-05T21:28:42+00:00\",\"dateModified\":\"2026-02-04T14:24:38+00:00\",\"description\":\"ZYN Spearmint S2 tobaksfritt nikotin, ett vitt snus fr\u00e5n Swedish Match. Styrka medium, smak av spearmint. nikotinhalt p\u00e5 6 mg per portion och 8,81 mg\/g\",\"breadcrumb\":{\"@id\":\"https:\/\/www.swizzle.se\/produkt\/zyn-spearmint-slim-s2\/#breadcrumb\"},\"inLanguage\":\"en-GB\",\"potentialAction\":[{\"@type\":\"ReadAction\",\"target\":[\"https:\/\/www.swizzle.se\/produkt\/zyn-spearmint-slim-s2\/\"]}]},{\"@type\":\"ImageObject\",\"inLanguage\":\"en-GB\",\"@id\":\"https:\/\/www.swizzle.se\/produkt\/zyn-spearmint-slim-s2\/#primaryimage\",\"url\":\"https:\/\/staging.swizzle.se\/wp-content\/uploads\/2025\/11\/plytix-680f1f88af96326bcfa0056e-png.png\",\"contentUrl\":\"https:\/\/staging.swizzle.se\/wp-content\/uploads\/2025\/11\/plytix-680f1f88af96326bcfa0056e-png.png\",\"width\":555,\"height\":555,\"caption\":\"Bild Zyn Spearmint A\"},{\"@type\":\"BreadcrumbList\",\"@id\":\"https:\/\/www.swizzle.se\/produkt\/zyn-spearmint-slim-s2\/#breadcrumb\",\"itemListElement\":[{\"@type\":\"ListItem\",\"position\":1,\"name\":\"Home\",\"item\":\"https:\/\/www.swizzle.se\/\"},{\"@type\":\"ListItem\",\"position\":2,\"name\":\"Shop\",\"item\":\"https:\/\/www.swizzle.se\/shop\/\"},{\"@type\":\"ListItem\",\"position\":3,\"name\":\"VITT SNUS\",\"item\":\"https:\/\/www.swizzle.se\/produkt-kategori\/vitt-snus\/\"},{\"@type\":\"ListItem\",\"position\":4,\"name\":\"ZYN Spearmint Slim S2\"}]},{\"@type\":\"WebSite\",\"@id\":\"https:\/\/staging.swizzle.se\/#website\",\"url\":\"https:\/\/staging.swizzle.se\/\",\"name\":\"Swizzle\",\"description\":\"Nikotin CBD Vapes Snus White Portion\",\"publisher\":{\"@id\":\"https:\/\/staging.swizzle.se\/#organization\"},\"potentialAction\":[{\"@type\":\"SearchAction\",\"target\":{\"@type\":\"EntryPoint\",\"urlTemplate\":\"https:\/\/staging.swizzle.se\/?s={search_term_string}\"},\"query-input\":{\"@type\":\"PropertyValueSpecification\",\"valueRequired\":true,\"valueName\":\"search_term_string\"}}],\"inLanguage\":\"en-GB\"},{\"@type\":\"Organization\",\"@id\":\"https:\/\/staging.swizzle.se\/#organization\",\"name\":\"Swizzle\",\"url\":\"https:\/\/staging.swizzle.se\/\",\"logo\":{\"@type\":\"ImageObject\",\"inLanguage\":\"en-GB\",\"@id\":\"https:\/\/staging.swizzle.se\/#\/schema\/logo\/image\/\",\"url\":\"https:\/\/staging.swizzle.se\/wp-content\/uploads\/2025\/10\/cropped-SWIZZLE.-4.png\",\"contentUrl\":\"https:\/\/staging.swizzle.se\/wp-content\/uploads\/2025\/10\/cropped-SWIZZLE.-4.png\",\"width\":800,\"height\":267,\"caption\":\"Swizzle\"},\"image\":{\"@id\":\"https:\/\/staging.swizzle.se\/#\/schema\/logo\/image\/\"},\"hasMerchantReturnPolicy\":{\"@type\":\"MerchantReturnPolicy\",\"merchantReturnLink\":\"https:\/\/staging.swizzle.se\/en\/villkor\/\"}}]}<\/script>\n<meta property=\"product:price:amount\" content=\"45.00\" \/>\n<meta property=\"product:price:currency\" content=\"SEK\" \/>\n<meta property=\"og:availability\" content=\"instock\" \/>\n<meta property=\"product:availability\" content=\"instock\" \/>\n<meta property=\"product:retailer_item_id\" content=\"Zyn1\" \/>\n<meta property=\"product:condition\" content=\"new\" \/>\n<!-- \/ Yoast SEO Premium plugin. -->","yoast_head_json":{"title":"ZYN Spearmint S2 tobaksfritt nikotin","description":"ZYN Spearmint S2 tobaksfritt nikotin, ett vitt snus fr\u00e5n Swedish Match. Styrka medium, smak av spearmint. nikotinhalt p\u00e5 6 mg per portion och 8,81 mg\/g","robots":{"index":"noindex","follow":"follow","max-snippet":"max-snippet:-1","max-image-preview":"max-image-preview:large","max-video-preview":"max-video-preview:-1"},"og_locale":"en_GB","og_type":"article","og_title":"ZYN Spearmint Slim S2","og_description":"ZYN Spearmint S2 tobaksfritt nikotin, ett vitt snus fr\u00e5n Swedish Match. Styrka medium, smak av spearmint. nikotinhalt p\u00e5 6 mg per portion och 8,81 mg\/g","og_url":"https:\/\/www.swizzle.se\/produkt\/zyn-spearmint-slim-s2\/","og_site_name":"Swizzle","article_modified_time":"2026-02-04T14:24:38+00:00","og_image":[{"width":555,"height":555,"url":"https:\/\/www.swizzle.se\/wp-content\/uploads\/2025\/11\/plytix-680f1f88af96326bcfa0056e-png.png","type":"image\/png"}],"twitter_card":"summary_large_image","twitter_misc":{"Price":"45.00&nbsp;&#107;&#114;","Availability":"In stock"},"schema":{"@context":"https:\/\/schema.org","@graph":[{"@type":"WebPage","@id":"https:\/\/www.swizzle.se\/produkt\/zyn-spearmint-slim-s2\/","url":"https:\/\/www.swizzle.se\/produkt\/zyn-spearmint-slim-s2\/","name":"ZYN Spearmint S2 tobaksfritt nikotin","isPartOf":{"@id":"https:\/\/staging.swizzle.se\/#website"},"primaryImageOfPage":{"@id":"https:\/\/www.swizzle.se\/produkt\/zyn-spearmint-slim-s2\/#primaryimage"},"image":{"@id":"https:\/\/www.swizzle.se\/produkt\/zyn-spearmint-slim-s2\/#primaryimage"},"thumbnailUrl":"https:\/\/staging.swizzle.se\/wp-content\/uploads\/2025\/11\/plytix-680f1f88af96326bcfa0056e-png.png","datePublished":"2025-11-05T21:28:42+00:00","dateModified":"2026-02-04T14:24:38+00:00","description":"ZYN Spearmint S2 tobaksfritt nikotin, ett vitt snus fr\u00e5n Swedish Match. Styrka medium, smak av spearmint. nikotinhalt p\u00e5 6 mg per portion och 8,81 mg\/g","breadcrumb":{"@id":"https:\/\/www.swizzle.se\/produkt\/zyn-spearmint-slim-s2\/#breadcrumb"},"inLanguage":"en-GB","potentialAction":[{"@type":"ReadAction","target":["https:\/\/www.swizzle.se\/produkt\/zyn-spearmint-slim-s2\/"]}]},{"@type":"ImageObject","inLanguage":"en-GB","@id":"https:\/\/www.swizzle.se\/produkt\/zyn-spearmint-slim-s2\/#primaryimage","url":"https:\/\/staging.swizzle.se\/wp-content\/uploads\/2025\/11\/plytix-680f1f88af96326bcfa0056e-png.png","contentUrl":"https:\/\/staging.swizzle.se\/wp-content\/uploads\/2025\/11\/plytix-680f1f88af96326bcfa0056e-png.png","width":555,"height":555,"caption":"Bild Zyn Spearmint A"},{"@type":"BreadcrumbList","@id":"https:\/\/www.swizzle.se\/produkt\/zyn-spearmint-slim-s2\/#breadcrumb","itemListElement":[{"@type":"ListItem","position":1,"name":"Home","item":"https:\/\/www.swizzle.se\/"},{"@type":"ListItem","position":2,"name":"Shop","item":"https:\/\/www.swizzle.se\/shop\/"},{"@type":"ListItem","position":3,"name":"VITT SNUS","item":"https:\/\/www.swizzle.se\/produkt-kategori\/vitt-snus\/"},{"@type":"ListItem","position":4,"name":"ZYN Spearmint Slim S2"}]},{"@type":"WebSite","@id":"https:\/\/staging.swizzle.se\/#website","url":"https:\/\/staging.swizzle.se\/","name":"Swizzle","description":"Nicotine CBD Vapes Snus White Portion","publisher":{"@id":"https:\/\/staging.swizzle.se\/#organization"},"potentialAction":[{"@type":"SearchAction","target":{"@type":"EntryPoint","urlTemplate":"https:\/\/staging.swizzle.se\/?s={search_term_string}"},"query-input":{"@type":"PropertyValueSpecification","valueRequired":true,"valueName":"search_term_string"}}],"inLanguage":"en-GB"},{"@type":"Organization","@id":"https:\/\/staging.swizzle.se\/#organization","name":"Swizzle","url":"https:\/\/staging.swizzle.se\/","logo":{"@type":"ImageObject","inLanguage":"en-GB","@id":"https:\/\/staging.swizzle.se\/#\/schema\/logo\/image\/","url":"https:\/\/staging.swizzle.se\/wp-content\/uploads\/2025\/10\/cropped-SWIZZLE.-4.png","contentUrl":"https:\/\/staging.swizzle.se\/wp-content\/uploads\/2025\/10\/cropped-SWIZZLE.-4.png","width":800,"height":267,"caption":"Swizzle"},"image":{"@id":"https:\/\/staging.swizzle.se\/#\/schema\/logo\/image\/"},"hasMerchantReturnPolicy":{"@type":"MerchantReturnPolicy","merchantReturnLink":"https:\/\/staging.swizzle.se\/en\/villkor\/"}}]},"product_price_amount":"45.00","product_price_currency":"SEK","og_availability":"instock","product_availability":"instock","product_retailer_item_id":"Zyn1","product_condition":"new"},"tiered_pricing_type":"fixed","tiered_pricing_fixed_rules":[],"tiered_pricing_product_settings":{"layout":"default","base_unit_name":{"singular":null,"plural":null},"default_variation":null},"tiered_pricing_minimum_quantity":null,"tiered_pricing_roles_data":[],"tiered_pricing_percentage_rules":[],"tiered_pricing_maximum_quantity":null,"tiered_pricing_quantity_step":null,"_links":{"self":[{"href":"https:\/\/staging.swizzle.se\/en\/wp-json\/wp\/v2\/product\/278118","targetHints":{"allow":["GET"]}}],"collection":[{"href":"https:\/\/staging.swizzle.se\/en\/wp-json\/wp\/v2\/product"}],"about":[{"href":"https:\/\/staging.swizzle.se\/en\/wp-json\/wp\/v2\/types\/product"}],"replies":[{"embeddable":true,"href":"https:\/\/staging.swizzle.se\/en\/wp-json\/wp\/v2\/comments?post=278118"}],"version-history":[{"count":0,"href":"https:\/\/staging.swizzle.se\/en\/wp-json\/wp\/v2\/product\/278118\/revisions"}],"wp:featuredmedia":[{"embeddable":true,"href":"https:\/\/staging.swizzle.se\/en\/wp-json\/wp\/v2\/media\/278133"}],"wp:attachment":[{"href":"https:\/\/staging.swizzle.se\/en\/wp-json\/wp\/v2\/media?parent=278118"}],"wp:term":[{"taxonomy":"product_brand","embeddable":true,"href":"https:\/\/staging.swizzle.se\/en\/wp-json\/wp\/v2\/product_brand?post=278118"},{"taxonomy":"product_cat","embeddable":true,"href":"https:\/\/staging.swizzle.se\/en\/wp-json\/wp\/v2\/product_cat?post=278118"},{"taxonomy":"product_tag","embeddable":true,"href":"https:\/\/staging.swizzle.se\/en\/wp-json\/wp\/v2\/product_tag?post=278118"},{"taxonomy":"superdeal","embeddable":true,"href":"https:\/\/staging.swizzle.se\/en\/wp-json\/wp\/v2\/superdeal?post=278118"},{"taxonomy":"product_variant_id","embeddable":true,"href":"https:\/\/staging.swizzle.se\/en\/wp-json\/wp\/v2\/product_variant_id?post=278118"}],"curies":[{"name":"wp","href":"https:\/\/api.w.org\/{rel}","templated":true}]}}