{"id":274913,"date":"2025-09-23T09:06:44","date_gmt":"2025-09-23T09:06:44","guid":{"rendered":"https:\/\/staging.swizzle.se\/?post_type=product&#038;p=274913"},"modified":"2026-02-04T14:03:37","modified_gmt":"2026-02-04T14:03:37","slug":"thca-cartridge-99-magic-farmers-1ml-tart-aptricott","status":"publish","type":"product","link":"https:\/\/staging.swizzle.se\/en\/product-2\/thca-cartridge-99-magic-farmers-1ml-tart-aptricott\/","title":{"rendered":"THCA Cartridge 99% &#8211; Magic Farmers &#8211; 1ml &#8211; Tart Apricott"},"content":{"rendered":"<p>THCA Cartridge 99% &#8211; Magic Farmers &#8211; 1ml &#8211; Tart Apricott<\/p>\n<p><strong>OBS! alla cartridges m\u00e5ste kombineras med batteri f\u00f6r att anv\u00e4ndas. Vi har flera modeller bland annat denna:\u00a0<a href=\"https:\/\/staging.swizzle.se\/en\/product-2\/ccell-m3-batteri\/\">CCELL M3 batteri 510 g\u00e4ngning<\/a><\/strong><\/p>\n<p><strong>Potentiella f\u00f6rdelar med THCA vapes<\/strong><\/p>\n<p><strong>Neuroprotektiva egenskaper<br \/>\n<\/strong>THCA-produkter kan ge neuroprotektiva f\u00f6rdelar och hj\u00e4lpa till att f\u00f6rebygga och behandla neurodegenerativa tillst\u00e5nd som Alzheimers och Parkinsons.<\/p>\n<p><strong>Inflammationsreduktion<\/strong><br \/>\nCannabinoiden THCA har naturliga antiinflammatoriska egenskaper. Som s\u00e5dan kan det hj\u00e4lpa till att behandla kroniska tillst\u00e5nd som k\u00e4nnetecknas av svullnad, inklusive multipel skleros, inflammatorisk tarmsjukdom och artrit.<\/p>\n<p><strong>Sm\u00e4rtlindring<\/strong><br \/>\nTHCA kan ge snabb lindring fr\u00e5n inflammation, men det kan ocks\u00e5 ge snabb lindring fr\u00e5n sm\u00e4rta, tack vare f\u00f6reningens sm\u00e4rtstillande egenskaper. Det \u00e4r en lovande potentiell behandling f\u00f6r akut eller kronisk sm\u00e4rta till f\u00f6ljd av skador eller sjukdomar.<\/p>\n<p><strong>Aptitstimulering<\/strong><br \/>\nTHCA kommunicerar med CB1-receptorer i det endocannabinoida systemet, vilket resulterar i fris\u00e4ttning av hormoner som uppmuntrar hunger. Detta g\u00f6r det till ett attraktivt potentiellt aptitstimulerande medel f\u00f6r individer som k\u00e4mpar med oavsiktlig viktminskning p\u00e5 grund av sjukdom eller medicinska behandlingar som kemoterapi.<\/p>\n<p><strong>Lindring av illam\u00e5ende och kr\u00e4kningar<\/strong><br \/>\nF\u00f6rutom att h\u00f6ja aptiten kan THCA-produkter lindra illam\u00e5ende och kr\u00e4kningar. Dess antiemetiska effekter \u00f6kar dess potentiella terapeutiska v\u00e4rde f\u00f6r individer som g\u00e5r igenom kemoterapi eller hanterar medicinska tillst\u00e5nd som orsakar illam\u00e5ende eller kr\u00e4kningar.<\/p>\n<p><strong>Antikonvulsiva och krampl\u00f6sande egenskaper<\/strong><br \/>\nDenna m\u00e5ngsidiga cannabisv\u00e4xtf\u00f6rening unders\u00f6ks ocks\u00e5 f\u00f6r dess potential att f\u00f6rebygga och lindra anfall och spasmer.<\/p>\n<p>Obs!<br \/>\nDu m\u00e5ste vara minst 18 \u00e5r f\u00f6r att k\u00f6pa denna produkt. Den \u00e4r inte avsedd som l\u00e4kemedel, kosttillskott eller naturprodukt. Vi uppmuntrar inte till konsumtion eller r\u00f6kning av produkten. F\u00f6rvara den utom r\u00e4ckh\u00e5ll f\u00f6r barn.Vi friskriver oss fr\u00e5n hur du som kund anv\u00e4nder v\u00e5ra produkter. Vi s\u00e4ljer dem f\u00f6r samlings- och prydnadssyften.<\/p>","protected":false},"excerpt":{"rendered":"<p class=\"ai-optimize-47 ai-optimize-introduction\">THCA Cartridge 99% &#8211; Magic Farmers &#8211; 1ml &#8211; Tart Apricott<\/p>\n<p><strong>OBS! alla cartridges m\u00e5ste kombineras med batteri f\u00f6r att anv\u00e4ndas. Vi har flera modeller bland annat denna:\u00a0<a href=\"https:\/\/staging.swizzle.se\/en\/product-2\/ccell-m3-batteri\/\">CCELL M3 batteri 510 g\u00e4ngning<\/a><\/strong><\/p>\n<p class=\"ai-optimize-41\"><span style=\"font-weight: 400;\">Upplev sommarsmakerna med v\u00e5r THCA cartridge Tart Apricott. Denna cart erbjuder en perfekt kombination av smak och effekt, vilket g\u00f6r den till ett utm\u00e4rkt val f\u00f6r kv\u00e4llen eller de soliga dagarna. Med en volym p\u00e5 1 ml och upp till 400 puffs, kan du njuta l\u00e4nge.\u00a0<\/span><\/p>\n<p class=\"ai-optimize-42\"><strong>Specifikationer:<br \/>\n<\/strong><\/p>\n<ul>\n<li class=\"ai-optimize-43\"><span style=\"font-weight: 400;\"><strong>Kapacitet:<\/strong> 1 ml<\/span><\/li>\n<li class=\"ai-optimize-44\"><strong>Puffs:<\/strong> Upp till 400<\/li>\n<li class=\"ai-optimize-45\"><strong>Inneh\u00e5ll:<\/strong> 99% THCA Live resin<\/li>\n<li class=\"ai-optimize-46\"><strong>THC-fri<\/strong><\/li>\n<\/ul>\n<p class=\"ai-optimize-29\">Kombineras med v\u00e5ra batterier<\/p>\n<p>Denna produkt har en l\u00e4gsta prisgaranti, l\u00e4s mer om vad det inneb\u00e4r<a href=\"https:\/\/staging.swizzle.se\/en\/lagsta-pris-garanti\/\"><b> h\u00e4r<\/b><\/a>.<\/p>","protected":false},"featured_media":274914,"comment_status":"open","ping_status":"closed","template":"","meta":{"site-sidebar-layout":"default","site-content-layout":"","ast-site-content-layout":"default","site-content-style":"default","site-sidebar-style":"default","ast-global-header-display":"","ast-banner-title-visibility":"","ast-main-header-display":"","ast-hfb-above-header-display":"","ast-hfb-below-header-display":"","ast-hfb-mobile-header-display":"","site-post-title":"","ast-breadcrumbs-content":"","ast-featured-img":"","footer-sml-layout":"","ast-disable-related-posts":"","theme-transparent-header-meta":"default","adv-header-id-meta":"","stick-header-meta":"default","header-above-stick-meta":"","header-main-stick-meta":"","header-below-stick-meta":"","astra-migrate-meta-layouts":"set","ast-page-background-enabled":"default","ast-page-background-meta":{"desktop":{"background-color":"var(--ast-global-color-4)","background-image":"","background-repeat":"repeat","background-position":"center center","background-size":"auto","background-attachment":"scroll","background-type":"","background-media":"","overlay-type":"","overlay-color":"","overlay-opacity":"","overlay-gradient":""},"tablet":{"background-color":"","background-image":"","background-repeat":"repeat","background-position":"center center","background-size":"auto","background-attachment":"scroll","background-type":"","background-media":"","overlay-type":"","overlay-color":"","overlay-opacity":"","overlay-gradient":""},"mobile":{"background-color":"","background-image":"","background-repeat":"repeat","background-position":"center center","background-size":"auto","background-attachment":"scroll","background-type":"","background-media":"","overlay-type":"","overlay-color":"","overlay-opacity":"","overlay-gradient":""}},"ast-content-background-meta":{"desktop":{"background-color":"var(--ast-global-color-5)","background-image":"","background-repeat":"repeat","background-position":"center center","background-size":"auto","background-attachment":"scroll","background-type":"","background-media":"","overlay-type":"","overlay-color":"","overlay-opacity":"","overlay-gradient":""},"tablet":{"background-color":"var(--ast-global-color-5)","background-image":"","background-repeat":"repeat","background-position":"center center","background-size":"auto","background-attachment":"scroll","background-type":"","background-media":"","overlay-type":"","overlay-color":"","overlay-opacity":"","overlay-gradient":""},"mobile":{"background-color":"var(--ast-global-color-5)","background-image":"","background-repeat":"repeat","background-position":"center center","background-size":"auto","background-attachment":"scroll","background-type":"","background-media":"","overlay-type":"","overlay-color":"","overlay-opacity":"","overlay-gradient":""}}},"product_brand":[756],"product_cat":[303,316],"product_tag":[],"superdeal":[],"product_variant_id":[],"class_list":{"0":"post-274913","1":"product","2":"type-product","3":"status-publish","4":"has-post-thumbnail","6":"product_brand-magic-farmers","7":"product_cat-thca","8":"product_cat-thca-cartridge","9":"pa_storlek-2ml","10":"desktop-align-center","11":"tablet-align-left","12":"mobile-align-left","13":"ast-product-gallery-layout-horizontal-slider","14":"ast-magnify-disabled","15":"ast-product-tabs-layout-horizontal","17":"first","18":"instock","19":"taxable","20":"shipping-taxable","21":"purchasable","22":"product-type-simple"},"yoast_head":"<!-- This site is optimized with the Yoast SEO Premium plugin v26.9 (Yoast SEO v26.9) - https:\/\/yoast.com\/product\/yoast-seo-premium-wordpress\/ -->\n<title>THCA Cartridge 99% - Magic Farmers - 1ml - Tart Apricott<\/title>\n<meta name=\"description\" content=\"THCA Cartridge 99% - Magic Farmers - 1ml - Tart Apricott - relativt ny uppt\u00e4ckt inom cannabisforskningen. -smaken i denna vape ger en h\u00e4rlig smakupplevelse.\" \/>\n<meta name=\"robots\" content=\"noindex, follow, max-snippet:-1, max-image-preview:large, max-video-preview:-1\" \/>\n<meta property=\"og:locale\" content=\"en_GB\" \/>\n<meta property=\"og:type\" content=\"article\" \/>\n<meta property=\"og:title\" content=\"THCA Cartridge 99% - Magic Farmers - Kiwi Sorbet\" \/>\n<meta property=\"og:description\" content=\"THCA Cartridge 99% - Magic Farmers - Kiwi Sorbet - relativt ny uppt\u00e4ckt inom cannabisforskningen. -smaken i denna vape ger en h\u00e4rlig smakupplevelse.\" \/>\n<meta property=\"og:url\" content=\"https:\/\/www.swizzle.se\/produkt\/thca-cartridge-99-magic-farmers-1ml-tart-aptricott\/\" \/>\n<meta property=\"og:site_name\" content=\"Swizzle\" \/>\n<meta property=\"article:modified_time\" content=\"2026-02-04T14:03:37+00:00\" \/>\n<meta property=\"og:image\" content=\"https:\/\/www.swizzle.se\/wp-content\/uploads\/2025\/09\/MK_VAPECART_THCA_TART.webp\" \/>\n\t<meta property=\"og:image:width\" content=\"800\" \/>\n\t<meta property=\"og:image:height\" content=\"800\" \/>\n\t<meta property=\"og:image:type\" content=\"image\/webp\" \/>\n<meta name=\"twitter:card\" content=\"summary_large_image\" \/>\n<meta name=\"twitter:title\" content=\"THCA Cartridge 99% - Magic Farmers - Kiwi Sorbet\" \/>\n<meta name=\"twitter:description\" content=\"THCA Cartridge 99% - Magic Farmers - Kiwi Sorbet - relativt ny uppt\u00e4ckt inom cannabisforskningen. -smaken i denna vape ger en h\u00e4rlig smakupplevelse.\" \/>\n<meta name=\"twitter:label1\" content=\"Price\" \/>\n\t<meta name=\"twitter:data1\" content=\"639.00&nbsp;&#107;&#114;\" \/>\n\t<meta name=\"twitter:label2\" content=\"Availability\" \/>\n\t<meta name=\"twitter:data2\" content=\"In stock\" \/>\n<script type=\"application\/ld+json\" class=\"yoast-schema-graph\">{\"@context\":\"https:\/\/schema.org\",\"@graph\":[{\"@type\":\"WebPage\",\"@id\":\"https:\/\/www.swizzle.se\/produkt\/thca-cartridge-99-magic-farmers-1ml-tart-aptricott\/\",\"url\":\"https:\/\/www.swizzle.se\/produkt\/thca-cartridge-99-magic-farmers-1ml-tart-aptricott\/\",\"name\":\"THCA Cartridge 99% - Magic Farmers - 1ml - Tart Apricott\",\"isPartOf\":{\"@id\":\"https:\/\/staging.swizzle.se\/#website\"},\"primaryImageOfPage\":{\"@id\":\"https:\/\/www.swizzle.se\/produkt\/thca-cartridge-99-magic-farmers-1ml-tart-aptricott\/#primaryimage\"},\"image\":{\"@id\":\"https:\/\/www.swizzle.se\/produkt\/thca-cartridge-99-magic-farmers-1ml-tart-aptricott\/#primaryimage\"},\"thumbnailUrl\":\"https:\/\/staging.swizzle.se\/wp-content\/uploads\/2025\/09\/MK_VAPECART_THCA_TART.webp\",\"datePublished\":\"2025-09-23T09:06:44+00:00\",\"dateModified\":\"2026-02-04T14:03:37+00:00\",\"description\":\"THCA Cartridge 99% - Magic Farmers - 1ml - Tart Apricott - relativt ny uppt\u00e4ckt inom cannabisforskningen. -smaken i denna vape ger en h\u00e4rlig smakupplevelse.\",\"breadcrumb\":{\"@id\":\"https:\/\/www.swizzle.se\/produkt\/thca-cartridge-99-magic-farmers-1ml-tart-aptricott\/#breadcrumb\"},\"inLanguage\":\"en-GB\",\"potentialAction\":[{\"@type\":\"ReadAction\",\"target\":[\"https:\/\/www.swizzle.se\/produkt\/thca-cartridge-99-magic-farmers-1ml-tart-aptricott\/\"]}]},{\"@type\":\"ImageObject\",\"inLanguage\":\"en-GB\",\"@id\":\"https:\/\/www.swizzle.se\/produkt\/thca-cartridge-99-magic-farmers-1ml-tart-aptricott\/#primaryimage\",\"url\":\"https:\/\/staging.swizzle.se\/wp-content\/uploads\/2025\/09\/MK_VAPECART_THCA_TART.webp\",\"contentUrl\":\"https:\/\/staging.swizzle.se\/wp-content\/uploads\/2025\/09\/MK_VAPECART_THCA_TART.webp\",\"width\":800,\"height\":800,\"caption\":\"Bild thca cartridge tart aprocott\"},{\"@type\":\"BreadcrumbList\",\"@id\":\"https:\/\/www.swizzle.se\/produkt\/thca-cartridge-99-magic-farmers-1ml-tart-aptricott\/#breadcrumb\",\"itemListElement\":[{\"@type\":\"ListItem\",\"position\":1,\"name\":\"Home\",\"item\":\"https:\/\/www.swizzle.se\/\"},{\"@type\":\"ListItem\",\"position\":2,\"name\":\"Shop\",\"item\":\"https:\/\/www.swizzle.se\/shop\/\"},{\"@type\":\"ListItem\",\"position\":3,\"name\":\"THCA\",\"item\":\"https:\/\/www.swizzle.se\/produkt-kategori\/thca\/\"},{\"@type\":\"ListItem\",\"position\":4,\"name\":\"THCA CARTRIDGE\",\"item\":\"https:\/\/www.swizzle.se\/produkt-kategori\/thca\/thca-cartridge\/\"},{\"@type\":\"ListItem\",\"position\":5,\"name\":\"THCA Cartridge 99% &#8211; Magic Farmers &#8211; 1ml &#8211; Tart Apricott\"}]},{\"@type\":\"WebSite\",\"@id\":\"https:\/\/staging.swizzle.se\/#website\",\"url\":\"https:\/\/staging.swizzle.se\/\",\"name\":\"Swizzle\",\"description\":\"Nikotin CBD Vapes Snus White Portion\",\"publisher\":{\"@id\":\"https:\/\/staging.swizzle.se\/#organization\"},\"potentialAction\":[{\"@type\":\"SearchAction\",\"target\":{\"@type\":\"EntryPoint\",\"urlTemplate\":\"https:\/\/staging.swizzle.se\/?s={search_term_string}\"},\"query-input\":{\"@type\":\"PropertyValueSpecification\",\"valueRequired\":true,\"valueName\":\"search_term_string\"}}],\"inLanguage\":\"en-GB\"},{\"@type\":\"Organization\",\"@id\":\"https:\/\/staging.swizzle.se\/#organization\",\"name\":\"Swizzle\",\"url\":\"https:\/\/staging.swizzle.se\/\",\"logo\":{\"@type\":\"ImageObject\",\"inLanguage\":\"en-GB\",\"@id\":\"https:\/\/staging.swizzle.se\/#\/schema\/logo\/image\/\",\"url\":\"https:\/\/staging.swizzle.se\/wp-content\/uploads\/2025\/10\/cropped-SWIZZLE.-4.png\",\"contentUrl\":\"https:\/\/staging.swizzle.se\/wp-content\/uploads\/2025\/10\/cropped-SWIZZLE.-4.png\",\"width\":800,\"height\":267,\"caption\":\"Swizzle\"},\"image\":{\"@id\":\"https:\/\/staging.swizzle.se\/#\/schema\/logo\/image\/\"},\"hasMerchantReturnPolicy\":{\"@type\":\"MerchantReturnPolicy\",\"merchantReturnLink\":\"https:\/\/staging.swizzle.se\/en\/villkor\/\"}}]}<\/script>\n<meta property=\"product:price:amount\" content=\"639.00\" \/>\n<meta property=\"product:price:currency\" content=\"SEK\" \/>\n<meta property=\"og:availability\" content=\"instock\" \/>\n<meta property=\"product:availability\" content=\"instock\" \/>\n<meta property=\"product:retailer_item_id\" content=\"MF54203-1-1-2-1-1\" \/>\n<meta property=\"product:condition\" content=\"new\" \/>\n<!-- \/ Yoast SEO Premium plugin. -->","yoast_head_json":{"title":"THCA Cartridge 99% - Magic Farmers - 1ml - Tart Apricott","description":"THCA Cartridge 99% - Magic Farmers - 1ml - Tart Apricott - relativt ny uppt\u00e4ckt inom cannabisforskningen. -smaken i denna vape ger en h\u00e4rlig smakupplevelse.","robots":{"index":"noindex","follow":"follow","max-snippet":"max-snippet:-1","max-image-preview":"max-image-preview:large","max-video-preview":"max-video-preview:-1"},"og_locale":"en_GB","og_type":"article","og_title":"THCA Cartridge 99% - Magic Farmers - Kiwi Sorbet","og_description":"THCA Cartridge 99% - Magic Farmers - Kiwi Sorbet - relativt ny uppt\u00e4ckt inom cannabisforskningen. -smaken i denna vape ger en h\u00e4rlig smakupplevelse.","og_url":"https:\/\/www.swizzle.se\/produkt\/thca-cartridge-99-magic-farmers-1ml-tart-aptricott\/","og_site_name":"Swizzle","article_modified_time":"2026-02-04T14:03:37+00:00","og_image":[{"width":800,"height":800,"url":"https:\/\/www.swizzle.se\/wp-content\/uploads\/2025\/09\/MK_VAPECART_THCA_TART.webp","type":"image\/webp"}],"twitter_card":"summary_large_image","twitter_title":"THCA Cartridge 99% - Magic Farmers - Kiwi Sorbet","twitter_description":"THCA Cartridge 99% - Magic Farmers - Kiwi Sorbet - relativt ny uppt\u00e4ckt inom cannabisforskningen. -smaken i denna vape ger en h\u00e4rlig smakupplevelse.","twitter_misc":{"Price":"639.00&nbsp;&#107;&#114;","Availability":"In stock"},"schema":{"@context":"https:\/\/schema.org","@graph":[{"@type":"WebPage","@id":"https:\/\/www.swizzle.se\/produkt\/thca-cartridge-99-magic-farmers-1ml-tart-aptricott\/","url":"https:\/\/www.swizzle.se\/produkt\/thca-cartridge-99-magic-farmers-1ml-tart-aptricott\/","name":"THCA Cartridge 99% - Magic Farmers - 1ml - Tart Apricott","isPartOf":{"@id":"https:\/\/staging.swizzle.se\/#website"},"primaryImageOfPage":{"@id":"https:\/\/www.swizzle.se\/produkt\/thca-cartridge-99-magic-farmers-1ml-tart-aptricott\/#primaryimage"},"image":{"@id":"https:\/\/www.swizzle.se\/produkt\/thca-cartridge-99-magic-farmers-1ml-tart-aptricott\/#primaryimage"},"thumbnailUrl":"https:\/\/staging.swizzle.se\/wp-content\/uploads\/2025\/09\/MK_VAPECART_THCA_TART.webp","datePublished":"2025-09-23T09:06:44+00:00","dateModified":"2026-02-04T14:03:37+00:00","description":"THCA Cartridge 99% - Magic Farmers - 1ml - Tart Apricott - relativt ny uppt\u00e4ckt inom cannabisforskningen. -smaken i denna vape ger en h\u00e4rlig smakupplevelse.","breadcrumb":{"@id":"https:\/\/www.swizzle.se\/produkt\/thca-cartridge-99-magic-farmers-1ml-tart-aptricott\/#breadcrumb"},"inLanguage":"en-GB","potentialAction":[{"@type":"ReadAction","target":["https:\/\/www.swizzle.se\/produkt\/thca-cartridge-99-magic-farmers-1ml-tart-aptricott\/"]}]},{"@type":"ImageObject","inLanguage":"en-GB","@id":"https:\/\/www.swizzle.se\/produkt\/thca-cartridge-99-magic-farmers-1ml-tart-aptricott\/#primaryimage","url":"https:\/\/staging.swizzle.se\/wp-content\/uploads\/2025\/09\/MK_VAPECART_THCA_TART.webp","contentUrl":"https:\/\/staging.swizzle.se\/wp-content\/uploads\/2025\/09\/MK_VAPECART_THCA_TART.webp","width":800,"height":800,"caption":"Bild thca cartridge tart aprocott"},{"@type":"BreadcrumbList","@id":"https:\/\/www.swizzle.se\/produkt\/thca-cartridge-99-magic-farmers-1ml-tart-aptricott\/#breadcrumb","itemListElement":[{"@type":"ListItem","position":1,"name":"Home","item":"https:\/\/www.swizzle.se\/"},{"@type":"ListItem","position":2,"name":"Shop","item":"https:\/\/www.swizzle.se\/shop\/"},{"@type":"ListItem","position":3,"name":"THCA","item":"https:\/\/www.swizzle.se\/produkt-kategori\/thca\/"},{"@type":"ListItem","position":4,"name":"THCA CARTRIDGE","item":"https:\/\/www.swizzle.se\/produkt-kategori\/thca\/thca-cartridge\/"},{"@type":"ListItem","position":5,"name":"THCA Cartridge 99% &#8211; Magic Farmers &#8211; 1ml &#8211; Tart Apricott"}]},{"@type":"WebSite","@id":"https:\/\/staging.swizzle.se\/#website","url":"https:\/\/staging.swizzle.se\/","name":"Swizzle","description":"Nicotine CBD Vapes Snus White Portion","publisher":{"@id":"https:\/\/staging.swizzle.se\/#organization"},"potentialAction":[{"@type":"SearchAction","target":{"@type":"EntryPoint","urlTemplate":"https:\/\/staging.swizzle.se\/?s={search_term_string}"},"query-input":{"@type":"PropertyValueSpecification","valueRequired":true,"valueName":"search_term_string"}}],"inLanguage":"en-GB"},{"@type":"Organization","@id":"https:\/\/staging.swizzle.se\/#organization","name":"Swizzle","url":"https:\/\/staging.swizzle.se\/","logo":{"@type":"ImageObject","inLanguage":"en-GB","@id":"https:\/\/staging.swizzle.se\/#\/schema\/logo\/image\/","url":"https:\/\/staging.swizzle.se\/wp-content\/uploads\/2025\/10\/cropped-SWIZZLE.-4.png","contentUrl":"https:\/\/staging.swizzle.se\/wp-content\/uploads\/2025\/10\/cropped-SWIZZLE.-4.png","width":800,"height":267,"caption":"Swizzle"},"image":{"@id":"https:\/\/staging.swizzle.se\/#\/schema\/logo\/image\/"},"hasMerchantReturnPolicy":{"@type":"MerchantReturnPolicy","merchantReturnLink":"https:\/\/staging.swizzle.se\/en\/villkor\/"}}]},"product_price_amount":"639.00","product_price_currency":"SEK","og_availability":"instock","product_availability":"instock","product_retailer_item_id":"MF54203-1-1-2-1-1","product_condition":"new"},"tiered_pricing_type":"fixed","tiered_pricing_fixed_rules":[],"tiered_pricing_product_settings":{"layout":"default","base_unit_name":{"singular":null,"plural":null},"default_variation":null},"tiered_pricing_minimum_quantity":null,"tiered_pricing_roles_data":[],"tiered_pricing_percentage_rules":[],"tiered_pricing_maximum_quantity":null,"tiered_pricing_quantity_step":null,"_links":{"self":[{"href":"https:\/\/staging.swizzle.se\/en\/wp-json\/wp\/v2\/product\/274913","targetHints":{"allow":["GET"]}}],"collection":[{"href":"https:\/\/staging.swizzle.se\/en\/wp-json\/wp\/v2\/product"}],"about":[{"href":"https:\/\/staging.swizzle.se\/en\/wp-json\/wp\/v2\/types\/product"}],"replies":[{"embeddable":true,"href":"https:\/\/staging.swizzle.se\/en\/wp-json\/wp\/v2\/comments?post=274913"}],"version-history":[{"count":0,"href":"https:\/\/staging.swizzle.se\/en\/wp-json\/wp\/v2\/product\/274913\/revisions"}],"wp:featuredmedia":[{"embeddable":true,"href":"https:\/\/staging.swizzle.se\/en\/wp-json\/wp\/v2\/media\/274914"}],"wp:attachment":[{"href":"https:\/\/staging.swizzle.se\/en\/wp-json\/wp\/v2\/media?parent=274913"}],"wp:term":[{"taxonomy":"product_brand","embeddable":true,"href":"https:\/\/staging.swizzle.se\/en\/wp-json\/wp\/v2\/product_brand?post=274913"},{"taxonomy":"product_cat","embeddable":true,"href":"https:\/\/staging.swizzle.se\/en\/wp-json\/wp\/v2\/product_cat?post=274913"},{"taxonomy":"product_tag","embeddable":true,"href":"https:\/\/staging.swizzle.se\/en\/wp-json\/wp\/v2\/product_tag?post=274913"},{"taxonomy":"superdeal","embeddable":true,"href":"https:\/\/staging.swizzle.se\/en\/wp-json\/wp\/v2\/superdeal?post=274913"},{"taxonomy":"product_variant_id","embeddable":true,"href":"https:\/\/staging.swizzle.se\/en\/wp-json\/wp\/v2\/product_variant_id?post=274913"}],"curies":[{"name":"wp","href":"https:\/\/api.w.org\/{rel}","templated":true}]}}