{"id":274628,"date":"2025-09-16T11:09:48","date_gmt":"2025-09-16T11:09:48","guid":{"rendered":"https:\/\/staging.swizzle.se\/?post_type=product&#038;p=274628"},"modified":"2026-02-04T13:53:33","modified_gmt":"2026-02-04T13:53:33","slug":"kombodeal-pain-free-lions-mane","status":"publish","type":"product","link":"https:\/\/staging.swizzle.se\/en\/product-2\/kombodeal-pain-free-lions-mane\/","title":{"rendered":"Kombodeal! Pain Free + Lions Mane"},"content":{"rendered":"<h5>Kombodeal! Pain Free + Lions Mane<\/h5>\n<p>&nbsp;<\/p>\n<h5><strong>Lion&#8217;s Mane 350mg\/st by swizzle<\/strong><\/h5>\n<p>\u00c4r v\u00f6rdad i m\u00e5nga antika kulturer och har anv\u00e4nts medicinskt i tusentals \u00e5r. Denna kraftfulla svamp kan\u00a0<b>skydda din hj\u00e4rna mot kognitiv f\u00f6rs\u00e4mring, \u00f6ka minnet, st\u00f6dja immunitet, minska \u00e5ngest, \u00f6ka hum\u00f6ret och f\u00f6rb\u00e4ttra en k\u00e4nsla av fokus under hela dagen, och mycket mer<\/b>.<br \/>\n* Veganska<br \/>\n*Naturliga s\u00f6tningsmedel<br \/>\n*GMO fri<\/p>\n<p>350mg\/gummie<br \/>\n20st\/p\u00e5se<\/p>\n<p>&nbsp;<\/p>\n<h5 class=\"product_title entry-title\"><strong>Pain Free Gummie Bears \u2013 Full Spectrum \u2013 20mg CBD + 15mg CBG \/gummie<\/strong><\/h5>\n<p><strong style=\"font-size: 16px;\">Pain Free CBD + CBG Full Spectrum<\/strong><\/p>\n<div class=\"woocommerce-product-details__short-description\">\n<p>Dessa gummies \u00e4r speciellt framtagna f\u00f6r att lindra sm\u00e4rta och stress. Full spektrum.<\/p>\n<p>* Veganska<br \/>\n*Naturliga s\u00f6tningsmedel<br \/>\n*GMO fri<\/p>\n<p>2omg CBD<br \/>\n15mg CBG<\/p>\n<p>20st gummies per p\u00e5se<\/p>\n<p>Se \u00e4ven:\u00a0<a href=\"https:\/\/staging.swizzle.se\/en\/product-2\/pain-free-cbd-cbg-full-spectrum\/\">Pain Free Gummie Bears<\/a> &amp;\u00a0<a href=\"https:\/\/staging.swizzle.se\/en\/product-2\/lions-mane-350mg-st-by-swizzle\/\">lion mane<\/a><\/p>\n<\/div>\n<p><strong>Obs!<\/strong><br \/>\nDu m\u00e5ste vara minst 18 \u00e5r f\u00f6r att k\u00f6pa denna produkt. Den \u00e4r inte avsedd som l\u00e4kemedel, kosttillskott eller naturprodukt. Vi uppmuntrar inte till konsumtion eller r\u00f6kning av produkten. F\u00f6rvara den utom r\u00e4ckh\u00e5ll f\u00f6r barn.Vi friskriver oss fr\u00e5n hur du som kund anv\u00e4nder v\u00e5ra produkter. Vi s\u00e4ljer dem f\u00f6r samlings- och prydnadssyften.<\/p>","protected":false},"excerpt":{"rendered":"<h6>Kombodeal! Pain Free + Lions Mane.\u00a0Passa p\u00e5 detta tidsbegr\u00e4nsade erbjudande!<\/h6>\n<p>I erbjudandet ing\u00e5r:<\/p>\n<p><strong>1 st Pain Free <em>BY SWIZZLE<\/em><\/strong><\/p>\n<p><strong>1 st Lion&#8217;s Mane <em>BY SWIZZLE<\/em><\/strong><\/p>\n<p>&#8212;&#8212;&#8212;&#8212;&#8212;&#8211;<\/p>\n<h5><strong>Lion&#8217;s Mane 350mg\/st by swizzle<\/strong><\/h5>\n<p>\u00c4r v\u00f6rdad i m\u00e5nga antika kulturer och har anv\u00e4nts medicinskt i tusentals \u00e5r. Denna kraftfulla svamp kan\u00a0<b>skydda din hj\u00e4rna mot kognitiv f\u00f6rs\u00e4mring, \u00f6ka minnet, st\u00f6dja immunitet, minska \u00e5ngest, \u00f6ka hum\u00f6ret och f\u00f6rb\u00e4ttra en k\u00e4nsla av fokus under hela dagen, och mycket mer<\/b>.<br \/>\n* Veganska<br \/>\n*Naturliga s\u00f6tningsmedel<br \/>\n*GMO fri<\/p>\n<p>350mg\/gummie<br \/>\n20st\/p\u00e5se<\/p>\n<p>&#8212;&#8212;&#8212;&#8212;&#8212;&#8212;<\/p>\n<h5 class=\"product_title entry-title\"><strong>Pain Free Gummie Bears \u2013 Full Spectrum \u2013 20mg CBD + 15mg CBG \/gummie<\/strong><\/h5>\n<p><strong style=\"font-size: 16px;\">Pain Free CBD + CBG Full Spectrum<\/strong><\/p>\n<div class=\"woocommerce-product-details__short-description\">\n<p class=\"ai-optimize-29\">Dessa gummies \u00e4r speciellt framtagna f\u00f6r att lindra sm\u00e4rta och stress. Full spektrum.<\/p>\n<p>* Veganska<br \/>\n*Naturliga s\u00f6tningsmedel<br \/>\n*GMO fri<\/p>\n<p class=\"ai-optimize-30\">2omg CBD<br \/>\n15mg CBG<\/p>\n<p class=\"ai-optimize-31\">20st gummies per p\u00e5se<\/p>\n<\/div>","protected":false},"featured_media":274755,"comment_status":"open","ping_status":"closed","template":"","meta":{"site-sidebar-layout":"default","site-content-layout":"","ast-site-content-layout":"default","site-content-style":"default","site-sidebar-style":"default","ast-global-header-display":"","ast-banner-title-visibility":"","ast-main-header-display":"","ast-hfb-above-header-display":"","ast-hfb-below-header-display":"","ast-hfb-mobile-header-display":"","site-post-title":"","ast-breadcrumbs-content":"","ast-featured-img":"","footer-sml-layout":"","ast-disable-related-posts":"","theme-transparent-header-meta":"default","adv-header-id-meta":"","stick-header-meta":"","header-above-stick-meta":"","header-main-stick-meta":"","header-below-stick-meta":"","astra-migrate-meta-layouts":"set","ast-page-background-enabled":"default","ast-page-background-meta":{"desktop":{"background-color":"var(--ast-global-color-4)","background-image":"","background-repeat":"repeat","background-position":"center center","background-size":"auto","background-attachment":"scroll","background-type":"","background-media":"","overlay-type":"","overlay-color":"","overlay-opacity":"","overlay-gradient":""},"tablet":{"background-color":"","background-image":"","background-repeat":"repeat","background-position":"center center","background-size":"auto","background-attachment":"scroll","background-type":"","background-media":"","overlay-type":"","overlay-color":"","overlay-opacity":"","overlay-gradient":""},"mobile":{"background-color":"","background-image":"","background-repeat":"repeat","background-position":"center center","background-size":"auto","background-attachment":"scroll","background-type":"","background-media":"","overlay-type":"","overlay-color":"","overlay-opacity":"","overlay-gradient":""}},"ast-content-background-meta":{"desktop":{"background-color":"var(--ast-global-color-5)","background-image":"","background-repeat":"repeat","background-position":"center center","background-size":"auto","background-attachment":"scroll","background-type":"","background-media":"","overlay-type":"","overlay-color":"","overlay-opacity":"","overlay-gradient":""},"tablet":{"background-color":"var(--ast-global-color-5)","background-image":"","background-repeat":"repeat","background-position":"center center","background-size":"auto","background-attachment":"scroll","background-type":"","background-media":"","overlay-type":"","overlay-color":"","overlay-opacity":"","overlay-gradient":""},"mobile":{"background-color":"var(--ast-global-color-5)","background-image":"","background-repeat":"repeat","background-position":"center center","background-size":"auto","background-attachment":"scroll","background-type":"","background-media":"","overlay-type":"","overlay-color":"","overlay-opacity":"","overlay-gradient":""}}},"product_brand":[766],"product_cat":[410,331,354,355,455,377],"product_tag":[],"superdeal":[],"product_variant_id":[],"class_list":{"0":"post-274628","1":"product","2":"type-product","3":"status-publish","4":"has-post-thumbnail","6":"product_brand-swizzle","7":"product_cat-cbd-gummies","8":"product_cat-cbd-g-n","9":"product_cat-edibles","10":"product_cat-gummies","11":"product_cat-lions-mane","12":"product_cat-shroomz","13":"desktop-align-center","14":"tablet-align-left","15":"mobile-align-left","16":"ast-product-gallery-layout-horizontal-slider","17":"ast-product-gallery-with-no-image","18":"ast-magnify-disabled","19":"ast-product-tabs-layout-horizontal","21":"first","22":"outofstock","23":"sale","24":"taxable","25":"shipping-taxable","26":"purchasable","27":"product-type-simple"},"yoast_head":"<!-- This site is optimized with the Yoast SEO Premium plugin v26.9 (Yoast SEO v26.9) - https:\/\/yoast.com\/product\/yoast-seo-premium-wordpress\/ -->\n<title>Kombodeal! Pain Free + Lions Mane - Swizzle<\/title>\n<meta name=\"description\" content=\"Kombodeal! Pain Free + Lions Mane. Passa p\u00e5 detta tidsbegr\u00e4nsade erbjudande!1 st Pain Free och 1 st Lion&#039;s Mane BY SWIZZLE med 50% RABATT!\" \/>\n<meta name=\"robots\" content=\"noindex, follow, max-snippet:-1, max-image-preview:large, max-video-preview:-1\" \/>\n<meta property=\"og:locale\" content=\"en_GB\" \/>\n<meta property=\"og:type\" content=\"article\" \/>\n<meta property=\"og:title\" content=\"Kombodeal! Pain Free + Lions Mane\" \/>\n<meta property=\"og:description\" content=\"Kombodeal! Pain Free + Lions Mane. Passa p\u00e5 detta tidsbegr\u00e4nsade erbjudande!1 st Pain Free och 1 st Lion&#039;s Mane BY SWIZZLE med 50% RABATT!\" \/>\n<meta property=\"og:url\" content=\"https:\/\/www.swizzle.se\/produkt\/kombodeal-pain-free-lions-mane\/\" \/>\n<meta property=\"og:site_name\" content=\"Swizzle\" \/>\n<meta property=\"article:modified_time\" content=\"2026-02-04T13:53:33+00:00\" \/>\n<meta property=\"og:image\" content=\"https:\/\/www.swizzle.se\/wp-content\/uploads\/2025\/09\/ratt-bakrund-canadips-54.jpg\" \/>\n\t<meta property=\"og:image:width\" content=\"600\" \/>\n\t<meta property=\"og:image:height\" content=\"600\" \/>\n\t<meta property=\"og:image:type\" content=\"image\/jpeg\" \/>\n<meta name=\"twitter:card\" content=\"summary_large_image\" \/>\n<meta name=\"twitter:label1\" content=\"Price\" \/>\n\t<meta name=\"twitter:data1\" content=\"339.00&nbsp;&#107;&#114;\" \/>\n\t<meta name=\"twitter:label2\" content=\"Availability\" \/>\n\t<meta name=\"twitter:data2\" content=\"Out of stock\" \/>\n<script type=\"application\/ld+json\" class=\"yoast-schema-graph\">{\"@context\":\"https:\/\/schema.org\",\"@graph\":[{\"@type\":\"WebPage\",\"@id\":\"https:\/\/www.swizzle.se\/produkt\/kombodeal-pain-free-lions-mane\/\",\"url\":\"https:\/\/www.swizzle.se\/produkt\/kombodeal-pain-free-lions-mane\/\",\"name\":\"Kombodeal! Pain Free + Lions Mane - Swizzle\",\"isPartOf\":{\"@id\":\"https:\/\/staging.swizzle.se\/#website\"},\"primaryImageOfPage\":{\"@id\":\"https:\/\/www.swizzle.se\/produkt\/kombodeal-pain-free-lions-mane\/#primaryimage\"},\"image\":{\"@id\":\"https:\/\/www.swizzle.se\/produkt\/kombodeal-pain-free-lions-mane\/#primaryimage\"},\"thumbnailUrl\":\"https:\/\/staging.swizzle.se\/wp-content\/uploads\/2025\/09\/ratt-bakrund-canadips-54.jpg\",\"datePublished\":\"2025-09-16T11:09:48+00:00\",\"dateModified\":\"2026-02-04T13:53:33+00:00\",\"description\":\"Kombodeal! Pain Free + Lions Mane. Passa p\u00e5 detta tidsbegr\u00e4nsade erbjudande!1 st Pain Free och 1 st Lion's Mane BY SWIZZLE med 50% RABATT!\",\"breadcrumb\":{\"@id\":\"https:\/\/www.swizzle.se\/produkt\/kombodeal-pain-free-lions-mane\/#breadcrumb\"},\"inLanguage\":\"en-GB\",\"potentialAction\":[{\"@type\":\"ReadAction\",\"target\":[\"https:\/\/www.swizzle.se\/produkt\/kombodeal-pain-free-lions-mane\/\"]}]},{\"@type\":\"ImageObject\",\"inLanguage\":\"en-GB\",\"@id\":\"https:\/\/www.swizzle.se\/produkt\/kombodeal-pain-free-lions-mane\/#primaryimage\",\"url\":\"https:\/\/staging.swizzle.se\/wp-content\/uploads\/2025\/09\/ratt-bakrund-canadips-54.jpg\",\"contentUrl\":\"https:\/\/staging.swizzle.se\/wp-content\/uploads\/2025\/09\/ratt-bakrund-canadips-54.jpg\",\"width\":600,\"height\":600,\"caption\":\"Bild kombodeal lions mane och pain free\"},{\"@type\":\"BreadcrumbList\",\"@id\":\"https:\/\/www.swizzle.se\/produkt\/kombodeal-pain-free-lions-mane\/#breadcrumb\",\"itemListElement\":[{\"@type\":\"ListItem\",\"position\":1,\"name\":\"Home\",\"item\":\"https:\/\/www.swizzle.se\/\"},{\"@type\":\"ListItem\",\"position\":2,\"name\":\"Shop\",\"item\":\"https:\/\/www.swizzle.se\/shop\/\"},{\"@type\":\"ListItem\",\"position\":3,\"name\":\"CANNABINOIDER\",\"item\":\"https:\/\/www.swizzle.se\/produkt-kategori\/cannabinoider\/\"},{\"@type\":\"ListItem\",\"position\":4,\"name\":\"CBD\/G\/N\",\"item\":\"https:\/\/www.swizzle.se\/produkt-kategori\/cannabinoider\/cbd-g-n\/\"},{\"@type\":\"ListItem\",\"position\":5,\"name\":\"Kombodeal! Pain Free + Lions Mane\"}]},{\"@type\":\"WebSite\",\"@id\":\"https:\/\/staging.swizzle.se\/#website\",\"url\":\"https:\/\/staging.swizzle.se\/\",\"name\":\"Swizzle\",\"description\":\"Nikotin CBD Vapes Snus White Portion\",\"publisher\":{\"@id\":\"https:\/\/staging.swizzle.se\/#organization\"},\"potentialAction\":[{\"@type\":\"SearchAction\",\"target\":{\"@type\":\"EntryPoint\",\"urlTemplate\":\"https:\/\/staging.swizzle.se\/?s={search_term_string}\"},\"query-input\":{\"@type\":\"PropertyValueSpecification\",\"valueRequired\":true,\"valueName\":\"search_term_string\"}}],\"inLanguage\":\"en-GB\"},{\"@type\":\"Organization\",\"@id\":\"https:\/\/staging.swizzle.se\/#organization\",\"name\":\"Swizzle\",\"url\":\"https:\/\/staging.swizzle.se\/\",\"logo\":{\"@type\":\"ImageObject\",\"inLanguage\":\"en-GB\",\"@id\":\"https:\/\/staging.swizzle.se\/#\/schema\/logo\/image\/\",\"url\":\"https:\/\/staging.swizzle.se\/wp-content\/uploads\/2025\/10\/cropped-SWIZZLE.-4.png\",\"contentUrl\":\"https:\/\/staging.swizzle.se\/wp-content\/uploads\/2025\/10\/cropped-SWIZZLE.-4.png\",\"width\":800,\"height\":267,\"caption\":\"Swizzle\"},\"image\":{\"@id\":\"https:\/\/staging.swizzle.se\/#\/schema\/logo\/image\/\"},\"hasMerchantReturnPolicy\":{\"@type\":\"MerchantReturnPolicy\",\"merchantReturnLink\":\"https:\/\/staging.swizzle.se\/en\/villkor\/\"}}]}<\/script>\n<meta property=\"product:price:amount\" content=\"339.00\" \/>\n<meta property=\"product:price:currency\" content=\"SEK\" \/>\n<meta property=\"og:availability\" content=\"out of stock\" \/>\n<meta property=\"product:availability\" content=\"out of stock\" \/>\n<meta property=\"product:retailer_item_id\" content=\"dealkombo\" \/>\n<meta property=\"product:condition\" content=\"new\" \/>\n<!-- \/ Yoast SEO Premium plugin. -->","yoast_head_json":{"title":"Kombodeal! Pain Free + Lions Mane - Swizzle","description":"Kombodeal! Pain Free + Lions Mane. Passa p\u00e5 detta tidsbegr\u00e4nsade erbjudande!1 st Pain Free och 1 st Lion's Mane BY SWIZZLE med 50% RABATT!","robots":{"index":"noindex","follow":"follow","max-snippet":"max-snippet:-1","max-image-preview":"max-image-preview:large","max-video-preview":"max-video-preview:-1"},"og_locale":"en_GB","og_type":"article","og_title":"Kombodeal! Pain Free + Lions Mane","og_description":"Kombodeal! Pain Free + Lions Mane. Passa p\u00e5 detta tidsbegr\u00e4nsade erbjudande!1 st Pain Free och 1 st Lion's Mane BY SWIZZLE med 50% RABATT!","og_url":"https:\/\/www.swizzle.se\/produkt\/kombodeal-pain-free-lions-mane\/","og_site_name":"Swizzle","article_modified_time":"2026-02-04T13:53:33+00:00","og_image":[{"width":600,"height":600,"url":"https:\/\/www.swizzle.se\/wp-content\/uploads\/2025\/09\/ratt-bakrund-canadips-54.jpg","type":"image\/jpeg"}],"twitter_card":"summary_large_image","twitter_misc":{"Price":"339.00&nbsp;&#107;&#114;","Availability":"Out of stock"},"schema":{"@context":"https:\/\/schema.org","@graph":[{"@type":"WebPage","@id":"https:\/\/www.swizzle.se\/produkt\/kombodeal-pain-free-lions-mane\/","url":"https:\/\/www.swizzle.se\/produkt\/kombodeal-pain-free-lions-mane\/","name":"Kombodeal! Pain Free + Lions Mane - Swizzle","isPartOf":{"@id":"https:\/\/staging.swizzle.se\/#website"},"primaryImageOfPage":{"@id":"https:\/\/www.swizzle.se\/produkt\/kombodeal-pain-free-lions-mane\/#primaryimage"},"image":{"@id":"https:\/\/www.swizzle.se\/produkt\/kombodeal-pain-free-lions-mane\/#primaryimage"},"thumbnailUrl":"https:\/\/staging.swizzle.se\/wp-content\/uploads\/2025\/09\/ratt-bakrund-canadips-54.jpg","datePublished":"2025-09-16T11:09:48+00:00","dateModified":"2026-02-04T13:53:33+00:00","description":"Kombodeal! Pain Free + Lions Mane. Passa p\u00e5 detta tidsbegr\u00e4nsade erbjudande!1 st Pain Free och 1 st Lion's Mane BY SWIZZLE med 50% RABATT!","breadcrumb":{"@id":"https:\/\/www.swizzle.se\/produkt\/kombodeal-pain-free-lions-mane\/#breadcrumb"},"inLanguage":"en-GB","potentialAction":[{"@type":"ReadAction","target":["https:\/\/www.swizzle.se\/produkt\/kombodeal-pain-free-lions-mane\/"]}]},{"@type":"ImageObject","inLanguage":"en-GB","@id":"https:\/\/www.swizzle.se\/produkt\/kombodeal-pain-free-lions-mane\/#primaryimage","url":"https:\/\/staging.swizzle.se\/wp-content\/uploads\/2025\/09\/ratt-bakrund-canadips-54.jpg","contentUrl":"https:\/\/staging.swizzle.se\/wp-content\/uploads\/2025\/09\/ratt-bakrund-canadips-54.jpg","width":600,"height":600,"caption":"Bild kombodeal lions mane och pain free"},{"@type":"BreadcrumbList","@id":"https:\/\/www.swizzle.se\/produkt\/kombodeal-pain-free-lions-mane\/#breadcrumb","itemListElement":[{"@type":"ListItem","position":1,"name":"Home","item":"https:\/\/www.swizzle.se\/"},{"@type":"ListItem","position":2,"name":"Shop","item":"https:\/\/www.swizzle.se\/shop\/"},{"@type":"ListItem","position":3,"name":"CANNABINOIDER","item":"https:\/\/www.swizzle.se\/produkt-kategori\/cannabinoider\/"},{"@type":"ListItem","position":4,"name":"CBD\/G\/N","item":"https:\/\/www.swizzle.se\/produkt-kategori\/cannabinoider\/cbd-g-n\/"},{"@type":"ListItem","position":5,"name":"Kombodeal! Pain Free + Lions Mane"}]},{"@type":"WebSite","@id":"https:\/\/staging.swizzle.se\/#website","url":"https:\/\/staging.swizzle.se\/","name":"Swizzle","description":"Nicotine CBD Vapes Snus White Portion","publisher":{"@id":"https:\/\/staging.swizzle.se\/#organization"},"potentialAction":[{"@type":"SearchAction","target":{"@type":"EntryPoint","urlTemplate":"https:\/\/staging.swizzle.se\/?s={search_term_string}"},"query-input":{"@type":"PropertyValueSpecification","valueRequired":true,"valueName":"search_term_string"}}],"inLanguage":"en-GB"},{"@type":"Organization","@id":"https:\/\/staging.swizzle.se\/#organization","name":"Swizzle","url":"https:\/\/staging.swizzle.se\/","logo":{"@type":"ImageObject","inLanguage":"en-GB","@id":"https:\/\/staging.swizzle.se\/#\/schema\/logo\/image\/","url":"https:\/\/staging.swizzle.se\/wp-content\/uploads\/2025\/10\/cropped-SWIZZLE.-4.png","contentUrl":"https:\/\/staging.swizzle.se\/wp-content\/uploads\/2025\/10\/cropped-SWIZZLE.-4.png","width":800,"height":267,"caption":"Swizzle"},"image":{"@id":"https:\/\/staging.swizzle.se\/#\/schema\/logo\/image\/"},"hasMerchantReturnPolicy":{"@type":"MerchantReturnPolicy","merchantReturnLink":"https:\/\/staging.swizzle.se\/en\/villkor\/"}}]},"product_price_amount":"339.00","product_price_currency":"SEK","og_availability":"out of stock","product_availability":"out of stock","product_retailer_item_id":"dealkombo","product_condition":"new"},"tiered_pricing_type":"fixed","tiered_pricing_fixed_rules":[],"tiered_pricing_product_settings":{"layout":"default","base_unit_name":{"singular":null,"plural":null},"default_variation":null},"tiered_pricing_minimum_quantity":null,"tiered_pricing_roles_data":[],"tiered_pricing_percentage_rules":[],"tiered_pricing_maximum_quantity":null,"tiered_pricing_quantity_step":null,"_links":{"self":[{"href":"https:\/\/staging.swizzle.se\/en\/wp-json\/wp\/v2\/product\/274628","targetHints":{"allow":["GET"]}}],"collection":[{"href":"https:\/\/staging.swizzle.se\/en\/wp-json\/wp\/v2\/product"}],"about":[{"href":"https:\/\/staging.swizzle.se\/en\/wp-json\/wp\/v2\/types\/product"}],"replies":[{"embeddable":true,"href":"https:\/\/staging.swizzle.se\/en\/wp-json\/wp\/v2\/comments?post=274628"}],"version-history":[{"count":0,"href":"https:\/\/staging.swizzle.se\/en\/wp-json\/wp\/v2\/product\/274628\/revisions"}],"wp:featuredmedia":[{"embeddable":true,"href":"https:\/\/staging.swizzle.se\/en\/wp-json\/wp\/v2\/media\/274755"}],"wp:attachment":[{"href":"https:\/\/staging.swizzle.se\/en\/wp-json\/wp\/v2\/media?parent=274628"}],"wp:term":[{"taxonomy":"product_brand","embeddable":true,"href":"https:\/\/staging.swizzle.se\/en\/wp-json\/wp\/v2\/product_brand?post=274628"},{"taxonomy":"product_cat","embeddable":true,"href":"https:\/\/staging.swizzle.se\/en\/wp-json\/wp\/v2\/product_cat?post=274628"},{"taxonomy":"product_tag","embeddable":true,"href":"https:\/\/staging.swizzle.se\/en\/wp-json\/wp\/v2\/product_tag?post=274628"},{"taxonomy":"superdeal","embeddable":true,"href":"https:\/\/staging.swizzle.se\/en\/wp-json\/wp\/v2\/superdeal?post=274628"},{"taxonomy":"product_variant_id","embeddable":true,"href":"https:\/\/staging.swizzle.se\/en\/wp-json\/wp\/v2\/product_variant_id?post=274628"}],"curies":[{"name":"wp","href":"https:\/\/api.w.org\/{rel}","templated":true}]}}