{"id":273571,"date":"2025-08-25T08:07:29","date_gmt":"2025-08-25T08:07:29","guid":{"rendered":"https:\/\/staging.swizzle.se\/?post_type=product&#038;p=273571"},"modified":"2025-08-26T09:38:58","modified_gmt":"2025-08-26T09:38:58","slug":"cali-terpenes-super-lemon-haze-1ml","status":"publish","type":"product","link":"https:\/\/staging.swizzle.se\/en\/product-2\/cali-terpenes-super-lemon-haze-1ml\/","title":{"rendered":"Cali Terpenes Super Lemon Haze 1ml"},"content":{"rendered":"<p><!-- SEO-optimerad produkttext: Cali Terpenes Super Lemon Haze Terpenprofil --><\/p>\n<article class=\"product-post super-lemon-haze-terpenes\">\n<header>\n<h1>Cali Terpenes Super Lemon Haze 1ml<\/h1>\n<p><strong>Super Lemon Haze terpenprofil<\/strong> fr\u00e5n Cali Terpenes \u00e4r en noggrant framtagen aromablandning baserad p\u00e5 de klassiska sorterna<br \/>\n<em>Super Silver Haze<\/em> och <em>Lemon Skunk<\/em>. Den \u00e4r framtagen f\u00f6r att ge den karakteristiska citrusdoften och smaken som<br \/>\nf\u00f6rknippas med cannabis, men helt utan cannabinoider. Produkten \u00e4r 100 % arom i flytande form och kan integreras i olika typer av produkter.<\/p>\n<\/header>\n<section>\n<h2>Anv\u00e4ndningsomr\u00e5den<\/h2>\n<p>Super Lemon Haze terpenprofilen kan anv\u00e4ndas f\u00f6r att berika doft och smak i en rad olika produktkategorier, bland annat:<\/p>\n<ul>\n<li>V\u00e4tskor f\u00f6r f\u00f6r\u00e5ngning (t.ex. e-v\u00e4tskor)<\/li>\n<li>Extrakts- och koncentratprodukter<\/li>\n<li>Hampa- eller cannabisblommor<\/li>\n<li>Livsmedel och drycker \u2013 livsmedelsgodk\u00e4nda terpener finns i sortimentet<\/li>\n<li>Kosmetika och aromaterapi<\/li>\n<\/ul>\n<\/section>\n<section>\n<h2>Produktinformation<\/h2>\n<ul>\n<li><strong>Profil:<\/strong> Super Lemon Haze (Super Silver Haze x Lemon Skunk)<\/li>\n<li><strong>Inneh\u00e5ll:<\/strong> 100 % arom, flytande form<\/li>\n<li><strong>Cannabinoider:<\/strong> 0,00 % THC, CBD eller andra cannabinoider<\/li>\n<li><strong>Tillverkare:<\/strong> Cali Terpenes<\/li>\n<\/ul>\n<p>Se \u00e4ven:\u00a0<a href=\"https:\/\/staging.swizzle.se\/en\/product-2\/cali-terpenes-blue-dream-1ml\/\">Cali Terpenes Blue Dream 1ml<\/a><\/p>\n<\/section>\n<section>\n<h2>F\u00f6rdelar med Super Lemon Haze Terpenprofil<\/h2>\n<p>Genom att anv\u00e4nda denna terpenprofil kan du bevara eller framh\u00e4va unika aromer i dina produkter.<br \/>\nTerpenerna \u00e4r framst\u00e4llda enligt h\u00f6ga kvalitetsstandarder och \u00e4r anpassade f\u00f6r b\u00e5de kommersiella och kreativa till\u00e4mpningar.<\/p>\n<\/section>\n<footer><em>Cali Terpenes Super Lemon Haze \u2013 en citrusdoftande terpenprofil, helt fri fr\u00e5n cannabinoider och med breda anv\u00e4ndningsomr\u00e5den inom arom, livsmedel, kosmetik och mer.<\/em><\/p>\n<\/footer>\n<\/article>\n<article class=\"product-post cali-terpenes-obama-runtz\">\n<header><\/header>\n<footer><\/footer>\n<\/article>\n<p>Du m\u00e5ste vara minst 18 \u00e5r f\u00f6r att k\u00f6pa denna produkt. Den \u00e4r inte avsedd som l\u00e4kemedel, kosttillskott eller naturprodukt. Vi uppmuntrar inte till konsumtion eller r\u00f6kning av produkten. F\u00f6rvara den utom r\u00e4ckh\u00e5ll f\u00f6r barn. Vi friskriver oss fr\u00e5n hur du som kund anv\u00e4nder v\u00e5ra produkter. Vi s\u00e4ljer dem f\u00f6r samlings- och prydnadssyften.<\/p>","protected":false},"excerpt":{"rendered":"<p><strong>Cali Terpenes Super Lemon Haze 1ml<\/strong><\/p>\n<p><strong>Super Lemon Haze terpenprofil<\/strong> fr\u00e5n Cali Terpenes \u00e4r en noggrant framtagen aromablandning baserad p\u00e5 de klassiska sorterna<br \/>\n<em>Super Silver Haze<\/em> och <em>Lemon Skunk<\/em>. Den \u00e4r framtagen f\u00f6r att ge den karakteristiska citrusdoften och smaken som<br \/>\nf\u00f6rknippas med cannabis, men helt utan cannabinoider. Produkten \u00e4r 100 % arom i flytande form och kan integreras i olika typer av produkter.<\/p>","protected":false},"featured_media":273575,"comment_status":"open","ping_status":"closed","template":"","meta":{"site-sidebar-layout":"default","site-content-layout":"","ast-site-content-layout":"default","site-content-style":"default","site-sidebar-style":"default","ast-global-header-display":"","ast-banner-title-visibility":"","ast-main-header-display":"","ast-hfb-above-header-display":"","ast-hfb-below-header-display":"","ast-hfb-mobile-header-display":"","site-post-title":"","ast-breadcrumbs-content":"","ast-featured-img":"","footer-sml-layout":"","ast-disable-related-posts":"","theme-transparent-header-meta":"default","adv-header-id-meta":"","stick-header-meta":"","header-above-stick-meta":"","header-main-stick-meta":"","header-below-stick-meta":"","astra-migrate-meta-layouts":"set","ast-page-background-enabled":"default","ast-page-background-meta":{"desktop":{"background-color":"var(--ast-global-color-4)","background-image":"","background-repeat":"repeat","background-position":"center center","background-size":"auto","background-attachment":"scroll","background-type":"","background-media":"","overlay-type":"","overlay-color":"","overlay-opacity":"","overlay-gradient":""},"tablet":{"background-color":"","background-image":"","background-repeat":"repeat","background-position":"center center","background-size":"auto","background-attachment":"scroll","background-type":"","background-media":"","overlay-type":"","overlay-color":"","overlay-opacity":"","overlay-gradient":""},"mobile":{"background-color":"","background-image":"","background-repeat":"repeat","background-position":"center center","background-size":"auto","background-attachment":"scroll","background-type":"","background-media":"","overlay-type":"","overlay-color":"","overlay-opacity":"","overlay-gradient":""}},"ast-content-background-meta":{"desktop":{"background-color":"var(--ast-global-color-5)","background-image":"","background-repeat":"repeat","background-position":"center center","background-size":"auto","background-attachment":"scroll","background-type":"","background-media":"","overlay-type":"","overlay-color":"","overlay-opacity":"","overlay-gradient":""},"tablet":{"background-color":"var(--ast-global-color-5)","background-image":"","background-repeat":"repeat","background-position":"center center","background-size":"auto","background-attachment":"scroll","background-type":"","background-media":"","overlay-type":"","overlay-color":"","overlay-opacity":"","overlay-gradient":""},"mobile":{"background-color":"var(--ast-global-color-5)","background-image":"","background-repeat":"repeat","background-position":"center center","background-size":"auto","background-attachment":"scroll","background-type":"","background-media":"","overlay-type":"","overlay-color":"","overlay-opacity":"","overlay-gradient":""}}},"product_brand":[],"product_cat":[284,510],"product_tag":[],"superdeal":[],"product_variant_id":[],"class_list":{"0":"post-273571","1":"product","2":"type-product","3":"status-publish","4":"has-post-thumbnail","6":"product_cat-roktillbehor","7":"product_cat-terpener","8":"desktop-align-center","9":"tablet-align-left","10":"mobile-align-left","11":"ast-product-gallery-layout-horizontal-slider","12":"ast-product-gallery-with-no-image","13":"ast-magnify-disabled","14":"ast-product-tabs-layout-horizontal","16":"first","17":"outofstock","18":"taxable","19":"shipping-taxable","20":"purchasable","21":"product-type-simple"},"yoast_head":"<!-- This site is optimized with the Yoast SEO Premium plugin v26.9 (Yoast SEO v26.9) - https:\/\/yoast.com\/product\/yoast-seo-premium-wordpress\/ -->\n<title>Cali Terpenes Super Lemon Haze 1ml<\/title>\n<meta name=\"description\" content=\"Cali Terpenes Super Lemon Haze 1ml. En h\u00f6gkvalitativ blandning av naturliga terpener som f\u00e5ngar den autentiska doften och smaken av cannabis.\" \/>\n<meta name=\"robots\" content=\"noindex, follow, max-snippet:-1, max-image-preview:large, max-video-preview:-1\" \/>\n<meta property=\"og:locale\" content=\"en_GB\" \/>\n<meta property=\"og:type\" content=\"article\" \/>\n<meta property=\"og:title\" content=\"Cali Terpenes Super Lemon Haze 1ml\" \/>\n<meta property=\"og:description\" content=\"Cali Terpenes Super Lemon Haze 1ml. En h\u00f6gkvalitativ blandning av naturliga terpener som f\u00e5ngar den autentiska doften och smaken av cannabis.\" \/>\n<meta property=\"og:url\" content=\"https:\/\/www.swizzle.se\/produkt\/cali-terpenes-super-lemon-haze-1ml\/\" \/>\n<meta property=\"og:site_name\" content=\"Swizzle\" \/>\n<meta property=\"article:modified_time\" content=\"2025-08-26T09:38:58+00:00\" \/>\n<meta property=\"og:image\" content=\"https:\/\/www.swizzle.se\/wp-content\/uploads\/2025\/08\/super-lemon-haze-terpenes.jpg\" \/>\n\t<meta property=\"og:image:width\" content=\"468\" \/>\n\t<meta property=\"og:image:height\" content=\"622\" \/>\n\t<meta property=\"og:image:type\" content=\"image\/jpeg\" \/>\n<meta name=\"twitter:card\" content=\"summary_large_image\" \/>\n<meta name=\"twitter:label1\" content=\"Price\" \/>\n\t<meta name=\"twitter:data1\" content=\"229.00&nbsp;&#107;&#114;\" \/>\n\t<meta name=\"twitter:label2\" content=\"Availability\" \/>\n\t<meta name=\"twitter:data2\" content=\"Out of stock\" \/>\n<script type=\"application\/ld+json\" class=\"yoast-schema-graph\">{\"@context\":\"https:\/\/schema.org\",\"@graph\":[{\"@type\":\"WebPage\",\"@id\":\"https:\/\/www.swizzle.se\/produkt\/cali-terpenes-super-lemon-haze-1ml\/\",\"url\":\"https:\/\/www.swizzle.se\/produkt\/cali-terpenes-super-lemon-haze-1ml\/\",\"name\":\"Cali Terpenes Super Lemon Haze 1ml\",\"isPartOf\":{\"@id\":\"https:\/\/staging.swizzle.se\/#website\"},\"primaryImageOfPage\":{\"@id\":\"https:\/\/www.swizzle.se\/produkt\/cali-terpenes-super-lemon-haze-1ml\/#primaryimage\"},\"image\":{\"@id\":\"https:\/\/www.swizzle.se\/produkt\/cali-terpenes-super-lemon-haze-1ml\/#primaryimage\"},\"thumbnailUrl\":\"https:\/\/staging.swizzle.se\/wp-content\/uploads\/2025\/08\/super-lemon-haze-terpenes.jpg\",\"datePublished\":\"2025-08-25T08:07:29+00:00\",\"dateModified\":\"2025-08-26T09:38:58+00:00\",\"description\":\"Cali Terpenes Super Lemon Haze 1ml. En h\u00f6gkvalitativ blandning av naturliga terpener som f\u00e5ngar den autentiska doften och smaken av cannabis.\",\"breadcrumb\":{\"@id\":\"https:\/\/www.swizzle.se\/produkt\/cali-terpenes-super-lemon-haze-1ml\/#breadcrumb\"},\"inLanguage\":\"en-GB\",\"potentialAction\":[{\"@type\":\"ReadAction\",\"target\":[\"https:\/\/www.swizzle.se\/produkt\/cali-terpenes-super-lemon-haze-1ml\/\"]}]},{\"@type\":\"ImageObject\",\"inLanguage\":\"en-GB\",\"@id\":\"https:\/\/www.swizzle.se\/produkt\/cali-terpenes-super-lemon-haze-1ml\/#primaryimage\",\"url\":\"https:\/\/staging.swizzle.se\/wp-content\/uploads\/2025\/08\/super-lemon-haze-terpenes.jpg\",\"contentUrl\":\"https:\/\/staging.swizzle.se\/wp-content\/uploads\/2025\/08\/super-lemon-haze-terpenes.jpg\",\"width\":468,\"height\":622,\"caption\":\"Bild cali terpenes\"},{\"@type\":\"BreadcrumbList\",\"@id\":\"https:\/\/www.swizzle.se\/produkt\/cali-terpenes-super-lemon-haze-1ml\/#breadcrumb\",\"itemListElement\":[{\"@type\":\"ListItem\",\"position\":1,\"name\":\"Home\",\"item\":\"https:\/\/www.swizzle.se\/\"},{\"@type\":\"ListItem\",\"position\":2,\"name\":\"Shop\",\"item\":\"https:\/\/www.swizzle.se\/shop\/\"},{\"@type\":\"ListItem\",\"position\":3,\"name\":\"R\u00d6KTILLBEH\u00d6R\",\"item\":\"https:\/\/www.swizzle.se\/produkt-kategori\/roktillbehor\/\"},{\"@type\":\"ListItem\",\"position\":4,\"name\":\"Cali Terpenes Super Lemon Haze 1ml\"}]},{\"@type\":\"WebSite\",\"@id\":\"https:\/\/staging.swizzle.se\/#website\",\"url\":\"https:\/\/staging.swizzle.se\/\",\"name\":\"Swizzle\",\"description\":\"Nikotin CBD Vapes Snus White Portion\",\"publisher\":{\"@id\":\"https:\/\/staging.swizzle.se\/#organization\"},\"potentialAction\":[{\"@type\":\"SearchAction\",\"target\":{\"@type\":\"EntryPoint\",\"urlTemplate\":\"https:\/\/staging.swizzle.se\/?s={search_term_string}\"},\"query-input\":{\"@type\":\"PropertyValueSpecification\",\"valueRequired\":true,\"valueName\":\"search_term_string\"}}],\"inLanguage\":\"en-GB\"},{\"@type\":\"Organization\",\"@id\":\"https:\/\/staging.swizzle.se\/#organization\",\"name\":\"Swizzle\",\"url\":\"https:\/\/staging.swizzle.se\/\",\"logo\":{\"@type\":\"ImageObject\",\"inLanguage\":\"en-GB\",\"@id\":\"https:\/\/staging.swizzle.se\/#\/schema\/logo\/image\/\",\"url\":\"https:\/\/staging.swizzle.se\/wp-content\/uploads\/2025\/10\/cropped-SWIZZLE.-4.png\",\"contentUrl\":\"https:\/\/staging.swizzle.se\/wp-content\/uploads\/2025\/10\/cropped-SWIZZLE.-4.png\",\"width\":800,\"height\":267,\"caption\":\"Swizzle\"},\"image\":{\"@id\":\"https:\/\/staging.swizzle.se\/#\/schema\/logo\/image\/\"},\"hasMerchantReturnPolicy\":{\"@type\":\"MerchantReturnPolicy\",\"merchantReturnLink\":\"https:\/\/staging.swizzle.se\/en\/villkor\/\"}}]}<\/script>\n<meta property=\"product:price:amount\" content=\"229.00\" \/>\n<meta property=\"product:price:currency\" content=\"SEK\" \/>\n<meta property=\"og:availability\" content=\"out of stock\" \/>\n<meta property=\"product:availability\" content=\"out of stock\" \/>\n<meta property=\"product:retailer_item_id\" content=\"CTkushM-1-1-1-1-1\" \/>\n<meta property=\"product:condition\" content=\"new\" \/>\n<!-- \/ Yoast SEO Premium plugin. -->","yoast_head_json":{"title":"Cali Terpenes Super Lemon Haze 1ml","description":"Cali Terpenes Super Lemon Haze 1ml. En h\u00f6gkvalitativ blandning av naturliga terpener som f\u00e5ngar den autentiska doften och smaken av cannabis.","robots":{"index":"noindex","follow":"follow","max-snippet":"max-snippet:-1","max-image-preview":"max-image-preview:large","max-video-preview":"max-video-preview:-1"},"og_locale":"en_GB","og_type":"article","og_title":"Cali Terpenes Super Lemon Haze 1ml","og_description":"Cali Terpenes Super Lemon Haze 1ml. En h\u00f6gkvalitativ blandning av naturliga terpener som f\u00e5ngar den autentiska doften och smaken av cannabis.","og_url":"https:\/\/www.swizzle.se\/produkt\/cali-terpenes-super-lemon-haze-1ml\/","og_site_name":"Swizzle","article_modified_time":"2025-08-26T09:38:58+00:00","og_image":[{"width":468,"height":622,"url":"https:\/\/www.swizzle.se\/wp-content\/uploads\/2025\/08\/super-lemon-haze-terpenes.jpg","type":"image\/jpeg"}],"twitter_card":"summary_large_image","twitter_misc":{"Price":"229.00&nbsp;&#107;&#114;","Availability":"Out of stock"},"schema":{"@context":"https:\/\/schema.org","@graph":[{"@type":"WebPage","@id":"https:\/\/www.swizzle.se\/produkt\/cali-terpenes-super-lemon-haze-1ml\/","url":"https:\/\/www.swizzle.se\/produkt\/cali-terpenes-super-lemon-haze-1ml\/","name":"Cali Terpenes Super Lemon Haze 1ml","isPartOf":{"@id":"https:\/\/staging.swizzle.se\/#website"},"primaryImageOfPage":{"@id":"https:\/\/www.swizzle.se\/produkt\/cali-terpenes-super-lemon-haze-1ml\/#primaryimage"},"image":{"@id":"https:\/\/www.swizzle.se\/produkt\/cali-terpenes-super-lemon-haze-1ml\/#primaryimage"},"thumbnailUrl":"https:\/\/staging.swizzle.se\/wp-content\/uploads\/2025\/08\/super-lemon-haze-terpenes.jpg","datePublished":"2025-08-25T08:07:29+00:00","dateModified":"2025-08-26T09:38:58+00:00","description":"Cali Terpenes Super Lemon Haze 1ml. En h\u00f6gkvalitativ blandning av naturliga terpener som f\u00e5ngar den autentiska doften och smaken av cannabis.","breadcrumb":{"@id":"https:\/\/www.swizzle.se\/produkt\/cali-terpenes-super-lemon-haze-1ml\/#breadcrumb"},"inLanguage":"en-GB","potentialAction":[{"@type":"ReadAction","target":["https:\/\/www.swizzle.se\/produkt\/cali-terpenes-super-lemon-haze-1ml\/"]}]},{"@type":"ImageObject","inLanguage":"en-GB","@id":"https:\/\/www.swizzle.se\/produkt\/cali-terpenes-super-lemon-haze-1ml\/#primaryimage","url":"https:\/\/staging.swizzle.se\/wp-content\/uploads\/2025\/08\/super-lemon-haze-terpenes.jpg","contentUrl":"https:\/\/staging.swizzle.se\/wp-content\/uploads\/2025\/08\/super-lemon-haze-terpenes.jpg","width":468,"height":622,"caption":"Bild cali terpenes"},{"@type":"BreadcrumbList","@id":"https:\/\/www.swizzle.se\/produkt\/cali-terpenes-super-lemon-haze-1ml\/#breadcrumb","itemListElement":[{"@type":"ListItem","position":1,"name":"Home","item":"https:\/\/www.swizzle.se\/"},{"@type":"ListItem","position":2,"name":"Shop","item":"https:\/\/www.swizzle.se\/shop\/"},{"@type":"ListItem","position":3,"name":"R\u00d6KTILLBEH\u00d6R","item":"https:\/\/www.swizzle.se\/produkt-kategori\/roktillbehor\/"},{"@type":"ListItem","position":4,"name":"Cali Terpenes Super Lemon Haze 1ml"}]},{"@type":"WebSite","@id":"https:\/\/staging.swizzle.se\/#website","url":"https:\/\/staging.swizzle.se\/","name":"Swizzle","description":"Nicotine CBD Vapes Snus White Portion","publisher":{"@id":"https:\/\/staging.swizzle.se\/#organization"},"potentialAction":[{"@type":"SearchAction","target":{"@type":"EntryPoint","urlTemplate":"https:\/\/staging.swizzle.se\/?s={search_term_string}"},"query-input":{"@type":"PropertyValueSpecification","valueRequired":true,"valueName":"search_term_string"}}],"inLanguage":"en-GB"},{"@type":"Organization","@id":"https:\/\/staging.swizzle.se\/#organization","name":"Swizzle","url":"https:\/\/staging.swizzle.se\/","logo":{"@type":"ImageObject","inLanguage":"en-GB","@id":"https:\/\/staging.swizzle.se\/#\/schema\/logo\/image\/","url":"https:\/\/staging.swizzle.se\/wp-content\/uploads\/2025\/10\/cropped-SWIZZLE.-4.png","contentUrl":"https:\/\/staging.swizzle.se\/wp-content\/uploads\/2025\/10\/cropped-SWIZZLE.-4.png","width":800,"height":267,"caption":"Swizzle"},"image":{"@id":"https:\/\/staging.swizzle.se\/#\/schema\/logo\/image\/"},"hasMerchantReturnPolicy":{"@type":"MerchantReturnPolicy","merchantReturnLink":"https:\/\/staging.swizzle.se\/en\/villkor\/"}}]},"product_price_amount":"229.00","product_price_currency":"SEK","og_availability":"out of stock","product_availability":"out of stock","product_retailer_item_id":"CTkushM-1-1-1-1-1","product_condition":"new"},"tiered_pricing_type":"fixed","tiered_pricing_fixed_rules":[],"tiered_pricing_product_settings":{"layout":"default","base_unit_name":{"singular":null,"plural":null},"default_variation":null},"tiered_pricing_minimum_quantity":null,"tiered_pricing_roles_data":[],"tiered_pricing_percentage_rules":[],"tiered_pricing_maximum_quantity":null,"tiered_pricing_quantity_step":null,"_links":{"self":[{"href":"https:\/\/staging.swizzle.se\/en\/wp-json\/wp\/v2\/product\/273571","targetHints":{"allow":["GET"]}}],"collection":[{"href":"https:\/\/staging.swizzle.se\/en\/wp-json\/wp\/v2\/product"}],"about":[{"href":"https:\/\/staging.swizzle.se\/en\/wp-json\/wp\/v2\/types\/product"}],"replies":[{"embeddable":true,"href":"https:\/\/staging.swizzle.se\/en\/wp-json\/wp\/v2\/comments?post=273571"}],"version-history":[{"count":0,"href":"https:\/\/staging.swizzle.se\/en\/wp-json\/wp\/v2\/product\/273571\/revisions"}],"wp:featuredmedia":[{"embeddable":true,"href":"https:\/\/staging.swizzle.se\/en\/wp-json\/wp\/v2\/media\/273575"}],"wp:attachment":[{"href":"https:\/\/staging.swizzle.se\/en\/wp-json\/wp\/v2\/media?parent=273571"}],"wp:term":[{"taxonomy":"product_brand","embeddable":true,"href":"https:\/\/staging.swizzle.se\/en\/wp-json\/wp\/v2\/product_brand?post=273571"},{"taxonomy":"product_cat","embeddable":true,"href":"https:\/\/staging.swizzle.se\/en\/wp-json\/wp\/v2\/product_cat?post=273571"},{"taxonomy":"product_tag","embeddable":true,"href":"https:\/\/staging.swizzle.se\/en\/wp-json\/wp\/v2\/product_tag?post=273571"},{"taxonomy":"superdeal","embeddable":true,"href":"https:\/\/staging.swizzle.se\/en\/wp-json\/wp\/v2\/superdeal?post=273571"},{"taxonomy":"product_variant_id","embeddable":true,"href":"https:\/\/staging.swizzle.se\/en\/wp-json\/wp\/v2\/product_variant_id?post=273571"}],"curies":[{"name":"wp","href":"https:\/\/api.w.org\/{rel}","templated":true}]}}