{"id":273303,"date":"2025-08-20T12:25:59","date_gmt":"2025-08-20T12:25:59","guid":{"rendered":"https:\/\/staging.swizzle.se\/?post_type=product&#038;p=273303"},"modified":"2026-02-05T13:30:34","modified_gmt":"2026-02-05T13:30:34","slug":"thca-buds-super-lemon-22","status":"publish","type":"product","link":"https:\/\/staging.swizzle.se\/en\/product-2\/thca-buds-super-lemon-22\/","title":{"rendered":"THCA Buds &#8211; Super Lemon 22%"},"content":{"rendered":"<p><!-- SEO-optimerad produktbeskrivning: THCA Buds 22% fr\u00e5n Wild Mountain B.V. --><\/p>\n<article class=\"product-post thca-buds\">\n<header>\n<h1>THCA Buds &#8211; Super Lemon 22%<\/h1>\n<p>Premium <strong>THCA Buds med 22 % THCA<\/strong> fr\u00e5n <strong>Wild Mountain B.V.<\/strong> Dessa t\u00e4ta och handtrimmade sativa-blommor odlas inomhus under kontrollerade f\u00f6rh\u00e5llanden f\u00f6r optimal aromprofil och kvalitet och har <span class=\"Y2IQFc\" lang=\"sv\">en intensiv, citrusdominerad arom<\/span>. Tillverkad av EU-certifierad industrihampa (<strong>THC under 0,3 %<\/strong>), analyserad i laboratorium \u2013 <em>labbrapport kan tillhandah\u00e5llas p\u00e5 beg\u00e4ran<\/em>.<\/p>\n<\/header>\n<section>\n<h2>Vad \u00e4r THCA?<\/h2>\n<p><strong>THCA (tetrahydrocannabinolsyra)<\/strong> \u00e4r en naturligt f\u00f6rekommande och <strong>icke-psykoaktiv cannabinoid<\/strong><br \/>\nsom huvudsakligen finns i nysk\u00f6rdade hampablommor. Till skillnad fr\u00e5n THC ger THCA ingen berusande effekt i sitt r\u00e5a tillst\u00e5nd.<\/p>\n<\/section>\n<section>\n<h2>Produktinformation<\/h2>\n<ul>\n<li><strong>Typ:<\/strong> Indoorodlad sativa<\/li>\n<li><strong>Halt:<\/strong> 22 % THCA<\/li>\n<li class=\"blog-item-title h4-size\"><strong>THC<\/strong> &lt;0,2%<\/li>\n<li class=\"blog-item-title h4-size\"><strong>Producent:<\/strong> Wild Mountain B.V.<\/li>\n<li><strong>Certifiering:<\/strong> EU-godk\u00e4nd industrihampa enligt SOU 2016:93<\/li>\n<li><strong>Labbrapport:<\/strong> Tillg\u00e4nglig via kundtj\u00e4nst vid f\u00f6rfr\u00e5gan<\/li>\n<\/ul>\n<\/section>\n<section>\n<h2>F\u00f6rvaring &amp; Hantering<\/h2>\n<p>F\u00f6r b\u00e4sta h\u00e5llbarhet rekommenderas <strong>f\u00f6rvaring i kyl<\/strong> (\u226415 \u00b0C). H\u00f6gre temperaturer kan orsaka<br \/>\n<em>dekarboxylering<\/em> och nedbrytning av THCA. Produkten ska <strong>inte betraktas som livsmedel,<br \/>\nkosttillskott eller l\u00e4kemedel<\/strong>, och f\u00e5r inte beredas i portioner, oljor eller liknande former.<\/p>\n<\/section>\n<section>\n<h2>Juridisk information<\/h2>\n<p>Denna produkt \u00e4r <strong>undantagen narkotikadefinitionen<\/strong> d\u00e5 den kommer fr\u00e5n certifierad industrihampa<br \/>\ninneh\u00e5llande h\u00f6gst 0,3 % THC. Produkten s\u00e4ljs som en <strong>ren jordbruksprodukt<\/strong>. Vi friskriver oss fr\u00e5n hur<br \/>\nanv\u00e4ndaren v\u00e4ljer att hantera eller nyttja hampan.<\/p>\n<\/section>\n<footer><em>THCA Buds 22 % fr\u00e5n Wild Mountain B.V. \u2013 ett h\u00f6gkvalitativt sativaalternativ f\u00f6r samlare, analytiskt bruk och aromatiska \u00e4ndam\u00e5l.<\/em>Se \u00e4ven:\u00a0<a href=\"https:\/\/staging.swizzle.se\/en\/product-2\/thca-buds-blue-mist-21-magic-farmers\/\">THCA BUDS Blue Mist 21% Magic Farmers<\/a><\/footer>\n<div class=\"woocommerce-tabs wc-tabs-wrapper\">\n<div id=\"tab-description\" class=\"woocommerce-Tabs-panel woocommerce-Tabs-panel--description panel entry-content wc-tab\" role=\"tabpanel\" aria-labelledby=\"tab-title-description\">\n<p><strong>Obs!<\/strong><br \/>\nDu m\u00e5ste vara minst 18 \u00e5r f\u00f6r att k\u00f6pa denna produkt. Den \u00e4r inte avsedd som l\u00e4kemedel, kosttillskott eller naturprodukt. Vi uppmuntrar inte till konsumtion eller r\u00f6kning av produkten. F\u00f6rvara den utom r\u00e4ckh\u00e5ll f\u00f6r barn.Vi friskriver oss fr\u00e5n hur du som kund anv\u00e4nder v\u00e5ra produkter. Vi s\u00e4ljer dem f\u00f6r samlings- och prydnadssyften.<\/p>\n<\/div>\n<\/div>\n<\/article>","protected":false},"excerpt":{"rendered":"<p><strong>THCA Buds &#8211; Super Lemon 22%<\/strong><\/p>\n<p>S\u00e4ljes per gram. 1 enhet = 1 gram.<\/p>\n<p>Premium <strong>THCA Buds med 22 % THCA<\/strong> fr\u00e5n <strong>Wild Mountain B.V.<\/strong> Dessa t\u00e4ta och handtrimmade sativa-blommor odlas inomhus under kontrollerade f\u00f6rh\u00e5llanden f\u00f6r optimal aromprofil och kvalitet och har <span class=\"Y2IQFc\" lang=\"sv\">en intensiv, citrusdominerad arom<\/span>. Tillverkad av EU-certifierad industrihampa (<strong>THC under 0,2 %<\/strong>), analyserad i laboratorium \u2013 <em>labbrapport kan tillhandah\u00e5llas p\u00e5 beg\u00e4ran<\/em>.<\/p>\n<p><strong>Produktinformation<\/strong><\/p>\n<ul>\n<li><strong>Typ:<\/strong> Indoorodlad sativa<\/li>\n<li><strong>Halt:<\/strong> 22 % THCA<\/li>\n<li class=\"blog-item-title h4-size\"><strong>THC<\/strong> &lt;0,2%<\/li>\n<li class=\"blog-item-title h4-size\"><strong>Producent:<\/strong> Wild Mountain B.V.<\/li>\n<li><strong>Certifiering:<\/strong> EU-godk\u00e4nd industrihampa enligt SOU 2016:93<\/li>\n<li><strong>Labbrapport:<\/strong> Tillg\u00e4nglig via kundtj\u00e4nst vid f\u00f6rfr\u00e5gan<\/li>\n<\/ul>\n<p>Denna produkt har en l\u00e4gsta prisgaranti, l\u00e4s mer om vad det inneb\u00e4r<a href=\"https:\/\/staging.swizzle.se\/en\/lagsta-pris-garanti\/\"><b> h\u00e4r<\/b><\/a>.<\/p>","protected":false},"featured_media":273304,"comment_status":"open","ping_status":"closed","template":"","meta":{"site-sidebar-layout":"default","site-content-layout":"","ast-site-content-layout":"default","site-content-style":"default","site-sidebar-style":"default","ast-global-header-display":"","ast-banner-title-visibility":"","ast-main-header-display":"","ast-hfb-above-header-display":"","ast-hfb-below-header-display":"","ast-hfb-mobile-header-display":"","site-post-title":"","ast-breadcrumbs-content":"","ast-featured-img":"","footer-sml-layout":"","ast-disable-related-posts":"","theme-transparent-header-meta":"default","adv-header-id-meta":"","stick-header-meta":"default","header-above-stick-meta":"","header-main-stick-meta":"","header-below-stick-meta":"","astra-migrate-meta-layouts":"set","ast-page-background-enabled":"default","ast-page-background-meta":{"desktop":{"background-color":"var(--ast-global-color-4)","background-image":"","background-repeat":"repeat","background-position":"center center","background-size":"auto","background-attachment":"scroll","background-type":"","background-media":"","overlay-type":"","overlay-color":"","overlay-opacity":"","overlay-gradient":""},"tablet":{"background-color":"","background-image":"","background-repeat":"repeat","background-position":"center center","background-size":"auto","background-attachment":"scroll","background-type":"","background-media":"","overlay-type":"","overlay-color":"","overlay-opacity":"","overlay-gradient":""},"mobile":{"background-color":"","background-image":"","background-repeat":"repeat","background-position":"center center","background-size":"auto","background-attachment":"scroll","background-type":"","background-media":"","overlay-type":"","overlay-color":"","overlay-opacity":"","overlay-gradient":""}},"ast-content-background-meta":{"desktop":{"background-color":"var(--ast-global-color-5)","background-image":"","background-repeat":"repeat","background-position":"center center","background-size":"auto","background-attachment":"scroll","background-type":"","background-media":"","overlay-type":"","overlay-color":"","overlay-opacity":"","overlay-gradient":""},"tablet":{"background-color":"var(--ast-global-color-5)","background-image":"","background-repeat":"repeat","background-position":"center center","background-size":"auto","background-attachment":"scroll","background-type":"","background-media":"","overlay-type":"","overlay-color":"","overlay-opacity":"","overlay-gradient":""},"mobile":{"background-color":"var(--ast-global-color-5)","background-image":"","background-repeat":"repeat","background-position":"center center","background-size":"auto","background-attachment":"scroll","background-type":"","background-media":"","overlay-type":"","overlay-color":"","overlay-opacity":"","overlay-gradient":""}}},"product_brand":[],"product_cat":[303,317],"product_tag":[],"superdeal":[],"product_variant_id":[],"class_list":{"0":"post-273303","1":"product","2":"type-product","3":"status-publish","4":"has-post-thumbnail","6":"product_cat-thca","7":"product_cat-thca-buds-blommor","8":"desktop-align-center","9":"tablet-align-left","10":"mobile-align-left","11":"ast-product-gallery-layout-horizontal-slider","12":"ast-magnify-disabled","13":"ast-product-tabs-layout-horizontal","15":"first","16":"instock","17":"taxable","18":"shipping-taxable","19":"purchasable","20":"product-type-simple"},"yoast_head":"<!-- This site is optimized with the Yoast SEO Premium plugin v26.9 (Yoast SEO v26.9) - https:\/\/yoast.com\/product\/yoast-seo-premium-wordpress\/ -->\n<title>THCA Buds - Super Lemon 22%<\/title>\n<meta name=\"description\" content=\"THCA Buds - Super Lemon 22%. Premium THCA Buds med 22 % THCA fr\u00e5n Wild Mountain B.V. Har en intensiv, citrusdominerad arom.\" \/>\n<meta name=\"robots\" content=\"noindex, follow, max-snippet:-1, max-image-preview:large, max-video-preview:-1\" \/>\n<meta property=\"og:locale\" content=\"en_GB\" \/>\n<meta property=\"og:type\" content=\"article\" \/>\n<meta property=\"og:title\" content=\"THCA Buds - Super Lemon 22%\" \/>\n<meta property=\"og:description\" content=\"THCA Buds - Super Lemon 22%. Premium THCA Buds med 22 % THCA fr\u00e5n Wild Mountain B.V. Har en intensiv, citrusdominerad arom.\" \/>\n<meta property=\"og:url\" content=\"https:\/\/www.swizzle.se\/produkt\/thca-buds-super-lemon-22\/\" \/>\n<meta property=\"og:site_name\" content=\"Swizzle\" \/>\n<meta property=\"article:modified_time\" content=\"2026-02-05T13:30:34+00:00\" \/>\n<meta property=\"og:image\" content=\"https:\/\/www.swizzle.se\/wp-content\/uploads\/2025\/08\/ratt-bakrund-canadips-33.jpg\" \/>\n\t<meta property=\"og:image:width\" content=\"600\" \/>\n\t<meta property=\"og:image:height\" content=\"600\" \/>\n\t<meta property=\"og:image:type\" content=\"image\/jpeg\" \/>\n<meta name=\"twitter:card\" content=\"summary_large_image\" \/>\n<meta name=\"twitter:label1\" content=\"Price\" \/>\n\t<meta name=\"twitter:data1\" content=\"149.00&nbsp;&#107;&#114;\" \/>\n\t<meta name=\"twitter:label2\" content=\"Availability\" \/>\n\t<meta name=\"twitter:data2\" content=\"In stock\" \/>\n<script type=\"application\/ld+json\" class=\"yoast-schema-graph\">{\"@context\":\"https:\/\/schema.org\",\"@graph\":[{\"@type\":\"WebPage\",\"@id\":\"https:\/\/www.swizzle.se\/produkt\/thca-buds-super-lemon-22\/\",\"url\":\"https:\/\/www.swizzle.se\/produkt\/thca-buds-super-lemon-22\/\",\"name\":\"THCA Buds - Super Lemon 22%\",\"isPartOf\":{\"@id\":\"https:\/\/staging.swizzle.se\/#website\"},\"primaryImageOfPage\":{\"@id\":\"https:\/\/www.swizzle.se\/produkt\/thca-buds-super-lemon-22\/#primaryimage\"},\"image\":{\"@id\":\"https:\/\/www.swizzle.se\/produkt\/thca-buds-super-lemon-22\/#primaryimage\"},\"thumbnailUrl\":\"https:\/\/staging.swizzle.se\/wp-content\/uploads\/2025\/08\/ratt-bakrund-canadips-33.jpg\",\"datePublished\":\"2025-08-20T12:25:59+00:00\",\"dateModified\":\"2026-02-05T13:30:34+00:00\",\"description\":\"THCA Buds - Super Lemon 22%. Premium THCA Buds med 22 % THCA fr\u00e5n Wild Mountain B.V. Har en intensiv, citrusdominerad arom.\",\"breadcrumb\":{\"@id\":\"https:\/\/www.swizzle.se\/produkt\/thca-buds-super-lemon-22\/#breadcrumb\"},\"inLanguage\":\"en-GB\",\"potentialAction\":[{\"@type\":\"ReadAction\",\"target\":[\"https:\/\/www.swizzle.se\/produkt\/thca-buds-super-lemon-22\/\"]}]},{\"@type\":\"ImageObject\",\"inLanguage\":\"en-GB\",\"@id\":\"https:\/\/www.swizzle.se\/produkt\/thca-buds-super-lemon-22\/#primaryimage\",\"url\":\"https:\/\/staging.swizzle.se\/wp-content\/uploads\/2025\/08\/ratt-bakrund-canadips-33.jpg\",\"contentUrl\":\"https:\/\/staging.swizzle.se\/wp-content\/uploads\/2025\/08\/ratt-bakrund-canadips-33.jpg\",\"width\":600,\"height\":600,\"caption\":\"Bild super lemon\"},{\"@type\":\"BreadcrumbList\",\"@id\":\"https:\/\/www.swizzle.se\/produkt\/thca-buds-super-lemon-22\/#breadcrumb\",\"itemListElement\":[{\"@type\":\"ListItem\",\"position\":1,\"name\":\"Home\",\"item\":\"https:\/\/www.swizzle.se\/\"},{\"@type\":\"ListItem\",\"position\":2,\"name\":\"Shop\",\"item\":\"https:\/\/www.swizzle.se\/shop\/\"},{\"@type\":\"ListItem\",\"position\":3,\"name\":\"THCA\",\"item\":\"https:\/\/www.swizzle.se\/produkt-kategori\/thca\/\"},{\"@type\":\"ListItem\",\"position\":4,\"name\":\"THCA Buds &#8211; Super Lemon 22%\"}]},{\"@type\":\"WebSite\",\"@id\":\"https:\/\/staging.swizzle.se\/#website\",\"url\":\"https:\/\/staging.swizzle.se\/\",\"name\":\"Swizzle\",\"description\":\"Nikotin CBD Vapes Snus White Portion\",\"publisher\":{\"@id\":\"https:\/\/staging.swizzle.se\/#organization\"},\"potentialAction\":[{\"@type\":\"SearchAction\",\"target\":{\"@type\":\"EntryPoint\",\"urlTemplate\":\"https:\/\/staging.swizzle.se\/?s={search_term_string}\"},\"query-input\":{\"@type\":\"PropertyValueSpecification\",\"valueRequired\":true,\"valueName\":\"search_term_string\"}}],\"inLanguage\":\"en-GB\"},{\"@type\":\"Organization\",\"@id\":\"https:\/\/staging.swizzle.se\/#organization\",\"name\":\"Swizzle\",\"url\":\"https:\/\/staging.swizzle.se\/\",\"logo\":{\"@type\":\"ImageObject\",\"inLanguage\":\"en-GB\",\"@id\":\"https:\/\/staging.swizzle.se\/#\/schema\/logo\/image\/\",\"url\":\"https:\/\/staging.swizzle.se\/wp-content\/uploads\/2025\/10\/cropped-SWIZZLE.-4.png\",\"contentUrl\":\"https:\/\/staging.swizzle.se\/wp-content\/uploads\/2025\/10\/cropped-SWIZZLE.-4.png\",\"width\":800,\"height\":267,\"caption\":\"Swizzle\"},\"image\":{\"@id\":\"https:\/\/staging.swizzle.se\/#\/schema\/logo\/image\/\"},\"hasMerchantReturnPolicy\":{\"@type\":\"MerchantReturnPolicy\",\"merchantReturnLink\":\"https:\/\/staging.swizzle.se\/en\/villkor\/\"}}]}<\/script>\n<meta property=\"product:price:amount\" content=\"149.00\" \/>\n<meta property=\"product:price:currency\" content=\"SEK\" \/>\n<meta property=\"og:availability\" content=\"instock\" \/>\n<meta property=\"product:availability\" content=\"instock\" \/>\n<meta property=\"product:retailer_item_id\" content=\"Budslemon\" \/>\n<meta property=\"product:condition\" content=\"new\" \/>\n<!-- \/ Yoast SEO Premium plugin. -->","yoast_head_json":{"title":"THCA Buds - Super Lemon 22%","description":"THCA Buds - Super Lemon 22%. Premium THCA Buds med 22 % THCA fr\u00e5n Wild Mountain B.V. Har en intensiv, citrusdominerad arom.","robots":{"index":"noindex","follow":"follow","max-snippet":"max-snippet:-1","max-image-preview":"max-image-preview:large","max-video-preview":"max-video-preview:-1"},"og_locale":"en_GB","og_type":"article","og_title":"THCA Buds - Super Lemon 22%","og_description":"THCA Buds - Super Lemon 22%. Premium THCA Buds med 22 % THCA fr\u00e5n Wild Mountain B.V. Har en intensiv, citrusdominerad arom.","og_url":"https:\/\/www.swizzle.se\/produkt\/thca-buds-super-lemon-22\/","og_site_name":"Swizzle","article_modified_time":"2026-02-05T13:30:34+00:00","og_image":[{"width":600,"height":600,"url":"https:\/\/www.swizzle.se\/wp-content\/uploads\/2025\/08\/ratt-bakrund-canadips-33.jpg","type":"image\/jpeg"}],"twitter_card":"summary_large_image","twitter_misc":{"Price":"149.00&nbsp;&#107;&#114;","Availability":"In stock"},"schema":{"@context":"https:\/\/schema.org","@graph":[{"@type":"WebPage","@id":"https:\/\/www.swizzle.se\/produkt\/thca-buds-super-lemon-22\/","url":"https:\/\/www.swizzle.se\/produkt\/thca-buds-super-lemon-22\/","name":"THCA Buds - Super Lemon 22%","isPartOf":{"@id":"https:\/\/staging.swizzle.se\/#website"},"primaryImageOfPage":{"@id":"https:\/\/www.swizzle.se\/produkt\/thca-buds-super-lemon-22\/#primaryimage"},"image":{"@id":"https:\/\/www.swizzle.se\/produkt\/thca-buds-super-lemon-22\/#primaryimage"},"thumbnailUrl":"https:\/\/staging.swizzle.se\/wp-content\/uploads\/2025\/08\/ratt-bakrund-canadips-33.jpg","datePublished":"2025-08-20T12:25:59+00:00","dateModified":"2026-02-05T13:30:34+00:00","description":"THCA Buds - Super Lemon 22%. Premium THCA Buds med 22 % THCA fr\u00e5n Wild Mountain B.V. Har en intensiv, citrusdominerad arom.","breadcrumb":{"@id":"https:\/\/www.swizzle.se\/produkt\/thca-buds-super-lemon-22\/#breadcrumb"},"inLanguage":"en-GB","potentialAction":[{"@type":"ReadAction","target":["https:\/\/www.swizzle.se\/produkt\/thca-buds-super-lemon-22\/"]}]},{"@type":"ImageObject","inLanguage":"en-GB","@id":"https:\/\/www.swizzle.se\/produkt\/thca-buds-super-lemon-22\/#primaryimage","url":"https:\/\/staging.swizzle.se\/wp-content\/uploads\/2025\/08\/ratt-bakrund-canadips-33.jpg","contentUrl":"https:\/\/staging.swizzle.se\/wp-content\/uploads\/2025\/08\/ratt-bakrund-canadips-33.jpg","width":600,"height":600,"caption":"Bild super lemon"},{"@type":"BreadcrumbList","@id":"https:\/\/www.swizzle.se\/produkt\/thca-buds-super-lemon-22\/#breadcrumb","itemListElement":[{"@type":"ListItem","position":1,"name":"Home","item":"https:\/\/www.swizzle.se\/"},{"@type":"ListItem","position":2,"name":"Shop","item":"https:\/\/www.swizzle.se\/shop\/"},{"@type":"ListItem","position":3,"name":"THCA","item":"https:\/\/www.swizzle.se\/produkt-kategori\/thca\/"},{"@type":"ListItem","position":4,"name":"THCA Buds &#8211; Super Lemon 22%"}]},{"@type":"WebSite","@id":"https:\/\/staging.swizzle.se\/#website","url":"https:\/\/staging.swizzle.se\/","name":"Swizzle","description":"Nicotine CBD Vapes Snus White Portion","publisher":{"@id":"https:\/\/staging.swizzle.se\/#organization"},"potentialAction":[{"@type":"SearchAction","target":{"@type":"EntryPoint","urlTemplate":"https:\/\/staging.swizzle.se\/?s={search_term_string}"},"query-input":{"@type":"PropertyValueSpecification","valueRequired":true,"valueName":"search_term_string"}}],"inLanguage":"en-GB"},{"@type":"Organization","@id":"https:\/\/staging.swizzle.se\/#organization","name":"Swizzle","url":"https:\/\/staging.swizzle.se\/","logo":{"@type":"ImageObject","inLanguage":"en-GB","@id":"https:\/\/staging.swizzle.se\/#\/schema\/logo\/image\/","url":"https:\/\/staging.swizzle.se\/wp-content\/uploads\/2025\/10\/cropped-SWIZZLE.-4.png","contentUrl":"https:\/\/staging.swizzle.se\/wp-content\/uploads\/2025\/10\/cropped-SWIZZLE.-4.png","width":800,"height":267,"caption":"Swizzle"},"image":{"@id":"https:\/\/staging.swizzle.se\/#\/schema\/logo\/image\/"},"hasMerchantReturnPolicy":{"@type":"MerchantReturnPolicy","merchantReturnLink":"https:\/\/staging.swizzle.se\/en\/villkor\/"}}]},"product_price_amount":"149.00","product_price_currency":"SEK","og_availability":"instock","product_availability":"instock","product_retailer_item_id":"Budslemon","product_condition":"new"},"tiered_pricing_type":"fixed","tiered_pricing_fixed_rules":[],"tiered_pricing_product_settings":{"layout":"default","base_unit_name":{"singular":null,"plural":null},"default_variation":null},"tiered_pricing_minimum_quantity":null,"tiered_pricing_roles_data":[],"tiered_pricing_percentage_rules":[],"tiered_pricing_maximum_quantity":null,"tiered_pricing_quantity_step":null,"_links":{"self":[{"href":"https:\/\/staging.swizzle.se\/en\/wp-json\/wp\/v2\/product\/273303","targetHints":{"allow":["GET"]}}],"collection":[{"href":"https:\/\/staging.swizzle.se\/en\/wp-json\/wp\/v2\/product"}],"about":[{"href":"https:\/\/staging.swizzle.se\/en\/wp-json\/wp\/v2\/types\/product"}],"replies":[{"embeddable":true,"href":"https:\/\/staging.swizzle.se\/en\/wp-json\/wp\/v2\/comments?post=273303"}],"version-history":[{"count":0,"href":"https:\/\/staging.swizzle.se\/en\/wp-json\/wp\/v2\/product\/273303\/revisions"}],"wp:featuredmedia":[{"embeddable":true,"href":"https:\/\/staging.swizzle.se\/en\/wp-json\/wp\/v2\/media\/273304"}],"wp:attachment":[{"href":"https:\/\/staging.swizzle.se\/en\/wp-json\/wp\/v2\/media?parent=273303"}],"wp:term":[{"taxonomy":"product_brand","embeddable":true,"href":"https:\/\/staging.swizzle.se\/en\/wp-json\/wp\/v2\/product_brand?post=273303"},{"taxonomy":"product_cat","embeddable":true,"href":"https:\/\/staging.swizzle.se\/en\/wp-json\/wp\/v2\/product_cat?post=273303"},{"taxonomy":"product_tag","embeddable":true,"href":"https:\/\/staging.swizzle.se\/en\/wp-json\/wp\/v2\/product_tag?post=273303"},{"taxonomy":"superdeal","embeddable":true,"href":"https:\/\/staging.swizzle.se\/en\/wp-json\/wp\/v2\/superdeal?post=273303"},{"taxonomy":"product_variant_id","embeddable":true,"href":"https:\/\/staging.swizzle.se\/en\/wp-json\/wp\/v2\/product_variant_id?post=273303"}],"curies":[{"name":"wp","href":"https:\/\/api.w.org\/{rel}","templated":true}]}}