{"id":273292,"date":"2025-08-20T09:51:04","date_gmt":"2025-08-20T09:51:04","guid":{"rendered":"https:\/\/staging.swizzle.se\/?post_type=product&#038;p=273292"},"modified":"2026-02-04T14:03:38","modified_gmt":"2026-02-04T14:03:38","slug":"go-fast-50-magic-sauce-hash","status":"publish","type":"product","link":"https:\/\/staging.swizzle.se\/en\/product-2\/go-fast-50-magic-sauce-hash\/","title":{"rendered":"Magic Sauce Go Fast 50 %  Hash &#8211; Magic Farmers"},"content":{"rendered":"<article class=\"product-post go-fast-magic-sauce\">\n<header>\n<h1><strong>Go Fast 50 % Magic Sauce Hash<\/strong><\/h1>\n<p>Mjuk konsistens och distinkt aromprofil. Produkten har utvecklats f\u00f6r att illustrera en ny niv\u00e5 av sensoriska egenskaper hos h\u00f6gkoncentrerade v\u00e4xtextrakt, och uppm\u00e4rksammas f\u00f6r sin intensiva doft och karakt\u00e4r.<\/p>\n<\/header>\n<section>\n<h2>Egenskaper f\u00f6r <strong>Go Fast 50 % Magic Sauce Hash<\/strong><\/h2>\n<ul>\n<li><strong>Koncentration:<\/strong> 50 % Magic Sauce-komplex<\/li>\n<li><strong>Textur:<\/strong> Kr\u00e4migt, l\u00e4ttbearbetad<\/li>\n<li><strong>Arom:<\/strong> Stark, fyllig och karakteristisk<\/li>\n<li><strong>Anv\u00e4ndningsomr\u00e5de:<\/strong> Endast avsett f\u00f6r samlar\u00e4ndam\u00e5l, aromatiska applikationer eller forskning<\/li>\n<\/ul>\n<\/section>\n<section>\n<h2>Observera<\/h2>\n<p>Produkten \u00e4r inte framtagen f\u00f6r konsumtion. F\u00f6rvaras o\u00e5tkomligt f\u00f6r barn. Hanteras med f\u00f6rsiktighet och enligt g\u00e4llande riktlinjer.<\/p>\n<\/section>\n<footer><em>Go Fast 50 % Magic Sauce \u2013 ett koncentrerat harts med fokus p\u00e5 aromprofil och analytiska egenskaper.<\/em><\/footer>\n<footer>Se \u00e4ven:\u00a0<a href=\"https:\/\/staging.swizzle.se\/en\/product-2\/gold-hash-cbd-22-4\/\">Gold Hash CBD 22.4%<\/a> &amp;\u00a0<a href=\"https:\/\/staging.swizzle.se\/en\/product-2\/mazar-sharif-31-thca-hash-magic-farmers\/\">Mazar Sharif 31% Thca hash<\/a><\/footer>\n<footer><\/footer>\n<footer><strong>Obs!<\/strong><br \/>\nDu m\u00e5ste vara minst 18 \u00e5r f\u00f6r att k\u00f6pa denna produkt. Den \u00e4r inte avsedd som l\u00e4kemedel, kosttillskott eller naturprodukt. Vi uppmuntrar inte till konsumtion eller r\u00f6kning av produkten. F\u00f6rvara den utom r\u00e4ckh\u00e5ll f\u00f6r barn.Vi friskriver oss fr\u00e5n hur du som kund anv\u00e4nder v\u00e5ra produkter. Vi s\u00e4ljer dem f\u00f6r samlings- och prydnadssyften.<\/footer>\n<\/article>","protected":false},"excerpt":{"rendered":"<header><strong>Go Fast 50 % Magic Sauce Hash<\/strong><\/header>\n<header><\/header>\n<header><strong>S\u00e4ljes per gram. 1 enhet = 1 gram.<\/strong>Go Fast 50 % Magic Sauce \u00e4r ett harts med mjuk konsistens och distinkt aromprofil. Produkten har utvecklats f\u00f6r att illustrera en ny niv\u00e5 av sensoriska egenskaper hos h\u00f6gkoncentrerade v\u00e4xtextrakt, och uppm\u00e4rksammas f\u00f6r sin intensiva doft och karakt\u00e4r.<\/header>\n<section><strong>Egenskaper<\/strong><\/p>\n<ul>\n<li><strong>Koncentration:<\/strong> 50 % Magic Sauce-komplex<\/li>\n<li><strong>Textur:<\/strong> Kr\u00e4migt, l\u00e4ttbearbetat<\/li>\n<li><strong>Arom:<\/strong> Stark, fyllig och karakteristisk<\/li>\n<li><strong>Anv\u00e4ndningsomr\u00e5de:<\/strong> Endast avsett f\u00f6r samlar\u00e4ndam\u00e5l, aromatiska applikationer eller forskning<\/li>\n<\/ul>\n<\/section>","protected":false},"featured_media":273293,"comment_status":"open","ping_status":"closed","template":"","meta":{"site-sidebar-layout":"default","site-content-layout":"","ast-site-content-layout":"default","site-content-style":"default","site-sidebar-style":"default","ast-global-header-display":"","ast-banner-title-visibility":"","ast-main-header-display":"","ast-hfb-above-header-display":"","ast-hfb-below-header-display":"","ast-hfb-mobile-header-display":"","site-post-title":"","ast-breadcrumbs-content":"","ast-featured-img":"","footer-sml-layout":"","ast-disable-related-posts":"","theme-transparent-header-meta":"default","adv-header-id-meta":"","stick-header-meta":"default","header-above-stick-meta":"","header-main-stick-meta":"","header-below-stick-meta":"","astra-migrate-meta-layouts":"set","ast-page-background-enabled":"default","ast-page-background-meta":{"desktop":{"background-color":"var(--ast-global-color-4)","background-image":"","background-repeat":"repeat","background-position":"center center","background-size":"auto","background-attachment":"scroll","background-type":"","background-media":"","overlay-type":"","overlay-color":"","overlay-opacity":"","overlay-gradient":""},"tablet":{"background-color":"","background-image":"","background-repeat":"repeat","background-position":"center center","background-size":"auto","background-attachment":"scroll","background-type":"","background-media":"","overlay-type":"","overlay-color":"","overlay-opacity":"","overlay-gradient":""},"mobile":{"background-color":"","background-image":"","background-repeat":"repeat","background-position":"center center","background-size":"auto","background-attachment":"scroll","background-type":"","background-media":"","overlay-type":"","overlay-color":"","overlay-opacity":"","overlay-gradient":""}},"ast-content-background-meta":{"desktop":{"background-color":"var(--ast-global-color-5)","background-image":"","background-repeat":"repeat","background-position":"center center","background-size":"auto","background-attachment":"scroll","background-type":"","background-media":"","overlay-type":"","overlay-color":"","overlay-opacity":"","overlay-gradient":""},"tablet":{"background-color":"var(--ast-global-color-5)","background-image":"","background-repeat":"repeat","background-position":"center center","background-size":"auto","background-attachment":"scroll","background-type":"","background-media":"","overlay-type":"","overlay-color":"","overlay-opacity":"","overlay-gradient":""},"mobile":{"background-color":"var(--ast-global-color-5)","background-image":"","background-repeat":"repeat","background-position":"center center","background-size":"auto","background-attachment":"scroll","background-type":"","background-media":"","overlay-type":"","overlay-color":"","overlay-opacity":"","overlay-gradient":""}}},"product_brand":[756],"product_cat":[334,509,657],"product_tag":[],"superdeal":[],"product_variant_id":[],"class_list":{"0":"post-273292","1":"product","2":"type-product","3":"status-publish","4":"has-post-thumbnail","6":"product_brand-magic-farmers","7":"product_cat-cannabinoider","8":"product_cat-magic-sauce","9":"product_cat-magic-sauce-hash","10":"desktop-align-center","11":"tablet-align-left","12":"mobile-align-left","13":"ast-product-gallery-layout-horizontal-slider","14":"ast-magnify-disabled","15":"ast-product-tabs-layout-horizontal","17":"first","18":"instock","19":"taxable","20":"shipping-taxable","21":"purchasable","22":"product-type-simple"},"yoast_head":"<!-- This site is optimized with the Yoast SEO Premium plugin v26.9 (Yoast SEO v26.9) - https:\/\/yoast.com\/product\/yoast-seo-premium-wordpress\/ -->\n<title>Go Fast 50 % Magic Sauce Hash<\/title>\n<meta name=\"description\" content=\"Go Fast 50 % Magic Sauce Hash med mjuk konsistens och distinkt aromprofil. Har utvecklats f\u00f6r att illustrera en ny niv\u00e5 av sensoriska egenskaper\" \/>\n<meta name=\"robots\" content=\"noindex, follow, max-snippet:-1, max-image-preview:large, max-video-preview:-1\" \/>\n<meta property=\"og:locale\" content=\"en_GB\" \/>\n<meta property=\"og:type\" content=\"article\" \/>\n<meta property=\"og:title\" content=\"Magic Sauce Go Fast 50 % Hash - Magic Farmers\" \/>\n<meta property=\"og:description\" content=\"Go Fast 50 % Magic Sauce Hash med mjuk konsistens och distinkt aromprofil. Har utvecklats f\u00f6r att illustrera en ny niv\u00e5 av sensoriska egenskaper\" \/>\n<meta property=\"og:url\" content=\"https:\/\/www.swizzle.se\/produkt\/go-fast-50-magic-sauce-hash\/\" \/>\n<meta property=\"og:site_name\" content=\"Swizzle\" \/>\n<meta property=\"article:modified_time\" content=\"2026-02-04T14:03:38+00:00\" \/>\n<meta property=\"og:image\" content=\"https:\/\/www.swizzle.se\/wp-content\/uploads\/2025\/08\/go_fast.webp\" \/>\n\t<meta property=\"og:image:width\" content=\"1200\" \/>\n\t<meta property=\"og:image:height\" content=\"1200\" \/>\n\t<meta property=\"og:image:type\" content=\"image\/webp\" \/>\n<meta name=\"twitter:card\" content=\"summary_large_image\" \/>\n<meta name=\"twitter:label1\" content=\"Price\" \/>\n\t<meta name=\"twitter:data1\" content=\"149.00&nbsp;&#107;&#114;\" \/>\n\t<meta name=\"twitter:label2\" content=\"Availability\" \/>\n\t<meta name=\"twitter:data2\" content=\"In stock\" \/>\n<script type=\"application\/ld+json\" class=\"yoast-schema-graph\">{\"@context\":\"https:\/\/schema.org\",\"@graph\":[{\"@type\":\"WebPage\",\"@id\":\"https:\/\/www.swizzle.se\/produkt\/go-fast-50-magic-sauce-hash\/\",\"url\":\"https:\/\/www.swizzle.se\/produkt\/go-fast-50-magic-sauce-hash\/\",\"name\":\"Go Fast 50 % Magic Sauce Hash\",\"isPartOf\":{\"@id\":\"https:\/\/staging.swizzle.se\/#website\"},\"primaryImageOfPage\":{\"@id\":\"https:\/\/www.swizzle.se\/produkt\/go-fast-50-magic-sauce-hash\/#primaryimage\"},\"image\":{\"@id\":\"https:\/\/www.swizzle.se\/produkt\/go-fast-50-magic-sauce-hash\/#primaryimage\"},\"thumbnailUrl\":\"https:\/\/staging.swizzle.se\/wp-content\/uploads\/2025\/08\/go_fast.webp\",\"datePublished\":\"2025-08-20T09:51:04+00:00\",\"dateModified\":\"2026-02-04T14:03:38+00:00\",\"description\":\"Go Fast 50 % Magic Sauce Hash med mjuk konsistens och distinkt aromprofil. Har utvecklats f\u00f6r att illustrera en ny niv\u00e5 av sensoriska egenskaper\",\"breadcrumb\":{\"@id\":\"https:\/\/www.swizzle.se\/produkt\/go-fast-50-magic-sauce-hash\/#breadcrumb\"},\"inLanguage\":\"en-GB\",\"potentialAction\":[{\"@type\":\"ReadAction\",\"target\":[\"https:\/\/www.swizzle.se\/produkt\/go-fast-50-magic-sauce-hash\/\"]}]},{\"@type\":\"ImageObject\",\"inLanguage\":\"en-GB\",\"@id\":\"https:\/\/www.swizzle.se\/produkt\/go-fast-50-magic-sauce-hash\/#primaryimage\",\"url\":\"https:\/\/staging.swizzle.se\/wp-content\/uploads\/2025\/08\/go_fast.webp\",\"contentUrl\":\"https:\/\/staging.swizzle.se\/wp-content\/uploads\/2025\/08\/go_fast.webp\",\"width\":1200,\"height\":1200,\"caption\":\"go fast magic sauce\"},{\"@type\":\"BreadcrumbList\",\"@id\":\"https:\/\/www.swizzle.se\/produkt\/go-fast-50-magic-sauce-hash\/#breadcrumb\",\"itemListElement\":[{\"@type\":\"ListItem\",\"position\":1,\"name\":\"Home\",\"item\":\"https:\/\/www.swizzle.se\/\"},{\"@type\":\"ListItem\",\"position\":2,\"name\":\"Shop\",\"item\":\"https:\/\/www.swizzle.se\/shop\/\"},{\"@type\":\"ListItem\",\"position\":3,\"name\":\"CANNABINOIDER\",\"item\":\"https:\/\/www.swizzle.se\/produkt-kategori\/cannabinoider\/\"},{\"@type\":\"ListItem\",\"position\":4,\"name\":\"Magic Sauce Go Fast 50 % Hash &#8211; Magic Farmers\"}]},{\"@type\":\"WebSite\",\"@id\":\"https:\/\/staging.swizzle.se\/#website\",\"url\":\"https:\/\/staging.swizzle.se\/\",\"name\":\"Swizzle\",\"description\":\"Nikotin CBD Vapes Snus White Portion\",\"publisher\":{\"@id\":\"https:\/\/staging.swizzle.se\/#organization\"},\"potentialAction\":[{\"@type\":\"SearchAction\",\"target\":{\"@type\":\"EntryPoint\",\"urlTemplate\":\"https:\/\/staging.swizzle.se\/?s={search_term_string}\"},\"query-input\":{\"@type\":\"PropertyValueSpecification\",\"valueRequired\":true,\"valueName\":\"search_term_string\"}}],\"inLanguage\":\"en-GB\"},{\"@type\":\"Organization\",\"@id\":\"https:\/\/staging.swizzle.se\/#organization\",\"name\":\"Swizzle\",\"url\":\"https:\/\/staging.swizzle.se\/\",\"logo\":{\"@type\":\"ImageObject\",\"inLanguage\":\"en-GB\",\"@id\":\"https:\/\/staging.swizzle.se\/#\/schema\/logo\/image\/\",\"url\":\"https:\/\/staging.swizzle.se\/wp-content\/uploads\/2025\/10\/cropped-SWIZZLE.-4.png\",\"contentUrl\":\"https:\/\/staging.swizzle.se\/wp-content\/uploads\/2025\/10\/cropped-SWIZZLE.-4.png\",\"width\":800,\"height\":267,\"caption\":\"Swizzle\"},\"image\":{\"@id\":\"https:\/\/staging.swizzle.se\/#\/schema\/logo\/image\/\"},\"hasMerchantReturnPolicy\":{\"@type\":\"MerchantReturnPolicy\",\"merchantReturnLink\":\"https:\/\/staging.swizzle.se\/en\/villkor\/\"}}]}<\/script>\n<meta property=\"product:price:amount\" content=\"149.00\" \/>\n<meta property=\"product:price:currency\" content=\"SEK\" \/>\n<meta property=\"og:availability\" content=\"instock\" \/>\n<meta property=\"product:availability\" content=\"instock\" \/>\n<meta property=\"product:retailer_item_id\" content=\"MFgofast\" \/>\n<meta property=\"product:condition\" content=\"new\" \/>\n<!-- \/ Yoast SEO Premium plugin. -->","yoast_head_json":{"title":"Go Fast 50 % Magic Sauce Hash","description":"Go Fast 50 % Magic Sauce Hash med mjuk konsistens och distinkt aromprofil. Har utvecklats f\u00f6r att illustrera en ny niv\u00e5 av sensoriska egenskaper","robots":{"index":"noindex","follow":"follow","max-snippet":"max-snippet:-1","max-image-preview":"max-image-preview:large","max-video-preview":"max-video-preview:-1"},"og_locale":"en_GB","og_type":"article","og_title":"Magic Sauce Go Fast 50 % Hash - Magic Farmers","og_description":"Go Fast 50 % Magic Sauce Hash med mjuk konsistens och distinkt aromprofil. Har utvecklats f\u00f6r att illustrera en ny niv\u00e5 av sensoriska egenskaper","og_url":"https:\/\/www.swizzle.se\/produkt\/go-fast-50-magic-sauce-hash\/","og_site_name":"Swizzle","article_modified_time":"2026-02-04T14:03:38+00:00","og_image":[{"width":1200,"height":1200,"url":"https:\/\/www.swizzle.se\/wp-content\/uploads\/2025\/08\/go_fast.webp","type":"image\/webp"}],"twitter_card":"summary_large_image","twitter_misc":{"Price":"149.00&nbsp;&#107;&#114;","Availability":"In stock"},"schema":{"@context":"https:\/\/schema.org","@graph":[{"@type":"WebPage","@id":"https:\/\/www.swizzle.se\/produkt\/go-fast-50-magic-sauce-hash\/","url":"https:\/\/www.swizzle.se\/produkt\/go-fast-50-magic-sauce-hash\/","name":"Go Fast 50 % Magic Sauce Hash","isPartOf":{"@id":"https:\/\/staging.swizzle.se\/#website"},"primaryImageOfPage":{"@id":"https:\/\/www.swizzle.se\/produkt\/go-fast-50-magic-sauce-hash\/#primaryimage"},"image":{"@id":"https:\/\/www.swizzle.se\/produkt\/go-fast-50-magic-sauce-hash\/#primaryimage"},"thumbnailUrl":"https:\/\/staging.swizzle.se\/wp-content\/uploads\/2025\/08\/go_fast.webp","datePublished":"2025-08-20T09:51:04+00:00","dateModified":"2026-02-04T14:03:38+00:00","description":"Go Fast 50 % Magic Sauce Hash med mjuk konsistens och distinkt aromprofil. Har utvecklats f\u00f6r att illustrera en ny niv\u00e5 av sensoriska egenskaper","breadcrumb":{"@id":"https:\/\/www.swizzle.se\/produkt\/go-fast-50-magic-sauce-hash\/#breadcrumb"},"inLanguage":"en-GB","potentialAction":[{"@type":"ReadAction","target":["https:\/\/www.swizzle.se\/produkt\/go-fast-50-magic-sauce-hash\/"]}]},{"@type":"ImageObject","inLanguage":"en-GB","@id":"https:\/\/www.swizzle.se\/produkt\/go-fast-50-magic-sauce-hash\/#primaryimage","url":"https:\/\/staging.swizzle.se\/wp-content\/uploads\/2025\/08\/go_fast.webp","contentUrl":"https:\/\/staging.swizzle.se\/wp-content\/uploads\/2025\/08\/go_fast.webp","width":1200,"height":1200,"caption":"go fast magic sauce"},{"@type":"BreadcrumbList","@id":"https:\/\/www.swizzle.se\/produkt\/go-fast-50-magic-sauce-hash\/#breadcrumb","itemListElement":[{"@type":"ListItem","position":1,"name":"Home","item":"https:\/\/www.swizzle.se\/"},{"@type":"ListItem","position":2,"name":"Shop","item":"https:\/\/www.swizzle.se\/shop\/"},{"@type":"ListItem","position":3,"name":"CANNABINOIDER","item":"https:\/\/www.swizzle.se\/produkt-kategori\/cannabinoider\/"},{"@type":"ListItem","position":4,"name":"Magic Sauce Go Fast 50 % Hash &#8211; Magic Farmers"}]},{"@type":"WebSite","@id":"https:\/\/staging.swizzle.se\/#website","url":"https:\/\/staging.swizzle.se\/","name":"Swizzle","description":"Nicotine CBD Vapes Snus White Portion","publisher":{"@id":"https:\/\/staging.swizzle.se\/#organization"},"potentialAction":[{"@type":"SearchAction","target":{"@type":"EntryPoint","urlTemplate":"https:\/\/staging.swizzle.se\/?s={search_term_string}"},"query-input":{"@type":"PropertyValueSpecification","valueRequired":true,"valueName":"search_term_string"}}],"inLanguage":"en-GB"},{"@type":"Organization","@id":"https:\/\/staging.swizzle.se\/#organization","name":"Swizzle","url":"https:\/\/staging.swizzle.se\/","logo":{"@type":"ImageObject","inLanguage":"en-GB","@id":"https:\/\/staging.swizzle.se\/#\/schema\/logo\/image\/","url":"https:\/\/staging.swizzle.se\/wp-content\/uploads\/2025\/10\/cropped-SWIZZLE.-4.png","contentUrl":"https:\/\/staging.swizzle.se\/wp-content\/uploads\/2025\/10\/cropped-SWIZZLE.-4.png","width":800,"height":267,"caption":"Swizzle"},"image":{"@id":"https:\/\/staging.swizzle.se\/#\/schema\/logo\/image\/"},"hasMerchantReturnPolicy":{"@type":"MerchantReturnPolicy","merchantReturnLink":"https:\/\/staging.swizzle.se\/en\/villkor\/"}}]},"product_price_amount":"149.00","product_price_currency":"SEK","og_availability":"instock","product_availability":"instock","product_retailer_item_id":"MFgofast","product_condition":"new"},"tiered_pricing_type":"fixed","tiered_pricing_fixed_rules":[],"tiered_pricing_product_settings":{"layout":"default","base_unit_name":{"singular":null,"plural":null},"default_variation":null},"tiered_pricing_minimum_quantity":null,"tiered_pricing_roles_data":[],"tiered_pricing_percentage_rules":[],"tiered_pricing_maximum_quantity":null,"tiered_pricing_quantity_step":null,"_links":{"self":[{"href":"https:\/\/staging.swizzle.se\/en\/wp-json\/wp\/v2\/product\/273292","targetHints":{"allow":["GET"]}}],"collection":[{"href":"https:\/\/staging.swizzle.se\/en\/wp-json\/wp\/v2\/product"}],"about":[{"href":"https:\/\/staging.swizzle.se\/en\/wp-json\/wp\/v2\/types\/product"}],"replies":[{"embeddable":true,"href":"https:\/\/staging.swizzle.se\/en\/wp-json\/wp\/v2\/comments?post=273292"}],"version-history":[{"count":0,"href":"https:\/\/staging.swizzle.se\/en\/wp-json\/wp\/v2\/product\/273292\/revisions"}],"wp:featuredmedia":[{"embeddable":true,"href":"https:\/\/staging.swizzle.se\/en\/wp-json\/wp\/v2\/media\/273293"}],"wp:attachment":[{"href":"https:\/\/staging.swizzle.se\/en\/wp-json\/wp\/v2\/media?parent=273292"}],"wp:term":[{"taxonomy":"product_brand","embeddable":true,"href":"https:\/\/staging.swizzle.se\/en\/wp-json\/wp\/v2\/product_brand?post=273292"},{"taxonomy":"product_cat","embeddable":true,"href":"https:\/\/staging.swizzle.se\/en\/wp-json\/wp\/v2\/product_cat?post=273292"},{"taxonomy":"product_tag","embeddable":true,"href":"https:\/\/staging.swizzle.se\/en\/wp-json\/wp\/v2\/product_tag?post=273292"},{"taxonomy":"superdeal","embeddable":true,"href":"https:\/\/staging.swizzle.se\/en\/wp-json\/wp\/v2\/superdeal?post=273292"},{"taxonomy":"product_variant_id","embeddable":true,"href":"https:\/\/staging.swizzle.se\/en\/wp-json\/wp\/v2\/product_variant_id?post=273292"}],"curies":[{"name":"wp","href":"https:\/\/api.w.org\/{rel}","templated":true}]}}