{"id":273245,"date":"2025-08-19T14:14:29","date_gmt":"2025-08-19T14:14:29","guid":{"rendered":"https:\/\/staging.swizzle.se\/?post_type=product&#038;p=273245"},"modified":"2026-02-04T14:03:40","modified_gmt":"2026-02-04T14:03:40","slug":"magic-sauce-tinky-winky-50-buds","status":"publish","type":"product","link":"https:\/\/staging.swizzle.se\/en\/product-2\/magic-sauce-tinky-winky-50-buds\/","title":{"rendered":"Magic Sauce &#8211; Tinky Winky 50% Buds &#8211; Magic Farmers"},"content":{"rendered":"<article class=\"product-post magic-sauce-tinky-winky\">\n<header>\n<h1>Magic Sauce &#8211; Tinky Winky 50%<\/h1>\n<p>L\u00e5t tankarna ta nya v\u00e4gar med Magic Sauce &#8211; Tinky Winky 50% fr\u00e5n Magic Farmers\u2013 en blommande topp som bjuder p\u00e5 intensiv mental klarhet tack vare sin kraftfulla <strong>Magic Sauce-formel med hela 50 %<\/strong> aktiva plantkomplex.<\/p>\n<\/header>\n<section>\n<ul>\n<li><strong>50 % Magic Sauce<\/strong> \u2013 kraftfull formula<\/li>\n<li><strong>THC &lt;0,2 %<\/strong><\/li>\n<li><strong>Fr\u00e4mjar \u201ctr\u00e4dstrukturt\u00e4nkande\u201d<\/strong><\/li>\n<li><strong>Premium blomstruktur<\/strong> \u2013 t\u00e4t, aromatisk och handplockad<\/li>\n<\/ul>\n<\/section>\n<section>Passar utm\u00e4rkt vid arbete, studier eller skapande aktiviteter. Endast avsett f\u00f6r samlar-, forsknings- eller aromatiskt bruk.Se \u00e4ven:\u00a0<a href=\"https:\/\/staging.swizzle.se\/en\/product-2\/thca-buds-wonderland-haze-21-magic-farmers\/\">THCA BUDS\u00a0 Wonderland Haze 21%\u00a0 Magic Farmers<\/a><strong>Obs!<\/strong><br \/>\nDu m\u00e5ste vara minst 18 \u00e5r f\u00f6r att k\u00f6pa denna produkt. Den \u00e4r inte avsedd som l\u00e4kemedel, kosttillskott eller naturprodukt. Vi uppmuntrar inte till konsumtion eller r\u00f6kning av produkten. F\u00f6rvara den utom r\u00e4ckh\u00e5ll f\u00f6r barn.Vi friskriver oss fr\u00e5n hur du som kund anv\u00e4nder v\u00e5ra produkter. Vi s\u00e4ljer dem f\u00f6r samlings- och prydnadssyften.<\/section>\n<\/article>","protected":false},"excerpt":{"rendered":"<header><strong>Magic Sauce &#8211; Tinky Winky 50%<\/strong><\/header>\n<header><strong>S\u00e4ljes per gram. 1 enhet = 1 gram.<\/strong><\/header>\n<header><\/header>\n<header>L\u00e5t tankarna ta nya v\u00e4gar med Magic Sauce &#8211; Tinky Winky 50%\u00a0 fr\u00e5n <strong>Magic Farmers<\/strong>\u2013 en blommande topp som bjuder p\u00e5 intensiv mental klarhet tack vare sin kraftfulla <strong>Magic Sauce-formel med hela 50 %<\/strong> aktiva plantkomplex.<\/header>\n<section>\n<ul>\n<li><strong>50 % Magic Sauce<\/strong> \u2013 kraftfull formula<\/li>\n<li><strong>THC &lt;0,2 %<\/strong><\/li>\n<li><strong>Fr\u00e4mjar \u201ctr\u00e4dstrukturt\u00e4nkande\u201d<\/strong><\/li>\n<li><strong>Premium blomstruktur<\/strong> \u2013 t\u00e4t, aromatisk och handplockad<\/li>\n<\/ul>\n<\/section>","protected":false},"featured_media":273247,"comment_status":"open","ping_status":"closed","template":"","meta":{"site-sidebar-layout":"default","site-content-layout":"","ast-site-content-layout":"default","site-content-style":"default","site-sidebar-style":"default","ast-global-header-display":"","ast-banner-title-visibility":"","ast-main-header-display":"","ast-hfb-above-header-display":"","ast-hfb-below-header-display":"","ast-hfb-mobile-header-display":"","site-post-title":"","ast-breadcrumbs-content":"","ast-featured-img":"","footer-sml-layout":"","ast-disable-related-posts":"","theme-transparent-header-meta":"default","adv-header-id-meta":"","stick-header-meta":"default","header-above-stick-meta":"","header-main-stick-meta":"","header-below-stick-meta":"","astra-migrate-meta-layouts":"set","ast-page-background-enabled":"default","ast-page-background-meta":{"desktop":{"background-color":"var(--ast-global-color-4)","background-image":"","background-repeat":"repeat","background-position":"center center","background-size":"auto","background-attachment":"scroll","background-type":"","background-media":"","overlay-type":"","overlay-color":"","overlay-opacity":"","overlay-gradient":""},"tablet":{"background-color":"","background-image":"","background-repeat":"repeat","background-position":"center center","background-size":"auto","background-attachment":"scroll","background-type":"","background-media":"","overlay-type":"","overlay-color":"","overlay-opacity":"","overlay-gradient":""},"mobile":{"background-color":"","background-image":"","background-repeat":"repeat","background-position":"center center","background-size":"auto","background-attachment":"scroll","background-type":"","background-media":"","overlay-type":"","overlay-color":"","overlay-opacity":"","overlay-gradient":""}},"ast-content-background-meta":{"desktop":{"background-color":"var(--ast-global-color-5)","background-image":"","background-repeat":"repeat","background-position":"center center","background-size":"auto","background-attachment":"scroll","background-type":"","background-media":"","overlay-type":"","overlay-color":"","overlay-opacity":"","overlay-gradient":""},"tablet":{"background-color":"var(--ast-global-color-5)","background-image":"","background-repeat":"repeat","background-position":"center center","background-size":"auto","background-attachment":"scroll","background-type":"","background-media":"","overlay-type":"","overlay-color":"","overlay-opacity":"","overlay-gradient":""},"mobile":{"background-color":"var(--ast-global-color-5)","background-image":"","background-repeat":"repeat","background-position":"center center","background-size":"auto","background-attachment":"scroll","background-type":"","background-media":"","overlay-type":"","overlay-color":"","overlay-opacity":"","overlay-gradient":""}}},"product_brand":[756],"product_cat":[334,509,654],"product_tag":[],"superdeal":[],"product_variant_id":[],"class_list":{"0":"post-273245","1":"product","2":"type-product","3":"status-publish","4":"has-post-thumbnail","6":"product_brand-magic-farmers","7":"product_cat-cannabinoider","8":"product_cat-magic-sauce","9":"product_cat-magic-sauce-buds","10":"desktop-align-center","11":"tablet-align-left","12":"mobile-align-left","13":"ast-product-gallery-layout-horizontal-slider","14":"ast-magnify-disabled","15":"ast-product-tabs-layout-horizontal","17":"first","18":"outofstock","19":"taxable","20":"shipping-taxable","21":"purchasable","22":"product-type-simple"},"yoast_head":"<!-- This site is optimized with the Yoast SEO Premium plugin v26.9 (Yoast SEO v26.9) - https:\/\/yoast.com\/product\/yoast-seo-premium-wordpress\/ -->\n<title>Magic Sauce - Tinky Winky 50%<\/title>\n<meta name=\"description\" content=\"Magic Sauce - Tinky Winky 50%. L\u00e5t tankarna ta nya v\u00e4gar med Magic Sauce - Tinky Winky 50%\u00a0\u2013 en blommande topp som bjuder p\u00e5 intensiv mental klarhet.\" \/>\n<meta name=\"robots\" content=\"noindex, follow, max-snippet:-1, max-image-preview:large, max-video-preview:-1\" \/>\n<meta property=\"og:locale\" content=\"en_GB\" \/>\n<meta property=\"og:type\" content=\"article\" \/>\n<meta property=\"og:title\" content=\"Magic Sauce - Tinky Winky 50% Buds - Magic Farmers\" \/>\n<meta property=\"og:description\" content=\"Magic Sauce - Tinky Winky 50%. L\u00e5t tankarna ta nya v\u00e4gar med Magic Sauce - Tinky Winky 50%\u00a0\u2013 en blommande topp som bjuder p\u00e5 intensiv mental klarhet.\" \/>\n<meta property=\"og:url\" content=\"https:\/\/www.swizzle.se\/produkt\/magic-sauce-tinky-winky-50-buds\/\" \/>\n<meta property=\"og:site_name\" content=\"Swizzle\" \/>\n<meta property=\"article:modified_time\" content=\"2026-02-04T14:03:40+00:00\" \/>\n<meta property=\"og:image\" content=\"https:\/\/www.swizzle.se\/wp-content\/uploads\/2025\/08\/Tinky_Winky_WHITE-1.webp\" \/>\n\t<meta property=\"og:image:width\" content=\"800\" \/>\n\t<meta property=\"og:image:height\" content=\"800\" \/>\n\t<meta property=\"og:image:type\" content=\"image\/webp\" \/>\n<meta name=\"twitter:card\" content=\"summary_large_image\" \/>\n<meta name=\"twitter:label1\" content=\"Price\" \/>\n\t<meta name=\"twitter:data1\" content=\"149.00&nbsp;&#107;&#114;\" \/>\n\t<meta name=\"twitter:label2\" content=\"Availability\" \/>\n\t<meta name=\"twitter:data2\" content=\"Out of stock\" \/>\n<script type=\"application\/ld+json\" class=\"yoast-schema-graph\">{\"@context\":\"https:\/\/schema.org\",\"@graph\":[{\"@type\":\"WebPage\",\"@id\":\"https:\/\/www.swizzle.se\/produkt\/magic-sauce-tinky-winky-50-buds\/\",\"url\":\"https:\/\/www.swizzle.se\/produkt\/magic-sauce-tinky-winky-50-buds\/\",\"name\":\"Magic Sauce - Tinky Winky 50%\",\"isPartOf\":{\"@id\":\"https:\/\/staging.swizzle.se\/#website\"},\"primaryImageOfPage\":{\"@id\":\"https:\/\/www.swizzle.se\/produkt\/magic-sauce-tinky-winky-50-buds\/#primaryimage\"},\"image\":{\"@id\":\"https:\/\/www.swizzle.se\/produkt\/magic-sauce-tinky-winky-50-buds\/#primaryimage\"},\"thumbnailUrl\":\"https:\/\/staging.swizzle.se\/wp-content\/uploads\/2025\/08\/Tinky_Winky_WHITE-1.webp\",\"datePublished\":\"2025-08-19T14:14:29+00:00\",\"dateModified\":\"2026-02-04T14:03:40+00:00\",\"description\":\"Magic Sauce - Tinky Winky 50%. L\u00e5t tankarna ta nya v\u00e4gar med Magic Sauce - Tinky Winky 50%\u00a0\u2013 en blommande topp som bjuder p\u00e5 intensiv mental klarhet.\",\"breadcrumb\":{\"@id\":\"https:\/\/www.swizzle.se\/produkt\/magic-sauce-tinky-winky-50-buds\/#breadcrumb\"},\"inLanguage\":\"en-GB\",\"potentialAction\":[{\"@type\":\"ReadAction\",\"target\":[\"https:\/\/www.swizzle.se\/produkt\/magic-sauce-tinky-winky-50-buds\/\"]}]},{\"@type\":\"ImageObject\",\"inLanguage\":\"en-GB\",\"@id\":\"https:\/\/www.swizzle.se\/produkt\/magic-sauce-tinky-winky-50-buds\/#primaryimage\",\"url\":\"https:\/\/staging.swizzle.se\/wp-content\/uploads\/2025\/08\/Tinky_Winky_WHITE-1.webp\",\"contentUrl\":\"https:\/\/staging.swizzle.se\/wp-content\/uploads\/2025\/08\/Tinky_Winky_WHITE-1.webp\",\"width\":800,\"height\":800,\"caption\":\"Bild tinky winky\"},{\"@type\":\"BreadcrumbList\",\"@id\":\"https:\/\/www.swizzle.se\/produkt\/magic-sauce-tinky-winky-50-buds\/#breadcrumb\",\"itemListElement\":[{\"@type\":\"ListItem\",\"position\":1,\"name\":\"Home\",\"item\":\"https:\/\/www.swizzle.se\/\"},{\"@type\":\"ListItem\",\"position\":2,\"name\":\"Shop\",\"item\":\"https:\/\/www.swizzle.se\/shop\/\"},{\"@type\":\"ListItem\",\"position\":3,\"name\":\"CANNABINOIDER\",\"item\":\"https:\/\/www.swizzle.se\/produkt-kategori\/cannabinoider\/\"},{\"@type\":\"ListItem\",\"position\":4,\"name\":\"Magic Sauce &#8211; Tinky Winky 50% Buds &#8211; Magic Farmers\"}]},{\"@type\":\"WebSite\",\"@id\":\"https:\/\/staging.swizzle.se\/#website\",\"url\":\"https:\/\/staging.swizzle.se\/\",\"name\":\"Swizzle\",\"description\":\"Nikotin CBD Vapes Snus White Portion\",\"publisher\":{\"@id\":\"https:\/\/staging.swizzle.se\/#organization\"},\"potentialAction\":[{\"@type\":\"SearchAction\",\"target\":{\"@type\":\"EntryPoint\",\"urlTemplate\":\"https:\/\/staging.swizzle.se\/?s={search_term_string}\"},\"query-input\":{\"@type\":\"PropertyValueSpecification\",\"valueRequired\":true,\"valueName\":\"search_term_string\"}}],\"inLanguage\":\"en-GB\"},{\"@type\":\"Organization\",\"@id\":\"https:\/\/staging.swizzle.se\/#organization\",\"name\":\"Swizzle\",\"url\":\"https:\/\/staging.swizzle.se\/\",\"logo\":{\"@type\":\"ImageObject\",\"inLanguage\":\"en-GB\",\"@id\":\"https:\/\/staging.swizzle.se\/#\/schema\/logo\/image\/\",\"url\":\"https:\/\/staging.swizzle.se\/wp-content\/uploads\/2025\/10\/cropped-SWIZZLE.-4.png\",\"contentUrl\":\"https:\/\/staging.swizzle.se\/wp-content\/uploads\/2025\/10\/cropped-SWIZZLE.-4.png\",\"width\":800,\"height\":267,\"caption\":\"Swizzle\"},\"image\":{\"@id\":\"https:\/\/staging.swizzle.se\/#\/schema\/logo\/image\/\"},\"hasMerchantReturnPolicy\":{\"@type\":\"MerchantReturnPolicy\",\"merchantReturnLink\":\"https:\/\/staging.swizzle.se\/en\/villkor\/\"}}]}<\/script>\n<meta property=\"product:price:amount\" content=\"149.00\" \/>\n<meta property=\"product:price:currency\" content=\"SEK\" \/>\n<meta property=\"og:availability\" content=\"out of stock\" \/>\n<meta property=\"product:availability\" content=\"out of stock\" \/>\n<meta property=\"product:retailer_item_id\" content=\"MStinkywinky\" \/>\n<meta property=\"product:condition\" content=\"new\" \/>\n<!-- \/ Yoast SEO Premium plugin. -->","yoast_head_json":{"title":"Magic Sauce - Tinky Winky 50%","description":"Magic Sauce - Tinky Winky 50%. L\u00e5t tankarna ta nya v\u00e4gar med Magic Sauce - Tinky Winky 50%\u00a0\u2013 en blommande topp som bjuder p\u00e5 intensiv mental klarhet.","robots":{"index":"noindex","follow":"follow","max-snippet":"max-snippet:-1","max-image-preview":"max-image-preview:large","max-video-preview":"max-video-preview:-1"},"og_locale":"en_GB","og_type":"article","og_title":"Magic Sauce - Tinky Winky 50% Buds - Magic Farmers","og_description":"Magic Sauce - Tinky Winky 50%. L\u00e5t tankarna ta nya v\u00e4gar med Magic Sauce - Tinky Winky 50%\u00a0\u2013 en blommande topp som bjuder p\u00e5 intensiv mental klarhet.","og_url":"https:\/\/www.swizzle.se\/produkt\/magic-sauce-tinky-winky-50-buds\/","og_site_name":"Swizzle","article_modified_time":"2026-02-04T14:03:40+00:00","og_image":[{"width":800,"height":800,"url":"https:\/\/www.swizzle.se\/wp-content\/uploads\/2025\/08\/Tinky_Winky_WHITE-1.webp","type":"image\/webp"}],"twitter_card":"summary_large_image","twitter_misc":{"Price":"149.00&nbsp;&#107;&#114;","Availability":"Out of stock"},"schema":{"@context":"https:\/\/schema.org","@graph":[{"@type":"WebPage","@id":"https:\/\/www.swizzle.se\/produkt\/magic-sauce-tinky-winky-50-buds\/","url":"https:\/\/www.swizzle.se\/produkt\/magic-sauce-tinky-winky-50-buds\/","name":"Magic Sauce - Tinky Winky 50%","isPartOf":{"@id":"https:\/\/staging.swizzle.se\/#website"},"primaryImageOfPage":{"@id":"https:\/\/www.swizzle.se\/produkt\/magic-sauce-tinky-winky-50-buds\/#primaryimage"},"image":{"@id":"https:\/\/www.swizzle.se\/produkt\/magic-sauce-tinky-winky-50-buds\/#primaryimage"},"thumbnailUrl":"https:\/\/staging.swizzle.se\/wp-content\/uploads\/2025\/08\/Tinky_Winky_WHITE-1.webp","datePublished":"2025-08-19T14:14:29+00:00","dateModified":"2026-02-04T14:03:40+00:00","description":"Magic Sauce - Tinky Winky 50%. L\u00e5t tankarna ta nya v\u00e4gar med Magic Sauce - Tinky Winky 50%\u00a0\u2013 en blommande topp som bjuder p\u00e5 intensiv mental klarhet.","breadcrumb":{"@id":"https:\/\/www.swizzle.se\/produkt\/magic-sauce-tinky-winky-50-buds\/#breadcrumb"},"inLanguage":"en-GB","potentialAction":[{"@type":"ReadAction","target":["https:\/\/www.swizzle.se\/produkt\/magic-sauce-tinky-winky-50-buds\/"]}]},{"@type":"ImageObject","inLanguage":"en-GB","@id":"https:\/\/www.swizzle.se\/produkt\/magic-sauce-tinky-winky-50-buds\/#primaryimage","url":"https:\/\/staging.swizzle.se\/wp-content\/uploads\/2025\/08\/Tinky_Winky_WHITE-1.webp","contentUrl":"https:\/\/staging.swizzle.se\/wp-content\/uploads\/2025\/08\/Tinky_Winky_WHITE-1.webp","width":800,"height":800,"caption":"Bild tinky winky"},{"@type":"BreadcrumbList","@id":"https:\/\/www.swizzle.se\/produkt\/magic-sauce-tinky-winky-50-buds\/#breadcrumb","itemListElement":[{"@type":"ListItem","position":1,"name":"Home","item":"https:\/\/www.swizzle.se\/"},{"@type":"ListItem","position":2,"name":"Shop","item":"https:\/\/www.swizzle.se\/shop\/"},{"@type":"ListItem","position":3,"name":"CANNABINOIDER","item":"https:\/\/www.swizzle.se\/produkt-kategori\/cannabinoider\/"},{"@type":"ListItem","position":4,"name":"Magic Sauce &#8211; Tinky Winky 50% Buds &#8211; Magic Farmers"}]},{"@type":"WebSite","@id":"https:\/\/staging.swizzle.se\/#website","url":"https:\/\/staging.swizzle.se\/","name":"Swizzle","description":"Nicotine CBD Vapes Snus White Portion","publisher":{"@id":"https:\/\/staging.swizzle.se\/#organization"},"potentialAction":[{"@type":"SearchAction","target":{"@type":"EntryPoint","urlTemplate":"https:\/\/staging.swizzle.se\/?s={search_term_string}"},"query-input":{"@type":"PropertyValueSpecification","valueRequired":true,"valueName":"search_term_string"}}],"inLanguage":"en-GB"},{"@type":"Organization","@id":"https:\/\/staging.swizzle.se\/#organization","name":"Swizzle","url":"https:\/\/staging.swizzle.se\/","logo":{"@type":"ImageObject","inLanguage":"en-GB","@id":"https:\/\/staging.swizzle.se\/#\/schema\/logo\/image\/","url":"https:\/\/staging.swizzle.se\/wp-content\/uploads\/2025\/10\/cropped-SWIZZLE.-4.png","contentUrl":"https:\/\/staging.swizzle.se\/wp-content\/uploads\/2025\/10\/cropped-SWIZZLE.-4.png","width":800,"height":267,"caption":"Swizzle"},"image":{"@id":"https:\/\/staging.swizzle.se\/#\/schema\/logo\/image\/"},"hasMerchantReturnPolicy":{"@type":"MerchantReturnPolicy","merchantReturnLink":"https:\/\/staging.swizzle.se\/en\/villkor\/"}}]},"product_price_amount":"149.00","product_price_currency":"SEK","og_availability":"out of stock","product_availability":"out of stock","product_retailer_item_id":"MStinkywinky","product_condition":"new"},"tiered_pricing_type":"fixed","tiered_pricing_fixed_rules":[],"tiered_pricing_product_settings":{"layout":"default","base_unit_name":{"singular":null,"plural":null},"default_variation":null},"tiered_pricing_minimum_quantity":null,"tiered_pricing_roles_data":[],"tiered_pricing_percentage_rules":[],"tiered_pricing_maximum_quantity":null,"tiered_pricing_quantity_step":null,"_links":{"self":[{"href":"https:\/\/staging.swizzle.se\/en\/wp-json\/wp\/v2\/product\/273245","targetHints":{"allow":["GET"]}}],"collection":[{"href":"https:\/\/staging.swizzle.se\/en\/wp-json\/wp\/v2\/product"}],"about":[{"href":"https:\/\/staging.swizzle.se\/en\/wp-json\/wp\/v2\/types\/product"}],"replies":[{"embeddable":true,"href":"https:\/\/staging.swizzle.se\/en\/wp-json\/wp\/v2\/comments?post=273245"}],"version-history":[{"count":0,"href":"https:\/\/staging.swizzle.se\/en\/wp-json\/wp\/v2\/product\/273245\/revisions"}],"wp:featuredmedia":[{"embeddable":true,"href":"https:\/\/staging.swizzle.se\/en\/wp-json\/wp\/v2\/media\/273247"}],"wp:attachment":[{"href":"https:\/\/staging.swizzle.se\/en\/wp-json\/wp\/v2\/media?parent=273245"}],"wp:term":[{"taxonomy":"product_brand","embeddable":true,"href":"https:\/\/staging.swizzle.se\/en\/wp-json\/wp\/v2\/product_brand?post=273245"},{"taxonomy":"product_cat","embeddable":true,"href":"https:\/\/staging.swizzle.se\/en\/wp-json\/wp\/v2\/product_cat?post=273245"},{"taxonomy":"product_tag","embeddable":true,"href":"https:\/\/staging.swizzle.se\/en\/wp-json\/wp\/v2\/product_tag?post=273245"},{"taxonomy":"superdeal","embeddable":true,"href":"https:\/\/staging.swizzle.se\/en\/wp-json\/wp\/v2\/superdeal?post=273245"},{"taxonomy":"product_variant_id","embeddable":true,"href":"https:\/\/staging.swizzle.se\/en\/wp-json\/wp\/v2\/product_variant_id?post=273245"}],"curies":[{"name":"wp","href":"https:\/\/api.w.org\/{rel}","templated":true}]}}