{"id":273105,"date":"2025-08-15T09:37:36","date_gmt":"2025-08-15T09:37:36","guid":{"rendered":"https:\/\/staging.swizzle.se\/?post_type=product&#038;p=273105"},"modified":"2026-02-04T13:51:36","modified_gmt":"2026-02-04T13:51:36","slug":"vozol-refill-grape-ice","status":"publish","type":"product","link":"https:\/\/staging.swizzle.se\/en\/product-2\/vozol-refill-grape-ice\/","title":{"rendered":"Vozol REFILL Grape Ice"},"content":{"rendered":"<h1>Vozol REFILL Grape Ice<\/h1>\n<h6>(RAISIN GLAC\u00c9)<\/h6>\n<p>Upplev en svalkande smakexplosion med Vozol REFILL Grape Ice. Denna vape kombinerar den fylliga s\u00f6tman fr\u00e5n mogna druvor med en isig kyla som ger en uppfriskande och intensiv vapeupplevelse. Perfekt f\u00f6r dig som \u00e4lskar fruktiga smaker med en sval twist.<\/p>\n<h2>Intensiv smak med l\u00e5ng h\u00e5llbarhet<\/h2>\n<p>Med upp till <strong>15 000 puffar<\/strong> erbjuder denna vape en l\u00e5ngvarig och njutbar upplevelse. Den kommer med totalt <strong>12 ml e-v\u00e4tska.<\/strong><\/p>\n<h2 class=\"p1\"><b>Fyll p\u00e5 med ny smak<\/b><\/h2>\n<p class=\"p2\"><b>Vozol Vista<\/b> \u00e4r framtagen f\u00f6r dig som vill enkelt fylla p\u00e5 din vape med ny smak.<\/p>\n<h2>Smakprofil<\/h2>\n<p>Den smakrika blandningen av <strong>vindruva och is<\/strong> ger en kraftfull och svalkande vapeupplevelse. Kombinationen av s\u00f6tma och kyla skapar en uppfriskande balans som passar perfekt b\u00e5de under varma dagar och som en fr\u00e4sch avrundning.<br \/>\n<strong>Denna produkt inneh\u00e5ller nikotin (12ml) och \u00e4r endast avsedd f\u00f6r vuxna. Den \u00e4r inte l\u00e4mplig f\u00f6r minder\u00e5riga eller gravida\/ammande kvinnor.<\/strong><\/p>\n<hr \/>\n<h2>Viktig information och varning<\/h2>\n<p><strong>Obs!<\/strong> Du m\u00e5ste vara minst 18 \u00e5r f\u00f6r att k\u00f6pa denna produkt. Den \u00e4r inte avsedd som l\u00e4kemedel, kosttillskott eller naturprodukt. Vi uppmuntrar inte till konsumtion eller r\u00f6kning av produkten. F\u00f6rvara den utom r\u00e4ckh\u00e5ll f\u00f6r barn. Vi friskriver oss fr\u00e5n hur du som kund anv\u00e4nder v\u00e5ra produkter.<\/p>\n<h3>Varningar \u2013 Nikotin<\/h3>\n<ul>\n<li>Nikotin \u00e4r ett mycket beroendeframkallande \u00e4mne.<\/li>\n<li>Nikotin \u00e4r giftigt i ren form. Denna produkt \u00e4r utsp\u00e4dd men ska anv\u00e4ndas med f\u00f6rsiktighet.<\/li>\n<li>Vid kontakt av nikotin p\u00e5 huden b\u00f6r du alltid noggrant tv\u00e4tta den del som exponerats.<\/li>\n<li>Anv\u00e4nd g\u00e4rna handskar och undvik att r\u00f6ra dina \u00f6gon och ditt ansikte vid hantering av nikotin.<\/li>\n<li>F\u00f6rvara all din utrustning och alla nikotinvaror utom r\u00e4ckh\u00e5ll f\u00f6r barn och husdjur.<\/li>\n<li>Upps\u00f6k alltid l\u00e4kare och\/eller akutmottagning om du misst\u00e4nker att ditt barn f\u00e5tt i sig nikotin, d\u00e5 det \u00e4r v\u00e4ldigt skadligt f\u00f6r icke-vuxna personer.<\/li>\n<\/ul>","protected":false},"excerpt":{"rendered":"<p><strong>Vozol REFILL Grape Ice<\/strong> (RAISIN GLAC\u00c9)<\/p>\n<p class=\"p1\"><strong>P\u00c5FYLLNING<\/strong> till din Vozol Vista plug. Du beh\u00f6ver ha <a href=\"https:\/\/staging.swizzle.se\/en\/product-2\/vozol-puff-15k-grape-ice\/\">starter kitet<\/a> f\u00f6r att anv\u00e4nda denna produkt.<\/p>\n<p><strong>12 ml e-v\u00e4tska<\/strong><\/p>\n<p>Upplev en svalkande smakexplosion med <strong>Vozol REFILL Grape Ice<\/strong>. Denna vape kombinerar den fylliga s\u00f6tman fr\u00e5n mogna druvor med en isig kyla som ger en uppfriskande och intensiv vapeupplevelse. Perfekt f\u00f6r dig som \u00e4lskar fruktiga smaker med en sval twist.<\/p>","protected":false},"featured_media":273106,"comment_status":"open","ping_status":"closed","template":"","meta":{"site-sidebar-layout":"default","site-content-layout":"","ast-site-content-layout":"default","site-content-style":"default","site-sidebar-style":"default","ast-global-header-display":"","ast-banner-title-visibility":"","ast-main-header-display":"","ast-hfb-above-header-display":"","ast-hfb-below-header-display":"","ast-hfb-mobile-header-display":"","site-post-title":"","ast-breadcrumbs-content":"","ast-featured-img":"","footer-sml-layout":"","ast-disable-related-posts":"","theme-transparent-header-meta":"default","adv-header-id-meta":"","stick-header-meta":"","header-above-stick-meta":"","header-main-stick-meta":"","header-below-stick-meta":"","astra-migrate-meta-layouts":"set","ast-page-background-enabled":"default","ast-page-background-meta":{"desktop":{"background-color":"var(--ast-global-color-4)","background-image":"","background-repeat":"repeat","background-position":"center center","background-size":"auto","background-attachment":"scroll","background-type":"","background-media":"","overlay-type":"","overlay-color":"","overlay-opacity":"","overlay-gradient":""},"tablet":{"background-color":"","background-image":"","background-repeat":"repeat","background-position":"center center","background-size":"auto","background-attachment":"scroll","background-type":"","background-media":"","overlay-type":"","overlay-color":"","overlay-opacity":"","overlay-gradient":""},"mobile":{"background-color":"","background-image":"","background-repeat":"repeat","background-position":"center center","background-size":"auto","background-attachment":"scroll","background-type":"","background-media":"","overlay-type":"","overlay-color":"","overlay-opacity":"","overlay-gradient":""}},"ast-content-background-meta":{"desktop":{"background-color":"var(--ast-global-color-5)","background-image":"","background-repeat":"repeat","background-position":"center center","background-size":"auto","background-attachment":"scroll","background-type":"","background-media":"","overlay-type":"","overlay-color":"","overlay-opacity":"","overlay-gradient":""},"tablet":{"background-color":"var(--ast-global-color-5)","background-image":"","background-repeat":"repeat","background-position":"center center","background-size":"auto","background-attachment":"scroll","background-type":"","background-media":"","overlay-type":"","overlay-color":"","overlay-opacity":"","overlay-gradient":""},"mobile":{"background-color":"var(--ast-global-color-5)","background-image":"","background-repeat":"repeat","background-position":"center center","background-size":"auto","background-attachment":"scroll","background-type":"","background-media":"","overlay-type":"","overlay-color":"","overlay-opacity":"","overlay-gradient":""}}},"product_brand":[773],"product_cat":[592,329,448,381,490],"product_tag":[],"superdeal":[],"product_variant_id":[],"class_list":{"0":"post-273105","1":"product","2":"type-product","3":"status-publish","4":"has-post-thumbnail","6":"product_brand-vozol","7":"product_cat-engangsvapes","8":"product_cat-nikotin-2","9":"product_cat-refill","10":"product_cat-vapes","11":"product_cat-vapes-nikotin","12":"desktop-align-center","13":"tablet-align-left","14":"mobile-align-left","15":"ast-product-gallery-layout-horizontal-slider","16":"ast-product-gallery-with-no-image","17":"ast-magnify-disabled","18":"ast-product-tabs-layout-horizontal","20":"first","21":"outofstock","22":"taxable","23":"shipping-taxable","24":"purchasable","25":"product-type-simple"},"yoast_head":"<!-- This site is optimized with the Yoast SEO Premium plugin v26.9 (Yoast SEO v26.9) - https:\/\/yoast.com\/product\/yoast-seo-premium-wordpress\/ -->\n<title>Vozol REFILL Grape Ice<\/title>\n<meta name=\"description\" content=\"Vozol REFILL Grape Ice. Denna vape kombinerar den fylliga s\u00f6tman fr\u00e5n mogna druvor med en isig kyla som ger en uppfriskande och intensiv vapeupplevelse.\" \/>\n<meta name=\"robots\" content=\"noindex, follow, max-snippet:-1, max-image-preview:large, max-video-preview:-1\" \/>\n<meta property=\"og:locale\" content=\"en_GB\" \/>\n<meta property=\"og:type\" content=\"article\" \/>\n<meta property=\"og:title\" content=\"Vozol Puff 15k - Grape Ice\" \/>\n<meta property=\"og:description\" content=\"Vozol Puff 15k - Grape Ice. Denna vape kombinerar den fylliga s\u00f6tman fr\u00e5n mogna druvor med en isig kyla som ger en uppfriskande och intensiv vapeupplevelse.\" \/>\n<meta property=\"og:url\" content=\"https:\/\/www.swizzle.se\/produkt\/vozol-refill-grape-ice\/\" \/>\n<meta property=\"og:site_name\" content=\"Swizzle\" \/>\n<meta property=\"article:modified_time\" content=\"2026-02-04T13:51:36+00:00\" \/>\n<meta property=\"og:image\" content=\"https:\/\/www.swizzle.se\/wp-content\/uploads\/2025\/08\/ratt-bakrund-canadips-27.jpg\" \/>\n\t<meta property=\"og:image:width\" content=\"600\" \/>\n\t<meta property=\"og:image:height\" content=\"600\" \/>\n\t<meta property=\"og:image:type\" content=\"image\/jpeg\" \/>\n<meta name=\"twitter:card\" content=\"summary_large_image\" \/>\n<meta name=\"twitter:title\" content=\"Vozol Puff 15k - Grape Ice\" \/>\n<meta name=\"twitter:description\" content=\"Vozol Puff 15k - Grape Ice. Denna vape kombinerar den fylliga s\u00f6tman fr\u00e5n mogna druvor med en isig kyla som ger en uppfriskande och intensiv vapeupplevelse.\" \/>\n<meta name=\"twitter:label1\" content=\"Price\" \/>\n\t<meta name=\"twitter:data1\" content=\"219.00&nbsp;&#107;&#114;\" \/>\n\t<meta name=\"twitter:label2\" content=\"Availability\" \/>\n\t<meta name=\"twitter:data2\" content=\"Out of stock\" \/>\n<script type=\"application\/ld+json\" class=\"yoast-schema-graph\">{\"@context\":\"https:\/\/schema.org\",\"@graph\":[{\"@type\":\"WebPage\",\"@id\":\"https:\/\/www.swizzle.se\/produkt\/vozol-refill-grape-ice\/\",\"url\":\"https:\/\/www.swizzle.se\/produkt\/vozol-refill-grape-ice\/\",\"name\":\"Vozol REFILL Grape Ice\",\"isPartOf\":{\"@id\":\"https:\/\/staging.swizzle.se\/#website\"},\"primaryImageOfPage\":{\"@id\":\"https:\/\/www.swizzle.se\/produkt\/vozol-refill-grape-ice\/#primaryimage\"},\"image\":{\"@id\":\"https:\/\/www.swizzle.se\/produkt\/vozol-refill-grape-ice\/#primaryimage\"},\"thumbnailUrl\":\"https:\/\/staging.swizzle.se\/wp-content\/uploads\/2025\/08\/ratt-bakrund-canadips-27.jpg\",\"datePublished\":\"2025-08-15T09:37:36+00:00\",\"dateModified\":\"2026-02-04T13:51:36+00:00\",\"description\":\"Vozol REFILL Grape Ice. Denna vape kombinerar den fylliga s\u00f6tman fr\u00e5n mogna druvor med en isig kyla som ger en uppfriskande och intensiv vapeupplevelse.\",\"breadcrumb\":{\"@id\":\"https:\/\/www.swizzle.se\/produkt\/vozol-refill-grape-ice\/#breadcrumb\"},\"inLanguage\":\"en-GB\",\"potentialAction\":[{\"@type\":\"ReadAction\",\"target\":[\"https:\/\/www.swizzle.se\/produkt\/vozol-refill-grape-ice\/\"]}]},{\"@type\":\"ImageObject\",\"inLanguage\":\"en-GB\",\"@id\":\"https:\/\/www.swizzle.se\/produkt\/vozol-refill-grape-ice\/#primaryimage\",\"url\":\"https:\/\/staging.swizzle.se\/wp-content\/uploads\/2025\/08\/ratt-bakrund-canadips-27.jpg\",\"contentUrl\":\"https:\/\/staging.swizzle.se\/wp-content\/uploads\/2025\/08\/ratt-bakrund-canadips-27.jpg\",\"width\":600,\"height\":600,\"caption\":\"Bild refill\"},{\"@type\":\"BreadcrumbList\",\"@id\":\"https:\/\/www.swizzle.se\/produkt\/vozol-refill-grape-ice\/#breadcrumb\",\"itemListElement\":[{\"@type\":\"ListItem\",\"position\":1,\"name\":\"Home\",\"item\":\"https:\/\/www.swizzle.se\/\"},{\"@type\":\"ListItem\",\"position\":2,\"name\":\"Shop\",\"item\":\"https:\/\/www.swizzle.se\/shop\/\"},{\"@type\":\"ListItem\",\"position\":3,\"name\":\"Vape &amp; E-cigg online\",\"item\":\"https:\/\/www.swizzle.se\/produkt-kategori\/vapes\/\"},{\"@type\":\"ListItem\",\"position\":4,\"name\":\"Vozol REFILL Grape Ice\"}]},{\"@type\":\"WebSite\",\"@id\":\"https:\/\/staging.swizzle.se\/#website\",\"url\":\"https:\/\/staging.swizzle.se\/\",\"name\":\"Swizzle\",\"description\":\"Nikotin CBD Vapes Snus White Portion\",\"publisher\":{\"@id\":\"https:\/\/staging.swizzle.se\/#organization\"},\"potentialAction\":[{\"@type\":\"SearchAction\",\"target\":{\"@type\":\"EntryPoint\",\"urlTemplate\":\"https:\/\/staging.swizzle.se\/?s={search_term_string}\"},\"query-input\":{\"@type\":\"PropertyValueSpecification\",\"valueRequired\":true,\"valueName\":\"search_term_string\"}}],\"inLanguage\":\"en-GB\"},{\"@type\":\"Organization\",\"@id\":\"https:\/\/staging.swizzle.se\/#organization\",\"name\":\"Swizzle\",\"url\":\"https:\/\/staging.swizzle.se\/\",\"logo\":{\"@type\":\"ImageObject\",\"inLanguage\":\"en-GB\",\"@id\":\"https:\/\/staging.swizzle.se\/#\/schema\/logo\/image\/\",\"url\":\"https:\/\/staging.swizzle.se\/wp-content\/uploads\/2025\/10\/cropped-SWIZZLE.-4.png\",\"contentUrl\":\"https:\/\/staging.swizzle.se\/wp-content\/uploads\/2025\/10\/cropped-SWIZZLE.-4.png\",\"width\":800,\"height\":267,\"caption\":\"Swizzle\"},\"image\":{\"@id\":\"https:\/\/staging.swizzle.se\/#\/schema\/logo\/image\/\"},\"hasMerchantReturnPolicy\":{\"@type\":\"MerchantReturnPolicy\",\"merchantReturnLink\":\"https:\/\/staging.swizzle.se\/en\/villkor\/\"}}]}<\/script>\n<meta property=\"product:price:amount\" content=\"219.00\" \/>\n<meta property=\"product:price:currency\" content=\"SEK\" \/>\n<meta property=\"og:availability\" content=\"out of stock\" \/>\n<meta property=\"product:availability\" content=\"out of stock\" \/>\n<meta property=\"product:retailer_item_id\" content=\"vozolrefill4\" \/>\n<meta property=\"product:condition\" content=\"new\" \/>\n<!-- \/ Yoast SEO Premium plugin. -->","yoast_head_json":{"title":"Vozol REFILL Grape Ice","description":"Vozol REFILL Grape Ice. Denna vape kombinerar den fylliga s\u00f6tman fr\u00e5n mogna druvor med en isig kyla som ger en uppfriskande och intensiv vapeupplevelse.","robots":{"index":"noindex","follow":"follow","max-snippet":"max-snippet:-1","max-image-preview":"max-image-preview:large","max-video-preview":"max-video-preview:-1"},"og_locale":"en_GB","og_type":"article","og_title":"Vozol Puff 15k - Grape Ice","og_description":"Vozol Puff 15k - Grape Ice. Denna vape kombinerar den fylliga s\u00f6tman fr\u00e5n mogna druvor med en isig kyla som ger en uppfriskande och intensiv vapeupplevelse.","og_url":"https:\/\/www.swizzle.se\/produkt\/vozol-refill-grape-ice\/","og_site_name":"Swizzle","article_modified_time":"2026-02-04T13:51:36+00:00","og_image":[{"width":600,"height":600,"url":"https:\/\/www.swizzle.se\/wp-content\/uploads\/2025\/08\/ratt-bakrund-canadips-27.jpg","type":"image\/jpeg"}],"twitter_card":"summary_large_image","twitter_title":"Vozol Puff 15k - Grape Ice","twitter_description":"Vozol Puff 15k - Grape Ice. Denna vape kombinerar den fylliga s\u00f6tman fr\u00e5n mogna druvor med en isig kyla som ger en uppfriskande och intensiv vapeupplevelse.","twitter_misc":{"Price":"219.00&nbsp;&#107;&#114;","Availability":"Out of stock"},"schema":{"@context":"https:\/\/schema.org","@graph":[{"@type":"WebPage","@id":"https:\/\/www.swizzle.se\/produkt\/vozol-refill-grape-ice\/","url":"https:\/\/www.swizzle.se\/produkt\/vozol-refill-grape-ice\/","name":"Vozol REFILL Grape Ice","isPartOf":{"@id":"https:\/\/staging.swizzle.se\/#website"},"primaryImageOfPage":{"@id":"https:\/\/www.swizzle.se\/produkt\/vozol-refill-grape-ice\/#primaryimage"},"image":{"@id":"https:\/\/www.swizzle.se\/produkt\/vozol-refill-grape-ice\/#primaryimage"},"thumbnailUrl":"https:\/\/staging.swizzle.se\/wp-content\/uploads\/2025\/08\/ratt-bakrund-canadips-27.jpg","datePublished":"2025-08-15T09:37:36+00:00","dateModified":"2026-02-04T13:51:36+00:00","description":"Vozol REFILL Grape Ice. Denna vape kombinerar den fylliga s\u00f6tman fr\u00e5n mogna druvor med en isig kyla som ger en uppfriskande och intensiv vapeupplevelse.","breadcrumb":{"@id":"https:\/\/www.swizzle.se\/produkt\/vozol-refill-grape-ice\/#breadcrumb"},"inLanguage":"en-GB","potentialAction":[{"@type":"ReadAction","target":["https:\/\/www.swizzle.se\/produkt\/vozol-refill-grape-ice\/"]}]},{"@type":"ImageObject","inLanguage":"en-GB","@id":"https:\/\/www.swizzle.se\/produkt\/vozol-refill-grape-ice\/#primaryimage","url":"https:\/\/staging.swizzle.se\/wp-content\/uploads\/2025\/08\/ratt-bakrund-canadips-27.jpg","contentUrl":"https:\/\/staging.swizzle.se\/wp-content\/uploads\/2025\/08\/ratt-bakrund-canadips-27.jpg","width":600,"height":600,"caption":"Bild refill"},{"@type":"BreadcrumbList","@id":"https:\/\/www.swizzle.se\/produkt\/vozol-refill-grape-ice\/#breadcrumb","itemListElement":[{"@type":"ListItem","position":1,"name":"Home","item":"https:\/\/www.swizzle.se\/"},{"@type":"ListItem","position":2,"name":"Shop","item":"https:\/\/www.swizzle.se\/shop\/"},{"@type":"ListItem","position":3,"name":"Vape &amp; E-cigg online","item":"https:\/\/www.swizzle.se\/produkt-kategori\/vapes\/"},{"@type":"ListItem","position":4,"name":"Vozol REFILL Grape Ice"}]},{"@type":"WebSite","@id":"https:\/\/staging.swizzle.se\/#website","url":"https:\/\/staging.swizzle.se\/","name":"Swizzle","description":"Nicotine CBD Vapes Snus White Portion","publisher":{"@id":"https:\/\/staging.swizzle.se\/#organization"},"potentialAction":[{"@type":"SearchAction","target":{"@type":"EntryPoint","urlTemplate":"https:\/\/staging.swizzle.se\/?s={search_term_string}"},"query-input":{"@type":"PropertyValueSpecification","valueRequired":true,"valueName":"search_term_string"}}],"inLanguage":"en-GB"},{"@type":"Organization","@id":"https:\/\/staging.swizzle.se\/#organization","name":"Swizzle","url":"https:\/\/staging.swizzle.se\/","logo":{"@type":"ImageObject","inLanguage":"en-GB","@id":"https:\/\/staging.swizzle.se\/#\/schema\/logo\/image\/","url":"https:\/\/staging.swizzle.se\/wp-content\/uploads\/2025\/10\/cropped-SWIZZLE.-4.png","contentUrl":"https:\/\/staging.swizzle.se\/wp-content\/uploads\/2025\/10\/cropped-SWIZZLE.-4.png","width":800,"height":267,"caption":"Swizzle"},"image":{"@id":"https:\/\/staging.swizzle.se\/#\/schema\/logo\/image\/"},"hasMerchantReturnPolicy":{"@type":"MerchantReturnPolicy","merchantReturnLink":"https:\/\/staging.swizzle.se\/en\/villkor\/"}}]},"product_price_amount":"219.00","product_price_currency":"SEK","og_availability":"out of stock","product_availability":"out of stock","product_retailer_item_id":"vozolrefill4","product_condition":"new"},"tiered_pricing_type":"fixed","tiered_pricing_fixed_rules":[],"tiered_pricing_product_settings":{"layout":"default","base_unit_name":{"singular":null,"plural":null},"default_variation":null},"tiered_pricing_minimum_quantity":null,"tiered_pricing_roles_data":[],"tiered_pricing_percentage_rules":[],"tiered_pricing_maximum_quantity":null,"tiered_pricing_quantity_step":null,"_links":{"self":[{"href":"https:\/\/staging.swizzle.se\/en\/wp-json\/wp\/v2\/product\/273105","targetHints":{"allow":["GET"]}}],"collection":[{"href":"https:\/\/staging.swizzle.se\/en\/wp-json\/wp\/v2\/product"}],"about":[{"href":"https:\/\/staging.swizzle.se\/en\/wp-json\/wp\/v2\/types\/product"}],"replies":[{"embeddable":true,"href":"https:\/\/staging.swizzle.se\/en\/wp-json\/wp\/v2\/comments?post=273105"}],"version-history":[{"count":0,"href":"https:\/\/staging.swizzle.se\/en\/wp-json\/wp\/v2\/product\/273105\/revisions"}],"wp:featuredmedia":[{"embeddable":true,"href":"https:\/\/staging.swizzle.se\/en\/wp-json\/wp\/v2\/media\/273106"}],"wp:attachment":[{"href":"https:\/\/staging.swizzle.se\/en\/wp-json\/wp\/v2\/media?parent=273105"}],"wp:term":[{"taxonomy":"product_brand","embeddable":true,"href":"https:\/\/staging.swizzle.se\/en\/wp-json\/wp\/v2\/product_brand?post=273105"},{"taxonomy":"product_cat","embeddable":true,"href":"https:\/\/staging.swizzle.se\/en\/wp-json\/wp\/v2\/product_cat?post=273105"},{"taxonomy":"product_tag","embeddable":true,"href":"https:\/\/staging.swizzle.se\/en\/wp-json\/wp\/v2\/product_tag?post=273105"},{"taxonomy":"superdeal","embeddable":true,"href":"https:\/\/staging.swizzle.se\/en\/wp-json\/wp\/v2\/superdeal?post=273105"},{"taxonomy":"product_variant_id","embeddable":true,"href":"https:\/\/staging.swizzle.se\/en\/wp-json\/wp\/v2\/product_variant_id?post=273105"}],"curies":[{"name":"wp","href":"https:\/\/api.w.org\/{rel}","templated":true}]}}