{"id":272814,"date":"2025-08-06T08:44:04","date_gmt":"2025-08-06T08:44:04","guid":{"rendered":"https:\/\/staging.swizzle.se\/?post_type=product&#038;p=272814"},"modified":"2026-02-04T13:59:26","modified_gmt":"2026-02-04T13:59:26","slug":"cbd-vape-1000mg-pink-lemonade-orange-county","status":"publish","type":"product","link":"https:\/\/staging.swizzle.se\/en\/product-2\/cbd-vape-1000mg-pink-lemonade-orange-county\/","title":{"rendered":"CBD Vape 1000mg Pink Lemonade Orange County"},"content":{"rendered":"<h2>CBD Vape 1000mg Pink Lemonade Orange County<\/h2>\n<p>Uppt\u00e4ck <strong>vapen fr\u00e5n Orange County CBD<\/strong> med <strong>uppfriskande Pink Lemonade-smak<\/strong>. Denna vape \u00e4r f\u00f6rladdad med hela <strong>10 ml e-v\u00e4tska<\/strong> och inneh\u00e5ller en kraftfull kombination av <strong>600 mg CBD<\/strong> och <strong>400 mg CBG<\/strong>, helt fri fr\u00e5n THC.<\/p>\n<p>Med upp till <strong>3500 puffar<\/strong> per enhet erbjuder denna eng\u00e5ngs-vape en l\u00e5ngvarig och njutbar upplevelse, perfekt f\u00f6r dig som \u00e4r i farten. Smaken kombinerar <strong>syrlig lemonad<\/strong> med <strong>s\u00f6tma fr\u00e5n blandade frukter<\/strong> \u2013 en frisk och balanserad upplevelse som tilltalar b\u00e5de nyb\u00f6rjare och vana anv\u00e4ndare.<\/p>\n<h3>Produktf\u00f6rdelar<\/h3>\n<ul>\n<li><strong>F\u00f6rladdad med 10 ml e-v\u00e4tska<\/strong> \u2013 redo att anv\u00e4ndas direkt<\/li>\n<li><strong>3500 puffar<\/strong> \u2013 extra l\u00e5ng livsl\u00e4ngd<\/li>\n<li><strong>600 mg CBD + 400 mg CBG<\/strong> \u2013 f\u00f6r en balanserad effekt<\/li>\n<li><strong>THC-fri<\/strong> \u2013 ingen psykoaktiv p\u00e5verkan<\/li>\n<li><strong>Frisk Pink lemonadsmak<\/strong> \u2013 med en s\u00f6t-fruktig twist<\/li>\n<\/ul>\n<p>&nbsp;<\/p>\n<h3>Enkelt och bekv\u00e4mt<\/h3>\n<p>Ingen p\u00e5fyllning, inga kr\u00e5ngliga inst\u00e4llningar \u2013 bara <strong>\u00f6ppna, puffa och njut<\/strong>. Vapen \u00e4r liten, diskret och l\u00e4tt att ta med \u00f6verallt. En modern och smidig l\u00f6sning f\u00f6r avslappning n\u00e4r du beh\u00f6ver det som mest.<\/p>\n<p><em>Orange County CBD st\u00e5r f\u00f6r h\u00f6gkvalitativa, s\u00e4kra och lagliga produkter med naturligt extraherad cannabinoider \u2013 utan kompromisser.<\/em><\/p>\n<p>&nbsp;<\/p>\n<p>Obs!<br \/>\nDu m\u00e5ste vara minst 18 \u00e5r f\u00f6r att k\u00f6pa denna produkt. Den \u00e4r inte avsedd som l\u00e4kemedel, kosttillskott eller naturprodukt. Vi uppmuntrar inte till konsumtion eller r\u00f6kning av produkten. F\u00f6rvara den utom r\u00e4ckh\u00e5ll f\u00f6r barn.Vi friskriver oss fr\u00e5n hur du som kund anv\u00e4nder v\u00e5ra produkter. Vi s\u00e4ljer dem f\u00f6r samlings- och prydnadssyften.<\/p>","protected":false},"excerpt":{"rendered":"<h4>CBD Vape 1000mg Pink Lemonade Orange County<\/h4>\n<p>Uppt\u00e4ck <strong>vapen fr\u00e5n Orange County CBD<\/strong> med <strong>uppfriskande Pink Lemonade-smak<\/strong>. Denna vape \u00e4r f\u00f6rladdad med hela <strong>10 ml e-v\u00e4tska<\/strong> och inneh\u00e5ller en kraftfull kombination av <strong>600 mg CBD<\/strong> och <strong>400 mg CBG<\/strong>, helt fri fr\u00e5n THC.<\/p>","protected":false},"featured_media":272815,"comment_status":"open","ping_status":"closed","template":"","meta":{"site-sidebar-layout":"default","site-content-layout":"","ast-site-content-layout":"default","site-content-style":"default","site-sidebar-style":"default","ast-global-header-display":"","ast-banner-title-visibility":"","ast-main-header-display":"","ast-hfb-above-header-display":"","ast-hfb-below-header-display":"","ast-hfb-mobile-header-display":"","site-post-title":"","ast-breadcrumbs-content":"","ast-featured-img":"","footer-sml-layout":"","ast-disable-related-posts":"","theme-transparent-header-meta":"default","adv-header-id-meta":"","stick-header-meta":"","header-above-stick-meta":"","header-main-stick-meta":"","header-below-stick-meta":"","astra-migrate-meta-layouts":"set","ast-page-background-enabled":"default","ast-page-background-meta":{"desktop":{"background-color":"var(--ast-global-color-4)","background-image":"","background-repeat":"repeat","background-position":"center center","background-size":"auto","background-attachment":"scroll","background-type":"","background-media":"","overlay-type":"","overlay-color":"","overlay-opacity":"","overlay-gradient":""},"tablet":{"background-color":"","background-image":"","background-repeat":"repeat","background-position":"center center","background-size":"auto","background-attachment":"scroll","background-type":"","background-media":"","overlay-type":"","overlay-color":"","overlay-opacity":"","overlay-gradient":""},"mobile":{"background-color":"","background-image":"","background-repeat":"repeat","background-position":"center center","background-size":"auto","background-attachment":"scroll","background-type":"","background-media":"","overlay-type":"","overlay-color":"","overlay-opacity":"","overlay-gradient":""}},"ast-content-background-meta":{"desktop":{"background-color":"var(--ast-global-color-5)","background-image":"","background-repeat":"repeat","background-position":"center center","background-size":"auto","background-attachment":"scroll","background-type":"","background-media":"","overlay-type":"","overlay-color":"","overlay-opacity":"","overlay-gradient":""},"tablet":{"background-color":"var(--ast-global-color-5)","background-image":"","background-repeat":"repeat","background-position":"center center","background-size":"auto","background-attachment":"scroll","background-type":"","background-media":"","overlay-type":"","overlay-color":"","overlay-opacity":"","overlay-gradient":""},"mobile":{"background-color":"var(--ast-global-color-5)","background-image":"","background-repeat":"repeat","background-position":"center center","background-size":"auto","background-attachment":"scroll","background-type":"","background-media":"","overlay-type":"","overlay-color":"","overlay-opacity":"","overlay-gradient":""}}},"product_brand":[760],"product_cat":[434,331],"product_tag":[],"superdeal":[],"product_variant_id":[],"class_list":{"0":"post-272814","1":"product","2":"type-product","3":"status-publish","4":"has-post-thumbnail","6":"product_brand-orange-county","7":"product_cat-cbd-vapes","8":"product_cat-cbd-g-n","9":"desktop-align-center","10":"tablet-align-left","11":"mobile-align-left","12":"ast-product-gallery-layout-horizontal-slider","13":"ast-product-gallery-with-no-image","14":"ast-magnify-disabled","15":"ast-product-tabs-layout-horizontal","17":"first","18":"instock","19":"taxable","20":"shipping-taxable","21":"purchasable","22":"product-type-simple"},"yoast_head":"<!-- This site is optimized with the Yoast SEO Premium plugin v26.9 (Yoast SEO v26.9) - https:\/\/yoast.com\/product\/yoast-seo-premium-wordpress\/ -->\n<title>CBD Vape 1000mg Pink Lemonade Orange County<\/title>\n<meta name=\"description\" content=\"CBD Vape 1000mg Pink Lemonade Orange County. Uppt\u00e4ck vapen fr\u00e5n Orange County CBD med uppfriskande Pink Lemonade-smak. 10 ml e-v\u00e4tska.\" \/>\n<meta name=\"robots\" content=\"noindex, follow, max-snippet:-1, max-image-preview:large, max-video-preview:-1\" \/>\n<meta property=\"og:locale\" content=\"en_GB\" \/>\n<meta property=\"og:type\" content=\"article\" \/>\n<meta property=\"og:title\" content=\"CBD Vape 1000mg Pink Lemonade Orange County\" \/>\n<meta property=\"og:description\" content=\"CBD Vape 1000mg Pink Lemonade Orange County. Uppt\u00e4ck vapen fr\u00e5n Orange County CBD med uppfriskande Pink Lemonade-smak. 10 ml e-v\u00e4tska.\" \/>\n<meta property=\"og:url\" content=\"https:\/\/www.swizzle.se\/produkt\/cbd-vape-1000mg-pink-lemonade-orange-county\/\" \/>\n<meta property=\"og:site_name\" content=\"Swizzle\" \/>\n<meta property=\"article:modified_time\" content=\"2026-02-04T13:59:26+00:00\" \/>\n<meta property=\"og:image\" content=\"https:\/\/www.swizzle.se\/wp-content\/uploads\/2025\/08\/ratt-bakrund-canadips-21.jpg\" \/>\n\t<meta property=\"og:image:width\" content=\"600\" \/>\n\t<meta property=\"og:image:height\" content=\"600\" \/>\n\t<meta property=\"og:image:type\" content=\"image\/jpeg\" \/>\n<meta name=\"twitter:card\" content=\"summary_large_image\" \/>\n<meta name=\"twitter:label1\" content=\"Price\" \/>\n\t<meta name=\"twitter:data1\" content=\"549.00&nbsp;&#107;&#114;\" \/>\n\t<meta name=\"twitter:label2\" content=\"Availability\" \/>\n\t<meta name=\"twitter:data2\" content=\"In stock\" \/>\n<script type=\"application\/ld+json\" class=\"yoast-schema-graph\">{\"@context\":\"https:\/\/schema.org\",\"@graph\":[{\"@type\":\"WebPage\",\"@id\":\"https:\/\/www.swizzle.se\/produkt\/cbd-vape-1000mg-pink-lemonade-orange-county\/\",\"url\":\"https:\/\/www.swizzle.se\/produkt\/cbd-vape-1000mg-pink-lemonade-orange-county\/\",\"name\":\"CBD Vape 1000mg Pink Lemonade Orange County\",\"isPartOf\":{\"@id\":\"https:\/\/staging.swizzle.se\/#website\"},\"primaryImageOfPage\":{\"@id\":\"https:\/\/www.swizzle.se\/produkt\/cbd-vape-1000mg-pink-lemonade-orange-county\/#primaryimage\"},\"image\":{\"@id\":\"https:\/\/www.swizzle.se\/produkt\/cbd-vape-1000mg-pink-lemonade-orange-county\/#primaryimage\"},\"thumbnailUrl\":\"https:\/\/staging.swizzle.se\/wp-content\/uploads\/2025\/08\/ratt-bakrund-canadips-21.jpg\",\"datePublished\":\"2025-08-06T08:44:04+00:00\",\"dateModified\":\"2026-02-04T13:59:26+00:00\",\"description\":\"CBD Vape 1000mg Pink Lemonade Orange County. Uppt\u00e4ck vapen fr\u00e5n Orange County CBD med uppfriskande Pink Lemonade-smak. 10 ml e-v\u00e4tska.\",\"breadcrumb\":{\"@id\":\"https:\/\/www.swizzle.se\/produkt\/cbd-vape-1000mg-pink-lemonade-orange-county\/#breadcrumb\"},\"inLanguage\":\"en-GB\",\"potentialAction\":[{\"@type\":\"ReadAction\",\"target\":[\"https:\/\/www.swizzle.se\/produkt\/cbd-vape-1000mg-pink-lemonade-orange-county\/\"]}]},{\"@type\":\"ImageObject\",\"inLanguage\":\"en-GB\",\"@id\":\"https:\/\/www.swizzle.se\/produkt\/cbd-vape-1000mg-pink-lemonade-orange-county\/#primaryimage\",\"url\":\"https:\/\/staging.swizzle.se\/wp-content\/uploads\/2025\/08\/ratt-bakrund-canadips-21.jpg\",\"contentUrl\":\"https:\/\/staging.swizzle.se\/wp-content\/uploads\/2025\/08\/ratt-bakrund-canadips-21.jpg\",\"width\":600,\"height\":600,\"caption\":\"Bild Orange county pink lemonade\"},{\"@type\":\"BreadcrumbList\",\"@id\":\"https:\/\/www.swizzle.se\/produkt\/cbd-vape-1000mg-pink-lemonade-orange-county\/#breadcrumb\",\"itemListElement\":[{\"@type\":\"ListItem\",\"position\":1,\"name\":\"Home\",\"item\":\"https:\/\/www.swizzle.se\/\"},{\"@type\":\"ListItem\",\"position\":2,\"name\":\"Shop\",\"item\":\"https:\/\/www.swizzle.se\/shop\/\"},{\"@type\":\"ListItem\",\"position\":3,\"name\":\"CANNABINOIDER\",\"item\":\"https:\/\/www.swizzle.se\/produkt-kategori\/cannabinoider\/\"},{\"@type\":\"ListItem\",\"position\":4,\"name\":\"CBD\/G\/N\",\"item\":\"https:\/\/www.swizzle.se\/produkt-kategori\/cannabinoider\/cbd-g-n\/\"},{\"@type\":\"ListItem\",\"position\":5,\"name\":\"CBD Vape 1000mg Pink Lemonade Orange County\"}]},{\"@type\":\"WebSite\",\"@id\":\"https:\/\/staging.swizzle.se\/#website\",\"url\":\"https:\/\/staging.swizzle.se\/\",\"name\":\"Swizzle\",\"description\":\"Nikotin CBD Vapes Snus White Portion\",\"publisher\":{\"@id\":\"https:\/\/staging.swizzle.se\/#organization\"},\"potentialAction\":[{\"@type\":\"SearchAction\",\"target\":{\"@type\":\"EntryPoint\",\"urlTemplate\":\"https:\/\/staging.swizzle.se\/?s={search_term_string}\"},\"query-input\":{\"@type\":\"PropertyValueSpecification\",\"valueRequired\":true,\"valueName\":\"search_term_string\"}}],\"inLanguage\":\"en-GB\"},{\"@type\":\"Organization\",\"@id\":\"https:\/\/staging.swizzle.se\/#organization\",\"name\":\"Swizzle\",\"url\":\"https:\/\/staging.swizzle.se\/\",\"logo\":{\"@type\":\"ImageObject\",\"inLanguage\":\"en-GB\",\"@id\":\"https:\/\/staging.swizzle.se\/#\/schema\/logo\/image\/\",\"url\":\"https:\/\/staging.swizzle.se\/wp-content\/uploads\/2025\/10\/cropped-SWIZZLE.-4.png\",\"contentUrl\":\"https:\/\/staging.swizzle.se\/wp-content\/uploads\/2025\/10\/cropped-SWIZZLE.-4.png\",\"width\":800,\"height\":267,\"caption\":\"Swizzle\"},\"image\":{\"@id\":\"https:\/\/staging.swizzle.se\/#\/schema\/logo\/image\/\"},\"hasMerchantReturnPolicy\":{\"@type\":\"MerchantReturnPolicy\",\"merchantReturnLink\":\"https:\/\/staging.swizzle.se\/en\/villkor\/\"}}]}<\/script>\n<meta property=\"product:price:amount\" content=\"549.00\" \/>\n<meta property=\"product:price:currency\" content=\"SEK\" \/>\n<meta property=\"og:availability\" content=\"instock\" \/>\n<meta property=\"product:availability\" content=\"instock\" \/>\n<meta property=\"product:retailer_item_id\" content=\"OCcbdvape\" \/>\n<meta property=\"product:condition\" content=\"new\" \/>\n<!-- \/ Yoast SEO Premium plugin. -->","yoast_head_json":{"title":"CBD Vape 1000mg Pink Lemonade Orange County","description":"CBD Vape 1000mg Pink Lemonade Orange County. Uppt\u00e4ck vapen fr\u00e5n Orange County CBD med uppfriskande Pink Lemonade-smak. 10 ml e-v\u00e4tska.","robots":{"index":"noindex","follow":"follow","max-snippet":"max-snippet:-1","max-image-preview":"max-image-preview:large","max-video-preview":"max-video-preview:-1"},"og_locale":"en_GB","og_type":"article","og_title":"CBD Vape 1000mg Pink Lemonade Orange County","og_description":"CBD Vape 1000mg Pink Lemonade Orange County. Uppt\u00e4ck vapen fr\u00e5n Orange County CBD med uppfriskande Pink Lemonade-smak. 10 ml e-v\u00e4tska.","og_url":"https:\/\/www.swizzle.se\/produkt\/cbd-vape-1000mg-pink-lemonade-orange-county\/","og_site_name":"Swizzle","article_modified_time":"2026-02-04T13:59:26+00:00","og_image":[{"width":600,"height":600,"url":"https:\/\/www.swizzle.se\/wp-content\/uploads\/2025\/08\/ratt-bakrund-canadips-21.jpg","type":"image\/jpeg"}],"twitter_card":"summary_large_image","twitter_misc":{"Price":"549.00&nbsp;&#107;&#114;","Availability":"In stock"},"schema":{"@context":"https:\/\/schema.org","@graph":[{"@type":"WebPage","@id":"https:\/\/www.swizzle.se\/produkt\/cbd-vape-1000mg-pink-lemonade-orange-county\/","url":"https:\/\/www.swizzle.se\/produkt\/cbd-vape-1000mg-pink-lemonade-orange-county\/","name":"CBD Vape 1000mg Pink Lemonade Orange County","isPartOf":{"@id":"https:\/\/staging.swizzle.se\/#website"},"primaryImageOfPage":{"@id":"https:\/\/www.swizzle.se\/produkt\/cbd-vape-1000mg-pink-lemonade-orange-county\/#primaryimage"},"image":{"@id":"https:\/\/www.swizzle.se\/produkt\/cbd-vape-1000mg-pink-lemonade-orange-county\/#primaryimage"},"thumbnailUrl":"https:\/\/staging.swizzle.se\/wp-content\/uploads\/2025\/08\/ratt-bakrund-canadips-21.jpg","datePublished":"2025-08-06T08:44:04+00:00","dateModified":"2026-02-04T13:59:26+00:00","description":"CBD Vape 1000mg Pink Lemonade Orange County. Uppt\u00e4ck vapen fr\u00e5n Orange County CBD med uppfriskande Pink Lemonade-smak. 10 ml e-v\u00e4tska.","breadcrumb":{"@id":"https:\/\/www.swizzle.se\/produkt\/cbd-vape-1000mg-pink-lemonade-orange-county\/#breadcrumb"},"inLanguage":"en-GB","potentialAction":[{"@type":"ReadAction","target":["https:\/\/www.swizzle.se\/produkt\/cbd-vape-1000mg-pink-lemonade-orange-county\/"]}]},{"@type":"ImageObject","inLanguage":"en-GB","@id":"https:\/\/www.swizzle.se\/produkt\/cbd-vape-1000mg-pink-lemonade-orange-county\/#primaryimage","url":"https:\/\/staging.swizzle.se\/wp-content\/uploads\/2025\/08\/ratt-bakrund-canadips-21.jpg","contentUrl":"https:\/\/staging.swizzle.se\/wp-content\/uploads\/2025\/08\/ratt-bakrund-canadips-21.jpg","width":600,"height":600,"caption":"Bild Orange county pink lemonade"},{"@type":"BreadcrumbList","@id":"https:\/\/www.swizzle.se\/produkt\/cbd-vape-1000mg-pink-lemonade-orange-county\/#breadcrumb","itemListElement":[{"@type":"ListItem","position":1,"name":"Home","item":"https:\/\/www.swizzle.se\/"},{"@type":"ListItem","position":2,"name":"Shop","item":"https:\/\/www.swizzle.se\/shop\/"},{"@type":"ListItem","position":3,"name":"CANNABINOIDER","item":"https:\/\/www.swizzle.se\/produkt-kategori\/cannabinoider\/"},{"@type":"ListItem","position":4,"name":"CBD\/G\/N","item":"https:\/\/www.swizzle.se\/produkt-kategori\/cannabinoider\/cbd-g-n\/"},{"@type":"ListItem","position":5,"name":"CBD Vape 1000mg Pink Lemonade Orange County"}]},{"@type":"WebSite","@id":"https:\/\/staging.swizzle.se\/#website","url":"https:\/\/staging.swizzle.se\/","name":"Swizzle","description":"Nicotine CBD Vapes Snus White Portion","publisher":{"@id":"https:\/\/staging.swizzle.se\/#organization"},"potentialAction":[{"@type":"SearchAction","target":{"@type":"EntryPoint","urlTemplate":"https:\/\/staging.swizzle.se\/?s={search_term_string}"},"query-input":{"@type":"PropertyValueSpecification","valueRequired":true,"valueName":"search_term_string"}}],"inLanguage":"en-GB"},{"@type":"Organization","@id":"https:\/\/staging.swizzle.se\/#organization","name":"Swizzle","url":"https:\/\/staging.swizzle.se\/","logo":{"@type":"ImageObject","inLanguage":"en-GB","@id":"https:\/\/staging.swizzle.se\/#\/schema\/logo\/image\/","url":"https:\/\/staging.swizzle.se\/wp-content\/uploads\/2025\/10\/cropped-SWIZZLE.-4.png","contentUrl":"https:\/\/staging.swizzle.se\/wp-content\/uploads\/2025\/10\/cropped-SWIZZLE.-4.png","width":800,"height":267,"caption":"Swizzle"},"image":{"@id":"https:\/\/staging.swizzle.se\/#\/schema\/logo\/image\/"},"hasMerchantReturnPolicy":{"@type":"MerchantReturnPolicy","merchantReturnLink":"https:\/\/staging.swizzle.se\/en\/villkor\/"}}]},"product_price_amount":"549.00","product_price_currency":"SEK","og_availability":"instock","product_availability":"instock","product_retailer_item_id":"OCcbdvape","product_condition":"new"},"tiered_pricing_type":"fixed","tiered_pricing_fixed_rules":[],"tiered_pricing_product_settings":{"layout":"default","base_unit_name":{"singular":null,"plural":null},"default_variation":null},"tiered_pricing_minimum_quantity":null,"tiered_pricing_roles_data":[],"tiered_pricing_percentage_rules":[],"tiered_pricing_maximum_quantity":null,"tiered_pricing_quantity_step":null,"_links":{"self":[{"href":"https:\/\/staging.swizzle.se\/en\/wp-json\/wp\/v2\/product\/272814","targetHints":{"allow":["GET"]}}],"collection":[{"href":"https:\/\/staging.swizzle.se\/en\/wp-json\/wp\/v2\/product"}],"about":[{"href":"https:\/\/staging.swizzle.se\/en\/wp-json\/wp\/v2\/types\/product"}],"replies":[{"embeddable":true,"href":"https:\/\/staging.swizzle.se\/en\/wp-json\/wp\/v2\/comments?post=272814"}],"version-history":[{"count":0,"href":"https:\/\/staging.swizzle.se\/en\/wp-json\/wp\/v2\/product\/272814\/revisions"}],"wp:featuredmedia":[{"embeddable":true,"href":"https:\/\/staging.swizzle.se\/en\/wp-json\/wp\/v2\/media\/272815"}],"wp:attachment":[{"href":"https:\/\/staging.swizzle.se\/en\/wp-json\/wp\/v2\/media?parent=272814"}],"wp:term":[{"taxonomy":"product_brand","embeddable":true,"href":"https:\/\/staging.swizzle.se\/en\/wp-json\/wp\/v2\/product_brand?post=272814"},{"taxonomy":"product_cat","embeddable":true,"href":"https:\/\/staging.swizzle.se\/en\/wp-json\/wp\/v2\/product_cat?post=272814"},{"taxonomy":"product_tag","embeddable":true,"href":"https:\/\/staging.swizzle.se\/en\/wp-json\/wp\/v2\/product_tag?post=272814"},{"taxonomy":"superdeal","embeddable":true,"href":"https:\/\/staging.swizzle.se\/en\/wp-json\/wp\/v2\/superdeal?post=272814"},{"taxonomy":"product_variant_id","embeddable":true,"href":"https:\/\/staging.swizzle.se\/en\/wp-json\/wp\/v2\/product_variant_id?post=272814"}],"curies":[{"name":"wp","href":"https:\/\/api.w.org\/{rel}","templated":true}]}}