{"id":272761,"date":"2025-08-05T09:47:10","date_gmt":"2025-08-05T09:47:10","guid":{"rendered":"https:\/\/staging.swizzle.se\/?post_type=product&#038;p=272761"},"modified":"2026-02-04T14:20:14","modified_gmt":"2026-02-04T14:20:14","slug":"brownie-blueberry-haze-cannabis-bakehouse","status":"publish","type":"product","link":"https:\/\/staging.swizzle.se\/en\/product-2\/brownie-blueberry-haze-cannabis-bakehouse\/","title":{"rendered":"Brownie &#8211; Blueberry Haze &#8211; Cannabis Bakehouse"},"content":{"rendered":"<h2>Brownie &#8211; Blueberry Haze &#8211; Cannabis Bakehouse \u2013 Fruktig smakupplevelse med naturliga terpener<\/h2>\n<p>L\u00e5t dina smakl\u00f6kar \u00f6verraskas av v\u00e5r unika <strong>Blueberry Haze Brownie<\/strong> \u2013 en fyllig chokladbrownie berikad med <strong>naturlig terpeneolja<\/strong> fr\u00e5n en fruktig och kraftfull cannabisstam. Denna extra smakrika brownie \u00e4r framtagen f\u00f6r att ge dig en autentisk smakupplevelse utan CBD eller THC \u2013 bara ren smak och arom.<\/p>\n<p>Med sin saftiga smak av s\u00f6ta bl\u00e5b\u00e4r och kr\u00e4mig choklad, skapar denna brownie en perfekt balans mellan fruktighet och chokladnjutning. Ett perfekt val f\u00f6r dig som vill uppleva de naturliga doft- och smak\u00e4mnena fr\u00e5n cannabisplantan, utan n\u00e5gra psykoaktiva effekter.<\/p>\n<h3>Produktegenskaper<\/h3>\n<ul>\n<li>Berikad med <strong>naturliga terpener<\/strong> fr\u00e5n en fruktig och aromatisk cannabisstam<\/li>\n<li><strong>Extra stark smakupplevelse<\/strong> \u2013 intensiv och autentisk terpenprofil<\/li>\n<li><strong>S\u00f6tma fr\u00e5n bl\u00e5b\u00e4r<\/strong> i harmoni med <strong>kr\u00e4mig choklad<\/strong><\/li>\n<li>Fri fr\u00e5n CBD och THC \u2013 ingen rus, bara smak<\/li>\n<li>Tillverkad av <strong>Cannabis Bakehouse<\/strong>, k\u00e4nda f\u00f6r sina innovativa och h\u00f6gkvalitativa bakverk<\/li>\n<\/ul>\n<h3>Ingredienser<\/h3>\n<p>Socker, vetemj\u00f6l, vatten, \u00e4gg fr\u00e5n frig\u00e5ende h\u00f6ns, kakaopulver, modifierad majsst\u00e4rkelse, invertsockersirap, vetest\u00e4rkelse, eterisk olja, mj\u00f6lkpulver, karamell (sulfiter), glukossirap, salt, mj\u00f6lkprotein, laktos (mj\u00f6lk), sockersirap, druvsocker, potatisst\u00e4rkelse, skummj\u00f6lkspulver, enzymer (vete), mono- och diglycerider av fettsyror, kaliumjodid, torkad \u00e4ggula, maltodextrin, vegetabiliska oljor (raps, palm, kokos), s\u00f6tningsmedel (E420), surhetsreglerande medel (E450, E500), b\u00e4rare (E422, E1520), konserveringsmedel (E202), vaniljarom, klumpf\u00f6rebyggande medel (E535), emulgeringsmedel (E471, E477, E472B), f\u00f6rtjockningsmedel (E415, E412), f\u00e4rg\u00e4mnen (E150d, E150c, E160a), enzym (vete alfa-amylas), askorbinsyra (E300), citronsyra (E330), kalciumfosfater (E341).<\/p>\n<h3>Allergiinformation<\/h3>\n<p>Inneh\u00e5ller: <strong>Vete, \u00e4gg, mj\u00f6lk<\/strong>. Kan inneh\u00e5lla sp\u00e5r av n\u00f6tter.<\/p>\n<h3>Storage<\/h3>\n<p>F\u00f6rvaras svalt, torrt och <strong>utanf\u00f6r r\u00e4ckh\u00e5ll f\u00f6r barn<\/strong>.<\/p>\n<h3>F\u00f6rpackningsinneh\u00e5ll<\/h3>\n<p><strong>Vikt:<\/strong> 70 gram<\/p>\n<h3>Sammanfattning<\/h3>\n<p>Blueberry Haze Brownie \u00e4r en smakrik dessert f\u00f6r dig som s\u00f6ker en djupare smakupplevelse med inspiration fr\u00e5n cannabisv\u00e4rlden \u2013 helt utan rus. Kombinationen av bl\u00e5b\u00e4r, choklad och naturliga terpener g\u00f6r denna brownie till ett unikt tillskott i vardagen, perfekt som ett lyxigt mellanm\u00e5l eller en speciell present.<\/p>\n<p>Se \u00e4ven:\u00a0<a href=\"https:\/\/staging.swizzle.se\/en\/product-2\/brownie-rastafari-cannabis-bakehouse\/\">Brownie Rastafari Cannabis Bakehouse<\/a><\/p>\n<div class=\"woocommerce-tabs wc-tabs-wrapper\">\n<div id=\"tab-description\" class=\"woocommerce-Tabs-panel woocommerce-Tabs-panel--description panel entry-content wc-tab\" role=\"tabpanel\" aria-labelledby=\"tab-title-description\">\n<p><strong>Obs!<\/strong><br \/>\nDu m\u00e5ste vara minst 18 \u00e5r f\u00f6r att k\u00f6pa denna produkt. Den \u00e4r inte avsedd som l\u00e4kemedel, kosttillskott eller naturprodukt. Vi uppmuntrar inte till konsumtion eller r\u00f6kning av produkten. F\u00f6rvara den utom r\u00e4ckh\u00e5ll f\u00f6r barn. Vi friskriver oss fr\u00e5n hur du som kund anv\u00e4nder v\u00e5ra produkter. Vi s\u00e4ljer dem f\u00f6r samlings- och prydnadssyften.<\/p>\n<\/div>\n<\/div>","protected":false},"excerpt":{"rendered":"<h2>Brownie &#8211; Blueberry Haze &#8211; Cannabis Bakehouse\u00a0\u2013 Fruktig smakupplevelse med naturliga terpener<\/h2>\n<p>L\u00e5t dina smakl\u00f6kar \u00f6verraskas av v\u00e5r unika <strong>Blueberry Haze Brownie<\/strong> \u2013 en fyllig chokladbrownie berikad med <strong>naturlig terpeneolja<\/strong> fr\u00e5n en fruktig och kraftfull cannabisstam. Denna extra smakrika brownie \u00e4r framtagen f\u00f6r att ge dig en autentisk smakupplevelse utan CBD eller THC \u2013 bara ren smak och arom.<\/p>\n<p>Med sin saftiga smak av s\u00f6ta bl\u00e5b\u00e4r och kr\u00e4mig choklad, skapar denna brownie en perfekt balans mellan fruktighet och chokladnjutning. Ett perfekt val f\u00f6r dig som vill uppleva de naturliga doft- och smak\u00e4mnena fr\u00e5n cannabisplantan, utan n\u00e5gra psykoaktiva effekter.<\/p>","protected":false},"featured_media":272762,"comment_status":"open","ping_status":"closed","template":"","meta":{"site-sidebar-layout":"default","site-content-layout":"","ast-site-content-layout":"default","site-content-style":"default","site-sidebar-style":"default","ast-global-header-display":"","ast-banner-title-visibility":"","ast-main-header-display":"","ast-hfb-above-header-display":"","ast-hfb-below-header-display":"","ast-hfb-mobile-header-display":"","site-post-title":"","ast-breadcrumbs-content":"","ast-featured-img":"","footer-sml-layout":"","ast-disable-related-posts":"","theme-transparent-header-meta":"default","adv-header-id-meta":"","stick-header-meta":"","header-above-stick-meta":"","header-main-stick-meta":"","header-below-stick-meta":"","astra-migrate-meta-layouts":"set","ast-page-background-enabled":"default","ast-page-background-meta":{"desktop":{"background-color":"var(--ast-global-color-4)","background-image":"","background-repeat":"repeat","background-position":"center center","background-size":"auto","background-attachment":"scroll","background-type":"","background-media":"","overlay-type":"","overlay-color":"","overlay-opacity":"","overlay-gradient":""},"tablet":{"background-color":"","background-image":"","background-repeat":"repeat","background-position":"center center","background-size":"auto","background-attachment":"scroll","background-type":"","background-media":"","overlay-type":"","overlay-color":"","overlay-opacity":"","overlay-gradient":""},"mobile":{"background-color":"","background-image":"","background-repeat":"repeat","background-position":"center center","background-size":"auto","background-attachment":"scroll","background-type":"","background-media":"","overlay-type":"","overlay-color":"","overlay-opacity":"","overlay-gradient":""}},"ast-content-background-meta":{"desktop":{"background-color":"var(--ast-global-color-5)","background-image":"","background-repeat":"repeat","background-position":"center center","background-size":"auto","background-attachment":"scroll","background-type":"","background-media":"","overlay-type":"","overlay-color":"","overlay-opacity":"","overlay-gradient":""},"tablet":{"background-color":"var(--ast-global-color-5)","background-image":"","background-repeat":"repeat","background-position":"center center","background-size":"auto","background-attachment":"scroll","background-type":"","background-media":"","overlay-type":"","overlay-color":"","overlay-opacity":"","overlay-gradient":""},"mobile":{"background-color":"var(--ast-global-color-5)","background-image":"","background-repeat":"repeat","background-position":"center center","background-size":"auto","background-attachment":"scroll","background-type":"","background-media":"","overlay-type":"","overlay-color":"","overlay-opacity":"","overlay-gradient":""}}},"product_brand":[728],"product_cat":[370,354],"product_tag":[],"superdeal":[],"product_variant_id":[],"class_list":{"0":"post-272761","1":"product","2":"type-product","3":"status-publish","4":"has-post-thumbnail","6":"product_brand-cannabisbakehouse","7":"product_cat-brownies","8":"product_cat-edibles","9":"desktop-align-center","10":"tablet-align-left","11":"mobile-align-left","12":"ast-product-gallery-layout-horizontal-slider","13":"ast-product-gallery-with-no-image","14":"ast-magnify-disabled","15":"ast-product-tabs-layout-horizontal","17":"first","18":"outofstock","19":"taxable","20":"shipping-taxable","21":"purchasable","22":"product-type-simple"},"yoast_head":"<!-- This site is optimized with the Yoast SEO Premium plugin v26.9 (Yoast SEO v26.9) - https:\/\/yoast.com\/product\/yoast-seo-premium-wordpress\/ -->\n<title>Brownie - Blueberry Haze - Cannabis Bakehouse<\/title>\n<meta name=\"description\" content=\"Brownie - Blueberry Haze - Cannabis Bakehouse. L\u00e5t dina smakl\u00f6kar \u00f6verraskas av v\u00e5r unika Blueberry Haze Brownie \u2013 berikad med naturlig terpeneolja.\" \/>\n<meta name=\"robots\" content=\"noindex, follow, max-snippet:-1, max-image-preview:large, max-video-preview:-1\" \/>\n<meta property=\"og:locale\" content=\"en_GB\" \/>\n<meta property=\"og:type\" content=\"article\" \/>\n<meta property=\"og:title\" content=\"Brownie - Blueberry Haze - Cannabis Bakehouse\" \/>\n<meta property=\"og:description\" content=\"Brownie - Blueberry Haze - Cannabis Bakehouse. L\u00e5t dina smakl\u00f6kar \u00f6verraskas av v\u00e5r unika Blueberry Haze Brownie \u2013 berikad med naturlig terpeneolja.\" \/>\n<meta property=\"og:url\" content=\"https:\/\/www.swizzle.se\/produkt\/brownie-blueberry-haze-cannabis-bakehouse\/\" \/>\n<meta property=\"og:site_name\" content=\"Swizzle\" \/>\n<meta property=\"article:modified_time\" content=\"2026-02-04T14:20:14+00:00\" \/>\n<meta property=\"og:image\" content=\"https:\/\/www.swizzle.se\/wp-content\/uploads\/2025\/08\/Blueberry-Haze-Brownie-2025-600x600-1.webp\" \/>\n\t<meta property=\"og:image:width\" content=\"600\" \/>\n\t<meta property=\"og:image:height\" content=\"600\" \/>\n\t<meta property=\"og:image:type\" content=\"image\/webp\" \/>\n<meta name=\"twitter:card\" content=\"summary_large_image\" \/>\n<meta name=\"twitter:label1\" content=\"Price\" \/>\n\t<meta name=\"twitter:data1\" content=\"79.00&nbsp;&#107;&#114;\" \/>\n\t<meta name=\"twitter:label2\" content=\"Availability\" \/>\n\t<meta name=\"twitter:data2\" content=\"Out of stock\" \/>\n<script type=\"application\/ld+json\" class=\"yoast-schema-graph\">{\"@context\":\"https:\/\/schema.org\",\"@graph\":[{\"@type\":\"WebPage\",\"@id\":\"https:\/\/www.swizzle.se\/produkt\/brownie-blueberry-haze-cannabis-bakehouse\/\",\"url\":\"https:\/\/www.swizzle.se\/produkt\/brownie-blueberry-haze-cannabis-bakehouse\/\",\"name\":\"Brownie - Blueberry Haze - Cannabis Bakehouse\",\"isPartOf\":{\"@id\":\"https:\/\/staging.swizzle.se\/#website\"},\"primaryImageOfPage\":{\"@id\":\"https:\/\/www.swizzle.se\/produkt\/brownie-blueberry-haze-cannabis-bakehouse\/#primaryimage\"},\"image\":{\"@id\":\"https:\/\/www.swizzle.se\/produkt\/brownie-blueberry-haze-cannabis-bakehouse\/#primaryimage\"},\"thumbnailUrl\":\"https:\/\/staging.swizzle.se\/wp-content\/uploads\/2025\/08\/Blueberry-Haze-Brownie-2025-600x600-1.webp\",\"datePublished\":\"2025-08-05T09:47:10+00:00\",\"dateModified\":\"2026-02-04T14:20:14+00:00\",\"description\":\"Brownie - Blueberry Haze - Cannabis Bakehouse. L\u00e5t dina smakl\u00f6kar \u00f6verraskas av v\u00e5r unika Blueberry Haze Brownie \u2013 berikad med naturlig terpeneolja.\",\"breadcrumb\":{\"@id\":\"https:\/\/www.swizzle.se\/produkt\/brownie-blueberry-haze-cannabis-bakehouse\/#breadcrumb\"},\"inLanguage\":\"en-GB\",\"potentialAction\":[{\"@type\":\"ReadAction\",\"target\":[\"https:\/\/www.swizzle.se\/produkt\/brownie-blueberry-haze-cannabis-bakehouse\/\"]}]},{\"@type\":\"ImageObject\",\"inLanguage\":\"en-GB\",\"@id\":\"https:\/\/www.swizzle.se\/produkt\/brownie-blueberry-haze-cannabis-bakehouse\/#primaryimage\",\"url\":\"https:\/\/staging.swizzle.se\/wp-content\/uploads\/2025\/08\/Blueberry-Haze-Brownie-2025-600x600-1.webp\",\"contentUrl\":\"https:\/\/staging.swizzle.se\/wp-content\/uploads\/2025\/08\/Blueberry-Haze-Brownie-2025-600x600-1.webp\",\"width\":600,\"height\":600,\"caption\":\"Bild brownie\"},{\"@type\":\"BreadcrumbList\",\"@id\":\"https:\/\/www.swizzle.se\/produkt\/brownie-blueberry-haze-cannabis-bakehouse\/#breadcrumb\",\"itemListElement\":[{\"@type\":\"ListItem\",\"position\":1,\"name\":\"Home\",\"item\":\"https:\/\/www.swizzle.se\/\"},{\"@type\":\"ListItem\",\"position\":2,\"name\":\"Shop\",\"item\":\"https:\/\/www.swizzle.se\/shop\/\"},{\"@type\":\"ListItem\",\"position\":3,\"name\":\"EDIBLES\",\"item\":\"https:\/\/www.swizzle.se\/produkt-kategori\/edibles\/\"},{\"@type\":\"ListItem\",\"position\":4,\"name\":\"Brownie &#8211; Blueberry Haze &#8211; Cannabis Bakehouse\"}]},{\"@type\":\"WebSite\",\"@id\":\"https:\/\/staging.swizzle.se\/#website\",\"url\":\"https:\/\/staging.swizzle.se\/\",\"name\":\"Swizzle\",\"description\":\"Nikotin CBD Vapes Snus White Portion\",\"publisher\":{\"@id\":\"https:\/\/staging.swizzle.se\/#organization\"},\"potentialAction\":[{\"@type\":\"SearchAction\",\"target\":{\"@type\":\"EntryPoint\",\"urlTemplate\":\"https:\/\/staging.swizzle.se\/?s={search_term_string}\"},\"query-input\":{\"@type\":\"PropertyValueSpecification\",\"valueRequired\":true,\"valueName\":\"search_term_string\"}}],\"inLanguage\":\"en-GB\"},{\"@type\":\"Organization\",\"@id\":\"https:\/\/staging.swizzle.se\/#organization\",\"name\":\"Swizzle\",\"url\":\"https:\/\/staging.swizzle.se\/\",\"logo\":{\"@type\":\"ImageObject\",\"inLanguage\":\"en-GB\",\"@id\":\"https:\/\/staging.swizzle.se\/#\/schema\/logo\/image\/\",\"url\":\"https:\/\/staging.swizzle.se\/wp-content\/uploads\/2025\/10\/cropped-SWIZZLE.-4.png\",\"contentUrl\":\"https:\/\/staging.swizzle.se\/wp-content\/uploads\/2025\/10\/cropped-SWIZZLE.-4.png\",\"width\":800,\"height\":267,\"caption\":\"Swizzle\"},\"image\":{\"@id\":\"https:\/\/staging.swizzle.se\/#\/schema\/logo\/image\/\"},\"hasMerchantReturnPolicy\":{\"@type\":\"MerchantReturnPolicy\",\"merchantReturnLink\":\"https:\/\/staging.swizzle.se\/en\/villkor\/\"}}]}<\/script>\n<meta property=\"product:price:amount\" content=\"79.00\" \/>\n<meta property=\"product:price:currency\" content=\"SEK\" \/>\n<meta property=\"og:availability\" content=\"out of stock\" \/>\n<meta property=\"product:availability\" content=\"out of stock\" \/>\n<meta property=\"product:retailer_item_id\" content=\"CBbrownieBH\" \/>\n<meta property=\"product:condition\" content=\"new\" \/>\n<!-- \/ Yoast SEO Premium plugin. -->","yoast_head_json":{"title":"Brownie - Blueberry Haze - Cannabis Bakehouse","description":"Brownie - Blueberry Haze - Cannabis Bakehouse. L\u00e5t dina smakl\u00f6kar \u00f6verraskas av v\u00e5r unika Blueberry Haze Brownie \u2013 berikad med naturlig terpeneolja.","robots":{"index":"noindex","follow":"follow","max-snippet":"max-snippet:-1","max-image-preview":"max-image-preview:large","max-video-preview":"max-video-preview:-1"},"og_locale":"en_GB","og_type":"article","og_title":"Brownie - Blueberry Haze - Cannabis Bakehouse","og_description":"Brownie - Blueberry Haze - Cannabis Bakehouse. L\u00e5t dina smakl\u00f6kar \u00f6verraskas av v\u00e5r unika Blueberry Haze Brownie \u2013 berikad med naturlig terpeneolja.","og_url":"https:\/\/www.swizzle.se\/produkt\/brownie-blueberry-haze-cannabis-bakehouse\/","og_site_name":"Swizzle","article_modified_time":"2026-02-04T14:20:14+00:00","og_image":[{"width":600,"height":600,"url":"https:\/\/www.swizzle.se\/wp-content\/uploads\/2025\/08\/Blueberry-Haze-Brownie-2025-600x600-1.webp","type":"image\/webp"}],"twitter_card":"summary_large_image","twitter_misc":{"Price":"79.00&nbsp;&#107;&#114;","Availability":"Out of stock"},"schema":{"@context":"https:\/\/schema.org","@graph":[{"@type":"WebPage","@id":"https:\/\/www.swizzle.se\/produkt\/brownie-blueberry-haze-cannabis-bakehouse\/","url":"https:\/\/www.swizzle.se\/produkt\/brownie-blueberry-haze-cannabis-bakehouse\/","name":"Brownie - Blueberry Haze - Cannabis Bakehouse","isPartOf":{"@id":"https:\/\/staging.swizzle.se\/#website"},"primaryImageOfPage":{"@id":"https:\/\/www.swizzle.se\/produkt\/brownie-blueberry-haze-cannabis-bakehouse\/#primaryimage"},"image":{"@id":"https:\/\/www.swizzle.se\/produkt\/brownie-blueberry-haze-cannabis-bakehouse\/#primaryimage"},"thumbnailUrl":"https:\/\/staging.swizzle.se\/wp-content\/uploads\/2025\/08\/Blueberry-Haze-Brownie-2025-600x600-1.webp","datePublished":"2025-08-05T09:47:10+00:00","dateModified":"2026-02-04T14:20:14+00:00","description":"Brownie - Blueberry Haze - Cannabis Bakehouse. L\u00e5t dina smakl\u00f6kar \u00f6verraskas av v\u00e5r unika Blueberry Haze Brownie \u2013 berikad med naturlig terpeneolja.","breadcrumb":{"@id":"https:\/\/www.swizzle.se\/produkt\/brownie-blueberry-haze-cannabis-bakehouse\/#breadcrumb"},"inLanguage":"en-GB","potentialAction":[{"@type":"ReadAction","target":["https:\/\/www.swizzle.se\/produkt\/brownie-blueberry-haze-cannabis-bakehouse\/"]}]},{"@type":"ImageObject","inLanguage":"en-GB","@id":"https:\/\/www.swizzle.se\/produkt\/brownie-blueberry-haze-cannabis-bakehouse\/#primaryimage","url":"https:\/\/staging.swizzle.se\/wp-content\/uploads\/2025\/08\/Blueberry-Haze-Brownie-2025-600x600-1.webp","contentUrl":"https:\/\/staging.swizzle.se\/wp-content\/uploads\/2025\/08\/Blueberry-Haze-Brownie-2025-600x600-1.webp","width":600,"height":600,"caption":"Bild brownie"},{"@type":"BreadcrumbList","@id":"https:\/\/www.swizzle.se\/produkt\/brownie-blueberry-haze-cannabis-bakehouse\/#breadcrumb","itemListElement":[{"@type":"ListItem","position":1,"name":"Home","item":"https:\/\/www.swizzle.se\/"},{"@type":"ListItem","position":2,"name":"Shop","item":"https:\/\/www.swizzle.se\/shop\/"},{"@type":"ListItem","position":3,"name":"EDIBLES","item":"https:\/\/www.swizzle.se\/produkt-kategori\/edibles\/"},{"@type":"ListItem","position":4,"name":"Brownie &#8211; Blueberry Haze &#8211; Cannabis Bakehouse"}]},{"@type":"WebSite","@id":"https:\/\/staging.swizzle.se\/#website","url":"https:\/\/staging.swizzle.se\/","name":"Swizzle","description":"Nicotine CBD Vapes Snus White Portion","publisher":{"@id":"https:\/\/staging.swizzle.se\/#organization"},"potentialAction":[{"@type":"SearchAction","target":{"@type":"EntryPoint","urlTemplate":"https:\/\/staging.swizzle.se\/?s={search_term_string}"},"query-input":{"@type":"PropertyValueSpecification","valueRequired":true,"valueName":"search_term_string"}}],"inLanguage":"en-GB"},{"@type":"Organization","@id":"https:\/\/staging.swizzle.se\/#organization","name":"Swizzle","url":"https:\/\/staging.swizzle.se\/","logo":{"@type":"ImageObject","inLanguage":"en-GB","@id":"https:\/\/staging.swizzle.se\/#\/schema\/logo\/image\/","url":"https:\/\/staging.swizzle.se\/wp-content\/uploads\/2025\/10\/cropped-SWIZZLE.-4.png","contentUrl":"https:\/\/staging.swizzle.se\/wp-content\/uploads\/2025\/10\/cropped-SWIZZLE.-4.png","width":800,"height":267,"caption":"Swizzle"},"image":{"@id":"https:\/\/staging.swizzle.se\/#\/schema\/logo\/image\/"},"hasMerchantReturnPolicy":{"@type":"MerchantReturnPolicy","merchantReturnLink":"https:\/\/staging.swizzle.se\/en\/villkor\/"}}]},"product_price_amount":"79.00","product_price_currency":"SEK","og_availability":"out of stock","product_availability":"out of stock","product_retailer_item_id":"CBbrownieBH","product_condition":"new"},"tiered_pricing_type":"fixed","tiered_pricing_fixed_rules":[],"tiered_pricing_product_settings":{"layout":"default","base_unit_name":{"singular":null,"plural":null},"default_variation":null},"tiered_pricing_minimum_quantity":null,"tiered_pricing_roles_data":[],"tiered_pricing_percentage_rules":[],"tiered_pricing_maximum_quantity":null,"tiered_pricing_quantity_step":null,"_links":{"self":[{"href":"https:\/\/staging.swizzle.se\/en\/wp-json\/wp\/v2\/product\/272761","targetHints":{"allow":["GET"]}}],"collection":[{"href":"https:\/\/staging.swizzle.se\/en\/wp-json\/wp\/v2\/product"}],"about":[{"href":"https:\/\/staging.swizzle.se\/en\/wp-json\/wp\/v2\/types\/product"}],"replies":[{"embeddable":true,"href":"https:\/\/staging.swizzle.se\/en\/wp-json\/wp\/v2\/comments?post=272761"}],"version-history":[{"count":0,"href":"https:\/\/staging.swizzle.se\/en\/wp-json\/wp\/v2\/product\/272761\/revisions"}],"wp:featuredmedia":[{"embeddable":true,"href":"https:\/\/staging.swizzle.se\/en\/wp-json\/wp\/v2\/media\/272762"}],"wp:attachment":[{"href":"https:\/\/staging.swizzle.se\/en\/wp-json\/wp\/v2\/media?parent=272761"}],"wp:term":[{"taxonomy":"product_brand","embeddable":true,"href":"https:\/\/staging.swizzle.se\/en\/wp-json\/wp\/v2\/product_brand?post=272761"},{"taxonomy":"product_cat","embeddable":true,"href":"https:\/\/staging.swizzle.se\/en\/wp-json\/wp\/v2\/product_cat?post=272761"},{"taxonomy":"product_tag","embeddable":true,"href":"https:\/\/staging.swizzle.se\/en\/wp-json\/wp\/v2\/product_tag?post=272761"},{"taxonomy":"superdeal","embeddable":true,"href":"https:\/\/staging.swizzle.se\/en\/wp-json\/wp\/v2\/superdeal?post=272761"},{"taxonomy":"product_variant_id","embeddable":true,"href":"https:\/\/staging.swizzle.se\/en\/wp-json\/wp\/v2\/product_variant_id?post=272761"}],"curies":[{"name":"wp","href":"https:\/\/api.w.org\/{rel}","templated":true}]}}