{"id":272747,"date":"2025-08-05T08:54:10","date_gmt":"2025-08-05T08:54:10","guid":{"rendered":"https:\/\/staging.swizzle.se\/?post_type=product&#038;p=272747"},"modified":"2026-02-05T16:02:42","modified_gmt":"2026-02-05T16:02:42","slug":"happy-caps-sex-e","status":"publish","type":"product","link":"https:\/\/staging.swizzle.se\/en\/product-2\/happy-caps-sex-e\/","title":{"rendered":"Happy Caps &#8211; SEX-E 4 kapslar"},"content":{"rendered":"<h2>Happy Caps &#8211; Sex-E: Namnet S\u00e4ger Allt<\/h2>\n<p>Sex-E-kapslarna inneh\u00e5ller en balanserad blandning av \u00f6rter, vitaminer och mineraler som \u00e4r utformad f\u00f6r att st\u00f6dja energiniv\u00e5er och v\u00e4lbefinnande. Den naturliga formulan hj\u00e4lper dig att k\u00e4nna dig pigg, fokuserad och avslappnad vid r\u00e4tt tillf\u00e4lle. Perfekt att ta inf\u00f6r en speciell kv\u00e4ll eller n\u00e4r du helt enkelt vill k\u00e4nna dig lite mer i balans.<\/p>\n<p><strong>4 kapslar per f\u00f6rpackning<\/strong><\/p>\n<p>Rekommenderad dos: Ta 1\u20132 kapslar med ett glas vatten cirka 45 minuter innan \u00f6nskad effekt.<\/p>\n<h3>Ingredienser<\/h3>\n<p>Inneh\u00e5ll per kapsel (1 portion):<\/p>\n<ul>\n<li>L-arginin \u2013 125 mg<\/li>\n<li>Vitamin- och mineralmix:\n<ul>\n<li>Magnesium \u2013 66,5 mg<\/li>\n<li>Kalcium \u2013 39,9 mg<\/li>\n<li>Zink \u2013 3,3 mg<\/li>\n<li>J\u00e4rn \u2013 1,4 mg<\/li>\n<li>Vitamin B6 \u2013 0,47 mg<\/li>\n<li>Folsyra \u2013 49,9 \u00b5g<\/li>\n<li>Biotin (Vitamin H) \u2013 9,3 \u00b5g<\/li>\n<li>Vitamin D2 \u2013 1 \u00b5g<\/li>\n<li>Vitamin B12 \u2013 0,64 \u00b5g<\/li>\n<\/ul>\n<\/li>\n<li>Turnera Diffusa \u2013 100 mg<\/li>\n<li>Tribulus Terrestris \u2013 100 mg<\/li>\n<li>Withania Somnifera \u2013 100 mg<\/li>\n<li>Vegankapsel av hydroxypropylmetylcellulosa (hypromellos, j\u00e4rnoxid gul, titandioxid)<\/li>\n<\/ul>\n<p>Se \u00e4ven:\u00a0<a href=\"https:\/\/staging.swizzle.se\/en\/product-2\/lions-mane-happy-caps-30-pcs\/\">Happy Caps Lion&#8217;s Mane<\/a><\/p>\n<p>Obs!<br \/>\nDu m\u00e5ste vara minst 18 \u00e5r f\u00f6r att k\u00f6pa denna produkt. Den \u00e4r inte avsedd som l\u00e4kemedel, kosttillskott eller naturprodukt. Vi uppmuntrar inte till konsumtion eller r\u00f6kning av produkten. F\u00f6rvara den utom r\u00e4ckh\u00e5ll f\u00f6r barn.Vi friskriver oss fr\u00e5n hur du som kund anv\u00e4nder v\u00e5ra produkter. Vi s\u00e4ljer dem f\u00f6r samlings- och prydnadssyften.<\/p>","protected":false},"excerpt":{"rendered":"<h2>Happy Caps &#8211; Sex-E<\/h2>\n<p>Sex-E-kapslarna inneh\u00e5ller en balanserad blandning av \u00f6rter, vitaminer och mineraler som \u00e4r utformad f\u00f6r att st\u00f6dja energiniv\u00e5er och v\u00e4lbefinnande. Den naturliga formulan hj\u00e4lper dig att k\u00e4nna dig pigg, fokuserad och avslappnad vid r\u00e4tt tillf\u00e4lle. Perfekt att ta inf\u00f6r en speciell kv\u00e4ll eller n\u00e4r du helt enkelt vill k\u00e4nna dig lite mer i balans.<\/p>\n<p><strong>4 kapslar per f\u00f6rpackning<\/strong><\/p>","protected":false},"featured_media":272748,"comment_status":"open","ping_status":"closed","template":"","meta":{"site-sidebar-layout":"default","site-content-layout":"","ast-site-content-layout":"default","site-content-style":"default","site-sidebar-style":"default","ast-global-header-display":"","ast-banner-title-visibility":"","ast-main-header-display":"","ast-hfb-above-header-display":"","ast-hfb-below-header-display":"","ast-hfb-mobile-header-display":"","site-post-title":"","ast-breadcrumbs-content":"","ast-featured-img":"","footer-sml-layout":"","ast-disable-related-posts":"","theme-transparent-header-meta":"default","adv-header-id-meta":"","stick-header-meta":"","header-above-stick-meta":"","header-main-stick-meta":"","header-below-stick-meta":"","astra-migrate-meta-layouts":"set","ast-page-background-enabled":"default","ast-page-background-meta":{"desktop":{"background-color":"var(--ast-global-color-4)","background-image":"","background-repeat":"repeat","background-position":"center center","background-size":"auto","background-attachment":"scroll","background-type":"","background-media":"","overlay-type":"","overlay-color":"","overlay-opacity":"","overlay-gradient":""},"tablet":{"background-color":"","background-image":"","background-repeat":"repeat","background-position":"center center","background-size":"auto","background-attachment":"scroll","background-type":"","background-media":"","overlay-type":"","overlay-color":"","overlay-opacity":"","overlay-gradient":""},"mobile":{"background-color":"","background-image":"","background-repeat":"repeat","background-position":"center center","background-size":"auto","background-attachment":"scroll","background-type":"","background-media":"","overlay-type":"","overlay-color":"","overlay-opacity":"","overlay-gradient":""}},"ast-content-background-meta":{"desktop":{"background-color":"var(--ast-global-color-5)","background-image":"","background-repeat":"repeat","background-position":"center center","background-size":"auto","background-attachment":"scroll","background-type":"","background-media":"","overlay-type":"","overlay-color":"","overlay-opacity":"","overlay-gradient":""},"tablet":{"background-color":"var(--ast-global-color-5)","background-image":"","background-repeat":"repeat","background-position":"center center","background-size":"auto","background-attachment":"scroll","background-type":"","background-media":"","overlay-type":"","overlay-color":"","overlay-opacity":"","overlay-gradient":""},"mobile":{"background-color":"var(--ast-global-color-5)","background-image":"","background-repeat":"repeat","background-position":"center center","background-size":"auto","background-attachment":"scroll","background-type":"","background-media":"","overlay-type":"","overlay-color":"","overlay-opacity":"","overlay-gradient":""}}},"product_brand":[745],"product_cat":[354,642,454,377],"product_tag":[],"superdeal":[],"product_variant_id":[],"class_list":{"0":"post-272747","1":"product","2":"type-product","3":"status-publish","4":"has-post-thumbnail","6":"product_brand-happy-caps","7":"product_cat-edibles","8":"product_cat-kapslar","9":"product_cat-micro-dosing","10":"product_cat-shroomz","11":"desktop-align-center","12":"tablet-align-left","13":"mobile-align-left","14":"ast-product-gallery-layout-horizontal-slider","15":"ast-product-gallery-with-no-image","16":"ast-magnify-disabled","17":"ast-product-tabs-layout-horizontal","19":"first","20":"instock","21":"taxable","22":"shipping-taxable","23":"purchasable","24":"product-type-simple"},"yoast_head":"<!-- This site is optimized with the Yoast SEO Premium plugin v26.9 (Yoast SEO v26.9) - https:\/\/yoast.com\/product\/yoast-seo-premium-wordpress\/ -->\n<title>Happy Caps - SEX-E<\/title>\n<meta name=\"description\" content=\"Happy Caps - SEX-E. Sex-E-kapslarna inneh\u00e5ller en blandning av \u00f6rter, vitaminer och mineraler, utformad f\u00f6r att st\u00f6dja energiniv\u00e5er\/v\u00e4lbefinnande.\" \/>\n<meta name=\"robots\" content=\"noindex, follow, max-snippet:-1, max-image-preview:large, max-video-preview:-1\" \/>\n<meta property=\"og:locale\" content=\"en_GB\" \/>\n<meta property=\"og:type\" content=\"article\" \/>\n<meta property=\"og:title\" content=\"Happy Caps - SEX-E 4 kapslar\" \/>\n<meta property=\"og:description\" content=\"Happy Caps - SEX-E. Sex-E-kapslarna inneh\u00e5ller en blandning av \u00f6rter, vitaminer och mineraler, utformad f\u00f6r att st\u00f6dja energiniv\u00e5er\/v\u00e4lbefinnande.\" \/>\n<meta property=\"og:url\" content=\"https:\/\/www.swizzle.se\/produkt\/happy-caps-sex-e\/\" \/>\n<meta property=\"og:site_name\" content=\"Swizzle\" \/>\n<meta property=\"article:modified_time\" content=\"2026-02-05T16:02:42+00:00\" \/>\n<meta property=\"og:image\" content=\"https:\/\/www.swizzle.se\/wp-content\/uploads\/2025\/08\/Happy-Caps-Sex-E-kapszula_e69bc30a.webp\" \/>\n\t<meta property=\"og:image:width\" content=\"800\" \/>\n\t<meta property=\"og:image:height\" content=\"800\" \/>\n\t<meta property=\"og:image:type\" content=\"image\/webp\" \/>\n<meta name=\"twitter:card\" content=\"summary_large_image\" \/>\n<meta name=\"twitter:label1\" content=\"Price\" \/>\n\t<meta name=\"twitter:data1\" content=\"195.00&nbsp;&#107;&#114;\" \/>\n\t<meta name=\"twitter:label2\" content=\"Availability\" \/>\n\t<meta name=\"twitter:data2\" content=\"In stock\" \/>\n<script type=\"application\/ld+json\" class=\"yoast-schema-graph\">{\"@context\":\"https:\/\/schema.org\",\"@graph\":[{\"@type\":\"WebPage\",\"@id\":\"https:\/\/www.swizzle.se\/produkt\/happy-caps-sex-e\/\",\"url\":\"https:\/\/www.swizzle.se\/produkt\/happy-caps-sex-e\/\",\"name\":\"Happy Caps - SEX-E\",\"isPartOf\":{\"@id\":\"https:\/\/staging.swizzle.se\/#website\"},\"primaryImageOfPage\":{\"@id\":\"https:\/\/www.swizzle.se\/produkt\/happy-caps-sex-e\/#primaryimage\"},\"image\":{\"@id\":\"https:\/\/www.swizzle.se\/produkt\/happy-caps-sex-e\/#primaryimage\"},\"thumbnailUrl\":\"https:\/\/staging.swizzle.se\/wp-content\/uploads\/2025\/08\/Happy-Caps-Sex-E-kapszula_e69bc30a.webp\",\"datePublished\":\"2025-08-05T08:54:10+00:00\",\"dateModified\":\"2026-02-05T16:02:42+00:00\",\"description\":\"Happy Caps - SEX-E. Sex-E-kapslarna inneh\u00e5ller en blandning av \u00f6rter, vitaminer och mineraler, utformad f\u00f6r att st\u00f6dja energiniv\u00e5er\/v\u00e4lbefinnande.\",\"breadcrumb\":{\"@id\":\"https:\/\/www.swizzle.se\/produkt\/happy-caps-sex-e\/#breadcrumb\"},\"inLanguage\":\"en-GB\",\"potentialAction\":[{\"@type\":\"ReadAction\",\"target\":[\"https:\/\/www.swizzle.se\/produkt\/happy-caps-sex-e\/\"]}]},{\"@type\":\"ImageObject\",\"inLanguage\":\"en-GB\",\"@id\":\"https:\/\/www.swizzle.se\/produkt\/happy-caps-sex-e\/#primaryimage\",\"url\":\"https:\/\/staging.swizzle.se\/wp-content\/uploads\/2025\/08\/Happy-Caps-Sex-E-kapszula_e69bc30a.webp\",\"contentUrl\":\"https:\/\/staging.swizzle.se\/wp-content\/uploads\/2025\/08\/Happy-Caps-Sex-E-kapszula_e69bc30a.webp\",\"width\":800,\"height\":800,\"caption\":\"Bild happy caps\"},{\"@type\":\"BreadcrumbList\",\"@id\":\"https:\/\/www.swizzle.se\/produkt\/happy-caps-sex-e\/#breadcrumb\",\"itemListElement\":[{\"@type\":\"ListItem\",\"position\":1,\"name\":\"Home\",\"item\":\"https:\/\/www.swizzle.se\/\"},{\"@type\":\"ListItem\",\"position\":2,\"name\":\"Shop\",\"item\":\"https:\/\/www.swizzle.se\/shop\/\"},{\"@type\":\"ListItem\",\"position\":3,\"name\":\"SHROOMZ\",\"item\":\"https:\/\/www.swizzle.se\/produkt-kategori\/shroomz\/\"},{\"@type\":\"ListItem\",\"position\":4,\"name\":\"Happy Caps &#8211; SEX-E 4 kapslar\"}]},{\"@type\":\"WebSite\",\"@id\":\"https:\/\/staging.swizzle.se\/#website\",\"url\":\"https:\/\/staging.swizzle.se\/\",\"name\":\"Swizzle\",\"description\":\"Nikotin CBD Vapes Snus White Portion\",\"publisher\":{\"@id\":\"https:\/\/staging.swizzle.se\/#organization\"},\"potentialAction\":[{\"@type\":\"SearchAction\",\"target\":{\"@type\":\"EntryPoint\",\"urlTemplate\":\"https:\/\/staging.swizzle.se\/?s={search_term_string}\"},\"query-input\":{\"@type\":\"PropertyValueSpecification\",\"valueRequired\":true,\"valueName\":\"search_term_string\"}}],\"inLanguage\":\"en-GB\"},{\"@type\":\"Organization\",\"@id\":\"https:\/\/staging.swizzle.se\/#organization\",\"name\":\"Swizzle\",\"url\":\"https:\/\/staging.swizzle.se\/\",\"logo\":{\"@type\":\"ImageObject\",\"inLanguage\":\"en-GB\",\"@id\":\"https:\/\/staging.swizzle.se\/#\/schema\/logo\/image\/\",\"url\":\"https:\/\/staging.swizzle.se\/wp-content\/uploads\/2025\/10\/cropped-SWIZZLE.-4.png\",\"contentUrl\":\"https:\/\/staging.swizzle.se\/wp-content\/uploads\/2025\/10\/cropped-SWIZZLE.-4.png\",\"width\":800,\"height\":267,\"caption\":\"Swizzle\"},\"image\":{\"@id\":\"https:\/\/staging.swizzle.se\/#\/schema\/logo\/image\/\"},\"hasMerchantReturnPolicy\":{\"@type\":\"MerchantReturnPolicy\",\"merchantReturnLink\":\"https:\/\/staging.swizzle.se\/en\/villkor\/\"}}]}<\/script>\n<meta property=\"product:price:amount\" content=\"195.00\" \/>\n<meta property=\"product:price:currency\" content=\"SEK\" \/>\n<meta property=\"og:availability\" content=\"instock\" \/>\n<meta property=\"product:availability\" content=\"instock\" \/>\n<meta property=\"product:retailer_item_id\" content=\"hcsex-e\" \/>\n<meta property=\"product:condition\" content=\"new\" \/>\n<!-- \/ Yoast SEO Premium plugin. -->","yoast_head_json":{"title":"Happy Caps - SEX-E","description":"Happy Caps - SEX-E. Sex-E-kapslarna inneh\u00e5ller en blandning av \u00f6rter, vitaminer och mineraler, utformad f\u00f6r att st\u00f6dja energiniv\u00e5er\/v\u00e4lbefinnande.","robots":{"index":"noindex","follow":"follow","max-snippet":"max-snippet:-1","max-image-preview":"max-image-preview:large","max-video-preview":"max-video-preview:-1"},"og_locale":"en_GB","og_type":"article","og_title":"Happy Caps - SEX-E 4 kapslar","og_description":"Happy Caps - SEX-E. Sex-E-kapslarna inneh\u00e5ller en blandning av \u00f6rter, vitaminer och mineraler, utformad f\u00f6r att st\u00f6dja energiniv\u00e5er\/v\u00e4lbefinnande.","og_url":"https:\/\/www.swizzle.se\/produkt\/happy-caps-sex-e\/","og_site_name":"Swizzle","article_modified_time":"2026-02-05T16:02:42+00:00","og_image":[{"width":800,"height":800,"url":"https:\/\/www.swizzle.se\/wp-content\/uploads\/2025\/08\/Happy-Caps-Sex-E-kapszula_e69bc30a.webp","type":"image\/webp"}],"twitter_card":"summary_large_image","twitter_misc":{"Price":"195.00&nbsp;&#107;&#114;","Availability":"In stock"},"schema":{"@context":"https:\/\/schema.org","@graph":[{"@type":"WebPage","@id":"https:\/\/www.swizzle.se\/produkt\/happy-caps-sex-e\/","url":"https:\/\/www.swizzle.se\/produkt\/happy-caps-sex-e\/","name":"Happy Caps - SEX-E","isPartOf":{"@id":"https:\/\/staging.swizzle.se\/#website"},"primaryImageOfPage":{"@id":"https:\/\/www.swizzle.se\/produkt\/happy-caps-sex-e\/#primaryimage"},"image":{"@id":"https:\/\/www.swizzle.se\/produkt\/happy-caps-sex-e\/#primaryimage"},"thumbnailUrl":"https:\/\/staging.swizzle.se\/wp-content\/uploads\/2025\/08\/Happy-Caps-Sex-E-kapszula_e69bc30a.webp","datePublished":"2025-08-05T08:54:10+00:00","dateModified":"2026-02-05T16:02:42+00:00","description":"Happy Caps - SEX-E. Sex-E-kapslarna inneh\u00e5ller en blandning av \u00f6rter, vitaminer och mineraler, utformad f\u00f6r att st\u00f6dja energiniv\u00e5er\/v\u00e4lbefinnande.","breadcrumb":{"@id":"https:\/\/www.swizzle.se\/produkt\/happy-caps-sex-e\/#breadcrumb"},"inLanguage":"en-GB","potentialAction":[{"@type":"ReadAction","target":["https:\/\/www.swizzle.se\/produkt\/happy-caps-sex-e\/"]}]},{"@type":"ImageObject","inLanguage":"en-GB","@id":"https:\/\/www.swizzle.se\/produkt\/happy-caps-sex-e\/#primaryimage","url":"https:\/\/staging.swizzle.se\/wp-content\/uploads\/2025\/08\/Happy-Caps-Sex-E-kapszula_e69bc30a.webp","contentUrl":"https:\/\/staging.swizzle.se\/wp-content\/uploads\/2025\/08\/Happy-Caps-Sex-E-kapszula_e69bc30a.webp","width":800,"height":800,"caption":"Bild happy caps"},{"@type":"BreadcrumbList","@id":"https:\/\/www.swizzle.se\/produkt\/happy-caps-sex-e\/#breadcrumb","itemListElement":[{"@type":"ListItem","position":1,"name":"Home","item":"https:\/\/www.swizzle.se\/"},{"@type":"ListItem","position":2,"name":"Shop","item":"https:\/\/www.swizzle.se\/shop\/"},{"@type":"ListItem","position":3,"name":"SHROOMZ","item":"https:\/\/www.swizzle.se\/produkt-kategori\/shroomz\/"},{"@type":"ListItem","position":4,"name":"Happy Caps &#8211; SEX-E 4 kapslar"}]},{"@type":"WebSite","@id":"https:\/\/staging.swizzle.se\/#website","url":"https:\/\/staging.swizzle.se\/","name":"Swizzle","description":"Nicotine CBD Vapes Snus White Portion","publisher":{"@id":"https:\/\/staging.swizzle.se\/#organization"},"potentialAction":[{"@type":"SearchAction","target":{"@type":"EntryPoint","urlTemplate":"https:\/\/staging.swizzle.se\/?s={search_term_string}"},"query-input":{"@type":"PropertyValueSpecification","valueRequired":true,"valueName":"search_term_string"}}],"inLanguage":"en-GB"},{"@type":"Organization","@id":"https:\/\/staging.swizzle.se\/#organization","name":"Swizzle","url":"https:\/\/staging.swizzle.se\/","logo":{"@type":"ImageObject","inLanguage":"en-GB","@id":"https:\/\/staging.swizzle.se\/#\/schema\/logo\/image\/","url":"https:\/\/staging.swizzle.se\/wp-content\/uploads\/2025\/10\/cropped-SWIZZLE.-4.png","contentUrl":"https:\/\/staging.swizzle.se\/wp-content\/uploads\/2025\/10\/cropped-SWIZZLE.-4.png","width":800,"height":267,"caption":"Swizzle"},"image":{"@id":"https:\/\/staging.swizzle.se\/#\/schema\/logo\/image\/"},"hasMerchantReturnPolicy":{"@type":"MerchantReturnPolicy","merchantReturnLink":"https:\/\/staging.swizzle.se\/en\/villkor\/"}}]},"product_price_amount":"195.00","product_price_currency":"SEK","og_availability":"instock","product_availability":"instock","product_retailer_item_id":"hcsex-e","product_condition":"new"},"tiered_pricing_type":"fixed","tiered_pricing_fixed_rules":[],"tiered_pricing_product_settings":{"layout":"default","base_unit_name":{"singular":null,"plural":null},"default_variation":null},"tiered_pricing_minimum_quantity":null,"tiered_pricing_roles_data":[],"tiered_pricing_percentage_rules":[],"tiered_pricing_maximum_quantity":null,"tiered_pricing_quantity_step":null,"_links":{"self":[{"href":"https:\/\/staging.swizzle.se\/en\/wp-json\/wp\/v2\/product\/272747","targetHints":{"allow":["GET"]}}],"collection":[{"href":"https:\/\/staging.swizzle.se\/en\/wp-json\/wp\/v2\/product"}],"about":[{"href":"https:\/\/staging.swizzle.se\/en\/wp-json\/wp\/v2\/types\/product"}],"replies":[{"embeddable":true,"href":"https:\/\/staging.swizzle.se\/en\/wp-json\/wp\/v2\/comments?post=272747"}],"version-history":[{"count":0,"href":"https:\/\/staging.swizzle.se\/en\/wp-json\/wp\/v2\/product\/272747\/revisions"}],"wp:featuredmedia":[{"embeddable":true,"href":"https:\/\/staging.swizzle.se\/en\/wp-json\/wp\/v2\/media\/272748"}],"wp:attachment":[{"href":"https:\/\/staging.swizzle.se\/en\/wp-json\/wp\/v2\/media?parent=272747"}],"wp:term":[{"taxonomy":"product_brand","embeddable":true,"href":"https:\/\/staging.swizzle.se\/en\/wp-json\/wp\/v2\/product_brand?post=272747"},{"taxonomy":"product_cat","embeddable":true,"href":"https:\/\/staging.swizzle.se\/en\/wp-json\/wp\/v2\/product_cat?post=272747"},{"taxonomy":"product_tag","embeddable":true,"href":"https:\/\/staging.swizzle.se\/en\/wp-json\/wp\/v2\/product_tag?post=272747"},{"taxonomy":"superdeal","embeddable":true,"href":"https:\/\/staging.swizzle.se\/en\/wp-json\/wp\/v2\/superdeal?post=272747"},{"taxonomy":"product_variant_id","embeddable":true,"href":"https:\/\/staging.swizzle.se\/en\/wp-json\/wp\/v2\/product_variant_id?post=272747"}],"curies":[{"name":"wp","href":"https:\/\/api.w.org\/{rel}","templated":true}]}}