{"id":272653,"date":"2025-08-01T09:40:13","date_gmt":"2025-08-01T09:40:13","guid":{"rendered":"https:\/\/staging.swizzle.se\/?post_type=product&#038;p=272653"},"modified":"2026-02-04T13:53:32","modified_gmt":"2026-02-04T13:53:32","slug":"grinder-tyson-2-0","status":"publish","type":"product","link":"https:\/\/staging.swizzle.se\/en\/product-2\/grinder-tyson-2-0\/","title":{"rendered":"Grinder Tyson 2.0"},"content":{"rendered":"<p><!-- Produktbeskrivning: Hampakvarn \u2013 Mike Tyson Edition --><\/p>\n<article class=\"product-description\">\n<header>\n<h1>Grinder\u00a0\u2013 Mike Tyson Edition<\/h1>\n<p>Ge din rullningsrutin en knockout med <strong>Grinder Tyson 2.0<\/strong>\u00a0\u2013 den perfekta kvarnen f\u00f6r seri\u00f6sa r\u00f6kare som v\u00e4rnar om b\u00e5de <strong>kvalitet och milj\u00f6<\/strong>.<\/p>\n<p>Tillverkad i <strong>biologiskt nedbrytbar hampaplast <\/strong>kombinerar den robust funktion med h\u00e5llbar design.<\/p>\n<\/header>\n<section id=\"funktioner\">\n<h2>Varf\u00f6r v\u00e4lja Mike Tyson-kvarnen?<\/h2>\n<ul>\n<li><strong>Milj\u00f6v\u00e4nlig:<\/strong> Tillverkad av nedbrytbar hampaplast \u2013 sn\u00e4ll mot planeten.<\/li>\n<li><strong>Sylvassa t\u00e4nder:<\/strong> Maler enkelt igenom \u00e4ven t\u00e4ta och kraftiga knoppar.<\/li>\n<li><strong>Rymlig kapacitet:<\/strong> Klarar XL-blommor utan problem.<\/li>\n<li><strong>Portabel storlek:<\/strong> F\u00e5r enkelt plats i fickan eller v\u00e4skan \u2013 perfekt p\u00e5 spr\u00e5ng.<\/li>\n<\/ul>\n<\/section>\n<section id=\"beskrivning\">\n<h2>Smidig, kraftfull och h\u00e5llbar<\/h2>\n<p>Oavsett om du \u00e4r hemma eller p\u00e5 resande fot, levererar denna hampakvarn en j\u00e4mn och effektiv malning varje g\u00e5ng.<br \/>\nMed bara n\u00e5gra f\u00e5 vrid f\u00e5r du den perfekta konsistensen \u2013 redo f\u00f6r rullning eller packning.<\/p>\n<\/section>\n<footer><em>Mike Tyson Hampakvarn \u2013 f\u00f6r dig som vill kombinera styrka, stil och h\u00e5llbarhet i varje r\u00f6kstund.<\/em>Se \u00e4ven:\u00a0<a href=\"https:\/\/staging.swizzle.se\/en\/product-2\/narcos-grinder\/\">Narcos Grinder<\/a> &amp;\u00a0<a href=\"https:\/\/staging.swizzle.se\/en\/product-2\/euphoria-grinder-metall\/\">Grinder Euphoria<\/a><\/p>\n<\/footer>\n<\/article>","protected":false},"excerpt":{"rendered":"<p><strong>Grinder Tyson 2.0<\/strong><\/p>\n<p>Ge din rullningsrutin en knockout med <strong>Grinder Tyson 2.0<\/strong>\u00a0\u2013 den perfekta kvarnen f\u00f6r seri\u00f6sa r\u00f6kare som v\u00e4rnar om b\u00e5de <strong>kvalitet och milj\u00f6<\/strong>. Tillverkad i <strong>biologiskt nedbrytbar hampaplast <\/strong>kombinerar den robust funktion med h\u00e5llbar design.<\/p>","protected":false},"featured_media":272654,"comment_status":"open","ping_status":"closed","template":"","meta":{"site-sidebar-layout":"default","site-content-layout":"","ast-site-content-layout":"default","site-content-style":"default","site-sidebar-style":"default","ast-global-header-display":"","ast-banner-title-visibility":"","ast-main-header-display":"","ast-hfb-above-header-display":"","ast-hfb-below-header-display":"","ast-hfb-mobile-header-display":"","site-post-title":"","ast-breadcrumbs-content":"","ast-featured-img":"","footer-sml-layout":"","ast-disable-related-posts":"","theme-transparent-header-meta":"default","adv-header-id-meta":"","stick-header-meta":"","header-above-stick-meta":"","header-main-stick-meta":"","header-below-stick-meta":"","astra-migrate-meta-layouts":"set","ast-page-background-enabled":"default","ast-page-background-meta":{"desktop":{"background-color":"var(--ast-global-color-4)","background-image":"","background-repeat":"repeat","background-position":"center center","background-size":"auto","background-attachment":"scroll","background-type":"","background-media":"","overlay-type":"","overlay-color":"","overlay-opacity":"","overlay-gradient":""},"tablet":{"background-color":"","background-image":"","background-repeat":"repeat","background-position":"center center","background-size":"auto","background-attachment":"scroll","background-type":"","background-media":"","overlay-type":"","overlay-color":"","overlay-opacity":"","overlay-gradient":""},"mobile":{"background-color":"","background-image":"","background-repeat":"repeat","background-position":"center center","background-size":"auto","background-attachment":"scroll","background-type":"","background-media":"","overlay-type":"","overlay-color":"","overlay-opacity":"","overlay-gradient":""}},"ast-content-background-meta":{"desktop":{"background-color":"var(--ast-global-color-5)","background-image":"","background-repeat":"repeat","background-position":"center center","background-size":"auto","background-attachment":"scroll","background-type":"","background-media":"","overlay-type":"","overlay-color":"","overlay-opacity":"","overlay-gradient":""},"tablet":{"background-color":"var(--ast-global-color-5)","background-image":"","background-repeat":"repeat","background-position":"center center","background-size":"auto","background-attachment":"scroll","background-type":"","background-media":"","overlay-type":"","overlay-color":"","overlay-opacity":"","overlay-gradient":""},"mobile":{"background-color":"var(--ast-global-color-5)","background-image":"","background-repeat":"repeat","background-position":"center center","background-size":"auto","background-attachment":"scroll","background-type":"","background-media":"","overlay-type":"","overlay-color":"","overlay-opacity":"","overlay-gradient":""}}},"product_brand":[768],"product_cat":[319,284],"product_tag":[],"superdeal":[],"product_variant_id":[],"class_list":{"0":"post-272653","1":"product","2":"type-product","3":"status-publish","4":"has-post-thumbnail","6":"product_brand-tyson","7":"product_cat-grinders-roktillbehor","8":"product_cat-roktillbehor","9":"desktop-align-center","10":"tablet-align-left","11":"mobile-align-left","12":"ast-product-gallery-layout-horizontal-slider","13":"ast-product-gallery-with-no-image","14":"ast-magnify-disabled","15":"ast-product-tabs-layout-horizontal","17":"first","18":"instock","19":"taxable","20":"shipping-taxable","21":"purchasable","22":"product-type-simple"},"yoast_head":"<!-- This site is optimized with the Yoast SEO Premium plugin v26.9 (Yoast SEO v26.9) - https:\/\/yoast.com\/product\/yoast-seo-premium-wordpress\/ -->\n<title>Grinder Tyson 2.0<\/title>\n<meta name=\"description\" content=\"Grinder Tyson 2.0. Ge din rullningsrutin en knockout med Mike Tyson Grinder\u00a0\u2013 den perfekta kvarnen f\u00f6r seri\u00f6sa r\u00f6kare som v\u00e4rnar om b\u00e5de kvalitet och milj\u00f6.\" \/>\n<meta name=\"robots\" content=\"noindex, follow, max-snippet:-1, max-image-preview:large, max-video-preview:-1\" \/>\n<meta property=\"og:locale\" content=\"en_GB\" \/>\n<meta property=\"og:type\" content=\"article\" \/>\n<meta property=\"og:title\" content=\"Grinder Tyson 2.0\" \/>\n<meta property=\"og:description\" content=\"Grinder Tyson 2.0. Ge din rullningsrutin en knockout med Mike Tyson Grinder\u00a0\u2013 den perfekta kvarnen f\u00f6r seri\u00f6sa r\u00f6kare som v\u00e4rnar om b\u00e5de kvalitet och milj\u00f6.\" \/>\n<meta property=\"og:url\" content=\"https:\/\/www.swizzle.se\/produkt\/grinder-tyson-2-0\/\" \/>\n<meta property=\"og:site_name\" content=\"Swizzle\" \/>\n<meta property=\"article:modified_time\" content=\"2026-02-04T13:53:32+00:00\" \/>\n<meta property=\"og:image\" content=\"https:\/\/www.swizzle.se\/wp-content\/uploads\/2025\/08\/tyson-20-bio-grinder.webp\" \/>\n\t<meta property=\"og:image:width\" content=\"1000\" \/>\n\t<meta property=\"og:image:height\" content=\"1000\" \/>\n\t<meta property=\"og:image:type\" content=\"image\/webp\" \/>\n<meta name=\"twitter:card\" content=\"summary_large_image\" \/>\n<meta name=\"twitter:label1\" content=\"Price\" \/>\n\t<meta name=\"twitter:data1\" content=\"110.00&nbsp;&#107;&#114;\" \/>\n\t<meta name=\"twitter:label2\" content=\"Availability\" \/>\n\t<meta name=\"twitter:data2\" content=\"In stock\" \/>\n<script type=\"application\/ld+json\" class=\"yoast-schema-graph\">{\"@context\":\"https:\/\/schema.org\",\"@graph\":[{\"@type\":\"WebPage\",\"@id\":\"https:\/\/www.swizzle.se\/produkt\/grinder-tyson-2-0\/\",\"url\":\"https:\/\/www.swizzle.se\/produkt\/grinder-tyson-2-0\/\",\"name\":\"Grinder Tyson 2.0\",\"isPartOf\":{\"@id\":\"https:\/\/staging.swizzle.se\/#website\"},\"primaryImageOfPage\":{\"@id\":\"https:\/\/www.swizzle.se\/produkt\/grinder-tyson-2-0\/#primaryimage\"},\"image\":{\"@id\":\"https:\/\/www.swizzle.se\/produkt\/grinder-tyson-2-0\/#primaryimage\"},\"thumbnailUrl\":\"https:\/\/staging.swizzle.se\/wp-content\/uploads\/2025\/08\/tyson-20-bio-grinder.webp\",\"datePublished\":\"2025-08-01T09:40:13+00:00\",\"dateModified\":\"2026-02-04T13:53:32+00:00\",\"description\":\"Grinder Tyson 2.0. Ge din rullningsrutin en knockout med Mike Tyson Grinder\u00a0\u2013 den perfekta kvarnen f\u00f6r seri\u00f6sa r\u00f6kare som v\u00e4rnar om b\u00e5de kvalitet och milj\u00f6.\",\"breadcrumb\":{\"@id\":\"https:\/\/www.swizzle.se\/produkt\/grinder-tyson-2-0\/#breadcrumb\"},\"inLanguage\":\"en-GB\",\"potentialAction\":[{\"@type\":\"ReadAction\",\"target\":[\"https:\/\/www.swizzle.se\/produkt\/grinder-tyson-2-0\/\"]}]},{\"@type\":\"ImageObject\",\"inLanguage\":\"en-GB\",\"@id\":\"https:\/\/www.swizzle.se\/produkt\/grinder-tyson-2-0\/#primaryimage\",\"url\":\"https:\/\/staging.swizzle.se\/wp-content\/uploads\/2025\/08\/tyson-20-bio-grinder.webp\",\"contentUrl\":\"https:\/\/staging.swizzle.se\/wp-content\/uploads\/2025\/08\/tyson-20-bio-grinder.webp\",\"width\":1000,\"height\":1000,\"caption\":\"Bild tyson grinder\"},{\"@type\":\"BreadcrumbList\",\"@id\":\"https:\/\/www.swizzle.se\/produkt\/grinder-tyson-2-0\/#breadcrumb\",\"itemListElement\":[{\"@type\":\"ListItem\",\"position\":1,\"name\":\"Home\",\"item\":\"https:\/\/www.swizzle.se\/\"},{\"@type\":\"ListItem\",\"position\":2,\"name\":\"Shop\",\"item\":\"https:\/\/www.swizzle.se\/shop\/\"},{\"@type\":\"ListItem\",\"position\":3,\"name\":\"R\u00d6KTILLBEH\u00d6R\",\"item\":\"https:\/\/www.swizzle.se\/produkt-kategori\/roktillbehor\/\"},{\"@type\":\"ListItem\",\"position\":4,\"name\":\"Grinder Tyson 2.0\"}]},{\"@type\":\"WebSite\",\"@id\":\"https:\/\/staging.swizzle.se\/#website\",\"url\":\"https:\/\/staging.swizzle.se\/\",\"name\":\"Swizzle\",\"description\":\"Nikotin CBD Vapes Snus White Portion\",\"publisher\":{\"@id\":\"https:\/\/staging.swizzle.se\/#organization\"},\"potentialAction\":[{\"@type\":\"SearchAction\",\"target\":{\"@type\":\"EntryPoint\",\"urlTemplate\":\"https:\/\/staging.swizzle.se\/?s={search_term_string}\"},\"query-input\":{\"@type\":\"PropertyValueSpecification\",\"valueRequired\":true,\"valueName\":\"search_term_string\"}}],\"inLanguage\":\"en-GB\"},{\"@type\":\"Organization\",\"@id\":\"https:\/\/staging.swizzle.se\/#organization\",\"name\":\"Swizzle\",\"url\":\"https:\/\/staging.swizzle.se\/\",\"logo\":{\"@type\":\"ImageObject\",\"inLanguage\":\"en-GB\",\"@id\":\"https:\/\/staging.swizzle.se\/#\/schema\/logo\/image\/\",\"url\":\"https:\/\/staging.swizzle.se\/wp-content\/uploads\/2025\/10\/cropped-SWIZZLE.-4.png\",\"contentUrl\":\"https:\/\/staging.swizzle.se\/wp-content\/uploads\/2025\/10\/cropped-SWIZZLE.-4.png\",\"width\":800,\"height\":267,\"caption\":\"Swizzle\"},\"image\":{\"@id\":\"https:\/\/staging.swizzle.se\/#\/schema\/logo\/image\/\"},\"hasMerchantReturnPolicy\":{\"@type\":\"MerchantReturnPolicy\",\"merchantReturnLink\":\"https:\/\/staging.swizzle.se\/en\/villkor\/\"}}]}<\/script>\n<meta property=\"product:price:amount\" content=\"110.00\" \/>\n<meta property=\"product:price:currency\" content=\"SEK\" \/>\n<meta property=\"og:availability\" content=\"instock\" \/>\n<meta property=\"product:availability\" content=\"instock\" \/>\n<meta property=\"product:retailer_item_id\" content=\"Tyson2.0\" \/>\n<meta property=\"product:condition\" content=\"new\" \/>\n<!-- \/ Yoast SEO Premium plugin. -->","yoast_head_json":{"title":"Grinder Tyson 2.0","description":"Grinder Tyson 2.0. Ge din rullningsrutin en knockout med Mike Tyson Grinder\u00a0\u2013 den perfekta kvarnen f\u00f6r seri\u00f6sa r\u00f6kare som v\u00e4rnar om b\u00e5de kvalitet och milj\u00f6.","robots":{"index":"noindex","follow":"follow","max-snippet":"max-snippet:-1","max-image-preview":"max-image-preview:large","max-video-preview":"max-video-preview:-1"},"og_locale":"en_GB","og_type":"article","og_title":"Grinder Tyson 2.0","og_description":"Grinder Tyson 2.0. Ge din rullningsrutin en knockout med Mike Tyson Grinder\u00a0\u2013 den perfekta kvarnen f\u00f6r seri\u00f6sa r\u00f6kare som v\u00e4rnar om b\u00e5de kvalitet och milj\u00f6.","og_url":"https:\/\/www.swizzle.se\/produkt\/grinder-tyson-2-0\/","og_site_name":"Swizzle","article_modified_time":"2026-02-04T13:53:32+00:00","og_image":[{"width":1000,"height":1000,"url":"https:\/\/www.swizzle.se\/wp-content\/uploads\/2025\/08\/tyson-20-bio-grinder.webp","type":"image\/webp"}],"twitter_card":"summary_large_image","twitter_misc":{"Price":"110.00&nbsp;&#107;&#114;","Availability":"In stock"},"schema":{"@context":"https:\/\/schema.org","@graph":[{"@type":"WebPage","@id":"https:\/\/www.swizzle.se\/produkt\/grinder-tyson-2-0\/","url":"https:\/\/www.swizzle.se\/produkt\/grinder-tyson-2-0\/","name":"Grinder Tyson 2.0","isPartOf":{"@id":"https:\/\/staging.swizzle.se\/#website"},"primaryImageOfPage":{"@id":"https:\/\/www.swizzle.se\/produkt\/grinder-tyson-2-0\/#primaryimage"},"image":{"@id":"https:\/\/www.swizzle.se\/produkt\/grinder-tyson-2-0\/#primaryimage"},"thumbnailUrl":"https:\/\/staging.swizzle.se\/wp-content\/uploads\/2025\/08\/tyson-20-bio-grinder.webp","datePublished":"2025-08-01T09:40:13+00:00","dateModified":"2026-02-04T13:53:32+00:00","description":"Grinder Tyson 2.0. Ge din rullningsrutin en knockout med Mike Tyson Grinder\u00a0\u2013 den perfekta kvarnen f\u00f6r seri\u00f6sa r\u00f6kare som v\u00e4rnar om b\u00e5de kvalitet och milj\u00f6.","breadcrumb":{"@id":"https:\/\/www.swizzle.se\/produkt\/grinder-tyson-2-0\/#breadcrumb"},"inLanguage":"en-GB","potentialAction":[{"@type":"ReadAction","target":["https:\/\/www.swizzle.se\/produkt\/grinder-tyson-2-0\/"]}]},{"@type":"ImageObject","inLanguage":"en-GB","@id":"https:\/\/www.swizzle.se\/produkt\/grinder-tyson-2-0\/#primaryimage","url":"https:\/\/staging.swizzle.se\/wp-content\/uploads\/2025\/08\/tyson-20-bio-grinder.webp","contentUrl":"https:\/\/staging.swizzle.se\/wp-content\/uploads\/2025\/08\/tyson-20-bio-grinder.webp","width":1000,"height":1000,"caption":"Bild tyson grinder"},{"@type":"BreadcrumbList","@id":"https:\/\/www.swizzle.se\/produkt\/grinder-tyson-2-0\/#breadcrumb","itemListElement":[{"@type":"ListItem","position":1,"name":"Home","item":"https:\/\/www.swizzle.se\/"},{"@type":"ListItem","position":2,"name":"Shop","item":"https:\/\/www.swizzle.se\/shop\/"},{"@type":"ListItem","position":3,"name":"R\u00d6KTILLBEH\u00d6R","item":"https:\/\/www.swizzle.se\/produkt-kategori\/roktillbehor\/"},{"@type":"ListItem","position":4,"name":"Grinder Tyson 2.0"}]},{"@type":"WebSite","@id":"https:\/\/staging.swizzle.se\/#website","url":"https:\/\/staging.swizzle.se\/","name":"Swizzle","description":"Nicotine CBD Vapes Snus White Portion","publisher":{"@id":"https:\/\/staging.swizzle.se\/#organization"},"potentialAction":[{"@type":"SearchAction","target":{"@type":"EntryPoint","urlTemplate":"https:\/\/staging.swizzle.se\/?s={search_term_string}"},"query-input":{"@type":"PropertyValueSpecification","valueRequired":true,"valueName":"search_term_string"}}],"inLanguage":"en-GB"},{"@type":"Organization","@id":"https:\/\/staging.swizzle.se\/#organization","name":"Swizzle","url":"https:\/\/staging.swizzle.se\/","logo":{"@type":"ImageObject","inLanguage":"en-GB","@id":"https:\/\/staging.swizzle.se\/#\/schema\/logo\/image\/","url":"https:\/\/staging.swizzle.se\/wp-content\/uploads\/2025\/10\/cropped-SWIZZLE.-4.png","contentUrl":"https:\/\/staging.swizzle.se\/wp-content\/uploads\/2025\/10\/cropped-SWIZZLE.-4.png","width":800,"height":267,"caption":"Swizzle"},"image":{"@id":"https:\/\/staging.swizzle.se\/#\/schema\/logo\/image\/"},"hasMerchantReturnPolicy":{"@type":"MerchantReturnPolicy","merchantReturnLink":"https:\/\/staging.swizzle.se\/en\/villkor\/"}}]},"product_price_amount":"110.00","product_price_currency":"SEK","og_availability":"instock","product_availability":"instock","product_retailer_item_id":"Tyson2.0","product_condition":"new"},"tiered_pricing_type":"fixed","tiered_pricing_fixed_rules":[],"tiered_pricing_product_settings":{"layout":"default","base_unit_name":{"singular":null,"plural":null},"default_variation":null},"tiered_pricing_minimum_quantity":null,"tiered_pricing_roles_data":[],"tiered_pricing_percentage_rules":[],"tiered_pricing_maximum_quantity":null,"tiered_pricing_quantity_step":null,"_links":{"self":[{"href":"https:\/\/staging.swizzle.se\/en\/wp-json\/wp\/v2\/product\/272653","targetHints":{"allow":["GET"]}}],"collection":[{"href":"https:\/\/staging.swizzle.se\/en\/wp-json\/wp\/v2\/product"}],"about":[{"href":"https:\/\/staging.swizzle.se\/en\/wp-json\/wp\/v2\/types\/product"}],"replies":[{"embeddable":true,"href":"https:\/\/staging.swizzle.se\/en\/wp-json\/wp\/v2\/comments?post=272653"}],"version-history":[{"count":0,"href":"https:\/\/staging.swizzle.se\/en\/wp-json\/wp\/v2\/product\/272653\/revisions"}],"wp:featuredmedia":[{"embeddable":true,"href":"https:\/\/staging.swizzle.se\/en\/wp-json\/wp\/v2\/media\/272654"}],"wp:attachment":[{"href":"https:\/\/staging.swizzle.se\/en\/wp-json\/wp\/v2\/media?parent=272653"}],"wp:term":[{"taxonomy":"product_brand","embeddable":true,"href":"https:\/\/staging.swizzle.se\/en\/wp-json\/wp\/v2\/product_brand?post=272653"},{"taxonomy":"product_cat","embeddable":true,"href":"https:\/\/staging.swizzle.se\/en\/wp-json\/wp\/v2\/product_cat?post=272653"},{"taxonomy":"product_tag","embeddable":true,"href":"https:\/\/staging.swizzle.se\/en\/wp-json\/wp\/v2\/product_tag?post=272653"},{"taxonomy":"superdeal","embeddable":true,"href":"https:\/\/staging.swizzle.se\/en\/wp-json\/wp\/v2\/superdeal?post=272653"},{"taxonomy":"product_variant_id","embeddable":true,"href":"https:\/\/staging.swizzle.se\/en\/wp-json\/wp\/v2\/product_variant_id?post=272653"}],"curies":[{"name":"wp","href":"https:\/\/api.w.org\/{rel}","templated":true}]}}