{"id":272596,"date":"2025-07-30T12:50:26","date_gmt":"2025-07-30T12:50:26","guid":{"rendered":"https:\/\/staging.swizzle.se\/?post_type=product&#038;p=272596"},"modified":"2026-02-05T13:59:29","modified_gmt":"2026-02-05T13:59:29","slug":"cbd-gummy-bears-cannabis-bakehouse","status":"publish","type":"product","link":"https:\/\/staging.swizzle.se\/en\/product-2\/cbd-gummy-bears-cannabis-bakehouse\/","title":{"rendered":"CBD Gummy Bears Cannabis Bakehouse"},"content":{"rendered":"<p><!-- SEO-optimerad HTML-produkttext f\u00f6r CBD Gummies utan THC --><\/p>\n<article class=\"product-description\">\n<header>\n<h1>CBD Gummies \u2013 THC-fria &amp; fullspektrum terpener<\/h1>\n<p>V\u00e5ra CBD-gummies \u00e4r tillverkade med terpener extraherade direkt fr\u00e5n hampa, vilket bevarar ett naturligt och fullst\u00e4ndigt spektrum av v\u00e4xtens egenskaper \u2013 helt utan det psykoaktiva \u00e4mnet THC.<\/p>\n<\/header>\n<section id=\"funktion\">\n<h2>Naturliga effekter \u2013 utan rus<\/h2>\n<p>Produkterna \u00e4r <strong>THC-fria<\/strong>, vilket inneb\u00e4r att de inneh\u00e5ller mindre \u00e4n 0,01\u202f% (<em>under 100 ppm<\/em>) \u2013 en niv\u00e5 som \u00e4r f\u00f6rsumbar och inte orsakar n\u00e5gon psykoaktiv effekt. Du f\u00e5r alla potentiella f\u00f6rdelar med <strong>CBD och terpener<\/strong> utan att k\u00e4nna dig &#8221;h\u00f6g&#8221;.<\/p>\n<\/section>\n<section id=\"dosering\">\n<h2>Enkel dosering<\/h2>\n<p>Varje gummibj\u00f6rn inneh\u00e5ller <strong>4\u202fmg CBD<\/strong>, vilket g\u00f6r det enkelt att justera dosen efter behov. Din optimala m\u00e4ngd kan bero p\u00e5 kroppsvikt, l\u00e4ngd samt dina individuella sk\u00e4l till att anv\u00e4nda produkten.<\/p>\n<p><strong>Rekommenderad maxdos: <\/strong>6-9 gummies per dag.<\/p>\n<\/section>\n<section id=\"ansvarsinfo\">\n<h2>Viktigt att veta<\/h2>\n<p>Om du \u00e4r gravid, ammar eller anv\u00e4nder receptbelagda l\u00e4kemedel b\u00f6r du r\u00e5dg\u00f6ra med l\u00e4kare eller specialist innan anv\u00e4ndning av CBD-produkter.<\/p>\n<\/section>\n<section id=\"praktisk-info\">\n<h2>Diskret och smidig anv\u00e4ndning<\/h2>\n<p>Gummies \u00e4r ett <strong>praktiskt och diskret<\/strong> s\u00e4tt att f\u00e5 i sig CBD. De passar perfekt f\u00f6r vardagsbruk och kan enkelt tas med i v\u00e4skan eller fickan. Dessutom \u00e4r de <strong>100\u202f% lagliga<\/strong> att anv\u00e4nda och b\u00e4ra med sig inom Sverige och stora delar av EU.<\/p>\n<\/section>\n<footer><em>Testa sj\u00e4lv och upplev hur v\u00e5ra THC-fria CBD-gummies kan bidra till en mer balanserad vardag \u2013 utan kr\u00e5ngel.<\/em>Se \u00e4ven:\u00a0<a href=\"https:\/\/staging.swizzle.se\/en\/product-2\/relax-cbd-g-gummies-harmony\/\">Relax CBD\/G Gummies Harmony<\/a><\/p>\n<p><strong>Obs!<\/strong><br \/>\nDu m\u00e5ste vara minst 18 \u00e5r f\u00f6r att k\u00f6pa denna produkt. Den \u00e4r inte avsedd som l\u00e4kemedel, kosttillskott eller naturprodukt. Vi uppmuntrar inte till konsumtion eller r\u00f6kning av produkten. F\u00f6rvara den utom r\u00e4ckh\u00e5ll f\u00f6r barn.Vi friskriver oss fr\u00e5n hur du som kund anv\u00e4nder v\u00e5ra produkter. Vi s\u00e4ljer dem f\u00f6r samlings- och prydnadssyften.<\/p>\n<\/footer>\n<\/article>","protected":false},"excerpt":{"rendered":"<p><strong>CBD Gummy Bears Cannabis Bakehouse<\/strong><\/p>\n<p>Cannabis Bakehouse CBD-gummies \u00e4r tillverkade med terpener extraherade direkt fr\u00e5n hampa, vilket bevarar ett naturligt och fullst\u00e4ndigt spektrum av v\u00e4xtens egenskaper \u2013 helt utan det psykoaktiva \u00e4mnet THC.<\/p>\n<p>Varje gummibj\u00f6rn inneh\u00e5ller <strong>4\u202fmg CBD. <\/strong>Total 90mg CBD.<\/p>","protected":false},"featured_media":272597,"comment_status":"open","ping_status":"closed","template":"","meta":{"site-sidebar-layout":"default","site-content-layout":"","ast-site-content-layout":"default","site-content-style":"default","site-sidebar-style":"default","ast-global-header-display":"","ast-banner-title-visibility":"","ast-main-header-display":"","ast-hfb-above-header-display":"","ast-hfb-below-header-display":"","ast-hfb-mobile-header-display":"","site-post-title":"","ast-breadcrumbs-content":"","ast-featured-img":"","footer-sml-layout":"","ast-disable-related-posts":"","theme-transparent-header-meta":"default","adv-header-id-meta":"","stick-header-meta":"default","header-above-stick-meta":"","header-main-stick-meta":"","header-below-stick-meta":"","astra-migrate-meta-layouts":"set","ast-page-background-enabled":"default","ast-page-background-meta":{"desktop":{"background-color":"var(--ast-global-color-4)","background-image":"","background-repeat":"repeat","background-position":"center center","background-size":"auto","background-attachment":"scroll","background-type":"","background-media":"","overlay-type":"","overlay-color":"","overlay-opacity":"","overlay-gradient":""},"tablet":{"background-color":"","background-image":"","background-repeat":"repeat","background-position":"center center","background-size":"auto","background-attachment":"scroll","background-type":"","background-media":"","overlay-type":"","overlay-color":"","overlay-opacity":"","overlay-gradient":""},"mobile":{"background-color":"","background-image":"","background-repeat":"repeat","background-position":"center center","background-size":"auto","background-attachment":"scroll","background-type":"","background-media":"","overlay-type":"","overlay-color":"","overlay-opacity":"","overlay-gradient":""}},"ast-content-background-meta":{"desktop":{"background-color":"var(--ast-global-color-5)","background-image":"","background-repeat":"repeat","background-position":"center center","background-size":"auto","background-attachment":"scroll","background-type":"","background-media":"","overlay-type":"","overlay-color":"","overlay-opacity":"","overlay-gradient":""},"tablet":{"background-color":"var(--ast-global-color-5)","background-image":"","background-repeat":"repeat","background-position":"center center","background-size":"auto","background-attachment":"scroll","background-type":"","background-media":"","overlay-type":"","overlay-color":"","overlay-opacity":"","overlay-gradient":""},"mobile":{"background-color":"var(--ast-global-color-5)","background-image":"","background-repeat":"repeat","background-position":"center center","background-size":"auto","background-attachment":"scroll","background-type":"","background-media":"","overlay-type":"","overlay-color":"","overlay-opacity":"","overlay-gradient":""}}},"product_brand":[728],"product_cat":[410,331,354,355],"product_tag":[],"superdeal":[],"product_variant_id":[],"class_list":{"0":"post-272596","1":"product","2":"type-product","3":"status-publish","4":"has-post-thumbnail","6":"product_brand-cannabisbakehouse","7":"product_cat-cbd-gummies","8":"product_cat-cbd-g-n","9":"product_cat-edibles","10":"product_cat-gummies","11":"desktop-align-center","12":"tablet-align-left","13":"mobile-align-left","14":"ast-product-gallery-layout-horizontal-slider","15":"ast-product-gallery-with-no-image","16":"ast-magnify-disabled","17":"ast-product-tabs-layout-horizontal","19":"first","20":"instock","21":"taxable","22":"shipping-taxable","23":"purchasable","24":"product-type-simple"},"yoast_head":"<!-- This site is optimized with the Yoast SEO Premium plugin v26.9 (Yoast SEO v26.9) - https:\/\/yoast.com\/product\/yoast-seo-premium-wordpress\/ -->\n<title>CBD Gummy Bears Cannabis Bakehouse<\/title>\n<meta name=\"description\" content=\"CBD Gummy Bears Cannabis Bakehouse. Cannabis Bakehouse CBD-gummies \u00e4r tillverkade med terpener extraherade direkt fr\u00e5n hampa.\" \/>\n<meta name=\"robots\" content=\"noindex, follow, max-snippet:-1, max-image-preview:large, max-video-preview:-1\" \/>\n<meta property=\"og:locale\" content=\"en_GB\" \/>\n<meta property=\"og:type\" content=\"article\" \/>\n<meta property=\"og:title\" content=\"CBD Gummy Bears Cannabis Bakehouse\" \/>\n<meta property=\"og:description\" content=\"CBD Gummy Bears Cannabis Bakehouse. Cannabis Bakehouse CBD-gummies \u00e4r tillverkade med terpener extraherade direkt fr\u00e5n hampa.\" \/>\n<meta property=\"og:url\" content=\"https:\/\/www.swizzle.se\/produkt\/cbd-gummy-bears-cannabis-bakehouse\/\" \/>\n<meta property=\"og:site_name\" content=\"Swizzle\" \/>\n<meta property=\"article:modified_time\" content=\"2026-02-05T13:59:29+00:00\" \/>\n<meta property=\"og:image\" content=\"https:\/\/www.swizzle.se\/wp-content\/uploads\/2025\/07\/cbd-gummy-bears-bakehouse-600x600-1.webp\" \/>\n\t<meta property=\"og:image:width\" content=\"600\" \/>\n\t<meta property=\"og:image:height\" content=\"600\" \/>\n\t<meta property=\"og:image:type\" content=\"image\/webp\" \/>\n<meta name=\"twitter:card\" content=\"summary_large_image\" \/>\n<meta name=\"twitter:label1\" content=\"Price\" \/>\n\t<meta name=\"twitter:data1\" content=\"210.00&nbsp;&#107;&#114;\" \/>\n\t<meta name=\"twitter:label2\" content=\"Availability\" \/>\n\t<meta name=\"twitter:data2\" content=\"In stock\" \/>\n<script type=\"application\/ld+json\" class=\"yoast-schema-graph\">{\"@context\":\"https:\/\/schema.org\",\"@graph\":[{\"@type\":\"WebPage\",\"@id\":\"https:\/\/www.swizzle.se\/produkt\/cbd-gummy-bears-cannabis-bakehouse\/\",\"url\":\"https:\/\/www.swizzle.se\/produkt\/cbd-gummy-bears-cannabis-bakehouse\/\",\"name\":\"CBD Gummy Bears Cannabis Bakehouse\",\"isPartOf\":{\"@id\":\"https:\/\/staging.swizzle.se\/#website\"},\"primaryImageOfPage\":{\"@id\":\"https:\/\/www.swizzle.se\/produkt\/cbd-gummy-bears-cannabis-bakehouse\/#primaryimage\"},\"image\":{\"@id\":\"https:\/\/www.swizzle.se\/produkt\/cbd-gummy-bears-cannabis-bakehouse\/#primaryimage\"},\"thumbnailUrl\":\"https:\/\/staging.swizzle.se\/wp-content\/uploads\/2025\/07\/cbd-gummy-bears-bakehouse-600x600-1.webp\",\"datePublished\":\"2025-07-30T12:50:26+00:00\",\"dateModified\":\"2026-02-05T13:59:29+00:00\",\"description\":\"CBD Gummy Bears Cannabis Bakehouse. Cannabis Bakehouse CBD-gummies \u00e4r tillverkade med terpener extraherade direkt fr\u00e5n hampa.\",\"breadcrumb\":{\"@id\":\"https:\/\/www.swizzle.se\/produkt\/cbd-gummy-bears-cannabis-bakehouse\/#breadcrumb\"},\"inLanguage\":\"en-GB\",\"potentialAction\":[{\"@type\":\"ReadAction\",\"target\":[\"https:\/\/www.swizzle.se\/produkt\/cbd-gummy-bears-cannabis-bakehouse\/\"]}]},{\"@type\":\"ImageObject\",\"inLanguage\":\"en-GB\",\"@id\":\"https:\/\/www.swizzle.se\/produkt\/cbd-gummy-bears-cannabis-bakehouse\/#primaryimage\",\"url\":\"https:\/\/staging.swizzle.se\/wp-content\/uploads\/2025\/07\/cbd-gummy-bears-bakehouse-600x600-1.webp\",\"contentUrl\":\"https:\/\/staging.swizzle.se\/wp-content\/uploads\/2025\/07\/cbd-gummy-bears-bakehouse-600x600-1.webp\",\"width\":600,\"height\":600,\"caption\":\"Bild cbd gummy bears bakehouse\"},{\"@type\":\"BreadcrumbList\",\"@id\":\"https:\/\/www.swizzle.se\/produkt\/cbd-gummy-bears-cannabis-bakehouse\/#breadcrumb\",\"itemListElement\":[{\"@type\":\"ListItem\",\"position\":1,\"name\":\"Home\",\"item\":\"https:\/\/www.swizzle.se\/\"},{\"@type\":\"ListItem\",\"position\":2,\"name\":\"Shop\",\"item\":\"https:\/\/www.swizzle.se\/shop\/\"},{\"@type\":\"ListItem\",\"position\":3,\"name\":\"CANNABINOIDER\",\"item\":\"https:\/\/www.swizzle.se\/produkt-kategori\/cannabinoider\/\"},{\"@type\":\"ListItem\",\"position\":4,\"name\":\"CBD\/G\/N\",\"item\":\"https:\/\/www.swizzle.se\/produkt-kategori\/cannabinoider\/cbd-g-n\/\"},{\"@type\":\"ListItem\",\"position\":5,\"name\":\"CBD GUMMIES\",\"item\":\"https:\/\/www.swizzle.se\/produkt-kategori\/cannabinoider\/cbd-g-n\/cbd-gummies\/\"},{\"@type\":\"ListItem\",\"position\":6,\"name\":\"CBD Gummy Bears Cannabis Bakehouse\"}]},{\"@type\":\"WebSite\",\"@id\":\"https:\/\/staging.swizzle.se\/#website\",\"url\":\"https:\/\/staging.swizzle.se\/\",\"name\":\"Swizzle\",\"description\":\"Nikotin CBD Vapes Snus White Portion\",\"publisher\":{\"@id\":\"https:\/\/staging.swizzle.se\/#organization\"},\"potentialAction\":[{\"@type\":\"SearchAction\",\"target\":{\"@type\":\"EntryPoint\",\"urlTemplate\":\"https:\/\/staging.swizzle.se\/?s={search_term_string}\"},\"query-input\":{\"@type\":\"PropertyValueSpecification\",\"valueRequired\":true,\"valueName\":\"search_term_string\"}}],\"inLanguage\":\"en-GB\"},{\"@type\":\"Organization\",\"@id\":\"https:\/\/staging.swizzle.se\/#organization\",\"name\":\"Swizzle\",\"url\":\"https:\/\/staging.swizzle.se\/\",\"logo\":{\"@type\":\"ImageObject\",\"inLanguage\":\"en-GB\",\"@id\":\"https:\/\/staging.swizzle.se\/#\/schema\/logo\/image\/\",\"url\":\"https:\/\/staging.swizzle.se\/wp-content\/uploads\/2025\/10\/cropped-SWIZZLE.-4.png\",\"contentUrl\":\"https:\/\/staging.swizzle.se\/wp-content\/uploads\/2025\/10\/cropped-SWIZZLE.-4.png\",\"width\":800,\"height\":267,\"caption\":\"Swizzle\"},\"image\":{\"@id\":\"https:\/\/staging.swizzle.se\/#\/schema\/logo\/image\/\"},\"hasMerchantReturnPolicy\":{\"@type\":\"MerchantReturnPolicy\",\"merchantReturnLink\":\"https:\/\/staging.swizzle.se\/en\/villkor\/\"}}]}<\/script>\n<meta property=\"product:price:amount\" content=\"210.00\" \/>\n<meta property=\"product:price:currency\" content=\"SEK\" \/>\n<meta property=\"og:availability\" content=\"instock\" \/>\n<meta property=\"product:availability\" content=\"instock\" \/>\n<meta property=\"product:retailer_item_id\" content=\"CBHbears\" \/>\n<meta property=\"product:condition\" content=\"new\" \/>\n<!-- \/ Yoast SEO Premium plugin. -->","yoast_head_json":{"title":"CBD Gummy Bears Cannabis Bakehouse","description":"CBD Gummy Bears Cannabis Bakehouse. Cannabis Bakehouse CBD-gummies \u00e4r tillverkade med terpener extraherade direkt fr\u00e5n hampa.","robots":{"index":"noindex","follow":"follow","max-snippet":"max-snippet:-1","max-image-preview":"max-image-preview:large","max-video-preview":"max-video-preview:-1"},"og_locale":"en_GB","og_type":"article","og_title":"CBD Gummy Bears Cannabis Bakehouse","og_description":"CBD Gummy Bears Cannabis Bakehouse. Cannabis Bakehouse CBD-gummies \u00e4r tillverkade med terpener extraherade direkt fr\u00e5n hampa.","og_url":"https:\/\/www.swizzle.se\/produkt\/cbd-gummy-bears-cannabis-bakehouse\/","og_site_name":"Swizzle","article_modified_time":"2026-02-05T13:59:29+00:00","og_image":[{"width":600,"height":600,"url":"https:\/\/www.swizzle.se\/wp-content\/uploads\/2025\/07\/cbd-gummy-bears-bakehouse-600x600-1.webp","type":"image\/webp"}],"twitter_card":"summary_large_image","twitter_misc":{"Price":"210.00&nbsp;&#107;&#114;","Availability":"In stock"},"schema":{"@context":"https:\/\/schema.org","@graph":[{"@type":"WebPage","@id":"https:\/\/www.swizzle.se\/produkt\/cbd-gummy-bears-cannabis-bakehouse\/","url":"https:\/\/www.swizzle.se\/produkt\/cbd-gummy-bears-cannabis-bakehouse\/","name":"CBD Gummy Bears Cannabis Bakehouse","isPartOf":{"@id":"https:\/\/staging.swizzle.se\/#website"},"primaryImageOfPage":{"@id":"https:\/\/www.swizzle.se\/produkt\/cbd-gummy-bears-cannabis-bakehouse\/#primaryimage"},"image":{"@id":"https:\/\/www.swizzle.se\/produkt\/cbd-gummy-bears-cannabis-bakehouse\/#primaryimage"},"thumbnailUrl":"https:\/\/staging.swizzle.se\/wp-content\/uploads\/2025\/07\/cbd-gummy-bears-bakehouse-600x600-1.webp","datePublished":"2025-07-30T12:50:26+00:00","dateModified":"2026-02-05T13:59:29+00:00","description":"CBD Gummy Bears Cannabis Bakehouse. Cannabis Bakehouse CBD-gummies \u00e4r tillverkade med terpener extraherade direkt fr\u00e5n hampa.","breadcrumb":{"@id":"https:\/\/www.swizzle.se\/produkt\/cbd-gummy-bears-cannabis-bakehouse\/#breadcrumb"},"inLanguage":"en-GB","potentialAction":[{"@type":"ReadAction","target":["https:\/\/www.swizzle.se\/produkt\/cbd-gummy-bears-cannabis-bakehouse\/"]}]},{"@type":"ImageObject","inLanguage":"en-GB","@id":"https:\/\/www.swizzle.se\/produkt\/cbd-gummy-bears-cannabis-bakehouse\/#primaryimage","url":"https:\/\/staging.swizzle.se\/wp-content\/uploads\/2025\/07\/cbd-gummy-bears-bakehouse-600x600-1.webp","contentUrl":"https:\/\/staging.swizzle.se\/wp-content\/uploads\/2025\/07\/cbd-gummy-bears-bakehouse-600x600-1.webp","width":600,"height":600,"caption":"Bild cbd gummy bears bakehouse"},{"@type":"BreadcrumbList","@id":"https:\/\/www.swizzle.se\/produkt\/cbd-gummy-bears-cannabis-bakehouse\/#breadcrumb","itemListElement":[{"@type":"ListItem","position":1,"name":"Home","item":"https:\/\/www.swizzle.se\/"},{"@type":"ListItem","position":2,"name":"Shop","item":"https:\/\/www.swizzle.se\/shop\/"},{"@type":"ListItem","position":3,"name":"CANNABINOIDER","item":"https:\/\/www.swizzle.se\/produkt-kategori\/cannabinoider\/"},{"@type":"ListItem","position":4,"name":"CBD\/G\/N","item":"https:\/\/www.swizzle.se\/produkt-kategori\/cannabinoider\/cbd-g-n\/"},{"@type":"ListItem","position":5,"name":"CBD GUMMIES","item":"https:\/\/www.swizzle.se\/produkt-kategori\/cannabinoider\/cbd-g-n\/cbd-gummies\/"},{"@type":"ListItem","position":6,"name":"CBD Gummy Bears Cannabis Bakehouse"}]},{"@type":"WebSite","@id":"https:\/\/staging.swizzle.se\/#website","url":"https:\/\/staging.swizzle.se\/","name":"Swizzle","description":"Nicotine CBD Vapes Snus White Portion","publisher":{"@id":"https:\/\/staging.swizzle.se\/#organization"},"potentialAction":[{"@type":"SearchAction","target":{"@type":"EntryPoint","urlTemplate":"https:\/\/staging.swizzle.se\/?s={search_term_string}"},"query-input":{"@type":"PropertyValueSpecification","valueRequired":true,"valueName":"search_term_string"}}],"inLanguage":"en-GB"},{"@type":"Organization","@id":"https:\/\/staging.swizzle.se\/#organization","name":"Swizzle","url":"https:\/\/staging.swizzle.se\/","logo":{"@type":"ImageObject","inLanguage":"en-GB","@id":"https:\/\/staging.swizzle.se\/#\/schema\/logo\/image\/","url":"https:\/\/staging.swizzle.se\/wp-content\/uploads\/2025\/10\/cropped-SWIZZLE.-4.png","contentUrl":"https:\/\/staging.swizzle.se\/wp-content\/uploads\/2025\/10\/cropped-SWIZZLE.-4.png","width":800,"height":267,"caption":"Swizzle"},"image":{"@id":"https:\/\/staging.swizzle.se\/#\/schema\/logo\/image\/"},"hasMerchantReturnPolicy":{"@type":"MerchantReturnPolicy","merchantReturnLink":"https:\/\/staging.swizzle.se\/en\/villkor\/"}}]},"product_price_amount":"210.00","product_price_currency":"SEK","og_availability":"instock","product_availability":"instock","product_retailer_item_id":"CBHbears","product_condition":"new"},"tiered_pricing_type":"fixed","tiered_pricing_fixed_rules":[],"tiered_pricing_product_settings":{"layout":"default","base_unit_name":{"singular":null,"plural":null},"default_variation":null},"tiered_pricing_minimum_quantity":null,"tiered_pricing_roles_data":[],"tiered_pricing_percentage_rules":[],"tiered_pricing_maximum_quantity":null,"tiered_pricing_quantity_step":null,"_links":{"self":[{"href":"https:\/\/staging.swizzle.se\/en\/wp-json\/wp\/v2\/product\/272596","targetHints":{"allow":["GET"]}}],"collection":[{"href":"https:\/\/staging.swizzle.se\/en\/wp-json\/wp\/v2\/product"}],"about":[{"href":"https:\/\/staging.swizzle.se\/en\/wp-json\/wp\/v2\/types\/product"}],"replies":[{"embeddable":true,"href":"https:\/\/staging.swizzle.se\/en\/wp-json\/wp\/v2\/comments?post=272596"}],"version-history":[{"count":0,"href":"https:\/\/staging.swizzle.se\/en\/wp-json\/wp\/v2\/product\/272596\/revisions"}],"wp:featuredmedia":[{"embeddable":true,"href":"https:\/\/staging.swizzle.se\/en\/wp-json\/wp\/v2\/media\/272597"}],"wp:attachment":[{"href":"https:\/\/staging.swizzle.se\/en\/wp-json\/wp\/v2\/media?parent=272596"}],"wp:term":[{"taxonomy":"product_brand","embeddable":true,"href":"https:\/\/staging.swizzle.se\/en\/wp-json\/wp\/v2\/product_brand?post=272596"},{"taxonomy":"product_cat","embeddable":true,"href":"https:\/\/staging.swizzle.se\/en\/wp-json\/wp\/v2\/product_cat?post=272596"},{"taxonomy":"product_tag","embeddable":true,"href":"https:\/\/staging.swizzle.se\/en\/wp-json\/wp\/v2\/product_tag?post=272596"},{"taxonomy":"superdeal","embeddable":true,"href":"https:\/\/staging.swizzle.se\/en\/wp-json\/wp\/v2\/superdeal?post=272596"},{"taxonomy":"product_variant_id","embeddable":true,"href":"https:\/\/staging.swizzle.se\/en\/wp-json\/wp\/v2\/product_variant_id?post=272596"}],"curies":[{"name":"wp","href":"https:\/\/api.w.org\/{rel}","templated":true}]}}