{"id":272287,"date":"2025-07-22T11:32:41","date_gmt":"2025-07-22T11:32:41","guid":{"rendered":"https:\/\/staging.swizzle.se\/?post_type=product&#038;p=272287"},"modified":"2026-02-04T14:19:25","modified_gmt":"2026-02-04T14:19:25","slug":"ccell-m3-batteri","status":"publish","type":"product","link":"https:\/\/staging.swizzle.se\/en\/product-2\/ccell-m3-batteri\/","title":{"rendered":"CCELL M3 batteri 510 g\u00e4ngning"},"content":{"rendered":"<p><!-- SEO-optimerad produkttext: CCELL M3 Batteri --><\/p>\n<p><!-- Rekommenderad SEO-titel: CCELL M3 Batteri | Ultratunn 510-batteri med Auto-Draw och USB-laddare --><\/p>\n<p><!-- Rekommenderad meta description: CCELL M3 \u00e4r ett smidigt 510-batteri med 350mAh kapacitet, auto-draw funktion och USB-laddare. Enkel att anv\u00e4nda och perfekt f\u00f6r dagligt bruk. --><\/p>\n<article class=\"product-post ccell-m3\">\n<header>\n<h1>CCELL M3 Batteri<\/h1>\n<p><strong>CCELL M3<\/strong> \u00e4r ett ultratunt och stilrent 510-batteri som aktiveras med inhalering.<br \/>\nInga knappar, inga inst\u00e4llningar \u2013 bara en smidig och enkel vapingupplevelse.<br \/>\nMed en kapacitet p\u00e5 <strong>350 mAh<\/strong> och en medf\u00f6ljande <strong>USB-laddare<\/strong> har du kraften och flexibiliteten att anv\u00e4nda den var som helst.<\/p>\n<p>Kan kombineras med v\u00e5ra cartridges, bland annat:<\/p>\n<p><a href=\"https:\/\/staging.swizzle.se\/en\/product-2\/thca-cartridge-99-magic-farmers-1ml-cotton-candy\/\">Cotton Candy cartridge<\/a><\/p>\n<p><a href=\"https:\/\/staging.swizzle.se\/en\/product-2\/thca-cartridge-99-magic-farmers-1ml-lemon-haze\/\">Lemon Haze Cartridge<\/a><\/p>\n<\/header>\n<section id=\"funktioner\">\n<h2>Varf\u00f6r v\u00e4lja CCELL M3?<\/h2>\n<ul>\n<li><strong>Ultraslim design:<\/strong> Stilren, kompakt och enkel att b\u00e4ra med sig.<\/li>\n<li><strong>Auto-draw aktivering:<\/strong> Inhalera f\u00f6r att starta \u2013 inga knappar beh\u00f6vs.<\/li>\n<li><strong>Kompatibilitet:<\/strong> Fungerar med n\u00e4stan alla 510-g\u00e4ngade atomizers och patroner.<\/li>\n<li><strong>USB-laddning:<\/strong> Levereras med USB-adapter f\u00f6r laddning p\u00e5 spr\u00e5ng.<\/li>\n<li><strong>Kapacitet:<\/strong> 350 mAh \u2013 tillr\u00e4ckligt med kraft f\u00f6r hela dagen.<\/li>\n<\/ul>\n<\/section>\n<section id=\"fordelar\">\n<h2>F\u00f6rdelar med CCELL M3<\/h2>\n<ul>\n<li><strong>Enkel att anv\u00e4nda:<\/strong> Perfekt f\u00f6r nyb\u00f6rjare och erfarna anv\u00e4ndare.<\/li>\n<li><strong>Kompakt storlek:<\/strong> F\u00e5r enkelt plats i fickan.<\/li>\n<li><strong>P\u00e5litlig prestanda:<\/strong> CCELL-teknologi f\u00f6r j\u00e4mn och smakrik \u00e5ngproduktion.<\/li>\n<\/ul>\n<\/section>\n<\/article>","protected":false},"excerpt":{"rendered":"<p><strong>CCELL M3 Batteri<\/strong><\/p>\n<p><strong>CCELL M3<\/strong> \u00e4r ett ultratunt och stilrent 510-batteri som aktiveras med inhalering.<br \/>\nInga knappar, inga inst\u00e4llningar \u2013 bara en smidig och enkel vapingupplevelse.<br \/>\nMed en kapacitet p\u00e5 <strong>350 mAh<\/strong> och en medf\u00f6ljande <strong>USB-laddare<\/strong> har du kraften och flexibiliteten att anv\u00e4nda den var som helst.<\/p>\n<p>Kombinera batteriet med v\u00e5ra\u00a0<a href=\"https:\/\/staging.swizzle.se\/en\/product-category\/e-cigg-e-vapes\/carts-e-cigg-e-vapes\/\">Cartridges<\/a><\/p>","protected":false},"featured_media":272289,"comment_status":"open","ping_status":"closed","template":"","meta":{"site-sidebar-layout":"default","site-content-layout":"","ast-site-content-layout":"default","site-content-style":"default","site-sidebar-style":"default","ast-global-header-display":"","ast-banner-title-visibility":"","ast-main-header-display":"","ast-hfb-above-header-display":"","ast-hfb-below-header-display":"","ast-hfb-mobile-header-display":"","site-post-title":"","ast-breadcrumbs-content":"","ast-featured-img":"","footer-sml-layout":"","ast-disable-related-posts":"","theme-transparent-header-meta":"default","adv-header-id-meta":"","stick-header-meta":"","header-above-stick-meta":"","header-main-stick-meta":"","header-below-stick-meta":"","astra-migrate-meta-layouts":"set","ast-page-background-enabled":"default","ast-page-background-meta":{"desktop":{"background-color":"var(--ast-global-color-4)","background-image":"","background-repeat":"repeat","background-position":"center center","background-size":"auto","background-attachment":"scroll","background-type":"","background-media":"","overlay-type":"","overlay-color":"","overlay-opacity":"","overlay-gradient":""},"tablet":{"background-color":"","background-image":"","background-repeat":"repeat","background-position":"center center","background-size":"auto","background-attachment":"scroll","background-type":"","background-media":"","overlay-type":"","overlay-color":"","overlay-opacity":"","overlay-gradient":""},"mobile":{"background-color":"","background-image":"","background-repeat":"repeat","background-position":"center center","background-size":"auto","background-attachment":"scroll","background-type":"","background-media":"","overlay-type":"","overlay-color":"","overlay-opacity":"","overlay-gradient":""}},"ast-content-background-meta":{"desktop":{"background-color":"var(--ast-global-color-5)","background-image":"","background-repeat":"repeat","background-position":"center center","background-size":"auto","background-attachment":"scroll","background-type":"","background-media":"","overlay-type":"","overlay-color":"","overlay-opacity":"","overlay-gradient":""},"tablet":{"background-color":"var(--ast-global-color-5)","background-image":"","background-repeat":"repeat","background-position":"center center","background-size":"auto","background-attachment":"scroll","background-type":"","background-media":"","overlay-type":"","overlay-color":"","overlay-opacity":"","overlay-gradient":""},"mobile":{"background-color":"var(--ast-global-color-5)","background-image":"","background-repeat":"repeat","background-position":"center center","background-size":"auto","background-attachment":"scroll","background-type":"","background-media":"","overlay-type":"","overlay-color":"","overlay-opacity":"","overlay-gradient":""}}},"product_brand":[729],"product_cat":[309,284],"product_tag":[],"superdeal":[],"product_variant_id":[],"class_list":{"0":"post-272287","1":"product","2":"type-product","3":"status-publish","4":"has-post-thumbnail","6":"product_brand-ccell","7":"product_cat-batterier-roktillbehor","8":"product_cat-roktillbehor","9":"desktop-align-center","10":"tablet-align-left","11":"mobile-align-left","12":"ast-product-gallery-layout-horizontal-slider","13":"ast-product-gallery-with-no-image","14":"ast-magnify-disabled","15":"ast-product-tabs-layout-horizontal","17":"first","18":"outofstock","19":"taxable","20":"shipping-taxable","21":"purchasable","22":"product-type-simple"},"yoast_head":"<!-- This site is optimized with the Yoast SEO Premium plugin v26.9 (Yoast SEO v26.9) - https:\/\/yoast.com\/product\/yoast-seo-premium-wordpress\/ -->\n<title>CCell M3 batteri<\/title>\n<meta name=\"description\" content=\"CCell M3 batteri. Med en kapacitet p\u00e5 350 mAh och en medf\u00f6ljande USB-laddare har du kraften och flexibiliteten att anv\u00e4nda den var som helst.\" \/>\n<meta name=\"robots\" content=\"noindex, follow, max-snippet:-1, max-image-preview:large, max-video-preview:-1\" \/>\n<meta property=\"og:locale\" content=\"en_GB\" \/>\n<meta property=\"og:type\" content=\"article\" \/>\n<meta property=\"og:title\" content=\"CCELL M3 batteri 510 g\u00e4ngning\" \/>\n<meta property=\"og:description\" content=\"CCell M3 batteri. Med en kapacitet p\u00e5 350 mAh och en medf\u00f6ljande USB-laddare har du kraften och flexibiliteten att anv\u00e4nda den var som helst.\" \/>\n<meta property=\"og:url\" content=\"https:\/\/www.swizzle.se\/produkt\/ccell-m3-batteri\/\" \/>\n<meta property=\"og:site_name\" content=\"Swizzle\" \/>\n<meta property=\"article:modified_time\" content=\"2026-02-04T14:19:25+00:00\" \/>\n<meta property=\"og:image\" content=\"https:\/\/www.swizzle.se\/wp-content\/uploads\/2025\/07\/ccell-m3-battery-usb-charger-uk-391486.webp\" \/>\n\t<meta property=\"og:image:width\" content=\"1000\" \/>\n\t<meta property=\"og:image:height\" content=\"1000\" \/>\n\t<meta property=\"og:image:type\" content=\"image\/webp\" \/>\n<meta name=\"twitter:card\" content=\"summary_large_image\" \/>\n<meta name=\"twitter:description\" content=\"CCell M3 batteri. Med en kapacitet p\u00e5 350 mAh och en medf\u00f6ljande USB-laddare har du kraften och flexibiliteten att anv\u00e4nda den var som helst.\" \/>\n<meta name=\"twitter:label1\" content=\"Price\" \/>\n\t<meta name=\"twitter:data1\" content=\"99.00&nbsp;&#107;&#114;\" \/>\n\t<meta name=\"twitter:label2\" content=\"Availability\" \/>\n\t<meta name=\"twitter:data2\" content=\"Out of stock\" \/>\n<script type=\"application\/ld+json\" class=\"yoast-schema-graph\">{\"@context\":\"https:\/\/schema.org\",\"@graph\":[{\"@type\":\"WebPage\",\"@id\":\"https:\/\/www.swizzle.se\/produkt\/ccell-m3-batteri\/\",\"url\":\"https:\/\/www.swizzle.se\/produkt\/ccell-m3-batteri\/\",\"name\":\"CCell M3 batteri\",\"isPartOf\":{\"@id\":\"https:\/\/staging.swizzle.se\/#website\"},\"primaryImageOfPage\":{\"@id\":\"https:\/\/www.swizzle.se\/produkt\/ccell-m3-batteri\/#primaryimage\"},\"image\":{\"@id\":\"https:\/\/www.swizzle.se\/produkt\/ccell-m3-batteri\/#primaryimage\"},\"thumbnailUrl\":\"https:\/\/staging.swizzle.se\/wp-content\/uploads\/2025\/07\/ccell-m3-battery-usb-charger-uk-391486.webp\",\"datePublished\":\"2025-07-22T11:32:41+00:00\",\"dateModified\":\"2026-02-04T14:19:25+00:00\",\"description\":\"CCell M3 batteri. Med en kapacitet p\u00e5 350 mAh och en medf\u00f6ljande USB-laddare har du kraften och flexibiliteten att anv\u00e4nda den var som helst.\",\"breadcrumb\":{\"@id\":\"https:\/\/www.swizzle.se\/produkt\/ccell-m3-batteri\/#breadcrumb\"},\"inLanguage\":\"en-GB\",\"potentialAction\":[{\"@type\":\"ReadAction\",\"target\":[\"https:\/\/www.swizzle.se\/produkt\/ccell-m3-batteri\/\"]}]},{\"@type\":\"ImageObject\",\"inLanguage\":\"en-GB\",\"@id\":\"https:\/\/www.swizzle.se\/produkt\/ccell-m3-batteri\/#primaryimage\",\"url\":\"https:\/\/staging.swizzle.se\/wp-content\/uploads\/2025\/07\/ccell-m3-battery-usb-charger-uk-391486.webp\",\"contentUrl\":\"https:\/\/staging.swizzle.se\/wp-content\/uploads\/2025\/07\/ccell-m3-battery-usb-charger-uk-391486.webp\",\"width\":1000,\"height\":1000,\"caption\":\"Bild batteri\"},{\"@type\":\"BreadcrumbList\",\"@id\":\"https:\/\/www.swizzle.se\/produkt\/ccell-m3-batteri\/#breadcrumb\",\"itemListElement\":[{\"@type\":\"ListItem\",\"position\":1,\"name\":\"Home\",\"item\":\"https:\/\/www.swizzle.se\/\"},{\"@type\":\"ListItem\",\"position\":2,\"name\":\"Shop\",\"item\":\"https:\/\/www.swizzle.se\/shop\/\"},{\"@type\":\"ListItem\",\"position\":3,\"name\":\"R\u00d6KTILLBEH\u00d6R\",\"item\":\"https:\/\/www.swizzle.se\/produkt-kategori\/roktillbehor\/\"},{\"@type\":\"ListItem\",\"position\":4,\"name\":\"CCELL M3 batteri 510 g\u00e4ngning\"}]},{\"@type\":\"WebSite\",\"@id\":\"https:\/\/staging.swizzle.se\/#website\",\"url\":\"https:\/\/staging.swizzle.se\/\",\"name\":\"Swizzle\",\"description\":\"Nikotin CBD Vapes Snus White Portion\",\"publisher\":{\"@id\":\"https:\/\/staging.swizzle.se\/#organization\"},\"potentialAction\":[{\"@type\":\"SearchAction\",\"target\":{\"@type\":\"EntryPoint\",\"urlTemplate\":\"https:\/\/staging.swizzle.se\/?s={search_term_string}\"},\"query-input\":{\"@type\":\"PropertyValueSpecification\",\"valueRequired\":true,\"valueName\":\"search_term_string\"}}],\"inLanguage\":\"en-GB\"},{\"@type\":\"Organization\",\"@id\":\"https:\/\/staging.swizzle.se\/#organization\",\"name\":\"Swizzle\",\"url\":\"https:\/\/staging.swizzle.se\/\",\"logo\":{\"@type\":\"ImageObject\",\"inLanguage\":\"en-GB\",\"@id\":\"https:\/\/staging.swizzle.se\/#\/schema\/logo\/image\/\",\"url\":\"https:\/\/staging.swizzle.se\/wp-content\/uploads\/2025\/10\/cropped-SWIZZLE.-4.png\",\"contentUrl\":\"https:\/\/staging.swizzle.se\/wp-content\/uploads\/2025\/10\/cropped-SWIZZLE.-4.png\",\"width\":800,\"height\":267,\"caption\":\"Swizzle\"},\"image\":{\"@id\":\"https:\/\/staging.swizzle.se\/#\/schema\/logo\/image\/\"},\"hasMerchantReturnPolicy\":{\"@type\":\"MerchantReturnPolicy\",\"merchantReturnLink\":\"https:\/\/staging.swizzle.se\/en\/villkor\/\"}}]}<\/script>\n<meta property=\"product:price:amount\" content=\"99.00\" \/>\n<meta property=\"product:price:currency\" content=\"SEK\" \/>\n<meta property=\"og:availability\" content=\"out of stock\" \/>\n<meta property=\"product:availability\" content=\"out of stock\" \/>\n<meta property=\"product:retailer_item_id\" content=\"Ccellbatteri\" \/>\n<meta property=\"product:condition\" content=\"new\" \/>\n<!-- \/ Yoast SEO Premium plugin. -->","yoast_head_json":{"title":"CCell M3 batteri","description":"CCell M3 batteri. Med en kapacitet p\u00e5 350 mAh och en medf\u00f6ljande USB-laddare har du kraften och flexibiliteten att anv\u00e4nda den var som helst.","robots":{"index":"noindex","follow":"follow","max-snippet":"max-snippet:-1","max-image-preview":"max-image-preview:large","max-video-preview":"max-video-preview:-1"},"og_locale":"en_GB","og_type":"article","og_title":"CCELL M3 batteri 510 g\u00e4ngning","og_description":"CCell M3 batteri. Med en kapacitet p\u00e5 350 mAh och en medf\u00f6ljande USB-laddare har du kraften och flexibiliteten att anv\u00e4nda den var som helst.","og_url":"https:\/\/www.swizzle.se\/produkt\/ccell-m3-batteri\/","og_site_name":"Swizzle","article_modified_time":"2026-02-04T14:19:25+00:00","og_image":[{"width":1000,"height":1000,"url":"https:\/\/www.swizzle.se\/wp-content\/uploads\/2025\/07\/ccell-m3-battery-usb-charger-uk-391486.webp","type":"image\/webp"}],"twitter_card":"summary_large_image","twitter_description":"CCell M3 batteri. Med en kapacitet p\u00e5 350 mAh och en medf\u00f6ljande USB-laddare har du kraften och flexibiliteten att anv\u00e4nda den var som helst.","twitter_misc":{"Price":"99.00&nbsp;&#107;&#114;","Availability":"Out of stock"},"schema":{"@context":"https:\/\/schema.org","@graph":[{"@type":"WebPage","@id":"https:\/\/www.swizzle.se\/produkt\/ccell-m3-batteri\/","url":"https:\/\/www.swizzle.se\/produkt\/ccell-m3-batteri\/","name":"CCell M3 batteri","isPartOf":{"@id":"https:\/\/staging.swizzle.se\/#website"},"primaryImageOfPage":{"@id":"https:\/\/www.swizzle.se\/produkt\/ccell-m3-batteri\/#primaryimage"},"image":{"@id":"https:\/\/www.swizzle.se\/produkt\/ccell-m3-batteri\/#primaryimage"},"thumbnailUrl":"https:\/\/staging.swizzle.se\/wp-content\/uploads\/2025\/07\/ccell-m3-battery-usb-charger-uk-391486.webp","datePublished":"2025-07-22T11:32:41+00:00","dateModified":"2026-02-04T14:19:25+00:00","description":"CCell M3 batteri. Med en kapacitet p\u00e5 350 mAh och en medf\u00f6ljande USB-laddare har du kraften och flexibiliteten att anv\u00e4nda den var som helst.","breadcrumb":{"@id":"https:\/\/www.swizzle.se\/produkt\/ccell-m3-batteri\/#breadcrumb"},"inLanguage":"en-GB","potentialAction":[{"@type":"ReadAction","target":["https:\/\/www.swizzle.se\/produkt\/ccell-m3-batteri\/"]}]},{"@type":"ImageObject","inLanguage":"en-GB","@id":"https:\/\/www.swizzle.se\/produkt\/ccell-m3-batteri\/#primaryimage","url":"https:\/\/staging.swizzle.se\/wp-content\/uploads\/2025\/07\/ccell-m3-battery-usb-charger-uk-391486.webp","contentUrl":"https:\/\/staging.swizzle.se\/wp-content\/uploads\/2025\/07\/ccell-m3-battery-usb-charger-uk-391486.webp","width":1000,"height":1000,"caption":"Bild batteri"},{"@type":"BreadcrumbList","@id":"https:\/\/www.swizzle.se\/produkt\/ccell-m3-batteri\/#breadcrumb","itemListElement":[{"@type":"ListItem","position":1,"name":"Home","item":"https:\/\/www.swizzle.se\/"},{"@type":"ListItem","position":2,"name":"Shop","item":"https:\/\/www.swizzle.se\/shop\/"},{"@type":"ListItem","position":3,"name":"R\u00d6KTILLBEH\u00d6R","item":"https:\/\/www.swizzle.se\/produkt-kategori\/roktillbehor\/"},{"@type":"ListItem","position":4,"name":"CCELL M3 batteri 510 g\u00e4ngning"}]},{"@type":"WebSite","@id":"https:\/\/staging.swizzle.se\/#website","url":"https:\/\/staging.swizzle.se\/","name":"Swizzle","description":"Nicotine CBD Vapes Snus White Portion","publisher":{"@id":"https:\/\/staging.swizzle.se\/#organization"},"potentialAction":[{"@type":"SearchAction","target":{"@type":"EntryPoint","urlTemplate":"https:\/\/staging.swizzle.se\/?s={search_term_string}"},"query-input":{"@type":"PropertyValueSpecification","valueRequired":true,"valueName":"search_term_string"}}],"inLanguage":"en-GB"},{"@type":"Organization","@id":"https:\/\/staging.swizzle.se\/#organization","name":"Swizzle","url":"https:\/\/staging.swizzle.se\/","logo":{"@type":"ImageObject","inLanguage":"en-GB","@id":"https:\/\/staging.swizzle.se\/#\/schema\/logo\/image\/","url":"https:\/\/staging.swizzle.se\/wp-content\/uploads\/2025\/10\/cropped-SWIZZLE.-4.png","contentUrl":"https:\/\/staging.swizzle.se\/wp-content\/uploads\/2025\/10\/cropped-SWIZZLE.-4.png","width":800,"height":267,"caption":"Swizzle"},"image":{"@id":"https:\/\/staging.swizzle.se\/#\/schema\/logo\/image\/"},"hasMerchantReturnPolicy":{"@type":"MerchantReturnPolicy","merchantReturnLink":"https:\/\/staging.swizzle.se\/en\/villkor\/"}}]},"product_price_amount":"99.00","product_price_currency":"SEK","og_availability":"out of stock","product_availability":"out of stock","product_retailer_item_id":"Ccellbatteri","product_condition":"new"},"tiered_pricing_type":"fixed","tiered_pricing_fixed_rules":[],"tiered_pricing_product_settings":{"layout":"default","base_unit_name":{"singular":null,"plural":null},"default_variation":null},"tiered_pricing_minimum_quantity":null,"tiered_pricing_roles_data":[],"tiered_pricing_percentage_rules":[],"tiered_pricing_maximum_quantity":null,"tiered_pricing_quantity_step":null,"_links":{"self":[{"href":"https:\/\/staging.swizzle.se\/en\/wp-json\/wp\/v2\/product\/272287","targetHints":{"allow":["GET"]}}],"collection":[{"href":"https:\/\/staging.swizzle.se\/en\/wp-json\/wp\/v2\/product"}],"about":[{"href":"https:\/\/staging.swizzle.se\/en\/wp-json\/wp\/v2\/types\/product"}],"replies":[{"embeddable":true,"href":"https:\/\/staging.swizzle.se\/en\/wp-json\/wp\/v2\/comments?post=272287"}],"version-history":[{"count":0,"href":"https:\/\/staging.swizzle.se\/en\/wp-json\/wp\/v2\/product\/272287\/revisions"}],"wp:featuredmedia":[{"embeddable":true,"href":"https:\/\/staging.swizzle.se\/en\/wp-json\/wp\/v2\/media\/272289"}],"wp:attachment":[{"href":"https:\/\/staging.swizzle.se\/en\/wp-json\/wp\/v2\/media?parent=272287"}],"wp:term":[{"taxonomy":"product_brand","embeddable":true,"href":"https:\/\/staging.swizzle.se\/en\/wp-json\/wp\/v2\/product_brand?post=272287"},{"taxonomy":"product_cat","embeddable":true,"href":"https:\/\/staging.swizzle.se\/en\/wp-json\/wp\/v2\/product_cat?post=272287"},{"taxonomy":"product_tag","embeddable":true,"href":"https:\/\/staging.swizzle.se\/en\/wp-json\/wp\/v2\/product_tag?post=272287"},{"taxonomy":"superdeal","embeddable":true,"href":"https:\/\/staging.swizzle.se\/en\/wp-json\/wp\/v2\/superdeal?post=272287"},{"taxonomy":"product_variant_id","embeddable":true,"href":"https:\/\/staging.swizzle.se\/en\/wp-json\/wp\/v2\/product_variant_id?post=272287"}],"curies":[{"name":"wp","href":"https:\/\/api.w.org\/{rel}","templated":true}]}}