{"id":261599,"date":"2025-06-16T15:34:37","date_gmt":"2025-06-16T15:34:37","guid":{"rendered":"https:\/\/new.staging.swizzle.se\/produkt\/thca-buds-blue-mist-21-magic-farmers\/"},"modified":"2026-02-05T13:53:58","modified_gmt":"2026-02-05T13:53:58","slug":"thca-buds-blue-mist-21-indica-magic-farmers","status":"publish","type":"product","link":"https:\/\/staging.swizzle.se\/en\/product-2\/thca-buds-blue-mist-21-indica-magic-farmers\/","title":{"rendered":"THCA BUDS &#8211; Blue Mist 21% (Indica) &#8211; Magic Farmers"},"content":{"rendered":"<div class=\"product-description\">\n<h2>THCA BUDS &#8211; Blue Mist 21% (Indica) &#8211; Magic Farmers<\/h2>\n<p>L\u00e5t dig svepas med av mystiken i <strong>Blue Mist 21%<\/strong> \u2013 en exklusiv hampablomma som kombinerar naturlig styrka med en harmonisk doftupplevelse. Denna botaniska skatt \u00e4r omsorgsfullt odlad och prydd med ett gnistrande lager av frostiga trikomer, vilket vittnar om dess h\u00f6ga kvalitet och styrka.<\/p>\n<p>Med en imponerande <strong>THCA-halt p\u00e5 21%<\/strong> levererar Blue Mist en balanserad upplevelse som passar perfekt f\u00f6r dig som s\u00f6ker lugn, fokus och en mild k\u00e4nsla av avslappning. Resultatet \u00e4r en <strong>komplex och minnesv\u00e4rd aromprofil<\/strong> som tilltalar b\u00e5de nyb\u00f6rjare och erfarna samlare.<\/p>\n<p>Blommans <strong>t\u00e4ta och klibbiga konsistens<\/strong> signalerar rikliga m\u00e4ngder harts och en naturlig balans av cannabinoider. Den \u00e4r idealisk f\u00f6r samlare som uppskattar smakrika, men samtidigt mjuka upplevelser.<\/p>\n<h3>F\u00f6rdelar:<\/h3>\n<ul>\n<li>21% THCA \u2013 kraftfull men balanserad<\/li>\n<li>Indica dominerad<\/li>\n<li>Smakprofil: jord, b\u00e4r och tall<\/li>\n<li>T\u00e4ta, hartsrika blommor med h\u00f6g kvalitet<\/li>\n<li>Utan tillsatser \u2013 100% naturlig produkt<\/li>\n<li>Laboratorietestad och odlad inom EU<\/li>\n<li>Indica Strain<\/li>\n<\/ul>\n<p>Se \u00e4ven:\u00a0<a href=\"https:\/\/staging.swizzle.se\/en\/product-2\/thca-buds-wonderland-haze-21-magic-farmers-2\/\">THCA BUDS \u2013 Wonderland Haze 21% \u2013 Magic Farmers<\/a> &amp;\u00a0<a href=\"https:\/\/staging.swizzle.se\/en\/product-2\/thca-buds-og-kush-22\/\">THCA Buds OG Kush 22%<\/a><\/p>\n<p>Obs!<br \/>\nDu m\u00e5ste vara minst 18 \u00e5r f\u00f6r att k\u00f6pa denna produkt. Den \u00e4r inte avsedd som l\u00e4kemedel, kosttillskott eller naturprodukt. Vi uppmuntrar inte till konsumtion eller r\u00f6kning av produkten. F\u00f6rvara den utom r\u00e4ckh\u00e5ll f\u00f6r barn.Vi friskriver oss fr\u00e5n hur du som kund anv\u00e4nder v\u00e5ra produkter. Vi s\u00e4ljer dem f\u00f6r samlings- och prydnadssyften.<\/p>\n<\/div>","protected":false},"excerpt":{"rendered":"<div class=\"product-short-description\">\n<h2>THCA BUDS &#8211; Blue Mist 21% (Indica) &#8211; Magic Farmers<\/h2>\n<p>&nbsp;<\/p>\n<p><strong>S\u00e4ljes per gram. 1 enhet = 1 gram.<\/strong><\/p>\n<h2>THCA BUDS &#8211; Blue Mist 21% (Indica) &#8211; Magic Farmers<\/h2>\n<p>&nbsp;<\/p>\n<p class=\"ai-optimize-42\">\u00e4r en premium THCA-blomma med kraftfullt inneh\u00e5ll och rik aromprofil. Jordn\u00e4ra toner m\u00f6ter b\u00e4rig s\u00f6tma och tall, perfekt f\u00f6r dig som s\u00f6ker naturlig avslappning och klarhet \u2013 utan kompromisser.<\/p>\n<p class=\"ai-optimize-41 ai-optimize-introduction\">Indica Strain.<\/p>\n<\/div>\n<p>Denna produkt har en l\u00e4gsta prisgaranti, l\u00e4s mer om vad det inneb\u00e4r<a href=\"https:\/\/staging.swizzle.se\/en\/lagsta-pris-garanti\/\"><b> h\u00e4r<\/b><\/a>.<\/p>","protected":false},"featured_media":261600,"comment_status":"open","ping_status":"closed","template":"","meta":{"site-sidebar-layout":"default","site-content-layout":"","ast-site-content-layout":"default","site-content-style":"default","site-sidebar-style":"default","ast-global-header-display":"","ast-banner-title-visibility":"","ast-main-header-display":"","ast-hfb-above-header-display":"","ast-hfb-below-header-display":"","ast-hfb-mobile-header-display":"","site-post-title":"","ast-breadcrumbs-content":"","ast-featured-img":"","footer-sml-layout":"","ast-disable-related-posts":"","theme-transparent-header-meta":"default","adv-header-id-meta":"","stick-header-meta":"default","header-above-stick-meta":"","header-main-stick-meta":"","header-below-stick-meta":"","astra-migrate-meta-layouts":"set","ast-page-background-enabled":"default","ast-page-background-meta":{"desktop":{"background-color":"var(--ast-global-color-4)","background-image":"","background-repeat":"repeat","background-position":"center center","background-size":"auto","background-attachment":"scroll","background-type":"","background-media":"","overlay-type":"","overlay-color":"","overlay-opacity":"","overlay-gradient":""},"tablet":{"background-color":"","background-image":"","background-repeat":"repeat","background-position":"center center","background-size":"auto","background-attachment":"scroll","background-type":"","background-media":"","overlay-type":"","overlay-color":"","overlay-opacity":"","overlay-gradient":""},"mobile":{"background-color":"","background-image":"","background-repeat":"repeat","background-position":"center center","background-size":"auto","background-attachment":"scroll","background-type":"","background-media":"","overlay-type":"","overlay-color":"","overlay-opacity":"","overlay-gradient":""}},"ast-content-background-meta":{"desktop":{"background-color":"var(--ast-global-color-5)","background-image":"","background-repeat":"repeat","background-position":"center center","background-size":"auto","background-attachment":"scroll","background-type":"","background-media":"","overlay-type":"","overlay-color":"","overlay-opacity":"","overlay-gradient":""},"tablet":{"background-color":"var(--ast-global-color-5)","background-image":"","background-repeat":"repeat","background-position":"center center","background-size":"auto","background-attachment":"scroll","background-type":"","background-media":"","overlay-type":"","overlay-color":"","overlay-opacity":"","overlay-gradient":""},"mobile":{"background-color":"var(--ast-global-color-5)","background-image":"","background-repeat":"repeat","background-position":"center center","background-size":"auto","background-attachment":"scroll","background-type":"","background-media":"","overlay-type":"","overlay-color":"","overlay-opacity":"","overlay-gradient":""}}},"product_brand":[756],"product_cat":[303,317],"product_tag":[],"superdeal":[],"product_variant_id":[],"class_list":{"0":"post-261599","1":"product","2":"type-product","3":"status-publish","4":"has-post-thumbnail","6":"product_brand-magic-farmers","7":"product_cat-thca","8":"product_cat-thca-buds-blommor","9":"desktop-align-center","10":"tablet-align-left","11":"mobile-align-left","12":"ast-product-gallery-layout-horizontal-slider","13":"ast-magnify-disabled","14":"ast-product-tabs-layout-horizontal","16":"first","17":"instock","18":"taxable","19":"shipping-taxable","20":"purchasable","21":"product-type-simple"},"yoast_head":"<!-- This site is optimized with the Yoast SEO Premium plugin v26.9 (Yoast SEO v26.9) - https:\/\/yoast.com\/product\/yoast-seo-premium-wordpress\/ -->\n<title>THCA BUDS - Blue Mist 21% (Indica) - Magic Farmers<\/title>\n<meta name=\"description\" content=\"THCA BUDS - Blue Mist 21% - Magic Farmers. Schweizisk kvalitet. Med varje puff f\u00e5r du s\u00f6ta aromer som ger en sk\u00f6n avkoppling.\" \/>\n<meta name=\"robots\" content=\"noindex, follow, max-snippet:-1, max-image-preview:large, max-video-preview:-1\" \/>\n<meta property=\"og:locale\" content=\"en_GB\" \/>\n<meta property=\"og:type\" content=\"article\" \/>\n<meta property=\"og:title\" content=\"THCA Buds 21% Wonderland Haze - Magic Farmers\" \/>\n<meta property=\"og:description\" content=\"THCA Buds 21% Wonderland Haze - Magic Farmers. Schweizisk kvalitet. Med varje puff f\u00e5r du s\u00f6ta aromer som ger en sk\u00f6n avkoppling.\" \/>\n<meta property=\"og:url\" content=\"https:\/\/www.swizzle.se\/produkt\/thca-buds-blue-mist-21-indica-magic-farmers\/\" \/>\n<meta property=\"og:site_name\" content=\"Swizzle\" \/>\n<meta property=\"article:modified_time\" content=\"2026-02-05T13:53:58+00:00\" \/>\n<meta property=\"og:image\" content=\"https:\/\/www.swizzle.se\/wp-content\/uploads\/2025\/06\/ratt-bakrund-canadips-3-1.png\" \/>\n\t<meta property=\"og:image:width\" content=\"600\" \/>\n\t<meta property=\"og:image:height\" content=\"600\" \/>\n\t<meta property=\"og:image:type\" content=\"image\/png\" \/>\n<meta name=\"twitter:card\" content=\"summary_large_image\" \/>\n<meta name=\"twitter:title\" content=\"THCA Buds 21% Wonderland Haze - Magic Farmers\" \/>\n<meta name=\"twitter:description\" content=\"THCA Buds 21% Wonderland Haze - Magic Farmers. Schweizisk kvalitet. Med varje puff f\u00e5r du s\u00f6ta aromer som ger en sk\u00f6n avkoppling.\" \/>\n<meta name=\"twitter:label1\" content=\"Price\" \/>\n\t<meta name=\"twitter:data1\" content=\"159.00&nbsp;&#107;&#114;\" \/>\n\t<meta name=\"twitter:label2\" content=\"Availability\" \/>\n\t<meta name=\"twitter:data2\" content=\"In stock\" \/>\n<script type=\"application\/ld+json\" class=\"yoast-schema-graph\">{\"@context\":\"https:\/\/schema.org\",\"@graph\":[{\"@type\":\"WebPage\",\"@id\":\"https:\/\/www.swizzle.se\/produkt\/thca-buds-blue-mist-21-indica-magic-farmers\/\",\"url\":\"https:\/\/www.swizzle.se\/produkt\/thca-buds-blue-mist-21-indica-magic-farmers\/\",\"name\":\"THCA BUDS - Blue Mist 21% (Indica) - Magic Farmers\",\"isPartOf\":{\"@id\":\"https:\/\/staging.swizzle.se\/#website\"},\"primaryImageOfPage\":{\"@id\":\"https:\/\/www.swizzle.se\/produkt\/thca-buds-blue-mist-21-indica-magic-farmers\/#primaryimage\"},\"image\":{\"@id\":\"https:\/\/www.swizzle.se\/produkt\/thca-buds-blue-mist-21-indica-magic-farmers\/#primaryimage\"},\"thumbnailUrl\":\"https:\/\/staging.swizzle.se\/wp-content\/uploads\/2025\/06\/ratt-bakrund-canadips-3-1.png\",\"datePublished\":\"2025-06-16T15:34:37+00:00\",\"dateModified\":\"2026-02-05T13:53:58+00:00\",\"description\":\"THCA BUDS - Blue Mist 21% - Magic Farmers. Schweizisk kvalitet. Med varje puff f\u00e5r du s\u00f6ta aromer som ger en sk\u00f6n avkoppling.\",\"breadcrumb\":{\"@id\":\"https:\/\/www.swizzle.se\/produkt\/thca-buds-blue-mist-21-indica-magic-farmers\/#breadcrumb\"},\"inLanguage\":\"en-GB\",\"potentialAction\":[{\"@type\":\"ReadAction\",\"target\":[\"https:\/\/www.swizzle.se\/produkt\/thca-buds-blue-mist-21-indica-magic-farmers\/\"]}]},{\"@type\":\"ImageObject\",\"inLanguage\":\"en-GB\",\"@id\":\"https:\/\/www.swizzle.se\/produkt\/thca-buds-blue-mist-21-indica-magic-farmers\/#primaryimage\",\"url\":\"https:\/\/staging.swizzle.se\/wp-content\/uploads\/2025\/06\/ratt-bakrund-canadips-3-1.png\",\"contentUrl\":\"https:\/\/staging.swizzle.se\/wp-content\/uploads\/2025\/06\/ratt-bakrund-canadips-3-1.png\",\"width\":600,\"height\":600,\"caption\":\"THCA BUDS - Blue Mist 21% (Indica) - Magic Farmers\"},{\"@type\":\"BreadcrumbList\",\"@id\":\"https:\/\/www.swizzle.se\/produkt\/thca-buds-blue-mist-21-indica-magic-farmers\/#breadcrumb\",\"itemListElement\":[{\"@type\":\"ListItem\",\"position\":1,\"name\":\"Home\",\"item\":\"https:\/\/www.swizzle.se\/\"},{\"@type\":\"ListItem\",\"position\":2,\"name\":\"Shop\",\"item\":\"https:\/\/www.swizzle.se\/shop\/\"},{\"@type\":\"ListItem\",\"position\":3,\"name\":\"THCA\",\"item\":\"https:\/\/www.swizzle.se\/produkt-kategori\/thca\/\"},{\"@type\":\"ListItem\",\"position\":4,\"name\":\"THCA BUDS \/ BLOMMOR\",\"item\":\"https:\/\/www.swizzle.se\/produkt-kategori\/thca\/thca-buds-blommor\/\"},{\"@type\":\"ListItem\",\"position\":5,\"name\":\"THCA BUDS &#8211; Blue Mist 21% (Indica) &#8211; Magic Farmers\"}]},{\"@type\":\"WebSite\",\"@id\":\"https:\/\/staging.swizzle.se\/#website\",\"url\":\"https:\/\/staging.swizzle.se\/\",\"name\":\"Swizzle\",\"description\":\"Nikotin CBD Vapes Snus White Portion\",\"publisher\":{\"@id\":\"https:\/\/staging.swizzle.se\/#organization\"},\"potentialAction\":[{\"@type\":\"SearchAction\",\"target\":{\"@type\":\"EntryPoint\",\"urlTemplate\":\"https:\/\/staging.swizzle.se\/?s={search_term_string}\"},\"query-input\":{\"@type\":\"PropertyValueSpecification\",\"valueRequired\":true,\"valueName\":\"search_term_string\"}}],\"inLanguage\":\"en-GB\"},{\"@type\":\"Organization\",\"@id\":\"https:\/\/staging.swizzle.se\/#organization\",\"name\":\"Swizzle\",\"url\":\"https:\/\/staging.swizzle.se\/\",\"logo\":{\"@type\":\"ImageObject\",\"inLanguage\":\"en-GB\",\"@id\":\"https:\/\/staging.swizzle.se\/#\/schema\/logo\/image\/\",\"url\":\"https:\/\/staging.swizzle.se\/wp-content\/uploads\/2025\/10\/cropped-SWIZZLE.-4.png\",\"contentUrl\":\"https:\/\/staging.swizzle.se\/wp-content\/uploads\/2025\/10\/cropped-SWIZZLE.-4.png\",\"width\":800,\"height\":267,\"caption\":\"Swizzle\"},\"image\":{\"@id\":\"https:\/\/staging.swizzle.se\/#\/schema\/logo\/image\/\"},\"hasMerchantReturnPolicy\":{\"@type\":\"MerchantReturnPolicy\",\"merchantReturnLink\":\"https:\/\/staging.swizzle.se\/en\/villkor\/\"}}]}<\/script>\n<meta property=\"product:price:amount\" content=\"159.00\" \/>\n<meta property=\"product:price:currency\" content=\"SEK\" \/>\n<meta property=\"og:availability\" content=\"instock\" \/>\n<meta property=\"product:availability\" content=\"instock\" \/>\n<meta property=\"product:retailer_item_id\" content=\"SWBUDS1-1-1\" \/>\n<meta property=\"product:condition\" content=\"new\" \/>\n<!-- \/ Yoast SEO Premium plugin. -->","yoast_head_json":{"title":"THCA BUDS - Blue Mist 21% (Indica) - Magic Farmers","description":"THCA BUDS - Blue Mist 21% - Magic Farmers. Schweizisk kvalitet. Med varje puff f\u00e5r du s\u00f6ta aromer som ger en sk\u00f6n avkoppling.","robots":{"index":"noindex","follow":"follow","max-snippet":"max-snippet:-1","max-image-preview":"max-image-preview:large","max-video-preview":"max-video-preview:-1"},"og_locale":"en_GB","og_type":"article","og_title":"THCA Buds 21% Wonderland Haze - Magic Farmers","og_description":"THCA Buds 21% Wonderland Haze - Magic Farmers. Schweizisk kvalitet. Med varje puff f\u00e5r du s\u00f6ta aromer som ger en sk\u00f6n avkoppling.","og_url":"https:\/\/www.swizzle.se\/produkt\/thca-buds-blue-mist-21-indica-magic-farmers\/","og_site_name":"Swizzle","article_modified_time":"2026-02-05T13:53:58+00:00","og_image":[{"width":600,"height":600,"url":"https:\/\/www.swizzle.se\/wp-content\/uploads\/2025\/06\/ratt-bakrund-canadips-3-1.png","type":"image\/png"}],"twitter_card":"summary_large_image","twitter_title":"THCA Buds 21% Wonderland Haze - Magic Farmers","twitter_description":"THCA Buds 21% Wonderland Haze - Magic Farmers. Schweizisk kvalitet. Med varje puff f\u00e5r du s\u00f6ta aromer som ger en sk\u00f6n avkoppling.","twitter_misc":{"Price":"159.00&nbsp;&#107;&#114;","Availability":"In stock"},"schema":{"@context":"https:\/\/schema.org","@graph":[{"@type":"WebPage","@id":"https:\/\/www.swizzle.se\/produkt\/thca-buds-blue-mist-21-indica-magic-farmers\/","url":"https:\/\/www.swizzle.se\/produkt\/thca-buds-blue-mist-21-indica-magic-farmers\/","name":"THCA BUDS - Blue Mist 21% (Indica) - Magic Farmers","isPartOf":{"@id":"https:\/\/staging.swizzle.se\/#website"},"primaryImageOfPage":{"@id":"https:\/\/www.swizzle.se\/produkt\/thca-buds-blue-mist-21-indica-magic-farmers\/#primaryimage"},"image":{"@id":"https:\/\/www.swizzle.se\/produkt\/thca-buds-blue-mist-21-indica-magic-farmers\/#primaryimage"},"thumbnailUrl":"https:\/\/staging.swizzle.se\/wp-content\/uploads\/2025\/06\/ratt-bakrund-canadips-3-1.png","datePublished":"2025-06-16T15:34:37+00:00","dateModified":"2026-02-05T13:53:58+00:00","description":"THCA BUDS - Blue Mist 21% - Magic Farmers. Schweizisk kvalitet. Med varje puff f\u00e5r du s\u00f6ta aromer som ger en sk\u00f6n avkoppling.","breadcrumb":{"@id":"https:\/\/www.swizzle.se\/produkt\/thca-buds-blue-mist-21-indica-magic-farmers\/#breadcrumb"},"inLanguage":"en-GB","potentialAction":[{"@type":"ReadAction","target":["https:\/\/www.swizzle.se\/produkt\/thca-buds-blue-mist-21-indica-magic-farmers\/"]}]},{"@type":"ImageObject","inLanguage":"en-GB","@id":"https:\/\/www.swizzle.se\/produkt\/thca-buds-blue-mist-21-indica-magic-farmers\/#primaryimage","url":"https:\/\/staging.swizzle.se\/wp-content\/uploads\/2025\/06\/ratt-bakrund-canadips-3-1.png","contentUrl":"https:\/\/staging.swizzle.se\/wp-content\/uploads\/2025\/06\/ratt-bakrund-canadips-3-1.png","width":600,"height":600,"caption":"THCA BUDS - Blue Mist 21% (Indica) - Magic Farmers"},{"@type":"BreadcrumbList","@id":"https:\/\/www.swizzle.se\/produkt\/thca-buds-blue-mist-21-indica-magic-farmers\/#breadcrumb","itemListElement":[{"@type":"ListItem","position":1,"name":"Home","item":"https:\/\/www.swizzle.se\/"},{"@type":"ListItem","position":2,"name":"Shop","item":"https:\/\/www.swizzle.se\/shop\/"},{"@type":"ListItem","position":3,"name":"THCA","item":"https:\/\/www.swizzle.se\/produkt-kategori\/thca\/"},{"@type":"ListItem","position":4,"name":"THCA BUDS \/ BLOMMOR","item":"https:\/\/www.swizzle.se\/produkt-kategori\/thca\/thca-buds-blommor\/"},{"@type":"ListItem","position":5,"name":"THCA BUDS &#8211; Blue Mist 21% (Indica) &#8211; Magic Farmers"}]},{"@type":"WebSite","@id":"https:\/\/staging.swizzle.se\/#website","url":"https:\/\/staging.swizzle.se\/","name":"Swizzle","description":"Nicotine CBD Vapes Snus White Portion","publisher":{"@id":"https:\/\/staging.swizzle.se\/#organization"},"potentialAction":[{"@type":"SearchAction","target":{"@type":"EntryPoint","urlTemplate":"https:\/\/staging.swizzle.se\/?s={search_term_string}"},"query-input":{"@type":"PropertyValueSpecification","valueRequired":true,"valueName":"search_term_string"}}],"inLanguage":"en-GB"},{"@type":"Organization","@id":"https:\/\/staging.swizzle.se\/#organization","name":"Swizzle","url":"https:\/\/staging.swizzle.se\/","logo":{"@type":"ImageObject","inLanguage":"en-GB","@id":"https:\/\/staging.swizzle.se\/#\/schema\/logo\/image\/","url":"https:\/\/staging.swizzle.se\/wp-content\/uploads\/2025\/10\/cropped-SWIZZLE.-4.png","contentUrl":"https:\/\/staging.swizzle.se\/wp-content\/uploads\/2025\/10\/cropped-SWIZZLE.-4.png","width":800,"height":267,"caption":"Swizzle"},"image":{"@id":"https:\/\/staging.swizzle.se\/#\/schema\/logo\/image\/"},"hasMerchantReturnPolicy":{"@type":"MerchantReturnPolicy","merchantReturnLink":"https:\/\/staging.swizzle.se\/en\/villkor\/"}}]},"product_price_amount":"159.00","product_price_currency":"SEK","og_availability":"instock","product_availability":"instock","product_retailer_item_id":"SWBUDS1-1-1","product_condition":"new"},"tiered_pricing_type":"fixed","tiered_pricing_fixed_rules":[],"tiered_pricing_product_settings":{"layout":"default","base_unit_name":{"singular":null,"plural":null},"default_variation":null},"tiered_pricing_minimum_quantity":null,"tiered_pricing_roles_data":[],"tiered_pricing_percentage_rules":[],"tiered_pricing_maximum_quantity":null,"tiered_pricing_quantity_step":null,"_links":{"self":[{"href":"https:\/\/staging.swizzle.se\/en\/wp-json\/wp\/v2\/product\/261599","targetHints":{"allow":["GET"]}}],"collection":[{"href":"https:\/\/staging.swizzle.se\/en\/wp-json\/wp\/v2\/product"}],"about":[{"href":"https:\/\/staging.swizzle.se\/en\/wp-json\/wp\/v2\/types\/product"}],"replies":[{"embeddable":true,"href":"https:\/\/staging.swizzle.se\/en\/wp-json\/wp\/v2\/comments?post=261599"}],"version-history":[{"count":0,"href":"https:\/\/staging.swizzle.se\/en\/wp-json\/wp\/v2\/product\/261599\/revisions"}],"wp:featuredmedia":[{"embeddable":true,"href":"https:\/\/staging.swizzle.se\/en\/wp-json\/wp\/v2\/media\/261600"}],"wp:attachment":[{"href":"https:\/\/staging.swizzle.se\/en\/wp-json\/wp\/v2\/media?parent=261599"}],"wp:term":[{"taxonomy":"product_brand","embeddable":true,"href":"https:\/\/staging.swizzle.se\/en\/wp-json\/wp\/v2\/product_brand?post=261599"},{"taxonomy":"product_cat","embeddable":true,"href":"https:\/\/staging.swizzle.se\/en\/wp-json\/wp\/v2\/product_cat?post=261599"},{"taxonomy":"product_tag","embeddable":true,"href":"https:\/\/staging.swizzle.se\/en\/wp-json\/wp\/v2\/product_tag?post=261599"},{"taxonomy":"superdeal","embeddable":true,"href":"https:\/\/staging.swizzle.se\/en\/wp-json\/wp\/v2\/superdeal?post=261599"},{"taxonomy":"product_variant_id","embeddable":true,"href":"https:\/\/staging.swizzle.se\/en\/wp-json\/wp\/v2\/product_variant_id?post=261599"}],"curies":[{"name":"wp","href":"https:\/\/api.w.org\/{rel}","templated":true}]}}