{"id":261579,"date":"2025-06-16T09:28:26","date_gmt":"2025-06-16T09:28:26","guid":{"rendered":"https:\/\/new.staging.swizzle.se\/produkt\/e-liquid-1000-mg-pg-cbd-pure-base-harmony\/"},"modified":"2026-02-04T14:07:25","modified_gmt":"2026-02-04T14:07:25","slug":"e-liquid-1000-mg-pg-cbd-pure-base-harmony","status":"publish","type":"product","link":"https:\/\/staging.swizzle.se\/en\/product-2\/e-liquid-1000-mg-pg-cbd-pure-base-harmony\/","title":{"rendered":"E-liquid &#8211; 1000 mg PG + CBD &#8211; Pure Base &#8211; Harmony"},"content":{"rendered":"<div class=\"product-description\">\n<h2>E-liquid &#8211; 1000 mg PG + CBD &#8211; Pure Base &#8211; Harmony<\/h2>\n<p>Ge dina kunder friheten att skapa sina egna unika E-Liquids med <strong>Harmony Pure CBD Base<\/strong> \u2013 en smakfri, m\u00e5ngsidig och h\u00f6gkvalitativ grundv\u00e4tska f\u00f6r DIY-entusiaster. Denna basv\u00e4tska inneh\u00e5ller hela <strong>1000 mg CBD<\/strong> i en 10 ml flaska, och \u00e4r helt utan tillsatta smaker, vilket g\u00f6r den perfekt att blanda med valfri e-v\u00e4tska.<\/p>\n<p>Harmony anv\u00e4nder <strong>certifierad ekologisk hampa<\/strong> fr\u00e5n Europa vid extraktion av CBD, vilket s\u00e4kerst\u00e4ller en ren, naturlig och effektiv produkt utan THC \u2013 inga psykoaktiva effekter, bara ren cannabinoidkraft. Basen best\u00e5r av <strong>Propylenglykol (PG)<\/strong> berikad med Cannabidiol och \u00e4r helt fri fr\u00e5n nikotin, VG och andra fyllnadsmedel.<\/p>\n<p>Detta \u00e4r den perfekta produkten f\u00f6r kunder som vill h\u00f6ja sin CBD-dos eller l\u00e4gga till CBD till en e-juice som fr\u00e5n b\u00f6rjan inte inneh\u00e5ller det. Harmony Pure Base p\u00e5verkar inte smaken p\u00e5 den e-v\u00e4tska du blandar den med \u2013 den <strong>\u00f6kar endast CBD-inneh\u00e5llet<\/strong>. En utm\u00e4rkt l\u00f6sning f\u00f6r e-handlare som vill erbjuda n\u00e5got extra till kunder med personliga preferenser.<\/p>\n<h3>F\u00f6rdelar:<\/h3>\n<ul>\n<li>1000 mg CBD per 10 ml flaska<\/li>\n<li>Smakfri \u2013 perfekt f\u00f6r DIY-blandningar<\/li>\n<li>P\u00e5verkar inte smaken p\u00e5 andra e-v\u00e4tskor<\/li>\n<li>Kan blandas med vilken e-juice som helst<\/li>\n<li>Tillverkad med ekologiskt certifierad EU-hampa<\/li>\n<li>Fri fr\u00e5n THC, nikotin och VG<\/li>\n<li>Laboratorietestad f\u00f6r kvalitet och renhet<\/li>\n<\/ul>\n<p>Oavsett om du s\u00e4ljer till nyb\u00f6rjare inom DIY eller erfarna vape-anv\u00e4ndare, \u00e4r denna basv\u00e4tska ett m\u00e5ste i ditt sortiment.<\/p>\n<\/div>\n<p><strong>Obs!<\/strong><br \/>\nDu m\u00e5ste vara minst 18 \u00e5r f\u00f6r att k\u00f6pa denna produkt. Den \u00e4r inte avsedd som l\u00e4kemedel, kosttillskott eller naturprodukt. Vi uppmuntrar inte till konsumtion eller r\u00f6kning av produkten. F\u00f6rvara den utom r\u00e4ckh\u00e5ll f\u00f6r barn.Vi friskriver oss fr\u00e5n hur du som kund anv\u00e4nder v\u00e5ra produkter. Vi s\u00e4ljer dem f\u00f6r samlings- och prydnadssyften.<\/p>","protected":false},"excerpt":{"rendered":"<div class=\"product-short-description\">\n<h3 class=\"ai-optimize-45\">E-liquid &#8211; 1000 mg PG + CBD &#8211; Pure Base &#8211; Harmony<\/h3>\n<p class=\"ai-optimize-44 ai-optimize-introduction\">Smakfri och kraftfull <strong>CBD-basv\u00e4tska<\/strong> med <strong>1000 mg CBD<\/strong> per flaska. Perfekt f\u00f6r DIY-blandningar \u2013 l\u00e4gg till i din favorit e-juice utan att \u00e4ndra smaken. Tillverkad av <strong>ekologiskt certifierad EU-hampa<\/strong>, fri fr\u00e5n THC och nikotin.<\/p>\n<\/div>","protected":false},"featured_media":261581,"comment_status":"open","ping_status":"closed","template":"","meta":{"site-sidebar-layout":"default","site-content-layout":"","ast-site-content-layout":"default","site-content-style":"default","site-sidebar-style":"default","ast-global-header-display":"","ast-banner-title-visibility":"","ast-main-header-display":"","ast-hfb-above-header-display":"","ast-hfb-below-header-display":"","ast-hfb-mobile-header-display":"","site-post-title":"","ast-breadcrumbs-content":"","ast-featured-img":"","footer-sml-layout":"","ast-disable-related-posts":"","theme-transparent-header-meta":"","adv-header-id-meta":"","stick-header-meta":"","header-above-stick-meta":"","header-main-stick-meta":"","header-below-stick-meta":"","astra-migrate-meta-layouts":"default","ast-page-background-enabled":"default","ast-page-background-meta":{"desktop":{"background-color":"var(--ast-global-color-4)","background-image":"","background-repeat":"repeat","background-position":"center center","background-size":"auto","background-attachment":"scroll","background-type":"","background-media":"","overlay-type":"","overlay-color":"","overlay-opacity":"","overlay-gradient":""},"tablet":{"background-color":"","background-image":"","background-repeat":"repeat","background-position":"center center","background-size":"auto","background-attachment":"scroll","background-type":"","background-media":"","overlay-type":"","overlay-color":"","overlay-opacity":"","overlay-gradient":""},"mobile":{"background-color":"","background-image":"","background-repeat":"repeat","background-position":"center center","background-size":"auto","background-attachment":"scroll","background-type":"","background-media":"","overlay-type":"","overlay-color":"","overlay-opacity":"","overlay-gradient":""}},"ast-content-background-meta":{"desktop":{"background-color":"var(--ast-global-color-5)","background-image":"","background-repeat":"repeat","background-position":"center center","background-size":"auto","background-attachment":"scroll","background-type":"","background-media":"","overlay-type":"","overlay-color":"","overlay-opacity":"","overlay-gradient":""},"tablet":{"background-color":"var(--ast-global-color-5)","background-image":"","background-repeat":"repeat","background-position":"center center","background-size":"auto","background-attachment":"scroll","background-type":"","background-media":"","overlay-type":"","overlay-color":"","overlay-opacity":"","overlay-gradient":""},"mobile":{"background-color":"var(--ast-global-color-5)","background-image":"","background-repeat":"repeat","background-position":"center center","background-size":"auto","background-attachment":"scroll","background-type":"","background-media":"","overlay-type":"","overlay-color":"","overlay-opacity":"","overlay-gradient":""}}},"product_brand":[746],"product_cat":[408,331],"product_tag":[],"superdeal":[],"product_variant_id":[],"class_list":{"0":"post-261579","1":"product","2":"type-product","3":"status-publish","4":"has-post-thumbnail","6":"product_brand-harmony","7":"product_cat-cbd-e-juice","8":"product_cat-cbd-g-n","9":"desktop-align-center","10":"tablet-align-left","11":"mobile-align-left","12":"ast-product-gallery-layout-horizontal-slider","13":"ast-product-gallery-with-no-image","14":"ast-magnify-disabled","15":"ast-product-tabs-layout-horizontal","17":"first","18":"instock","19":"taxable","20":"shipping-taxable","21":"purchasable","22":"product-type-simple"},"yoast_head":"<!-- This site is optimized with the Yoast SEO Premium plugin v26.9 (Yoast SEO v26.9) - https:\/\/yoast.com\/product\/yoast-seo-premium-wordpress\/ -->\n<title>E-liquid - 1000 mg PG + CBD - Pure Base - Harmony<\/title>\n<meta name=\"description\" content=\"E-liquid - 1000 mg PG + CBD - Pure Base - Harmony. Smakfri och kraftfull CBD-basv\u00e4tska med 1000 mg CBD per flaska. Ekologiskt certifierad EU-hampa\" \/>\n<meta name=\"robots\" content=\"noindex, follow, max-snippet:-1, max-image-preview:large, max-video-preview:-1\" \/>\n<meta property=\"og:locale\" content=\"en_GB\" \/>\n<meta property=\"og:type\" content=\"article\" \/>\n<meta property=\"og:title\" content=\"E-liquid - 1000 mg PG + CBD - Pure Base - Harmony\" \/>\n<meta property=\"og:description\" content=\"E-liquid - 1000 mg PG + CBD - Pure Base - Harmony. Smakfri och kraftfull CBD-basv\u00e4tska med 1000 mg CBD per flaska. Ekologiskt certifierad EU-hampa\" \/>\n<meta property=\"og:url\" content=\"https:\/\/www.swizzle.se\/produkt\/e-liquid-1000-mg-pg-cbd-pure-base-harmony\/\" \/>\n<meta property=\"og:site_name\" content=\"Swizzle\" \/>\n<meta property=\"article:modified_time\" content=\"2026-02-04T14:07:25+00:00\" \/>\n<meta property=\"og:image\" content=\"https:\/\/www.swizzle.se\/wp-content\/uploads\/2025\/06\/harmony-pure-base-pgcbd-1000mg-premix-vape-oil-10ml-1.jpg\" \/>\n\t<meta property=\"og:image:width\" content=\"1000\" \/>\n\t<meta property=\"og:image:height\" content=\"1167\" \/>\n\t<meta property=\"og:image:type\" content=\"image\/jpeg\" \/>\n<meta name=\"twitter:card\" content=\"summary_large_image\" \/>\n<meta name=\"twitter:label1\" content=\"Price\" \/>\n\t<meta name=\"twitter:data1\" content=\"389.00&nbsp;&#107;&#114;\" \/>\n\t<meta name=\"twitter:label2\" content=\"Availability\" \/>\n\t<meta name=\"twitter:data2\" content=\"In stock\" \/>\n<script type=\"application\/ld+json\" class=\"yoast-schema-graph\">{\"@context\":\"https:\/\/schema.org\",\"@graph\":[{\"@type\":\"WebPage\",\"@id\":\"https:\/\/www.swizzle.se\/produkt\/e-liquid-1000-mg-pg-cbd-pure-base-harmony\/\",\"url\":\"https:\/\/www.swizzle.se\/produkt\/e-liquid-1000-mg-pg-cbd-pure-base-harmony\/\",\"name\":\"E-liquid - 1000 mg PG + CBD - Pure Base - Harmony\",\"isPartOf\":{\"@id\":\"https:\/\/staging.swizzle.se\/#website\"},\"primaryImageOfPage\":{\"@id\":\"https:\/\/www.swizzle.se\/produkt\/e-liquid-1000-mg-pg-cbd-pure-base-harmony\/#primaryimage\"},\"image\":{\"@id\":\"https:\/\/www.swizzle.se\/produkt\/e-liquid-1000-mg-pg-cbd-pure-base-harmony\/#primaryimage\"},\"thumbnailUrl\":\"https:\/\/staging.swizzle.se\/wp-content\/uploads\/2025\/06\/harmony-pure-base-pgcbd-1000mg-premix-vape-oil-10ml-1.jpg\",\"datePublished\":\"2025-06-16T09:28:26+00:00\",\"dateModified\":\"2026-02-04T14:07:25+00:00\",\"description\":\"E-liquid - 1000 mg PG + CBD - Pure Base - Harmony. Smakfri och kraftfull CBD-basv\u00e4tska med 1000 mg CBD per flaska. Ekologiskt certifierad EU-hampa\",\"breadcrumb\":{\"@id\":\"https:\/\/www.swizzle.se\/produkt\/e-liquid-1000-mg-pg-cbd-pure-base-harmony\/#breadcrumb\"},\"inLanguage\":\"en-GB\",\"potentialAction\":[{\"@type\":\"ReadAction\",\"target\":[\"https:\/\/www.swizzle.se\/produkt\/e-liquid-1000-mg-pg-cbd-pure-base-harmony\/\"]}]},{\"@type\":\"ImageObject\",\"inLanguage\":\"en-GB\",\"@id\":\"https:\/\/www.swizzle.se\/produkt\/e-liquid-1000-mg-pg-cbd-pure-base-harmony\/#primaryimage\",\"url\":\"https:\/\/staging.swizzle.se\/wp-content\/uploads\/2025\/06\/harmony-pure-base-pgcbd-1000mg-premix-vape-oil-10ml-1.jpg\",\"contentUrl\":\"https:\/\/staging.swizzle.se\/wp-content\/uploads\/2025\/06\/harmony-pure-base-pgcbd-1000mg-premix-vape-oil-10ml-1.jpg\",\"width\":1000,\"height\":1167,\"caption\":\"bild pure base\"},{\"@type\":\"BreadcrumbList\",\"@id\":\"https:\/\/www.swizzle.se\/produkt\/e-liquid-1000-mg-pg-cbd-pure-base-harmony\/#breadcrumb\",\"itemListElement\":[{\"@type\":\"ListItem\",\"position\":1,\"name\":\"Home\",\"item\":\"https:\/\/www.swizzle.se\/\"},{\"@type\":\"ListItem\",\"position\":2,\"name\":\"Shop\",\"item\":\"https:\/\/www.swizzle.se\/shop\/\"},{\"@type\":\"ListItem\",\"position\":3,\"name\":\"CANNABINOIDER\",\"item\":\"https:\/\/www.swizzle.se\/produkt-kategori\/cannabinoider\/\"},{\"@type\":\"ListItem\",\"position\":4,\"name\":\"CBD\/G\/N\",\"item\":\"https:\/\/www.swizzle.se\/produkt-kategori\/cannabinoider\/cbd-g-n\/\"},{\"@type\":\"ListItem\",\"position\":5,\"name\":\"CBD E-JUICE\",\"item\":\"https:\/\/www.swizzle.se\/produkt-kategori\/cannabinoider\/cbd-g-n\/cbd-e-juice\/\"},{\"@type\":\"ListItem\",\"position\":6,\"name\":\"E-liquid &#8211; 1000 mg PG + CBD &#8211; Pure Base &#8211; Harmony\"}]},{\"@type\":\"WebSite\",\"@id\":\"https:\/\/staging.swizzle.se\/#website\",\"url\":\"https:\/\/staging.swizzle.se\/\",\"name\":\"Swizzle\",\"description\":\"Nikotin CBD Vapes Snus White Portion\",\"publisher\":{\"@id\":\"https:\/\/staging.swizzle.se\/#organization\"},\"potentialAction\":[{\"@type\":\"SearchAction\",\"target\":{\"@type\":\"EntryPoint\",\"urlTemplate\":\"https:\/\/staging.swizzle.se\/?s={search_term_string}\"},\"query-input\":{\"@type\":\"PropertyValueSpecification\",\"valueRequired\":true,\"valueName\":\"search_term_string\"}}],\"inLanguage\":\"en-GB\"},{\"@type\":\"Organization\",\"@id\":\"https:\/\/staging.swizzle.se\/#organization\",\"name\":\"Swizzle\",\"url\":\"https:\/\/staging.swizzle.se\/\",\"logo\":{\"@type\":\"ImageObject\",\"inLanguage\":\"en-GB\",\"@id\":\"https:\/\/staging.swizzle.se\/#\/schema\/logo\/image\/\",\"url\":\"https:\/\/staging.swizzle.se\/wp-content\/uploads\/2025\/10\/cropped-SWIZZLE.-4.png\",\"contentUrl\":\"https:\/\/staging.swizzle.se\/wp-content\/uploads\/2025\/10\/cropped-SWIZZLE.-4.png\",\"width\":800,\"height\":267,\"caption\":\"Swizzle\"},\"image\":{\"@id\":\"https:\/\/staging.swizzle.se\/#\/schema\/logo\/image\/\"},\"hasMerchantReturnPolicy\":{\"@type\":\"MerchantReturnPolicy\",\"merchantReturnLink\":\"https:\/\/staging.swizzle.se\/en\/villkor\/\"}}]}<\/script>\n<meta property=\"product:price:amount\" content=\"389.00\" \/>\n<meta property=\"product:price:currency\" content=\"SEK\" \/>\n<meta property=\"og:availability\" content=\"instock\" \/>\n<meta property=\"product:availability\" content=\"instock\" \/>\n<meta property=\"product:retailer_item_id\" content=\"harmonypurebase\" \/>\n<meta property=\"product:condition\" content=\"new\" \/>\n<!-- \/ Yoast SEO Premium plugin. -->","yoast_head_json":{"title":"E-liquid - 1000 mg PG + CBD - Pure Base - Harmony","description":"E-liquid - 1000 mg PG + CBD - Pure Base - Harmony. Smakfri och kraftfull CBD-basv\u00e4tska med 1000 mg CBD per flaska. Ekologiskt certifierad EU-hampa","robots":{"index":"noindex","follow":"follow","max-snippet":"max-snippet:-1","max-image-preview":"max-image-preview:large","max-video-preview":"max-video-preview:-1"},"og_locale":"en_GB","og_type":"article","og_title":"E-liquid - 1000 mg PG + CBD - Pure Base - Harmony","og_description":"E-liquid - 1000 mg PG + CBD - Pure Base - Harmony. Smakfri och kraftfull CBD-basv\u00e4tska med 1000 mg CBD per flaska. Ekologiskt certifierad EU-hampa","og_url":"https:\/\/www.swizzle.se\/produkt\/e-liquid-1000-mg-pg-cbd-pure-base-harmony\/","og_site_name":"Swizzle","article_modified_time":"2026-02-04T14:07:25+00:00","og_image":[{"width":1000,"height":1167,"url":"https:\/\/www.swizzle.se\/wp-content\/uploads\/2025\/06\/harmony-pure-base-pgcbd-1000mg-premix-vape-oil-10ml-1.jpg","type":"image\/jpeg"}],"twitter_card":"summary_large_image","twitter_misc":{"Price":"389.00&nbsp;&#107;&#114;","Availability":"In stock"},"schema":{"@context":"https:\/\/schema.org","@graph":[{"@type":"WebPage","@id":"https:\/\/www.swizzle.se\/produkt\/e-liquid-1000-mg-pg-cbd-pure-base-harmony\/","url":"https:\/\/www.swizzle.se\/produkt\/e-liquid-1000-mg-pg-cbd-pure-base-harmony\/","name":"E-liquid - 1000 mg PG + CBD - Pure Base - Harmony","isPartOf":{"@id":"https:\/\/staging.swizzle.se\/#website"},"primaryImageOfPage":{"@id":"https:\/\/www.swizzle.se\/produkt\/e-liquid-1000-mg-pg-cbd-pure-base-harmony\/#primaryimage"},"image":{"@id":"https:\/\/www.swizzle.se\/produkt\/e-liquid-1000-mg-pg-cbd-pure-base-harmony\/#primaryimage"},"thumbnailUrl":"https:\/\/staging.swizzle.se\/wp-content\/uploads\/2025\/06\/harmony-pure-base-pgcbd-1000mg-premix-vape-oil-10ml-1.jpg","datePublished":"2025-06-16T09:28:26+00:00","dateModified":"2026-02-04T14:07:25+00:00","description":"E-liquid - 1000 mg PG + CBD - Pure Base - Harmony. Smakfri och kraftfull CBD-basv\u00e4tska med 1000 mg CBD per flaska. Ekologiskt certifierad EU-hampa","breadcrumb":{"@id":"https:\/\/www.swizzle.se\/produkt\/e-liquid-1000-mg-pg-cbd-pure-base-harmony\/#breadcrumb"},"inLanguage":"en-GB","potentialAction":[{"@type":"ReadAction","target":["https:\/\/www.swizzle.se\/produkt\/e-liquid-1000-mg-pg-cbd-pure-base-harmony\/"]}]},{"@type":"ImageObject","inLanguage":"en-GB","@id":"https:\/\/www.swizzle.se\/produkt\/e-liquid-1000-mg-pg-cbd-pure-base-harmony\/#primaryimage","url":"https:\/\/staging.swizzle.se\/wp-content\/uploads\/2025\/06\/harmony-pure-base-pgcbd-1000mg-premix-vape-oil-10ml-1.jpg","contentUrl":"https:\/\/staging.swizzle.se\/wp-content\/uploads\/2025\/06\/harmony-pure-base-pgcbd-1000mg-premix-vape-oil-10ml-1.jpg","width":1000,"height":1167,"caption":"bild pure base"},{"@type":"BreadcrumbList","@id":"https:\/\/www.swizzle.se\/produkt\/e-liquid-1000-mg-pg-cbd-pure-base-harmony\/#breadcrumb","itemListElement":[{"@type":"ListItem","position":1,"name":"Home","item":"https:\/\/www.swizzle.se\/"},{"@type":"ListItem","position":2,"name":"Shop","item":"https:\/\/www.swizzle.se\/shop\/"},{"@type":"ListItem","position":3,"name":"CANNABINOIDER","item":"https:\/\/www.swizzle.se\/produkt-kategori\/cannabinoider\/"},{"@type":"ListItem","position":4,"name":"CBD\/G\/N","item":"https:\/\/www.swizzle.se\/produkt-kategori\/cannabinoider\/cbd-g-n\/"},{"@type":"ListItem","position":5,"name":"CBD E-JUICE","item":"https:\/\/www.swizzle.se\/produkt-kategori\/cannabinoider\/cbd-g-n\/cbd-e-juice\/"},{"@type":"ListItem","position":6,"name":"E-liquid &#8211; 1000 mg PG + CBD &#8211; Pure Base &#8211; Harmony"}]},{"@type":"WebSite","@id":"https:\/\/staging.swizzle.se\/#website","url":"https:\/\/staging.swizzle.se\/","name":"Swizzle","description":"Nicotine CBD Vapes Snus White Portion","publisher":{"@id":"https:\/\/staging.swizzle.se\/#organization"},"potentialAction":[{"@type":"SearchAction","target":{"@type":"EntryPoint","urlTemplate":"https:\/\/staging.swizzle.se\/?s={search_term_string}"},"query-input":{"@type":"PropertyValueSpecification","valueRequired":true,"valueName":"search_term_string"}}],"inLanguage":"en-GB"},{"@type":"Organization","@id":"https:\/\/staging.swizzle.se\/#organization","name":"Swizzle","url":"https:\/\/staging.swizzle.se\/","logo":{"@type":"ImageObject","inLanguage":"en-GB","@id":"https:\/\/staging.swizzle.se\/#\/schema\/logo\/image\/","url":"https:\/\/staging.swizzle.se\/wp-content\/uploads\/2025\/10\/cropped-SWIZZLE.-4.png","contentUrl":"https:\/\/staging.swizzle.se\/wp-content\/uploads\/2025\/10\/cropped-SWIZZLE.-4.png","width":800,"height":267,"caption":"Swizzle"},"image":{"@id":"https:\/\/staging.swizzle.se\/#\/schema\/logo\/image\/"},"hasMerchantReturnPolicy":{"@type":"MerchantReturnPolicy","merchantReturnLink":"https:\/\/staging.swizzle.se\/en\/villkor\/"}}]},"product_price_amount":"389.00","product_price_currency":"SEK","og_availability":"instock","product_availability":"instock","product_retailer_item_id":"harmonypurebase","product_condition":"new"},"tiered_pricing_type":"fixed","tiered_pricing_fixed_rules":[],"tiered_pricing_product_settings":{"layout":"default","base_unit_name":{"singular":null,"plural":null},"default_variation":null},"tiered_pricing_minimum_quantity":null,"tiered_pricing_roles_data":[],"tiered_pricing_percentage_rules":[],"tiered_pricing_maximum_quantity":null,"tiered_pricing_quantity_step":null,"_links":{"self":[{"href":"https:\/\/staging.swizzle.se\/en\/wp-json\/wp\/v2\/product\/261579","targetHints":{"allow":["GET"]}}],"collection":[{"href":"https:\/\/staging.swizzle.se\/en\/wp-json\/wp\/v2\/product"}],"about":[{"href":"https:\/\/staging.swizzle.se\/en\/wp-json\/wp\/v2\/types\/product"}],"replies":[{"embeddable":true,"href":"https:\/\/staging.swizzle.se\/en\/wp-json\/wp\/v2\/comments?post=261579"}],"version-history":[{"count":0,"href":"https:\/\/staging.swizzle.se\/en\/wp-json\/wp\/v2\/product\/261579\/revisions"}],"wp:featuredmedia":[{"embeddable":true,"href":"https:\/\/staging.swizzle.se\/en\/wp-json\/wp\/v2\/media\/261581"}],"wp:attachment":[{"href":"https:\/\/staging.swizzle.se\/en\/wp-json\/wp\/v2\/media?parent=261579"}],"wp:term":[{"taxonomy":"product_brand","embeddable":true,"href":"https:\/\/staging.swizzle.se\/en\/wp-json\/wp\/v2\/product_brand?post=261579"},{"taxonomy":"product_cat","embeddable":true,"href":"https:\/\/staging.swizzle.se\/en\/wp-json\/wp\/v2\/product_cat?post=261579"},{"taxonomy":"product_tag","embeddable":true,"href":"https:\/\/staging.swizzle.se\/en\/wp-json\/wp\/v2\/product_tag?post=261579"},{"taxonomy":"superdeal","embeddable":true,"href":"https:\/\/staging.swizzle.se\/en\/wp-json\/wp\/v2\/superdeal?post=261579"},{"taxonomy":"product_variant_id","embeddable":true,"href":"https:\/\/staging.swizzle.se\/en\/wp-json\/wp\/v2\/product_variant_id?post=261579"}],"curies":[{"name":"wp","href":"https:\/\/api.w.org\/{rel}","templated":true}]}}