{"id":261563,"date":"2025-06-10T13:46:07","date_gmt":"2025-06-10T13:46:07","guid":{"rendered":"https:\/\/new.staging.swizzle.se\/produkt\/relax-cbd-g-gummies-harmony\/"},"modified":"2026-02-04T14:07:26","modified_gmt":"2026-02-04T14:07:26","slug":"relax-cbd-g-gummies-harmony","status":"publish","type":"product","link":"https:\/\/staging.swizzle.se\/en\/product-2\/relax-cbd-g-gummies-harmony\/","title":{"rendered":"Relax CBD\/G Gummies &#8211; Harmony"},"content":{"rendered":"<div class=\"product-description\">\n<h2>Relax CBD\/G Gummies &#8211; Harmony<\/h2>\n<h3>Naturlig avkoppling med smak av tropisk mango<\/h3>\n<p><strong>Harmony Relax Gummies<\/strong> kombinerar naturliga, lugnande ingredienser med en fruktig och uppfriskande smak av tropisk mango. Varje gummie inneh\u00e5ller 10 mg <strong>CBD + CBG<\/strong> fr\u00e5n hampa, samt <strong>lavendel<\/strong> och <strong>citronmeliss.<\/strong> Alla utvalda f\u00f6r deras avslappnande egenskaper.<\/p>\n<p>Denna balanserade blandning \u00e4r framtagen f\u00f6r att hj\u00e4lpa till att hantera vardagsstress, minska tr\u00f6tthet kopplad till oro, och bidra till inre lugn och k\u00e4nslom\u00e4ssig harmoni.<\/p>\n<ul>\n<li>Inneh\u00e5ller 10 mg CBD + CBG per gummie<\/li>\n<li>Berikad med lavendel och citronmeliss<\/li>\n<li>Fr\u00e4mjar avslappning och k\u00e4nslom\u00e4ssig balans<\/li>\n<li>Kan minska stressrelaterad tr\u00f6tthet<\/li>\n<li>V\u00e4xtbaserad \u2013 helt <strong>vegansk<\/strong><\/li>\n<li><strong>Laboratorietestad<\/strong> f\u00f6r kvalitet och effekt<\/li>\n<li><strong>60 gummies<\/strong> per burk \u2013 en m\u00e5nadsf\u00f6rbrukning (2 per dag)<\/li>\n<li>Vikt 180g<\/li>\n<\/ul>\n<p><strong>Rekommenderad dos:<\/strong> 2 gummies per dag.<\/p>\n<\/div>\n<p><strong>Obs!<\/strong><br \/>\nDu m\u00e5ste vara minst 18 \u00e5r f\u00f6r att k\u00f6pa denna produkt. Den \u00e4r inte avsedd som l\u00e4kemedel, kosttillskott eller naturprodukt. Vi uppmuntrar inte till konsumtion eller r\u00f6kning av produkten. F\u00f6rvara den utom r\u00e4ckh\u00e5ll f\u00f6r barn.Vi friskriver oss fr\u00e5n hur du som kund anv\u00e4nder v\u00e5ra produkter. Vi s\u00e4ljer dem f\u00f6r samlings- och prydnadssyften.<\/p>","protected":false},"excerpt":{"rendered":"<h4 class=\"ai-optimize-31\">Relax CBD\/G Gummies &#8211; Harmony<\/h4>\n<p class=\"ai-optimize-45\"><strong>Harmony Relax Gummies<\/strong> kombinerar naturliga, lugnande ingredienser med en fruktig och uppfriskande smak av tropisk mango. Varje gummie inneh\u00e5ller 10 mg <strong>CBD + CBG<\/strong> fr\u00e5n hampa tillsammans med <strong>lavendel<\/strong> och <strong>citronmeliss<\/strong> alla utvalda f\u00f6r deras avslappnande egenskaper.<\/p>\n<ul>\n<li class=\"ai-optimize-40\"><strong>60 gummies<\/strong> per burk<\/li>\n<li class=\"ai-optimize-48\">Vikt 180g<\/li>\n<\/ul>\n<p class=\"ai-optimize-41\">","protected":false},"featured_media":261565,"comment_status":"open","ping_status":"closed","template":"","meta":{"site-sidebar-layout":"default","site-content-layout":"","ast-site-content-layout":"default","site-content-style":"default","site-sidebar-style":"default","ast-global-header-display":"","ast-banner-title-visibility":"","ast-main-header-display":"","ast-hfb-above-header-display":"","ast-hfb-below-header-display":"","ast-hfb-mobile-header-display":"","site-post-title":"","ast-breadcrumbs-content":"","ast-featured-img":"","footer-sml-layout":"","ast-disable-related-posts":"","theme-transparent-header-meta":"","adv-header-id-meta":"","stick-header-meta":"","header-above-stick-meta":"","header-main-stick-meta":"","header-below-stick-meta":"","astra-migrate-meta-layouts":"default","ast-page-background-enabled":"default","ast-page-background-meta":{"desktop":{"background-color":"var(--ast-global-color-4)","background-image":"","background-repeat":"repeat","background-position":"center center","background-size":"auto","background-attachment":"scroll","background-type":"","background-media":"","overlay-type":"","overlay-color":"","overlay-opacity":"","overlay-gradient":""},"tablet":{"background-color":"","background-image":"","background-repeat":"repeat","background-position":"center center","background-size":"auto","background-attachment":"scroll","background-type":"","background-media":"","overlay-type":"","overlay-color":"","overlay-opacity":"","overlay-gradient":""},"mobile":{"background-color":"","background-image":"","background-repeat":"repeat","background-position":"center center","background-size":"auto","background-attachment":"scroll","background-type":"","background-media":"","overlay-type":"","overlay-color":"","overlay-opacity":"","overlay-gradient":""}},"ast-content-background-meta":{"desktop":{"background-color":"var(--ast-global-color-5)","background-image":"","background-repeat":"repeat","background-position":"center center","background-size":"auto","background-attachment":"scroll","background-type":"","background-media":"","overlay-type":"","overlay-color":"","overlay-opacity":"","overlay-gradient":""},"tablet":{"background-color":"var(--ast-global-color-5)","background-image":"","background-repeat":"repeat","background-position":"center center","background-size":"auto","background-attachment":"scroll","background-type":"","background-media":"","overlay-type":"","overlay-color":"","overlay-opacity":"","overlay-gradient":""},"mobile":{"background-color":"var(--ast-global-color-5)","background-image":"","background-repeat":"repeat","background-position":"center center","background-size":"auto","background-attachment":"scroll","background-type":"","background-media":"","overlay-type":"","overlay-color":"","overlay-opacity":"","overlay-gradient":""}}},"product_brand":[746],"product_cat":[410,331],"product_tag":[],"superdeal":[],"product_variant_id":[],"class_list":{"0":"post-261563","1":"product","2":"type-product","3":"status-publish","4":"has-post-thumbnail","6":"product_brand-harmony","7":"product_cat-cbd-gummies","8":"product_cat-cbd-g-n","9":"desktop-align-center","10":"tablet-align-left","11":"mobile-align-left","12":"ast-product-gallery-layout-horizontal-slider","13":"ast-product-gallery-with-no-image","14":"ast-magnify-disabled","15":"ast-product-tabs-layout-horizontal","17":"first","18":"outofstock","19":"taxable","20":"shipping-taxable","21":"purchasable","22":"product-type-simple"},"yoast_head":"<!-- This site is optimized with the Yoast SEO Premium plugin v26.9 (Yoast SEO v26.9) - https:\/\/yoast.com\/product\/yoast-seo-premium-wordpress\/ -->\n<title>Relax CBD\/G Gummies - Harmony<\/title>\n<meta name=\"description\" content=\"Relax CBD\/G Gummies - Harmony. Uppfriskande smak av tropisk mango. Varje gummie inneh\u00e5ller 10 mg CBD + CBG fr\u00e5n hampa, lavendel och citronmeliss.\" \/>\n<meta name=\"robots\" content=\"noindex, follow, max-snippet:-1, max-image-preview:large, max-video-preview:-1\" \/>\n<meta property=\"og:locale\" content=\"en_GB\" \/>\n<meta property=\"og:type\" content=\"article\" \/>\n<meta property=\"og:title\" content=\"Relax CBD\/G Gummies - Harmony\" \/>\n<meta property=\"og:description\" content=\"Relax CBD\/G Gummies - Harmony. Uppfriskande smak av tropisk mango. Varje gummie inneh\u00e5ller 10 mg CBD + CBG fr\u00e5n hampa, lavendel och citronmeliss.\" \/>\n<meta property=\"og:url\" content=\"https:\/\/www.swizzle.se\/produkt\/relax-cbd-g-gummies-harmony\/\" \/>\n<meta property=\"og:site_name\" content=\"Swizzle\" \/>\n<meta property=\"article:modified_time\" content=\"2026-02-04T14:07:26+00:00\" \/>\n<meta property=\"og:image\" content=\"https:\/\/www.swizzle.se\/wp-content\/uploads\/2025\/06\/Relax-gummies-Primary-Image_b8e7f5e9-b22d-4c3e-bd00-b1b58d7951e3.webp\" \/>\n\t<meta property=\"og:image:width\" content=\"600\" \/>\n\t<meta property=\"og:image:height\" content=\"700\" \/>\n\t<meta property=\"og:image:type\" content=\"image\/webp\" \/>\n<meta name=\"twitter:card\" content=\"summary_large_image\" \/>\n<meta name=\"twitter:title\" content=\"Relax CBD\/G Gummies - Harmony\" \/>\n<meta name=\"twitter:description\" content=\"Relax CBD\/G Gummies - Harmony. Uppfriskande smak av tropisk mango. Varje gummie inneh\u00e5ller 10 mg CBD + CBG fr\u00e5n hampa, lavendel och citronmeliss.\" \/>\n<meta name=\"twitter:label1\" content=\"Price\" \/>\n\t<meta name=\"twitter:data1\" content=\"799.00&nbsp;&#107;&#114;\" \/>\n\t<meta name=\"twitter:label2\" content=\"Availability\" \/>\n\t<meta name=\"twitter:data2\" content=\"Out of stock\" \/>\n<script type=\"application\/ld+json\" class=\"yoast-schema-graph\">{\"@context\":\"https:\/\/schema.org\",\"@graph\":[{\"@type\":\"WebPage\",\"@id\":\"https:\/\/www.swizzle.se\/produkt\/relax-cbd-g-gummies-harmony\/\",\"url\":\"https:\/\/www.swizzle.se\/produkt\/relax-cbd-g-gummies-harmony\/\",\"name\":\"Relax CBD\/G Gummies - Harmony\",\"isPartOf\":{\"@id\":\"https:\/\/staging.swizzle.se\/#website\"},\"primaryImageOfPage\":{\"@id\":\"https:\/\/www.swizzle.se\/produkt\/relax-cbd-g-gummies-harmony\/#primaryimage\"},\"image\":{\"@id\":\"https:\/\/www.swizzle.se\/produkt\/relax-cbd-g-gummies-harmony\/#primaryimage\"},\"thumbnailUrl\":\"https:\/\/staging.swizzle.se\/wp-content\/uploads\/2025\/06\/Relax-gummies-Primary-Image_b8e7f5e9-b22d-4c3e-bd00-b1b58d7951e3.webp\",\"datePublished\":\"2025-06-10T13:46:07+00:00\",\"dateModified\":\"2026-02-04T14:07:26+00:00\",\"description\":\"Relax CBD\/G Gummies - Harmony. Uppfriskande smak av tropisk mango. Varje gummie inneh\u00e5ller 10 mg CBD + CBG fr\u00e5n hampa, lavendel och citronmeliss.\",\"breadcrumb\":{\"@id\":\"https:\/\/www.swizzle.se\/produkt\/relax-cbd-g-gummies-harmony\/#breadcrumb\"},\"inLanguage\":\"en-GB\",\"potentialAction\":[{\"@type\":\"ReadAction\",\"target\":[\"https:\/\/www.swizzle.se\/produkt\/relax-cbd-g-gummies-harmony\/\"]}]},{\"@type\":\"ImageObject\",\"inLanguage\":\"en-GB\",\"@id\":\"https:\/\/www.swizzle.se\/produkt\/relax-cbd-g-gummies-harmony\/#primaryimage\",\"url\":\"https:\/\/staging.swizzle.se\/wp-content\/uploads\/2025\/06\/Relax-gummies-Primary-Image_b8e7f5e9-b22d-4c3e-bd00-b1b58d7951e3.webp\",\"contentUrl\":\"https:\/\/staging.swizzle.se\/wp-content\/uploads\/2025\/06\/Relax-gummies-Primary-Image_b8e7f5e9-b22d-4c3e-bd00-b1b58d7951e3.webp\",\"width\":600,\"height\":700,\"caption\":\"Bild relax\"},{\"@type\":\"BreadcrumbList\",\"@id\":\"https:\/\/www.swizzle.se\/produkt\/relax-cbd-g-gummies-harmony\/#breadcrumb\",\"itemListElement\":[{\"@type\":\"ListItem\",\"position\":1,\"name\":\"Home\",\"item\":\"https:\/\/www.swizzle.se\/\"},{\"@type\":\"ListItem\",\"position\":2,\"name\":\"Shop\",\"item\":\"https:\/\/www.swizzle.se\/shop\/\"},{\"@type\":\"ListItem\",\"position\":3,\"name\":\"CANNABINOIDER\",\"item\":\"https:\/\/www.swizzle.se\/produkt-kategori\/cannabinoider\/\"},{\"@type\":\"ListItem\",\"position\":4,\"name\":\"CBD\/G\/N\",\"item\":\"https:\/\/www.swizzle.se\/produkt-kategori\/cannabinoider\/cbd-g-n\/\"},{\"@type\":\"ListItem\",\"position\":5,\"name\":\"CBD GUMMIES\",\"item\":\"https:\/\/www.swizzle.se\/produkt-kategori\/cannabinoider\/cbd-g-n\/cbd-gummies\/\"},{\"@type\":\"ListItem\",\"position\":6,\"name\":\"Relax CBD\/G Gummies &#8211; Harmony\"}]},{\"@type\":\"WebSite\",\"@id\":\"https:\/\/staging.swizzle.se\/#website\",\"url\":\"https:\/\/staging.swizzle.se\/\",\"name\":\"Swizzle\",\"description\":\"Nikotin CBD Vapes Snus White Portion\",\"publisher\":{\"@id\":\"https:\/\/staging.swizzle.se\/#organization\"},\"potentialAction\":[{\"@type\":\"SearchAction\",\"target\":{\"@type\":\"EntryPoint\",\"urlTemplate\":\"https:\/\/staging.swizzle.se\/?s={search_term_string}\"},\"query-input\":{\"@type\":\"PropertyValueSpecification\",\"valueRequired\":true,\"valueName\":\"search_term_string\"}}],\"inLanguage\":\"en-GB\"},{\"@type\":\"Organization\",\"@id\":\"https:\/\/staging.swizzle.se\/#organization\",\"name\":\"Swizzle\",\"url\":\"https:\/\/staging.swizzle.se\/\",\"logo\":{\"@type\":\"ImageObject\",\"inLanguage\":\"en-GB\",\"@id\":\"https:\/\/staging.swizzle.se\/#\/schema\/logo\/image\/\",\"url\":\"https:\/\/staging.swizzle.se\/wp-content\/uploads\/2025\/10\/cropped-SWIZZLE.-4.png\",\"contentUrl\":\"https:\/\/staging.swizzle.se\/wp-content\/uploads\/2025\/10\/cropped-SWIZZLE.-4.png\",\"width\":800,\"height\":267,\"caption\":\"Swizzle\"},\"image\":{\"@id\":\"https:\/\/staging.swizzle.se\/#\/schema\/logo\/image\/\"},\"hasMerchantReturnPolicy\":{\"@type\":\"MerchantReturnPolicy\",\"merchantReturnLink\":\"https:\/\/staging.swizzle.se\/en\/villkor\/\"}}]}<\/script>\n<meta property=\"product:price:amount\" content=\"799.00\" \/>\n<meta property=\"product:price:currency\" content=\"SEK\" \/>\n<meta property=\"og:availability\" content=\"out of stock\" \/>\n<meta property=\"product:availability\" content=\"out of stock\" \/>\n<meta property=\"product:retailer_item_id\" content=\"harmonyrelax\" \/>\n<meta property=\"product:condition\" content=\"new\" \/>\n<!-- \/ Yoast SEO Premium plugin. -->","yoast_head_json":{"title":"Relax CBD\/G Gummies - Harmony","description":"Relax CBD\/G Gummies - Harmony. Uppfriskande smak av tropisk mango. Varje gummie inneh\u00e5ller 10 mg CBD + CBG fr\u00e5n hampa, lavendel och citronmeliss.","robots":{"index":"noindex","follow":"follow","max-snippet":"max-snippet:-1","max-image-preview":"max-image-preview:large","max-video-preview":"max-video-preview:-1"},"og_locale":"en_GB","og_type":"article","og_title":"Relax CBD\/G Gummies - Harmony","og_description":"Relax CBD\/G Gummies - Harmony. Uppfriskande smak av tropisk mango. Varje gummie inneh\u00e5ller 10 mg CBD + CBG fr\u00e5n hampa, lavendel och citronmeliss.","og_url":"https:\/\/www.swizzle.se\/produkt\/relax-cbd-g-gummies-harmony\/","og_site_name":"Swizzle","article_modified_time":"2026-02-04T14:07:26+00:00","og_image":[{"width":600,"height":700,"url":"https:\/\/www.swizzle.se\/wp-content\/uploads\/2025\/06\/Relax-gummies-Primary-Image_b8e7f5e9-b22d-4c3e-bd00-b1b58d7951e3.webp","type":"image\/webp"}],"twitter_card":"summary_large_image","twitter_title":"Relax CBD\/G Gummies - Harmony","twitter_description":"Relax CBD\/G Gummies - Harmony. Uppfriskande smak av tropisk mango. Varje gummie inneh\u00e5ller 10 mg CBD + CBG fr\u00e5n hampa, lavendel och citronmeliss.","twitter_misc":{"Price":"799.00&nbsp;&#107;&#114;","Availability":"Out of stock"},"schema":{"@context":"https:\/\/schema.org","@graph":[{"@type":"WebPage","@id":"https:\/\/www.swizzle.se\/produkt\/relax-cbd-g-gummies-harmony\/","url":"https:\/\/www.swizzle.se\/produkt\/relax-cbd-g-gummies-harmony\/","name":"Relax CBD\/G Gummies - Harmony","isPartOf":{"@id":"https:\/\/staging.swizzle.se\/#website"},"primaryImageOfPage":{"@id":"https:\/\/www.swizzle.se\/produkt\/relax-cbd-g-gummies-harmony\/#primaryimage"},"image":{"@id":"https:\/\/www.swizzle.se\/produkt\/relax-cbd-g-gummies-harmony\/#primaryimage"},"thumbnailUrl":"https:\/\/staging.swizzle.se\/wp-content\/uploads\/2025\/06\/Relax-gummies-Primary-Image_b8e7f5e9-b22d-4c3e-bd00-b1b58d7951e3.webp","datePublished":"2025-06-10T13:46:07+00:00","dateModified":"2026-02-04T14:07:26+00:00","description":"Relax CBD\/G Gummies - Harmony. Uppfriskande smak av tropisk mango. Varje gummie inneh\u00e5ller 10 mg CBD + CBG fr\u00e5n hampa, lavendel och citronmeliss.","breadcrumb":{"@id":"https:\/\/www.swizzle.se\/produkt\/relax-cbd-g-gummies-harmony\/#breadcrumb"},"inLanguage":"en-GB","potentialAction":[{"@type":"ReadAction","target":["https:\/\/www.swizzle.se\/produkt\/relax-cbd-g-gummies-harmony\/"]}]},{"@type":"ImageObject","inLanguage":"en-GB","@id":"https:\/\/www.swizzle.se\/produkt\/relax-cbd-g-gummies-harmony\/#primaryimage","url":"https:\/\/staging.swizzle.se\/wp-content\/uploads\/2025\/06\/Relax-gummies-Primary-Image_b8e7f5e9-b22d-4c3e-bd00-b1b58d7951e3.webp","contentUrl":"https:\/\/staging.swizzle.se\/wp-content\/uploads\/2025\/06\/Relax-gummies-Primary-Image_b8e7f5e9-b22d-4c3e-bd00-b1b58d7951e3.webp","width":600,"height":700,"caption":"Bild relax"},{"@type":"BreadcrumbList","@id":"https:\/\/www.swizzle.se\/produkt\/relax-cbd-g-gummies-harmony\/#breadcrumb","itemListElement":[{"@type":"ListItem","position":1,"name":"Home","item":"https:\/\/www.swizzle.se\/"},{"@type":"ListItem","position":2,"name":"Shop","item":"https:\/\/www.swizzle.se\/shop\/"},{"@type":"ListItem","position":3,"name":"CANNABINOIDER","item":"https:\/\/www.swizzle.se\/produkt-kategori\/cannabinoider\/"},{"@type":"ListItem","position":4,"name":"CBD\/G\/N","item":"https:\/\/www.swizzle.se\/produkt-kategori\/cannabinoider\/cbd-g-n\/"},{"@type":"ListItem","position":5,"name":"CBD GUMMIES","item":"https:\/\/www.swizzle.se\/produkt-kategori\/cannabinoider\/cbd-g-n\/cbd-gummies\/"},{"@type":"ListItem","position":6,"name":"Relax CBD\/G Gummies &#8211; Harmony"}]},{"@type":"WebSite","@id":"https:\/\/staging.swizzle.se\/#website","url":"https:\/\/staging.swizzle.se\/","name":"Swizzle","description":"Nicotine CBD Vapes Snus White Portion","publisher":{"@id":"https:\/\/staging.swizzle.se\/#organization"},"potentialAction":[{"@type":"SearchAction","target":{"@type":"EntryPoint","urlTemplate":"https:\/\/staging.swizzle.se\/?s={search_term_string}"},"query-input":{"@type":"PropertyValueSpecification","valueRequired":true,"valueName":"search_term_string"}}],"inLanguage":"en-GB"},{"@type":"Organization","@id":"https:\/\/staging.swizzle.se\/#organization","name":"Swizzle","url":"https:\/\/staging.swizzle.se\/","logo":{"@type":"ImageObject","inLanguage":"en-GB","@id":"https:\/\/staging.swizzle.se\/#\/schema\/logo\/image\/","url":"https:\/\/staging.swizzle.se\/wp-content\/uploads\/2025\/10\/cropped-SWIZZLE.-4.png","contentUrl":"https:\/\/staging.swizzle.se\/wp-content\/uploads\/2025\/10\/cropped-SWIZZLE.-4.png","width":800,"height":267,"caption":"Swizzle"},"image":{"@id":"https:\/\/staging.swizzle.se\/#\/schema\/logo\/image\/"},"hasMerchantReturnPolicy":{"@type":"MerchantReturnPolicy","merchantReturnLink":"https:\/\/staging.swizzle.se\/en\/villkor\/"}}]},"product_price_amount":"799.00","product_price_currency":"SEK","og_availability":"out of stock","product_availability":"out of stock","product_retailer_item_id":"harmonyrelax","product_condition":"new"},"tiered_pricing_type":"fixed","tiered_pricing_fixed_rules":[],"tiered_pricing_product_settings":{"layout":"default","base_unit_name":{"singular":null,"plural":null},"default_variation":null},"tiered_pricing_minimum_quantity":null,"tiered_pricing_roles_data":[],"tiered_pricing_percentage_rules":[],"tiered_pricing_maximum_quantity":null,"tiered_pricing_quantity_step":null,"_links":{"self":[{"href":"https:\/\/staging.swizzle.se\/en\/wp-json\/wp\/v2\/product\/261563","targetHints":{"allow":["GET"]}}],"collection":[{"href":"https:\/\/staging.swizzle.se\/en\/wp-json\/wp\/v2\/product"}],"about":[{"href":"https:\/\/staging.swizzle.se\/en\/wp-json\/wp\/v2\/types\/product"}],"replies":[{"embeddable":true,"href":"https:\/\/staging.swizzle.se\/en\/wp-json\/wp\/v2\/comments?post=261563"}],"version-history":[{"count":0,"href":"https:\/\/staging.swizzle.se\/en\/wp-json\/wp\/v2\/product\/261563\/revisions"}],"wp:featuredmedia":[{"embeddable":true,"href":"https:\/\/staging.swizzle.se\/en\/wp-json\/wp\/v2\/media\/261565"}],"wp:attachment":[{"href":"https:\/\/staging.swizzle.se\/en\/wp-json\/wp\/v2\/media?parent=261563"}],"wp:term":[{"taxonomy":"product_brand","embeddable":true,"href":"https:\/\/staging.swizzle.se\/en\/wp-json\/wp\/v2\/product_brand?post=261563"},{"taxonomy":"product_cat","embeddable":true,"href":"https:\/\/staging.swizzle.se\/en\/wp-json\/wp\/v2\/product_cat?post=261563"},{"taxonomy":"product_tag","embeddable":true,"href":"https:\/\/staging.swizzle.se\/en\/wp-json\/wp\/v2\/product_tag?post=261563"},{"taxonomy":"superdeal","embeddable":true,"href":"https:\/\/staging.swizzle.se\/en\/wp-json\/wp\/v2\/superdeal?post=261563"},{"taxonomy":"product_variant_id","embeddable":true,"href":"https:\/\/staging.swizzle.se\/en\/wp-json\/wp\/v2\/product_variant_id?post=261563"}],"curies":[{"name":"wp","href":"https:\/\/api.w.org\/{rel}","templated":true}]}}