{"id":261555,"date":"2025-06-10T09:02:13","date_gmt":"2025-06-10T09:02:13","guid":{"rendered":"https:\/\/new.staging.swizzle.se\/produkt\/premium-cbd-oil-spray-natural-harmony\/"},"modified":"2026-02-04T14:07:27","modified_gmt":"2026-02-04T14:07:27","slug":"premium-cbd-oil-spray-natural-harmony","status":"publish","type":"product","link":"https:\/\/staging.swizzle.se\/en\/product-2\/premium-cbd-oil-spray-natural-harmony\/","title":{"rendered":"Premium CBD oil spray &#8211; Natural &#8211; Harmony"},"content":{"rendered":"<div class=\"product-description\">\n<h1>Premium CBD oil spray &#8211; Natural &#8211; Harmony<\/h1>\n<p>Den naturella varianten har en mild och n\u00e4stintill neutral smakprofil, med en l\u00e4tt ton av jord och den naturliga aromen fr\u00e5n hampa. Subtila inslag av ekologisk olivolja rundar av upplevelsen p\u00e5 ett mjukt och balanserat s\u00e4tt.<\/p>\n<div class=\"product-description\">\n<h2>Ingredienser i CBD-olja och deras f\u00f6rdelar<\/h2>\n<ul>\n<li><strong>Ekologisk olivolja:<\/strong> Rik p\u00e5 h\u00e4lsosamma fettsyror och antioxidanter. Ekologisk olivolja \u00e4r en naturlig k\u00e4lla till omega-3 och omega-6, och ger Harmony CBD-olja dess karakt\u00e4ristiska gyllene f\u00e4rg och mjuka smakprofil.<\/li>\n<li><strong>CBD (Cannabidiol)<\/strong>: En av de mest v\u00e4lk\u00e4nda f\u00f6reningarna i cannabisv\u00e4xten. CBD \u00e4r helt fri fr\u00e5n psykoaktiva effekter och bidrar med balanserande egenskaper, extraherad direkt fr\u00e5n industrihampa av h\u00f6g kvalitet.<\/li>\n<li><strong>CBG (Cannabigerol):<\/strong> Kallas ibland f\u00f6r \u201cmodern till alla cannabinoider\u201d d\u00e5 det \u00e4r en f\u00f6reg\u00e5ngare till flera andra. CBG \u00e4r, likt CBD, icke-psykoaktiv och bidrar till den totala effekten av hampaplantans naturliga inneh\u00e5ll.<\/li>\n<li><strong>Terpener:<\/strong> Terpener \u00e4r aromatiska f\u00f6reningar som f\u00f6rekommer i v\u00e4xter, inklusive cannabis. De skapar doft och smak men bidrar ocks\u00e5 till den s\u00e5 kallade &#8221;entourage-effekten&#8221; \u2013 d\u00e4r de samverkar med cannabinoider f\u00f6r en f\u00f6rst\u00e4rkt effekt. Finns \u00e4ven i frukt, kryddor och \u00f6rter.<\/li>\n<li><strong>Kokosolja (MCT):<\/strong> Medelkedjig triglyceridolja (MCT) fr\u00e5n kokosn\u00f6t \u00e4r l\u00e4tt f\u00f6r kroppen att ta upp och omvandla till snabb energi. Den ger CBD-oljan en l\u00e4tt och behaglig konsistens samt f\u00f6rb\u00e4ttrar upptaget av de aktiva \u00e4mnena.<\/li>\n<li><strong>Bredspektrumextrakt: <\/strong>Betyder att oljan inneh\u00e5ller en rik sammans\u00e4ttning av cannabinoider, terpener och flavonoider \u2013 men utan THC. Du f\u00e5r allts\u00e5 hela hampaplantans naturliga f\u00f6rdelar, inklusive CBD och CBG, utan n\u00e5gra psykoaktiva effekter.<\/li>\n<\/ul>\n<p><strong>Obs!<\/strong><br \/>\nDu m\u00e5ste vara minst 18 \u00e5r f\u00f6r att k\u00f6pa denna produkt. Den \u00e4r inte avsedd som l\u00e4kemedel, kosttillskott eller naturprodukt. Vi uppmuntrar inte till konsumtion eller r\u00f6kning av produkten. F\u00f6rvara den utom r\u00e4ckh\u00e5ll f\u00f6r barn.Vi friskriver oss fr\u00e5n hur du som kund anv\u00e4nder v\u00e5ra produkter. Vi s\u00e4ljer dem f\u00f6r samlings- och prydnadssyften.<\/p>\n<\/div>\n<\/div>","protected":false},"excerpt":{"rendered":"<h3 class=\"ai-optimize-47 ai-optimize-introduction\">Premium CBD oil spray &#8211; Natural &#8211; Harmony<\/h3>\n<p class=\"ai-optimize-29\">Den naturella varianten har en mild och n\u00e4stintill neutral smakprofil, med en l\u00e4tt ton av jord och den naturliga aromen fr\u00e5n hampa. Subtila inslag av ekologisk olivolja rundar av upplevelsen p\u00e5 ett mjukt och balanserat s\u00e4tt.<\/p>\n<p class=\"ai-optimize-31 ai-optimize-introduction\">Harmony\u2019s bredspektrum hampaolja inneh\u00e5ller <strong>CBD, CBG<\/strong> samt andra naturliga cannabinoider, terpener och flavonoider.<\/p>\n<p class=\"ai-optimize-29\">En flaska inneh\u00e5ller 15ml, 500mg CBD.<\/p>","protected":false},"featured_media":261557,"comment_status":"open","ping_status":"closed","template":"","meta":{"site-sidebar-layout":"default","site-content-layout":"","ast-site-content-layout":"default","site-content-style":"default","site-sidebar-style":"default","ast-global-header-display":"","ast-banner-title-visibility":"","ast-main-header-display":"","ast-hfb-above-header-display":"","ast-hfb-below-header-display":"","ast-hfb-mobile-header-display":"","site-post-title":"","ast-breadcrumbs-content":"","ast-featured-img":"","footer-sml-layout":"","ast-disable-related-posts":"","theme-transparent-header-meta":"","adv-header-id-meta":"","stick-header-meta":"","header-above-stick-meta":"","header-main-stick-meta":"","header-below-stick-meta":"","astra-migrate-meta-layouts":"default","ast-page-background-enabled":"default","ast-page-background-meta":{"desktop":{"background-color":"var(--ast-global-color-4)","background-image":"","background-repeat":"repeat","background-position":"center center","background-size":"auto","background-attachment":"scroll","background-type":"","background-media":"","overlay-type":"","overlay-color":"","overlay-opacity":"","overlay-gradient":""},"tablet":{"background-color":"","background-image":"","background-repeat":"repeat","background-position":"center center","background-size":"auto","background-attachment":"scroll","background-type":"","background-media":"","overlay-type":"","overlay-color":"","overlay-opacity":"","overlay-gradient":""},"mobile":{"background-color":"","background-image":"","background-repeat":"repeat","background-position":"center center","background-size":"auto","background-attachment":"scroll","background-type":"","background-media":"","overlay-type":"","overlay-color":"","overlay-opacity":"","overlay-gradient":""}},"ast-content-background-meta":{"desktop":{"background-color":"var(--ast-global-color-5)","background-image":"","background-repeat":"repeat","background-position":"center center","background-size":"auto","background-attachment":"scroll","background-type":"","background-media":"","overlay-type":"","overlay-color":"","overlay-opacity":"","overlay-gradient":""},"tablet":{"background-color":"var(--ast-global-color-5)","background-image":"","background-repeat":"repeat","background-position":"center center","background-size":"auto","background-attachment":"scroll","background-type":"","background-media":"","overlay-type":"","overlay-color":"","overlay-opacity":"","overlay-gradient":""},"mobile":{"background-color":"var(--ast-global-color-5)","background-image":"","background-repeat":"repeat","background-position":"center center","background-size":"auto","background-attachment":"scroll","background-type":"","background-media":"","overlay-type":"","overlay-color":"","overlay-opacity":"","overlay-gradient":""}}},"product_brand":[746],"product_cat":[409,331],"product_tag":[],"superdeal":[],"product_variant_id":[],"class_list":{"0":"post-261555","1":"product","2":"type-product","3":"status-publish","4":"has-post-thumbnail","6":"product_brand-harmony","7":"product_cat-cbd-olja","8":"product_cat-cbd-g-n","9":"desktop-align-center","10":"tablet-align-left","11":"mobile-align-left","12":"ast-product-gallery-layout-horizontal-slider","13":"ast-product-gallery-with-no-image","14":"ast-magnify-disabled","15":"ast-product-tabs-layout-horizontal","17":"first","18":"instock","19":"taxable","20":"shipping-taxable","21":"purchasable","22":"product-type-simple"},"yoast_head":"<!-- This site is optimized with the Yoast SEO Premium plugin v26.9 (Yoast SEO v26.9) - https:\/\/yoast.com\/product\/yoast-seo-premium-wordpress\/ -->\n<title>Premium CBD oil spray - Natural - Harmony<\/title>\n<meta name=\"description\" content=\"Premium CBD oil spray - Natural - Harmony. En jordig och exakt doserad CBD-spray med naturlig smak. inneh\u00e5ller CBD, CBG. 15 ml.\" \/>\n<meta name=\"robots\" content=\"noindex, follow, max-snippet:-1, max-image-preview:large, max-video-preview:-1\" \/>\n<meta property=\"og:locale\" content=\"en_GB\" \/>\n<meta property=\"og:type\" content=\"article\" \/>\n<meta property=\"og:title\" content=\"Premium CBD oil spray - Natural - Harmony\" \/>\n<meta property=\"og:description\" content=\"Premium CBD oil spray - Natural - Harmony. En jordig och exakt doserad CBD-spray med naturlig smak. inneh\u00e5ller CBD, CBG. 15 ml.\" \/>\n<meta property=\"og:url\" content=\"https:\/\/www.swizzle.se\/produkt\/premium-cbd-oil-spray-natural-harmony\/\" \/>\n<meta property=\"og:site_name\" content=\"Swizzle\" \/>\n<meta property=\"article:modified_time\" content=\"2026-02-04T14:07:27+00:00\" \/>\n<meta property=\"og:image\" content=\"https:\/\/www.swizzle.se\/wp-content\/uploads\/2025\/06\/c441502aa4475e9f5a6943359dcc9a8a-harmony-cbd-olej-ve-spreji-500-mg-15-ml-natural.webp\" \/>\n\t<meta property=\"og:image:width\" content=\"600\" \/>\n\t<meta property=\"og:image:height\" content=\"600\" \/>\n\t<meta property=\"og:image:type\" content=\"image\/webp\" \/>\n<meta name=\"twitter:card\" content=\"summary_large_image\" \/>\n<meta name=\"twitter:title\" content=\"Premium CBD oil spray - Natural - Harmony\" \/>\n<meta name=\"twitter:description\" content=\"Premium CBD oil spray - Natural - Harmony. En jordig och exakt doserad CBD-spray med naturlig smak. inneh\u00e5ller CBD, CBG. 15 ml.\" \/>\n<meta name=\"twitter:label1\" content=\"Price\" \/>\n\t<meta name=\"twitter:data1\" content=\"399.00&nbsp;&#107;&#114;\" \/>\n\t<meta name=\"twitter:label2\" content=\"Availability\" \/>\n\t<meta name=\"twitter:data2\" content=\"In stock\" \/>\n<script type=\"application\/ld+json\" class=\"yoast-schema-graph\">{\"@context\":\"https:\/\/schema.org\",\"@graph\":[{\"@type\":\"WebPage\",\"@id\":\"https:\/\/www.swizzle.se\/produkt\/premium-cbd-oil-spray-natural-harmony\/\",\"url\":\"https:\/\/www.swizzle.se\/produkt\/premium-cbd-oil-spray-natural-harmony\/\",\"name\":\"Premium CBD oil spray - Natural - Harmony\",\"isPartOf\":{\"@id\":\"https:\/\/staging.swizzle.se\/#website\"},\"primaryImageOfPage\":{\"@id\":\"https:\/\/www.swizzle.se\/produkt\/premium-cbd-oil-spray-natural-harmony\/#primaryimage\"},\"image\":{\"@id\":\"https:\/\/www.swizzle.se\/produkt\/premium-cbd-oil-spray-natural-harmony\/#primaryimage\"},\"thumbnailUrl\":\"https:\/\/staging.swizzle.se\/wp-content\/uploads\/2025\/06\/c441502aa4475e9f5a6943359dcc9a8a-harmony-cbd-olej-ve-spreji-500-mg-15-ml-natural.webp\",\"datePublished\":\"2025-06-10T09:02:13+00:00\",\"dateModified\":\"2026-02-04T14:07:27+00:00\",\"description\":\"Premium CBD oil spray - Natural - Harmony. En jordig och exakt doserad CBD-spray med naturlig smak. inneh\u00e5ller CBD, CBG. 15 ml.\",\"breadcrumb\":{\"@id\":\"https:\/\/www.swizzle.se\/produkt\/premium-cbd-oil-spray-natural-harmony\/#breadcrumb\"},\"inLanguage\":\"en-GB\",\"potentialAction\":[{\"@type\":\"ReadAction\",\"target\":[\"https:\/\/www.swizzle.se\/produkt\/premium-cbd-oil-spray-natural-harmony\/\"]}]},{\"@type\":\"ImageObject\",\"inLanguage\":\"en-GB\",\"@id\":\"https:\/\/www.swizzle.se\/produkt\/premium-cbd-oil-spray-natural-harmony\/#primaryimage\",\"url\":\"https:\/\/staging.swizzle.se\/wp-content\/uploads\/2025\/06\/c441502aa4475e9f5a6943359dcc9a8a-harmony-cbd-olej-ve-spreji-500-mg-15-ml-natural.webp\",\"contentUrl\":\"https:\/\/staging.swizzle.se\/wp-content\/uploads\/2025\/06\/c441502aa4475e9f5a6943359dcc9a8a-harmony-cbd-olej-ve-spreji-500-mg-15-ml-natural.webp\",\"width\":600,\"height\":600,\"caption\":\"Bild natural\"},{\"@type\":\"BreadcrumbList\",\"@id\":\"https:\/\/www.swizzle.se\/produkt\/premium-cbd-oil-spray-natural-harmony\/#breadcrumb\",\"itemListElement\":[{\"@type\":\"ListItem\",\"position\":1,\"name\":\"Home\",\"item\":\"https:\/\/www.swizzle.se\/\"},{\"@type\":\"ListItem\",\"position\":2,\"name\":\"Shop\",\"item\":\"https:\/\/www.swizzle.se\/shop\/\"},{\"@type\":\"ListItem\",\"position\":3,\"name\":\"CANNABINOIDER\",\"item\":\"https:\/\/www.swizzle.se\/produkt-kategori\/cannabinoider\/\"},{\"@type\":\"ListItem\",\"position\":4,\"name\":\"CBD\/G\/N\",\"item\":\"https:\/\/www.swizzle.se\/produkt-kategori\/cannabinoider\/cbd-g-n\/\"},{\"@type\":\"ListItem\",\"position\":5,\"name\":\"CBD OLJA\",\"item\":\"https:\/\/www.swizzle.se\/produkt-kategori\/cannabinoider\/cbd-g-n\/cbd-olja\/\"},{\"@type\":\"ListItem\",\"position\":6,\"name\":\"Premium CBD oil spray &#8211; Natural &#8211; Harmony\"}]},{\"@type\":\"WebSite\",\"@id\":\"https:\/\/staging.swizzle.se\/#website\",\"url\":\"https:\/\/staging.swizzle.se\/\",\"name\":\"Swizzle\",\"description\":\"Nikotin CBD Vapes Snus White Portion\",\"publisher\":{\"@id\":\"https:\/\/staging.swizzle.se\/#organization\"},\"potentialAction\":[{\"@type\":\"SearchAction\",\"target\":{\"@type\":\"EntryPoint\",\"urlTemplate\":\"https:\/\/staging.swizzle.se\/?s={search_term_string}\"},\"query-input\":{\"@type\":\"PropertyValueSpecification\",\"valueRequired\":true,\"valueName\":\"search_term_string\"}}],\"inLanguage\":\"en-GB\"},{\"@type\":\"Organization\",\"@id\":\"https:\/\/staging.swizzle.se\/#organization\",\"name\":\"Swizzle\",\"url\":\"https:\/\/staging.swizzle.se\/\",\"logo\":{\"@type\":\"ImageObject\",\"inLanguage\":\"en-GB\",\"@id\":\"https:\/\/staging.swizzle.se\/#\/schema\/logo\/image\/\",\"url\":\"https:\/\/staging.swizzle.se\/wp-content\/uploads\/2025\/10\/cropped-SWIZZLE.-4.png\",\"contentUrl\":\"https:\/\/staging.swizzle.se\/wp-content\/uploads\/2025\/10\/cropped-SWIZZLE.-4.png\",\"width\":800,\"height\":267,\"caption\":\"Swizzle\"},\"image\":{\"@id\":\"https:\/\/staging.swizzle.se\/#\/schema\/logo\/image\/\"},\"hasMerchantReturnPolicy\":{\"@type\":\"MerchantReturnPolicy\",\"merchantReturnLink\":\"https:\/\/staging.swizzle.se\/en\/villkor\/\"}}]}<\/script>\n<meta property=\"product:price:amount\" content=\"399.00\" \/>\n<meta property=\"product:price:currency\" content=\"SEK\" \/>\n<meta property=\"og:availability\" content=\"instock\" \/>\n<meta property=\"product:availability\" content=\"instock\" \/>\n<meta property=\"product:retailer_item_id\" content=\"Harmonyspraymint-1\" \/>\n<meta property=\"product:condition\" content=\"new\" \/>\n<!-- \/ Yoast SEO Premium plugin. -->","yoast_head_json":{"title":"Premium CBD oil spray - Natural - Harmony","description":"Premium CBD oil spray - Natural - Harmony. En jordig och exakt doserad CBD-spray med naturlig smak. inneh\u00e5ller CBD, CBG. 15 ml.","robots":{"index":"noindex","follow":"follow","max-snippet":"max-snippet:-1","max-image-preview":"max-image-preview:large","max-video-preview":"max-video-preview:-1"},"og_locale":"en_GB","og_type":"article","og_title":"Premium CBD oil spray - Natural - Harmony","og_description":"Premium CBD oil spray - Natural - Harmony. En jordig och exakt doserad CBD-spray med naturlig smak. inneh\u00e5ller CBD, CBG. 15 ml.","og_url":"https:\/\/www.swizzle.se\/produkt\/premium-cbd-oil-spray-natural-harmony\/","og_site_name":"Swizzle","article_modified_time":"2026-02-04T14:07:27+00:00","og_image":[{"width":600,"height":600,"url":"https:\/\/www.swizzle.se\/wp-content\/uploads\/2025\/06\/c441502aa4475e9f5a6943359dcc9a8a-harmony-cbd-olej-ve-spreji-500-mg-15-ml-natural.webp","type":"image\/webp"}],"twitter_card":"summary_large_image","twitter_title":"Premium CBD oil spray - Natural - Harmony","twitter_description":"Premium CBD oil spray - Natural - Harmony. En jordig och exakt doserad CBD-spray med naturlig smak. inneh\u00e5ller CBD, CBG. 15 ml.","twitter_misc":{"Price":"399.00&nbsp;&#107;&#114;","Availability":"In stock"},"schema":{"@context":"https:\/\/schema.org","@graph":[{"@type":"WebPage","@id":"https:\/\/www.swizzle.se\/produkt\/premium-cbd-oil-spray-natural-harmony\/","url":"https:\/\/www.swizzle.se\/produkt\/premium-cbd-oil-spray-natural-harmony\/","name":"Premium CBD oil spray - Natural - Harmony","isPartOf":{"@id":"https:\/\/staging.swizzle.se\/#website"},"primaryImageOfPage":{"@id":"https:\/\/www.swizzle.se\/produkt\/premium-cbd-oil-spray-natural-harmony\/#primaryimage"},"image":{"@id":"https:\/\/www.swizzle.se\/produkt\/premium-cbd-oil-spray-natural-harmony\/#primaryimage"},"thumbnailUrl":"https:\/\/staging.swizzle.se\/wp-content\/uploads\/2025\/06\/c441502aa4475e9f5a6943359dcc9a8a-harmony-cbd-olej-ve-spreji-500-mg-15-ml-natural.webp","datePublished":"2025-06-10T09:02:13+00:00","dateModified":"2026-02-04T14:07:27+00:00","description":"Premium CBD oil spray - Natural - Harmony. En jordig och exakt doserad CBD-spray med naturlig smak. inneh\u00e5ller CBD, CBG. 15 ml.","breadcrumb":{"@id":"https:\/\/www.swizzle.se\/produkt\/premium-cbd-oil-spray-natural-harmony\/#breadcrumb"},"inLanguage":"en-GB","potentialAction":[{"@type":"ReadAction","target":["https:\/\/www.swizzle.se\/produkt\/premium-cbd-oil-spray-natural-harmony\/"]}]},{"@type":"ImageObject","inLanguage":"en-GB","@id":"https:\/\/www.swizzle.se\/produkt\/premium-cbd-oil-spray-natural-harmony\/#primaryimage","url":"https:\/\/staging.swizzle.se\/wp-content\/uploads\/2025\/06\/c441502aa4475e9f5a6943359dcc9a8a-harmony-cbd-olej-ve-spreji-500-mg-15-ml-natural.webp","contentUrl":"https:\/\/staging.swizzle.se\/wp-content\/uploads\/2025\/06\/c441502aa4475e9f5a6943359dcc9a8a-harmony-cbd-olej-ve-spreji-500-mg-15-ml-natural.webp","width":600,"height":600,"caption":"Bild natural"},{"@type":"BreadcrumbList","@id":"https:\/\/www.swizzle.se\/produkt\/premium-cbd-oil-spray-natural-harmony\/#breadcrumb","itemListElement":[{"@type":"ListItem","position":1,"name":"Home","item":"https:\/\/www.swizzle.se\/"},{"@type":"ListItem","position":2,"name":"Shop","item":"https:\/\/www.swizzle.se\/shop\/"},{"@type":"ListItem","position":3,"name":"CANNABINOIDER","item":"https:\/\/www.swizzle.se\/produkt-kategori\/cannabinoider\/"},{"@type":"ListItem","position":4,"name":"CBD\/G\/N","item":"https:\/\/www.swizzle.se\/produkt-kategori\/cannabinoider\/cbd-g-n\/"},{"@type":"ListItem","position":5,"name":"CBD OLJA","item":"https:\/\/www.swizzle.se\/produkt-kategori\/cannabinoider\/cbd-g-n\/cbd-olja\/"},{"@type":"ListItem","position":6,"name":"Premium CBD oil spray &#8211; Natural &#8211; Harmony"}]},{"@type":"WebSite","@id":"https:\/\/staging.swizzle.se\/#website","url":"https:\/\/staging.swizzle.se\/","name":"Swizzle","description":"Nicotine CBD Vapes Snus White Portion","publisher":{"@id":"https:\/\/staging.swizzle.se\/#organization"},"potentialAction":[{"@type":"SearchAction","target":{"@type":"EntryPoint","urlTemplate":"https:\/\/staging.swizzle.se\/?s={search_term_string}"},"query-input":{"@type":"PropertyValueSpecification","valueRequired":true,"valueName":"search_term_string"}}],"inLanguage":"en-GB"},{"@type":"Organization","@id":"https:\/\/staging.swizzle.se\/#organization","name":"Swizzle","url":"https:\/\/staging.swizzle.se\/","logo":{"@type":"ImageObject","inLanguage":"en-GB","@id":"https:\/\/staging.swizzle.se\/#\/schema\/logo\/image\/","url":"https:\/\/staging.swizzle.se\/wp-content\/uploads\/2025\/10\/cropped-SWIZZLE.-4.png","contentUrl":"https:\/\/staging.swizzle.se\/wp-content\/uploads\/2025\/10\/cropped-SWIZZLE.-4.png","width":800,"height":267,"caption":"Swizzle"},"image":{"@id":"https:\/\/staging.swizzle.se\/#\/schema\/logo\/image\/"},"hasMerchantReturnPolicy":{"@type":"MerchantReturnPolicy","merchantReturnLink":"https:\/\/staging.swizzle.se\/en\/villkor\/"}}]},"product_price_amount":"399.00","product_price_currency":"SEK","og_availability":"instock","product_availability":"instock","product_retailer_item_id":"Harmonyspraymint-1","product_condition":"new"},"tiered_pricing_type":"fixed","tiered_pricing_fixed_rules":[],"tiered_pricing_product_settings":{"layout":"default","base_unit_name":{"singular":null,"plural":null},"default_variation":null},"tiered_pricing_minimum_quantity":null,"tiered_pricing_roles_data":[],"tiered_pricing_percentage_rules":[],"tiered_pricing_maximum_quantity":null,"tiered_pricing_quantity_step":null,"_links":{"self":[{"href":"https:\/\/staging.swizzle.se\/en\/wp-json\/wp\/v2\/product\/261555","targetHints":{"allow":["GET"]}}],"collection":[{"href":"https:\/\/staging.swizzle.se\/en\/wp-json\/wp\/v2\/product"}],"about":[{"href":"https:\/\/staging.swizzle.se\/en\/wp-json\/wp\/v2\/types\/product"}],"replies":[{"embeddable":true,"href":"https:\/\/staging.swizzle.se\/en\/wp-json\/wp\/v2\/comments?post=261555"}],"version-history":[{"count":0,"href":"https:\/\/staging.swizzle.se\/en\/wp-json\/wp\/v2\/product\/261555\/revisions"}],"wp:featuredmedia":[{"embeddable":true,"href":"https:\/\/staging.swizzle.se\/en\/wp-json\/wp\/v2\/media\/261557"}],"wp:attachment":[{"href":"https:\/\/staging.swizzle.se\/en\/wp-json\/wp\/v2\/media?parent=261555"}],"wp:term":[{"taxonomy":"product_brand","embeddable":true,"href":"https:\/\/staging.swizzle.se\/en\/wp-json\/wp\/v2\/product_brand?post=261555"},{"taxonomy":"product_cat","embeddable":true,"href":"https:\/\/staging.swizzle.se\/en\/wp-json\/wp\/v2\/product_cat?post=261555"},{"taxonomy":"product_tag","embeddable":true,"href":"https:\/\/staging.swizzle.se\/en\/wp-json\/wp\/v2\/product_tag?post=261555"},{"taxonomy":"superdeal","embeddable":true,"href":"https:\/\/staging.swizzle.se\/en\/wp-json\/wp\/v2\/superdeal?post=261555"},{"taxonomy":"product_variant_id","embeddable":true,"href":"https:\/\/staging.swizzle.se\/en\/wp-json\/wp\/v2\/product_variant_id?post=261555"}],"curies":[{"name":"wp","href":"https:\/\/api.w.org\/{rel}","templated":true}]}}