{"id":261547,"date":"2025-06-09T14:48:06","date_gmt":"2025-06-09T14:48:06","guid":{"rendered":"https:\/\/new.staging.swizzle.se\/produkt\/cbd-e-liquid-10ml-pink-lemonade-harmony\/"},"modified":"2026-02-04T14:07:27","modified_gmt":"2026-02-04T14:07:27","slug":"cbd-e-liquid-10ml-pink-lemonade-harmony","status":"publish","type":"product","link":"https:\/\/staging.swizzle.se\/en\/product-2\/cbd-e-liquid-10ml-pink-lemonade-harmony\/","title":{"rendered":"CBD E-liquid 10ml Pink Lemonade &#8211; Harmony"},"content":{"rendered":"<div class=\"product-description\">\n<h2>CBD E-liquid 10ml Pink Lemonade Harmony<\/h2>\n<div class=\"product-description\">\n<h4>Pink Lemonade CBD E-Liquid &#8211; 300mg CBD<\/h4>\n<div class=\"product-description\">\n<div class=\"product-description\">\n<p>L\u00e5t smaken av sommar svepa in dig! Oavsett om du kopplar av i solen eller dr\u00f6mmer dig bort till varma dagar, bjuder denna friska och syrliga favorit p\u00e5 en nostalgisk smakupplevelse som v\u00e4cker barndomsminnen till liv.<\/p>\n<p><strong>Pink Lemonade<\/strong> bjuder p\u00e5 en livlig blandning av citron och grapefrukt, med en l\u00e4tt bubblig k\u00e4nsla och en perfekt balans mellan syrligt och s\u00f6tt. En smak som \u00e4r b\u00e5de uppfriskande och oemotst\u00e5ndlig \u2013 och som g\u00f6r varje puff till en njutning.<\/p>\n<p>Harmony g\u00f6r skillnad p\u00e5 CBD-marknaden genom sitt kompromissl\u00f6sa fokus p\u00e5 kvalitet. Varje produkt testas noggrant av oberoende laboratorier, vilket s\u00e4kerst\u00e4ller en exakt CBD-halt och trygg sammans\u00e4ttning \u2013 m\u00e5nad efter m\u00e5nad.<\/p>\n<\/div>\n<\/div>\n<h4>Pink Lemonade CBD E-Liquid \u2013 Funktioner:<\/h4>\n<ul>\n<li>10 ml flaska<\/li>\n<li>PG\/VG-f\u00f6rh\u00e5llande: 80\/20<\/li>\n<li>Certifierad CBD-koncentration i 10 ml<\/li>\n<li>100 % THC-fri och nikotinfri<\/li>\n<li>Smaker baserade p\u00e5 naturliga terpener<\/li>\n<li>Fri fr\u00e5n alkohol och animaliska extrakt<\/li>\n<li>USP- och livsmedelsklassade ingredienser<\/li>\n<li>S\u00e4ker, barns\u00e4kert f\u00f6rpackad<\/li>\n<li>Diacetylfri och kvalitetskontrollerad<\/li>\n<\/ul>\n<\/div>\n<p><strong>Obs!<\/strong><br \/>\nDu m\u00e5ste vara minst 18 \u00e5r f\u00f6r att k\u00f6pa denna produkt. Den \u00e4r inte avsedd som l\u00e4kemedel, kosttillskott eller naturprodukt. Vi uppmuntrar inte till konsumtion eller r\u00f6kning av produkten. F\u00f6rvara den utom r\u00e4ckh\u00e5ll f\u00f6r barn.Vi friskriver oss fr\u00e5n hur du som kund anv\u00e4nder v\u00e5ra produkter. Vi s\u00e4ljer dem f\u00f6r samlings- och prydnadssyften.<\/p>\n<\/div>","protected":false},"excerpt":{"rendered":"<h4 class=\"ai-optimize-32\">CBD E-liquid 10ml Pink Lemonade Harmony<\/h4>\n<p class=\"ai-optimize-29\"><strong>Pink Lemonade<\/strong> bjuder p\u00e5 en livlig blandning av citron och grapefrukt, med en l\u00e4tt bubblig k\u00e4nsla och en perfekt balans mellan syrligt och s\u00f6tt. En smak som \u00e4r b\u00e5de uppfriskande och oemotst\u00e5ndlig \u2013 och som g\u00f6r varje puff till en njutning.<\/p>\n<p class=\"ai-optimize-28\"><strong>300mg CBD (30mg\/ml)<\/strong><\/p>","protected":false},"featured_media":261549,"comment_status":"open","ping_status":"closed","template":"","meta":{"site-sidebar-layout":"default","site-content-layout":"","ast-site-content-layout":"default","site-content-style":"default","site-sidebar-style":"default","ast-global-header-display":"","ast-banner-title-visibility":"","ast-main-header-display":"","ast-hfb-above-header-display":"","ast-hfb-below-header-display":"","ast-hfb-mobile-header-display":"","site-post-title":"","ast-breadcrumbs-content":"","ast-featured-img":"","footer-sml-layout":"","ast-disable-related-posts":"","theme-transparent-header-meta":"","adv-header-id-meta":"","stick-header-meta":"","header-above-stick-meta":"","header-main-stick-meta":"","header-below-stick-meta":"","astra-migrate-meta-layouts":"default","ast-page-background-enabled":"default","ast-page-background-meta":{"desktop":{"background-color":"var(--ast-global-color-4)","background-image":"","background-repeat":"repeat","background-position":"center center","background-size":"auto","background-attachment":"scroll","background-type":"","background-media":"","overlay-type":"","overlay-color":"","overlay-opacity":"","overlay-gradient":""},"tablet":{"background-color":"","background-image":"","background-repeat":"repeat","background-position":"center center","background-size":"auto","background-attachment":"scroll","background-type":"","background-media":"","overlay-type":"","overlay-color":"","overlay-opacity":"","overlay-gradient":""},"mobile":{"background-color":"","background-image":"","background-repeat":"repeat","background-position":"center center","background-size":"auto","background-attachment":"scroll","background-type":"","background-media":"","overlay-type":"","overlay-color":"","overlay-opacity":"","overlay-gradient":""}},"ast-content-background-meta":{"desktop":{"background-color":"var(--ast-global-color-5)","background-image":"","background-repeat":"repeat","background-position":"center center","background-size":"auto","background-attachment":"scroll","background-type":"","background-media":"","overlay-type":"","overlay-color":"","overlay-opacity":"","overlay-gradient":""},"tablet":{"background-color":"var(--ast-global-color-5)","background-image":"","background-repeat":"repeat","background-position":"center center","background-size":"auto","background-attachment":"scroll","background-type":"","background-media":"","overlay-type":"","overlay-color":"","overlay-opacity":"","overlay-gradient":""},"mobile":{"background-color":"var(--ast-global-color-5)","background-image":"","background-repeat":"repeat","background-position":"center center","background-size":"auto","background-attachment":"scroll","background-type":"","background-media":"","overlay-type":"","overlay-color":"","overlay-opacity":"","overlay-gradient":""}}},"product_brand":[746],"product_cat":[408,331],"product_tag":[],"superdeal":[],"product_variant_id":[],"class_list":{"0":"post-261547","1":"product","2":"type-product","3":"status-publish","4":"has-post-thumbnail","6":"product_brand-harmony","7":"product_cat-cbd-e-juice","8":"product_cat-cbd-g-n","9":"desktop-align-center","10":"tablet-align-left","11":"mobile-align-left","12":"ast-product-gallery-layout-horizontal-slider","13":"ast-product-gallery-with-no-image","14":"ast-magnify-disabled","15":"ast-product-tabs-layout-horizontal","17":"first","18":"instock","19":"taxable","20":"shipping-taxable","21":"purchasable","22":"product-type-simple"},"yoast_head":"<!-- This site is optimized with the Yoast SEO Premium plugin v26.9 (Yoast SEO v26.9) - https:\/\/yoast.com\/product\/yoast-seo-premium-wordpress\/ -->\n<title>CBD E-liquid 10ml Pink Lemonade Harmony<\/title>\n<meta name=\"description\" content=\"CBD E-liquid 10ml Pink Lemonade Harmony. Skapad med konsumentens behov i fokus och med hampa i hj\u00e4rtat. Autentisk och smakrik vape-upplevelse.\" \/>\n<meta name=\"robots\" content=\"noindex, follow, max-snippet:-1, max-image-preview:large, max-video-preview:-1\" \/>\n<meta property=\"og:locale\" content=\"en_GB\" \/>\n<meta property=\"og:type\" content=\"article\" \/>\n<meta property=\"og:title\" content=\"CBD E-liquid 10ml Pink Lemonade Harmony\" \/>\n<meta property=\"og:description\" content=\"CBD E-liquid 10ml Pink Lemonade Harmony. Skapad med konsumentens behov i fokus och med hampa i hj\u00e4rtat. Autentisk och smakrik vape-upplevelse.\" \/>\n<meta property=\"og:url\" content=\"https:\/\/www.swizzle.se\/produkt\/cbd-e-liquid-10ml-pink-lemonade-harmony\/\" \/>\n<meta property=\"og:site_name\" content=\"Swizzle\" \/>\n<meta property=\"article:modified_time\" content=\"2026-02-04T14:07:27+00:00\" \/>\n<meta property=\"og:image\" content=\"https:\/\/www.swizzle.se\/wp-content\/uploads\/2025\/06\/Harmony-E-liquids-PNK_600x.webp\" \/>\n\t<meta property=\"og:image:width\" content=\"600\" \/>\n\t<meta property=\"og:image:height\" content=\"700\" \/>\n\t<meta property=\"og:image:type\" content=\"image\/webp\" \/>\n<meta name=\"twitter:card\" content=\"summary_large_image\" \/>\n<meta name=\"twitter:title\" content=\"CBD E-liquid 10ml Pink Lemonade Harmony\" \/>\n<meta name=\"twitter:description\" content=\"CBD E-liquid 10ml Pink Lemonade Harmony. Skapad med konsumentens behov i fokus och med hampa i hj\u00e4rtat. Autentisk och smakrik vape-upplevelse.\" \/>\n<meta name=\"twitter:label1\" content=\"Price\" \/>\n\t<meta name=\"twitter:data1\" content=\"279.00&nbsp;&#107;&#114;\" \/>\n\t<meta name=\"twitter:label2\" content=\"Availability\" \/>\n\t<meta name=\"twitter:data2\" content=\"In stock\" \/>\n<script type=\"application\/ld+json\" class=\"yoast-schema-graph\">{\"@context\":\"https:\/\/schema.org\",\"@graph\":[{\"@type\":\"WebPage\",\"@id\":\"https:\/\/www.swizzle.se\/produkt\/cbd-e-liquid-10ml-pink-lemonade-harmony\/\",\"url\":\"https:\/\/www.swizzle.se\/produkt\/cbd-e-liquid-10ml-pink-lemonade-harmony\/\",\"name\":\"CBD E-liquid 10ml Pink Lemonade Harmony\",\"isPartOf\":{\"@id\":\"https:\/\/staging.swizzle.se\/#website\"},\"primaryImageOfPage\":{\"@id\":\"https:\/\/www.swizzle.se\/produkt\/cbd-e-liquid-10ml-pink-lemonade-harmony\/#primaryimage\"},\"image\":{\"@id\":\"https:\/\/www.swizzle.se\/produkt\/cbd-e-liquid-10ml-pink-lemonade-harmony\/#primaryimage\"},\"thumbnailUrl\":\"https:\/\/staging.swizzle.se\/wp-content\/uploads\/2025\/06\/Harmony-E-liquids-PNK_600x.webp\",\"datePublished\":\"2025-06-09T14:48:06+00:00\",\"dateModified\":\"2026-02-04T14:07:27+00:00\",\"description\":\"CBD E-liquid 10ml Pink Lemonade Harmony. Skapad med konsumentens behov i fokus och med hampa i hj\u00e4rtat. Autentisk och smakrik vape-upplevelse.\",\"breadcrumb\":{\"@id\":\"https:\/\/www.swizzle.se\/produkt\/cbd-e-liquid-10ml-pink-lemonade-harmony\/#breadcrumb\"},\"inLanguage\":\"en-GB\",\"potentialAction\":[{\"@type\":\"ReadAction\",\"target\":[\"https:\/\/www.swizzle.se\/produkt\/cbd-e-liquid-10ml-pink-lemonade-harmony\/\"]}]},{\"@type\":\"ImageObject\",\"inLanguage\":\"en-GB\",\"@id\":\"https:\/\/www.swizzle.se\/produkt\/cbd-e-liquid-10ml-pink-lemonade-harmony\/#primaryimage\",\"url\":\"https:\/\/staging.swizzle.se\/wp-content\/uploads\/2025\/06\/Harmony-E-liquids-PNK_600x.webp\",\"contentUrl\":\"https:\/\/staging.swizzle.se\/wp-content\/uploads\/2025\/06\/Harmony-E-liquids-PNK_600x.webp\",\"width\":600,\"height\":700,\"caption\":\"Bild pink\"},{\"@type\":\"BreadcrumbList\",\"@id\":\"https:\/\/www.swizzle.se\/produkt\/cbd-e-liquid-10ml-pink-lemonade-harmony\/#breadcrumb\",\"itemListElement\":[{\"@type\":\"ListItem\",\"position\":1,\"name\":\"Home\",\"item\":\"https:\/\/www.swizzle.se\/\"},{\"@type\":\"ListItem\",\"position\":2,\"name\":\"Shop\",\"item\":\"https:\/\/www.swizzle.se\/shop\/\"},{\"@type\":\"ListItem\",\"position\":3,\"name\":\"CANNABINOIDER\",\"item\":\"https:\/\/www.swizzle.se\/produkt-kategori\/cannabinoider\/\"},{\"@type\":\"ListItem\",\"position\":4,\"name\":\"CBD\/G\/N\",\"item\":\"https:\/\/www.swizzle.se\/produkt-kategori\/cannabinoider\/cbd-g-n\/\"},{\"@type\":\"ListItem\",\"position\":5,\"name\":\"CBD E-JUICE\",\"item\":\"https:\/\/www.swizzle.se\/produkt-kategori\/cannabinoider\/cbd-g-n\/cbd-e-juice\/\"},{\"@type\":\"ListItem\",\"position\":6,\"name\":\"CBD E-liquid 10ml Pink Lemonade &#8211; Harmony\"}]},{\"@type\":\"WebSite\",\"@id\":\"https:\/\/staging.swizzle.se\/#website\",\"url\":\"https:\/\/staging.swizzle.se\/\",\"name\":\"Swizzle\",\"description\":\"Nikotin CBD Vapes Snus White Portion\",\"publisher\":{\"@id\":\"https:\/\/staging.swizzle.se\/#organization\"},\"potentialAction\":[{\"@type\":\"SearchAction\",\"target\":{\"@type\":\"EntryPoint\",\"urlTemplate\":\"https:\/\/staging.swizzle.se\/?s={search_term_string}\"},\"query-input\":{\"@type\":\"PropertyValueSpecification\",\"valueRequired\":true,\"valueName\":\"search_term_string\"}}],\"inLanguage\":\"en-GB\"},{\"@type\":\"Organization\",\"@id\":\"https:\/\/staging.swizzle.se\/#organization\",\"name\":\"Swizzle\",\"url\":\"https:\/\/staging.swizzle.se\/\",\"logo\":{\"@type\":\"ImageObject\",\"inLanguage\":\"en-GB\",\"@id\":\"https:\/\/staging.swizzle.se\/#\/schema\/logo\/image\/\",\"url\":\"https:\/\/staging.swizzle.se\/wp-content\/uploads\/2025\/10\/cropped-SWIZZLE.-4.png\",\"contentUrl\":\"https:\/\/staging.swizzle.se\/wp-content\/uploads\/2025\/10\/cropped-SWIZZLE.-4.png\",\"width\":800,\"height\":267,\"caption\":\"Swizzle\"},\"image\":{\"@id\":\"https:\/\/staging.swizzle.se\/#\/schema\/logo\/image\/\"},\"hasMerchantReturnPolicy\":{\"@type\":\"MerchantReturnPolicy\",\"merchantReturnLink\":\"https:\/\/staging.swizzle.se\/en\/villkor\/\"}}]}<\/script>\n<meta property=\"product:price:amount\" content=\"279.00\" \/>\n<meta property=\"product:price:currency\" content=\"SEK\" \/>\n<meta property=\"og:availability\" content=\"instock\" \/>\n<meta property=\"product:availability\" content=\"instock\" \/>\n<meta property=\"product:retailer_item_id\" content=\"harmonypink\" \/>\n<meta property=\"product:condition\" content=\"new\" \/>\n<!-- \/ Yoast SEO Premium plugin. -->","yoast_head_json":{"title":"CBD E-liquid 10ml Pink Lemonade Harmony","description":"CBD E-liquid 10ml Pink Lemonade Harmony. Skapad med konsumentens behov i fokus och med hampa i hj\u00e4rtat. Autentisk och smakrik vape-upplevelse.","robots":{"index":"noindex","follow":"follow","max-snippet":"max-snippet:-1","max-image-preview":"max-image-preview:large","max-video-preview":"max-video-preview:-1"},"og_locale":"en_GB","og_type":"article","og_title":"CBD E-liquid 10ml Pink Lemonade Harmony","og_description":"CBD E-liquid 10ml Pink Lemonade Harmony. Skapad med konsumentens behov i fokus och med hampa i hj\u00e4rtat. Autentisk och smakrik vape-upplevelse.","og_url":"https:\/\/www.swizzle.se\/produkt\/cbd-e-liquid-10ml-pink-lemonade-harmony\/","og_site_name":"Swizzle","article_modified_time":"2026-02-04T14:07:27+00:00","og_image":[{"width":600,"height":700,"url":"https:\/\/www.swizzle.se\/wp-content\/uploads\/2025\/06\/Harmony-E-liquids-PNK_600x.webp","type":"image\/webp"}],"twitter_card":"summary_large_image","twitter_title":"CBD E-liquid 10ml Pink Lemonade Harmony","twitter_description":"CBD E-liquid 10ml Pink Lemonade Harmony. Skapad med konsumentens behov i fokus och med hampa i hj\u00e4rtat. Autentisk och smakrik vape-upplevelse.","twitter_misc":{"Price":"279.00&nbsp;&#107;&#114;","Availability":"In stock"},"schema":{"@context":"https:\/\/schema.org","@graph":[{"@type":"WebPage","@id":"https:\/\/www.swizzle.se\/produkt\/cbd-e-liquid-10ml-pink-lemonade-harmony\/","url":"https:\/\/www.swizzle.se\/produkt\/cbd-e-liquid-10ml-pink-lemonade-harmony\/","name":"CBD E-liquid 10ml Pink Lemonade Harmony","isPartOf":{"@id":"https:\/\/staging.swizzle.se\/#website"},"primaryImageOfPage":{"@id":"https:\/\/www.swizzle.se\/produkt\/cbd-e-liquid-10ml-pink-lemonade-harmony\/#primaryimage"},"image":{"@id":"https:\/\/www.swizzle.se\/produkt\/cbd-e-liquid-10ml-pink-lemonade-harmony\/#primaryimage"},"thumbnailUrl":"https:\/\/staging.swizzle.se\/wp-content\/uploads\/2025\/06\/Harmony-E-liquids-PNK_600x.webp","datePublished":"2025-06-09T14:48:06+00:00","dateModified":"2026-02-04T14:07:27+00:00","description":"CBD E-liquid 10ml Pink Lemonade Harmony. Skapad med konsumentens behov i fokus och med hampa i hj\u00e4rtat. Autentisk och smakrik vape-upplevelse.","breadcrumb":{"@id":"https:\/\/www.swizzle.se\/produkt\/cbd-e-liquid-10ml-pink-lemonade-harmony\/#breadcrumb"},"inLanguage":"en-GB","potentialAction":[{"@type":"ReadAction","target":["https:\/\/www.swizzle.se\/produkt\/cbd-e-liquid-10ml-pink-lemonade-harmony\/"]}]},{"@type":"ImageObject","inLanguage":"en-GB","@id":"https:\/\/www.swizzle.se\/produkt\/cbd-e-liquid-10ml-pink-lemonade-harmony\/#primaryimage","url":"https:\/\/staging.swizzle.se\/wp-content\/uploads\/2025\/06\/Harmony-E-liquids-PNK_600x.webp","contentUrl":"https:\/\/staging.swizzle.se\/wp-content\/uploads\/2025\/06\/Harmony-E-liquids-PNK_600x.webp","width":600,"height":700,"caption":"Bild pink"},{"@type":"BreadcrumbList","@id":"https:\/\/www.swizzle.se\/produkt\/cbd-e-liquid-10ml-pink-lemonade-harmony\/#breadcrumb","itemListElement":[{"@type":"ListItem","position":1,"name":"Home","item":"https:\/\/www.swizzle.se\/"},{"@type":"ListItem","position":2,"name":"Shop","item":"https:\/\/www.swizzle.se\/shop\/"},{"@type":"ListItem","position":3,"name":"CANNABINOIDER","item":"https:\/\/www.swizzle.se\/produkt-kategori\/cannabinoider\/"},{"@type":"ListItem","position":4,"name":"CBD\/G\/N","item":"https:\/\/www.swizzle.se\/produkt-kategori\/cannabinoider\/cbd-g-n\/"},{"@type":"ListItem","position":5,"name":"CBD E-JUICE","item":"https:\/\/www.swizzle.se\/produkt-kategori\/cannabinoider\/cbd-g-n\/cbd-e-juice\/"},{"@type":"ListItem","position":6,"name":"CBD E-liquid 10ml Pink Lemonade &#8211; Harmony"}]},{"@type":"WebSite","@id":"https:\/\/staging.swizzle.se\/#website","url":"https:\/\/staging.swizzle.se\/","name":"Swizzle","description":"Nicotine CBD Vapes Snus White Portion","publisher":{"@id":"https:\/\/staging.swizzle.se\/#organization"},"potentialAction":[{"@type":"SearchAction","target":{"@type":"EntryPoint","urlTemplate":"https:\/\/staging.swizzle.se\/?s={search_term_string}"},"query-input":{"@type":"PropertyValueSpecification","valueRequired":true,"valueName":"search_term_string"}}],"inLanguage":"en-GB"},{"@type":"Organization","@id":"https:\/\/staging.swizzle.se\/#organization","name":"Swizzle","url":"https:\/\/staging.swizzle.se\/","logo":{"@type":"ImageObject","inLanguage":"en-GB","@id":"https:\/\/staging.swizzle.se\/#\/schema\/logo\/image\/","url":"https:\/\/staging.swizzle.se\/wp-content\/uploads\/2025\/10\/cropped-SWIZZLE.-4.png","contentUrl":"https:\/\/staging.swizzle.se\/wp-content\/uploads\/2025\/10\/cropped-SWIZZLE.-4.png","width":800,"height":267,"caption":"Swizzle"},"image":{"@id":"https:\/\/staging.swizzle.se\/#\/schema\/logo\/image\/"},"hasMerchantReturnPolicy":{"@type":"MerchantReturnPolicy","merchantReturnLink":"https:\/\/staging.swizzle.se\/en\/villkor\/"}}]},"product_price_amount":"279.00","product_price_currency":"SEK","og_availability":"instock","product_availability":"instock","product_retailer_item_id":"harmonypink","product_condition":"new"},"tiered_pricing_type":"fixed","tiered_pricing_fixed_rules":[],"tiered_pricing_product_settings":{"layout":"default","base_unit_name":{"singular":null,"plural":null},"default_variation":null},"tiered_pricing_minimum_quantity":null,"tiered_pricing_roles_data":[],"tiered_pricing_percentage_rules":[],"tiered_pricing_maximum_quantity":null,"tiered_pricing_quantity_step":null,"_links":{"self":[{"href":"https:\/\/staging.swizzle.se\/en\/wp-json\/wp\/v2\/product\/261547","targetHints":{"allow":["GET"]}}],"collection":[{"href":"https:\/\/staging.swizzle.se\/en\/wp-json\/wp\/v2\/product"}],"about":[{"href":"https:\/\/staging.swizzle.se\/en\/wp-json\/wp\/v2\/types\/product"}],"replies":[{"embeddable":true,"href":"https:\/\/staging.swizzle.se\/en\/wp-json\/wp\/v2\/comments?post=261547"}],"version-history":[{"count":0,"href":"https:\/\/staging.swizzle.se\/en\/wp-json\/wp\/v2\/product\/261547\/revisions"}],"wp:featuredmedia":[{"embeddable":true,"href":"https:\/\/staging.swizzle.se\/en\/wp-json\/wp\/v2\/media\/261549"}],"wp:attachment":[{"href":"https:\/\/staging.swizzle.se\/en\/wp-json\/wp\/v2\/media?parent=261547"}],"wp:term":[{"taxonomy":"product_brand","embeddable":true,"href":"https:\/\/staging.swizzle.se\/en\/wp-json\/wp\/v2\/product_brand?post=261547"},{"taxonomy":"product_cat","embeddable":true,"href":"https:\/\/staging.swizzle.se\/en\/wp-json\/wp\/v2\/product_cat?post=261547"},{"taxonomy":"product_tag","embeddable":true,"href":"https:\/\/staging.swizzle.se\/en\/wp-json\/wp\/v2\/product_tag?post=261547"},{"taxonomy":"superdeal","embeddable":true,"href":"https:\/\/staging.swizzle.se\/en\/wp-json\/wp\/v2\/superdeal?post=261547"},{"taxonomy":"product_variant_id","embeddable":true,"href":"https:\/\/staging.swizzle.se\/en\/wp-json\/wp\/v2\/product_variant_id?post=261547"}],"curies":[{"name":"wp","href":"https:\/\/api.w.org\/{rel}","templated":true}]}}