{"id":261526,"date":"2025-05-24T15:31:12","date_gmt":"2025-05-24T15:31:12","guid":{"rendered":"https:\/\/new.staging.swizzle.se\/produkt\/thca-moon-rocks-65-magic-farmers\/"},"modified":"2026-02-05T01:15:07","modified_gmt":"2026-02-05T01:15:07","slug":"thca-moon-rocks-65-magic-farmers","status":"publish","type":"product","link":"https:\/\/staging.swizzle.se\/en\/product-2\/thca-moon-rocks-65-magic-farmers\/","title":{"rendered":"THCA Moon Rocks 65% &#8211; Magic Farmers"},"content":{"rendered":"<h2>THCA Moon Rocks 65% &#8211; Magic Farmers<\/h2>\n<p>THCA Moon Rocks 65% &#8211; Magic Farmers. Uppt\u00e4ck den r\u00e5a kraften hos Moonrock 65% THCA, en verkligt s\u00e4llsynt p\u00e4rla i cannabisuniversumet.\u00a0Med en exceptionell koncentration p\u00e5 65% THCA \u00e4r denna exklusiva skapelse en perfekt blandning av premiumblommor, insvepta i ett rikt destillat och rullade i mousserande kief. L\u00e5t dig f\u00f6rf\u00f6ras av dess hartsartade utseende och f\u00f6rbered dig p\u00e5 en unik sensorisk upplevelse reserverad endast f\u00f6r de mest v\u00e5ghalsiga finsmakarna.\u00a0Intensitet, djupa aromer och oj\u00e4mf\u00f6rlig avkoppling v\u00e4ntar dig.<\/p>\n<p>Se \u00e4ven:\u00a0<a href=\"https:\/\/staging.swizzle.se\/en\/product-2\/pollen-kief-outdoor-19-4\/\">Pollen Kief Outdoor 19.4%<\/a><\/p>\n<p>&nbsp;<\/p>\n<p><strong>Obs!<\/strong><br \/>\nDu m\u00e5ste vara minst 18 \u00e5r f\u00f6r att k\u00f6pa denna produkt. Den \u00e4r inte avsedd som l\u00e4kemedel, kosttillskott eller naturprodukt. Vi uppmuntrar inte till konsumtion eller r\u00f6kning av produkten. F\u00f6rvara den utom r\u00e4ckh\u00e5ll f\u00f6r barn.Vi friskriver oss fr\u00e5n hur du som kund anv\u00e4nder v\u00e5ra produkter. Vi s\u00e4ljer dem f\u00f6r samlings- och prydnadssyften.<\/p>","protected":false},"excerpt":{"rendered":"<p>THCA Moon Rocks 65% &#8211; Magic Farmers<br \/>\nUppt\u00e4ck den r\u00e5a kraften hos Moonrock 65% THCA, en verkligt s\u00e4llsynt p\u00e4rla.<\/p>\n<p><strong>S\u00e4ljes per gram. 1 enhet = 1 gram.<\/strong><\/p>\n<ul>\n<li>Magic Farmers<\/li>\n<li>THC &#8211; Free<\/li>\n<li>65% THCA<\/li>\n<\/ul>\n<p>Denna produkt har en l\u00e4gsta prisgaranti, l\u00e4s mer om vad det inneb\u00e4r<a href=\"https:\/\/staging.swizzle.se\/en\/lagsta-pris-garanti\/\"><b> h\u00e4r<\/b><\/a>.<\/p>","protected":false},"featured_media":261527,"comment_status":"open","ping_status":"closed","template":"","meta":{"site-sidebar-layout":"default","site-content-layout":"","ast-site-content-layout":"default","site-content-style":"default","site-sidebar-style":"default","ast-global-header-display":"","ast-banner-title-visibility":"","ast-main-header-display":"","ast-hfb-above-header-display":"","ast-hfb-below-header-display":"","ast-hfb-mobile-header-display":"","site-post-title":"","ast-breadcrumbs-content":"","ast-featured-img":"","footer-sml-layout":"","ast-disable-related-posts":"","theme-transparent-header-meta":"default","adv-header-id-meta":"","stick-header-meta":"default","header-above-stick-meta":"","header-main-stick-meta":"","header-below-stick-meta":"","astra-migrate-meta-layouts":"set","ast-page-background-enabled":"default","ast-page-background-meta":{"desktop":{"background-color":"var(--ast-global-color-4)","background-image":"","background-repeat":"repeat","background-position":"center center","background-size":"auto","background-attachment":"scroll","background-type":"","background-media":"","overlay-type":"","overlay-color":"","overlay-opacity":"","overlay-gradient":""},"tablet":{"background-color":"","background-image":"","background-repeat":"repeat","background-position":"center center","background-size":"auto","background-attachment":"scroll","background-type":"","background-media":"","overlay-type":"","overlay-color":"","overlay-opacity":"","overlay-gradient":""},"mobile":{"background-color":"","background-image":"","background-repeat":"repeat","background-position":"center center","background-size":"auto","background-attachment":"scroll","background-type":"","background-media":"","overlay-type":"","overlay-color":"","overlay-opacity":"","overlay-gradient":""}},"ast-content-background-meta":{"desktop":{"background-color":"var(--ast-global-color-5)","background-image":"","background-repeat":"repeat","background-position":"center center","background-size":"auto","background-attachment":"scroll","background-type":"","background-media":"","overlay-type":"","overlay-color":"","overlay-opacity":"","overlay-gradient":""},"tablet":{"background-color":"var(--ast-global-color-5)","background-image":"","background-repeat":"repeat","background-position":"center center","background-size":"auto","background-attachment":"scroll","background-type":"","background-media":"","overlay-type":"","overlay-color":"","overlay-opacity":"","overlay-gradient":""},"mobile":{"background-color":"var(--ast-global-color-5)","background-image":"","background-repeat":"repeat","background-position":"center center","background-size":"auto","background-attachment":"scroll","background-type":"","background-media":"","overlay-type":"","overlay-color":"","overlay-opacity":"","overlay-gradient":""}}},"product_brand":[756],"product_cat":[303,514],"product_tag":[],"superdeal":[],"product_variant_id":[],"class_list":{"0":"post-261526","1":"product","2":"type-product","3":"status-publish","4":"has-post-thumbnail","6":"product_brand-magic-farmers","7":"product_cat-thca","8":"product_cat-thca-moon-rocks","9":"desktop-align-center","10":"tablet-align-left","11":"mobile-align-left","12":"ast-product-gallery-layout-horizontal-slider","13":"ast-magnify-disabled","14":"ast-product-tabs-layout-horizontal","16":"first","17":"instock","18":"taxable","19":"shipping-taxable","20":"purchasable","21":"product-type-simple"},"yoast_head":"<!-- This site is optimized with the Yoast SEO Premium plugin v26.9 (Yoast SEO v26.9) - https:\/\/yoast.com\/product\/yoast-seo-premium-wordpress\/ -->\n<title>THCA Moon Rocks 65% - Magic Farmers<\/title>\n<meta name=\"description\" content=\"THCA Moon Rocks 65% - Magic Farmers. Uppt\u00e4ck den r\u00e5a kraften hos Moonrock 65% THCA, en verkligt s\u00e4llsynt p\u00e4rla. Buds och Kief i en prefekt kombination.\" \/>\n<meta name=\"robots\" content=\"noindex, follow, max-snippet:-1, max-image-preview:large, max-video-preview:-1\" \/>\n<meta property=\"og:locale\" content=\"en_GB\" \/>\n<meta property=\"og:type\" content=\"article\" \/>\n<meta property=\"og:title\" content=\"THCA Moon Rocks 65% - Magic Farmers\" \/>\n<meta property=\"og:description\" content=\"THCA Moon Rocks 65% - Magic Farmers. Uppt\u00e4ck den r\u00e5a kraften hos Moonrock 65% THCA, en verkligt s\u00e4llsynt p\u00e4rla. Buds och Kief i en prefekt kombination.\" \/>\n<meta property=\"og:url\" content=\"https:\/\/www.swizzle.se\/produkt\/thca-moon-rocks-65-magic-farmers\/\" \/>\n<meta property=\"og:site_name\" content=\"Swizzle\" \/>\n<meta property=\"article:modified_time\" content=\"2026-02-05T01:15:07+00:00\" \/>\n<meta property=\"og:image\" content=\"https:\/\/www.swizzle.se\/wp-content\/uploads\/2025\/06\/moonrocks.webp\" \/>\n\t<meta property=\"og:image:width\" content=\"800\" \/>\n\t<meta property=\"og:image:height\" content=\"800\" \/>\n\t<meta property=\"og:image:type\" content=\"image\/webp\" \/>\n<meta name=\"twitter:card\" content=\"summary_large_image\" \/>\n<meta name=\"twitter:title\" content=\"THCA Moon Rocks 65% - Magic Farmers\" \/>\n<meta name=\"twitter:description\" content=\"THCA Moon Rocks 65% - Magic Farmers. Uppt\u00e4ck den r\u00e5a kraften hos Moonrock 65% THCA, en verkligt s\u00e4llsynt p\u00e4rla. Buds och Kief i en prefekt kombination.\" \/>\n<meta name=\"twitter:label1\" content=\"Price\" \/>\n\t<meta name=\"twitter:data1\" content=\"199.00&nbsp;&#107;&#114;\" \/>\n\t<meta name=\"twitter:label2\" content=\"Availability\" \/>\n\t<meta name=\"twitter:data2\" content=\"In stock\" \/>\n<script type=\"application\/ld+json\" class=\"yoast-schema-graph\">{\"@context\":\"https:\/\/schema.org\",\"@graph\":[{\"@type\":\"WebPage\",\"@id\":\"https:\/\/www.swizzle.se\/produkt\/thca-moon-rocks-65-magic-farmers\/\",\"url\":\"https:\/\/www.swizzle.se\/produkt\/thca-moon-rocks-65-magic-farmers\/\",\"name\":\"THCA Moon Rocks 65% - Magic Farmers\",\"isPartOf\":{\"@id\":\"https:\/\/staging.swizzle.se\/#website\"},\"primaryImageOfPage\":{\"@id\":\"https:\/\/www.swizzle.se\/produkt\/thca-moon-rocks-65-magic-farmers\/#primaryimage\"},\"image\":{\"@id\":\"https:\/\/www.swizzle.se\/produkt\/thca-moon-rocks-65-magic-farmers\/#primaryimage\"},\"thumbnailUrl\":\"https:\/\/staging.swizzle.se\/wp-content\/uploads\/2025\/06\/moonrocks.webp\",\"datePublished\":\"2025-05-24T15:31:12+00:00\",\"dateModified\":\"2026-02-05T01:15:07+00:00\",\"description\":\"THCA Moon Rocks 65% - Magic Farmers. Uppt\u00e4ck den r\u00e5a kraften hos Moonrock 65% THCA, en verkligt s\u00e4llsynt p\u00e4rla. Buds och Kief i en prefekt kombination.\",\"breadcrumb\":{\"@id\":\"https:\/\/www.swizzle.se\/produkt\/thca-moon-rocks-65-magic-farmers\/#breadcrumb\"},\"inLanguage\":\"en-GB\",\"potentialAction\":[{\"@type\":\"ReadAction\",\"target\":[\"https:\/\/www.swizzle.se\/produkt\/thca-moon-rocks-65-magic-farmers\/\"]}]},{\"@type\":\"ImageObject\",\"inLanguage\":\"en-GB\",\"@id\":\"https:\/\/www.swizzle.se\/produkt\/thca-moon-rocks-65-magic-farmers\/#primaryimage\",\"url\":\"https:\/\/staging.swizzle.se\/wp-content\/uploads\/2025\/06\/moonrocks.webp\",\"contentUrl\":\"https:\/\/staging.swizzle.se\/wp-content\/uploads\/2025\/06\/moonrocks.webp\",\"width\":800,\"height\":800,\"caption\":\"Bild Moon rocks\"},{\"@type\":\"BreadcrumbList\",\"@id\":\"https:\/\/www.swizzle.se\/produkt\/thca-moon-rocks-65-magic-farmers\/#breadcrumb\",\"itemListElement\":[{\"@type\":\"ListItem\",\"position\":1,\"name\":\"Home\",\"item\":\"https:\/\/www.swizzle.se\/\"},{\"@type\":\"ListItem\",\"position\":2,\"name\":\"Shop\",\"item\":\"https:\/\/www.swizzle.se\/shop\/\"},{\"@type\":\"ListItem\",\"position\":3,\"name\":\"THCA\",\"item\":\"https:\/\/www.swizzle.se\/produkt-kategori\/thca\/\"},{\"@type\":\"ListItem\",\"position\":4,\"name\":\"THCA Moon Rocks 65% &#8211; Magic Farmers\"}]},{\"@type\":\"WebSite\",\"@id\":\"https:\/\/staging.swizzle.se\/#website\",\"url\":\"https:\/\/staging.swizzle.se\/\",\"name\":\"Swizzle\",\"description\":\"Nikotin CBD Vapes Snus White Portion\",\"publisher\":{\"@id\":\"https:\/\/staging.swizzle.se\/#organization\"},\"potentialAction\":[{\"@type\":\"SearchAction\",\"target\":{\"@type\":\"EntryPoint\",\"urlTemplate\":\"https:\/\/staging.swizzle.se\/?s={search_term_string}\"},\"query-input\":{\"@type\":\"PropertyValueSpecification\",\"valueRequired\":true,\"valueName\":\"search_term_string\"}}],\"inLanguage\":\"en-GB\"},{\"@type\":\"Organization\",\"@id\":\"https:\/\/staging.swizzle.se\/#organization\",\"name\":\"Swizzle\",\"url\":\"https:\/\/staging.swizzle.se\/\",\"logo\":{\"@type\":\"ImageObject\",\"inLanguage\":\"en-GB\",\"@id\":\"https:\/\/staging.swizzle.se\/#\/schema\/logo\/image\/\",\"url\":\"https:\/\/staging.swizzle.se\/wp-content\/uploads\/2025\/10\/cropped-SWIZZLE.-4.png\",\"contentUrl\":\"https:\/\/staging.swizzle.se\/wp-content\/uploads\/2025\/10\/cropped-SWIZZLE.-4.png\",\"width\":800,\"height\":267,\"caption\":\"Swizzle\"},\"image\":{\"@id\":\"https:\/\/staging.swizzle.se\/#\/schema\/logo\/image\/\"},\"hasMerchantReturnPolicy\":{\"@type\":\"MerchantReturnPolicy\",\"merchantReturnLink\":\"https:\/\/staging.swizzle.se\/en\/villkor\/\"}}]}<\/script>\n<meta property=\"product:price:amount\" content=\"199.00\" \/>\n<meta property=\"product:price:currency\" content=\"SEK\" \/>\n<meta property=\"og:availability\" content=\"instock\" \/>\n<meta property=\"product:availability\" content=\"instock\" \/>\n<meta property=\"product:retailer_item_id\" content=\"MFmoonrocks\" \/>\n<meta property=\"product:condition\" content=\"new\" \/>\n<!-- \/ Yoast SEO Premium plugin. -->","yoast_head_json":{"title":"THCA Moon Rocks 65% - Magic Farmers","description":"THCA Moon Rocks 65% - Magic Farmers. Uppt\u00e4ck den r\u00e5a kraften hos Moonrock 65% THCA, en verkligt s\u00e4llsynt p\u00e4rla. Buds och Kief i en prefekt kombination.","robots":{"index":"noindex","follow":"follow","max-snippet":"max-snippet:-1","max-image-preview":"max-image-preview:large","max-video-preview":"max-video-preview:-1"},"og_locale":"en_GB","og_type":"article","og_title":"THCA Moon Rocks 65% - Magic Farmers","og_description":"THCA Moon Rocks 65% - Magic Farmers. Uppt\u00e4ck den r\u00e5a kraften hos Moonrock 65% THCA, en verkligt s\u00e4llsynt p\u00e4rla. Buds och Kief i en prefekt kombination.","og_url":"https:\/\/www.swizzle.se\/produkt\/thca-moon-rocks-65-magic-farmers\/","og_site_name":"Swizzle","article_modified_time":"2026-02-05T01:15:07+00:00","og_image":[{"width":800,"height":800,"url":"https:\/\/www.swizzle.se\/wp-content\/uploads\/2025\/06\/moonrocks.webp","type":"image\/webp"}],"twitter_card":"summary_large_image","twitter_title":"THCA Moon Rocks 65% - Magic Farmers","twitter_description":"THCA Moon Rocks 65% - Magic Farmers. Uppt\u00e4ck den r\u00e5a kraften hos Moonrock 65% THCA, en verkligt s\u00e4llsynt p\u00e4rla. Buds och Kief i en prefekt kombination.","twitter_misc":{"Price":"199.00&nbsp;&#107;&#114;","Availability":"In stock"},"schema":{"@context":"https:\/\/schema.org","@graph":[{"@type":"WebPage","@id":"https:\/\/www.swizzle.se\/produkt\/thca-moon-rocks-65-magic-farmers\/","url":"https:\/\/www.swizzle.se\/produkt\/thca-moon-rocks-65-magic-farmers\/","name":"THCA Moon Rocks 65% - Magic Farmers","isPartOf":{"@id":"https:\/\/staging.swizzle.se\/#website"},"primaryImageOfPage":{"@id":"https:\/\/www.swizzle.se\/produkt\/thca-moon-rocks-65-magic-farmers\/#primaryimage"},"image":{"@id":"https:\/\/www.swizzle.se\/produkt\/thca-moon-rocks-65-magic-farmers\/#primaryimage"},"thumbnailUrl":"https:\/\/staging.swizzle.se\/wp-content\/uploads\/2025\/06\/moonrocks.webp","datePublished":"2025-05-24T15:31:12+00:00","dateModified":"2026-02-05T01:15:07+00:00","description":"THCA Moon Rocks 65% - Magic Farmers. Uppt\u00e4ck den r\u00e5a kraften hos Moonrock 65% THCA, en verkligt s\u00e4llsynt p\u00e4rla. Buds och Kief i en prefekt kombination.","breadcrumb":{"@id":"https:\/\/www.swizzle.se\/produkt\/thca-moon-rocks-65-magic-farmers\/#breadcrumb"},"inLanguage":"en-GB","potentialAction":[{"@type":"ReadAction","target":["https:\/\/www.swizzle.se\/produkt\/thca-moon-rocks-65-magic-farmers\/"]}]},{"@type":"ImageObject","inLanguage":"en-GB","@id":"https:\/\/www.swizzle.se\/produkt\/thca-moon-rocks-65-magic-farmers\/#primaryimage","url":"https:\/\/staging.swizzle.se\/wp-content\/uploads\/2025\/06\/moonrocks.webp","contentUrl":"https:\/\/staging.swizzle.se\/wp-content\/uploads\/2025\/06\/moonrocks.webp","width":800,"height":800,"caption":"Bild Moon rocks"},{"@type":"BreadcrumbList","@id":"https:\/\/www.swizzle.se\/produkt\/thca-moon-rocks-65-magic-farmers\/#breadcrumb","itemListElement":[{"@type":"ListItem","position":1,"name":"Home","item":"https:\/\/www.swizzle.se\/"},{"@type":"ListItem","position":2,"name":"Shop","item":"https:\/\/www.swizzle.se\/shop\/"},{"@type":"ListItem","position":3,"name":"THCA","item":"https:\/\/www.swizzle.se\/produkt-kategori\/thca\/"},{"@type":"ListItem","position":4,"name":"THCA Moon Rocks 65% &#8211; Magic Farmers"}]},{"@type":"WebSite","@id":"https:\/\/staging.swizzle.se\/#website","url":"https:\/\/staging.swizzle.se\/","name":"Swizzle","description":"Nicotine CBD Vapes Snus White Portion","publisher":{"@id":"https:\/\/staging.swizzle.se\/#organization"},"potentialAction":[{"@type":"SearchAction","target":{"@type":"EntryPoint","urlTemplate":"https:\/\/staging.swizzle.se\/?s={search_term_string}"},"query-input":{"@type":"PropertyValueSpecification","valueRequired":true,"valueName":"search_term_string"}}],"inLanguage":"en-GB"},{"@type":"Organization","@id":"https:\/\/staging.swizzle.se\/#organization","name":"Swizzle","url":"https:\/\/staging.swizzle.se\/","logo":{"@type":"ImageObject","inLanguage":"en-GB","@id":"https:\/\/staging.swizzle.se\/#\/schema\/logo\/image\/","url":"https:\/\/staging.swizzle.se\/wp-content\/uploads\/2025\/10\/cropped-SWIZZLE.-4.png","contentUrl":"https:\/\/staging.swizzle.se\/wp-content\/uploads\/2025\/10\/cropped-SWIZZLE.-4.png","width":800,"height":267,"caption":"Swizzle"},"image":{"@id":"https:\/\/staging.swizzle.se\/#\/schema\/logo\/image\/"},"hasMerchantReturnPolicy":{"@type":"MerchantReturnPolicy","merchantReturnLink":"https:\/\/staging.swizzle.se\/en\/villkor\/"}}]},"product_price_amount":"199.00","product_price_currency":"SEK","og_availability":"instock","product_availability":"instock","product_retailer_item_id":"MFmoonrocks","product_condition":"new"},"tiered_pricing_type":"fixed","tiered_pricing_fixed_rules":[],"tiered_pricing_product_settings":{"layout":"default","base_unit_name":{"singular":null,"plural":null},"default_variation":null},"tiered_pricing_minimum_quantity":null,"tiered_pricing_roles_data":[],"tiered_pricing_percentage_rules":[],"tiered_pricing_maximum_quantity":null,"tiered_pricing_quantity_step":null,"_links":{"self":[{"href":"https:\/\/staging.swizzle.se\/en\/wp-json\/wp\/v2\/product\/261526","targetHints":{"allow":["GET"]}}],"collection":[{"href":"https:\/\/staging.swizzle.se\/en\/wp-json\/wp\/v2\/product"}],"about":[{"href":"https:\/\/staging.swizzle.se\/en\/wp-json\/wp\/v2\/types\/product"}],"replies":[{"embeddable":true,"href":"https:\/\/staging.swizzle.se\/en\/wp-json\/wp\/v2\/comments?post=261526"}],"version-history":[{"count":0,"href":"https:\/\/staging.swizzle.se\/en\/wp-json\/wp\/v2\/product\/261526\/revisions"}],"wp:featuredmedia":[{"embeddable":true,"href":"https:\/\/staging.swizzle.se\/en\/wp-json\/wp\/v2\/media\/261527"}],"wp:attachment":[{"href":"https:\/\/staging.swizzle.se\/en\/wp-json\/wp\/v2\/media?parent=261526"}],"wp:term":[{"taxonomy":"product_brand","embeddable":true,"href":"https:\/\/staging.swizzle.se\/en\/wp-json\/wp\/v2\/product_brand?post=261526"},{"taxonomy":"product_cat","embeddable":true,"href":"https:\/\/staging.swizzle.se\/en\/wp-json\/wp\/v2\/product_cat?post=261526"},{"taxonomy":"product_tag","embeddable":true,"href":"https:\/\/staging.swizzle.se\/en\/wp-json\/wp\/v2\/product_tag?post=261526"},{"taxonomy":"superdeal","embeddable":true,"href":"https:\/\/staging.swizzle.se\/en\/wp-json\/wp\/v2\/superdeal?post=261526"},{"taxonomy":"product_variant_id","embeddable":true,"href":"https:\/\/staging.swizzle.se\/en\/wp-json\/wp\/v2\/product_variant_id?post=261526"}],"curies":[{"name":"wp","href":"https:\/\/api.w.org\/{rel}","templated":true}]}}