{"id":261476,"date":"2025-05-14T09:12:10","date_gmt":"2025-05-14T09:12:10","guid":{"rendered":"https:\/\/new.staging.swizzle.se\/produkt\/euphoria-mushrooms-focus\/"},"modified":"2026-02-04T14:10:26","modified_gmt":"2026-02-04T14:10:26","slug":"euphoria-mushrooms-focus","status":"publish","type":"product","link":"https:\/\/staging.swizzle.se\/en\/product-2\/euphoria-mushrooms-focus\/","title":{"rendered":"Euphoria Mushrooms Focus"},"content":{"rendered":"<p><strong>Euphoria Mushrooms Focus<\/strong><\/p>\n<p>Focus Blend \u2013 Naturligt st\u00f6d f\u00f6r fokus och mental klarhet<\/p>\n<p>Focus Blend kombinerar fyra av svampv\u00e4rldens mest kraftfulla ingredienser: Lion\u2019s Mane, Cordyceps, Reishi och Shiitake. Tillsammans bildar de en synergisk blandning som st\u00f6djer kognitiv funktion, fokus, energi och inre balans.<\/p>\n<p><strong>Lion\u2019s Mane fr\u00e4mjar minne och mental sk\u00e4rpa<\/strong><\/p>\n<p><strong>Cordyceps bidrar till \u00f6kad uth\u00e5llighet och energi<\/strong><\/p>\n<p><strong>Reishi hj\u00e4lper kroppen att hantera stress och st\u00e4rker immunf\u00f6rsvaret<\/strong><\/p>\n<p><strong>Shiitake st\u00f6djer allm\u00e4n h\u00e4lsa och vitalitet<\/strong><\/p>\n<p>Perfekt f\u00f6r studier, arbete eller intensiva dagar n\u00e4r du beh\u00f6ver extra sk\u00e4rpa.<\/p>\n<p><strong>30 kapslar per f\u00f6rpackning<\/strong><\/p>\n<p>Obs!<br \/>\nDu m\u00e5ste vara minst 18 \u00e5r f\u00f6r att k\u00f6pa denna produkt. Den \u00e4r inte avsedd som l\u00e4kemedel, kosttillskott eller naturprodukt. Vi uppmuntrar inte till konsumtion, f\u00f6rt\u00e4ring eller r\u00f6kning av produkten. F\u00f6rvara den utom r\u00e4ckh\u00e5ll f\u00f6r barn.Vi friskriver oss fr\u00e5n hur du som kund anv\u00e4nder v\u00e5ra produkter. Vi s\u00e4ljer dem f\u00f6r samlings- och prydnadssyften.<\/p>","protected":false},"excerpt":{"rendered":"<p>Euphoria Mushrooms Focus<\/p>\n<p>Focus Blend inneh\u00e5ller alla superstj\u00e4rnor fr\u00e5n svampv\u00e4rlden som Reishi, Cordyceps, Lions Mane, Shiitake. Denna magiska blandning kommer att f\u00f6rb\u00e4ttra den kognitiva funktionen, \u00f6ka produktiviteten och sk\u00e4rpa den mentala klarheten.<\/p>\n<p><strong>30 kapslar per f\u00f6rpackning<\/strong><\/p>","protected":false},"featured_media":261478,"comment_status":"open","ping_status":"closed","template":"","meta":{"site-sidebar-layout":"default","site-content-layout":"","ast-site-content-layout":"default","site-content-style":"default","site-sidebar-style":"default","ast-global-header-display":"","ast-banner-title-visibility":"","ast-main-header-display":"","ast-hfb-above-header-display":"","ast-hfb-below-header-display":"","ast-hfb-mobile-header-display":"","site-post-title":"","ast-breadcrumbs-content":"","ast-featured-img":"","footer-sml-layout":"","ast-disable-related-posts":"","theme-transparent-header-meta":"","adv-header-id-meta":"","stick-header-meta":"","header-above-stick-meta":"","header-main-stick-meta":"","header-below-stick-meta":"","astra-migrate-meta-layouts":"default","ast-page-background-enabled":"default","ast-page-background-meta":{"desktop":{"background-color":"var(--ast-global-color-4)","background-image":"","background-repeat":"repeat","background-position":"center center","background-size":"auto","background-attachment":"scroll","background-type":"","background-media":"","overlay-type":"","overlay-color":"","overlay-opacity":"","overlay-gradient":""},"tablet":{"background-color":"","background-image":"","background-repeat":"repeat","background-position":"center center","background-size":"auto","background-attachment":"scroll","background-type":"","background-media":"","overlay-type":"","overlay-color":"","overlay-opacity":"","overlay-gradient":""},"mobile":{"background-color":"","background-image":"","background-repeat":"repeat","background-position":"center center","background-size":"auto","background-attachment":"scroll","background-type":"","background-media":"","overlay-type":"","overlay-color":"","overlay-opacity":"","overlay-gradient":""}},"ast-content-background-meta":{"desktop":{"background-color":"var(--ast-global-color-5)","background-image":"","background-repeat":"repeat","background-position":"center center","background-size":"auto","background-attachment":"scroll","background-type":"","background-media":"","overlay-type":"","overlay-color":"","overlay-opacity":"","overlay-gradient":""},"tablet":{"background-color":"var(--ast-global-color-5)","background-image":"","background-repeat":"repeat","background-position":"center center","background-size":"auto","background-attachment":"scroll","background-type":"","background-media":"","overlay-type":"","overlay-color":"","overlay-opacity":"","overlay-gradient":""},"mobile":{"background-color":"var(--ast-global-color-5)","background-image":"","background-repeat":"repeat","background-position":"center center","background-size":"auto","background-attachment":"scroll","background-type":"","background-media":"","overlay-type":"","overlay-color":"","overlay-opacity":"","overlay-gradient":""}}},"product_brand":[738],"product_cat":[457,455,456,377],"product_tag":[],"superdeal":[],"product_variant_id":[],"class_list":{"0":"post-261476","1":"product","2":"type-product","3":"status-publish","4":"has-post-thumbnail","6":"product_brand-euphoria","7":"product_cat-cordyceps","8":"product_cat-lions-mane","9":"product_cat-reishi","10":"product_cat-shroomz","11":"desktop-align-center","12":"tablet-align-left","13":"mobile-align-left","14":"ast-product-gallery-layout-horizontal-slider","15":"ast-product-gallery-with-no-image","16":"ast-magnify-disabled","17":"ast-product-tabs-layout-horizontal","19":"first","20":"outofstock","21":"taxable","22":"shipping-taxable","23":"purchasable","24":"product-type-simple"},"yoast_head":"<!-- This site is optimized with the Yoast SEO Premium plugin v26.9 (Yoast SEO v26.9) - https:\/\/yoast.com\/product\/yoast-seo-premium-wordpress\/ -->\n<title>Euphoria Mushrooms Focus<\/title>\n<meta name=\"description\" content=\"Euphoria Mushrooms Focus inneh\u00e5ller svampar som Reishi, Cordyceps, Lions Mane, Shiitake. Denna blandning kommer att sk\u00e4rpa den mentala klarheten.\" \/>\n<meta name=\"robots\" content=\"noindex, follow, max-snippet:-1, max-image-preview:large, max-video-preview:-1\" \/>\n<meta property=\"og:locale\" content=\"en_GB\" \/>\n<meta property=\"og:type\" content=\"article\" \/>\n<meta property=\"og:title\" content=\"Euphoria Mushrooms Focus\" \/>\n<meta property=\"og:description\" content=\"Euphoria Mushrooms Focus inneh\u00e5ller svampar som Reishi, Cordyceps, Lions Mane, Shiitake. Denna blandning kommer att sk\u00e4rpa den mentala klarheten.\" \/>\n<meta property=\"og:url\" content=\"https:\/\/www.swizzle.se\/produkt\/euphoria-mushrooms-focus\/\" \/>\n<meta property=\"og:site_name\" content=\"Swizzle\" \/>\n<meta property=\"article:modified_time\" content=\"2026-02-04T14:10:26+00:00\" \/>\n<meta property=\"og:image\" content=\"https:\/\/www.swizzle.se\/wp-content\/uploads\/2025\/06\/ba4b5c5f62b0322aa9f88c5b4cd01ec7-euphoria-mushrooms-focus.png\" \/>\n\t<meta property=\"og:image:width\" content=\"500\" \/>\n\t<meta property=\"og:image:height\" content=\"500\" \/>\n\t<meta property=\"og:image:type\" content=\"image\/png\" \/>\n<meta name=\"twitter:card\" content=\"summary_large_image\" \/>\n<meta name=\"twitter:title\" content=\"Euphoria Mushrooms Focus\" \/>\n<meta name=\"twitter:label1\" content=\"Price\" \/>\n\t<meta name=\"twitter:data1\" content=\"209.00&nbsp;&#107;&#114;\" \/>\n\t<meta name=\"twitter:label2\" content=\"Availability\" \/>\n\t<meta name=\"twitter:data2\" content=\"Out of stock\" \/>\n<script type=\"application\/ld+json\" class=\"yoast-schema-graph\">{\"@context\":\"https:\/\/schema.org\",\"@graph\":[{\"@type\":\"WebPage\",\"@id\":\"https:\/\/www.swizzle.se\/produkt\/euphoria-mushrooms-focus\/\",\"url\":\"https:\/\/www.swizzle.se\/produkt\/euphoria-mushrooms-focus\/\",\"name\":\"Euphoria Mushrooms Focus\",\"isPartOf\":{\"@id\":\"https:\/\/staging.swizzle.se\/#website\"},\"primaryImageOfPage\":{\"@id\":\"https:\/\/www.swizzle.se\/produkt\/euphoria-mushrooms-focus\/#primaryimage\"},\"image\":{\"@id\":\"https:\/\/www.swizzle.se\/produkt\/euphoria-mushrooms-focus\/#primaryimage\"},\"thumbnailUrl\":\"https:\/\/staging.swizzle.se\/wp-content\/uploads\/2025\/06\/ba4b5c5f62b0322aa9f88c5b4cd01ec7-euphoria-mushrooms-focus.png\",\"datePublished\":\"2025-05-14T09:12:10+00:00\",\"dateModified\":\"2026-02-04T14:10:26+00:00\",\"description\":\"Euphoria Mushrooms Focus inneh\u00e5ller svampar som Reishi, Cordyceps, Lions Mane, Shiitake. Denna blandning kommer att sk\u00e4rpa den mentala klarheten.\",\"breadcrumb\":{\"@id\":\"https:\/\/www.swizzle.se\/produkt\/euphoria-mushrooms-focus\/#breadcrumb\"},\"inLanguage\":\"en-GB\",\"potentialAction\":[{\"@type\":\"ReadAction\",\"target\":[\"https:\/\/www.swizzle.se\/produkt\/euphoria-mushrooms-focus\/\"]}]},{\"@type\":\"ImageObject\",\"inLanguage\":\"en-GB\",\"@id\":\"https:\/\/www.swizzle.se\/produkt\/euphoria-mushrooms-focus\/#primaryimage\",\"url\":\"https:\/\/staging.swizzle.se\/wp-content\/uploads\/2025\/06\/ba4b5c5f62b0322aa9f88c5b4cd01ec7-euphoria-mushrooms-focus.png\",\"contentUrl\":\"https:\/\/staging.swizzle.se\/wp-content\/uploads\/2025\/06\/ba4b5c5f62b0322aa9f88c5b4cd01ec7-euphoria-mushrooms-focus.png\",\"width\":500,\"height\":500,\"caption\":\"bild focus\"},{\"@type\":\"BreadcrumbList\",\"@id\":\"https:\/\/www.swizzle.se\/produkt\/euphoria-mushrooms-focus\/#breadcrumb\",\"itemListElement\":[{\"@type\":\"ListItem\",\"position\":1,\"name\":\"Home\",\"item\":\"https:\/\/www.swizzle.se\/\"},{\"@type\":\"ListItem\",\"position\":2,\"name\":\"Shop\",\"item\":\"https:\/\/www.swizzle.se\/shop\/\"},{\"@type\":\"ListItem\",\"position\":3,\"name\":\"SHROOMZ\",\"item\":\"https:\/\/www.swizzle.se\/produkt-kategori\/shroomz\/\"},{\"@type\":\"ListItem\",\"position\":4,\"name\":\"CORDYCEPS\",\"item\":\"https:\/\/www.swizzle.se\/produkt-kategori\/shroomz\/cordyceps\/\"},{\"@type\":\"ListItem\",\"position\":5,\"name\":\"Euphoria Mushrooms Focus\"}]},{\"@type\":\"WebSite\",\"@id\":\"https:\/\/staging.swizzle.se\/#website\",\"url\":\"https:\/\/staging.swizzle.se\/\",\"name\":\"Swizzle\",\"description\":\"Nikotin CBD Vapes Snus White Portion\",\"publisher\":{\"@id\":\"https:\/\/staging.swizzle.se\/#organization\"},\"potentialAction\":[{\"@type\":\"SearchAction\",\"target\":{\"@type\":\"EntryPoint\",\"urlTemplate\":\"https:\/\/staging.swizzle.se\/?s={search_term_string}\"},\"query-input\":{\"@type\":\"PropertyValueSpecification\",\"valueRequired\":true,\"valueName\":\"search_term_string\"}}],\"inLanguage\":\"en-GB\"},{\"@type\":\"Organization\",\"@id\":\"https:\/\/staging.swizzle.se\/#organization\",\"name\":\"Swizzle\",\"url\":\"https:\/\/staging.swizzle.se\/\",\"logo\":{\"@type\":\"ImageObject\",\"inLanguage\":\"en-GB\",\"@id\":\"https:\/\/staging.swizzle.se\/#\/schema\/logo\/image\/\",\"url\":\"https:\/\/staging.swizzle.se\/wp-content\/uploads\/2025\/10\/cropped-SWIZZLE.-4.png\",\"contentUrl\":\"https:\/\/staging.swizzle.se\/wp-content\/uploads\/2025\/10\/cropped-SWIZZLE.-4.png\",\"width\":800,\"height\":267,\"caption\":\"Swizzle\"},\"image\":{\"@id\":\"https:\/\/staging.swizzle.se\/#\/schema\/logo\/image\/\"},\"hasMerchantReturnPolicy\":{\"@type\":\"MerchantReturnPolicy\",\"merchantReturnLink\":\"https:\/\/staging.swizzle.se\/en\/villkor\/\"}}]}<\/script>\n<meta property=\"product:price:amount\" content=\"209.00\" \/>\n<meta property=\"product:price:currency\" content=\"SEK\" \/>\n<meta property=\"og:availability\" content=\"out of stock\" \/>\n<meta property=\"product:availability\" content=\"out of stock\" \/>\n<meta property=\"product:retailer_item_id\" content=\"Euphoriafocus\" \/>\n<meta property=\"product:condition\" content=\"new\" \/>\n<!-- \/ Yoast SEO Premium plugin. -->","yoast_head_json":{"title":"Euphoria Mushrooms Focus","description":"Euphoria Mushrooms Focus inneh\u00e5ller svampar som Reishi, Cordyceps, Lions Mane, Shiitake. Denna blandning kommer att sk\u00e4rpa den mentala klarheten.","robots":{"index":"noindex","follow":"follow","max-snippet":"max-snippet:-1","max-image-preview":"max-image-preview:large","max-video-preview":"max-video-preview:-1"},"og_locale":"en_GB","og_type":"article","og_title":"Euphoria Mushrooms Focus","og_description":"Euphoria Mushrooms Focus inneh\u00e5ller svampar som Reishi, Cordyceps, Lions Mane, Shiitake. Denna blandning kommer att sk\u00e4rpa den mentala klarheten.","og_url":"https:\/\/www.swizzle.se\/produkt\/euphoria-mushrooms-focus\/","og_site_name":"Swizzle","article_modified_time":"2026-02-04T14:10:26+00:00","og_image":[{"width":500,"height":500,"url":"https:\/\/www.swizzle.se\/wp-content\/uploads\/2025\/06\/ba4b5c5f62b0322aa9f88c5b4cd01ec7-euphoria-mushrooms-focus.png","type":"image\/png"}],"twitter_card":"summary_large_image","twitter_title":"Euphoria Mushrooms Focus","twitter_misc":{"Price":"209.00&nbsp;&#107;&#114;","Availability":"Out of stock"},"schema":{"@context":"https:\/\/schema.org","@graph":[{"@type":"WebPage","@id":"https:\/\/www.swizzle.se\/produkt\/euphoria-mushrooms-focus\/","url":"https:\/\/www.swizzle.se\/produkt\/euphoria-mushrooms-focus\/","name":"Euphoria Mushrooms Focus","isPartOf":{"@id":"https:\/\/staging.swizzle.se\/#website"},"primaryImageOfPage":{"@id":"https:\/\/www.swizzle.se\/produkt\/euphoria-mushrooms-focus\/#primaryimage"},"image":{"@id":"https:\/\/www.swizzle.se\/produkt\/euphoria-mushrooms-focus\/#primaryimage"},"thumbnailUrl":"https:\/\/staging.swizzle.se\/wp-content\/uploads\/2025\/06\/ba4b5c5f62b0322aa9f88c5b4cd01ec7-euphoria-mushrooms-focus.png","datePublished":"2025-05-14T09:12:10+00:00","dateModified":"2026-02-04T14:10:26+00:00","description":"Euphoria Mushrooms Focus inneh\u00e5ller svampar som Reishi, Cordyceps, Lions Mane, Shiitake. Denna blandning kommer att sk\u00e4rpa den mentala klarheten.","breadcrumb":{"@id":"https:\/\/www.swizzle.se\/produkt\/euphoria-mushrooms-focus\/#breadcrumb"},"inLanguage":"en-GB","potentialAction":[{"@type":"ReadAction","target":["https:\/\/www.swizzle.se\/produkt\/euphoria-mushrooms-focus\/"]}]},{"@type":"ImageObject","inLanguage":"en-GB","@id":"https:\/\/www.swizzle.se\/produkt\/euphoria-mushrooms-focus\/#primaryimage","url":"https:\/\/staging.swizzle.se\/wp-content\/uploads\/2025\/06\/ba4b5c5f62b0322aa9f88c5b4cd01ec7-euphoria-mushrooms-focus.png","contentUrl":"https:\/\/staging.swizzle.se\/wp-content\/uploads\/2025\/06\/ba4b5c5f62b0322aa9f88c5b4cd01ec7-euphoria-mushrooms-focus.png","width":500,"height":500,"caption":"bild focus"},{"@type":"BreadcrumbList","@id":"https:\/\/www.swizzle.se\/produkt\/euphoria-mushrooms-focus\/#breadcrumb","itemListElement":[{"@type":"ListItem","position":1,"name":"Home","item":"https:\/\/www.swizzle.se\/"},{"@type":"ListItem","position":2,"name":"Shop","item":"https:\/\/www.swizzle.se\/shop\/"},{"@type":"ListItem","position":3,"name":"SHROOMZ","item":"https:\/\/www.swizzle.se\/produkt-kategori\/shroomz\/"},{"@type":"ListItem","position":4,"name":"CORDYCEPS","item":"https:\/\/www.swizzle.se\/produkt-kategori\/shroomz\/cordyceps\/"},{"@type":"ListItem","position":5,"name":"Euphoria Mushrooms Focus"}]},{"@type":"WebSite","@id":"https:\/\/staging.swizzle.se\/#website","url":"https:\/\/staging.swizzle.se\/","name":"Swizzle","description":"Nicotine CBD Vapes Snus White Portion","publisher":{"@id":"https:\/\/staging.swizzle.se\/#organization"},"potentialAction":[{"@type":"SearchAction","target":{"@type":"EntryPoint","urlTemplate":"https:\/\/staging.swizzle.se\/?s={search_term_string}"},"query-input":{"@type":"PropertyValueSpecification","valueRequired":true,"valueName":"search_term_string"}}],"inLanguage":"en-GB"},{"@type":"Organization","@id":"https:\/\/staging.swizzle.se\/#organization","name":"Swizzle","url":"https:\/\/staging.swizzle.se\/","logo":{"@type":"ImageObject","inLanguage":"en-GB","@id":"https:\/\/staging.swizzle.se\/#\/schema\/logo\/image\/","url":"https:\/\/staging.swizzle.se\/wp-content\/uploads\/2025\/10\/cropped-SWIZZLE.-4.png","contentUrl":"https:\/\/staging.swizzle.se\/wp-content\/uploads\/2025\/10\/cropped-SWIZZLE.-4.png","width":800,"height":267,"caption":"Swizzle"},"image":{"@id":"https:\/\/staging.swizzle.se\/#\/schema\/logo\/image\/"},"hasMerchantReturnPolicy":{"@type":"MerchantReturnPolicy","merchantReturnLink":"https:\/\/staging.swizzle.se\/en\/villkor\/"}}]},"product_price_amount":"209.00","product_price_currency":"SEK","og_availability":"out of stock","product_availability":"out of stock","product_retailer_item_id":"Euphoriafocus","product_condition":"new"},"tiered_pricing_type":"fixed","tiered_pricing_fixed_rules":[],"tiered_pricing_product_settings":{"layout":"default","base_unit_name":{"singular":null,"plural":null},"default_variation":null},"tiered_pricing_minimum_quantity":null,"tiered_pricing_roles_data":[],"tiered_pricing_percentage_rules":[],"tiered_pricing_maximum_quantity":null,"tiered_pricing_quantity_step":null,"_links":{"self":[{"href":"https:\/\/staging.swizzle.se\/en\/wp-json\/wp\/v2\/product\/261476","targetHints":{"allow":["GET"]}}],"collection":[{"href":"https:\/\/staging.swizzle.se\/en\/wp-json\/wp\/v2\/product"}],"about":[{"href":"https:\/\/staging.swizzle.se\/en\/wp-json\/wp\/v2\/types\/product"}],"replies":[{"embeddable":true,"href":"https:\/\/staging.swizzle.se\/en\/wp-json\/wp\/v2\/comments?post=261476"}],"version-history":[{"count":0,"href":"https:\/\/staging.swizzle.se\/en\/wp-json\/wp\/v2\/product\/261476\/revisions"}],"wp:featuredmedia":[{"embeddable":true,"href":"https:\/\/staging.swizzle.se\/en\/wp-json\/wp\/v2\/media\/261478"}],"wp:attachment":[{"href":"https:\/\/staging.swizzle.se\/en\/wp-json\/wp\/v2\/media?parent=261476"}],"wp:term":[{"taxonomy":"product_brand","embeddable":true,"href":"https:\/\/staging.swizzle.se\/en\/wp-json\/wp\/v2\/product_brand?post=261476"},{"taxonomy":"product_cat","embeddable":true,"href":"https:\/\/staging.swizzle.se\/en\/wp-json\/wp\/v2\/product_cat?post=261476"},{"taxonomy":"product_tag","embeddable":true,"href":"https:\/\/staging.swizzle.se\/en\/wp-json\/wp\/v2\/product_tag?post=261476"},{"taxonomy":"superdeal","embeddable":true,"href":"https:\/\/staging.swizzle.se\/en\/wp-json\/wp\/v2\/superdeal?post=261476"},{"taxonomy":"product_variant_id","embeddable":true,"href":"https:\/\/staging.swizzle.se\/en\/wp-json\/wp\/v2\/product_variant_id?post=261476"}],"curies":[{"name":"wp","href":"https:\/\/api.w.org\/{rel}","templated":true}]}}