{"id":260076,"date":"2025-04-23T12:07:36","date_gmt":"2025-04-23T12:07:36","guid":{"rendered":"https:\/\/new.staging.swizzle.se\/produkt\/cookies-puff-15k-purple-rain\/"},"modified":"2026-02-04T14:16:53","modified_gmt":"2026-02-04T14:16:53","slug":"cookies-puff-15k-purple-rain","status":"publish","type":"product","link":"https:\/\/staging.swizzle.se\/en\/product-2\/cookies-puff-15k-purple-rain\/","title":{"rendered":"Cookies &#8211; Puff 15k &#8211; Purple Rain"},"content":{"rendered":"<p>Cookies &#8211; Puff 15k &#8211; Purple Rain. Uppt\u00e4ck The Puff Purple Rain fr\u00e5n Cookies, ett m\u00e5ste f\u00f6r \u00e4lskare av fruktiga och uppfriskande vapes. Uppladdningsbar och designad f\u00f6r att leverera upp till 15 000 bloss. Erbjuder denna vape en lockande blandning av s\u00f6ta druvor och vilda b\u00e4r, f\u00f6rst\u00e4rkt av en intensiv fr\u00e4sch\u00f6r som piggar upp varje inandning.<\/p>\n<p>Perfekt f\u00f6r dem som letar efter en uppiggande och fruktig vapingupplevelse, denna puff \u00e4r perfekt f\u00f6r l\u00e5ngvarig njutning med varje puff.<\/p>\n<p>Denna produkt inneh\u00e5ller nikotin (20 mg\/ml) och \u00e4r endast avsedd f\u00f6r vuxna. Det \u00e4r inte l\u00e4mpligt f\u00f6r minder\u00e5riga eller gravida eller ammande kvinnor.<\/p>\n<p>18-\u00e5rsgr\u00e4ns<\/p>","protected":false},"excerpt":{"rendered":"<p class=\"ai-optimize-35 ai-optimize-introduction\">Cookies &#8211; Puff 15k &#8211; Purple Rain. Uppt\u00e4ck The Puff Purple Rain fr\u00e5n Cookies, ett m\u00e5ste f\u00f6r \u00e4lskare av fruktiga och uppfriskande vapes. Uppladdningsbar och designad f\u00f6r att leverera upp till 15 000 bloss. Erbjuder denna vape en lockande blandning av s\u00f6ta druvor och vilda b\u00e4r, f\u00f6rst\u00e4rkt av en intensiv fr\u00e4sch\u00f6r som piggar upp varje inandning.<\/p>\n<p class=\"ai-optimize-37\">Denna produkt inneh\u00e5ller nikotin (20 mg\/ml) och \u00e4r endast avsedd f\u00f6r vuxna. Det \u00e4r inte l\u00e4mpligt f\u00f6r minder\u00e5riga eller gravida eller ammande kvinnor.<\/p>\n<p class=\"ai-optimize-38\">18-\u00e5rsgr\u00e4ns<\/p>","protected":false},"featured_media":260078,"comment_status":"open","ping_status":"closed","template":"","meta":{"site-sidebar-layout":"default","site-content-layout":"","ast-site-content-layout":"default","site-content-style":"default","site-sidebar-style":"default","ast-global-header-display":"","ast-banner-title-visibility":"","ast-main-header-display":"","ast-hfb-above-header-display":"","ast-hfb-below-header-display":"","ast-hfb-mobile-header-display":"","site-post-title":"","ast-breadcrumbs-content":"","ast-featured-img":"","footer-sml-layout":"","ast-disable-related-posts":"","theme-transparent-header-meta":"default","adv-header-id-meta":"","stick-header-meta":"","header-above-stick-meta":"","header-main-stick-meta":"","header-below-stick-meta":"","astra-migrate-meta-layouts":"set","ast-page-background-enabled":"default","ast-page-background-meta":{"desktop":{"background-color":"var(--ast-global-color-4)","background-image":"","background-repeat":"repeat","background-position":"center center","background-size":"auto","background-attachment":"scroll","background-type":"","background-media":"","overlay-type":"","overlay-color":"","overlay-opacity":"","overlay-gradient":""},"tablet":{"background-color":"","background-image":"","background-repeat":"repeat","background-position":"center center","background-size":"auto","background-attachment":"scroll","background-type":"","background-media":"","overlay-type":"","overlay-color":"","overlay-opacity":"","overlay-gradient":""},"mobile":{"background-color":"","background-image":"","background-repeat":"repeat","background-position":"center center","background-size":"auto","background-attachment":"scroll","background-type":"","background-media":"","overlay-type":"","overlay-color":"","overlay-opacity":"","overlay-gradient":""}},"ast-content-background-meta":{"desktop":{"background-color":"var(--ast-global-color-5)","background-image":"","background-repeat":"repeat","background-position":"center center","background-size":"auto","background-attachment":"scroll","background-type":"","background-media":"","overlay-type":"","overlay-color":"","overlay-opacity":"","overlay-gradient":""},"tablet":{"background-color":"var(--ast-global-color-5)","background-image":"","background-repeat":"repeat","background-position":"center center","background-size":"auto","background-attachment":"scroll","background-type":"","background-media":"","overlay-type":"","overlay-color":"","overlay-opacity":"","overlay-gradient":""},"mobile":{"background-color":"var(--ast-global-color-5)","background-image":"","background-repeat":"repeat","background-position":"center center","background-size":"auto","background-attachment":"scroll","background-type":"","background-media":"","overlay-type":"","overlay-color":"","overlay-opacity":"","overlay-gradient":""}}},"product_brand":[733],"product_cat":[592,329,381,490],"product_tag":[],"superdeal":[],"product_variant_id":[],"class_list":{"0":"post-260076","1":"product","2":"type-product","3":"status-publish","4":"has-post-thumbnail","6":"product_brand-cookies","7":"product_cat-engangsvapes","8":"product_cat-nikotin-2","9":"product_cat-vapes","10":"product_cat-vapes-nikotin","11":"desktop-align-center","12":"tablet-align-left","13":"mobile-align-left","14":"ast-product-gallery-layout-horizontal-slider","15":"ast-product-gallery-with-no-image","16":"ast-magnify-disabled","17":"ast-product-tabs-layout-horizontal","19":"first","20":"instock","21":"sold-individually","22":"taxable","23":"shipping-taxable","24":"product-type-simple"},"yoast_head":"<!-- This site is optimized with the Yoast SEO Premium plugin v26.9 (Yoast SEO v26.9) - https:\/\/yoast.com\/product\/yoast-seo-premium-wordpress\/ -->\n<title>Cookies - Puff 15k - Purple Rain<\/title>\n<meta name=\"description\" content=\"Cookies - Puff 15k - Purple Rain. Uppt\u00e4ck The Puff Purple Rain fr\u00e5n Cookies, fruktig och uppfriskande vape. Levererar 15 000 bloss.\" \/>\n<meta name=\"robots\" content=\"noindex, follow, max-snippet:-1, max-image-preview:large, max-video-preview:-1\" \/>\n<meta property=\"og:locale\" content=\"en_GB\" \/>\n<meta property=\"og:type\" content=\"article\" \/>\n<meta property=\"og:title\" content=\"Cookies - Puff 15k - Purple Rain\" \/>\n<meta property=\"og:description\" content=\"Cookies - Puff 15k - Purple Rain. Uppt\u00e4ck The Puff Purple Rain fr\u00e5n Cookies, fruktig och uppfriskande vape. Levererar 15 000 bloss.\" \/>\n<meta property=\"og:url\" content=\"https:\/\/www.swizzle.se\/produkt\/cookies-puff-15k-purple-rain\/\" \/>\n<meta property=\"og:site_name\" content=\"Swizzle\" \/>\n<meta property=\"article:modified_time\" content=\"2026-02-04T14:16:53+00:00\" \/>\n<meta property=\"og:image\" content=\"https:\/\/www.swizzle.se\/wp-content\/uploads\/2025\/05\/PUFF15_PURPLERAIN.png\" \/>\n\t<meta property=\"og:image:width\" content=\"800\" \/>\n\t<meta property=\"og:image:height\" content=\"800\" \/>\n\t<meta property=\"og:image:type\" content=\"image\/png\" \/>\n<meta name=\"twitter:card\" content=\"summary_large_image\" \/>\n<meta name=\"twitter:title\" content=\"Cookies - Puff 15k - Purple Rain\" \/>\n<meta name=\"twitter:description\" content=\"Cookies - Puff 15k - Purple Rain. Uppt\u00e4ck The Puff Purple Rain fr\u00e5n Cookies, fruktig och uppfriskande vape. Levererar 15 000 bloss.\" \/>\n<meta name=\"twitter:label1\" content=\"Price\" \/>\n\t<meta name=\"twitter:data1\" content=\"\" \/>\n\t<meta name=\"twitter:label2\" content=\"Availability\" \/>\n\t<meta name=\"twitter:data2\" content=\"In stock\" \/>\n<script type=\"application\/ld+json\" class=\"yoast-schema-graph\">{\"@context\":\"https:\/\/schema.org\",\"@graph\":[{\"@type\":\"WebPage\",\"@id\":\"https:\/\/www.swizzle.se\/produkt\/cookies-puff-15k-purple-rain\/\",\"url\":\"https:\/\/www.swizzle.se\/produkt\/cookies-puff-15k-purple-rain\/\",\"name\":\"Cookies - Puff 15k - Purple Rain\",\"isPartOf\":{\"@id\":\"https:\/\/staging.swizzle.se\/#website\"},\"primaryImageOfPage\":{\"@id\":\"https:\/\/www.swizzle.se\/produkt\/cookies-puff-15k-purple-rain\/#primaryimage\"},\"image\":{\"@id\":\"https:\/\/www.swizzle.se\/produkt\/cookies-puff-15k-purple-rain\/#primaryimage\"},\"thumbnailUrl\":\"https:\/\/staging.swizzle.se\/wp-content\/uploads\/2025\/05\/PUFF15_PURPLERAIN.png\",\"datePublished\":\"2025-04-23T12:07:36+00:00\",\"dateModified\":\"2026-02-04T14:16:53+00:00\",\"description\":\"Cookies - Puff 15k - Purple Rain. Uppt\u00e4ck The Puff Purple Rain fr\u00e5n Cookies, fruktig och uppfriskande vape. Levererar 15 000 bloss.\",\"breadcrumb\":{\"@id\":\"https:\/\/www.swizzle.se\/produkt\/cookies-puff-15k-purple-rain\/#breadcrumb\"},\"inLanguage\":\"en-GB\",\"potentialAction\":[{\"@type\":\"ReadAction\",\"target\":[\"https:\/\/www.swizzle.se\/produkt\/cookies-puff-15k-purple-rain\/\"]}]},{\"@type\":\"ImageObject\",\"inLanguage\":\"en-GB\",\"@id\":\"https:\/\/www.swizzle.se\/produkt\/cookies-puff-15k-purple-rain\/#primaryimage\",\"url\":\"https:\/\/staging.swizzle.se\/wp-content\/uploads\/2025\/05\/PUFF15_PURPLERAIN.png\",\"contentUrl\":\"https:\/\/staging.swizzle.se\/wp-content\/uploads\/2025\/05\/PUFF15_PURPLERAIN.png\",\"width\":800,\"height\":800,\"caption\":\"bild Purple Rain15k\"},{\"@type\":\"BreadcrumbList\",\"@id\":\"https:\/\/www.swizzle.se\/produkt\/cookies-puff-15k-purple-rain\/#breadcrumb\",\"itemListElement\":[{\"@type\":\"ListItem\",\"position\":1,\"name\":\"Home\",\"item\":\"https:\/\/www.swizzle.se\/\"},{\"@type\":\"ListItem\",\"position\":2,\"name\":\"Shop\",\"item\":\"https:\/\/www.swizzle.se\/shop\/\"},{\"@type\":\"ListItem\",\"position\":3,\"name\":\"Vape &amp; E-cigg online\",\"item\":\"https:\/\/www.swizzle.se\/produkt-kategori\/vapes\/\"},{\"@type\":\"ListItem\",\"position\":4,\"name\":\"Eng\u00e5ngsvapes\",\"item\":\"https:\/\/www.swizzle.se\/produkt-kategori\/vapes\/engangsvapes\/\"},{\"@type\":\"ListItem\",\"position\":5,\"name\":\"Cookies &#8211; Puff 15k &#8211; Purple Rain\"}]},{\"@type\":\"WebSite\",\"@id\":\"https:\/\/staging.swizzle.se\/#website\",\"url\":\"https:\/\/staging.swizzle.se\/\",\"name\":\"Swizzle\",\"description\":\"Nikotin CBD Vapes Snus White Portion\",\"publisher\":{\"@id\":\"https:\/\/staging.swizzle.se\/#organization\"},\"potentialAction\":[{\"@type\":\"SearchAction\",\"target\":{\"@type\":\"EntryPoint\",\"urlTemplate\":\"https:\/\/staging.swizzle.se\/?s={search_term_string}\"},\"query-input\":{\"@type\":\"PropertyValueSpecification\",\"valueRequired\":true,\"valueName\":\"search_term_string\"}}],\"inLanguage\":\"en-GB\"},{\"@type\":\"Organization\",\"@id\":\"https:\/\/staging.swizzle.se\/#organization\",\"name\":\"Swizzle\",\"url\":\"https:\/\/staging.swizzle.se\/\",\"logo\":{\"@type\":\"ImageObject\",\"inLanguage\":\"en-GB\",\"@id\":\"https:\/\/staging.swizzle.se\/#\/schema\/logo\/image\/\",\"url\":\"https:\/\/staging.swizzle.se\/wp-content\/uploads\/2025\/10\/cropped-SWIZZLE.-4.png\",\"contentUrl\":\"https:\/\/staging.swizzle.se\/wp-content\/uploads\/2025\/10\/cropped-SWIZZLE.-4.png\",\"width\":800,\"height\":267,\"caption\":\"Swizzle\"},\"image\":{\"@id\":\"https:\/\/staging.swizzle.se\/#\/schema\/logo\/image\/\"},\"hasMerchantReturnPolicy\":{\"@type\":\"MerchantReturnPolicy\",\"merchantReturnLink\":\"https:\/\/staging.swizzle.se\/en\/villkor\/\"}}]}<\/script>\n<meta property=\"product:price:currency\" content=\"SEK\" \/>\n<meta property=\"og:availability\" content=\"instock\" \/>\n<meta property=\"product:availability\" content=\"instock\" \/>\n<meta property=\"product:retailer_item_id\" content=\"field_sku\" \/>\n<meta property=\"product:condition\" content=\"new\" \/>\n<!-- \/ Yoast SEO Premium plugin. -->","yoast_head_json":{"title":"Cookies - Puff 15k - Purple Rain","description":"Cookies - Puff 15k - Purple Rain. Uppt\u00e4ck The Puff Purple Rain fr\u00e5n Cookies, fruktig och uppfriskande vape. Levererar 15 000 bloss.","robots":{"index":"noindex","follow":"follow","max-snippet":"max-snippet:-1","max-image-preview":"max-image-preview:large","max-video-preview":"max-video-preview:-1"},"og_locale":"en_GB","og_type":"article","og_title":"Cookies - Puff 15k - Purple Rain","og_description":"Cookies - Puff 15k - Purple Rain. Uppt\u00e4ck The Puff Purple Rain fr\u00e5n Cookies, fruktig och uppfriskande vape. Levererar 15 000 bloss.","og_url":"https:\/\/www.swizzle.se\/produkt\/cookies-puff-15k-purple-rain\/","og_site_name":"Swizzle","article_modified_time":"2026-02-04T14:16:53+00:00","og_image":[{"width":800,"height":800,"url":"https:\/\/www.swizzle.se\/wp-content\/uploads\/2025\/05\/PUFF15_PURPLERAIN.png","type":"image\/png"}],"twitter_card":"summary_large_image","twitter_title":"Cookies - Puff 15k - Purple Rain","twitter_description":"Cookies - Puff 15k - Purple Rain. Uppt\u00e4ck The Puff Purple Rain fr\u00e5n Cookies, fruktig och uppfriskande vape. Levererar 15 000 bloss.","twitter_misc":{"Price":"","Availability":"In stock"},"schema":{"@context":"https:\/\/schema.org","@graph":[{"@type":"WebPage","@id":"https:\/\/www.swizzle.se\/produkt\/cookies-puff-15k-purple-rain\/","url":"https:\/\/www.swizzle.se\/produkt\/cookies-puff-15k-purple-rain\/","name":"Cookies - Puff 15k - Purple Rain","isPartOf":{"@id":"https:\/\/staging.swizzle.se\/#website"},"primaryImageOfPage":{"@id":"https:\/\/www.swizzle.se\/produkt\/cookies-puff-15k-purple-rain\/#primaryimage"},"image":{"@id":"https:\/\/www.swizzle.se\/produkt\/cookies-puff-15k-purple-rain\/#primaryimage"},"thumbnailUrl":"https:\/\/staging.swizzle.se\/wp-content\/uploads\/2025\/05\/PUFF15_PURPLERAIN.png","datePublished":"2025-04-23T12:07:36+00:00","dateModified":"2026-02-04T14:16:53+00:00","description":"Cookies - Puff 15k - Purple Rain. Uppt\u00e4ck The Puff Purple Rain fr\u00e5n Cookies, fruktig och uppfriskande vape. Levererar 15 000 bloss.","breadcrumb":{"@id":"https:\/\/www.swizzle.se\/produkt\/cookies-puff-15k-purple-rain\/#breadcrumb"},"inLanguage":"en-GB","potentialAction":[{"@type":"ReadAction","target":["https:\/\/www.swizzle.se\/produkt\/cookies-puff-15k-purple-rain\/"]}]},{"@type":"ImageObject","inLanguage":"en-GB","@id":"https:\/\/www.swizzle.se\/produkt\/cookies-puff-15k-purple-rain\/#primaryimage","url":"https:\/\/staging.swizzle.se\/wp-content\/uploads\/2025\/05\/PUFF15_PURPLERAIN.png","contentUrl":"https:\/\/staging.swizzle.se\/wp-content\/uploads\/2025\/05\/PUFF15_PURPLERAIN.png","width":800,"height":800,"caption":"bild Purple Rain15k"},{"@type":"BreadcrumbList","@id":"https:\/\/www.swizzle.se\/produkt\/cookies-puff-15k-purple-rain\/#breadcrumb","itemListElement":[{"@type":"ListItem","position":1,"name":"Home","item":"https:\/\/www.swizzle.se\/"},{"@type":"ListItem","position":2,"name":"Shop","item":"https:\/\/www.swizzle.se\/shop\/"},{"@type":"ListItem","position":3,"name":"Vape &amp; E-cigg online","item":"https:\/\/www.swizzle.se\/produkt-kategori\/vapes\/"},{"@type":"ListItem","position":4,"name":"Eng\u00e5ngsvapes","item":"https:\/\/www.swizzle.se\/produkt-kategori\/vapes\/engangsvapes\/"},{"@type":"ListItem","position":5,"name":"Cookies &#8211; Puff 15k &#8211; Purple Rain"}]},{"@type":"WebSite","@id":"https:\/\/staging.swizzle.se\/#website","url":"https:\/\/staging.swizzle.se\/","name":"Swizzle","description":"Nicotine CBD Vapes Snus White Portion","publisher":{"@id":"https:\/\/staging.swizzle.se\/#organization"},"potentialAction":[{"@type":"SearchAction","target":{"@type":"EntryPoint","urlTemplate":"https:\/\/staging.swizzle.se\/?s={search_term_string}"},"query-input":{"@type":"PropertyValueSpecification","valueRequired":true,"valueName":"search_term_string"}}],"inLanguage":"en-GB"},{"@type":"Organization","@id":"https:\/\/staging.swizzle.se\/#organization","name":"Swizzle","url":"https:\/\/staging.swizzle.se\/","logo":{"@type":"ImageObject","inLanguage":"en-GB","@id":"https:\/\/staging.swizzle.se\/#\/schema\/logo\/image\/","url":"https:\/\/staging.swizzle.se\/wp-content\/uploads\/2025\/10\/cropped-SWIZZLE.-4.png","contentUrl":"https:\/\/staging.swizzle.se\/wp-content\/uploads\/2025\/10\/cropped-SWIZZLE.-4.png","width":800,"height":267,"caption":"Swizzle"},"image":{"@id":"https:\/\/staging.swizzle.se\/#\/schema\/logo\/image\/"},"hasMerchantReturnPolicy":{"@type":"MerchantReturnPolicy","merchantReturnLink":"https:\/\/staging.swizzle.se\/en\/villkor\/"}}]},"product_price_currency":"SEK","og_availability":"instock","product_availability":"instock","product_retailer_item_id":"field_sku","product_condition":"new"},"tiered_pricing_type":"fixed","tiered_pricing_fixed_rules":[],"tiered_pricing_product_settings":{"layout":"default","base_unit_name":{"singular":null,"plural":null},"default_variation":null},"tiered_pricing_minimum_quantity":null,"tiered_pricing_roles_data":[],"tiered_pricing_percentage_rules":[],"tiered_pricing_maximum_quantity":null,"tiered_pricing_quantity_step":null,"_links":{"self":[{"href":"https:\/\/staging.swizzle.se\/en\/wp-json\/wp\/v2\/product\/260076","targetHints":{"allow":["GET"]}}],"collection":[{"href":"https:\/\/staging.swizzle.se\/en\/wp-json\/wp\/v2\/product"}],"about":[{"href":"https:\/\/staging.swizzle.se\/en\/wp-json\/wp\/v2\/types\/product"}],"replies":[{"embeddable":true,"href":"https:\/\/staging.swizzle.se\/en\/wp-json\/wp\/v2\/comments?post=260076"}],"version-history":[{"count":0,"href":"https:\/\/staging.swizzle.se\/en\/wp-json\/wp\/v2\/product\/260076\/revisions"}],"wp:featuredmedia":[{"embeddable":true,"href":"https:\/\/staging.swizzle.se\/en\/wp-json\/wp\/v2\/media\/260078"}],"wp:attachment":[{"href":"https:\/\/staging.swizzle.se\/en\/wp-json\/wp\/v2\/media?parent=260076"}],"wp:term":[{"taxonomy":"product_brand","embeddable":true,"href":"https:\/\/staging.swizzle.se\/en\/wp-json\/wp\/v2\/product_brand?post=260076"},{"taxonomy":"product_cat","embeddable":true,"href":"https:\/\/staging.swizzle.se\/en\/wp-json\/wp\/v2\/product_cat?post=260076"},{"taxonomy":"product_tag","embeddable":true,"href":"https:\/\/staging.swizzle.se\/en\/wp-json\/wp\/v2\/product_tag?post=260076"},{"taxonomy":"superdeal","embeddable":true,"href":"https:\/\/staging.swizzle.se\/en\/wp-json\/wp\/v2\/superdeal?post=260076"},{"taxonomy":"product_variant_id","embeddable":true,"href":"https:\/\/staging.swizzle.se\/en\/wp-json\/wp\/v2\/product_variant_id?post=260076"}],"curies":[{"name":"wp","href":"https:\/\/api.w.org\/{rel}","templated":true}]}}