{"id":259981,"date":"2025-03-17T21:14:39","date_gmt":"2025-03-17T21:14:39","guid":{"rendered":"https:\/\/new.staging.swizzle.se\/produkt\/katalyzer-mini-dab-wax-pen\/"},"modified":"2026-02-04T14:06:31","modified_gmt":"2026-02-04T14:06:31","slug":"katalyzer-mini-dab-wax-pen","status":"publish","type":"product","link":"https:\/\/staging.swizzle.se\/en\/product-2\/katalyzer-mini-dab-wax-pen\/","title":{"rendered":"Katalyzer Mini Dab Wax Pen \u2013 Kompakt, Kraftfull och Effektiv"},"content":{"rendered":"<p>Katalyzer &#8211; Mini Dab Wax Pen \u00e4r en elegant och ultraportabel vaporizer designad f\u00f6r vax och koncentrat, och erbjuder en perfekt balans mellan prestanda och bekv\u00e4mlighet. Denna diskreta enhet \u00e4r konstruerad f\u00f6r snabb och effektiv uppv\u00e4rmning och s\u00e4kerst\u00e4ller j\u00e4mn, smakrik \u00e5nga med varje session. Dess fickv\u00e4nliga design g\u00f6r den till ett utm\u00e4rkt val f\u00f6r dem som vill ha en p\u00e5litlig upplevelse n\u00e4r du \u00e4r p\u00e5 spr\u00e5ng.<\/p>\n<p><strong>Nyckelfunktioner<\/strong><\/p>\n<ul>\n<li><span class=\"Y2IQFc\" lang=\"sv\">Ultrakompakt och l\u00e4tt \u2013 Perfekt f\u00f6r diskret anv\u00e4ndning p\u00e5 spr\u00e5ng.<\/span><\/li>\n<li><span class=\"Y2IQFc\" lang=\"sv\">H\u00f6gkvalitativt keramiskt v\u00e4rmeelement &#8211; Levererar ren, smakrik \u00e5nga.<\/span><\/li>\n<li><span class=\"Y2IQFc\" lang=\"sv\">Snabb uppv\u00e4rmningstid \u2013 Klar att anv\u00e4nda p\u00e5 n\u00e5gra sekunder.<\/span><\/li>\n<li><span class=\"Y2IQFc\" lang=\"sv\">Enknappskontroll \u2013 Enkel och intuitiv anv\u00e4ndning.<\/span><\/li>\n<li><span class=\"Y2IQFc\" lang=\"sv\">Uppladdningsbart batteri \u2013 S\u00e4kerst\u00e4ller l\u00e4ngre vapingsessioner.<br \/>\n<\/span><\/li>\n<\/ul>\n<p><span class=\"Y2IQFc\" lang=\"sv\"><strong>Vad som ing\u00e5r<\/strong><br \/>\n1x Mini Dab Wax Pen<br \/>\n1x USB-C laddningskabel<br \/>\n1x anv\u00e4ndarmanual<\/span><\/p>","protected":false},"excerpt":{"rendered":"<p class=\"ai-optimize-41 ai-optimize-introduction\">Katalyzer &#8211; Mini Dab Wax Pen \u00e4r en elegant och ultraportabel vaporizer designad f\u00f6r vax och koncentrat, och erbjuder en perfekt balans mellan prestanda och bekv\u00e4mlighet. Denna diskreta enhet \u00e4r konstruerad f\u00f6r snabb och effektiv uppv\u00e4rmning och s\u00e4kerst\u00e4ller j\u00e4mn, smakrik \u00e5nga med varje session. Dess fickv\u00e4nliga design g\u00f6r den till ett utm\u00e4rkt val f\u00f6r dem som vill ha en p\u00e5litlig upplevelse n\u00e4r du \u00e4r p\u00e5 spr\u00e5ng.<\/p>\n<p class=\"ai-optimize-48\"><span class=\"Y2IQFc\" lang=\"sv\"><strong>Vad som ing\u00e5r<\/strong><br \/>\n1x Mini Dab Wax Pen<br \/>\n1x USB-C laddningskabel<br \/>\n1x Dab Tool<br \/>\n1x Reng\u00f6ringsborste<br \/>\n1x anv\u00e4ndarmanual<br \/>\n<\/span><\/p>","protected":false},"featured_media":259983,"comment_status":"open","ping_status":"closed","template":"","meta":{"site-sidebar-layout":"default","site-content-layout":"","ast-site-content-layout":"default","site-content-style":"default","site-sidebar-style":"default","ast-global-header-display":"","ast-banner-title-visibility":"","ast-main-header-display":"","ast-hfb-above-header-display":"","ast-hfb-below-header-display":"","ast-hfb-mobile-header-display":"","site-post-title":"","ast-breadcrumbs-content":"","ast-featured-img":"","footer-sml-layout":"","ast-disable-related-posts":"","theme-transparent-header-meta":"default","adv-header-id-meta":"","stick-header-meta":"default","header-above-stick-meta":"","header-main-stick-meta":"","header-below-stick-meta":"","astra-migrate-meta-layouts":"set","ast-page-background-enabled":"default","ast-page-background-meta":{"desktop":{"background-color":"var(--ast-global-color-4)","background-image":"","background-repeat":"repeat","background-position":"center center","background-size":"auto","background-attachment":"scroll","background-type":"","background-media":"","overlay-type":"","overlay-color":"","overlay-opacity":"","overlay-gradient":""},"tablet":{"background-color":"","background-image":"","background-repeat":"repeat","background-position":"center center","background-size":"auto","background-attachment":"scroll","background-type":"","background-media":"","overlay-type":"","overlay-color":"","overlay-opacity":"","overlay-gradient":""},"mobile":{"background-color":"","background-image":"","background-repeat":"repeat","background-position":"center center","background-size":"auto","background-attachment":"scroll","background-type":"","background-media":"","overlay-type":"","overlay-color":"","overlay-opacity":"","overlay-gradient":""}},"ast-content-background-meta":{"desktop":{"background-color":"var(--ast-global-color-5)","background-image":"","background-repeat":"repeat","background-position":"center center","background-size":"auto","background-attachment":"scroll","background-type":"","background-media":"","overlay-type":"","overlay-color":"","overlay-opacity":"","overlay-gradient":""},"tablet":{"background-color":"var(--ast-global-color-5)","background-image":"","background-repeat":"repeat","background-position":"center center","background-size":"auto","background-attachment":"scroll","background-type":"","background-media":"","overlay-type":"","overlay-color":"","overlay-opacity":"","overlay-gradient":""},"mobile":{"background-color":"var(--ast-global-color-5)","background-image":"","background-repeat":"repeat","background-position":"center center","background-size":"auto","background-attachment":"scroll","background-type":"","background-media":"","overlay-type":"","overlay-color":"","overlay-opacity":"","overlay-gradient":""}}},"product_brand":[750],"product_cat":[284,395],"product_tag":[],"superdeal":[],"product_variant_id":[],"class_list":{"0":"post-259981","1":"product","2":"type-product","3":"status-publish","4":"has-post-thumbnail","6":"product_brand-katalyzer","7":"product_cat-roktillbehor","8":"product_cat-vaporizer","9":"desktop-align-center","10":"tablet-align-left","11":"mobile-align-left","12":"ast-product-gallery-layout-horizontal-slider","13":"ast-magnify-disabled","14":"ast-product-tabs-layout-horizontal","16":"first","17":"outofstock","18":"taxable","19":"shipping-taxable","20":"purchasable","21":"product-type-simple"},"yoast_head":"<!-- This site is optimized with the Yoast SEO Premium plugin v26.9 (Yoast SEO v26.9) - https:\/\/yoast.com\/product\/yoast-seo-premium-wordpress\/ -->\n<title>Katalyzer - Mini Dab Wax Pen<\/title>\n<meta name=\"description\" content=\"Katalyzer - Mini Dab Wax Pen \u00e4r en elegant och ultraportabel vaporizer designad f\u00f6r vax och koncentrat, en perfekt balans mellan prestanda och bekv\u00e4mlighet.\" \/>\n<meta name=\"robots\" content=\"noindex, follow, max-snippet:-1, max-image-preview:large, max-video-preview:-1\" \/>\n<meta property=\"og:locale\" content=\"en_GB\" \/>\n<meta property=\"og:type\" content=\"article\" \/>\n<meta property=\"og:title\" content=\"Katalyzer - Mini Dab Wax Pen\" \/>\n<meta property=\"og:description\" content=\"Mini Dab Wax Pen \u00e4r en elegant och ultraportabel vaporizer designad f\u00f6r vax och koncentrat, erbjuder en perfekt balans mellan prestanda och bekv\u00e4mlighet.\" \/>\n<meta property=\"og:url\" content=\"https:\/\/www.swizzle.se\/produkt\/katalyzer-mini-dab-wax-pen\/\" \/>\n<meta property=\"og:site_name\" content=\"Swizzle\" \/>\n<meta property=\"article:modified_time\" content=\"2026-02-04T14:06:31+00:00\" \/>\n<meta property=\"og:image\" content=\"https:\/\/www.swizzle.se\/wp-content\/uploads\/2025\/05\/Katalyzer-Mini-Dab-Wax-Pen_3024x.webp\" \/>\n\t<meta property=\"og:image:width\" content=\"770\" \/>\n\t<meta property=\"og:image:height\" content=\"770\" \/>\n\t<meta property=\"og:image:type\" content=\"image\/webp\" \/>\n<meta name=\"twitter:card\" content=\"summary_large_image\" \/>\n<meta name=\"twitter:title\" content=\"Katalyzer - Mini Dab Wax Pen\" \/>\n<meta name=\"twitter:description\" content=\"Mini Dab Wax Pen \u00e4r en elegant och ultraportabel vaporizer designad f\u00f6r vax och koncentrat, erbjuder en perfekt balans mellan prestanda och bekv\u00e4mlighet.\" \/>\n<meta name=\"twitter:label1\" content=\"Price\" \/>\n\t<meta name=\"twitter:data1\" content=\"799.00&nbsp;&#107;&#114;\" \/>\n\t<meta name=\"twitter:label2\" content=\"Availability\" \/>\n\t<meta name=\"twitter:data2\" content=\"Out of stock\" \/>\n<script type=\"application\/ld+json\" class=\"yoast-schema-graph\">{\"@context\":\"https:\/\/schema.org\",\"@graph\":[{\"@type\":\"WebPage\",\"@id\":\"https:\/\/www.swizzle.se\/produkt\/katalyzer-mini-dab-wax-pen\/\",\"url\":\"https:\/\/www.swizzle.se\/produkt\/katalyzer-mini-dab-wax-pen\/\",\"name\":\"Katalyzer - Mini Dab Wax Pen\",\"isPartOf\":{\"@id\":\"https:\/\/staging.swizzle.se\/#website\"},\"primaryImageOfPage\":{\"@id\":\"https:\/\/www.swizzle.se\/produkt\/katalyzer-mini-dab-wax-pen\/#primaryimage\"},\"image\":{\"@id\":\"https:\/\/www.swizzle.se\/produkt\/katalyzer-mini-dab-wax-pen\/#primaryimage\"},\"thumbnailUrl\":\"https:\/\/staging.swizzle.se\/wp-content\/uploads\/2025\/05\/Katalyzer-Mini-Dab-Wax-Pen_3024x.webp\",\"datePublished\":\"2025-03-17T21:14:39+00:00\",\"dateModified\":\"2026-02-04T14:06:31+00:00\",\"description\":\"Katalyzer - Mini Dab Wax Pen \u00e4r en elegant och ultraportabel vaporizer designad f\u00f6r vax och koncentrat, en perfekt balans mellan prestanda och bekv\u00e4mlighet.\",\"breadcrumb\":{\"@id\":\"https:\/\/www.swizzle.se\/produkt\/katalyzer-mini-dab-wax-pen\/#breadcrumb\"},\"inLanguage\":\"en-GB\",\"potentialAction\":[{\"@type\":\"ReadAction\",\"target\":[\"https:\/\/www.swizzle.se\/produkt\/katalyzer-mini-dab-wax-pen\/\"]}]},{\"@type\":\"ImageObject\",\"inLanguage\":\"en-GB\",\"@id\":\"https:\/\/www.swizzle.se\/produkt\/katalyzer-mini-dab-wax-pen\/#primaryimage\",\"url\":\"https:\/\/staging.swizzle.se\/wp-content\/uploads\/2025\/05\/Katalyzer-Mini-Dab-Wax-Pen_3024x.webp\",\"contentUrl\":\"https:\/\/staging.swizzle.se\/wp-content\/uploads\/2025\/05\/Katalyzer-Mini-Dab-Wax-Pen_3024x.webp\",\"width\":770,\"height\":770,\"caption\":\"Katalyser mini dab wax pen\"},{\"@type\":\"BreadcrumbList\",\"@id\":\"https:\/\/www.swizzle.se\/produkt\/katalyzer-mini-dab-wax-pen\/#breadcrumb\",\"itemListElement\":[{\"@type\":\"ListItem\",\"position\":1,\"name\":\"Home\",\"item\":\"https:\/\/www.swizzle.se\/\"},{\"@type\":\"ListItem\",\"position\":2,\"name\":\"Shop\",\"item\":\"https:\/\/www.swizzle.se\/shop\/\"},{\"@type\":\"ListItem\",\"position\":3,\"name\":\"R\u00d6KTILLBEH\u00d6R\",\"item\":\"https:\/\/www.swizzle.se\/produkt-kategori\/roktillbehor\/\"},{\"@type\":\"ListItem\",\"position\":4,\"name\":\"VAPORIZER\",\"item\":\"https:\/\/www.swizzle.se\/produkt-kategori\/roktillbehor\/vaporizer\/\"},{\"@type\":\"ListItem\",\"position\":5,\"name\":\"Katalyzer Mini Dab Wax Pen \u2013 Kompakt, Kraftfull och Effektiv\"}]},{\"@type\":\"WebSite\",\"@id\":\"https:\/\/staging.swizzle.se\/#website\",\"url\":\"https:\/\/staging.swizzle.se\/\",\"name\":\"Swizzle\",\"description\":\"Nikotin CBD Vapes Snus White Portion\",\"publisher\":{\"@id\":\"https:\/\/staging.swizzle.se\/#organization\"},\"potentialAction\":[{\"@type\":\"SearchAction\",\"target\":{\"@type\":\"EntryPoint\",\"urlTemplate\":\"https:\/\/staging.swizzle.se\/?s={search_term_string}\"},\"query-input\":{\"@type\":\"PropertyValueSpecification\",\"valueRequired\":true,\"valueName\":\"search_term_string\"}}],\"inLanguage\":\"en-GB\"},{\"@type\":\"Organization\",\"@id\":\"https:\/\/staging.swizzle.se\/#organization\",\"name\":\"Swizzle\",\"url\":\"https:\/\/staging.swizzle.se\/\",\"logo\":{\"@type\":\"ImageObject\",\"inLanguage\":\"en-GB\",\"@id\":\"https:\/\/staging.swizzle.se\/#\/schema\/logo\/image\/\",\"url\":\"https:\/\/staging.swizzle.se\/wp-content\/uploads\/2025\/10\/cropped-SWIZZLE.-4.png\",\"contentUrl\":\"https:\/\/staging.swizzle.se\/wp-content\/uploads\/2025\/10\/cropped-SWIZZLE.-4.png\",\"width\":800,\"height\":267,\"caption\":\"Swizzle\"},\"image\":{\"@id\":\"https:\/\/staging.swizzle.se\/#\/schema\/logo\/image\/\"},\"hasMerchantReturnPolicy\":{\"@type\":\"MerchantReturnPolicy\",\"merchantReturnLink\":\"https:\/\/staging.swizzle.se\/en\/villkor\/\"}}]}<\/script>\n<meta property=\"product:price:amount\" content=\"799.00\" \/>\n<meta property=\"product:price:currency\" content=\"SEK\" \/>\n<meta property=\"og:availability\" content=\"out of stock\" \/>\n<meta property=\"product:availability\" content=\"out of stock\" \/>\n<meta property=\"product:retailer_item_id\" content=\"348328-1\" \/>\n<meta property=\"product:condition\" content=\"new\" \/>\n<!-- \/ Yoast SEO Premium plugin. -->","yoast_head_json":{"title":"Katalyzer - Mini Dab Wax Pen","description":"Katalyzer - Mini Dab Wax Pen \u00e4r en elegant och ultraportabel vaporizer designad f\u00f6r vax och koncentrat, en perfekt balans mellan prestanda och bekv\u00e4mlighet.","robots":{"index":"noindex","follow":"follow","max-snippet":"max-snippet:-1","max-image-preview":"max-image-preview:large","max-video-preview":"max-video-preview:-1"},"og_locale":"en_GB","og_type":"article","og_title":"Katalyzer - Mini Dab Wax Pen","og_description":"Mini Dab Wax Pen \u00e4r en elegant och ultraportabel vaporizer designad f\u00f6r vax och koncentrat, erbjuder en perfekt balans mellan prestanda och bekv\u00e4mlighet.","og_url":"https:\/\/www.swizzle.se\/produkt\/katalyzer-mini-dab-wax-pen\/","og_site_name":"Swizzle","article_modified_time":"2026-02-04T14:06:31+00:00","og_image":[{"width":770,"height":770,"url":"https:\/\/www.swizzle.se\/wp-content\/uploads\/2025\/05\/Katalyzer-Mini-Dab-Wax-Pen_3024x.webp","type":"image\/webp"}],"twitter_card":"summary_large_image","twitter_title":"Katalyzer - Mini Dab Wax Pen","twitter_description":"Mini Dab Wax Pen \u00e4r en elegant och ultraportabel vaporizer designad f\u00f6r vax och koncentrat, erbjuder en perfekt balans mellan prestanda och bekv\u00e4mlighet.","twitter_misc":{"Price":"799.00&nbsp;&#107;&#114;","Availability":"Out of stock"},"schema":{"@context":"https:\/\/schema.org","@graph":[{"@type":"WebPage","@id":"https:\/\/www.swizzle.se\/produkt\/katalyzer-mini-dab-wax-pen\/","url":"https:\/\/www.swizzle.se\/produkt\/katalyzer-mini-dab-wax-pen\/","name":"Katalyzer - Mini Dab Wax Pen","isPartOf":{"@id":"https:\/\/staging.swizzle.se\/#website"},"primaryImageOfPage":{"@id":"https:\/\/www.swizzle.se\/produkt\/katalyzer-mini-dab-wax-pen\/#primaryimage"},"image":{"@id":"https:\/\/www.swizzle.se\/produkt\/katalyzer-mini-dab-wax-pen\/#primaryimage"},"thumbnailUrl":"https:\/\/staging.swizzle.se\/wp-content\/uploads\/2025\/05\/Katalyzer-Mini-Dab-Wax-Pen_3024x.webp","datePublished":"2025-03-17T21:14:39+00:00","dateModified":"2026-02-04T14:06:31+00:00","description":"Katalyzer - Mini Dab Wax Pen \u00e4r en elegant och ultraportabel vaporizer designad f\u00f6r vax och koncentrat, en perfekt balans mellan prestanda och bekv\u00e4mlighet.","breadcrumb":{"@id":"https:\/\/www.swizzle.se\/produkt\/katalyzer-mini-dab-wax-pen\/#breadcrumb"},"inLanguage":"en-GB","potentialAction":[{"@type":"ReadAction","target":["https:\/\/www.swizzle.se\/produkt\/katalyzer-mini-dab-wax-pen\/"]}]},{"@type":"ImageObject","inLanguage":"en-GB","@id":"https:\/\/www.swizzle.se\/produkt\/katalyzer-mini-dab-wax-pen\/#primaryimage","url":"https:\/\/staging.swizzle.se\/wp-content\/uploads\/2025\/05\/Katalyzer-Mini-Dab-Wax-Pen_3024x.webp","contentUrl":"https:\/\/staging.swizzle.se\/wp-content\/uploads\/2025\/05\/Katalyzer-Mini-Dab-Wax-Pen_3024x.webp","width":770,"height":770,"caption":"Katalyser mini dab wax pen"},{"@type":"BreadcrumbList","@id":"https:\/\/www.swizzle.se\/produkt\/katalyzer-mini-dab-wax-pen\/#breadcrumb","itemListElement":[{"@type":"ListItem","position":1,"name":"Home","item":"https:\/\/www.swizzle.se\/"},{"@type":"ListItem","position":2,"name":"Shop","item":"https:\/\/www.swizzle.se\/shop\/"},{"@type":"ListItem","position":3,"name":"R\u00d6KTILLBEH\u00d6R","item":"https:\/\/www.swizzle.se\/produkt-kategori\/roktillbehor\/"},{"@type":"ListItem","position":4,"name":"VAPORIZER","item":"https:\/\/www.swizzle.se\/produkt-kategori\/roktillbehor\/vaporizer\/"},{"@type":"ListItem","position":5,"name":"Katalyzer Mini Dab Wax Pen \u2013 Kompakt, Kraftfull och Effektiv"}]},{"@type":"WebSite","@id":"https:\/\/staging.swizzle.se\/#website","url":"https:\/\/staging.swizzle.se\/","name":"Swizzle","description":"Nicotine CBD Vapes Snus White Portion","publisher":{"@id":"https:\/\/staging.swizzle.se\/#organization"},"potentialAction":[{"@type":"SearchAction","target":{"@type":"EntryPoint","urlTemplate":"https:\/\/staging.swizzle.se\/?s={search_term_string}"},"query-input":{"@type":"PropertyValueSpecification","valueRequired":true,"valueName":"search_term_string"}}],"inLanguage":"en-GB"},{"@type":"Organization","@id":"https:\/\/staging.swizzle.se\/#organization","name":"Swizzle","url":"https:\/\/staging.swizzle.se\/","logo":{"@type":"ImageObject","inLanguage":"en-GB","@id":"https:\/\/staging.swizzle.se\/#\/schema\/logo\/image\/","url":"https:\/\/staging.swizzle.se\/wp-content\/uploads\/2025\/10\/cropped-SWIZZLE.-4.png","contentUrl":"https:\/\/staging.swizzle.se\/wp-content\/uploads\/2025\/10\/cropped-SWIZZLE.-4.png","width":800,"height":267,"caption":"Swizzle"},"image":{"@id":"https:\/\/staging.swizzle.se\/#\/schema\/logo\/image\/"},"hasMerchantReturnPolicy":{"@type":"MerchantReturnPolicy","merchantReturnLink":"https:\/\/staging.swizzle.se\/en\/villkor\/"}}]},"product_price_amount":"799.00","product_price_currency":"SEK","og_availability":"out of stock","product_availability":"out of stock","product_retailer_item_id":"348328-1","product_condition":"new"},"tiered_pricing_type":"fixed","tiered_pricing_fixed_rules":[],"tiered_pricing_product_settings":{"layout":"default","base_unit_name":{"singular":null,"plural":null},"default_variation":null},"tiered_pricing_minimum_quantity":null,"tiered_pricing_roles_data":[],"tiered_pricing_percentage_rules":[],"tiered_pricing_maximum_quantity":null,"tiered_pricing_quantity_step":null,"_links":{"self":[{"href":"https:\/\/staging.swizzle.se\/en\/wp-json\/wp\/v2\/product\/259981","targetHints":{"allow":["GET"]}}],"collection":[{"href":"https:\/\/staging.swizzle.se\/en\/wp-json\/wp\/v2\/product"}],"about":[{"href":"https:\/\/staging.swizzle.se\/en\/wp-json\/wp\/v2\/types\/product"}],"replies":[{"embeddable":true,"href":"https:\/\/staging.swizzle.se\/en\/wp-json\/wp\/v2\/comments?post=259981"}],"version-history":[{"count":0,"href":"https:\/\/staging.swizzle.se\/en\/wp-json\/wp\/v2\/product\/259981\/revisions"}],"wp:featuredmedia":[{"embeddable":true,"href":"https:\/\/staging.swizzle.se\/en\/wp-json\/wp\/v2\/media\/259983"}],"wp:attachment":[{"href":"https:\/\/staging.swizzle.se\/en\/wp-json\/wp\/v2\/media?parent=259981"}],"wp:term":[{"taxonomy":"product_brand","embeddable":true,"href":"https:\/\/staging.swizzle.se\/en\/wp-json\/wp\/v2\/product_brand?post=259981"},{"taxonomy":"product_cat","embeddable":true,"href":"https:\/\/staging.swizzle.se\/en\/wp-json\/wp\/v2\/product_cat?post=259981"},{"taxonomy":"product_tag","embeddable":true,"href":"https:\/\/staging.swizzle.se\/en\/wp-json\/wp\/v2\/product_tag?post=259981"},{"taxonomy":"superdeal","embeddable":true,"href":"https:\/\/staging.swizzle.se\/en\/wp-json\/wp\/v2\/superdeal?post=259981"},{"taxonomy":"product_variant_id","embeddable":true,"href":"https:\/\/staging.swizzle.se\/en\/wp-json\/wp\/v2\/product_variant_id?post=259981"}],"curies":[{"name":"wp","href":"https:\/\/api.w.org\/{rel}","templated":true}]}}