{"id":259955,"date":"2025-03-16T19:27:46","date_gmt":"2025-03-16T19:27:46","guid":{"rendered":"https:\/\/new.staging.swizzle.se\/produkt\/ocb-premium-cone-3pcs\/"},"modified":"2026-02-04T13:59:27","modified_gmt":"2026-02-04T13:59:27","slug":"ocb-premium-cone-3pcs","status":"publish","type":"product","link":"https:\/\/staging.swizzle.se\/en\/product-2\/ocb-premium-cone-3pcs\/","title":{"rendered":"OCB | Premium Cones (3pcs)"},"content":{"rendered":"<p data-start=\"76\" data-end=\"138\">OCB | Premium Cones (3pcs)<\/p>\n<p data-start=\"76\" data-end=\"138\"><strong data-start=\"76\" data-end=\"138\">OCB | Premium Koner (3 st) med filtertips och packningsr\u00f6r<\/strong><\/p>\n<p data-start=\"140\" data-end=\"440\">Dessa f\u00e4rdigrullade koner fr\u00e5n OCB \u00e4r tillverkade av extra tunt premiumpapper som ger en l\u00e5ngsam och j\u00e4mn f\u00f6rbr\u00e4nning \u2013 perfekt f\u00f6r dig som vill ha en smidig och kvalitativ r\u00f6kupplevelse. Varje f\u00f6rpackning inneh\u00e5ller tre koner, kompletterade med filtertips och ett pappr\u00f6r som underl\u00e4ttar packningen.<\/p>\n<p data-start=\"442\" data-end=\"477\"><strong data-start=\"442\" data-end=\"452\">Antal:<\/strong> 3 st<br data-start=\"457\" data-end=\"460\" \/><strong data-start=\"460\" data-end=\"470\">L\u00e4ngd:<\/strong> 109 mm<\/p>\n<p data-start=\"479\" data-end=\"864\">OCB grundades i Frankrike redan \u00e5r 1918 och \u00e4r idag ett av v\u00e4rldens mest v\u00e4lk\u00e4nda och popul\u00e4ra varum\u00e4rken inom rullpapper. F\u00f6retaget \u00e4r s\u00e4rskilt uppskattat f\u00f6r sin h\u00f6ga kvalitet och innovation inom omr\u00e5det. Samtliga papper fr\u00e5n OCB \u00e4r pr\u00e4glade med ett s\u00e4rskilt m\u00f6nster som ser till att papperet brinner j\u00e4mnt och l\u00e5ngsamt, samtidigt som det hindrar oljor fr\u00e5n att dras ner mot filtret.<\/p>\n<p data-start=\"866\" data-end=\"1052\">Produkterna \u00e4r helt veganska och fria fr\u00e5n genetiskt modifierade organismer (GMO), vilket g\u00f6r dem till ett medvetet val f\u00f6r moderna anv\u00e4ndare som bryr sig om b\u00e5de upplevelsen och milj\u00f6n.<\/p>\n<p data-start=\"1054\" data-end=\"1180\" data-is-last-node=\"\" data-is-only-node=\"\">Perfekt f\u00f6r dig som vill ha ett bekv\u00e4mt, rent och premiumalternativ n\u00e4r du rullar sj\u00e4lv \u2013 utan att kompromissa med kvaliteten.<\/p>","protected":false},"excerpt":{"rendered":"<p class=\"ai-optimize-45 ai-optimize-introduction\" data-start=\"76\" data-end=\"138\">OCB | Premium Cones (3pcs)<\/p>\n<p class=\"ai-optimize-30 ai-optimize-introduction\" data-start=\"76\" data-end=\"138\"><strong data-start=\"76\" data-end=\"138\">OCB | Premium Koner (3 st) med filtertips och packningsr\u00f6r<\/strong><\/p>\n<p class=\"ai-optimize-31\" data-start=\"140\" data-end=\"440\">Dessa f\u00e4rdigrullade koner fr\u00e5n OCB \u00e4r tillverkade av extra tunt premiumpapper som ger en l\u00e5ngsam och j\u00e4mn f\u00f6rbr\u00e4nning \u2013 perfekt f\u00f6r dig som vill ha en smidig och kvalitativ r\u00f6kupplevelse. Varje f\u00f6rpackning inneh\u00e5ller tre koner, kompletterade med filtertips och ett pappr\u00f6r som underl\u00e4ttar packningen.<\/p>\n<p class=\"ai-optimize-32\" data-start=\"442\" data-end=\"477\"><strong data-start=\"442\" data-end=\"452\">Antal:<\/strong> 3 st<br data-start=\"457\" data-end=\"460\" \/><strong data-start=\"460\" data-end=\"470\">L\u00e4ngd:<\/strong> 109 mm<\/p>","protected":false},"featured_media":261344,"comment_status":"open","ping_status":"closed","template":"","meta":{"site-sidebar-layout":"default","site-content-layout":"","ast-site-content-layout":"default","site-content-style":"default","site-sidebar-style":"default","ast-global-header-display":"","ast-banner-title-visibility":"","ast-main-header-display":"","ast-hfb-above-header-display":"","ast-hfb-below-header-display":"","ast-hfb-mobile-header-display":"","site-post-title":"","ast-breadcrumbs-content":"","ast-featured-img":"","footer-sml-layout":"","ast-disable-related-posts":"","theme-transparent-header-meta":"","adv-header-id-meta":"","stick-header-meta":"","header-above-stick-meta":"","header-main-stick-meta":"","header-below-stick-meta":"","astra-migrate-meta-layouts":"default","ast-page-background-enabled":"default","ast-page-background-meta":{"desktop":{"background-color":"var(--ast-global-color-4)","background-image":"","background-repeat":"repeat","background-position":"center center","background-size":"auto","background-attachment":"scroll","background-type":"","background-media":"","overlay-type":"","overlay-color":"","overlay-opacity":"","overlay-gradient":""},"tablet":{"background-color":"","background-image":"","background-repeat":"repeat","background-position":"center center","background-size":"auto","background-attachment":"scroll","background-type":"","background-media":"","overlay-type":"","overlay-color":"","overlay-opacity":"","overlay-gradient":""},"mobile":{"background-color":"","background-image":"","background-repeat":"repeat","background-position":"center center","background-size":"auto","background-attachment":"scroll","background-type":"","background-media":"","overlay-type":"","overlay-color":"","overlay-opacity":"","overlay-gradient":""}},"ast-content-background-meta":{"desktop":{"background-color":"var(--ast-global-color-5)","background-image":"","background-repeat":"repeat","background-position":"center center","background-size":"auto","background-attachment":"scroll","background-type":"","background-media":"","overlay-type":"","overlay-color":"","overlay-opacity":"","overlay-gradient":""},"tablet":{"background-color":"var(--ast-global-color-5)","background-image":"","background-repeat":"repeat","background-position":"center center","background-size":"auto","background-attachment":"scroll","background-type":"","background-media":"","overlay-type":"","overlay-color":"","overlay-opacity":"","overlay-gradient":""},"mobile":{"background-color":"var(--ast-global-color-5)","background-image":"","background-repeat":"repeat","background-position":"center center","background-size":"auto","background-attachment":"scroll","background-type":"","background-media":"","overlay-type":"","overlay-color":"","overlay-opacity":"","overlay-gradient":""}}},"product_brand":[759],"product_cat":[308,284,285],"product_tag":[],"superdeal":[],"product_variant_id":[],"class_list":{"0":"post-259955","1":"product","2":"type-product","3":"status-publish","4":"has-post-thumbnail","6":"product_brand-ocb","7":"product_cat-ocb","8":"product_cat-roktillbehor","9":"product_cat-rullpapper","10":"desktop-align-center","11":"tablet-align-left","12":"mobile-align-left","13":"ast-product-gallery-layout-horizontal-slider","14":"ast-magnify-disabled","15":"ast-product-tabs-layout-horizontal","17":"first","18":"outofstock","19":"taxable","20":"shipping-taxable","21":"purchasable","22":"product-type-simple"},"yoast_head":"<!-- This site is optimized with the Yoast SEO Premium plugin v26.9 (Yoast SEO v26.9) - https:\/\/yoast.com\/product\/yoast-seo-premium-wordpress\/ -->\n<title>OCB | Premium Cones (3pcs)<\/title>\n<meta name=\"description\" content=\"OCB | Premium Cones (3pcs) med filter och pack-pinne. Dessa f\u00f6rrullade cones \u00e4r gjorda av tunt Virgin-papper som brinner extra l\u00e5ngsamt.\" \/>\n<meta name=\"robots\" content=\"noindex, follow, max-snippet:-1, max-image-preview:large, max-video-preview:-1\" \/>\n<meta property=\"og:locale\" content=\"en_GB\" \/>\n<meta property=\"og:type\" content=\"article\" \/>\n<meta property=\"og:title\" content=\"OCB | Premium Cones (3pcs)\" \/>\n<meta property=\"og:description\" content=\"OCB Virgin oblekta cones med filter och pack-pinne. Dessa f\u00f6rrullade cones \u00e4r gjorda av tunt Virgin-papper som brinner extra l\u00e5ngsamt.\" \/>\n<meta property=\"og:url\" content=\"https:\/\/www.swizzle.se\/produkt\/ocb-premium-cone-3pcs\/\" \/>\n<meta property=\"og:site_name\" content=\"Swizzle\" \/>\n<meta property=\"article:modified_time\" content=\"2026-02-04T13:59:27+00:00\" \/>\n<meta property=\"og:image\" content=\"https:\/\/www.swizzle.se\/wp-content\/uploads\/2025\/06\/ocb-cones-premium-slim_11zon-2.jpg\" \/>\n\t<meta property=\"og:image:width\" content=\"1132\" \/>\n\t<meta property=\"og:image:height\" content=\"1132\" \/>\n\t<meta property=\"og:image:type\" content=\"image\/jpeg\" \/>\n<meta name=\"twitter:card\" content=\"summary_large_image\" \/>\n<meta name=\"twitter:title\" content=\"OCB | Premium Cones (3pcs)\" \/>\n<meta name=\"twitter:description\" content=\"OCB Virgin oblekta cones med filter och pack-pinne. Dessa f\u00f6rrullade cones \u00e4r gjorda av tunt Virgin-papper som brinner extra l\u00e5ngsamt.\" \/>\n<meta name=\"twitter:label1\" content=\"Price\" \/>\n\t<meta name=\"twitter:data1\" content=\"23.00&nbsp;&#107;&#114;\" \/>\n\t<meta name=\"twitter:label2\" content=\"Availability\" \/>\n\t<meta name=\"twitter:data2\" content=\"Out of stock\" \/>\n<script type=\"application\/ld+json\" class=\"yoast-schema-graph\">{\"@context\":\"https:\/\/schema.org\",\"@graph\":[{\"@type\":\"WebPage\",\"@id\":\"https:\/\/www.swizzle.se\/produkt\/ocb-premium-cone-3pcs\/\",\"url\":\"https:\/\/www.swizzle.se\/produkt\/ocb-premium-cone-3pcs\/\",\"name\":\"OCB | Premium Cones (3pcs)\",\"isPartOf\":{\"@id\":\"https:\/\/staging.swizzle.se\/#website\"},\"primaryImageOfPage\":{\"@id\":\"https:\/\/www.swizzle.se\/produkt\/ocb-premium-cone-3pcs\/#primaryimage\"},\"image\":{\"@id\":\"https:\/\/www.swizzle.se\/produkt\/ocb-premium-cone-3pcs\/#primaryimage\"},\"thumbnailUrl\":\"https:\/\/staging.swizzle.se\/wp-content\/uploads\/2025\/06\/ocb-cones-premium-slim_11zon-2.jpg\",\"datePublished\":\"2025-03-16T19:27:46+00:00\",\"dateModified\":\"2026-02-04T13:59:27+00:00\",\"description\":\"OCB | Premium Cones (3pcs) med filter och pack-pinne. Dessa f\u00f6rrullade cones \u00e4r gjorda av tunt Virgin-papper som brinner extra l\u00e5ngsamt.\",\"breadcrumb\":{\"@id\":\"https:\/\/www.swizzle.se\/produkt\/ocb-premium-cone-3pcs\/#breadcrumb\"},\"inLanguage\":\"en-GB\",\"potentialAction\":[{\"@type\":\"ReadAction\",\"target\":[\"https:\/\/www.swizzle.se\/produkt\/ocb-premium-cone-3pcs\/\"]}]},{\"@type\":\"ImageObject\",\"inLanguage\":\"en-GB\",\"@id\":\"https:\/\/www.swizzle.se\/produkt\/ocb-premium-cone-3pcs\/#primaryimage\",\"url\":\"https:\/\/staging.swizzle.se\/wp-content\/uploads\/2025\/06\/ocb-cones-premium-slim_11zon-2.jpg\",\"contentUrl\":\"https:\/\/staging.swizzle.se\/wp-content\/uploads\/2025\/06\/ocb-cones-premium-slim_11zon-2.jpg\",\"width\":1132,\"height\":1132,\"caption\":\"bild ocb\"},{\"@type\":\"BreadcrumbList\",\"@id\":\"https:\/\/www.swizzle.se\/produkt\/ocb-premium-cone-3pcs\/#breadcrumb\",\"itemListElement\":[{\"@type\":\"ListItem\",\"position\":1,\"name\":\"Home\",\"item\":\"https:\/\/www.swizzle.se\/\"},{\"@type\":\"ListItem\",\"position\":2,\"name\":\"Shop\",\"item\":\"https:\/\/www.swizzle.se\/shop\/\"},{\"@type\":\"ListItem\",\"position\":3,\"name\":\"R\u00d6KTILLBEH\u00d6R\",\"item\":\"https:\/\/www.swizzle.se\/produkt-kategori\/roktillbehor\/\"},{\"@type\":\"ListItem\",\"position\":4,\"name\":\"RULLPAPPER\",\"item\":\"https:\/\/www.swizzle.se\/produkt-kategori\/roktillbehor\/rullpapper\/\"},{\"@type\":\"ListItem\",\"position\":5,\"name\":\"OCB\",\"item\":\"https:\/\/www.swizzle.se\/produkt-kategori\/roktillbehor\/rullpapper\/ocb\/\"},{\"@type\":\"ListItem\",\"position\":6,\"name\":\"OCB | Premium Cones (3pcs)\"}]},{\"@type\":\"WebSite\",\"@id\":\"https:\/\/staging.swizzle.se\/#website\",\"url\":\"https:\/\/staging.swizzle.se\/\",\"name\":\"Swizzle\",\"description\":\"Nikotin CBD Vapes Snus White Portion\",\"publisher\":{\"@id\":\"https:\/\/staging.swizzle.se\/#organization\"},\"potentialAction\":[{\"@type\":\"SearchAction\",\"target\":{\"@type\":\"EntryPoint\",\"urlTemplate\":\"https:\/\/staging.swizzle.se\/?s={search_term_string}\"},\"query-input\":{\"@type\":\"PropertyValueSpecification\",\"valueRequired\":true,\"valueName\":\"search_term_string\"}}],\"inLanguage\":\"en-GB\"},{\"@type\":\"Organization\",\"@id\":\"https:\/\/staging.swizzle.se\/#organization\",\"name\":\"Swizzle\",\"url\":\"https:\/\/staging.swizzle.se\/\",\"logo\":{\"@type\":\"ImageObject\",\"inLanguage\":\"en-GB\",\"@id\":\"https:\/\/staging.swizzle.se\/#\/schema\/logo\/image\/\",\"url\":\"https:\/\/staging.swizzle.se\/wp-content\/uploads\/2025\/10\/cropped-SWIZZLE.-4.png\",\"contentUrl\":\"https:\/\/staging.swizzle.se\/wp-content\/uploads\/2025\/10\/cropped-SWIZZLE.-4.png\",\"width\":800,\"height\":267,\"caption\":\"Swizzle\"},\"image\":{\"@id\":\"https:\/\/staging.swizzle.se\/#\/schema\/logo\/image\/\"},\"hasMerchantReturnPolicy\":{\"@type\":\"MerchantReturnPolicy\",\"merchantReturnLink\":\"https:\/\/staging.swizzle.se\/en\/villkor\/\"}}]}<\/script>\n<meta property=\"product:price:amount\" content=\"23.00\" \/>\n<meta property=\"product:price:currency\" content=\"SEK\" \/>\n<meta property=\"og:availability\" content=\"out of stock\" \/>\n<meta property=\"product:availability\" content=\"out of stock\" \/>\n<meta property=\"product:retailer_item_id\" content=\"0c124\" \/>\n<meta property=\"product:condition\" content=\"new\" \/>\n<!-- \/ Yoast SEO Premium plugin. -->","yoast_head_json":{"title":"OCB | Premium Cones (3pcs)","description":"OCB | Premium Cones (3pcs) med filter och pack-pinne. Dessa f\u00f6rrullade cones \u00e4r gjorda av tunt Virgin-papper som brinner extra l\u00e5ngsamt.","robots":{"index":"noindex","follow":"follow","max-snippet":"max-snippet:-1","max-image-preview":"max-image-preview:large","max-video-preview":"max-video-preview:-1"},"og_locale":"en_GB","og_type":"article","og_title":"OCB | Premium Cones (3pcs)","og_description":"OCB Virgin oblekta cones med filter och pack-pinne. Dessa f\u00f6rrullade cones \u00e4r gjorda av tunt Virgin-papper som brinner extra l\u00e5ngsamt.","og_url":"https:\/\/www.swizzle.se\/produkt\/ocb-premium-cone-3pcs\/","og_site_name":"Swizzle","article_modified_time":"2026-02-04T13:59:27+00:00","og_image":[{"width":1132,"height":1132,"url":"https:\/\/www.swizzle.se\/wp-content\/uploads\/2025\/06\/ocb-cones-premium-slim_11zon-2.jpg","type":"image\/jpeg"}],"twitter_card":"summary_large_image","twitter_title":"OCB | Premium Cones (3pcs)","twitter_description":"OCB Virgin oblekta cones med filter och pack-pinne. Dessa f\u00f6rrullade cones \u00e4r gjorda av tunt Virgin-papper som brinner extra l\u00e5ngsamt.","twitter_misc":{"Price":"23.00&nbsp;&#107;&#114;","Availability":"Out of stock"},"schema":{"@context":"https:\/\/schema.org","@graph":[{"@type":"WebPage","@id":"https:\/\/www.swizzle.se\/produkt\/ocb-premium-cone-3pcs\/","url":"https:\/\/www.swizzle.se\/produkt\/ocb-premium-cone-3pcs\/","name":"OCB | Premium Cones (3pcs)","isPartOf":{"@id":"https:\/\/staging.swizzle.se\/#website"},"primaryImageOfPage":{"@id":"https:\/\/www.swizzle.se\/produkt\/ocb-premium-cone-3pcs\/#primaryimage"},"image":{"@id":"https:\/\/www.swizzle.se\/produkt\/ocb-premium-cone-3pcs\/#primaryimage"},"thumbnailUrl":"https:\/\/staging.swizzle.se\/wp-content\/uploads\/2025\/06\/ocb-cones-premium-slim_11zon-2.jpg","datePublished":"2025-03-16T19:27:46+00:00","dateModified":"2026-02-04T13:59:27+00:00","description":"OCB | Premium Cones (3pcs) med filter och pack-pinne. Dessa f\u00f6rrullade cones \u00e4r gjorda av tunt Virgin-papper som brinner extra l\u00e5ngsamt.","breadcrumb":{"@id":"https:\/\/www.swizzle.se\/produkt\/ocb-premium-cone-3pcs\/#breadcrumb"},"inLanguage":"en-GB","potentialAction":[{"@type":"ReadAction","target":["https:\/\/www.swizzle.se\/produkt\/ocb-premium-cone-3pcs\/"]}]},{"@type":"ImageObject","inLanguage":"en-GB","@id":"https:\/\/www.swizzle.se\/produkt\/ocb-premium-cone-3pcs\/#primaryimage","url":"https:\/\/staging.swizzle.se\/wp-content\/uploads\/2025\/06\/ocb-cones-premium-slim_11zon-2.jpg","contentUrl":"https:\/\/staging.swizzle.se\/wp-content\/uploads\/2025\/06\/ocb-cones-premium-slim_11zon-2.jpg","width":1132,"height":1132,"caption":"bild ocb"},{"@type":"BreadcrumbList","@id":"https:\/\/www.swizzle.se\/produkt\/ocb-premium-cone-3pcs\/#breadcrumb","itemListElement":[{"@type":"ListItem","position":1,"name":"Home","item":"https:\/\/www.swizzle.se\/"},{"@type":"ListItem","position":2,"name":"Shop","item":"https:\/\/www.swizzle.se\/shop\/"},{"@type":"ListItem","position":3,"name":"R\u00d6KTILLBEH\u00d6R","item":"https:\/\/www.swizzle.se\/produkt-kategori\/roktillbehor\/"},{"@type":"ListItem","position":4,"name":"RULLPAPPER","item":"https:\/\/www.swizzle.se\/produkt-kategori\/roktillbehor\/rullpapper\/"},{"@type":"ListItem","position":5,"name":"OCB","item":"https:\/\/www.swizzle.se\/produkt-kategori\/roktillbehor\/rullpapper\/ocb\/"},{"@type":"ListItem","position":6,"name":"OCB | Premium Cones (3pcs)"}]},{"@type":"WebSite","@id":"https:\/\/staging.swizzle.se\/#website","url":"https:\/\/staging.swizzle.se\/","name":"Swizzle","description":"Nicotine CBD Vapes Snus White Portion","publisher":{"@id":"https:\/\/staging.swizzle.se\/#organization"},"potentialAction":[{"@type":"SearchAction","target":{"@type":"EntryPoint","urlTemplate":"https:\/\/staging.swizzle.se\/?s={search_term_string}"},"query-input":{"@type":"PropertyValueSpecification","valueRequired":true,"valueName":"search_term_string"}}],"inLanguage":"en-GB"},{"@type":"Organization","@id":"https:\/\/staging.swizzle.se\/#organization","name":"Swizzle","url":"https:\/\/staging.swizzle.se\/","logo":{"@type":"ImageObject","inLanguage":"en-GB","@id":"https:\/\/staging.swizzle.se\/#\/schema\/logo\/image\/","url":"https:\/\/staging.swizzle.se\/wp-content\/uploads\/2025\/10\/cropped-SWIZZLE.-4.png","contentUrl":"https:\/\/staging.swizzle.se\/wp-content\/uploads\/2025\/10\/cropped-SWIZZLE.-4.png","width":800,"height":267,"caption":"Swizzle"},"image":{"@id":"https:\/\/staging.swizzle.se\/#\/schema\/logo\/image\/"},"hasMerchantReturnPolicy":{"@type":"MerchantReturnPolicy","merchantReturnLink":"https:\/\/staging.swizzle.se\/en\/villkor\/"}}]},"product_price_amount":"23.00","product_price_currency":"SEK","og_availability":"out of stock","product_availability":"out of stock","product_retailer_item_id":"0c124","product_condition":"new"},"tiered_pricing_type":"fixed","tiered_pricing_fixed_rules":[],"tiered_pricing_product_settings":{"layout":"default","base_unit_name":{"singular":null,"plural":null},"default_variation":null},"tiered_pricing_minimum_quantity":null,"tiered_pricing_roles_data":[],"tiered_pricing_percentage_rules":[],"tiered_pricing_maximum_quantity":null,"tiered_pricing_quantity_step":null,"_links":{"self":[{"href":"https:\/\/staging.swizzle.se\/en\/wp-json\/wp\/v2\/product\/259955","targetHints":{"allow":["GET"]}}],"collection":[{"href":"https:\/\/staging.swizzle.se\/en\/wp-json\/wp\/v2\/product"}],"about":[{"href":"https:\/\/staging.swizzle.se\/en\/wp-json\/wp\/v2\/types\/product"}],"replies":[{"embeddable":true,"href":"https:\/\/staging.swizzle.se\/en\/wp-json\/wp\/v2\/comments?post=259955"}],"version-history":[{"count":0,"href":"https:\/\/staging.swizzle.se\/en\/wp-json\/wp\/v2\/product\/259955\/revisions"}],"wp:featuredmedia":[{"embeddable":true,"href":"https:\/\/staging.swizzle.se\/en\/wp-json\/wp\/v2\/media\/261344"}],"wp:attachment":[{"href":"https:\/\/staging.swizzle.se\/en\/wp-json\/wp\/v2\/media?parent=259955"}],"wp:term":[{"taxonomy":"product_brand","embeddable":true,"href":"https:\/\/staging.swizzle.se\/en\/wp-json\/wp\/v2\/product_brand?post=259955"},{"taxonomy":"product_cat","embeddable":true,"href":"https:\/\/staging.swizzle.se\/en\/wp-json\/wp\/v2\/product_cat?post=259955"},{"taxonomy":"product_tag","embeddable":true,"href":"https:\/\/staging.swizzle.se\/en\/wp-json\/wp\/v2\/product_tag?post=259955"},{"taxonomy":"superdeal","embeddable":true,"href":"https:\/\/staging.swizzle.se\/en\/wp-json\/wp\/v2\/superdeal?post=259955"},{"taxonomy":"product_variant_id","embeddable":true,"href":"https:\/\/staging.swizzle.se\/en\/wp-json\/wp\/v2\/product_variant_id?post=259955"}],"curies":[{"name":"wp","href":"https:\/\/api.w.org\/{rel}","templated":true}]}}