{"id":259937,"date":"2025-03-16T18:33:23","date_gmt":"2025-03-16T18:33:23","guid":{"rendered":"https:\/\/new.staging.swizzle.se\/produkt\/ocb-premium-filter-tips\/"},"modified":"2026-02-04T13:59:27","modified_gmt":"2026-02-04T13:59:27","slug":"ocb-premium-filter-tips","status":"publish","type":"product","link":"https:\/\/staging.swizzle.se\/en\/product-2\/ocb-premium-filter-tips\/","title":{"rendered":"OCB | Premium Filter Tips"},"content":{"rendered":"<p>OCB | Premium Filter Tips<\/p>\n<p>Ett perfekt komplement till dina rullpapper f\u00f6r dig som v\u00e4rdes\u00e4tter kvalitet, funktionalitet och en j\u00e4mn r\u00f6kupplevelse. Dessa filtertips kommer fr\u00e5n OCB:s popul\u00e4ra Premium-serie, vilket inneb\u00e4r att de \u00e4r tillverkade av <strong>extra tunt, h\u00f6gkvalitativt papper<\/strong> som inte p\u00e5verkar smaken \u2013 bara f\u00f6rb\u00e4ttrar komforten.<\/p>\n<p>Varje filtertips \u00e4r <strong>perforerat f\u00f6r enkel och exakt vikning<\/strong>, s\u00e5 att du snabbt och smidigt kan forma dem precis som du vill ha dem \u2013 oavsett om du f\u00f6redrar en rak eller spiralrullad tip. Tipsen \u00e4r dessutom noggrant utstansade och <strong>sammanfogade i ett praktiskt h\u00e4fte<\/strong> som du l\u00e4tt f\u00e5r plats med i fickan eller fodralet. Du f\u00e5r en stilren och funktionell produkt som g\u00f6r skillnad.<\/p>\n<p>OCB har en l\u00e5ng och stolt historia \u2013 f\u00f6retaget grundades i Frankrike redan 1918 och har i \u00f6ver 100 \u00e5r tillverkat n\u00e5gra av v\u00e4rldens mest \u00e4lskade och s\u00e5lda rullpapper och tillbeh\u00f6r. Dessa filtertips \u00e4r inget undantag.<\/p>\n<ul>\n<li><strong>Antal:<\/strong> 50 filtertips<\/li>\n<li><strong>Storlek:<\/strong> 18 x 60 mm<\/li>\n<\/ul>\n<p>Ge dina r\u00f6kstunder en uppgradering med OCB Premium Filtertips \u2013 d\u00e4r tradition m\u00f6ter modern kvalitet.<\/p>","protected":false},"excerpt":{"rendered":"<p class=\"ai-optimize-29 ai-optimize-introduction\">OCB | Premium Filter Tips<\/p>\n<p class=\"ai-optimize-30\">Ett perfekt komplement till dina rullpapper f\u00f6r dig som v\u00e4rdes\u00e4tter kvalitet, funktionalitet och en j\u00e4mn r\u00f6kupplevelse. Dessa filtertips kommer fr\u00e5n OCB:s popul\u00e4ra Premium-serie, vilket inneb\u00e4r att de \u00e4r tillverkade av <strong>extra tunt, h\u00f6gkvalitativt papper<\/strong> som inte p\u00e5verkar smaken \u2013 bara f\u00f6rb\u00e4ttrar komforten.<\/p>\n<ul>\n<li class=\"ai-optimize-31\"><strong>Antal:<\/strong> 50 filtertips<\/li>\n<li class=\"ai-optimize-32\"><strong>Storlek:<\/strong> 18 x 60 mm<\/li>\n<\/ul>","protected":false},"featured_media":259939,"comment_status":"open","ping_status":"closed","template":"","meta":{"site-sidebar-layout":"default","site-content-layout":"","ast-site-content-layout":"default","site-content-style":"default","site-sidebar-style":"default","ast-global-header-display":"","ast-banner-title-visibility":"","ast-main-header-display":"","ast-hfb-above-header-display":"","ast-hfb-below-header-display":"","ast-hfb-mobile-header-display":"","site-post-title":"","ast-breadcrumbs-content":"","ast-featured-img":"","footer-sml-layout":"","ast-disable-related-posts":"","theme-transparent-header-meta":"","adv-header-id-meta":"","stick-header-meta":"","header-above-stick-meta":"","header-main-stick-meta":"","header-below-stick-meta":"","astra-migrate-meta-layouts":"default","ast-page-background-enabled":"default","ast-page-background-meta":{"desktop":{"background-color":"var(--ast-global-color-4)","background-image":"","background-repeat":"repeat","background-position":"center center","background-size":"auto","background-attachment":"scroll","background-type":"","background-media":"","overlay-type":"","overlay-color":"","overlay-opacity":"","overlay-gradient":""},"tablet":{"background-color":"","background-image":"","background-repeat":"repeat","background-position":"center center","background-size":"auto","background-attachment":"scroll","background-type":"","background-media":"","overlay-type":"","overlay-color":"","overlay-opacity":"","overlay-gradient":""},"mobile":{"background-color":"","background-image":"","background-repeat":"repeat","background-position":"center center","background-size":"auto","background-attachment":"scroll","background-type":"","background-media":"","overlay-type":"","overlay-color":"","overlay-opacity":"","overlay-gradient":""}},"ast-content-background-meta":{"desktop":{"background-color":"var(--ast-global-color-5)","background-image":"","background-repeat":"repeat","background-position":"center center","background-size":"auto","background-attachment":"scroll","background-type":"","background-media":"","overlay-type":"","overlay-color":"","overlay-opacity":"","overlay-gradient":""},"tablet":{"background-color":"var(--ast-global-color-5)","background-image":"","background-repeat":"repeat","background-position":"center center","background-size":"auto","background-attachment":"scroll","background-type":"","background-media":"","overlay-type":"","overlay-color":"","overlay-opacity":"","overlay-gradient":""},"mobile":{"background-color":"var(--ast-global-color-5)","background-image":"","background-repeat":"repeat","background-position":"center center","background-size":"auto","background-attachment":"scroll","background-type":"","background-media":"","overlay-type":"","overlay-color":"","overlay-opacity":"","overlay-gradient":""}}},"product_brand":[759],"product_cat":[308,284,285],"product_tag":[],"superdeal":[],"product_variant_id":[],"class_list":{"0":"post-259937","1":"product","2":"type-product","3":"status-publish","4":"has-post-thumbnail","6":"product_brand-ocb","7":"product_cat-ocb","8":"product_cat-roktillbehor","9":"product_cat-rullpapper","10":"desktop-align-center","11":"tablet-align-left","12":"mobile-align-left","13":"ast-product-gallery-layout-horizontal-slider","14":"ast-magnify-disabled","15":"ast-product-tabs-layout-horizontal","17":"first","18":"outofstock","19":"taxable","20":"shipping-taxable","21":"purchasable","22":"product-type-simple"},"yoast_head":"<!-- This site is optimized with the Yoast SEO Premium plugin v26.9 (Yoast SEO v26.9) - https:\/\/yoast.com\/product\/yoast-seo-premium-wordpress\/ -->\n<title>OCB | Premium Filter Tips<\/title>\n<meta name=\"description\" content=\"OCB | Premium Filter Tips. fr\u00e5n Premium-serien, vilket inneb\u00e4r att papperet \u00e4r extra tunt. De \u00e4r perforerade f\u00f6r att f\u00f6renkla vikning.\" \/>\n<meta name=\"robots\" content=\"noindex, follow, max-snippet:-1, max-image-preview:large, max-video-preview:-1\" \/>\n<meta property=\"og:locale\" content=\"en_GB\" \/>\n<meta property=\"og:type\" content=\"article\" \/>\n<meta property=\"og:title\" content=\"OCB | Premium Filter Tips\" \/>\n<meta property=\"og:description\" content=\"OCB | Premium Filter Tips fr\u00e5n Premium-serien, vilket inneb\u00e4r att papperet \u00e4r extra tunt. De \u00e4r perforerade f\u00f6r att f\u00f6renkla vikning.\" \/>\n<meta property=\"og:url\" content=\"https:\/\/www.swizzle.se\/produkt\/ocb-premium-filter-tips\/\" \/>\n<meta property=\"og:site_name\" content=\"Swizzle\" \/>\n<meta property=\"article:modified_time\" content=\"2026-02-04T13:59:27+00:00\" \/>\n<meta property=\"og:image\" content=\"https:\/\/www.swizzle.se\/wp-content\/uploads\/2025\/05\/OCB-Filter-Cardboard.jpeg\" \/>\n\t<meta property=\"og:image:width\" content=\"225\" \/>\n\t<meta property=\"og:image:height\" content=\"225\" \/>\n\t<meta property=\"og:image:type\" content=\"image\/jpeg\" \/>\n<meta name=\"twitter:card\" content=\"summary_large_image\" \/>\n<meta name=\"twitter:title\" content=\"OCB | Premium Filter Tips\" \/>\n<meta name=\"twitter:description\" content=\"OCB | Premium Filter Tips fr\u00e5n Premium-serien, vilket inneb\u00e4r att papperet \u00e4r extra tunt. De \u00e4r perforerade f\u00f6r att f\u00f6renkla vikning.\" \/>\n<meta name=\"twitter:label1\" content=\"Price\" \/>\n\t<meta name=\"twitter:data1\" content=\"12.00&nbsp;&#107;&#114;\" \/>\n\t<meta name=\"twitter:label2\" content=\"Availability\" \/>\n\t<meta name=\"twitter:data2\" content=\"Out of stock\" \/>\n<script type=\"application\/ld+json\" class=\"yoast-schema-graph\">{\"@context\":\"https:\/\/schema.org\",\"@graph\":[{\"@type\":\"WebPage\",\"@id\":\"https:\/\/www.swizzle.se\/produkt\/ocb-premium-filter-tips\/\",\"url\":\"https:\/\/www.swizzle.se\/produkt\/ocb-premium-filter-tips\/\",\"name\":\"OCB | Premium Filter Tips\",\"isPartOf\":{\"@id\":\"https:\/\/staging.swizzle.se\/#website\"},\"primaryImageOfPage\":{\"@id\":\"https:\/\/www.swizzle.se\/produkt\/ocb-premium-filter-tips\/#primaryimage\"},\"image\":{\"@id\":\"https:\/\/www.swizzle.se\/produkt\/ocb-premium-filter-tips\/#primaryimage\"},\"thumbnailUrl\":\"https:\/\/staging.swizzle.se\/wp-content\/uploads\/2025\/05\/OCB-Filter-Cardboard.jpeg\",\"datePublished\":\"2025-03-16T18:33:23+00:00\",\"dateModified\":\"2026-02-04T13:59:27+00:00\",\"description\":\"OCB | Premium Filter Tips. fr\u00e5n Premium-serien, vilket inneb\u00e4r att papperet \u00e4r extra tunt. De \u00e4r perforerade f\u00f6r att f\u00f6renkla vikning.\",\"breadcrumb\":{\"@id\":\"https:\/\/www.swizzle.se\/produkt\/ocb-premium-filter-tips\/#breadcrumb\"},\"inLanguage\":\"en-GB\",\"potentialAction\":[{\"@type\":\"ReadAction\",\"target\":[\"https:\/\/www.swizzle.se\/produkt\/ocb-premium-filter-tips\/\"]}]},{\"@type\":\"ImageObject\",\"inLanguage\":\"en-GB\",\"@id\":\"https:\/\/www.swizzle.se\/produkt\/ocb-premium-filter-tips\/#primaryimage\",\"url\":\"https:\/\/staging.swizzle.se\/wp-content\/uploads\/2025\/05\/OCB-Filter-Cardboard.jpeg\",\"contentUrl\":\"https:\/\/staging.swizzle.se\/wp-content\/uploads\/2025\/05\/OCB-Filter-Cardboard.jpeg\",\"width\":225,\"height\":225,\"caption\":\"OCB Filter Cardboard\"},{\"@type\":\"BreadcrumbList\",\"@id\":\"https:\/\/www.swizzle.se\/produkt\/ocb-premium-filter-tips\/#breadcrumb\",\"itemListElement\":[{\"@type\":\"ListItem\",\"position\":1,\"name\":\"Home\",\"item\":\"https:\/\/www.swizzle.se\/\"},{\"@type\":\"ListItem\",\"position\":2,\"name\":\"Shop\",\"item\":\"https:\/\/www.swizzle.se\/shop\/\"},{\"@type\":\"ListItem\",\"position\":3,\"name\":\"R\u00d6KTILLBEH\u00d6R\",\"item\":\"https:\/\/www.swizzle.se\/produkt-kategori\/roktillbehor\/\"},{\"@type\":\"ListItem\",\"position\":4,\"name\":\"RULLPAPPER\",\"item\":\"https:\/\/www.swizzle.se\/produkt-kategori\/roktillbehor\/rullpapper\/\"},{\"@type\":\"ListItem\",\"position\":5,\"name\":\"OCB\",\"item\":\"https:\/\/www.swizzle.se\/produkt-kategori\/roktillbehor\/rullpapper\/ocb\/\"},{\"@type\":\"ListItem\",\"position\":6,\"name\":\"OCB | Premium Filter Tips\"}]},{\"@type\":\"WebSite\",\"@id\":\"https:\/\/staging.swizzle.se\/#website\",\"url\":\"https:\/\/staging.swizzle.se\/\",\"name\":\"Swizzle\",\"description\":\"Nikotin CBD Vapes Snus White Portion\",\"publisher\":{\"@id\":\"https:\/\/staging.swizzle.se\/#organization\"},\"potentialAction\":[{\"@type\":\"SearchAction\",\"target\":{\"@type\":\"EntryPoint\",\"urlTemplate\":\"https:\/\/staging.swizzle.se\/?s={search_term_string}\"},\"query-input\":{\"@type\":\"PropertyValueSpecification\",\"valueRequired\":true,\"valueName\":\"search_term_string\"}}],\"inLanguage\":\"en-GB\"},{\"@type\":\"Organization\",\"@id\":\"https:\/\/staging.swizzle.se\/#organization\",\"name\":\"Swizzle\",\"url\":\"https:\/\/staging.swizzle.se\/\",\"logo\":{\"@type\":\"ImageObject\",\"inLanguage\":\"en-GB\",\"@id\":\"https:\/\/staging.swizzle.se\/#\/schema\/logo\/image\/\",\"url\":\"https:\/\/staging.swizzle.se\/wp-content\/uploads\/2025\/10\/cropped-SWIZZLE.-4.png\",\"contentUrl\":\"https:\/\/staging.swizzle.se\/wp-content\/uploads\/2025\/10\/cropped-SWIZZLE.-4.png\",\"width\":800,\"height\":267,\"caption\":\"Swizzle\"},\"image\":{\"@id\":\"https:\/\/staging.swizzle.se\/#\/schema\/logo\/image\/\"},\"hasMerchantReturnPolicy\":{\"@type\":\"MerchantReturnPolicy\",\"merchantReturnLink\":\"https:\/\/staging.swizzle.se\/en\/villkor\/\"}}]}<\/script>\n<meta property=\"product:price:amount\" content=\"12.00\" \/>\n<meta property=\"product:price:currency\" content=\"SEK\" \/>\n<meta property=\"og:availability\" content=\"out of stock\" \/>\n<meta property=\"product:availability\" content=\"out of stock\" \/>\n<meta property=\"product:retailer_item_id\" content=\"oc141\" \/>\n<meta property=\"product:condition\" content=\"new\" \/>\n<!-- \/ Yoast SEO Premium plugin. -->","yoast_head_json":{"title":"OCB | Premium Filter Tips","description":"OCB | Premium Filter Tips. fr\u00e5n Premium-serien, vilket inneb\u00e4r att papperet \u00e4r extra tunt. De \u00e4r perforerade f\u00f6r att f\u00f6renkla vikning.","robots":{"index":"noindex","follow":"follow","max-snippet":"max-snippet:-1","max-image-preview":"max-image-preview:large","max-video-preview":"max-video-preview:-1"},"og_locale":"en_GB","og_type":"article","og_title":"OCB | Premium Filter Tips","og_description":"OCB | Premium Filter Tips fr\u00e5n Premium-serien, vilket inneb\u00e4r att papperet \u00e4r extra tunt. De \u00e4r perforerade f\u00f6r att f\u00f6renkla vikning.","og_url":"https:\/\/www.swizzle.se\/produkt\/ocb-premium-filter-tips\/","og_site_name":"Swizzle","article_modified_time":"2026-02-04T13:59:27+00:00","og_image":[{"width":225,"height":225,"url":"https:\/\/www.swizzle.se\/wp-content\/uploads\/2025\/05\/OCB-Filter-Cardboard.jpeg","type":"image\/jpeg"}],"twitter_card":"summary_large_image","twitter_title":"OCB | Premium Filter Tips","twitter_description":"OCB | Premium Filter Tips fr\u00e5n Premium-serien, vilket inneb\u00e4r att papperet \u00e4r extra tunt. De \u00e4r perforerade f\u00f6r att f\u00f6renkla vikning.","twitter_misc":{"Price":"12.00&nbsp;&#107;&#114;","Availability":"Out of stock"},"schema":{"@context":"https:\/\/schema.org","@graph":[{"@type":"WebPage","@id":"https:\/\/www.swizzle.se\/produkt\/ocb-premium-filter-tips\/","url":"https:\/\/www.swizzle.se\/produkt\/ocb-premium-filter-tips\/","name":"OCB | Premium Filter Tips","isPartOf":{"@id":"https:\/\/staging.swizzle.se\/#website"},"primaryImageOfPage":{"@id":"https:\/\/www.swizzle.se\/produkt\/ocb-premium-filter-tips\/#primaryimage"},"image":{"@id":"https:\/\/www.swizzle.se\/produkt\/ocb-premium-filter-tips\/#primaryimage"},"thumbnailUrl":"https:\/\/staging.swizzle.se\/wp-content\/uploads\/2025\/05\/OCB-Filter-Cardboard.jpeg","datePublished":"2025-03-16T18:33:23+00:00","dateModified":"2026-02-04T13:59:27+00:00","description":"OCB | Premium Filter Tips. fr\u00e5n Premium-serien, vilket inneb\u00e4r att papperet \u00e4r extra tunt. De \u00e4r perforerade f\u00f6r att f\u00f6renkla vikning.","breadcrumb":{"@id":"https:\/\/www.swizzle.se\/produkt\/ocb-premium-filter-tips\/#breadcrumb"},"inLanguage":"en-GB","potentialAction":[{"@type":"ReadAction","target":["https:\/\/www.swizzle.se\/produkt\/ocb-premium-filter-tips\/"]}]},{"@type":"ImageObject","inLanguage":"en-GB","@id":"https:\/\/www.swizzle.se\/produkt\/ocb-premium-filter-tips\/#primaryimage","url":"https:\/\/staging.swizzle.se\/wp-content\/uploads\/2025\/05\/OCB-Filter-Cardboard.jpeg","contentUrl":"https:\/\/staging.swizzle.se\/wp-content\/uploads\/2025\/05\/OCB-Filter-Cardboard.jpeg","width":225,"height":225,"caption":"OCB Filter Cardboard"},{"@type":"BreadcrumbList","@id":"https:\/\/www.swizzle.se\/produkt\/ocb-premium-filter-tips\/#breadcrumb","itemListElement":[{"@type":"ListItem","position":1,"name":"Home","item":"https:\/\/www.swizzle.se\/"},{"@type":"ListItem","position":2,"name":"Shop","item":"https:\/\/www.swizzle.se\/shop\/"},{"@type":"ListItem","position":3,"name":"R\u00d6KTILLBEH\u00d6R","item":"https:\/\/www.swizzle.se\/produkt-kategori\/roktillbehor\/"},{"@type":"ListItem","position":4,"name":"RULLPAPPER","item":"https:\/\/www.swizzle.se\/produkt-kategori\/roktillbehor\/rullpapper\/"},{"@type":"ListItem","position":5,"name":"OCB","item":"https:\/\/www.swizzle.se\/produkt-kategori\/roktillbehor\/rullpapper\/ocb\/"},{"@type":"ListItem","position":6,"name":"OCB | Premium Filter Tips"}]},{"@type":"WebSite","@id":"https:\/\/staging.swizzle.se\/#website","url":"https:\/\/staging.swizzle.se\/","name":"Swizzle","description":"Nicotine CBD Vapes Snus White Portion","publisher":{"@id":"https:\/\/staging.swizzle.se\/#organization"},"potentialAction":[{"@type":"SearchAction","target":{"@type":"EntryPoint","urlTemplate":"https:\/\/staging.swizzle.se\/?s={search_term_string}"},"query-input":{"@type":"PropertyValueSpecification","valueRequired":true,"valueName":"search_term_string"}}],"inLanguage":"en-GB"},{"@type":"Organization","@id":"https:\/\/staging.swizzle.se\/#organization","name":"Swizzle","url":"https:\/\/staging.swizzle.se\/","logo":{"@type":"ImageObject","inLanguage":"en-GB","@id":"https:\/\/staging.swizzle.se\/#\/schema\/logo\/image\/","url":"https:\/\/staging.swizzle.se\/wp-content\/uploads\/2025\/10\/cropped-SWIZZLE.-4.png","contentUrl":"https:\/\/staging.swizzle.se\/wp-content\/uploads\/2025\/10\/cropped-SWIZZLE.-4.png","width":800,"height":267,"caption":"Swizzle"},"image":{"@id":"https:\/\/staging.swizzle.se\/#\/schema\/logo\/image\/"},"hasMerchantReturnPolicy":{"@type":"MerchantReturnPolicy","merchantReturnLink":"https:\/\/staging.swizzle.se\/en\/villkor\/"}}]},"product_price_amount":"12.00","product_price_currency":"SEK","og_availability":"out of stock","product_availability":"out of stock","product_retailer_item_id":"oc141","product_condition":"new"},"tiered_pricing_type":"fixed","tiered_pricing_fixed_rules":[],"tiered_pricing_product_settings":{"layout":"default","base_unit_name":{"singular":null,"plural":null},"default_variation":null},"tiered_pricing_minimum_quantity":null,"tiered_pricing_roles_data":[],"tiered_pricing_percentage_rules":[],"tiered_pricing_maximum_quantity":null,"tiered_pricing_quantity_step":null,"_links":{"self":[{"href":"https:\/\/staging.swizzle.se\/en\/wp-json\/wp\/v2\/product\/259937","targetHints":{"allow":["GET"]}}],"collection":[{"href":"https:\/\/staging.swizzle.se\/en\/wp-json\/wp\/v2\/product"}],"about":[{"href":"https:\/\/staging.swizzle.se\/en\/wp-json\/wp\/v2\/types\/product"}],"replies":[{"embeddable":true,"href":"https:\/\/staging.swizzle.se\/en\/wp-json\/wp\/v2\/comments?post=259937"}],"version-history":[{"count":0,"href":"https:\/\/staging.swizzle.se\/en\/wp-json\/wp\/v2\/product\/259937\/revisions"}],"wp:featuredmedia":[{"embeddable":true,"href":"https:\/\/staging.swizzle.se\/en\/wp-json\/wp\/v2\/media\/259939"}],"wp:attachment":[{"href":"https:\/\/staging.swizzle.se\/en\/wp-json\/wp\/v2\/media?parent=259937"}],"wp:term":[{"taxonomy":"product_brand","embeddable":true,"href":"https:\/\/staging.swizzle.se\/en\/wp-json\/wp\/v2\/product_brand?post=259937"},{"taxonomy":"product_cat","embeddable":true,"href":"https:\/\/staging.swizzle.se\/en\/wp-json\/wp\/v2\/product_cat?post=259937"},{"taxonomy":"product_tag","embeddable":true,"href":"https:\/\/staging.swizzle.se\/en\/wp-json\/wp\/v2\/product_tag?post=259937"},{"taxonomy":"superdeal","embeddable":true,"href":"https:\/\/staging.swizzle.se\/en\/wp-json\/wp\/v2\/superdeal?post=259937"},{"taxonomy":"product_variant_id","embeddable":true,"href":"https:\/\/staging.swizzle.se\/en\/wp-json\/wp\/v2\/product_variant_id?post=259937"}],"curies":[{"name":"wp","href":"https:\/\/api.w.org\/{rel}","templated":true}]}}