{"id":259906,"date":"2025-03-16T13:40:36","date_gmt":"2025-03-16T13:40:36","guid":{"rendered":"https:\/\/new.staging.swizzle.se\/produkt\/ocb-premium-rolls-double\/"},"modified":"2026-02-04T13:59:30","modified_gmt":"2026-02-04T13:59:30","slug":"ocb-premium-rolls-double","status":"publish","type":"product","link":"https:\/\/staging.swizzle.se\/en\/product-2\/ocb-premium-rolls-double\/","title":{"rendered":"OCB | Premium Double"},"content":{"rendered":"<p data-start=\"111\" data-end=\"176\"><strong data-start=\"111\" data-end=\"176\">OCB Premium Double \u2013 Dubbel s\u00e5 mycket papper, dubbel njutning<\/strong><\/p>\n<p data-start=\"178\" data-end=\"538\">Ge din r\u00f6kning en uppgradering med <strong data-start=\"213\" data-end=\"246\">OCB Premium Rullpapper Double<\/strong> \u2013 ett h\u00f6gkvalitativt val f\u00f6r dig som uppskattar en f\u00f6rstklassig och balanserad r\u00f6kupplevelse. Dessa papper \u00e4r <strong data-start=\"357\" data-end=\"372\">extra tunna<\/strong>, vilket g\u00f6r att de knappt m\u00e4rks vid r\u00f6kning. Resultatet? En <strong data-start=\"433\" data-end=\"458\">ren och naturlig smak<\/strong> d\u00e4r dina \u00f6rter eller din tobak f\u00e5r st\u00e5 i centrum, helt utan on\u00f6diga tillsatser.<\/p>\n<p data-start=\"540\" data-end=\"868\">Pappret \u00e4r designat f\u00f6r att <strong data-start=\"568\" data-end=\"603\">brinna extra l\u00e5ngsamt och j\u00e4mnt<\/strong>, vilket g\u00f6r att du f\u00e5r ut mer av varje r\u00f6kstund. Det passar b\u00e5de f\u00f6r l\u00e4ngre sessioner och f\u00f6r dig som f\u00f6redrar att rulla st\u00f6rre cigaretter eller dela med v\u00e4nner. Ett perfekt val f\u00f6r b\u00e5de vana anv\u00e4ndare och dig som precis b\u00f6rjat utforska rullpapper av h\u00f6g kvalitet.<\/p>\n<p data-start=\"870\" data-end=\"1163\">F\u00f6rpackningen har en <strong data-start=\"891\" data-end=\"947\">snygg, svart design med OCB:s v\u00e4lk\u00e4nda silverlogotyp<\/strong>, som st\u00e5r f\u00f6r tradition, innovation och expertis sedan 1918. Dessutom \u00e4r rullpappret <strong data-start=\"1033\" data-end=\"1052\">FSC-certifierat<\/strong>, vilket inneb\u00e4r att det kommer fr\u00e5n h\u00e5llbara och milj\u00f6v\u00e4nliga k\u00e4llor \u2013 f\u00f6r dig som vill r\u00f6ka med gott samvete.<\/p>\n<p data-start=\"1165\" data-end=\"1284\"><strong data-start=\"1165\" data-end=\"1220\">Inneh\u00e5ll: 100 ultratunna, h\u00f6gkvalitativa rullpapper<\/strong> i Double-format \u2013 perfekt f\u00f6r dig som vill ha mer av det b\u00e4sta.<\/p>\n<p data-start=\"1286\" data-end=\"1322\" data-is-last-node=\"\" data-is-only-node=\"\"><strong data-start=\"1286\" data-end=\"1322\" data-is-last-node=\"\">OCB \u2013 Rullpapper f\u00f6r finsmakare.<\/strong><\/p>","protected":false},"excerpt":{"rendered":"<p class=\"ai-optimize-40\">OCB | Premium Double<\/p>\n<p class=\"ai-optimize-30\">Pappret \u00e4r extra tunt och brinner extra l\u00e5ngsamt. OCB Premium Double Rullpapper kommer i en stilren svart f\u00f6rpackning med den ikoniska OCB-logotypen i silver. Dessa rullpapper \u00e4r FSC-certifierade.<\/p>\n<p class=\"ai-optimize-39\"><strong data-start=\"1165\" data-end=\"1220\">Inneh\u00e5ll: 100 ultratunna, h\u00f6gkvalitativa rullpapper<\/strong> i Double-format \u2013 perfekt f\u00f6r dig som vill ha mer av det b\u00e4sta.<\/p>","protected":false},"featured_media":261311,"comment_status":"open","ping_status":"closed","template":"","meta":{"site-sidebar-layout":"default","site-content-layout":"","ast-site-content-layout":"default","site-content-style":"default","site-sidebar-style":"default","ast-global-header-display":"","ast-banner-title-visibility":"","ast-main-header-display":"","ast-hfb-above-header-display":"","ast-hfb-below-header-display":"","ast-hfb-mobile-header-display":"","site-post-title":"","ast-breadcrumbs-content":"","ast-featured-img":"","footer-sml-layout":"","ast-disable-related-posts":"","theme-transparent-header-meta":"","adv-header-id-meta":"","stick-header-meta":"","header-above-stick-meta":"","header-main-stick-meta":"","header-below-stick-meta":"","astra-migrate-meta-layouts":"default","ast-page-background-enabled":"default","ast-page-background-meta":{"desktop":{"background-color":"var(--ast-global-color-4)","background-image":"","background-repeat":"repeat","background-position":"center center","background-size":"auto","background-attachment":"scroll","background-type":"","background-media":"","overlay-type":"","overlay-color":"","overlay-opacity":"","overlay-gradient":""},"tablet":{"background-color":"","background-image":"","background-repeat":"repeat","background-position":"center center","background-size":"auto","background-attachment":"scroll","background-type":"","background-media":"","overlay-type":"","overlay-color":"","overlay-opacity":"","overlay-gradient":""},"mobile":{"background-color":"","background-image":"","background-repeat":"repeat","background-position":"center center","background-size":"auto","background-attachment":"scroll","background-type":"","background-media":"","overlay-type":"","overlay-color":"","overlay-opacity":"","overlay-gradient":""}},"ast-content-background-meta":{"desktop":{"background-color":"var(--ast-global-color-5)","background-image":"","background-repeat":"repeat","background-position":"center center","background-size":"auto","background-attachment":"scroll","background-type":"","background-media":"","overlay-type":"","overlay-color":"","overlay-opacity":"","overlay-gradient":""},"tablet":{"background-color":"var(--ast-global-color-5)","background-image":"","background-repeat":"repeat","background-position":"center center","background-size":"auto","background-attachment":"scroll","background-type":"","background-media":"","overlay-type":"","overlay-color":"","overlay-opacity":"","overlay-gradient":""},"mobile":{"background-color":"var(--ast-global-color-5)","background-image":"","background-repeat":"repeat","background-position":"center center","background-size":"auto","background-attachment":"scroll","background-type":"","background-media":"","overlay-type":"","overlay-color":"","overlay-opacity":"","overlay-gradient":""}}},"product_brand":[759],"product_cat":[308,284,285],"product_tag":[],"superdeal":[],"product_variant_id":[],"class_list":{"0":"post-259906","1":"product","2":"type-product","3":"status-publish","4":"has-post-thumbnail","6":"product_brand-ocb","7":"product_cat-ocb","8":"product_cat-roktillbehor","9":"product_cat-rullpapper","10":"desktop-align-center","11":"tablet-align-left","12":"mobile-align-left","13":"ast-product-gallery-layout-horizontal-slider","14":"ast-magnify-disabled","15":"ast-product-tabs-layout-horizontal","17":"first","18":"outofstock","19":"taxable","20":"shipping-taxable","21":"purchasable","22":"product-type-simple"},"yoast_head":"<!-- This site is optimized with the Yoast SEO Premium plugin v26.9 (Yoast SEO v26.9) - https:\/\/yoast.com\/product\/yoast-seo-premium-wordpress\/ -->\n<title>OCB | Premium Double<\/title>\n<meta name=\"description\" content=\"OCB | Premium Double. Pappret \u00e4r extra tunt och brinner extra l\u00e5ngsamt. De stiliga svarta f\u00f6rpackningarna pryds av det ikoniska OCB-hologrammet\" \/>\n<meta name=\"robots\" content=\"noindex, follow, max-snippet:-1, max-image-preview:large, max-video-preview:-1\" \/>\n<meta property=\"og:locale\" content=\"en_GB\" \/>\n<meta property=\"og:type\" content=\"article\" \/>\n<meta property=\"og:title\" content=\"OCB | Premium Double\" \/>\n<meta property=\"og:description\" content=\"OCB | Premium Double. Pappret \u00e4r extra tunt och brinner extra l\u00e5ngsamt. De stiliga svarta f\u00f6rpackningarna pryds av det ikoniska OCB-hologrammet\" \/>\n<meta property=\"og:url\" content=\"https:\/\/www.swizzle.se\/produkt\/ocb-premium-rolls-double\/\" \/>\n<meta property=\"og:site_name\" content=\"Swizzle\" \/>\n<meta property=\"article:modified_time\" content=\"2026-02-04T13:59:30+00:00\" \/>\n<meta property=\"og:image\" content=\"https:\/\/www.swizzle.se\/wp-content\/uploads\/2025\/06\/ocb-premium-kurz-n-4-extra-duenn_11zon-2.webp\" \/>\n\t<meta property=\"og:image:width\" content=\"1200\" \/>\n\t<meta property=\"og:image:height\" content=\"1200\" \/>\n\t<meta property=\"og:image:type\" content=\"image\/webp\" \/>\n<meta name=\"twitter:card\" content=\"summary_large_image\" \/>\n<meta name=\"twitter:title\" content=\"OCB | Premium Double\" \/>\n<meta name=\"twitter:description\" content=\"OCB | Premium Double. Pappret \u00e4r extra tunt och brinner extra l\u00e5ngsamt. De stiliga svarta f\u00f6rpackningarna pryds av det ikoniska OCB-hologrammet\" \/>\n<meta name=\"twitter:label1\" content=\"Price\" \/>\n\t<meta name=\"twitter:data1\" content=\"18.00&nbsp;&#107;&#114;\" \/>\n\t<meta name=\"twitter:label2\" content=\"Availability\" \/>\n\t<meta name=\"twitter:data2\" content=\"Out of stock\" \/>\n<script type=\"application\/ld+json\" class=\"yoast-schema-graph\">{\"@context\":\"https:\/\/schema.org\",\"@graph\":[{\"@type\":\"WebPage\",\"@id\":\"https:\/\/www.swizzle.se\/produkt\/ocb-premium-rolls-double\/\",\"url\":\"https:\/\/www.swizzle.se\/produkt\/ocb-premium-rolls-double\/\",\"name\":\"OCB | Premium Double\",\"isPartOf\":{\"@id\":\"https:\/\/staging.swizzle.se\/#website\"},\"primaryImageOfPage\":{\"@id\":\"https:\/\/www.swizzle.se\/produkt\/ocb-premium-rolls-double\/#primaryimage\"},\"image\":{\"@id\":\"https:\/\/www.swizzle.se\/produkt\/ocb-premium-rolls-double\/#primaryimage\"},\"thumbnailUrl\":\"https:\/\/staging.swizzle.se\/wp-content\/uploads\/2025\/06\/ocb-premium-kurz-n-4-extra-duenn_11zon-2.webp\",\"datePublished\":\"2025-03-16T13:40:36+00:00\",\"dateModified\":\"2026-02-04T13:59:30+00:00\",\"description\":\"OCB | Premium Double. Pappret \u00e4r extra tunt och brinner extra l\u00e5ngsamt. De stiliga svarta f\u00f6rpackningarna pryds av det ikoniska OCB-hologrammet\",\"breadcrumb\":{\"@id\":\"https:\/\/www.swizzle.se\/produkt\/ocb-premium-rolls-double\/#breadcrumb\"},\"inLanguage\":\"en-GB\",\"potentialAction\":[{\"@type\":\"ReadAction\",\"target\":[\"https:\/\/www.swizzle.se\/produkt\/ocb-premium-rolls-double\/\"]}]},{\"@type\":\"ImageObject\",\"inLanguage\":\"en-GB\",\"@id\":\"https:\/\/www.swizzle.se\/produkt\/ocb-premium-rolls-double\/#primaryimage\",\"url\":\"https:\/\/staging.swizzle.se\/wp-content\/uploads\/2025\/06\/ocb-premium-kurz-n-4-extra-duenn_11zon-2.webp\",\"contentUrl\":\"https:\/\/staging.swizzle.se\/wp-content\/uploads\/2025\/06\/ocb-premium-kurz-n-4-extra-duenn_11zon-2.webp\",\"width\":1200,\"height\":1200,\"caption\":\"Bild ocb\"},{\"@type\":\"BreadcrumbList\",\"@id\":\"https:\/\/www.swizzle.se\/produkt\/ocb-premium-rolls-double\/#breadcrumb\",\"itemListElement\":[{\"@type\":\"ListItem\",\"position\":1,\"name\":\"Home\",\"item\":\"https:\/\/www.swizzle.se\/\"},{\"@type\":\"ListItem\",\"position\":2,\"name\":\"Shop\",\"item\":\"https:\/\/www.swizzle.se\/shop\/\"},{\"@type\":\"ListItem\",\"position\":3,\"name\":\"R\u00d6KTILLBEH\u00d6R\",\"item\":\"https:\/\/www.swizzle.se\/produkt-kategori\/roktillbehor\/\"},{\"@type\":\"ListItem\",\"position\":4,\"name\":\"RULLPAPPER\",\"item\":\"https:\/\/www.swizzle.se\/produkt-kategori\/roktillbehor\/rullpapper\/\"},{\"@type\":\"ListItem\",\"position\":5,\"name\":\"OCB\",\"item\":\"https:\/\/www.swizzle.se\/produkt-kategori\/roktillbehor\/rullpapper\/ocb\/\"},{\"@type\":\"ListItem\",\"position\":6,\"name\":\"OCB | Premium Double\"}]},{\"@type\":\"WebSite\",\"@id\":\"https:\/\/staging.swizzle.se\/#website\",\"url\":\"https:\/\/staging.swizzle.se\/\",\"name\":\"Swizzle\",\"description\":\"Nikotin CBD Vapes Snus White Portion\",\"publisher\":{\"@id\":\"https:\/\/staging.swizzle.se\/#organization\"},\"potentialAction\":[{\"@type\":\"SearchAction\",\"target\":{\"@type\":\"EntryPoint\",\"urlTemplate\":\"https:\/\/staging.swizzle.se\/?s={search_term_string}\"},\"query-input\":{\"@type\":\"PropertyValueSpecification\",\"valueRequired\":true,\"valueName\":\"search_term_string\"}}],\"inLanguage\":\"en-GB\"},{\"@type\":\"Organization\",\"@id\":\"https:\/\/staging.swizzle.se\/#organization\",\"name\":\"Swizzle\",\"url\":\"https:\/\/staging.swizzle.se\/\",\"logo\":{\"@type\":\"ImageObject\",\"inLanguage\":\"en-GB\",\"@id\":\"https:\/\/staging.swizzle.se\/#\/schema\/logo\/image\/\",\"url\":\"https:\/\/staging.swizzle.se\/wp-content\/uploads\/2025\/10\/cropped-SWIZZLE.-4.png\",\"contentUrl\":\"https:\/\/staging.swizzle.se\/wp-content\/uploads\/2025\/10\/cropped-SWIZZLE.-4.png\",\"width\":800,\"height\":267,\"caption\":\"Swizzle\"},\"image\":{\"@id\":\"https:\/\/staging.swizzle.se\/#\/schema\/logo\/image\/\"},\"hasMerchantReturnPolicy\":{\"@type\":\"MerchantReturnPolicy\",\"merchantReturnLink\":\"https:\/\/staging.swizzle.se\/en\/villkor\/\"}}]}<\/script>\n<meta property=\"product:price:amount\" content=\"18.00\" \/>\n<meta property=\"product:price:currency\" content=\"SEK\" \/>\n<meta property=\"og:availability\" content=\"out of stock\" \/>\n<meta property=\"product:availability\" content=\"out of stock\" \/>\n<meta property=\"product:retailer_item_id\" content=\"oc110\" \/>\n<meta property=\"product:condition\" content=\"new\" \/>\n<!-- \/ Yoast SEO Premium plugin. -->","yoast_head_json":{"title":"OCB | Premium Double","description":"OCB | Premium Double. Pappret \u00e4r extra tunt och brinner extra l\u00e5ngsamt. De stiliga svarta f\u00f6rpackningarna pryds av det ikoniska OCB-hologrammet","robots":{"index":"noindex","follow":"follow","max-snippet":"max-snippet:-1","max-image-preview":"max-image-preview:large","max-video-preview":"max-video-preview:-1"},"og_locale":"en_GB","og_type":"article","og_title":"OCB | Premium Double","og_description":"OCB | Premium Double. Pappret \u00e4r extra tunt och brinner extra l\u00e5ngsamt. De stiliga svarta f\u00f6rpackningarna pryds av det ikoniska OCB-hologrammet","og_url":"https:\/\/www.swizzle.se\/produkt\/ocb-premium-rolls-double\/","og_site_name":"Swizzle","article_modified_time":"2026-02-04T13:59:30+00:00","og_image":[{"width":1200,"height":1200,"url":"https:\/\/www.swizzle.se\/wp-content\/uploads\/2025\/06\/ocb-premium-kurz-n-4-extra-duenn_11zon-2.webp","type":"image\/webp"}],"twitter_card":"summary_large_image","twitter_title":"OCB | Premium Double","twitter_description":"OCB | Premium Double. Pappret \u00e4r extra tunt och brinner extra l\u00e5ngsamt. De stiliga svarta f\u00f6rpackningarna pryds av det ikoniska OCB-hologrammet","twitter_misc":{"Price":"18.00&nbsp;&#107;&#114;","Availability":"Out of stock"},"schema":{"@context":"https:\/\/schema.org","@graph":[{"@type":"WebPage","@id":"https:\/\/www.swizzle.se\/produkt\/ocb-premium-rolls-double\/","url":"https:\/\/www.swizzle.se\/produkt\/ocb-premium-rolls-double\/","name":"OCB | Premium Double","isPartOf":{"@id":"https:\/\/staging.swizzle.se\/#website"},"primaryImageOfPage":{"@id":"https:\/\/www.swizzle.se\/produkt\/ocb-premium-rolls-double\/#primaryimage"},"image":{"@id":"https:\/\/www.swizzle.se\/produkt\/ocb-premium-rolls-double\/#primaryimage"},"thumbnailUrl":"https:\/\/staging.swizzle.se\/wp-content\/uploads\/2025\/06\/ocb-premium-kurz-n-4-extra-duenn_11zon-2.webp","datePublished":"2025-03-16T13:40:36+00:00","dateModified":"2026-02-04T13:59:30+00:00","description":"OCB | Premium Double. Pappret \u00e4r extra tunt och brinner extra l\u00e5ngsamt. De stiliga svarta f\u00f6rpackningarna pryds av det ikoniska OCB-hologrammet","breadcrumb":{"@id":"https:\/\/www.swizzle.se\/produkt\/ocb-premium-rolls-double\/#breadcrumb"},"inLanguage":"en-GB","potentialAction":[{"@type":"ReadAction","target":["https:\/\/www.swizzle.se\/produkt\/ocb-premium-rolls-double\/"]}]},{"@type":"ImageObject","inLanguage":"en-GB","@id":"https:\/\/www.swizzle.se\/produkt\/ocb-premium-rolls-double\/#primaryimage","url":"https:\/\/staging.swizzle.se\/wp-content\/uploads\/2025\/06\/ocb-premium-kurz-n-4-extra-duenn_11zon-2.webp","contentUrl":"https:\/\/staging.swizzle.se\/wp-content\/uploads\/2025\/06\/ocb-premium-kurz-n-4-extra-duenn_11zon-2.webp","width":1200,"height":1200,"caption":"Bild ocb"},{"@type":"BreadcrumbList","@id":"https:\/\/www.swizzle.se\/produkt\/ocb-premium-rolls-double\/#breadcrumb","itemListElement":[{"@type":"ListItem","position":1,"name":"Home","item":"https:\/\/www.swizzle.se\/"},{"@type":"ListItem","position":2,"name":"Shop","item":"https:\/\/www.swizzle.se\/shop\/"},{"@type":"ListItem","position":3,"name":"R\u00d6KTILLBEH\u00d6R","item":"https:\/\/www.swizzle.se\/produkt-kategori\/roktillbehor\/"},{"@type":"ListItem","position":4,"name":"RULLPAPPER","item":"https:\/\/www.swizzle.se\/produkt-kategori\/roktillbehor\/rullpapper\/"},{"@type":"ListItem","position":5,"name":"OCB","item":"https:\/\/www.swizzle.se\/produkt-kategori\/roktillbehor\/rullpapper\/ocb\/"},{"@type":"ListItem","position":6,"name":"OCB | Premium Double"}]},{"@type":"WebSite","@id":"https:\/\/staging.swizzle.se\/#website","url":"https:\/\/staging.swizzle.se\/","name":"Swizzle","description":"Nicotine CBD Vapes Snus White Portion","publisher":{"@id":"https:\/\/staging.swizzle.se\/#organization"},"potentialAction":[{"@type":"SearchAction","target":{"@type":"EntryPoint","urlTemplate":"https:\/\/staging.swizzle.se\/?s={search_term_string}"},"query-input":{"@type":"PropertyValueSpecification","valueRequired":true,"valueName":"search_term_string"}}],"inLanguage":"en-GB"},{"@type":"Organization","@id":"https:\/\/staging.swizzle.se\/#organization","name":"Swizzle","url":"https:\/\/staging.swizzle.se\/","logo":{"@type":"ImageObject","inLanguage":"en-GB","@id":"https:\/\/staging.swizzle.se\/#\/schema\/logo\/image\/","url":"https:\/\/staging.swizzle.se\/wp-content\/uploads\/2025\/10\/cropped-SWIZZLE.-4.png","contentUrl":"https:\/\/staging.swizzle.se\/wp-content\/uploads\/2025\/10\/cropped-SWIZZLE.-4.png","width":800,"height":267,"caption":"Swizzle"},"image":{"@id":"https:\/\/staging.swizzle.se\/#\/schema\/logo\/image\/"},"hasMerchantReturnPolicy":{"@type":"MerchantReturnPolicy","merchantReturnLink":"https:\/\/staging.swizzle.se\/en\/villkor\/"}}]},"product_price_amount":"18.00","product_price_currency":"SEK","og_availability":"out of stock","product_availability":"out of stock","product_retailer_item_id":"oc110","product_condition":"new"},"tiered_pricing_type":"fixed","tiered_pricing_fixed_rules":[],"tiered_pricing_product_settings":{"layout":"default","base_unit_name":{"singular":null,"plural":null},"default_variation":null},"tiered_pricing_minimum_quantity":null,"tiered_pricing_roles_data":[],"tiered_pricing_percentage_rules":[],"tiered_pricing_maximum_quantity":null,"tiered_pricing_quantity_step":null,"_links":{"self":[{"href":"https:\/\/staging.swizzle.se\/en\/wp-json\/wp\/v2\/product\/259906","targetHints":{"allow":["GET"]}}],"collection":[{"href":"https:\/\/staging.swizzle.se\/en\/wp-json\/wp\/v2\/product"}],"about":[{"href":"https:\/\/staging.swizzle.se\/en\/wp-json\/wp\/v2\/types\/product"}],"replies":[{"embeddable":true,"href":"https:\/\/staging.swizzle.se\/en\/wp-json\/wp\/v2\/comments?post=259906"}],"version-history":[{"count":0,"href":"https:\/\/staging.swizzle.se\/en\/wp-json\/wp\/v2\/product\/259906\/revisions"}],"wp:featuredmedia":[{"embeddable":true,"href":"https:\/\/staging.swizzle.se\/en\/wp-json\/wp\/v2\/media\/261311"}],"wp:attachment":[{"href":"https:\/\/staging.swizzle.se\/en\/wp-json\/wp\/v2\/media?parent=259906"}],"wp:term":[{"taxonomy":"product_brand","embeddable":true,"href":"https:\/\/staging.swizzle.se\/en\/wp-json\/wp\/v2\/product_brand?post=259906"},{"taxonomy":"product_cat","embeddable":true,"href":"https:\/\/staging.swizzle.se\/en\/wp-json\/wp\/v2\/product_cat?post=259906"},{"taxonomy":"product_tag","embeddable":true,"href":"https:\/\/staging.swizzle.se\/en\/wp-json\/wp\/v2\/product_tag?post=259906"},{"taxonomy":"superdeal","embeddable":true,"href":"https:\/\/staging.swizzle.se\/en\/wp-json\/wp\/v2\/superdeal?post=259906"},{"taxonomy":"product_variant_id","embeddable":true,"href":"https:\/\/staging.swizzle.se\/en\/wp-json\/wp\/v2\/product_variant_id?post=259906"}],"curies":[{"name":"wp","href":"https:\/\/api.w.org\/{rel}","templated":true}]}}