{"id":259788,"date":"2025-01-23T15:07:08","date_gmt":"2025-01-23T15:07:08","guid":{"rendered":"https:\/\/new.staging.swizzle.se\/produkt\/pain-free-gummie-bears-full-spectrum-20mg-cbd-15mg-cbg-gummie\/"},"modified":"2026-02-04T13:53:50","modified_gmt":"2026-02-04T13:53:50","slug":"pain-free-cbd-cbg-full-spectrum","status":"publish","type":"product","link":"https:\/\/staging.swizzle.se\/en\/product-2\/pain-free-cbd-cbg-full-spectrum\/","title":{"rendered":"Pain Free Gummie Bears &#8211; Full Spectrum &#8211; 20mg CBD + 15mg CBG \/gummie"},"content":{"rendered":"<p>Pain Free CBD + CBG Full Spectrum<\/p>\n<p><b>F\u00f6rvaring:<\/b><br \/>\nF\u00f6rvaras torrt, m\u00f6rkt och svalt. \u00d6ppnad f\u00f6rpackning b\u00f6r tillslutas f\u00f6r att undvika fukt och f\u00f6rl\u00e4nga h\u00e5llbarheten. F\u00f6rvaras utom r\u00e4ckh\u00e5ll f\u00f6r barn.<\/p>\n<p><b>Ingredienser:<\/b><br \/>\nCBD<br \/>\nCBG<br \/>\nAgar agar.<br \/>\nAgave sirap<br \/>\nCitronsyra<\/p>\n<p><strong>Obs!<\/strong><br \/>\nDu m\u00e5ste vara minst 18 \u00e5r f\u00f6r att k\u00f6pa denna produkt. Den \u00e4r inte avsedd som l\u00e4kemedel, kosttillskott eller naturprodukt. Vi uppmuntrar inte till konsumtion eller r\u00f6kning av produkten. F\u00f6rvara den utom r\u00e4ckh\u00e5ll f\u00f6r barn.Vi friskriver oss fr\u00e5n hur du som kund anv\u00e4nder v\u00e5ra produkter. Vi s\u00e4ljer dem f\u00f6r samlings- och prydnadssyften.<\/p>","protected":false},"excerpt":{"rendered":"<p class=\"ai-optimize-28\"><strong>Pain Free CBD + CBG Full Spectrum<\/strong><\/p>\n<p class=\"ai-optimize-29\">Dessa gummies \u00e4r speciellt framtagna f\u00f6r att lindra sm\u00e4rta och stress. Full spektrum.<\/p>\n<p>* Veganska<br \/>\n*Naturliga s\u00f6tningsmedel<br \/>\n*GMO fri<\/p>\n<p class=\"ai-optimize-30\">2omg CBD<br \/>\n15mg CBG<\/p>\n<p class=\"ai-optimize-31\">20st gummies per p\u00e5se<\/p>","protected":false},"featured_media":261196,"comment_status":"open","ping_status":"closed","template":"","meta":{"site-sidebar-layout":"default","site-content-layout":"","ast-site-content-layout":"default","site-content-style":"default","site-sidebar-style":"default","ast-global-header-display":"","ast-banner-title-visibility":"","ast-main-header-display":"","ast-hfb-above-header-display":"","ast-hfb-below-header-display":"","ast-hfb-mobile-header-display":"","site-post-title":"","ast-breadcrumbs-content":"","ast-featured-img":"","footer-sml-layout":"","ast-disable-related-posts":"","theme-transparent-header-meta":"default","adv-header-id-meta":"","stick-header-meta":"default","header-above-stick-meta":"","header-main-stick-meta":"","header-below-stick-meta":"","astra-migrate-meta-layouts":"set","ast-page-background-enabled":"default","ast-page-background-meta":{"desktop":{"background-color":"var(--ast-global-color-4)","background-image":"","background-repeat":"repeat","background-position":"center center","background-size":"auto","background-attachment":"scroll","background-type":"","background-media":"","overlay-type":"","overlay-color":"","overlay-opacity":"","overlay-gradient":""},"tablet":{"background-color":"","background-image":"","background-repeat":"repeat","background-position":"center center","background-size":"auto","background-attachment":"scroll","background-type":"","background-media":"","overlay-type":"","overlay-color":"","overlay-opacity":"","overlay-gradient":""},"mobile":{"background-color":"","background-image":"","background-repeat":"repeat","background-position":"center center","background-size":"auto","background-attachment":"scroll","background-type":"","background-media":"","overlay-type":"","overlay-color":"","overlay-opacity":"","overlay-gradient":""}},"ast-content-background-meta":{"desktop":{"background-color":"var(--ast-global-color-5)","background-image":"","background-repeat":"repeat","background-position":"center center","background-size":"auto","background-attachment":"scroll","background-type":"","background-media":"","overlay-type":"","overlay-color":"","overlay-opacity":"","overlay-gradient":""},"tablet":{"background-color":"var(--ast-global-color-5)","background-image":"","background-repeat":"repeat","background-position":"center center","background-size":"auto","background-attachment":"scroll","background-type":"","background-media":"","overlay-type":"","overlay-color":"","overlay-opacity":"","overlay-gradient":""},"mobile":{"background-color":"var(--ast-global-color-5)","background-image":"","background-repeat":"repeat","background-position":"center center","background-size":"auto","background-attachment":"scroll","background-type":"","background-media":"","overlay-type":"","overlay-color":"","overlay-opacity":"","overlay-gradient":""}}},"product_brand":[766],"product_cat":[410,331,354],"product_tag":[],"superdeal":[],"product_variant_id":[],"class_list":{"0":"post-259788","1":"product","2":"type-product","3":"status-publish","4":"has-post-thumbnail","6":"product_brand-swizzle","7":"product_cat-cbd-gummies","8":"product_cat-cbd-g-n","9":"product_cat-edibles","10":"desktop-align-center","11":"tablet-align-left","12":"mobile-align-left","13":"ast-product-gallery-layout-horizontal-slider","14":"ast-product-gallery-with-no-image","15":"ast-magnify-disabled","16":"ast-product-tabs-layout-horizontal","18":"first","19":"outofstock","20":"sale","21":"taxable","22":"shipping-taxable","23":"purchasable","24":"product-type-simple"},"yoast_head":"<!-- This site is optimized with the Yoast SEO Premium plugin v26.9 (Yoast SEO v26.9) - https:\/\/yoast.com\/product\/yoast-seo-premium-wordpress\/ -->\n<title>Pain Free CBD + CBG Full Spectrum<\/title>\n<meta name=\"description\" content=\"Pain Free CBD + CBG Full Spectrum gummie bears \u00e4r speciellt framtagna f\u00f6r att hj\u00e4lpa dig att slippa sm\u00e4rta och stress. Veganska.\" \/>\n<meta name=\"robots\" content=\"noindex, follow, max-snippet:-1, max-image-preview:large, max-video-preview:-1\" \/>\n<meta property=\"og:locale\" content=\"en_GB\" \/>\n<meta property=\"og:type\" content=\"article\" \/>\n<meta property=\"og:title\" content=\"Pain Free CBD + CBG Full Spectrum\" \/>\n<meta property=\"og:description\" content=\"Pain Free CBD + CBG Full Spectrum gummie bears \u00e4r speciellt framtagna f\u00f6r att hj\u00e4lpa dig att slippa sm\u00e4rta och stress. Veganska.\" \/>\n<meta property=\"og:url\" content=\"https:\/\/www.swizzle.se\/produkt\/pain-free-cbd-cbg-full-spectrum\/\" \/>\n<meta property=\"og:site_name\" content=\"Swizzle\" \/>\n<meta property=\"article:modified_time\" content=\"2026-02-04T13:53:50+00:00\" \/>\n<meta property=\"og:image\" content=\"https:\/\/www.swizzle.se\/wp-content\/uploads\/2025\/06\/Pain-free-bild-website_11zon.jpg\" \/>\n\t<meta property=\"og:image:width\" content=\"800\" \/>\n\t<meta property=\"og:image:height\" content=\"800\" \/>\n\t<meta property=\"og:image:type\" content=\"image\/jpeg\" \/>\n<meta name=\"twitter:card\" content=\"summary_large_image\" \/>\n<meta name=\"twitter:title\" content=\"Pain Free CBD + CBG Full Spectrum\" \/>\n<meta name=\"twitter:description\" content=\"Pain Free CBD + CBG Full Spectrum gummie bears \u00e4r speciellt framtagna f\u00f6r att hj\u00e4lpa dig att slippa sm\u00e4rta och stress. Veganska.\" \/>\n<meta name=\"twitter:label1\" content=\"Price\" \/>\n\t<meta name=\"twitter:data1\" content=\"199.00&nbsp;&#107;&#114;\" \/>\n\t<meta name=\"twitter:label2\" content=\"Availability\" \/>\n\t<meta name=\"twitter:data2\" content=\"Out of stock\" \/>\n<script type=\"application\/ld+json\" class=\"yoast-schema-graph\">{\"@context\":\"https:\/\/schema.org\",\"@graph\":[{\"@type\":\"WebPage\",\"@id\":\"https:\/\/www.swizzle.se\/produkt\/pain-free-cbd-cbg-full-spectrum\/\",\"url\":\"https:\/\/www.swizzle.se\/produkt\/pain-free-cbd-cbg-full-spectrum\/\",\"name\":\"Pain Free CBD + CBG Full Spectrum\",\"isPartOf\":{\"@id\":\"https:\/\/staging.swizzle.se\/#website\"},\"primaryImageOfPage\":{\"@id\":\"https:\/\/www.swizzle.se\/produkt\/pain-free-cbd-cbg-full-spectrum\/#primaryimage\"},\"image\":{\"@id\":\"https:\/\/www.swizzle.se\/produkt\/pain-free-cbd-cbg-full-spectrum\/#primaryimage\"},\"thumbnailUrl\":\"https:\/\/staging.swizzle.se\/wp-content\/uploads\/2025\/06\/Pain-free-bild-website_11zon.jpg\",\"datePublished\":\"2025-01-23T15:07:08+00:00\",\"dateModified\":\"2026-02-04T13:53:50+00:00\",\"description\":\"Pain Free CBD + CBG Full Spectrum gummie bears \u00e4r speciellt framtagna f\u00f6r att hj\u00e4lpa dig att slippa sm\u00e4rta och stress. Veganska.\",\"breadcrumb\":{\"@id\":\"https:\/\/www.swizzle.se\/produkt\/pain-free-cbd-cbg-full-spectrum\/#breadcrumb\"},\"inLanguage\":\"en-GB\",\"potentialAction\":[{\"@type\":\"ReadAction\",\"target\":[\"https:\/\/www.swizzle.se\/produkt\/pain-free-cbd-cbg-full-spectrum\/\"]}]},{\"@type\":\"ImageObject\",\"inLanguage\":\"en-GB\",\"@id\":\"https:\/\/www.swizzle.se\/produkt\/pain-free-cbd-cbg-full-spectrum\/#primaryimage\",\"url\":\"https:\/\/staging.swizzle.se\/wp-content\/uploads\/2025\/06\/Pain-free-bild-website_11zon.jpg\",\"contentUrl\":\"https:\/\/staging.swizzle.se\/wp-content\/uploads\/2025\/06\/Pain-free-bild-website_11zon.jpg\",\"width\":800,\"height\":800,\"caption\":\"bild pain free\"},{\"@type\":\"BreadcrumbList\",\"@id\":\"https:\/\/www.swizzle.se\/produkt\/pain-free-cbd-cbg-full-spectrum\/#breadcrumb\",\"itemListElement\":[{\"@type\":\"ListItem\",\"position\":1,\"name\":\"Home\",\"item\":\"https:\/\/www.swizzle.se\/\"},{\"@type\":\"ListItem\",\"position\":2,\"name\":\"Shop\",\"item\":\"https:\/\/www.swizzle.se\/shop\/\"},{\"@type\":\"ListItem\",\"position\":3,\"name\":\"CANNABINOIDER\",\"item\":\"https:\/\/www.swizzle.se\/produkt-kategori\/cannabinoider\/\"},{\"@type\":\"ListItem\",\"position\":4,\"name\":\"CBD\/G\/N\",\"item\":\"https:\/\/www.swizzle.se\/produkt-kategori\/cannabinoider\/cbd-g-n\/\"},{\"@type\":\"ListItem\",\"position\":5,\"name\":\"CBD GUMMIES\",\"item\":\"https:\/\/www.swizzle.se\/produkt-kategori\/cannabinoider\/cbd-g-n\/cbd-gummies\/\"},{\"@type\":\"ListItem\",\"position\":6,\"name\":\"Fruity Shrooms Muscimol 5 x 5mg per f\u00f6rpackning\"}]},{\"@type\":\"WebSite\",\"@id\":\"https:\/\/staging.swizzle.se\/#website\",\"url\":\"https:\/\/staging.swizzle.se\/\",\"name\":\"Swizzle\",\"description\":\"Nikotin CBD Vapes Snus White Portion\",\"publisher\":{\"@id\":\"https:\/\/staging.swizzle.se\/#organization\"},\"potentialAction\":[{\"@type\":\"SearchAction\",\"target\":{\"@type\":\"EntryPoint\",\"urlTemplate\":\"https:\/\/staging.swizzle.se\/?s={search_term_string}\"},\"query-input\":{\"@type\":\"PropertyValueSpecification\",\"valueRequired\":true,\"valueName\":\"search_term_string\"}}],\"inLanguage\":\"en-GB\"},{\"@type\":\"Organization\",\"@id\":\"https:\/\/staging.swizzle.se\/#organization\",\"name\":\"Swizzle\",\"url\":\"https:\/\/staging.swizzle.se\/\",\"logo\":{\"@type\":\"ImageObject\",\"inLanguage\":\"en-GB\",\"@id\":\"https:\/\/staging.swizzle.se\/#\/schema\/logo\/image\/\",\"url\":\"https:\/\/staging.swizzle.se\/wp-content\/uploads\/2025\/10\/cropped-SWIZZLE.-4.png\",\"contentUrl\":\"https:\/\/staging.swizzle.se\/wp-content\/uploads\/2025\/10\/cropped-SWIZZLE.-4.png\",\"width\":800,\"height\":267,\"caption\":\"Swizzle\"},\"image\":{\"@id\":\"https:\/\/staging.swizzle.se\/#\/schema\/logo\/image\/\"},\"hasMerchantReturnPolicy\":{\"@type\":\"MerchantReturnPolicy\",\"merchantReturnLink\":\"https:\/\/staging.swizzle.se\/en\/villkor\/\"}}]}<\/script>\n<meta property=\"product:price:amount\" content=\"199.00\" \/>\n<meta property=\"product:price:currency\" content=\"SEK\" \/>\n<meta property=\"og:availability\" content=\"out of stock\" \/>\n<meta property=\"product:availability\" content=\"out of stock\" \/>\n<meta property=\"product:retailer_item_id\" content=\"field_sku\" \/>\n<meta property=\"product:condition\" content=\"new\" \/>\n<!-- \/ Yoast SEO Premium plugin. -->","yoast_head_json":{"title":"Pain Free CBD + CBG Full Spectrum","description":"Pain Free CBD + CBG Full Spectrum gummie bears \u00e4r speciellt framtagna f\u00f6r att hj\u00e4lpa dig att slippa sm\u00e4rta och stress. Veganska.","robots":{"index":"noindex","follow":"follow","max-snippet":"max-snippet:-1","max-image-preview":"max-image-preview:large","max-video-preview":"max-video-preview:-1"},"og_locale":"en_GB","og_type":"article","og_title":"Pain Free CBD + CBG Full Spectrum","og_description":"Pain Free CBD + CBG Full Spectrum gummie bears \u00e4r speciellt framtagna f\u00f6r att hj\u00e4lpa dig att slippa sm\u00e4rta och stress. Veganska.","og_url":"https:\/\/www.swizzle.se\/produkt\/pain-free-cbd-cbg-full-spectrum\/","og_site_name":"Swizzle","article_modified_time":"2026-02-04T13:53:50+00:00","og_image":[{"width":800,"height":800,"url":"https:\/\/www.swizzle.se\/wp-content\/uploads\/2025\/06\/Pain-free-bild-website_11zon.jpg","type":"image\/jpeg"}],"twitter_card":"summary_large_image","twitter_title":"Pain Free CBD + CBG Full Spectrum","twitter_description":"Pain Free CBD + CBG Full Spectrum gummie bears \u00e4r speciellt framtagna f\u00f6r att hj\u00e4lpa dig att slippa sm\u00e4rta och stress. Veganska.","twitter_misc":{"Price":"199.00&nbsp;&#107;&#114;","Availability":"Out of stock"},"schema":{"@context":"https:\/\/schema.org","@graph":[{"@type":"WebPage","@id":"https:\/\/www.swizzle.se\/produkt\/pain-free-cbd-cbg-full-spectrum\/","url":"https:\/\/www.swizzle.se\/produkt\/pain-free-cbd-cbg-full-spectrum\/","name":"Pain Free CBD + CBG Full Spectrum","isPartOf":{"@id":"https:\/\/staging.swizzle.se\/#website"},"primaryImageOfPage":{"@id":"https:\/\/www.swizzle.se\/produkt\/pain-free-cbd-cbg-full-spectrum\/#primaryimage"},"image":{"@id":"https:\/\/www.swizzle.se\/produkt\/pain-free-cbd-cbg-full-spectrum\/#primaryimage"},"thumbnailUrl":"https:\/\/staging.swizzle.se\/wp-content\/uploads\/2025\/06\/Pain-free-bild-website_11zon.jpg","datePublished":"2025-01-23T15:07:08+00:00","dateModified":"2026-02-04T13:53:50+00:00","description":"Pain Free CBD + CBG Full Spectrum gummie bears \u00e4r speciellt framtagna f\u00f6r att hj\u00e4lpa dig att slippa sm\u00e4rta och stress. Veganska.","breadcrumb":{"@id":"https:\/\/www.swizzle.se\/produkt\/pain-free-cbd-cbg-full-spectrum\/#breadcrumb"},"inLanguage":"en-GB","potentialAction":[{"@type":"ReadAction","target":["https:\/\/www.swizzle.se\/produkt\/pain-free-cbd-cbg-full-spectrum\/"]}]},{"@type":"ImageObject","inLanguage":"en-GB","@id":"https:\/\/www.swizzle.se\/produkt\/pain-free-cbd-cbg-full-spectrum\/#primaryimage","url":"https:\/\/staging.swizzle.se\/wp-content\/uploads\/2025\/06\/Pain-free-bild-website_11zon.jpg","contentUrl":"https:\/\/staging.swizzle.se\/wp-content\/uploads\/2025\/06\/Pain-free-bild-website_11zon.jpg","width":800,"height":800,"caption":"bild pain free"},{"@type":"BreadcrumbList","@id":"https:\/\/www.swizzle.se\/produkt\/pain-free-cbd-cbg-full-spectrum\/#breadcrumb","itemListElement":[{"@type":"ListItem","position":1,"name":"Home","item":"https:\/\/www.swizzle.se\/"},{"@type":"ListItem","position":2,"name":"Shop","item":"https:\/\/www.swizzle.se\/shop\/"},{"@type":"ListItem","position":3,"name":"CANNABINOIDER","item":"https:\/\/www.swizzle.se\/produkt-kategori\/cannabinoider\/"},{"@type":"ListItem","position":4,"name":"CBD\/G\/N","item":"https:\/\/www.swizzle.se\/produkt-kategori\/cannabinoider\/cbd-g-n\/"},{"@type":"ListItem","position":5,"name":"CBD GUMMIES","item":"https:\/\/www.swizzle.se\/produkt-kategori\/cannabinoider\/cbd-g-n\/cbd-gummies\/"},{"@type":"ListItem","position":6,"name":"Fruity Shrooms Muscimol 5 x 5mg per f\u00f6rpackning"}]},{"@type":"WebSite","@id":"https:\/\/staging.swizzle.se\/#website","url":"https:\/\/staging.swizzle.se\/","name":"Swizzle","description":"Nicotine CBD Vapes Snus White Portion","publisher":{"@id":"https:\/\/staging.swizzle.se\/#organization"},"potentialAction":[{"@type":"SearchAction","target":{"@type":"EntryPoint","urlTemplate":"https:\/\/staging.swizzle.se\/?s={search_term_string}"},"query-input":{"@type":"PropertyValueSpecification","valueRequired":true,"valueName":"search_term_string"}}],"inLanguage":"en-GB"},{"@type":"Organization","@id":"https:\/\/staging.swizzle.se\/#organization","name":"Swizzle","url":"https:\/\/staging.swizzle.se\/","logo":{"@type":"ImageObject","inLanguage":"en-GB","@id":"https:\/\/staging.swizzle.se\/#\/schema\/logo\/image\/","url":"https:\/\/staging.swizzle.se\/wp-content\/uploads\/2025\/10\/cropped-SWIZZLE.-4.png","contentUrl":"https:\/\/staging.swizzle.se\/wp-content\/uploads\/2025\/10\/cropped-SWIZZLE.-4.png","width":800,"height":267,"caption":"Swizzle"},"image":{"@id":"https:\/\/staging.swizzle.se\/#\/schema\/logo\/image\/"},"hasMerchantReturnPolicy":{"@type":"MerchantReturnPolicy","merchantReturnLink":"https:\/\/staging.swizzle.se\/en\/villkor\/"}}]},"product_price_amount":"199.00","product_price_currency":"SEK","og_availability":"out of stock","product_availability":"out of stock","product_retailer_item_id":"field_sku","product_condition":"new"},"tiered_pricing_type":"fixed","tiered_pricing_fixed_rules":[],"tiered_pricing_product_settings":{"layout":"default","base_unit_name":{"singular":null,"plural":null},"default_variation":null},"tiered_pricing_minimum_quantity":null,"tiered_pricing_roles_data":[],"tiered_pricing_percentage_rules":[],"tiered_pricing_maximum_quantity":null,"tiered_pricing_quantity_step":null,"_links":{"self":[{"href":"https:\/\/staging.swizzle.se\/en\/wp-json\/wp\/v2\/product\/259788","targetHints":{"allow":["GET"]}}],"collection":[{"href":"https:\/\/staging.swizzle.se\/en\/wp-json\/wp\/v2\/product"}],"about":[{"href":"https:\/\/staging.swizzle.se\/en\/wp-json\/wp\/v2\/types\/product"}],"replies":[{"embeddable":true,"href":"https:\/\/staging.swizzle.se\/en\/wp-json\/wp\/v2\/comments?post=259788"}],"version-history":[{"count":0,"href":"https:\/\/staging.swizzle.se\/en\/wp-json\/wp\/v2\/product\/259788\/revisions"}],"wp:featuredmedia":[{"embeddable":true,"href":"https:\/\/staging.swizzle.se\/en\/wp-json\/wp\/v2\/media\/261196"}],"wp:attachment":[{"href":"https:\/\/staging.swizzle.se\/en\/wp-json\/wp\/v2\/media?parent=259788"}],"wp:term":[{"taxonomy":"product_brand","embeddable":true,"href":"https:\/\/staging.swizzle.se\/en\/wp-json\/wp\/v2\/product_brand?post=259788"},{"taxonomy":"product_cat","embeddable":true,"href":"https:\/\/staging.swizzle.se\/en\/wp-json\/wp\/v2\/product_cat?post=259788"},{"taxonomy":"product_tag","embeddable":true,"href":"https:\/\/staging.swizzle.se\/en\/wp-json\/wp\/v2\/product_tag?post=259788"},{"taxonomy":"superdeal","embeddable":true,"href":"https:\/\/staging.swizzle.se\/en\/wp-json\/wp\/v2\/superdeal?post=259788"},{"taxonomy":"product_variant_id","embeddable":true,"href":"https:\/\/staging.swizzle.se\/en\/wp-json\/wp\/v2\/product_variant_id?post=259788"}],"curies":[{"name":"wp","href":"https:\/\/api.w.org\/{rel}","templated":true}]}}