{"id":259782,"date":"2025-01-23T13:32:05","date_gmt":"2025-01-23T13:32:05","guid":{"rendered":"https:\/\/new.staging.swizzle.se\/produkt\/lions-mane-350mg-gummie\/"},"modified":"2026-02-04T13:53:51","modified_gmt":"2026-02-04T13:53:51","slug":"lions-mane-350mg-st-by-swizzle","status":"publish","type":"product","link":"https:\/\/staging.swizzle.se\/en\/product-2\/lions-mane-350mg-st-by-swizzle\/","title":{"rendered":"Lion&#8217;s Mane &#8211; 350mg\/st &#8211; 20st\/p\u00e5se"},"content":{"rendered":"<p><strong>Lion&#8217;s Mane 350mg\/st by swizzle<\/strong><\/p>\n<p><strong>Lion&#8217;s mane<\/strong> \u00e4r en svamp som v\u00e4xer fritt i Asien och anv\u00e4nds bland annat i matlagning. P\u00e5 svenska kallas den \u00e4ven igelkottaggsvamp och kommer fr\u00e5n Hericium erinaceus p\u00e5 latin.<\/p>\n<p><b>Dosering:<\/b><br \/>\nB\u00f6rja med 1st Gummie. Dessa \u00e4r relativt potenta. K\u00e4nner du inte \u00f6nskad effekt efter ca 25 minuter s\u00e5 kan du \u00f6ka med ytterligare 1\/2 och max 1st till.<br \/>\nH\u00f6gsta dos per dag ska ligga under 750mg f\u00f6r en van anv\u00e4ndare. \u00c4r du ovan b\u00f6r du ligga under 600mg\/dag.<\/p>\n<p><b>F\u00f6rvaring:<\/b><br \/>\nF\u00f6rvaras torrt, m\u00f6rkt och svalt. \u00d6ppnad f\u00f6rpackning b\u00f6r tillslutas f\u00f6r att undvika fukt och f\u00f6rl\u00e4nga h\u00e5llbarheten. F\u00f6rvaras utom r\u00e4ckh\u00e5ll f\u00f6r barn.<\/p>\n<p><b>Ingredienser:<\/b><br \/>\n350mg Ekologiskt igelkottaggsvamp-pulver (Hericium erinaceus)<br \/>\nAgar agar.<br \/>\nAgave sirap<\/p>\n<p><b>N\u00c4RINGSINNEH\u00c5LL per 100 gram:<\/b><br \/>\nEnergi: 283kcal \/ 1180kJ<br \/>\nFett: 2,8g<br \/>\nVarav m\u00e4ttade fettsyror: 1,2g<br \/>\nKolhydrater: 23,9g<br \/>\nVarav sockerarter: 3,2g<br \/>\nFibrer: 41,4g<br \/>\nProtein: 20,1g<br \/>\nSalt: &lt;0,1g<\/p>\n<p>&nbsp;<\/p>\n<p><b>VARNING:<\/b> \u00d6verskrid inte angiven rekommenderad dos. Inte l\u00e4mpligt f\u00f6r barn, gravida eller ammande. R\u00e5dg\u00f6r med din l\u00e4kare innan du anv\u00e4nder produkten om du genomg\u00e5r medicinsk behandling.<\/p>\n<p>&nbsp;<\/p>\n<p><strong>Obs!<\/strong><br \/>\nDu m\u00e5ste vara minst 18 \u00e5r f\u00f6r att k\u00f6pa denna produkt. Den \u00e4r inte avsedd som l\u00e4kemedel, kosttillskott eller naturprodukt. Vi uppmuntrar inte till konsumtion eller r\u00f6kning av produkten. F\u00f6rvara den utom r\u00e4ckh\u00e5ll f\u00f6r barn.Vi friskriver oss fr\u00e5n hur du som kund anv\u00e4nder v\u00e5ra produkter. Vi s\u00e4ljer dem f\u00f6r samlings- och prydnadssyften.<\/p>","protected":false},"excerpt":{"rendered":"<p><strong>Lion&#8217;s Mane 350mg\/st by swizzle<\/strong><\/p>\n<p>\u00c4r v\u00f6rdad i m\u00e5nga antika kulturer och har anv\u00e4nts medicinskt i tusentals \u00e5r. Denna kraftfulla svamp kan <b>skydda din hj\u00e4rna mot kognitiv f\u00f6rs\u00e4mring, \u00f6ka minnet, st\u00f6dja immunitet, minska \u00e5ngest, \u00f6ka hum\u00f6ret och f\u00f6rb\u00e4ttra en k\u00e4nsla av fokus under hela dagen, och mycket mer<\/b>.<br \/>\n&#8217;<br \/>\n* Veganska<br \/>\n*Naturliga s\u00f6tningsmedel<br \/>\n*GMO fri<\/p>\n<p>350mg\/gummie<br \/>\n20st\/p\u00e5se<\/p>","protected":false},"featured_media":261190,"comment_status":"open","ping_status":"closed","template":"","meta":{"site-sidebar-layout":"default","site-content-layout":"","ast-site-content-layout":"default","site-content-style":"default","site-sidebar-style":"default","ast-global-header-display":"","ast-banner-title-visibility":"","ast-main-header-display":"","ast-hfb-above-header-display":"","ast-hfb-below-header-display":"","ast-hfb-mobile-header-display":"","site-post-title":"","ast-breadcrumbs-content":"","ast-featured-img":"","footer-sml-layout":"","ast-disable-related-posts":"","theme-transparent-header-meta":"default","adv-header-id-meta":"","stick-header-meta":"default","header-above-stick-meta":"","header-main-stick-meta":"","header-below-stick-meta":"","astra-migrate-meta-layouts":"set","ast-page-background-enabled":"default","ast-page-background-meta":{"desktop":{"background-color":"var(--ast-global-color-4)","background-image":"","background-repeat":"repeat","background-position":"center center","background-size":"auto","background-attachment":"scroll","background-type":"","background-media":"","overlay-type":"","overlay-color":"","overlay-opacity":"","overlay-gradient":""},"tablet":{"background-color":"","background-image":"","background-repeat":"repeat","background-position":"center center","background-size":"auto","background-attachment":"scroll","background-type":"","background-media":"","overlay-type":"","overlay-color":"","overlay-opacity":"","overlay-gradient":""},"mobile":{"background-color":"","background-image":"","background-repeat":"repeat","background-position":"center center","background-size":"auto","background-attachment":"scroll","background-type":"","background-media":"","overlay-type":"","overlay-color":"","overlay-opacity":"","overlay-gradient":""}},"ast-content-background-meta":{"desktop":{"background-color":"var(--ast-global-color-5)","background-image":"","background-repeat":"repeat","background-position":"center center","background-size":"auto","background-attachment":"scroll","background-type":"","background-media":"","overlay-type":"","overlay-color":"","overlay-opacity":"","overlay-gradient":""},"tablet":{"background-color":"var(--ast-global-color-5)","background-image":"","background-repeat":"repeat","background-position":"center center","background-size":"auto","background-attachment":"scroll","background-type":"","background-media":"","overlay-type":"","overlay-color":"","overlay-opacity":"","overlay-gradient":""},"mobile":{"background-color":"var(--ast-global-color-5)","background-image":"","background-repeat":"repeat","background-position":"center center","background-size":"auto","background-attachment":"scroll","background-type":"","background-media":"","overlay-type":"","overlay-color":"","overlay-opacity":"","overlay-gradient":""}}},"product_brand":[766],"product_cat":[455,377],"product_tag":[],"superdeal":[],"product_variant_id":[],"class_list":{"0":"post-259782","1":"product","2":"type-product","3":"status-publish","4":"has-post-thumbnail","6":"product_brand-swizzle","7":"product_cat-lions-mane","8":"product_cat-shroomz","9":"desktop-align-center","10":"tablet-align-left","11":"mobile-align-left","12":"ast-product-gallery-layout-horizontal-slider","13":"ast-product-gallery-with-no-image","14":"ast-magnify-disabled","15":"ast-product-tabs-layout-horizontal","17":"first","18":"outofstock","19":"sale","20":"taxable","21":"shipping-taxable","22":"purchasable","23":"product-type-simple"},"yoast_head":"<!-- This site is optimized with the Yoast SEO Premium plugin v26.9 (Yoast SEO v26.9) - https:\/\/yoast.com\/product\/yoast-seo-premium-wordpress\/ -->\n<title>Lion&#039;s Mane 350mg\/st by swizzle<\/title>\n<meta name=\"description\" content=\"Denna kraftfulla svamp kan skydda din hj\u00e4rna mot kognitiv f\u00f6rs\u00e4mring, \u00f6ka minnet, st\u00f6dja immunitet, minska \u00e5ngest, och mycket mer.\" \/>\n<meta name=\"robots\" content=\"noindex, follow, max-snippet:-1, max-image-preview:large, max-video-preview:-1\" \/>\n<meta property=\"og:locale\" content=\"en_GB\" \/>\n<meta property=\"og:type\" content=\"article\" \/>\n<meta property=\"og:title\" content=\"Lion&#039;s Mane 350mg\/st by swizzle\" \/>\n<meta property=\"og:description\" content=\"Denna kraftfulla svamp kan skydda din hj\u00e4rna mot kognitiv f\u00f6rs\u00e4mring, \u00f6ka minnet, st\u00f6dja immunitet, minska \u00e5ngest, och mycket mer.\" \/>\n<meta property=\"og:url\" content=\"https:\/\/www.swizzle.se\/produkt\/lions-mane-350mg-st-by-swizzle\/\" \/>\n<meta property=\"og:site_name\" content=\"Swizzle\" \/>\n<meta property=\"article:modified_time\" content=\"2026-02-04T13:53:51+00:00\" \/>\n<meta property=\"og:image\" content=\"https:\/\/www.swizzle.se\/wp-content\/uploads\/2025\/06\/lions-mane-website_11zon.jpg\" \/>\n\t<meta property=\"og:image:width\" content=\"800\" \/>\n\t<meta property=\"og:image:height\" content=\"800\" \/>\n\t<meta property=\"og:image:type\" content=\"image\/jpeg\" \/>\n<meta name=\"twitter:card\" content=\"summary_large_image\" \/>\n<meta name=\"twitter:title\" content=\"Lion&#039;s Mane 350mg\/st by swizzle\" \/>\n<meta name=\"twitter:description\" content=\"Denna kraftfulla svamp kan skydda din hj\u00e4rna mot kognitiv f\u00f6rs\u00e4mring, \u00f6ka minnet, st\u00f6dja immunitet, minska \u00e5ngest, och mycket mer.\" \/>\n<meta name=\"twitter:label1\" content=\"Price\" \/>\n\t<meta name=\"twitter:data1\" content=\"110.00&nbsp;&#107;&#114;\" \/>\n\t<meta name=\"twitter:label2\" content=\"Availability\" \/>\n\t<meta name=\"twitter:data2\" content=\"Out of stock\" \/>\n<script type=\"application\/ld+json\" class=\"yoast-schema-graph\">{\"@context\":\"https:\/\/schema.org\",\"@graph\":[{\"@type\":\"WebPage\",\"@id\":\"https:\/\/www.swizzle.se\/produkt\/lions-mane-350mg-st-by-swizzle\/\",\"url\":\"https:\/\/www.swizzle.se\/produkt\/lions-mane-350mg-st-by-swizzle\/\",\"name\":\"Lion's Mane 350mg\/st by swizzle\",\"isPartOf\":{\"@id\":\"https:\/\/staging.swizzle.se\/#website\"},\"primaryImageOfPage\":{\"@id\":\"https:\/\/www.swizzle.se\/produkt\/lions-mane-350mg-st-by-swizzle\/#primaryimage\"},\"image\":{\"@id\":\"https:\/\/www.swizzle.se\/produkt\/lions-mane-350mg-st-by-swizzle\/#primaryimage\"},\"thumbnailUrl\":\"https:\/\/staging.swizzle.se\/wp-content\/uploads\/2025\/06\/lions-mane-website_11zon.jpg\",\"datePublished\":\"2025-01-23T13:32:05+00:00\",\"dateModified\":\"2026-02-04T13:53:51+00:00\",\"description\":\"Denna kraftfulla svamp kan skydda din hj\u00e4rna mot kognitiv f\u00f6rs\u00e4mring, \u00f6ka minnet, st\u00f6dja immunitet, minska \u00e5ngest, och mycket mer.\",\"breadcrumb\":{\"@id\":\"https:\/\/www.swizzle.se\/produkt\/lions-mane-350mg-st-by-swizzle\/#breadcrumb\"},\"inLanguage\":\"en-GB\",\"potentialAction\":[{\"@type\":\"ReadAction\",\"target\":[\"https:\/\/www.swizzle.se\/produkt\/lions-mane-350mg-st-by-swizzle\/\"]}]},{\"@type\":\"ImageObject\",\"inLanguage\":\"en-GB\",\"@id\":\"https:\/\/www.swizzle.se\/produkt\/lions-mane-350mg-st-by-swizzle\/#primaryimage\",\"url\":\"https:\/\/staging.swizzle.se\/wp-content\/uploads\/2025\/06\/lions-mane-website_11zon.jpg\",\"contentUrl\":\"https:\/\/staging.swizzle.se\/wp-content\/uploads\/2025\/06\/lions-mane-website_11zon.jpg\",\"width\":800,\"height\":800,\"caption\":\"bild lions mane\"},{\"@type\":\"BreadcrumbList\",\"@id\":\"https:\/\/www.swizzle.se\/produkt\/lions-mane-350mg-st-by-swizzle\/#breadcrumb\",\"itemListElement\":[{\"@type\":\"ListItem\",\"position\":1,\"name\":\"Home\",\"item\":\"https:\/\/www.swizzle.se\/\"},{\"@type\":\"ListItem\",\"position\":2,\"name\":\"Shop\",\"item\":\"https:\/\/www.swizzle.se\/shop\/\"},{\"@type\":\"ListItem\",\"position\":3,\"name\":\"SHROOMZ\",\"item\":\"https:\/\/www.swizzle.se\/produkt-kategori\/shroomz\/\"},{\"@type\":\"ListItem\",\"position\":4,\"name\":\"LIONS MANE\",\"item\":\"https:\/\/www.swizzle.se\/produkt-kategori\/shroomz\/lions-mane\/\"},{\"@type\":\"ListItem\",\"position\":5,\"name\":\"Fruity Shrooms Muscimol 5 x 5mg per f\u00f6rpackning\"}]},{\"@type\":\"WebSite\",\"@id\":\"https:\/\/staging.swizzle.se\/#website\",\"url\":\"https:\/\/staging.swizzle.se\/\",\"name\":\"Swizzle\",\"description\":\"Nikotin CBD Vapes Snus White Portion\",\"publisher\":{\"@id\":\"https:\/\/staging.swizzle.se\/#organization\"},\"potentialAction\":[{\"@type\":\"SearchAction\",\"target\":{\"@type\":\"EntryPoint\",\"urlTemplate\":\"https:\/\/staging.swizzle.se\/?s={search_term_string}\"},\"query-input\":{\"@type\":\"PropertyValueSpecification\",\"valueRequired\":true,\"valueName\":\"search_term_string\"}}],\"inLanguage\":\"en-GB\"},{\"@type\":\"Organization\",\"@id\":\"https:\/\/staging.swizzle.se\/#organization\",\"name\":\"Swizzle\",\"url\":\"https:\/\/staging.swizzle.se\/\",\"logo\":{\"@type\":\"ImageObject\",\"inLanguage\":\"en-GB\",\"@id\":\"https:\/\/staging.swizzle.se\/#\/schema\/logo\/image\/\",\"url\":\"https:\/\/staging.swizzle.se\/wp-content\/uploads\/2025\/10\/cropped-SWIZZLE.-4.png\",\"contentUrl\":\"https:\/\/staging.swizzle.se\/wp-content\/uploads\/2025\/10\/cropped-SWIZZLE.-4.png\",\"width\":800,\"height\":267,\"caption\":\"Swizzle\"},\"image\":{\"@id\":\"https:\/\/staging.swizzle.se\/#\/schema\/logo\/image\/\"},\"hasMerchantReturnPolicy\":{\"@type\":\"MerchantReturnPolicy\",\"merchantReturnLink\":\"https:\/\/staging.swizzle.se\/en\/villkor\/\"}}]}<\/script>\n<meta property=\"product:price:amount\" content=\"110.00\" \/>\n<meta property=\"product:price:currency\" content=\"SEK\" \/>\n<meta property=\"og:availability\" content=\"out of stock\" \/>\n<meta property=\"product:availability\" content=\"out of stock\" \/>\n<meta property=\"product:retailer_item_id\" content=\"field_sku\" \/>\n<meta property=\"product:condition\" content=\"new\" \/>\n<!-- \/ Yoast SEO Premium plugin. -->","yoast_head_json":{"title":"Lion's Mane 350mg\/st by swizzle","description":"Denna kraftfulla svamp kan skydda din hj\u00e4rna mot kognitiv f\u00f6rs\u00e4mring, \u00f6ka minnet, st\u00f6dja immunitet, minska \u00e5ngest, och mycket mer.","robots":{"index":"noindex","follow":"follow","max-snippet":"max-snippet:-1","max-image-preview":"max-image-preview:large","max-video-preview":"max-video-preview:-1"},"og_locale":"en_GB","og_type":"article","og_title":"Lion's Mane 350mg\/st by swizzle","og_description":"Denna kraftfulla svamp kan skydda din hj\u00e4rna mot kognitiv f\u00f6rs\u00e4mring, \u00f6ka minnet, st\u00f6dja immunitet, minska \u00e5ngest, och mycket mer.","og_url":"https:\/\/www.swizzle.se\/produkt\/lions-mane-350mg-st-by-swizzle\/","og_site_name":"Swizzle","article_modified_time":"2026-02-04T13:53:51+00:00","og_image":[{"width":800,"height":800,"url":"https:\/\/www.swizzle.se\/wp-content\/uploads\/2025\/06\/lions-mane-website_11zon.jpg","type":"image\/jpeg"}],"twitter_card":"summary_large_image","twitter_title":"Lion's Mane 350mg\/st by swizzle","twitter_description":"Denna kraftfulla svamp kan skydda din hj\u00e4rna mot kognitiv f\u00f6rs\u00e4mring, \u00f6ka minnet, st\u00f6dja immunitet, minska \u00e5ngest, och mycket mer.","twitter_misc":{"Price":"110.00&nbsp;&#107;&#114;","Availability":"Out of stock"},"schema":{"@context":"https:\/\/schema.org","@graph":[{"@type":"WebPage","@id":"https:\/\/www.swizzle.se\/produkt\/lions-mane-350mg-st-by-swizzle\/","url":"https:\/\/www.swizzle.se\/produkt\/lions-mane-350mg-st-by-swizzle\/","name":"Lion's Mane 350mg\/st by swizzle","isPartOf":{"@id":"https:\/\/staging.swizzle.se\/#website"},"primaryImageOfPage":{"@id":"https:\/\/www.swizzle.se\/produkt\/lions-mane-350mg-st-by-swizzle\/#primaryimage"},"image":{"@id":"https:\/\/www.swizzle.se\/produkt\/lions-mane-350mg-st-by-swizzle\/#primaryimage"},"thumbnailUrl":"https:\/\/staging.swizzle.se\/wp-content\/uploads\/2025\/06\/lions-mane-website_11zon.jpg","datePublished":"2025-01-23T13:32:05+00:00","dateModified":"2026-02-04T13:53:51+00:00","description":"Denna kraftfulla svamp kan skydda din hj\u00e4rna mot kognitiv f\u00f6rs\u00e4mring, \u00f6ka minnet, st\u00f6dja immunitet, minska \u00e5ngest, och mycket mer.","breadcrumb":{"@id":"https:\/\/www.swizzle.se\/produkt\/lions-mane-350mg-st-by-swizzle\/#breadcrumb"},"inLanguage":"en-GB","potentialAction":[{"@type":"ReadAction","target":["https:\/\/www.swizzle.se\/produkt\/lions-mane-350mg-st-by-swizzle\/"]}]},{"@type":"ImageObject","inLanguage":"en-GB","@id":"https:\/\/www.swizzle.se\/produkt\/lions-mane-350mg-st-by-swizzle\/#primaryimage","url":"https:\/\/staging.swizzle.se\/wp-content\/uploads\/2025\/06\/lions-mane-website_11zon.jpg","contentUrl":"https:\/\/staging.swizzle.se\/wp-content\/uploads\/2025\/06\/lions-mane-website_11zon.jpg","width":800,"height":800,"caption":"bild lions mane"},{"@type":"BreadcrumbList","@id":"https:\/\/www.swizzle.se\/produkt\/lions-mane-350mg-st-by-swizzle\/#breadcrumb","itemListElement":[{"@type":"ListItem","position":1,"name":"Home","item":"https:\/\/www.swizzle.se\/"},{"@type":"ListItem","position":2,"name":"Shop","item":"https:\/\/www.swizzle.se\/shop\/"},{"@type":"ListItem","position":3,"name":"SHROOMZ","item":"https:\/\/www.swizzle.se\/produkt-kategori\/shroomz\/"},{"@type":"ListItem","position":4,"name":"LIONS MANE","item":"https:\/\/www.swizzle.se\/produkt-kategori\/shroomz\/lions-mane\/"},{"@type":"ListItem","position":5,"name":"Fruity Shrooms Muscimol 5 x 5mg per f\u00f6rpackning"}]},{"@type":"WebSite","@id":"https:\/\/staging.swizzle.se\/#website","url":"https:\/\/staging.swizzle.se\/","name":"Swizzle","description":"Nicotine CBD Vapes Snus White Portion","publisher":{"@id":"https:\/\/staging.swizzle.se\/#organization"},"potentialAction":[{"@type":"SearchAction","target":{"@type":"EntryPoint","urlTemplate":"https:\/\/staging.swizzle.se\/?s={search_term_string}"},"query-input":{"@type":"PropertyValueSpecification","valueRequired":true,"valueName":"search_term_string"}}],"inLanguage":"en-GB"},{"@type":"Organization","@id":"https:\/\/staging.swizzle.se\/#organization","name":"Swizzle","url":"https:\/\/staging.swizzle.se\/","logo":{"@type":"ImageObject","inLanguage":"en-GB","@id":"https:\/\/staging.swizzle.se\/#\/schema\/logo\/image\/","url":"https:\/\/staging.swizzle.se\/wp-content\/uploads\/2025\/10\/cropped-SWIZZLE.-4.png","contentUrl":"https:\/\/staging.swizzle.se\/wp-content\/uploads\/2025\/10\/cropped-SWIZZLE.-4.png","width":800,"height":267,"caption":"Swizzle"},"image":{"@id":"https:\/\/staging.swizzle.se\/#\/schema\/logo\/image\/"},"hasMerchantReturnPolicy":{"@type":"MerchantReturnPolicy","merchantReturnLink":"https:\/\/staging.swizzle.se\/en\/villkor\/"}}]},"product_price_amount":"110.00","product_price_currency":"SEK","og_availability":"out of stock","product_availability":"out of stock","product_retailer_item_id":"field_sku","product_condition":"new"},"tiered_pricing_type":"fixed","tiered_pricing_fixed_rules":[],"tiered_pricing_product_settings":{"layout":"default","base_unit_name":{"singular":null,"plural":null},"default_variation":null},"tiered_pricing_minimum_quantity":null,"tiered_pricing_roles_data":[],"tiered_pricing_percentage_rules":[],"tiered_pricing_maximum_quantity":null,"tiered_pricing_quantity_step":null,"_links":{"self":[{"href":"https:\/\/staging.swizzle.se\/en\/wp-json\/wp\/v2\/product\/259782","targetHints":{"allow":["GET"]}}],"collection":[{"href":"https:\/\/staging.swizzle.se\/en\/wp-json\/wp\/v2\/product"}],"about":[{"href":"https:\/\/staging.swizzle.se\/en\/wp-json\/wp\/v2\/types\/product"}],"replies":[{"embeddable":true,"href":"https:\/\/staging.swizzle.se\/en\/wp-json\/wp\/v2\/comments?post=259782"}],"version-history":[{"count":0,"href":"https:\/\/staging.swizzle.se\/en\/wp-json\/wp\/v2\/product\/259782\/revisions"}],"wp:featuredmedia":[{"embeddable":true,"href":"https:\/\/staging.swizzle.se\/en\/wp-json\/wp\/v2\/media\/261190"}],"wp:attachment":[{"href":"https:\/\/staging.swizzle.se\/en\/wp-json\/wp\/v2\/media?parent=259782"}],"wp:term":[{"taxonomy":"product_brand","embeddable":true,"href":"https:\/\/staging.swizzle.se\/en\/wp-json\/wp\/v2\/product_brand?post=259782"},{"taxonomy":"product_cat","embeddable":true,"href":"https:\/\/staging.swizzle.se\/en\/wp-json\/wp\/v2\/product_cat?post=259782"},{"taxonomy":"product_tag","embeddable":true,"href":"https:\/\/staging.swizzle.se\/en\/wp-json\/wp\/v2\/product_tag?post=259782"},{"taxonomy":"superdeal","embeddable":true,"href":"https:\/\/staging.swizzle.se\/en\/wp-json\/wp\/v2\/superdeal?post=259782"},{"taxonomy":"product_variant_id","embeddable":true,"href":"https:\/\/staging.swizzle.se\/en\/wp-json\/wp\/v2\/product_variant_id?post=259782"}],"curies":[{"name":"wp","href":"https:\/\/api.w.org\/{rel}","templated":true}]}}