{"id":259754,"date":"2024-12-14T19:09:39","date_gmt":"2024-12-14T19:09:39","guid":{"rendered":"https:\/\/new.staging.swizzle.se\/produkt\/hawaiian-rain-cbd-cookies\/"},"modified":"2026-02-04T14:16:54","modified_gmt":"2026-02-04T14:16:54","slug":"cookies-hawaiian-rain-cbd-flower","status":"publish","type":"product","link":"https:\/\/staging.swizzle.se\/en\/product-2\/cookies-hawaiian-rain-cbd-flower\/","title":{"rendered":"COOKIES &#8211; Hawaiian Rain CBD flowers"},"content":{"rendered":"<div class=\"product-description\">\n<h2>COOKIES &#8211; Hawaiian Rain CBD Flowers<\/h2>\n<p>Uppt\u00e4ck <strong>Hawaiian Rain CBD<\/strong> fr\u00e5n Cookies \u2013 en exklusiv och tropiskt inspirerad blomma som erbjuder b\u00e5de f\u00f6rstklassig kvalitet och en oemotst\u00e5ndlig aromprofil. Denna premium CBD-blomma \u00e4r <strong>hydroponiskt odlad<\/strong>, vilket inneb\u00e4r att den vuxit utan jord och i en strikt kontrollerad milj\u00f6, f\u00f6r att s\u00e4kerst\u00e4lla optimal renhet, styrka och arom.<\/p>\n<p>Hawaiian Rain f\u00f6r med sig k\u00e4nslan av en solig dag p\u00e5 Hawaiis kuster. Den bjuder p\u00e5 en komplex och <strong>f\u00e4ngslande doftupplevelse<\/strong> d\u00e4r friska toner av <strong>ananas<\/strong> och <strong>s\u00f6t mango<\/strong> harmoniserar med de mer jordiga, gr\u00f6na inslagen av <strong>groblad<\/strong>. Kombinationen av dessa naturliga terpener ger en v\u00e4lbalanserad smakprofil som b\u00e5de uppfriskar och lugnar sinnet.<\/p>\n<p>Denna blomma \u00e4r ett perfekt val f\u00f6r dig som s\u00f6ker <strong>djup avkoppling<\/strong> utan psykoaktiva effekter. Med sitt h\u00f6ga inneh\u00e5ll av naturligt f\u00f6rekommande CBD och avsaknad av THC, erbjuder Hawaiian Rain en behaglig och lugnande upplevelse som passar b\u00e5de dag och kv\u00e4ll.<\/p>\n<h3>F\u00f6rdelar:<\/h3>\n<ul>\n<li>Exotisk och tropisk smakprofil med ananas och mango<\/li>\n<li>Hydroponiskt odlad f\u00f6r renhet och kvalitet<\/li>\n<li>Rik p\u00e5 naturliga terpener och CBD<\/li>\n<li>Fri fr\u00e5n THC \u2013 ingen psykoaktiv effekt<\/li>\n<li>Perfekt f\u00f6r avslappning utan att bli d\u00e5sig<\/li>\n<li>Producerad av v\u00e4lrenommerade Cookies<\/li>\n<\/ul>\n<\/div>\n<p>&nbsp;<\/p>\n<p><strong>Ansvarsfriskrivning<br \/>\n<\/strong>Denna produkt \u00e4r inte avsedd som l\u00e4kemedel, kosttillskott eller naturprodukt. Vi uppmuntrar inte till konsumtion eller r\u00f6kning av produkten. F\u00f6rvara utom r\u00e4ckh\u00e5ll f\u00f6r barn. Vi friskriver oss fr\u00e5n ansvar f\u00f6r hur produkten anv\u00e4nds av kunden och s\u00e4ljer den f\u00f6r samlings- och prydnadssyften. 18\u00e5r g\u00e4ller f\u00f6r alla Swizzle.se produkter.<\/p>","protected":false},"excerpt":{"rendered":"<p class=\"ai-optimize-29\">Cookies &#8211; Hawaiian Rain CBD flowers<\/p>\n<p class=\"ai-optimize-30\">Uppt\u00e4ck Hawaiian Rain CBD av Cookies, en exotisk och l\u00e4cker blomma som odlas hydroponiskt f\u00f6r h\u00f6gsta kvalitet.<\/p>\n<p class=\"ai-optimize-31\">Inspirerad av tropikerna erbjuder denna stam f\u00e4ngslande aromer av ananas, s\u00f6t mango och groblad som kommer att transportera dina sinnen till Hawaiis soliga str\u00e4nder. Perfekt f\u00f6r djup avkoppling, Hawaiian Rain kombinerar de lugnande f\u00f6rdelarna med CBD med en of\u00f6rgl\u00f6mlig smakupplevelse.<\/p>","protected":false},"featured_media":261144,"comment_status":"open","ping_status":"closed","template":"","meta":{"site-sidebar-layout":"default","site-content-layout":"","ast-site-content-layout":"default","site-content-style":"default","site-sidebar-style":"default","ast-global-header-display":"","ast-banner-title-visibility":"","ast-main-header-display":"","ast-hfb-above-header-display":"","ast-hfb-below-header-display":"","ast-hfb-mobile-header-display":"","site-post-title":"","ast-breadcrumbs-content":"","ast-featured-img":"","footer-sml-layout":"","ast-disable-related-posts":"","theme-transparent-header-meta":"default","adv-header-id-meta":"","stick-header-meta":"default","header-above-stick-meta":"","header-main-stick-meta":"","header-below-stick-meta":"","astra-migrate-meta-layouts":"set","ast-page-background-enabled":"default","ast-page-background-meta":{"desktop":{"background-color":"var(--ast-global-color-4)","background-image":"","background-repeat":"repeat","background-position":"center center","background-size":"auto","background-attachment":"scroll","background-type":"","background-media":"","overlay-type":"","overlay-color":"","overlay-opacity":"","overlay-gradient":""},"tablet":{"background-color":"","background-image":"","background-repeat":"repeat","background-position":"center center","background-size":"auto","background-attachment":"scroll","background-type":"","background-media":"","overlay-type":"","overlay-color":"","overlay-opacity":"","overlay-gradient":""},"mobile":{"background-color":"","background-image":"","background-repeat":"repeat","background-position":"center center","background-size":"auto","background-attachment":"scroll","background-type":"","background-media":"","overlay-type":"","overlay-color":"","overlay-opacity":"","overlay-gradient":""}},"ast-content-background-meta":{"desktop":{"background-color":"var(--ast-global-color-5)","background-image":"","background-repeat":"repeat","background-position":"center center","background-size":"auto","background-attachment":"scroll","background-type":"","background-media":"","overlay-type":"","overlay-color":"","overlay-opacity":"","overlay-gradient":""},"tablet":{"background-color":"var(--ast-global-color-5)","background-image":"","background-repeat":"repeat","background-position":"center center","background-size":"auto","background-attachment":"scroll","background-type":"","background-media":"","overlay-type":"","overlay-color":"","overlay-opacity":"","overlay-gradient":""},"mobile":{"background-color":"var(--ast-global-color-5)","background-image":"","background-repeat":"repeat","background-position":"center center","background-size":"auto","background-attachment":"scroll","background-type":"","background-media":"","overlay-type":"","overlay-color":"","overlay-opacity":"","overlay-gradient":""}}},"product_brand":[733],"product_cat":[334,333,331],"product_tag":[],"superdeal":[],"product_variant_id":[],"class_list":{"0":"post-259754","1":"product","2":"type-product","3":"status-publish","4":"has-post-thumbnail","6":"product_brand-cookies","7":"product_cat-cannabinoider","8":"product_cat-cbd-buds","9":"product_cat-cbd-g-n","10":"desktop-align-center","11":"tablet-align-left","12":"mobile-align-left","13":"ast-product-gallery-layout-horizontal-slider","14":"ast-product-gallery-with-no-image","15":"ast-magnify-disabled","16":"ast-product-tabs-layout-horizontal","18":"first","19":"instock","20":"taxable","21":"shipping-taxable","22":"purchasable","23":"product-type-simple"},"yoast_head":"<!-- This site is optimized with the Yoast SEO Premium plugin v26.9 (Yoast SEO v26.9) - https:\/\/yoast.com\/product\/yoast-seo-premium-wordpress\/ -->\n<title>Cookies - Hawaiian Rain CBD flowers<\/title>\n<meta name=\"description\" content=\"Cookies - Hawaiian Rain CBD flowers, en exotisk och l\u00e4cker blomma som odlas hydroponiskt f\u00f6r h\u00f6gsta kvalitet. Ananas, s\u00f6t mango och groblad.\" \/>\n<meta name=\"robots\" content=\"noindex, follow, max-snippet:-1, max-image-preview:large, max-video-preview:-1\" \/>\n<meta property=\"og:locale\" content=\"en_GB\" \/>\n<meta property=\"og:type\" content=\"article\" \/>\n<meta property=\"og:title\" content=\"Hawaiian Rain CBD av Cookies\" \/>\n<meta property=\"og:description\" content=\"Hawaiian Rain CBD av Cookies, en exotisk och l\u00e4cker blomma som odlas hydroponiskt f\u00f6r h\u00f6gsta kvalitet. Aromer av ananas, s\u00f6t mango och groblad.\" \/>\n<meta property=\"og:url\" content=\"https:\/\/www.swizzle.se\/produkt\/cookies-hawaiian-rain-cbd-flower\/\" \/>\n<meta property=\"og:site_name\" content=\"Swizzle\" \/>\n<meta property=\"article:modified_time\" content=\"2026-02-04T14:16:54+00:00\" \/>\n<meta name=\"twitter:card\" content=\"summary_large_image\" \/>\n<meta name=\"twitter:title\" content=\"Hawaiian Rain CBD av Cookies\" \/>\n<meta name=\"twitter:description\" content=\"Hawaiian Rain CBD av Cookies, en exotisk och l\u00e4cker blomma som odlas hydroponiskt f\u00f6r h\u00f6gsta kvalitet. Aromer av ananas, s\u00f6t mango och groblad.\" \/>\n<meta name=\"twitter:label1\" content=\"Price\" \/>\n\t<meta name=\"twitter:data1\" content=\"399.00&nbsp;&#107;&#114;\" \/>\n\t<meta name=\"twitter:label2\" content=\"Availability\" \/>\n\t<meta name=\"twitter:data2\" content=\"In stock\" \/>\n<script type=\"application\/ld+json\" class=\"yoast-schema-graph\">{\"@context\":\"https:\/\/schema.org\",\"@graph\":[{\"@type\":\"WebPage\",\"@id\":\"https:\/\/www.swizzle.se\/produkt\/cookies-hawaiian-rain-cbd-flower\/\",\"url\":\"https:\/\/www.swizzle.se\/produkt\/cookies-hawaiian-rain-cbd-flower\/\",\"name\":\"Cookies - Hawaiian Rain CBD flowers\",\"isPartOf\":{\"@id\":\"https:\/\/staging.swizzle.se\/#website\"},\"primaryImageOfPage\":{\"@id\":\"https:\/\/www.swizzle.se\/produkt\/cookies-hawaiian-rain-cbd-flower\/#primaryimage\"},\"image\":{\"@id\":\"https:\/\/www.swizzle.se\/produkt\/cookies-hawaiian-rain-cbd-flower\/#primaryimage\"},\"thumbnailUrl\":\"https:\/\/staging.swizzle.se\/wp-content\/uploads\/2025\/06\/HAWAIIAN_RAIN.avif\",\"datePublished\":\"2024-12-14T19:09:39+00:00\",\"dateModified\":\"2026-02-04T14:16:54+00:00\",\"description\":\"Cookies - Hawaiian Rain CBD flowers, en exotisk och l\u00e4cker blomma som odlas hydroponiskt f\u00f6r h\u00f6gsta kvalitet. Ananas, s\u00f6t mango och groblad.\",\"breadcrumb\":{\"@id\":\"https:\/\/www.swizzle.se\/produkt\/cookies-hawaiian-rain-cbd-flower\/#breadcrumb\"},\"inLanguage\":\"en-GB\",\"potentialAction\":[{\"@type\":\"ReadAction\",\"target\":[\"https:\/\/www.swizzle.se\/produkt\/cookies-hawaiian-rain-cbd-flower\/\"]}]},{\"@type\":\"ImageObject\",\"inLanguage\":\"en-GB\",\"@id\":\"https:\/\/www.swizzle.se\/produkt\/cookies-hawaiian-rain-cbd-flower\/#primaryimage\",\"url\":\"https:\/\/staging.swizzle.se\/wp-content\/uploads\/2025\/06\/HAWAIIAN_RAIN.avif\",\"contentUrl\":\"https:\/\/staging.swizzle.se\/wp-content\/uploads\/2025\/06\/HAWAIIAN_RAIN.avif\",\"width\":800,\"height\":800},{\"@type\":\"BreadcrumbList\",\"@id\":\"https:\/\/www.swizzle.se\/produkt\/cookies-hawaiian-rain-cbd-flower\/#breadcrumb\",\"itemListElement\":[{\"@type\":\"ListItem\",\"position\":1,\"name\":\"Home\",\"item\":\"https:\/\/www.swizzle.se\/\"},{\"@type\":\"ListItem\",\"position\":2,\"name\":\"Shop\",\"item\":\"https:\/\/www.swizzle.se\/shop\/\"},{\"@type\":\"ListItem\",\"position\":3,\"name\":\"CANNABINOIDER\",\"item\":\"https:\/\/www.swizzle.se\/produkt-kategori\/cannabinoider\/\"},{\"@type\":\"ListItem\",\"position\":4,\"name\":\"CBD\/G\/N\",\"item\":\"https:\/\/www.swizzle.se\/produkt-kategori\/cannabinoider\/cbd-g-n\/\"},{\"@type\":\"ListItem\",\"position\":5,\"name\":\"CBD BUDS\",\"item\":\"https:\/\/www.swizzle.se\/produkt-kategori\/cannabinoider\/cbd-g-n\/cbd-buds\/\"},{\"@type\":\"ListItem\",\"position\":6,\"name\":\"COOKIES &#8211; Hawaiian Rain CBD flowers\"}]},{\"@type\":\"WebSite\",\"@id\":\"https:\/\/staging.swizzle.se\/#website\",\"url\":\"https:\/\/staging.swizzle.se\/\",\"name\":\"Swizzle\",\"description\":\"Nikotin CBD Vapes Snus White Portion\",\"publisher\":{\"@id\":\"https:\/\/staging.swizzle.se\/#organization\"},\"potentialAction\":[{\"@type\":\"SearchAction\",\"target\":{\"@type\":\"EntryPoint\",\"urlTemplate\":\"https:\/\/staging.swizzle.se\/?s={search_term_string}\"},\"query-input\":{\"@type\":\"PropertyValueSpecification\",\"valueRequired\":true,\"valueName\":\"search_term_string\"}}],\"inLanguage\":\"en-GB\"},{\"@type\":\"Organization\",\"@id\":\"https:\/\/staging.swizzle.se\/#organization\",\"name\":\"Swizzle\",\"url\":\"https:\/\/staging.swizzle.se\/\",\"logo\":{\"@type\":\"ImageObject\",\"inLanguage\":\"en-GB\",\"@id\":\"https:\/\/staging.swizzle.se\/#\/schema\/logo\/image\/\",\"url\":\"https:\/\/staging.swizzle.se\/wp-content\/uploads\/2025\/10\/cropped-SWIZZLE.-4.png\",\"contentUrl\":\"https:\/\/staging.swizzle.se\/wp-content\/uploads\/2025\/10\/cropped-SWIZZLE.-4.png\",\"width\":800,\"height\":267,\"caption\":\"Swizzle\"},\"image\":{\"@id\":\"https:\/\/staging.swizzle.se\/#\/schema\/logo\/image\/\"},\"hasMerchantReturnPolicy\":{\"@type\":\"MerchantReturnPolicy\",\"merchantReturnLink\":\"https:\/\/staging.swizzle.se\/en\/villkor\/\"}}]}<\/script>\n<meta property=\"product:price:amount\" content=\"399.00\" \/>\n<meta property=\"product:price:currency\" content=\"SEK\" \/>\n<meta property=\"og:availability\" content=\"instock\" \/>\n<meta property=\"product:availability\" content=\"instock\" \/>\n<meta property=\"product:retailer_item_id\" content=\"ckscbd4\" \/>\n<meta property=\"product:condition\" content=\"new\" \/>\n<!-- \/ Yoast SEO Premium plugin. -->","yoast_head_json":{"title":"Cookies - Hawaiian Rain CBD flowers","description":"Cookies - Hawaiian Rain CBD flowers, en exotisk och l\u00e4cker blomma som odlas hydroponiskt f\u00f6r h\u00f6gsta kvalitet. Ananas, s\u00f6t mango och groblad.","robots":{"index":"noindex","follow":"follow","max-snippet":"max-snippet:-1","max-image-preview":"max-image-preview:large","max-video-preview":"max-video-preview:-1"},"og_locale":"en_GB","og_type":"article","og_title":"Hawaiian Rain CBD av Cookies","og_description":"Hawaiian Rain CBD av Cookies, en exotisk och l\u00e4cker blomma som odlas hydroponiskt f\u00f6r h\u00f6gsta kvalitet. Aromer av ananas, s\u00f6t mango och groblad.","og_url":"https:\/\/www.swizzle.se\/produkt\/cookies-hawaiian-rain-cbd-flower\/","og_site_name":"Swizzle","article_modified_time":"2026-02-04T14:16:54+00:00","twitter_card":"summary_large_image","twitter_title":"Hawaiian Rain CBD av Cookies","twitter_description":"Hawaiian Rain CBD av Cookies, en exotisk och l\u00e4cker blomma som odlas hydroponiskt f\u00f6r h\u00f6gsta kvalitet. Aromer av ananas, s\u00f6t mango och groblad.","twitter_misc":{"Price":"399.00&nbsp;&#107;&#114;","Availability":"In stock"},"schema":{"@context":"https:\/\/schema.org","@graph":[{"@type":"WebPage","@id":"https:\/\/www.swizzle.se\/produkt\/cookies-hawaiian-rain-cbd-flower\/","url":"https:\/\/www.swizzle.se\/produkt\/cookies-hawaiian-rain-cbd-flower\/","name":"Cookies - Hawaiian Rain CBD flowers","isPartOf":{"@id":"https:\/\/staging.swizzle.se\/#website"},"primaryImageOfPage":{"@id":"https:\/\/www.swizzle.se\/produkt\/cookies-hawaiian-rain-cbd-flower\/#primaryimage"},"image":{"@id":"https:\/\/www.swizzle.se\/produkt\/cookies-hawaiian-rain-cbd-flower\/#primaryimage"},"thumbnailUrl":"https:\/\/staging.swizzle.se\/wp-content\/uploads\/2025\/06\/HAWAIIAN_RAIN.avif","datePublished":"2024-12-14T19:09:39+00:00","dateModified":"2026-02-04T14:16:54+00:00","description":"Cookies - Hawaiian Rain CBD flowers, en exotisk och l\u00e4cker blomma som odlas hydroponiskt f\u00f6r h\u00f6gsta kvalitet. Ananas, s\u00f6t mango och groblad.","breadcrumb":{"@id":"https:\/\/www.swizzle.se\/produkt\/cookies-hawaiian-rain-cbd-flower\/#breadcrumb"},"inLanguage":"en-GB","potentialAction":[{"@type":"ReadAction","target":["https:\/\/www.swizzle.se\/produkt\/cookies-hawaiian-rain-cbd-flower\/"]}]},{"@type":"ImageObject","inLanguage":"en-GB","@id":"https:\/\/www.swizzle.se\/produkt\/cookies-hawaiian-rain-cbd-flower\/#primaryimage","url":"https:\/\/staging.swizzle.se\/wp-content\/uploads\/2025\/06\/HAWAIIAN_RAIN.avif","contentUrl":"https:\/\/staging.swizzle.se\/wp-content\/uploads\/2025\/06\/HAWAIIAN_RAIN.avif","width":800,"height":800},{"@type":"BreadcrumbList","@id":"https:\/\/www.swizzle.se\/produkt\/cookies-hawaiian-rain-cbd-flower\/#breadcrumb","itemListElement":[{"@type":"ListItem","position":1,"name":"Home","item":"https:\/\/www.swizzle.se\/"},{"@type":"ListItem","position":2,"name":"Shop","item":"https:\/\/www.swizzle.se\/shop\/"},{"@type":"ListItem","position":3,"name":"CANNABINOIDER","item":"https:\/\/www.swizzle.se\/produkt-kategori\/cannabinoider\/"},{"@type":"ListItem","position":4,"name":"CBD\/G\/N","item":"https:\/\/www.swizzle.se\/produkt-kategori\/cannabinoider\/cbd-g-n\/"},{"@type":"ListItem","position":5,"name":"CBD BUDS","item":"https:\/\/www.swizzle.se\/produkt-kategori\/cannabinoider\/cbd-g-n\/cbd-buds\/"},{"@type":"ListItem","position":6,"name":"COOKIES &#8211; Hawaiian Rain CBD flowers"}]},{"@type":"WebSite","@id":"https:\/\/staging.swizzle.se\/#website","url":"https:\/\/staging.swizzle.se\/","name":"Swizzle","description":"Nicotine CBD Vapes Snus White Portion","publisher":{"@id":"https:\/\/staging.swizzle.se\/#organization"},"potentialAction":[{"@type":"SearchAction","target":{"@type":"EntryPoint","urlTemplate":"https:\/\/staging.swizzle.se\/?s={search_term_string}"},"query-input":{"@type":"PropertyValueSpecification","valueRequired":true,"valueName":"search_term_string"}}],"inLanguage":"en-GB"},{"@type":"Organization","@id":"https:\/\/staging.swizzle.se\/#organization","name":"Swizzle","url":"https:\/\/staging.swizzle.se\/","logo":{"@type":"ImageObject","inLanguage":"en-GB","@id":"https:\/\/staging.swizzle.se\/#\/schema\/logo\/image\/","url":"https:\/\/staging.swizzle.se\/wp-content\/uploads\/2025\/10\/cropped-SWIZZLE.-4.png","contentUrl":"https:\/\/staging.swizzle.se\/wp-content\/uploads\/2025\/10\/cropped-SWIZZLE.-4.png","width":800,"height":267,"caption":"Swizzle"},"image":{"@id":"https:\/\/staging.swizzle.se\/#\/schema\/logo\/image\/"},"hasMerchantReturnPolicy":{"@type":"MerchantReturnPolicy","merchantReturnLink":"https:\/\/staging.swizzle.se\/en\/villkor\/"}}]},"product_price_amount":"399.00","product_price_currency":"SEK","og_availability":"instock","product_availability":"instock","product_retailer_item_id":"ckscbd4","product_condition":"new"},"tiered_pricing_type":"fixed","tiered_pricing_fixed_rules":[],"tiered_pricing_product_settings":{"layout":"default","base_unit_name":{"singular":null,"plural":null},"default_variation":null},"tiered_pricing_minimum_quantity":null,"tiered_pricing_roles_data":[],"tiered_pricing_percentage_rules":[],"tiered_pricing_maximum_quantity":null,"tiered_pricing_quantity_step":null,"_links":{"self":[{"href":"https:\/\/staging.swizzle.se\/en\/wp-json\/wp\/v2\/product\/259754","targetHints":{"allow":["GET"]}}],"collection":[{"href":"https:\/\/staging.swizzle.se\/en\/wp-json\/wp\/v2\/product"}],"about":[{"href":"https:\/\/staging.swizzle.se\/en\/wp-json\/wp\/v2\/types\/product"}],"replies":[{"embeddable":true,"href":"https:\/\/staging.swizzle.se\/en\/wp-json\/wp\/v2\/comments?post=259754"}],"version-history":[{"count":0,"href":"https:\/\/staging.swizzle.se\/en\/wp-json\/wp\/v2\/product\/259754\/revisions"}],"wp:featuredmedia":[{"embeddable":true,"href":"https:\/\/staging.swizzle.se\/en\/wp-json\/wp\/v2\/media\/261144"}],"wp:attachment":[{"href":"https:\/\/staging.swizzle.se\/en\/wp-json\/wp\/v2\/media?parent=259754"}],"wp:term":[{"taxonomy":"product_brand","embeddable":true,"href":"https:\/\/staging.swizzle.se\/en\/wp-json\/wp\/v2\/product_brand?post=259754"},{"taxonomy":"product_cat","embeddable":true,"href":"https:\/\/staging.swizzle.se\/en\/wp-json\/wp\/v2\/product_cat?post=259754"},{"taxonomy":"product_tag","embeddable":true,"href":"https:\/\/staging.swizzle.se\/en\/wp-json\/wp\/v2\/product_tag?post=259754"},{"taxonomy":"superdeal","embeddable":true,"href":"https:\/\/staging.swizzle.se\/en\/wp-json\/wp\/v2\/superdeal?post=259754"},{"taxonomy":"product_variant_id","embeddable":true,"href":"https:\/\/staging.swizzle.se\/en\/wp-json\/wp\/v2\/product_variant_id?post=259754"}],"curies":[{"name":"wp","href":"https:\/\/api.w.org\/{rel}","templated":true}]}}