{"id":259735,"date":"2024-12-14T17:35:18","date_gmt":"2024-12-14T17:35:18","guid":{"rendered":"https:\/\/new.staging.swizzle.se\/produkt\/unika-cookies-vapes-med-flera-uppfriskande-och-goda-smaker\/"},"modified":"2025-10-31T20:20:15","modified_gmt":"2025-10-31T20:20:15","slug":"cookies-puff-purple-rain-600-nicotine","status":"publish","type":"product","link":"https:\/\/staging.swizzle.se\/en\/product-2\/cookies-puff-purple-rain-600-nicotine\/","title":{"rendered":"COOKIES &#8211; PUFF PURPLE RAIN 600 NICOTINE"},"content":{"rendered":"<p>COOKIES &#8211; PUFF PURPLE RAIN 600 NICOTINE<\/p>\n<p>Uppt\u00e4ck Puff Purple Rain fr\u00e5n det prestigefyllda varum\u00e4rket Cookies, k\u00e4nt f\u00f6r kvaliteten p\u00e5 sina produkter. Denna puff tar dig till en uts\u00f6kt blandning av s\u00f6ta druvor och vilda b\u00e4r, kr\u00f6nt med en intensiv friskhet. Perfekt f\u00f6r \u00e4lskare av fruktiga och uppfriskande smaker, den lovar en smidig och uppiggande smakupplevelse.<\/p>\n<p>Med en kapacitet p\u00e5 600 bloss inneh\u00e5ller denna Puff 2 ml e-v\u00e4tska med en nikotindosering p\u00e5 20 mg\/ml och \u00e4r sammansatt av vegetabiliskt glycerin, propylenglykol, smak\u00e4mnen och nikotin. Den \u00e4r ej uppladdningsbar och erbjuder enkel och praktisk anv\u00e4ndning. Puff Purple Rain \u00e4r en av flaggskeppsprodukterna fr\u00e5n Cookies, ett ledande amerikanskt varum\u00e4rke som nu \u00e4ven finns tillg\u00e4ngligt i Europa.<\/p>\n<p>Denna produkt inneh\u00e5ller nikotin (20 mg\/ml) och \u00e4r endast avsedd f\u00f6r vuxna. Det \u00e4r inte l\u00e4mpligt f\u00f6r minder\u00e5riga eller gravida eller ammande kvinnor.<\/p>\n<p>18-\u00e5rsgr\u00e4ns<\/p>","protected":false},"excerpt":{"rendered":"<p>COOKIES &#8211; PUFF PURPLE RAIN 600 NICOTINE<\/p>\n<p>Uppt\u00e4ck Puff Purple Rain fr\u00e5n det prestigefyllda varum\u00e4rket Cookies, k\u00e4nt f\u00f6r kvaliteten p\u00e5 sina produkter. Denna puff tar dig till en uts\u00f6kt blandning av s\u00f6ta druvor och vilda b\u00e4r, kr\u00f6nt med en intensiv friskhet. Perfekt f\u00f6r \u00e4lskare av fruktiga och uppfriskande smaker, den lovar en smidig och uppiggande smakupplevelse.<\/p>\n<p>&nbsp;<\/p>\n<p>&nbsp;<\/p>","protected":false},"featured_media":261126,"comment_status":"open","ping_status":"closed","template":"","meta":{"site-sidebar-layout":"default","site-content-layout":"","ast-site-content-layout":"default","site-content-style":"default","site-sidebar-style":"default","ast-global-header-display":"","ast-banner-title-visibility":"","ast-main-header-display":"","ast-hfb-above-header-display":"","ast-hfb-below-header-display":"","ast-hfb-mobile-header-display":"","site-post-title":"","ast-breadcrumbs-content":"","ast-featured-img":"","footer-sml-layout":"","ast-disable-related-posts":"","theme-transparent-header-meta":"default","adv-header-id-meta":"","stick-header-meta":"","header-above-stick-meta":"","header-main-stick-meta":"","header-below-stick-meta":"","astra-migrate-meta-layouts":"set","ast-page-background-enabled":"default","ast-page-background-meta":{"desktop":{"background-color":"var(--ast-global-color-4)","background-image":"","background-repeat":"repeat","background-position":"center center","background-size":"auto","background-attachment":"scroll","background-type":"","background-media":"","overlay-type":"","overlay-color":"","overlay-opacity":"","overlay-gradient":""},"tablet":{"background-color":"","background-image":"","background-repeat":"repeat","background-position":"center center","background-size":"auto","background-attachment":"scroll","background-type":"","background-media":"","overlay-type":"","overlay-color":"","overlay-opacity":"","overlay-gradient":""},"mobile":{"background-color":"","background-image":"","background-repeat":"repeat","background-position":"center center","background-size":"auto","background-attachment":"scroll","background-type":"","background-media":"","overlay-type":"","overlay-color":"","overlay-opacity":"","overlay-gradient":""}},"ast-content-background-meta":{"desktop":{"background-color":"var(--ast-global-color-5)","background-image":"","background-repeat":"repeat","background-position":"center center","background-size":"auto","background-attachment":"scroll","background-type":"","background-media":"","overlay-type":"","overlay-color":"","overlay-opacity":"","overlay-gradient":""},"tablet":{"background-color":"var(--ast-global-color-5)","background-image":"","background-repeat":"repeat","background-position":"center center","background-size":"auto","background-attachment":"scroll","background-type":"","background-media":"","overlay-type":"","overlay-color":"","overlay-opacity":"","overlay-gradient":""},"mobile":{"background-color":"var(--ast-global-color-5)","background-image":"","background-repeat":"repeat","background-position":"center center","background-size":"auto","background-attachment":"scroll","background-type":"","background-media":"","overlay-type":"","overlay-color":"","overlay-opacity":"","overlay-gradient":""}}},"product_brand":[],"product_cat":[592,329,381,490],"product_tag":[],"superdeal":[],"product_variant_id":[],"class_list":{"0":"post-259735","1":"product","2":"type-product","3":"status-publish","4":"has-post-thumbnail","6":"product_cat-engangsvapes","7":"product_cat-nikotin-2","8":"product_cat-vapes","9":"product_cat-vapes-nikotin","10":"desktop-align-center","11":"tablet-align-left","12":"mobile-align-left","13":"ast-product-gallery-layout-horizontal-slider","14":"ast-product-gallery-with-no-image","15":"ast-magnify-disabled","16":"ast-product-tabs-layout-horizontal","18":"first","19":"outofstock","20":"taxable","21":"shipping-taxable","22":"purchasable","23":"product-type-simple"},"yoast_head":"<!-- This site is optimized with the Yoast SEO Premium plugin v26.9 (Yoast SEO v26.9) - https:\/\/yoast.com\/product\/yoast-seo-premium-wordpress\/ -->\n<title>COOKIES - PUFF PURPLE RAIN 600 NICOTINE<\/title>\n<meta name=\"description\" content=\"COOKIES - PUFF PURPLE RAIN 600 NICOTINE fr\u00e5n det prestigefyllda varum\u00e4rket Cookies, k\u00e4nt f\u00f6r kvalitet. En uts\u00f6kt blandning av s\u00f6ta druvor och vilda b\u00e4r.\" \/>\n<meta name=\"robots\" content=\"noindex, follow, max-snippet:-1, max-image-preview:large, max-video-preview:-1\" \/>\n<meta property=\"og:locale\" content=\"en_GB\" \/>\n<meta property=\"og:type\" content=\"article\" \/>\n<meta property=\"og:title\" content=\"COOKIES - PUFF PURPLE RAIN 600 NICOTINE\" \/>\n<meta property=\"og:description\" content=\"Uppt\u00e4ck Puff Purple Rain fr\u00e5n det prestigefyllda varum\u00e4rket Cookies, k\u00e4nt f\u00f6r kvaliteten p\u00e5 sina produkter. Denna puff tar dig till en uts\u00f6kt blandning av s\u00f6ta druvor och vilda b\u00e4r\" \/>\n<meta property=\"og:url\" content=\"https:\/\/www.swizzle.se\/produkt\/cookies-puff-purple-rain-600-nicotine\/\" \/>\n<meta property=\"og:site_name\" content=\"Swizzle\" \/>\n<meta property=\"article:modified_time\" content=\"2025-10-31T20:20:15+00:00\" \/>\n<meta name=\"twitter:card\" content=\"summary_large_image\" \/>\n<meta name=\"twitter:title\" content=\"COOKIES - PUFF PURPLE RAIN 600 NICOTINE\" \/>\n<meta name=\"twitter:description\" content=\"Uppt\u00e4ck Puff Purple Rain fr\u00e5n det prestigefyllda varum\u00e4rket Cookies, k\u00e4nt f\u00f6r kvaliteten p\u00e5 sina produkter. Denna puff tar dig till en uts\u00f6kt blandning av s\u00f6ta druvor och vilda b\u00e4r\" \/>\n<meta name=\"twitter:label1\" content=\"Price\" \/>\n\t<meta name=\"twitter:data1\" content=\"119.00&nbsp;&#107;&#114;\" \/>\n\t<meta name=\"twitter:label2\" content=\"Availability\" \/>\n\t<meta name=\"twitter:data2\" content=\"Out of stock\" \/>\n<script type=\"application\/ld+json\" class=\"yoast-schema-graph\">{\"@context\":\"https:\/\/schema.org\",\"@graph\":[{\"@type\":\"WebPage\",\"@id\":\"https:\/\/www.swizzle.se\/produkt\/cookies-puff-purple-rain-600-nicotine\/\",\"url\":\"https:\/\/www.swizzle.se\/produkt\/cookies-puff-purple-rain-600-nicotine\/\",\"name\":\"COOKIES - PUFF PURPLE RAIN 600 NICOTINE\",\"isPartOf\":{\"@id\":\"https:\/\/staging.swizzle.se\/#website\"},\"primaryImageOfPage\":{\"@id\":\"https:\/\/www.swizzle.se\/produkt\/cookies-puff-purple-rain-600-nicotine\/#primaryimage\"},\"image\":{\"@id\":\"https:\/\/www.swizzle.se\/produkt\/cookies-puff-purple-rain-600-nicotine\/#primaryimage\"},\"thumbnailUrl\":\"https:\/\/staging.swizzle.se\/wp-content\/uploads\/2025\/06\/COOKIES_PUFF600_PURPLERAIN.avif\",\"datePublished\":\"2024-12-14T17:35:18+00:00\",\"dateModified\":\"2025-10-31T20:20:15+00:00\",\"description\":\"COOKIES - PUFF PURPLE RAIN 600 NICOTINE fr\u00e5n det prestigefyllda varum\u00e4rket Cookies, k\u00e4nt f\u00f6r kvalitet. En uts\u00f6kt blandning av s\u00f6ta druvor och vilda b\u00e4r.\",\"breadcrumb\":{\"@id\":\"https:\/\/www.swizzle.se\/produkt\/cookies-puff-purple-rain-600-nicotine\/#breadcrumb\"},\"inLanguage\":\"en-GB\",\"potentialAction\":[{\"@type\":\"ReadAction\",\"target\":[\"https:\/\/www.swizzle.se\/produkt\/cookies-puff-purple-rain-600-nicotine\/\"]}]},{\"@type\":\"ImageObject\",\"inLanguage\":\"en-GB\",\"@id\":\"https:\/\/www.swizzle.se\/produkt\/cookies-puff-purple-rain-600-nicotine\/#primaryimage\",\"url\":\"https:\/\/staging.swizzle.se\/wp-content\/uploads\/2025\/06\/COOKIES_PUFF600_PURPLERAIN.avif\",\"contentUrl\":\"https:\/\/staging.swizzle.se\/wp-content\/uploads\/2025\/06\/COOKIES_PUFF600_PURPLERAIN.avif\",\"width\":800,\"height\":800,\"caption\":\"Bild cookies\"},{\"@type\":\"BreadcrumbList\",\"@id\":\"https:\/\/www.swizzle.se\/produkt\/cookies-puff-purple-rain-600-nicotine\/#breadcrumb\",\"itemListElement\":[{\"@type\":\"ListItem\",\"position\":1,\"name\":\"Home\",\"item\":\"https:\/\/www.swizzle.se\/\"},{\"@type\":\"ListItem\",\"position\":2,\"name\":\"Shop\",\"item\":\"https:\/\/www.swizzle.se\/shop\/\"},{\"@type\":\"ListItem\",\"position\":3,\"name\":\"Vape &amp; E-cigg online\",\"item\":\"https:\/\/www.swizzle.se\/produkt-kategori\/vapes\/\"},{\"@type\":\"ListItem\",\"position\":4,\"name\":\"COOKIES &#8211; PUFF PURPLE RAIN 600 NICOTINE\"}]},{\"@type\":\"WebSite\",\"@id\":\"https:\/\/staging.swizzle.se\/#website\",\"url\":\"https:\/\/staging.swizzle.se\/\",\"name\":\"Swizzle\",\"description\":\"Nikotin CBD Vapes Snus White Portion\",\"publisher\":{\"@id\":\"https:\/\/staging.swizzle.se\/#organization\"},\"potentialAction\":[{\"@type\":\"SearchAction\",\"target\":{\"@type\":\"EntryPoint\",\"urlTemplate\":\"https:\/\/staging.swizzle.se\/?s={search_term_string}\"},\"query-input\":{\"@type\":\"PropertyValueSpecification\",\"valueRequired\":true,\"valueName\":\"search_term_string\"}}],\"inLanguage\":\"en-GB\"},{\"@type\":\"Organization\",\"@id\":\"https:\/\/staging.swizzle.se\/#organization\",\"name\":\"Swizzle\",\"url\":\"https:\/\/staging.swizzle.se\/\",\"logo\":{\"@type\":\"ImageObject\",\"inLanguage\":\"en-GB\",\"@id\":\"https:\/\/staging.swizzle.se\/#\/schema\/logo\/image\/\",\"url\":\"https:\/\/staging.swizzle.se\/wp-content\/uploads\/2025\/10\/cropped-SWIZZLE.-4.png\",\"contentUrl\":\"https:\/\/staging.swizzle.se\/wp-content\/uploads\/2025\/10\/cropped-SWIZZLE.-4.png\",\"width\":800,\"height\":267,\"caption\":\"Swizzle\"},\"image\":{\"@id\":\"https:\/\/staging.swizzle.se\/#\/schema\/logo\/image\/\"},\"hasMerchantReturnPolicy\":{\"@type\":\"MerchantReturnPolicy\",\"merchantReturnLink\":\"https:\/\/staging.swizzle.se\/en\/villkor\/\"}}]}<\/script>\n<meta property=\"product:price:amount\" content=\"119.00\" \/>\n<meta property=\"product:price:currency\" content=\"SEK\" \/>\n<meta property=\"og:availability\" content=\"out of stock\" \/>\n<meta property=\"product:availability\" content=\"out of stock\" \/>\n<meta property=\"product:retailer_item_id\" content=\"cks604\" \/>\n<meta property=\"product:condition\" content=\"new\" \/>\n<!-- \/ Yoast SEO Premium plugin. -->","yoast_head_json":{"title":"COOKIES - PUFF PURPLE RAIN 600 NICOTINE","description":"COOKIES - PUFF PURPLE RAIN 600 NICOTINE fr\u00e5n det prestigefyllda varum\u00e4rket Cookies, k\u00e4nt f\u00f6r kvalitet. En uts\u00f6kt blandning av s\u00f6ta druvor och vilda b\u00e4r.","robots":{"index":"noindex","follow":"follow","max-snippet":"max-snippet:-1","max-image-preview":"max-image-preview:large","max-video-preview":"max-video-preview:-1"},"og_locale":"en_GB","og_type":"article","og_title":"COOKIES - PUFF PURPLE RAIN 600 NICOTINE","og_description":"Uppt\u00e4ck Puff Purple Rain fr\u00e5n det prestigefyllda varum\u00e4rket Cookies, k\u00e4nt f\u00f6r kvaliteten p\u00e5 sina produkter. Denna puff tar dig till en uts\u00f6kt blandning av s\u00f6ta druvor och vilda b\u00e4r","og_url":"https:\/\/www.swizzle.se\/produkt\/cookies-puff-purple-rain-600-nicotine\/","og_site_name":"Swizzle","article_modified_time":"2025-10-31T20:20:15+00:00","twitter_card":"summary_large_image","twitter_title":"COOKIES - PUFF PURPLE RAIN 600 NICOTINE","twitter_description":"Uppt\u00e4ck Puff Purple Rain fr\u00e5n det prestigefyllda varum\u00e4rket Cookies, k\u00e4nt f\u00f6r kvaliteten p\u00e5 sina produkter. Denna puff tar dig till en uts\u00f6kt blandning av s\u00f6ta druvor och vilda b\u00e4r","twitter_misc":{"Price":"119.00&nbsp;&#107;&#114;","Availability":"Out of stock"},"schema":{"@context":"https:\/\/schema.org","@graph":[{"@type":"WebPage","@id":"https:\/\/www.swizzle.se\/produkt\/cookies-puff-purple-rain-600-nicotine\/","url":"https:\/\/www.swizzle.se\/produkt\/cookies-puff-purple-rain-600-nicotine\/","name":"COOKIES - PUFF PURPLE RAIN 600 NICOTINE","isPartOf":{"@id":"https:\/\/staging.swizzle.se\/#website"},"primaryImageOfPage":{"@id":"https:\/\/www.swizzle.se\/produkt\/cookies-puff-purple-rain-600-nicotine\/#primaryimage"},"image":{"@id":"https:\/\/www.swizzle.se\/produkt\/cookies-puff-purple-rain-600-nicotine\/#primaryimage"},"thumbnailUrl":"https:\/\/staging.swizzle.se\/wp-content\/uploads\/2025\/06\/COOKIES_PUFF600_PURPLERAIN.avif","datePublished":"2024-12-14T17:35:18+00:00","dateModified":"2025-10-31T20:20:15+00:00","description":"COOKIES - PUFF PURPLE RAIN 600 NICOTINE fr\u00e5n det prestigefyllda varum\u00e4rket Cookies, k\u00e4nt f\u00f6r kvalitet. En uts\u00f6kt blandning av s\u00f6ta druvor och vilda b\u00e4r.","breadcrumb":{"@id":"https:\/\/www.swizzle.se\/produkt\/cookies-puff-purple-rain-600-nicotine\/#breadcrumb"},"inLanguage":"en-GB","potentialAction":[{"@type":"ReadAction","target":["https:\/\/www.swizzle.se\/produkt\/cookies-puff-purple-rain-600-nicotine\/"]}]},{"@type":"ImageObject","inLanguage":"en-GB","@id":"https:\/\/www.swizzle.se\/produkt\/cookies-puff-purple-rain-600-nicotine\/#primaryimage","url":"https:\/\/staging.swizzle.se\/wp-content\/uploads\/2025\/06\/COOKIES_PUFF600_PURPLERAIN.avif","contentUrl":"https:\/\/staging.swizzle.se\/wp-content\/uploads\/2025\/06\/COOKIES_PUFF600_PURPLERAIN.avif","width":800,"height":800,"caption":"Bild cookies"},{"@type":"BreadcrumbList","@id":"https:\/\/www.swizzle.se\/produkt\/cookies-puff-purple-rain-600-nicotine\/#breadcrumb","itemListElement":[{"@type":"ListItem","position":1,"name":"Home","item":"https:\/\/www.swizzle.se\/"},{"@type":"ListItem","position":2,"name":"Shop","item":"https:\/\/www.swizzle.se\/shop\/"},{"@type":"ListItem","position":3,"name":"Vape &amp; E-cigg online","item":"https:\/\/www.swizzle.se\/produkt-kategori\/vapes\/"},{"@type":"ListItem","position":4,"name":"COOKIES &#8211; PUFF PURPLE RAIN 600 NICOTINE"}]},{"@type":"WebSite","@id":"https:\/\/staging.swizzle.se\/#website","url":"https:\/\/staging.swizzle.se\/","name":"Swizzle","description":"Nicotine CBD Vapes Snus White Portion","publisher":{"@id":"https:\/\/staging.swizzle.se\/#organization"},"potentialAction":[{"@type":"SearchAction","target":{"@type":"EntryPoint","urlTemplate":"https:\/\/staging.swizzle.se\/?s={search_term_string}"},"query-input":{"@type":"PropertyValueSpecification","valueRequired":true,"valueName":"search_term_string"}}],"inLanguage":"en-GB"},{"@type":"Organization","@id":"https:\/\/staging.swizzle.se\/#organization","name":"Swizzle","url":"https:\/\/staging.swizzle.se\/","logo":{"@type":"ImageObject","inLanguage":"en-GB","@id":"https:\/\/staging.swizzle.se\/#\/schema\/logo\/image\/","url":"https:\/\/staging.swizzle.se\/wp-content\/uploads\/2025\/10\/cropped-SWIZZLE.-4.png","contentUrl":"https:\/\/staging.swizzle.se\/wp-content\/uploads\/2025\/10\/cropped-SWIZZLE.-4.png","width":800,"height":267,"caption":"Swizzle"},"image":{"@id":"https:\/\/staging.swizzle.se\/#\/schema\/logo\/image\/"},"hasMerchantReturnPolicy":{"@type":"MerchantReturnPolicy","merchantReturnLink":"https:\/\/staging.swizzle.se\/en\/villkor\/"}}]},"product_price_amount":"119.00","product_price_currency":"SEK","og_availability":"out of stock","product_availability":"out of stock","product_retailer_item_id":"cks604","product_condition":"new"},"tiered_pricing_type":"fixed","tiered_pricing_fixed_rules":[],"tiered_pricing_product_settings":{"layout":"default","base_unit_name":{"singular":null,"plural":null},"default_variation":null},"tiered_pricing_minimum_quantity":null,"tiered_pricing_roles_data":[],"tiered_pricing_percentage_rules":[],"tiered_pricing_maximum_quantity":null,"tiered_pricing_quantity_step":null,"_links":{"self":[{"href":"https:\/\/staging.swizzle.se\/en\/wp-json\/wp\/v2\/product\/259735","targetHints":{"allow":["GET"]}}],"collection":[{"href":"https:\/\/staging.swizzle.se\/en\/wp-json\/wp\/v2\/product"}],"about":[{"href":"https:\/\/staging.swizzle.se\/en\/wp-json\/wp\/v2\/types\/product"}],"replies":[{"embeddable":true,"href":"https:\/\/staging.swizzle.se\/en\/wp-json\/wp\/v2\/comments?post=259735"}],"version-history":[{"count":0,"href":"https:\/\/staging.swizzle.se\/en\/wp-json\/wp\/v2\/product\/259735\/revisions"}],"wp:featuredmedia":[{"embeddable":true,"href":"https:\/\/staging.swizzle.se\/en\/wp-json\/wp\/v2\/media\/261126"}],"wp:attachment":[{"href":"https:\/\/staging.swizzle.se\/en\/wp-json\/wp\/v2\/media?parent=259735"}],"wp:term":[{"taxonomy":"product_brand","embeddable":true,"href":"https:\/\/staging.swizzle.se\/en\/wp-json\/wp\/v2\/product_brand?post=259735"},{"taxonomy":"product_cat","embeddable":true,"href":"https:\/\/staging.swizzle.se\/en\/wp-json\/wp\/v2\/product_cat?post=259735"},{"taxonomy":"product_tag","embeddable":true,"href":"https:\/\/staging.swizzle.se\/en\/wp-json\/wp\/v2\/product_tag?post=259735"},{"taxonomy":"superdeal","embeddable":true,"href":"https:\/\/staging.swizzle.se\/en\/wp-json\/wp\/v2\/superdeal?post=259735"},{"taxonomy":"product_variant_id","embeddable":true,"href":"https:\/\/staging.swizzle.se\/en\/wp-json\/wp\/v2\/product_variant_id?post=259735"}],"curies":[{"name":"wp","href":"https:\/\/api.w.org\/{rel}","templated":true}]}}