{"id":259678,"date":"2024-11-05T09:21:36","date_gmt":"2024-11-05T09:21:36","guid":{"rendered":"https:\/\/new.staging.swizzle.se\/produkt\/prova-pa-voon-4-pack-blandade-smaker\/"},"modified":"2025-11-14T10:27:24","modified_gmt":"2025-11-14T10:27:24","slug":"prova-pa-voon-4-pack-blandade-smaker","status":"publish","type":"product","link":"https:\/\/staging.swizzle.se\/en\/product-2\/prova-pa-voon-4-pack-blandade-smaker\/","title":{"rendered":"PR\u00d6VA P\u00c5 VOON  4-PACK &#8211; BLANDADE SMAKER"},"content":{"rendered":"<p><strong>PR\u00d6VA P\u00c5 VOON 4-PACK &#8211; BLANDADE SMAKER<\/strong><\/p>\n<p>\nVoon CBD Snus erbjuder en banbrytande kombination av traditionellt snus med f\u00f6rdelarna av h\u00f6gkvalitativ cannabidiol (CBD). Denna unika produkt \u00e4r skapad f\u00f6r att ge dig en otrolig snusupplevelse. L\u00e5t oss utforska varf\u00f6r CBD Snus \u00e4r det ultimata valet f\u00f6r dem som s\u00f6ker en harmonisk f\u00f6rening av tradition och modernitet.<\/p>\n<p>15 p\u00e5sar\/dosa<br \/>\n200mg CBD hemp extract<br \/>\nVarf\u00f6r CBD Snus?<br \/>\nExceptionell CBD Kvalitet: Voon har \u00e5tagit sig att erbjuda enast\u00e5ende kvalitet n\u00e4r det g\u00e4ller CBD. Varje portion snus \u00e4r berikad med premium CBD-extrakt fr\u00e5n hampa, garanterat THC-fri och odlad med noggrannhet f\u00f6r att s\u00e4kerst\u00e4lla renhet och effektivitet.<\/p>\n<p>Unik Snusupplevelse: Upplev det b\u00e4sta av tv\u00e5 v\u00e4rldar med Voon CBD Snus. Traditionella frutkmasker blandas elegant med CBD, vilket ger en full\u00e4ndad och distinkt snusupplevelse som du inte hittar n\u00e5gon annanstans.<\/p>\n<p>Optimal Diskretion och Bekv\u00e4mlighet: Voon CBD Snus kommer i bekv\u00e4ma portionsp\u00e5sar som passar perfekt f\u00f6r din hektiska livsstil. Diskret och enkelt att anv\u00e4nda n\u00e4r som helst, var som helst \u2013 l\u00e5t avslappning bli en del av ditt dagliga liv utan att avvika fr\u00e5n ditt schema.<\/p>\n<p>R\u00f6kfri Alternativ: F\u00f6r dem som f\u00f6redrar en r\u00f6kfri livsstil erbjuder Voon en utm\u00e4rkt m\u00f6jlighet att njuta av avslappning utan att beh\u00f6va r\u00f6ka. Det \u00e4r det perfekta valet f\u00f6r dem som s\u00f6ker en h\u00e4lsosammare alternativ utan att kompromissa med njutningen<\/p>\n<p>&nbsp;<\/p>\n<p>Produkten har 18-\u00e5rsgr\u00e4ns.<\/p>","protected":false},"excerpt":{"rendered":"<p class=\"ai-optimize-36 ai-optimize-introduction\"><strong>PR\u00d6VA P\u00c5 VOON 4-PACK &#8211; BLANDADE SMAKER<\/strong><\/p>\n<p class=\"ai-optimize-34\">Noll THC eller Nikotin och gjord med naturliga ingredienser.<br \/>\nVarje p\u00e5se inneh\u00e5ller 20 mg CBD och levereras utan tobak eller nikotin.<\/p>\n<p class=\"ai-optimize-35\"><strong>I paketet ing\u00e5r:<\/strong><br \/>\n1st Voon Cool Spearmin<br \/>\n1st Voon Winter Green<br \/>\n1st Voon Pink Grape<br \/>\n1st Voon Snazzy Tangerine<\/p>","protected":false},"featured_media":261092,"comment_status":"open","ping_status":"closed","template":"","meta":{"site-sidebar-layout":"default","site-content-layout":"","ast-site-content-layout":"default","site-content-style":"default","site-sidebar-style":"default","ast-global-header-display":"","ast-banner-title-visibility":"","ast-main-header-display":"","ast-hfb-above-header-display":"","ast-hfb-below-header-display":"","ast-hfb-mobile-header-display":"","site-post-title":"","ast-breadcrumbs-content":"","ast-featured-img":"","footer-sml-layout":"","ast-disable-related-posts":"","theme-transparent-header-meta":"","adv-header-id-meta":"","stick-header-meta":"","header-above-stick-meta":"","header-main-stick-meta":"","header-below-stick-meta":"","astra-migrate-meta-layouts":"default","ast-page-background-enabled":"default","ast-page-background-meta":{"desktop":{"background-color":"var(--ast-global-color-4)","background-image":"","background-repeat":"repeat","background-position":"center center","background-size":"auto","background-attachment":"scroll","background-type":"","background-media":"","overlay-type":"","overlay-color":"","overlay-opacity":"","overlay-gradient":""},"tablet":{"background-color":"","background-image":"","background-repeat":"repeat","background-position":"center center","background-size":"auto","background-attachment":"scroll","background-type":"","background-media":"","overlay-type":"","overlay-color":"","overlay-opacity":"","overlay-gradient":""},"mobile":{"background-color":"","background-image":"","background-repeat":"repeat","background-position":"center center","background-size":"auto","background-attachment":"scroll","background-type":"","background-media":"","overlay-type":"","overlay-color":"","overlay-opacity":"","overlay-gradient":""}},"ast-content-background-meta":{"desktop":{"background-color":"var(--ast-global-color-5)","background-image":"","background-repeat":"repeat","background-position":"center center","background-size":"auto","background-attachment":"scroll","background-type":"","background-media":"","overlay-type":"","overlay-color":"","overlay-opacity":"","overlay-gradient":""},"tablet":{"background-color":"var(--ast-global-color-5)","background-image":"","background-repeat":"repeat","background-position":"center center","background-size":"auto","background-attachment":"scroll","background-type":"","background-media":"","overlay-type":"","overlay-color":"","overlay-opacity":"","overlay-gradient":""},"mobile":{"background-color":"var(--ast-global-color-5)","background-image":"","background-repeat":"repeat","background-position":"center center","background-size":"auto","background-attachment":"scroll","background-type":"","background-media":"","overlay-type":"","overlay-color":"","overlay-opacity":"","overlay-gradient":""}}},"product_brand":[],"product_cat":[359,331],"product_tag":[],"superdeal":[],"product_variant_id":[],"class_list":{"0":"post-259678","1":"product","2":"type-product","3":"status-publish","4":"has-post-thumbnail","6":"product_cat-cbd-snus-cbd-g-n","7":"product_cat-cbd-g-n","8":"desktop-align-center","9":"tablet-align-left","10":"mobile-align-left","11":"ast-product-gallery-layout-horizontal-slider","12":"ast-magnify-disabled","13":"ast-product-tabs-layout-horizontal","15":"first","16":"outofstock","17":"sale","18":"taxable","19":"shipping-taxable","20":"purchasable","21":"product-type-simple"},"yoast_head":"<!-- This site is optimized with the Yoast SEO Premium plugin v26.9 (Yoast SEO v26.9) - https:\/\/yoast.com\/product\/yoast-seo-premium-wordpress\/ -->\n<title>PR\u00d6VA P\u00c5 VOON 4-PACK - BLANDADE SMAKER<\/title>\n<meta name=\"description\" content=\"PR\u00d6VA P\u00c5 VOON 4-PACK - BLANDADE SMAKER. 1st Voon Cool Spearmin1st Voon Winter Green1st Voon Pink Grape1st Voon Snazzy Tangerine\" \/>\n<meta name=\"robots\" content=\"noindex, follow, max-snippet:-1, max-image-preview:large, max-video-preview:-1\" \/>\n<meta property=\"og:locale\" content=\"en_GB\" \/>\n<meta property=\"og:type\" content=\"article\" \/>\n<meta property=\"og:title\" content=\"PR\u00d6VA P\u00c5 VOON 4-PACK - BLANDADE SMAKER\" \/>\n<meta property=\"og:description\" content=\"PR\u00d6VA P\u00c5 VOON 4-PACK - BLANDADE SMAKER. 1st Voon Cool Spearmin1st Voon Winter Green1st Voon Pink Grape1st Voon Snazzy Tangerine\" \/>\n<meta property=\"og:url\" content=\"https:\/\/www.swizzle.se\/produkt\/prova-pa-voon-4-pack-blandade-smaker\/\" \/>\n<meta property=\"og:site_name\" content=\"Swizzle\" \/>\n<meta property=\"article:modified_time\" content=\"2025-11-14T10:27:24+00:00\" \/>\n<meta property=\"og:image\" content=\"https:\/\/www.swizzle.se\/wp-content\/uploads\/2025\/06\/ratt-bakrund-canadips-14.jpg\" \/>\n\t<meta property=\"og:image:width\" content=\"600\" \/>\n\t<meta property=\"og:image:height\" content=\"600\" \/>\n\t<meta property=\"og:image:type\" content=\"image\/jpeg\" \/>\n<meta name=\"twitter:card\" content=\"summary_large_image\" \/>\n<meta name=\"twitter:title\" content=\"PR\u00d6VA P\u00c5 VOON 4-PACK - BLANDADE SMAKER\" \/>\n<meta name=\"twitter:description\" content=\"PR\u00d6VA P\u00c5 VOON 4-PACK - BLANDADE SMAKER. 1st Voon Cool Spearmin1st Voon Winter Green1st Voon Pink Grape1st Voon Snazzy Tangerine\" \/>\n<meta name=\"twitter:label1\" content=\"Price\" \/>\n\t<meta name=\"twitter:data1\" content=\"120.00&nbsp;&#107;&#114;\" \/>\n\t<meta name=\"twitter:label2\" content=\"Availability\" \/>\n\t<meta name=\"twitter:data2\" content=\"Out of stock\" \/>\n<script type=\"application\/ld+json\" class=\"yoast-schema-graph\">{\"@context\":\"https:\/\/schema.org\",\"@graph\":[{\"@type\":\"WebPage\",\"@id\":\"https:\/\/www.swizzle.se\/produkt\/prova-pa-voon-4-pack-blandade-smaker\/\",\"url\":\"https:\/\/www.swizzle.se\/produkt\/prova-pa-voon-4-pack-blandade-smaker\/\",\"name\":\"PR\u00d6VA P\u00c5 VOON 4-PACK - BLANDADE SMAKER\",\"isPartOf\":{\"@id\":\"https:\/\/staging.swizzle.se\/#website\"},\"primaryImageOfPage\":{\"@id\":\"https:\/\/www.swizzle.se\/produkt\/prova-pa-voon-4-pack-blandade-smaker\/#primaryimage\"},\"image\":{\"@id\":\"https:\/\/www.swizzle.se\/produkt\/prova-pa-voon-4-pack-blandade-smaker\/#primaryimage\"},\"thumbnailUrl\":\"https:\/\/staging.swizzle.se\/wp-content\/uploads\/2025\/06\/ratt-bakrund-canadips-14.jpg\",\"datePublished\":\"2024-11-05T09:21:36+00:00\",\"dateModified\":\"2025-11-14T10:27:24+00:00\",\"description\":\"PR\u00d6VA P\u00c5 VOON 4-PACK - BLANDADE SMAKER. 1st Voon Cool Spearmin1st Voon Winter Green1st Voon Pink Grape1st Voon Snazzy Tangerine\",\"breadcrumb\":{\"@id\":\"https:\/\/www.swizzle.se\/produkt\/prova-pa-voon-4-pack-blandade-smaker\/#breadcrumb\"},\"inLanguage\":\"en-GB\",\"potentialAction\":[{\"@type\":\"ReadAction\",\"target\":[\"https:\/\/www.swizzle.se\/produkt\/prova-pa-voon-4-pack-blandade-smaker\/\"]}]},{\"@type\":\"ImageObject\",\"inLanguage\":\"en-GB\",\"@id\":\"https:\/\/www.swizzle.se\/produkt\/prova-pa-voon-4-pack-blandade-smaker\/#primaryimage\",\"url\":\"https:\/\/staging.swizzle.se\/wp-content\/uploads\/2025\/06\/ratt-bakrund-canadips-14.jpg\",\"contentUrl\":\"https:\/\/staging.swizzle.se\/wp-content\/uploads\/2025\/06\/ratt-bakrund-canadips-14.jpg\",\"width\":600,\"height\":600,\"caption\":\"Bild voon\"},{\"@type\":\"BreadcrumbList\",\"@id\":\"https:\/\/www.swizzle.se\/produkt\/prova-pa-voon-4-pack-blandade-smaker\/#breadcrumb\",\"itemListElement\":[{\"@type\":\"ListItem\",\"position\":1,\"name\":\"Home\",\"item\":\"https:\/\/www.swizzle.se\/\"},{\"@type\":\"ListItem\",\"position\":2,\"name\":\"Shop\",\"item\":\"https:\/\/www.swizzle.se\/shop\/\"},{\"@type\":\"ListItem\",\"position\":3,\"name\":\"CANNABINOIDER\",\"item\":\"https:\/\/www.swizzle.se\/produkt-kategori\/cannabinoider\/\"},{\"@type\":\"ListItem\",\"position\":4,\"name\":\"CBD\/G\/N\",\"item\":\"https:\/\/www.swizzle.se\/produkt-kategori\/cannabinoider\/cbd-g-n\/\"},{\"@type\":\"ListItem\",\"position\":5,\"name\":\"CBD SNUS\",\"item\":\"https:\/\/www.swizzle.se\/produkt-kategori\/cannabinoider\/cbd-g-n\/cbd-snus-cbd-g-n\/\"},{\"@type\":\"ListItem\",\"position\":6,\"name\":\"PR\u00d6VA P\u00c5 VOON 4-PACK &#8211; BLANDADE SMAKER\"}]},{\"@type\":\"WebSite\",\"@id\":\"https:\/\/staging.swizzle.se\/#website\",\"url\":\"https:\/\/staging.swizzle.se\/\",\"name\":\"Swizzle\",\"description\":\"Nikotin CBD Vapes Snus White Portion\",\"publisher\":{\"@id\":\"https:\/\/staging.swizzle.se\/#organization\"},\"potentialAction\":[{\"@type\":\"SearchAction\",\"target\":{\"@type\":\"EntryPoint\",\"urlTemplate\":\"https:\/\/staging.swizzle.se\/?s={search_term_string}\"},\"query-input\":{\"@type\":\"PropertyValueSpecification\",\"valueRequired\":true,\"valueName\":\"search_term_string\"}}],\"inLanguage\":\"en-GB\"},{\"@type\":\"Organization\",\"@id\":\"https:\/\/staging.swizzle.se\/#organization\",\"name\":\"Swizzle\",\"url\":\"https:\/\/staging.swizzle.se\/\",\"logo\":{\"@type\":\"ImageObject\",\"inLanguage\":\"en-GB\",\"@id\":\"https:\/\/staging.swizzle.se\/#\/schema\/logo\/image\/\",\"url\":\"https:\/\/staging.swizzle.se\/wp-content\/uploads\/2025\/10\/cropped-SWIZZLE.-4.png\",\"contentUrl\":\"https:\/\/staging.swizzle.se\/wp-content\/uploads\/2025\/10\/cropped-SWIZZLE.-4.png\",\"width\":800,\"height\":267,\"caption\":\"Swizzle\"},\"image\":{\"@id\":\"https:\/\/staging.swizzle.se\/#\/schema\/logo\/image\/\"},\"hasMerchantReturnPolicy\":{\"@type\":\"MerchantReturnPolicy\",\"merchantReturnLink\":\"https:\/\/staging.swizzle.se\/en\/villkor\/\"}}]}<\/script>\n<meta property=\"product:price:amount\" content=\"120.00\" \/>\n<meta property=\"product:price:currency\" content=\"SEK\" \/>\n<meta property=\"og:availability\" content=\"out of stock\" \/>\n<meta property=\"product:availability\" content=\"out of stock\" \/>\n<meta property=\"product:retailer_item_id\" content=\"VOON1904\" \/>\n<meta property=\"product:condition\" content=\"new\" \/>\n<!-- \/ Yoast SEO Premium plugin. -->","yoast_head_json":{"title":"PR\u00d6VA P\u00c5 VOON 4-PACK - BLANDADE SMAKER","description":"PR\u00d6VA P\u00c5 VOON 4-PACK - BLANDADE SMAKER. 1st Voon Cool Spearmin1st Voon Winter Green1st Voon Pink Grape1st Voon Snazzy Tangerine","robots":{"index":"noindex","follow":"follow","max-snippet":"max-snippet:-1","max-image-preview":"max-image-preview:large","max-video-preview":"max-video-preview:-1"},"og_locale":"en_GB","og_type":"article","og_title":"PR\u00d6VA P\u00c5 VOON 4-PACK - BLANDADE SMAKER","og_description":"PR\u00d6VA P\u00c5 VOON 4-PACK - BLANDADE SMAKER. 1st Voon Cool Spearmin1st Voon Winter Green1st Voon Pink Grape1st Voon Snazzy Tangerine","og_url":"https:\/\/www.swizzle.se\/produkt\/prova-pa-voon-4-pack-blandade-smaker\/","og_site_name":"Swizzle","article_modified_time":"2025-11-14T10:27:24+00:00","og_image":[{"width":600,"height":600,"url":"https:\/\/www.swizzle.se\/wp-content\/uploads\/2025\/06\/ratt-bakrund-canadips-14.jpg","type":"image\/jpeg"}],"twitter_card":"summary_large_image","twitter_title":"PR\u00d6VA P\u00c5 VOON 4-PACK - BLANDADE SMAKER","twitter_description":"PR\u00d6VA P\u00c5 VOON 4-PACK - BLANDADE SMAKER. 1st Voon Cool Spearmin1st Voon Winter Green1st Voon Pink Grape1st Voon Snazzy Tangerine","twitter_misc":{"Price":"120.00&nbsp;&#107;&#114;","Availability":"Out of stock"},"schema":{"@context":"https:\/\/schema.org","@graph":[{"@type":"WebPage","@id":"https:\/\/www.swizzle.se\/produkt\/prova-pa-voon-4-pack-blandade-smaker\/","url":"https:\/\/www.swizzle.se\/produkt\/prova-pa-voon-4-pack-blandade-smaker\/","name":"PR\u00d6VA P\u00c5 VOON 4-PACK - BLANDADE SMAKER","isPartOf":{"@id":"https:\/\/staging.swizzle.se\/#website"},"primaryImageOfPage":{"@id":"https:\/\/www.swizzle.se\/produkt\/prova-pa-voon-4-pack-blandade-smaker\/#primaryimage"},"image":{"@id":"https:\/\/www.swizzle.se\/produkt\/prova-pa-voon-4-pack-blandade-smaker\/#primaryimage"},"thumbnailUrl":"https:\/\/staging.swizzle.se\/wp-content\/uploads\/2025\/06\/ratt-bakrund-canadips-14.jpg","datePublished":"2024-11-05T09:21:36+00:00","dateModified":"2025-11-14T10:27:24+00:00","description":"PR\u00d6VA P\u00c5 VOON 4-PACK - BLANDADE SMAKER. 1st Voon Cool Spearmin1st Voon Winter Green1st Voon Pink Grape1st Voon Snazzy Tangerine","breadcrumb":{"@id":"https:\/\/www.swizzle.se\/produkt\/prova-pa-voon-4-pack-blandade-smaker\/#breadcrumb"},"inLanguage":"en-GB","potentialAction":[{"@type":"ReadAction","target":["https:\/\/www.swizzle.se\/produkt\/prova-pa-voon-4-pack-blandade-smaker\/"]}]},{"@type":"ImageObject","inLanguage":"en-GB","@id":"https:\/\/www.swizzle.se\/produkt\/prova-pa-voon-4-pack-blandade-smaker\/#primaryimage","url":"https:\/\/staging.swizzle.se\/wp-content\/uploads\/2025\/06\/ratt-bakrund-canadips-14.jpg","contentUrl":"https:\/\/staging.swizzle.se\/wp-content\/uploads\/2025\/06\/ratt-bakrund-canadips-14.jpg","width":600,"height":600,"caption":"Bild voon"},{"@type":"BreadcrumbList","@id":"https:\/\/www.swizzle.se\/produkt\/prova-pa-voon-4-pack-blandade-smaker\/#breadcrumb","itemListElement":[{"@type":"ListItem","position":1,"name":"Home","item":"https:\/\/www.swizzle.se\/"},{"@type":"ListItem","position":2,"name":"Shop","item":"https:\/\/www.swizzle.se\/shop\/"},{"@type":"ListItem","position":3,"name":"CANNABINOIDER","item":"https:\/\/www.swizzle.se\/produkt-kategori\/cannabinoider\/"},{"@type":"ListItem","position":4,"name":"CBD\/G\/N","item":"https:\/\/www.swizzle.se\/produkt-kategori\/cannabinoider\/cbd-g-n\/"},{"@type":"ListItem","position":5,"name":"CBD SNUS","item":"https:\/\/www.swizzle.se\/produkt-kategori\/cannabinoider\/cbd-g-n\/cbd-snus-cbd-g-n\/"},{"@type":"ListItem","position":6,"name":"PR\u00d6VA P\u00c5 VOON 4-PACK &#8211; BLANDADE SMAKER"}]},{"@type":"WebSite","@id":"https:\/\/staging.swizzle.se\/#website","url":"https:\/\/staging.swizzle.se\/","name":"Swizzle","description":"Nicotine CBD Vapes Snus White Portion","publisher":{"@id":"https:\/\/staging.swizzle.se\/#organization"},"potentialAction":[{"@type":"SearchAction","target":{"@type":"EntryPoint","urlTemplate":"https:\/\/staging.swizzle.se\/?s={search_term_string}"},"query-input":{"@type":"PropertyValueSpecification","valueRequired":true,"valueName":"search_term_string"}}],"inLanguage":"en-GB"},{"@type":"Organization","@id":"https:\/\/staging.swizzle.se\/#organization","name":"Swizzle","url":"https:\/\/staging.swizzle.se\/","logo":{"@type":"ImageObject","inLanguage":"en-GB","@id":"https:\/\/staging.swizzle.se\/#\/schema\/logo\/image\/","url":"https:\/\/staging.swizzle.se\/wp-content\/uploads\/2025\/10\/cropped-SWIZZLE.-4.png","contentUrl":"https:\/\/staging.swizzle.se\/wp-content\/uploads\/2025\/10\/cropped-SWIZZLE.-4.png","width":800,"height":267,"caption":"Swizzle"},"image":{"@id":"https:\/\/staging.swizzle.se\/#\/schema\/logo\/image\/"},"hasMerchantReturnPolicy":{"@type":"MerchantReturnPolicy","merchantReturnLink":"https:\/\/staging.swizzle.se\/en\/villkor\/"}}]},"product_price_amount":"120.00","product_price_currency":"SEK","og_availability":"out of stock","product_availability":"out of stock","product_retailer_item_id":"VOON1904","product_condition":"new"},"tiered_pricing_type":"fixed","tiered_pricing_fixed_rules":[],"tiered_pricing_product_settings":{"layout":"default","base_unit_name":{"singular":null,"plural":null},"default_variation":null},"tiered_pricing_minimum_quantity":null,"tiered_pricing_roles_data":[],"tiered_pricing_percentage_rules":[],"tiered_pricing_maximum_quantity":null,"tiered_pricing_quantity_step":null,"_links":{"self":[{"href":"https:\/\/staging.swizzle.se\/en\/wp-json\/wp\/v2\/product\/259678","targetHints":{"allow":["GET"]}}],"collection":[{"href":"https:\/\/staging.swizzle.se\/en\/wp-json\/wp\/v2\/product"}],"about":[{"href":"https:\/\/staging.swizzle.se\/en\/wp-json\/wp\/v2\/types\/product"}],"replies":[{"embeddable":true,"href":"https:\/\/staging.swizzle.se\/en\/wp-json\/wp\/v2\/comments?post=259678"}],"version-history":[{"count":0,"href":"https:\/\/staging.swizzle.se\/en\/wp-json\/wp\/v2\/product\/259678\/revisions"}],"wp:featuredmedia":[{"embeddable":true,"href":"https:\/\/staging.swizzle.se\/en\/wp-json\/wp\/v2\/media\/261092"}],"wp:attachment":[{"href":"https:\/\/staging.swizzle.se\/en\/wp-json\/wp\/v2\/media?parent=259678"}],"wp:term":[{"taxonomy":"product_brand","embeddable":true,"href":"https:\/\/staging.swizzle.se\/en\/wp-json\/wp\/v2\/product_brand?post=259678"},{"taxonomy":"product_cat","embeddable":true,"href":"https:\/\/staging.swizzle.se\/en\/wp-json\/wp\/v2\/product_cat?post=259678"},{"taxonomy":"product_tag","embeddable":true,"href":"https:\/\/staging.swizzle.se\/en\/wp-json\/wp\/v2\/product_tag?post=259678"},{"taxonomy":"superdeal","embeddable":true,"href":"https:\/\/staging.swizzle.se\/en\/wp-json\/wp\/v2\/superdeal?post=259678"},{"taxonomy":"product_variant_id","embeddable":true,"href":"https:\/\/staging.swizzle.se\/en\/wp-json\/wp\/v2\/product_variant_id?post=259678"}],"curies":[{"name":"wp","href":"https:\/\/api.w.org\/{rel}","templated":true}]}}