{"id":259665,"date":"2024-10-14T20:29:09","date_gmt":"2024-10-14T20:29:09","guid":{"rendered":"https:\/\/new.staging.swizzle.se\/produkt\/fruity-shroom-muscimol\/"},"modified":"2026-02-04T13:53:51","modified_gmt":"2026-02-04T13:53:51","slug":"fruity-shrooms-5mg-muscimol","status":"publish","type":"product","link":"https:\/\/staging.swizzle.se\/en\/product-2\/fruity-shrooms-5mg-muscimol\/","title":{"rendered":"Fruity Shroomz &#8211; Muscimol &#8211; 20st x 5mg"},"content":{"rendered":"<p>Fruity Shroomz &#8211; Muscimol &#8211; 20st x 5mg<\/p>\n<p><strong>Magic Mushrooms Godis med muscimol f\u00f6r sk\u00f6n upplevelse<\/strong><\/p>\n<p>L\u00e5t oss introducera Fruity Shrooms (Muscimol) Gummies, \u00e4ven k\u00e4nda som Space Candy. Dessa Magic Mushroom Gummies \u00e4r utformade f\u00f6r att ge en kontrollerad dosering och \u00f6nskad effekt. Upplev en tropisk, kreativ och uppfriskande tripp med smaker av s\u00f6ta och sura jordgubbar, berikade med muscimol-extrakt av h\u00f6gsta kvalitet. V\u00e5rt naturliga extrakt \u00e4r <strong>nano-optimerat<\/strong>\u00a0f\u00f6r optimal absorption och genomg\u00e5r rigor\u00f6sa kvalitetskontroller f\u00f6r att s\u00e4kerst\u00e4lla en ren och s\u00e4ker produkt.<\/p>\n<p><em>Muscimol \u00e4r ett lagligt \u00e4mne fr\u00e5n flugsvamp som liknar psilocybin. V\u00e5rt muscimol-extrakt \u00e4r fritt fr\u00e5n det giftiga \u00e4mnet ibotensyra och muskarin som f\u00f6rekommer i flugsvamp.<\/em><\/p>\n<p>\u2192 20<strong>st i varje p\u00e5se<br \/>\n\u2192\u00a05mg Muscimol\/st<br \/>\n<\/strong><\/p>\n<p>\u2192 Blandade smaker<br \/>\n\u2192 Tillverkat i Europa<br \/>\n\u2192 Ekologisk &amp; Veganv\u00e4nlig<br \/>\n\u2192 Kvalitetss\u00e4krad formula<br \/>\n\u2192 Enkel att hantera<br \/>\n\u2192 Fri fr\u00e5n THC, muskarin &amp; ibotensyra<\/p>","protected":false},"excerpt":{"rendered":"<p class=\"ai-optimize-40 ai-optimize-introduction\">Fruity Shroomz &#8211; Muscimol &#8211; 20st x 5mg<\/p>\n<p class=\"ai-optimize-41\"><strong>Magic Mushrooms med muscimol f\u00f6r sk\u00f6n upplevelse<\/strong><\/p>\n<p class=\"ai-optimize-42\">L\u00e5t oss introducera Fruity Shrooms (Muscimol) Gummies, \u00e4ven k\u00e4nda som Space Candy. Dessa Magic Mushroom Gummies \u00e4r utformade f\u00f6r att ge en kontrollerad dosering och \u00f6nskad effekt. Upplev en tropisk, kreativ och uppfriskande tripp med smaker av s\u00f6ta och sura jordgubbar, berikade med muscimol-extrakt av h\u00f6gsta kvalitet.<\/p>\n<p class=\"ai-optimize-44\">\u2192 20<strong>st i varje p\u00e5se<br \/>\n\u2192\u00a05mg Muscimol\/st<\/strong><\/p>","protected":false},"featured_media":280631,"comment_status":"open","ping_status":"closed","template":"","meta":{"site-sidebar-layout":"default","site-content-layout":"","ast-site-content-layout":"default","site-content-style":"default","site-sidebar-style":"default","ast-global-header-display":"","ast-banner-title-visibility":"","ast-main-header-display":"","ast-hfb-above-header-display":"","ast-hfb-below-header-display":"","ast-hfb-mobile-header-display":"","site-post-title":"","ast-breadcrumbs-content":"","ast-featured-img":"","footer-sml-layout":"","ast-disable-related-posts":"","theme-transparent-header-meta":"default","adv-header-id-meta":"","stick-header-meta":"default","header-above-stick-meta":"","header-main-stick-meta":"","header-below-stick-meta":"","astra-migrate-meta-layouts":"set","ast-page-background-enabled":"default","ast-page-background-meta":{"desktop":{"background-color":"var(--ast-global-color-4)","background-image":"","background-repeat":"repeat","background-position":"center center","background-size":"auto","background-attachment":"scroll","background-type":"","background-media":"","overlay-type":"","overlay-color":"","overlay-opacity":"","overlay-gradient":""},"tablet":{"background-color":"","background-image":"","background-repeat":"repeat","background-position":"center center","background-size":"auto","background-attachment":"scroll","background-type":"","background-media":"","overlay-type":"","overlay-color":"","overlay-opacity":"","overlay-gradient":""},"mobile":{"background-color":"","background-image":"","background-repeat":"repeat","background-position":"center center","background-size":"auto","background-attachment":"scroll","background-type":"","background-media":"","overlay-type":"","overlay-color":"","overlay-opacity":"","overlay-gradient":""}},"ast-content-background-meta":{"desktop":{"background-color":"var(--ast-global-color-5)","background-image":"","background-repeat":"repeat","background-position":"center center","background-size":"auto","background-attachment":"scroll","background-type":"","background-media":"","overlay-type":"","overlay-color":"","overlay-opacity":"","overlay-gradient":""},"tablet":{"background-color":"var(--ast-global-color-5)","background-image":"","background-repeat":"repeat","background-position":"center center","background-size":"auto","background-attachment":"scroll","background-type":"","background-media":"","overlay-type":"","overlay-color":"","overlay-opacity":"","overlay-gradient":""},"mobile":{"background-color":"var(--ast-global-color-5)","background-image":"","background-repeat":"repeat","background-position":"center center","background-size":"auto","background-attachment":"scroll","background-type":"","background-media":"","overlay-type":"","overlay-color":"","overlay-opacity":"","overlay-gradient":""}}},"product_brand":[766],"product_cat":[354,355,378,377],"product_tag":[],"superdeal":[],"product_variant_id":[],"class_list":{"0":"post-259665","1":"product","2":"type-product","3":"status-publish","4":"has-post-thumbnail","6":"product_brand-swizzle","7":"product_cat-edibles","8":"product_cat-gummies","9":"product_cat-muscimol","10":"product_cat-shroomz","11":"desktop-align-center","12":"tablet-align-left","13":"mobile-align-left","14":"ast-product-gallery-layout-horizontal-slider","15":"ast-magnify-disabled","16":"ast-product-tabs-layout-horizontal","18":"first","19":"outofstock","20":"sale","21":"taxable","22":"shipping-taxable","23":"purchasable","24":"product-type-simple"},"yoast_head":"<!-- This site is optimized with the Yoast SEO Premium plugin v26.9 (Yoast SEO v26.9) - https:\/\/yoast.com\/product\/yoast-seo-premium-wordpress\/ -->\n<title>Fruity Shroomz - Muscimol - 20st x 5mg<\/title>\n<meta name=\"description\" content=\"Fruity Shroomz - Muscimol - 20st x 5mg godisar \u00e4r fantastiska f\u00f6r en psykadeliskt men \u00e4nd\u00e5 lugnande upplevelse. 20st i varje p\u00e5se\u2192\u00a05mg Muscimol\/st\" \/>\n<meta name=\"robots\" content=\"noindex, follow, max-snippet:-1, max-image-preview:large, max-video-preview:-1\" \/>\n<meta property=\"og:locale\" content=\"en_GB\" \/>\n<meta property=\"og:type\" content=\"article\" \/>\n<meta property=\"og:title\" content=\"FRUITY SHROOMS 5MG MUSCIMOL\" \/>\n<meta property=\"og:description\" content=\"FRUITY SHROOMS 5MG MUSCIMOL godisar \u00e4r fantastiska f\u00f6r en psykadeliskt men \u00e4nd\u00e5 lugnande upplevelse. \u00a05st i varje p\u00e5se\u2192\u00a05mg Muscimol\/st\" \/>\n<meta property=\"og:url\" content=\"https:\/\/www.swizzle.se\/produkt\/fruity-shrooms-5mg-muscimol\/\" \/>\n<meta property=\"og:site_name\" content=\"Swizzle\" \/>\n<meta property=\"article:modified_time\" content=\"2026-02-04T13:53:51+00:00\" \/>\n<meta property=\"og:image\" content=\"https:\/\/www.swizzle.se\/wp-content\/uploads\/2024\/10\/ratt-bakrund-canadips-2025-12-03T131439.236.jpg\" \/>\n\t<meta property=\"og:image:width\" content=\"600\" \/>\n\t<meta property=\"og:image:height\" content=\"600\" \/>\n\t<meta property=\"og:image:type\" content=\"image\/jpeg\" \/>\n<meta name=\"twitter:card\" content=\"summary_large_image\" \/>\n<meta name=\"twitter:title\" content=\"FRUITY SHROOMS 5MG MUSCIMOL\" \/>\n<meta name=\"twitter:description\" content=\"FRUITY SHROOMS 5MG MUSCIMOL godisar \u00e4r fantastiska f\u00f6r en psykadeliskt men \u00e4nd\u00e5 lugnande upplevelse. \u00a05st i varje p\u00e5se\u2192\u00a05mg Muscimol\/st\" \/>\n<meta name=\"twitter:label1\" content=\"Price\" \/>\n\t<meta name=\"twitter:data1\" content=\"199.00&nbsp;&#107;&#114;\" \/>\n\t<meta name=\"twitter:label2\" content=\"Availability\" \/>\n\t<meta name=\"twitter:data2\" content=\"Out of stock\" \/>\n<script type=\"application\/ld+json\" class=\"yoast-schema-graph\">{\"@context\":\"https:\/\/schema.org\",\"@graph\":[{\"@type\":\"WebPage\",\"@id\":\"https:\/\/www.swizzle.se\/produkt\/fruity-shrooms-5mg-muscimol\/\",\"url\":\"https:\/\/www.swizzle.se\/produkt\/fruity-shrooms-5mg-muscimol\/\",\"name\":\"Fruity Shroomz - Muscimol - 20st x 5mg\",\"isPartOf\":{\"@id\":\"https:\/\/staging.swizzle.se\/#website\"},\"primaryImageOfPage\":{\"@id\":\"https:\/\/www.swizzle.se\/produkt\/fruity-shrooms-5mg-muscimol\/#primaryimage\"},\"image\":{\"@id\":\"https:\/\/www.swizzle.se\/produkt\/fruity-shrooms-5mg-muscimol\/#primaryimage\"},\"thumbnailUrl\":\"https:\/\/staging.swizzle.se\/wp-content\/uploads\/2024\/10\/ratt-bakrund-canadips-2025-12-03T131439.236.jpg\",\"datePublished\":\"2024-10-14T20:29:09+00:00\",\"dateModified\":\"2026-02-04T13:53:51+00:00\",\"description\":\"Fruity Shroomz - Muscimol - 20st x 5mg godisar \u00e4r fantastiska f\u00f6r en psykadeliskt men \u00e4nd\u00e5 lugnande upplevelse. 20st i varje p\u00e5se\u2192\u00a05mg Muscimol\/st\",\"breadcrumb\":{\"@id\":\"https:\/\/www.swizzle.se\/produkt\/fruity-shrooms-5mg-muscimol\/#breadcrumb\"},\"inLanguage\":\"en-GB\",\"potentialAction\":[{\"@type\":\"ReadAction\",\"target\":[\"https:\/\/www.swizzle.se\/produkt\/fruity-shrooms-5mg-muscimol\/\"]}]},{\"@type\":\"ImageObject\",\"inLanguage\":\"en-GB\",\"@id\":\"https:\/\/www.swizzle.se\/produkt\/fruity-shrooms-5mg-muscimol\/#primaryimage\",\"url\":\"https:\/\/staging.swizzle.se\/wp-content\/uploads\/2024\/10\/ratt-bakrund-canadips-2025-12-03T131439.236.jpg\",\"contentUrl\":\"https:\/\/staging.swizzle.se\/wp-content\/uploads\/2024\/10\/ratt-bakrund-canadips-2025-12-03T131439.236.jpg\",\"width\":600,\"height\":600,\"caption\":\"Fruity Shroomz - Muscimol - 20st x 5mg\"},{\"@type\":\"BreadcrumbList\",\"@id\":\"https:\/\/www.swizzle.se\/produkt\/fruity-shrooms-5mg-muscimol\/#breadcrumb\",\"itemListElement\":[{\"@type\":\"ListItem\",\"position\":1,\"name\":\"Home\",\"item\":\"https:\/\/www.swizzle.se\/\"},{\"@type\":\"ListItem\",\"position\":2,\"name\":\"Shop\",\"item\":\"https:\/\/www.swizzle.se\/shop\/\"},{\"@type\":\"ListItem\",\"position\":3,\"name\":\"EDIBLES\",\"item\":\"https:\/\/www.swizzle.se\/produkt-kategori\/edibles\/\"},{\"@type\":\"ListItem\",\"position\":4,\"name\":\"GUMMIES\",\"item\":\"https:\/\/www.swizzle.se\/produkt-kategori\/edibles\/gummies\/\"},{\"@type\":\"ListItem\",\"position\":5,\"name\":\"Fruity Shrooms Muscimol 5 x 5mg per f\u00f6rpackning\"}]},{\"@type\":\"WebSite\",\"@id\":\"https:\/\/staging.swizzle.se\/#website\",\"url\":\"https:\/\/staging.swizzle.se\/\",\"name\":\"Swizzle\",\"description\":\"Nikotin CBD Vapes Snus White Portion\",\"publisher\":{\"@id\":\"https:\/\/staging.swizzle.se\/#organization\"},\"potentialAction\":[{\"@type\":\"SearchAction\",\"target\":{\"@type\":\"EntryPoint\",\"urlTemplate\":\"https:\/\/staging.swizzle.se\/?s={search_term_string}\"},\"query-input\":{\"@type\":\"PropertyValueSpecification\",\"valueRequired\":true,\"valueName\":\"search_term_string\"}}],\"inLanguage\":\"en-GB\"},{\"@type\":\"Organization\",\"@id\":\"https:\/\/staging.swizzle.se\/#organization\",\"name\":\"Swizzle\",\"url\":\"https:\/\/staging.swizzle.se\/\",\"logo\":{\"@type\":\"ImageObject\",\"inLanguage\":\"en-GB\",\"@id\":\"https:\/\/staging.swizzle.se\/#\/schema\/logo\/image\/\",\"url\":\"https:\/\/staging.swizzle.se\/wp-content\/uploads\/2025\/10\/cropped-SWIZZLE.-4.png\",\"contentUrl\":\"https:\/\/staging.swizzle.se\/wp-content\/uploads\/2025\/10\/cropped-SWIZZLE.-4.png\",\"width\":800,\"height\":267,\"caption\":\"Swizzle\"},\"image\":{\"@id\":\"https:\/\/staging.swizzle.se\/#\/schema\/logo\/image\/\"},\"hasMerchantReturnPolicy\":{\"@type\":\"MerchantReturnPolicy\",\"merchantReturnLink\":\"https:\/\/staging.swizzle.se\/en\/villkor\/\"}}]}<\/script>\n<meta property=\"product:price:amount\" content=\"199.00\" \/>\n<meta property=\"product:price:currency\" content=\"SEK\" \/>\n<meta property=\"og:availability\" content=\"out of stock\" \/>\n<meta property=\"product:availability\" content=\"out of stock\" \/>\n<meta property=\"product:retailer_item_id\" content=\"field_sku\" \/>\n<meta property=\"product:condition\" content=\"new\" \/>\n<!-- \/ Yoast SEO Premium plugin. -->","yoast_head_json":{"title":"Fruity Shroomz - Muscimol - 20st x 5mg","description":"Fruity Shroomz - Muscimol - 20st x 5mg godisar \u00e4r fantastiska f\u00f6r en psykadeliskt men \u00e4nd\u00e5 lugnande upplevelse. 20st i varje p\u00e5se\u2192\u00a05mg Muscimol\/st","robots":{"index":"noindex","follow":"follow","max-snippet":"max-snippet:-1","max-image-preview":"max-image-preview:large","max-video-preview":"max-video-preview:-1"},"og_locale":"en_GB","og_type":"article","og_title":"FRUITY SHROOMS 5MG MUSCIMOL","og_description":"FRUITY SHROOMS 5MG MUSCIMOL godisar \u00e4r fantastiska f\u00f6r en psykadeliskt men \u00e4nd\u00e5 lugnande upplevelse. \u00a05st i varje p\u00e5se\u2192\u00a05mg Muscimol\/st","og_url":"https:\/\/www.swizzle.se\/produkt\/fruity-shrooms-5mg-muscimol\/","og_site_name":"Swizzle","article_modified_time":"2026-02-04T13:53:51+00:00","og_image":[{"width":600,"height":600,"url":"https:\/\/www.swizzle.se\/wp-content\/uploads\/2024\/10\/ratt-bakrund-canadips-2025-12-03T131439.236.jpg","type":"image\/jpeg"}],"twitter_card":"summary_large_image","twitter_title":"FRUITY SHROOMS 5MG MUSCIMOL","twitter_description":"FRUITY SHROOMS 5MG MUSCIMOL godisar \u00e4r fantastiska f\u00f6r en psykadeliskt men \u00e4nd\u00e5 lugnande upplevelse. \u00a05st i varje p\u00e5se\u2192\u00a05mg Muscimol\/st","twitter_misc":{"Price":"199.00&nbsp;&#107;&#114;","Availability":"Out of stock"},"schema":{"@context":"https:\/\/schema.org","@graph":[{"@type":"WebPage","@id":"https:\/\/www.swizzle.se\/produkt\/fruity-shrooms-5mg-muscimol\/","url":"https:\/\/www.swizzle.se\/produkt\/fruity-shrooms-5mg-muscimol\/","name":"Fruity Shroomz - Muscimol - 20st x 5mg","isPartOf":{"@id":"https:\/\/staging.swizzle.se\/#website"},"primaryImageOfPage":{"@id":"https:\/\/www.swizzle.se\/produkt\/fruity-shrooms-5mg-muscimol\/#primaryimage"},"image":{"@id":"https:\/\/www.swizzle.se\/produkt\/fruity-shrooms-5mg-muscimol\/#primaryimage"},"thumbnailUrl":"https:\/\/staging.swizzle.se\/wp-content\/uploads\/2024\/10\/ratt-bakrund-canadips-2025-12-03T131439.236.jpg","datePublished":"2024-10-14T20:29:09+00:00","dateModified":"2026-02-04T13:53:51+00:00","description":"Fruity Shroomz - Muscimol - 20st x 5mg godisar \u00e4r fantastiska f\u00f6r en psykadeliskt men \u00e4nd\u00e5 lugnande upplevelse. 20st i varje p\u00e5se\u2192\u00a05mg Muscimol\/st","breadcrumb":{"@id":"https:\/\/www.swizzle.se\/produkt\/fruity-shrooms-5mg-muscimol\/#breadcrumb"},"inLanguage":"en-GB","potentialAction":[{"@type":"ReadAction","target":["https:\/\/www.swizzle.se\/produkt\/fruity-shrooms-5mg-muscimol\/"]}]},{"@type":"ImageObject","inLanguage":"en-GB","@id":"https:\/\/www.swizzle.se\/produkt\/fruity-shrooms-5mg-muscimol\/#primaryimage","url":"https:\/\/staging.swizzle.se\/wp-content\/uploads\/2024\/10\/ratt-bakrund-canadips-2025-12-03T131439.236.jpg","contentUrl":"https:\/\/staging.swizzle.se\/wp-content\/uploads\/2024\/10\/ratt-bakrund-canadips-2025-12-03T131439.236.jpg","width":600,"height":600,"caption":"Fruity Shroomz - Muscimol - 20st x 5mg"},{"@type":"BreadcrumbList","@id":"https:\/\/www.swizzle.se\/produkt\/fruity-shrooms-5mg-muscimol\/#breadcrumb","itemListElement":[{"@type":"ListItem","position":1,"name":"Home","item":"https:\/\/www.swizzle.se\/"},{"@type":"ListItem","position":2,"name":"Shop","item":"https:\/\/www.swizzle.se\/shop\/"},{"@type":"ListItem","position":3,"name":"EDIBLES","item":"https:\/\/www.swizzle.se\/produkt-kategori\/edibles\/"},{"@type":"ListItem","position":4,"name":"GUMMIES","item":"https:\/\/www.swizzle.se\/produkt-kategori\/edibles\/gummies\/"},{"@type":"ListItem","position":5,"name":"Fruity Shrooms Muscimol 5 x 5mg per f\u00f6rpackning"}]},{"@type":"WebSite","@id":"https:\/\/staging.swizzle.se\/#website","url":"https:\/\/staging.swizzle.se\/","name":"Swizzle","description":"Nicotine CBD Vapes Snus White Portion","publisher":{"@id":"https:\/\/staging.swizzle.se\/#organization"},"potentialAction":[{"@type":"SearchAction","target":{"@type":"EntryPoint","urlTemplate":"https:\/\/staging.swizzle.se\/?s={search_term_string}"},"query-input":{"@type":"PropertyValueSpecification","valueRequired":true,"valueName":"search_term_string"}}],"inLanguage":"en-GB"},{"@type":"Organization","@id":"https:\/\/staging.swizzle.se\/#organization","name":"Swizzle","url":"https:\/\/staging.swizzle.se\/","logo":{"@type":"ImageObject","inLanguage":"en-GB","@id":"https:\/\/staging.swizzle.se\/#\/schema\/logo\/image\/","url":"https:\/\/staging.swizzle.se\/wp-content\/uploads\/2025\/10\/cropped-SWIZZLE.-4.png","contentUrl":"https:\/\/staging.swizzle.se\/wp-content\/uploads\/2025\/10\/cropped-SWIZZLE.-4.png","width":800,"height":267,"caption":"Swizzle"},"image":{"@id":"https:\/\/staging.swizzle.se\/#\/schema\/logo\/image\/"},"hasMerchantReturnPolicy":{"@type":"MerchantReturnPolicy","merchantReturnLink":"https:\/\/staging.swizzle.se\/en\/villkor\/"}}]},"product_price_amount":"199.00","product_price_currency":"SEK","og_availability":"out of stock","product_availability":"out of stock","product_retailer_item_id":"field_sku","product_condition":"new"},"tiered_pricing_type":"fixed","tiered_pricing_fixed_rules":[],"tiered_pricing_product_settings":{"layout":"default","base_unit_name":{"singular":null,"plural":null},"default_variation":null},"tiered_pricing_minimum_quantity":null,"tiered_pricing_roles_data":[],"tiered_pricing_percentage_rules":[],"tiered_pricing_maximum_quantity":null,"tiered_pricing_quantity_step":null,"_links":{"self":[{"href":"https:\/\/staging.swizzle.se\/en\/wp-json\/wp\/v2\/product\/259665","targetHints":{"allow":["GET"]}}],"collection":[{"href":"https:\/\/staging.swizzle.se\/en\/wp-json\/wp\/v2\/product"}],"about":[{"href":"https:\/\/staging.swizzle.se\/en\/wp-json\/wp\/v2\/types\/product"}],"replies":[{"embeddable":true,"href":"https:\/\/staging.swizzle.se\/en\/wp-json\/wp\/v2\/comments?post=259665"}],"version-history":[{"count":0,"href":"https:\/\/staging.swizzle.se\/en\/wp-json\/wp\/v2\/product\/259665\/revisions"}],"wp:featuredmedia":[{"embeddable":true,"href":"https:\/\/staging.swizzle.se\/en\/wp-json\/wp\/v2\/media\/280631"}],"wp:attachment":[{"href":"https:\/\/staging.swizzle.se\/en\/wp-json\/wp\/v2\/media?parent=259665"}],"wp:term":[{"taxonomy":"product_brand","embeddable":true,"href":"https:\/\/staging.swizzle.se\/en\/wp-json\/wp\/v2\/product_brand?post=259665"},{"taxonomy":"product_cat","embeddable":true,"href":"https:\/\/staging.swizzle.se\/en\/wp-json\/wp\/v2\/product_cat?post=259665"},{"taxonomy":"product_tag","embeddable":true,"href":"https:\/\/staging.swizzle.se\/en\/wp-json\/wp\/v2\/product_tag?post=259665"},{"taxonomy":"superdeal","embeddable":true,"href":"https:\/\/staging.swizzle.se\/en\/wp-json\/wp\/v2\/superdeal?post=259665"},{"taxonomy":"product_variant_id","embeddable":true,"href":"https:\/\/staging.swizzle.se\/en\/wp-json\/wp\/v2\/product_variant_id?post=259665"}],"curies":[{"name":"wp","href":"https:\/\/api.w.org\/{rel}","templated":true}]}}