{"id":259658,"date":"2024-10-09T16:17:38","date_gmt":"2024-10-09T16:17:38","guid":{"rendered":"https:\/\/new.staging.swizzle.se\/produkt\/cannadips-cbd-snus\/"},"modified":"2025-11-14T10:29:25","modified_gmt":"2025-11-14T10:29:25","slug":"cannadips-cbd-snus","status":"publish","type":"product","link":"https:\/\/staging.swizzle.se\/en\/product-2\/cannadips-cbd-snus\/","title":{"rendered":"Cannadips CBD &#8211; 15mg &#8211; Mixpaket &#8211; 5 Dosor"},"content":{"rendered":"<p><strong>Cannadips CBD Snus, <\/strong>smaksatta med en balanserad blandning av s\u00f6t och fr\u00e4sch mint. Tillverkad endast med naturliga ingredienser (<strong>thc-fri<\/strong>, tobaksfri och nikotinfri). R\u00f6kfri, diskret och snabbverkande.<\/p>\n<p>CBD \u00e4r en f\u00f6rkortning f\u00f6r Cannabidiol, som \u00e4r en av de m\u00e5nga v\u00e4xtproducerade Cannabinoid-sammans\u00e4ttningarna som finns i hampaplantan. Du kan utvinna CBD ur m\u00e5nga olika cannabissorter.<\/p>","protected":false},"excerpt":{"rendered":"<p><strong>Cannadips CBD Snus<\/strong> \u00e4r en f\u00f6rkortning f\u00f6r Cannabidiol, som \u00e4r en av de m\u00e5nga v\u00e4xtproducerade<br \/>\nCannabinoid-sammans\u00e4ttningarna som finns i hampaplantan. Du kan utvinna CBD ur m\u00e5nga olika cannabissorter. Vill du ha kvalitet s\u00e5 pr\u00f6va Cannadips CBD Snus.<\/p>\n<p><em><strong>i Detta Mixpack ing\u00e5r:<\/strong><\/em><br \/>\n<strong>Cannadips\u00a0<\/strong>American Flavor Cbd<strong> \u2013 1 Dosa<br \/>\nCannadips\u00a0<\/strong>Tangy Citrus Cbd<strong> \u2013 1 Dosa<\/strong><br \/>\n<strong>Cannadips\u00a0<\/strong>Natural Mint Cbd<strong> \u2013 1 Dosa<br \/>\nCannadips\u00a0<\/strong>Fresh Wintergreen<strong> \u2013 1 Dosa<br \/>\nCannadips\u00a0<\/strong>Tropical Mango<strong> \u2013 1 Dosa<\/strong><\/p>\n<p>&nbsp;<\/p>\n<p><strong>Obs!<\/strong><br \/>\nDu m\u00e5ste vara minst 18 \u00e5r f\u00f6r att k\u00f6pa denna produkt. Den \u00e4r inte avsedd som l\u00e4kemedel, kosttillskott eller naturprodukt. Vi uppmuntrar inte till konsumtion eller r\u00f6kning av produkten. F\u00f6rvara den utom r\u00e4ckh\u00e5ll f\u00f6r barn.Vi friskriver oss fr\u00e5n hur du som kund anv\u00e4nder v\u00e5ra produkter. Vi s\u00e4ljer dem f\u00f6r samlings- och prydnadssyften.<\/p>","protected":false},"featured_media":259659,"comment_status":"open","ping_status":"closed","template":"","meta":{"site-sidebar-layout":"default","site-content-layout":"","ast-site-content-layout":"default","site-content-style":"default","site-sidebar-style":"default","ast-global-header-display":"","ast-banner-title-visibility":"","ast-main-header-display":"","ast-hfb-above-header-display":"","ast-hfb-below-header-display":"","ast-hfb-mobile-header-display":"","site-post-title":"","ast-breadcrumbs-content":"","ast-featured-img":"","footer-sml-layout":"","ast-disable-related-posts":"","theme-transparent-header-meta":"","adv-header-id-meta":"","stick-header-meta":"","header-above-stick-meta":"","header-main-stick-meta":"","header-below-stick-meta":"","astra-migrate-meta-layouts":"default","ast-page-background-enabled":"default","ast-page-background-meta":{"desktop":{"background-color":"var(--ast-global-color-4)","background-image":"","background-repeat":"repeat","background-position":"center center","background-size":"auto","background-attachment":"scroll","background-type":"","background-media":"","overlay-type":"","overlay-color":"","overlay-opacity":"","overlay-gradient":""},"tablet":{"background-color":"","background-image":"","background-repeat":"repeat","background-position":"center center","background-size":"auto","background-attachment":"scroll","background-type":"","background-media":"","overlay-type":"","overlay-color":"","overlay-opacity":"","overlay-gradient":""},"mobile":{"background-color":"","background-image":"","background-repeat":"repeat","background-position":"center center","background-size":"auto","background-attachment":"scroll","background-type":"","background-media":"","overlay-type":"","overlay-color":"","overlay-opacity":"","overlay-gradient":""}},"ast-content-background-meta":{"desktop":{"background-color":"var(--ast-global-color-5)","background-image":"","background-repeat":"repeat","background-position":"center center","background-size":"auto","background-attachment":"scroll","background-type":"","background-media":"","overlay-type":"","overlay-color":"","overlay-opacity":"","overlay-gradient":""},"tablet":{"background-color":"var(--ast-global-color-5)","background-image":"","background-repeat":"repeat","background-position":"center center","background-size":"auto","background-attachment":"scroll","background-type":"","background-media":"","overlay-type":"","overlay-color":"","overlay-opacity":"","overlay-gradient":""},"mobile":{"background-color":"var(--ast-global-color-5)","background-image":"","background-repeat":"repeat","background-position":"center center","background-size":"auto","background-attachment":"scroll","background-type":"","background-media":"","overlay-type":"","overlay-color":"","overlay-opacity":"","overlay-gradient":""}}},"product_brand":[],"product_cat":[359,331],"product_tag":[],"superdeal":[],"product_variant_id":[],"class_list":{"0":"post-259658","1":"product","2":"type-product","3":"status-publish","4":"has-post-thumbnail","6":"product_cat-cbd-snus-cbd-g-n","7":"product_cat-cbd-g-n","8":"desktop-align-center","9":"tablet-align-left","10":"mobile-align-left","11":"ast-product-gallery-layout-horizontal-slider","12":"ast-magnify-disabled","13":"ast-product-tabs-layout-horizontal","15":"first","16":"outofstock","17":"sale","18":"taxable","19":"shipping-taxable","20":"purchasable","21":"product-type-simple"},"yoast_head":"<!-- This site is optimized with the Yoast SEO Premium plugin v26.9 (Yoast SEO v26.9) - https:\/\/yoast.com\/product\/yoast-seo-premium-wordpress\/ -->\n<title>Cannadips CBD Snus<\/title>\n<meta name=\"description\" content=\"Cannadips CBD Snus 15mg. Ett fint CBD snus fr\u00e5n USA. S\u00f6ker du kvalitet har du hittat r\u00e4tt. Finns i fem smaker. Pr\u00f6va p\u00e5 nu.\" \/>\n<meta name=\"robots\" content=\"noindex, follow, max-snippet:-1, max-image-preview:large, max-video-preview:-1\" \/>\n<meta property=\"og:locale\" content=\"en_GB\" \/>\n<meta property=\"og:type\" content=\"article\" \/>\n<meta property=\"og:title\" content=\"Cannadips CBD Snus\" \/>\n<meta property=\"og:description\" content=\"Cannadips CBD Snus 15mg. Ett fint CBD snus fr\u00e5n USA. S\u00f6ker du kvalitet har du hittat r\u00e4tt. Finns i fem smaker. Pr\u00f6va p\u00e5 nu.\" \/>\n<meta property=\"og:url\" content=\"https:\/\/www.swizzle.se\/produkt\/cannadips-cbd-snus\/\" \/>\n<meta property=\"og:site_name\" content=\"Swizzle\" \/>\n<meta property=\"article:modified_time\" content=\"2025-11-14T10:29:25+00:00\" \/>\n<meta property=\"og:image\" content=\"https:\/\/www.swizzle.se\/wp-content\/uploads\/2025\/05\/ratt-bakrund-canadips-18.jpg\" \/>\n\t<meta property=\"og:image:width\" content=\"600\" \/>\n\t<meta property=\"og:image:height\" content=\"600\" \/>\n\t<meta property=\"og:image:type\" content=\"image\/jpeg\" \/>\n<meta name=\"twitter:card\" content=\"summary_large_image\" \/>\n<meta name=\"twitter:title\" content=\"Cannadips CBD Snus\" \/>\n<meta name=\"twitter:description\" content=\"Cannadips CBD Snus 15mg. Ett fint CBD snus fr\u00e5n USA. S\u00f6ker du kvalitet har du hittat r\u00e4tt. Finns i fem smaker. Pr\u00f6va p\u00e5 nu.\" \/>\n<meta name=\"twitter:label1\" content=\"Price\" \/>\n\t<meta name=\"twitter:data1\" content=\"190.00&nbsp;&#107;&#114;\" \/>\n\t<meta name=\"twitter:label2\" content=\"Availability\" \/>\n\t<meta name=\"twitter:data2\" content=\"Out of stock\" \/>\n<script type=\"application\/ld+json\" class=\"yoast-schema-graph\">{\"@context\":\"https:\/\/schema.org\",\"@graph\":[{\"@type\":\"WebPage\",\"@id\":\"https:\/\/www.swizzle.se\/produkt\/cannadips-cbd-snus\/\",\"url\":\"https:\/\/www.swizzle.se\/produkt\/cannadips-cbd-snus\/\",\"name\":\"Cannadips CBD Snus\",\"isPartOf\":{\"@id\":\"https:\/\/staging.swizzle.se\/#website\"},\"primaryImageOfPage\":{\"@id\":\"https:\/\/www.swizzle.se\/produkt\/cannadips-cbd-snus\/#primaryimage\"},\"image\":{\"@id\":\"https:\/\/www.swizzle.se\/produkt\/cannadips-cbd-snus\/#primaryimage\"},\"thumbnailUrl\":\"https:\/\/staging.swizzle.se\/wp-content\/uploads\/2025\/05\/ratt-bakrund-canadips-18.jpg\",\"datePublished\":\"2024-10-09T16:17:38+00:00\",\"dateModified\":\"2025-11-14T10:29:25+00:00\",\"description\":\"Cannadips CBD Snus 15mg. Ett fint CBD snus fr\u00e5n USA. S\u00f6ker du kvalitet har du hittat r\u00e4tt. Finns i fem smaker. Pr\u00f6va p\u00e5 nu.\",\"breadcrumb\":{\"@id\":\"https:\/\/www.swizzle.se\/produkt\/cannadips-cbd-snus\/#breadcrumb\"},\"inLanguage\":\"en-GB\",\"potentialAction\":[{\"@type\":\"ReadAction\",\"target\":[\"https:\/\/www.swizzle.se\/produkt\/cannadips-cbd-snus\/\"]}]},{\"@type\":\"ImageObject\",\"inLanguage\":\"en-GB\",\"@id\":\"https:\/\/www.swizzle.se\/produkt\/cannadips-cbd-snus\/#primaryimage\",\"url\":\"https:\/\/staging.swizzle.se\/wp-content\/uploads\/2025\/05\/ratt-bakrund-canadips-18.jpg\",\"contentUrl\":\"https:\/\/staging.swizzle.se\/wp-content\/uploads\/2025\/05\/ratt-bakrund-canadips-18.jpg\",\"width\":600,\"height\":600,\"caption\":\"Bild 5-pack cannadips\"},{\"@type\":\"BreadcrumbList\",\"@id\":\"https:\/\/www.swizzle.se\/produkt\/cannadips-cbd-snus\/#breadcrumb\",\"itemListElement\":[{\"@type\":\"ListItem\",\"position\":1,\"name\":\"Home\",\"item\":\"https:\/\/www.swizzle.se\/\"},{\"@type\":\"ListItem\",\"position\":2,\"name\":\"Shop\",\"item\":\"https:\/\/www.swizzle.se\/shop\/\"},{\"@type\":\"ListItem\",\"position\":3,\"name\":\"CANNABINOIDER\",\"item\":\"https:\/\/www.swizzle.se\/produkt-kategori\/cannabinoider\/\"},{\"@type\":\"ListItem\",\"position\":4,\"name\":\"CBD\/G\/N\",\"item\":\"https:\/\/www.swizzle.se\/produkt-kategori\/cannabinoider\/cbd-g-n\/\"},{\"@type\":\"ListItem\",\"position\":5,\"name\":\"CBD SNUS\",\"item\":\"https:\/\/www.swizzle.se\/produkt-kategori\/cannabinoider\/cbd-g-n\/cbd-snus-cbd-g-n\/\"},{\"@type\":\"ListItem\",\"position\":6,\"name\":\"Cannadips CBD &#8211; 15mg &#8211; Mixpaket &#8211; 5 Dosor\"}]},{\"@type\":\"WebSite\",\"@id\":\"https:\/\/staging.swizzle.se\/#website\",\"url\":\"https:\/\/staging.swizzle.se\/\",\"name\":\"Swizzle\",\"description\":\"Nikotin CBD Vapes Snus White Portion\",\"publisher\":{\"@id\":\"https:\/\/staging.swizzle.se\/#organization\"},\"potentialAction\":[{\"@type\":\"SearchAction\",\"target\":{\"@type\":\"EntryPoint\",\"urlTemplate\":\"https:\/\/staging.swizzle.se\/?s={search_term_string}\"},\"query-input\":{\"@type\":\"PropertyValueSpecification\",\"valueRequired\":true,\"valueName\":\"search_term_string\"}}],\"inLanguage\":\"en-GB\"},{\"@type\":\"Organization\",\"@id\":\"https:\/\/staging.swizzle.se\/#organization\",\"name\":\"Swizzle\",\"url\":\"https:\/\/staging.swizzle.se\/\",\"logo\":{\"@type\":\"ImageObject\",\"inLanguage\":\"en-GB\",\"@id\":\"https:\/\/staging.swizzle.se\/#\/schema\/logo\/image\/\",\"url\":\"https:\/\/staging.swizzle.se\/wp-content\/uploads\/2025\/10\/cropped-SWIZZLE.-4.png\",\"contentUrl\":\"https:\/\/staging.swizzle.se\/wp-content\/uploads\/2025\/10\/cropped-SWIZZLE.-4.png\",\"width\":800,\"height\":267,\"caption\":\"Swizzle\"},\"image\":{\"@id\":\"https:\/\/staging.swizzle.se\/#\/schema\/logo\/image\/\"},\"hasMerchantReturnPolicy\":{\"@type\":\"MerchantReturnPolicy\",\"merchantReturnLink\":\"https:\/\/staging.swizzle.se\/en\/villkor\/\"}}]}<\/script>\n<meta property=\"product:price:amount\" content=\"190.00\" \/>\n<meta property=\"product:price:currency\" content=\"SEK\" \/>\n<meta property=\"og:availability\" content=\"out of stock\" \/>\n<meta property=\"product:availability\" content=\"out of stock\" \/>\n<meta property=\"product:condition\" content=\"new\" \/>\n<!-- \/ Yoast SEO Premium plugin. -->","yoast_head_json":{"title":"Cannadips CBD Snus","description":"Cannadips CBD Snus 15mg. Ett fint CBD snus fr\u00e5n USA. S\u00f6ker du kvalitet har du hittat r\u00e4tt. Finns i fem smaker. Pr\u00f6va p\u00e5 nu.","robots":{"index":"noindex","follow":"follow","max-snippet":"max-snippet:-1","max-image-preview":"max-image-preview:large","max-video-preview":"max-video-preview:-1"},"og_locale":"en_GB","og_type":"article","og_title":"Cannadips CBD Snus","og_description":"Cannadips CBD Snus 15mg. Ett fint CBD snus fr\u00e5n USA. S\u00f6ker du kvalitet har du hittat r\u00e4tt. Finns i fem smaker. Pr\u00f6va p\u00e5 nu.","og_url":"https:\/\/www.swizzle.se\/produkt\/cannadips-cbd-snus\/","og_site_name":"Swizzle","article_modified_time":"2025-11-14T10:29:25+00:00","og_image":[{"width":600,"height":600,"url":"https:\/\/www.swizzle.se\/wp-content\/uploads\/2025\/05\/ratt-bakrund-canadips-18.jpg","type":"image\/jpeg"}],"twitter_card":"summary_large_image","twitter_title":"Cannadips CBD Snus","twitter_description":"Cannadips CBD Snus 15mg. Ett fint CBD snus fr\u00e5n USA. S\u00f6ker du kvalitet har du hittat r\u00e4tt. Finns i fem smaker. Pr\u00f6va p\u00e5 nu.","twitter_misc":{"Price":"190.00&nbsp;&#107;&#114;","Availability":"Out of stock"},"schema":{"@context":"https:\/\/schema.org","@graph":[{"@type":"WebPage","@id":"https:\/\/www.swizzle.se\/produkt\/cannadips-cbd-snus\/","url":"https:\/\/www.swizzle.se\/produkt\/cannadips-cbd-snus\/","name":"Cannadips CBD Snus","isPartOf":{"@id":"https:\/\/staging.swizzle.se\/#website"},"primaryImageOfPage":{"@id":"https:\/\/www.swizzle.se\/produkt\/cannadips-cbd-snus\/#primaryimage"},"image":{"@id":"https:\/\/www.swizzle.se\/produkt\/cannadips-cbd-snus\/#primaryimage"},"thumbnailUrl":"https:\/\/staging.swizzle.se\/wp-content\/uploads\/2025\/05\/ratt-bakrund-canadips-18.jpg","datePublished":"2024-10-09T16:17:38+00:00","dateModified":"2025-11-14T10:29:25+00:00","description":"Cannadips CBD Snus 15mg. Ett fint CBD snus fr\u00e5n USA. S\u00f6ker du kvalitet har du hittat r\u00e4tt. Finns i fem smaker. Pr\u00f6va p\u00e5 nu.","breadcrumb":{"@id":"https:\/\/www.swizzle.se\/produkt\/cannadips-cbd-snus\/#breadcrumb"},"inLanguage":"en-GB","potentialAction":[{"@type":"ReadAction","target":["https:\/\/www.swizzle.se\/produkt\/cannadips-cbd-snus\/"]}]},{"@type":"ImageObject","inLanguage":"en-GB","@id":"https:\/\/www.swizzle.se\/produkt\/cannadips-cbd-snus\/#primaryimage","url":"https:\/\/staging.swizzle.se\/wp-content\/uploads\/2025\/05\/ratt-bakrund-canadips-18.jpg","contentUrl":"https:\/\/staging.swizzle.se\/wp-content\/uploads\/2025\/05\/ratt-bakrund-canadips-18.jpg","width":600,"height":600,"caption":"Bild 5-pack cannadips"},{"@type":"BreadcrumbList","@id":"https:\/\/www.swizzle.se\/produkt\/cannadips-cbd-snus\/#breadcrumb","itemListElement":[{"@type":"ListItem","position":1,"name":"Home","item":"https:\/\/www.swizzle.se\/"},{"@type":"ListItem","position":2,"name":"Shop","item":"https:\/\/www.swizzle.se\/shop\/"},{"@type":"ListItem","position":3,"name":"CANNABINOIDER","item":"https:\/\/www.swizzle.se\/produkt-kategori\/cannabinoider\/"},{"@type":"ListItem","position":4,"name":"CBD\/G\/N","item":"https:\/\/www.swizzle.se\/produkt-kategori\/cannabinoider\/cbd-g-n\/"},{"@type":"ListItem","position":5,"name":"CBD SNUS","item":"https:\/\/www.swizzle.se\/produkt-kategori\/cannabinoider\/cbd-g-n\/cbd-snus-cbd-g-n\/"},{"@type":"ListItem","position":6,"name":"Cannadips CBD &#8211; 15mg &#8211; Mixpaket &#8211; 5 Dosor"}]},{"@type":"WebSite","@id":"https:\/\/staging.swizzle.se\/#website","url":"https:\/\/staging.swizzle.se\/","name":"Swizzle","description":"Nicotine CBD Vapes Snus White Portion","publisher":{"@id":"https:\/\/staging.swizzle.se\/#organization"},"potentialAction":[{"@type":"SearchAction","target":{"@type":"EntryPoint","urlTemplate":"https:\/\/staging.swizzle.se\/?s={search_term_string}"},"query-input":{"@type":"PropertyValueSpecification","valueRequired":true,"valueName":"search_term_string"}}],"inLanguage":"en-GB"},{"@type":"Organization","@id":"https:\/\/staging.swizzle.se\/#organization","name":"Swizzle","url":"https:\/\/staging.swizzle.se\/","logo":{"@type":"ImageObject","inLanguage":"en-GB","@id":"https:\/\/staging.swizzle.se\/#\/schema\/logo\/image\/","url":"https:\/\/staging.swizzle.se\/wp-content\/uploads\/2025\/10\/cropped-SWIZZLE.-4.png","contentUrl":"https:\/\/staging.swizzle.se\/wp-content\/uploads\/2025\/10\/cropped-SWIZZLE.-4.png","width":800,"height":267,"caption":"Swizzle"},"image":{"@id":"https:\/\/staging.swizzle.se\/#\/schema\/logo\/image\/"},"hasMerchantReturnPolicy":{"@type":"MerchantReturnPolicy","merchantReturnLink":"https:\/\/staging.swizzle.se\/en\/villkor\/"}}]},"product_price_amount":"190.00","product_price_currency":"SEK","og_availability":"out of stock","product_availability":"out of stock","product_condition":"new"},"tiered_pricing_type":"fixed","tiered_pricing_fixed_rules":[],"tiered_pricing_product_settings":{"layout":"default","base_unit_name":{"singular":null,"plural":null},"default_variation":null},"tiered_pricing_minimum_quantity":null,"tiered_pricing_roles_data":[],"tiered_pricing_percentage_rules":[],"tiered_pricing_maximum_quantity":null,"tiered_pricing_quantity_step":null,"_links":{"self":[{"href":"https:\/\/staging.swizzle.se\/en\/wp-json\/wp\/v2\/product\/259658","targetHints":{"allow":["GET"]}}],"collection":[{"href":"https:\/\/staging.swizzle.se\/en\/wp-json\/wp\/v2\/product"}],"about":[{"href":"https:\/\/staging.swizzle.se\/en\/wp-json\/wp\/v2\/types\/product"}],"replies":[{"embeddable":true,"href":"https:\/\/staging.swizzle.se\/en\/wp-json\/wp\/v2\/comments?post=259658"}],"version-history":[{"count":0,"href":"https:\/\/staging.swizzle.se\/en\/wp-json\/wp\/v2\/product\/259658\/revisions"}],"wp:featuredmedia":[{"embeddable":true,"href":"https:\/\/staging.swizzle.se\/en\/wp-json\/wp\/v2\/media\/259659"}],"wp:attachment":[{"href":"https:\/\/staging.swizzle.se\/en\/wp-json\/wp\/v2\/media?parent=259658"}],"wp:term":[{"taxonomy":"product_brand","embeddable":true,"href":"https:\/\/staging.swizzle.se\/en\/wp-json\/wp\/v2\/product_brand?post=259658"},{"taxonomy":"product_cat","embeddable":true,"href":"https:\/\/staging.swizzle.se\/en\/wp-json\/wp\/v2\/product_cat?post=259658"},{"taxonomy":"product_tag","embeddable":true,"href":"https:\/\/staging.swizzle.se\/en\/wp-json\/wp\/v2\/product_tag?post=259658"},{"taxonomy":"superdeal","embeddable":true,"href":"https:\/\/staging.swizzle.se\/en\/wp-json\/wp\/v2\/superdeal?post=259658"},{"taxonomy":"product_variant_id","embeddable":true,"href":"https:\/\/staging.swizzle.se\/en\/wp-json\/wp\/v2\/product_variant_id?post=259658"}],"curies":[{"name":"wp","href":"https:\/\/api.w.org\/{rel}","templated":true}]}}