{"id":259621,"date":"2024-10-01T20:07:46","date_gmt":"2024-10-01T20:07:46","guid":{"rendered":"https:\/\/new.staging.swizzle.se\/produkt\/thca-vape-kiwi-sorbet-2ml-1000-puffar\/"},"modified":"2026-02-05T15:17:59","modified_gmt":"2026-02-05T15:17:59","slug":"thca-vape-99-magic-farmers-kiwi-sorbet","status":"publish","type":"product","link":"https:\/\/staging.swizzle.se\/en\/product-2\/thca-vape-99-magic-farmers-kiwi-sorbet\/","title":{"rendered":"THCA Vape 99% &#8211; Magic Farmers &#8211; 2ml &#8211; Kiwi Sorbet"},"content":{"rendered":"<h3><strong>THCA Vape 99% &#8211; Magic Farmers &#8211; Kiwi Sorbet<\/strong><\/h3>\n<p><strong>Potentiella f\u00f6rdelar med THCA vapes<\/strong><\/p>\n<p><strong>Neuroprotektiva egenskaper<br \/>\n<\/strong>THCA-produkter kan ge neuroprotektiva f\u00f6rdelar och hj\u00e4lpa till att f\u00f6rebygga och behandla neurodegenerativa tillst\u00e5nd som Alzheimers och Parkinsons.<\/p>\n<p><strong>Inflammationsreduktion<\/strong><br \/>\nCannabinoiden THCA har naturliga antiinflammatoriska egenskaper. Som s\u00e5dan kan det hj\u00e4lpa till att behandla kroniska tillst\u00e5nd som k\u00e4nnetecknas av svullnad, inklusive multipel skleros, inflammatorisk tarmsjukdom och artrit.<\/p>\n<p><strong>Sm\u00e4rtlindring<\/strong><br \/>\nTHCA kan ge snabb lindring fr\u00e5n inflammation, men det kan ocks\u00e5 ge snabb lindring fr\u00e5n sm\u00e4rta, tack vare f\u00f6reningens sm\u00e4rtstillande egenskaper. Det \u00e4r en lovande potentiell behandling f\u00f6r akut eller kronisk sm\u00e4rta till f\u00f6ljd av skador eller sjukdomar.<\/p>\n<p><strong>Aptitstimulering<\/strong><br \/>\nTHCA kommunicerar med CB1-receptorer i det endocannabinoida systemet, vilket resulterar i fris\u00e4ttning av hormoner som uppmuntrar hunger. Detta g\u00f6r det till ett attraktivt potentiellt aptitstimulerande medel f\u00f6r individer som k\u00e4mpar med oavsiktlig viktminskning p\u00e5 grund av sjukdom eller medicinska behandlingar som kemoterapi.<\/p>\n<p><strong>Lindring av illam\u00e5ende och kr\u00e4kningar<\/strong><br \/>\nF\u00f6rutom att h\u00f6ja aptiten kan THCA-produkter lindra illam\u00e5ende och kr\u00e4kningar. Dess antiemetiska effekter \u00f6kar dess potentiella terapeutiska v\u00e4rde f\u00f6r individer som g\u00e5r igenom kemoterapi eller hanterar medicinska tillst\u00e5nd som orsakar illam\u00e5ende eller kr\u00e4kningar.<\/p>\n<p><strong>Antikonvulsiva och krampl\u00f6sande egenskaper<\/strong><br \/>\nDenna m\u00e5ngsidiga cannabisv\u00e4xtf\u00f6rening unders\u00f6ks ocks\u00e5 f\u00f6r dess potential att f\u00f6rebygga och lindra anfall och spasmer.<\/p>\n<p>Obs!<br \/>\nDu m\u00e5ste vara minst 18 \u00e5r f\u00f6r att k\u00f6pa denna produkt. Den \u00e4r inte avsedd som l\u00e4kemedel, kosttillskott eller naturprodukt. Vi uppmuntrar inte till konsumtion eller r\u00f6kning av produkten. F\u00f6rvara den utom r\u00e4ckh\u00e5ll f\u00f6r barn.Vi friskriver oss fr\u00e5n hur du som kund anv\u00e4nder v\u00e5ra produkter. Vi s\u00e4ljer dem f\u00f6r samlings- och prydnadssyften.<\/p>","protected":false},"excerpt":{"rendered":"<p dir=\"ltr\" data-placeholder=\"\u00d6vers\u00e4ttning\" data-ved=\"2ahUKEwiR-Nj0naOKAxVGGRAIHYs_B7AQ3ewLegQICRAU\" aria-label=\"\u00d6versatt text: Potentiella f\u00f6rdelar med THCA vapes \u00c4ven k\u00e4nd som tetrahydrocannabinolsyra, THCA \u00e4r en f\u00f6rening som finns i r\u00e5a cannabisv\u00e4xter. N\u00e4r den v\u00e4rms omvandlas den till delta 9 THC genom en process som kallas dekarboxylering. THCA vapes erbjuder ett snabbt och bekv\u00e4mt s\u00e4tt att f\u00e5 tillg\u00e5ng till de m\u00e5nga potentiella f\u00f6rdelarna med denna cannabinoid, som inkluderar: Neuroprotektiva egenskaper: THCA-produkter kan ge neuroprotektiva f\u00f6rdelar och hj\u00e4lpa till att f\u00f6rebygga och behandla neurodegenerativa tillst\u00e5nd som Alzheimers och Parkinsons. Inflammationsreduktion: Cannabinoiden THCA har naturliga antiinflammatoriska egenskaper. Som s\u00e5dan kan det hj\u00e4lpa till att behandla kroniska tillst\u00e5nd som k\u00e4nnetecknas av svullnad, inklusive multipel skleros, inflammatorisk tarmsjukdom och artrit. Sm\u00e4rtlindring: Vaping THCA kan ge snabb lindring fr\u00e5n inflammation, men det kan ocks\u00e5 ge snabb lindring fr\u00e5n sm\u00e4rta, tack vare f\u00f6reningens sm\u00e4rtstillande egenskaper. Det \u00e4r en lovande potentiell behandling f\u00f6r akut eller kronisk sm\u00e4rta till f\u00f6ljd av skador eller sjukdomar. Aptitstimulering: Cannabinoiden THCA kommunicerar med CB1-receptorer i det endocannabinoida systemet, vilket resulterar i fris\u00e4ttning av hormoner som uppmuntrar hunger. Detta g\u00f6r det till ett attraktivt potentiellt aptitstimulerande medel f\u00f6r individer som k\u00e4mpar med oavsiktlig viktminskning p\u00e5 grund av sjukdom eller medicinska behandlingar som kemoterapi. Lindring av illam\u00e5ende och kr\u00e4kningar: F\u00f6rutom att h\u00f6ja aptiten kan THCA-produkter lindra illam\u00e5ende och kr\u00e4kningar. Dess antiemetiska effekter \u00f6kar dess potentiella terapeutiska v\u00e4rde f\u00f6r individer som g\u00e5r igenom kemoterapi eller hanterar medicinska tillst\u00e5nd som orsakar illam\u00e5ende eller kr\u00e4kningar. Antikonvulsiva och krampl\u00f6sande egenskaper: Denna m\u00e5ngsidiga cannabisv\u00e4xtf\u00f6rening unders\u00f6ks ocks\u00e5 f\u00f6r dess potential att f\u00f6rebygga och lindra anfall och spasmer.\"><strong>THCA Vape 99% &#8211; Magic Farmers &#8211; Kiwi Sorbet<\/strong><\/p>\n<p><span style=\"font-weight: 400;\">Upplev sommarsmakerna med v\u00e5r THCA Vape &#8211; Kiwi Sorbet. Denna vape erbjuder en perfekt kombination av smak och effekt, vilket g\u00f6r den till ett utm\u00e4rkt val f\u00f6r kv\u00e4llen eller de soliga dagarna. Med en volym p\u00e5 2 ml och upp till 1000 puffs, kan du njuta l\u00e4nge.\u00a0<\/span><\/p>\n<p><strong>Specifikationer:<br \/>\n<\/strong><\/p>\n<ul>\n<li><span style=\"font-weight: 400;\"><strong>Kapacitet:<\/strong> 2 ml<\/span><\/li>\n<li><strong>Puffs:<\/strong> Upp till 1000<\/li>\n<li><strong>Inneh\u00e5ll:<\/strong> 99% THCA fr\u00e5n isolat<\/li>\n<li><strong>THC-fri<\/strong><\/li>\n<\/ul>\n<p>Denna produkt har en l\u00e4gsta prisgaranti, l\u00e4s mer om vad det inneb\u00e4r<a href=\"https:\/\/staging.swizzle.se\/en\/lagsta-pris-garanti\/\"><b> h\u00e4r<\/b><\/a>.<\/p>","protected":false},"featured_media":259623,"comment_status":"open","ping_status":"closed","template":"","meta":{"site-sidebar-layout":"default","site-content-layout":"","ast-site-content-layout":"default","site-content-style":"default","site-sidebar-style":"default","ast-global-header-display":"","ast-banner-title-visibility":"","ast-main-header-display":"","ast-hfb-above-header-display":"","ast-hfb-below-header-display":"","ast-hfb-mobile-header-display":"","site-post-title":"","ast-breadcrumbs-content":"","ast-featured-img":"","footer-sml-layout":"","ast-disable-related-posts":"","theme-transparent-header-meta":"default","adv-header-id-meta":"","stick-header-meta":"default","header-above-stick-meta":"","header-main-stick-meta":"","header-below-stick-meta":"","astra-migrate-meta-layouts":"set","ast-page-background-enabled":"default","ast-page-background-meta":{"desktop":{"background-color":"var(--ast-global-color-4)","background-image":"","background-repeat":"repeat","background-position":"center center","background-size":"auto","background-attachment":"scroll","background-type":"","background-media":"","overlay-type":"","overlay-color":"","overlay-opacity":"","overlay-gradient":""},"tablet":{"background-color":"","background-image":"","background-repeat":"repeat","background-position":"center center","background-size":"auto","background-attachment":"scroll","background-type":"","background-media":"","overlay-type":"","overlay-color":"","overlay-opacity":"","overlay-gradient":""},"mobile":{"background-color":"","background-image":"","background-repeat":"repeat","background-position":"center center","background-size":"auto","background-attachment":"scroll","background-type":"","background-media":"","overlay-type":"","overlay-color":"","overlay-opacity":"","overlay-gradient":""}},"ast-content-background-meta":{"desktop":{"background-color":"var(--ast-global-color-5)","background-image":"","background-repeat":"repeat","background-position":"center center","background-size":"auto","background-attachment":"scroll","background-type":"","background-media":"","overlay-type":"","overlay-color":"","overlay-opacity":"","overlay-gradient":""},"tablet":{"background-color":"var(--ast-global-color-5)","background-image":"","background-repeat":"repeat","background-position":"center center","background-size":"auto","background-attachment":"scroll","background-type":"","background-media":"","overlay-type":"","overlay-color":"","overlay-opacity":"","overlay-gradient":""},"mobile":{"background-color":"var(--ast-global-color-5)","background-image":"","background-repeat":"repeat","background-position":"center center","background-size":"auto","background-attachment":"scroll","background-type":"","background-media":"","overlay-type":"","overlay-color":"","overlay-opacity":"","overlay-gradient":""}}},"product_brand":[756],"product_cat":[303,464],"product_tag":[],"superdeal":[],"product_variant_id":[],"class_list":{"0":"post-259621","1":"product","2":"type-product","3":"status-publish","4":"has-post-thumbnail","6":"product_brand-magic-farmers","7":"product_cat-thca","8":"product_cat-thca-vapes","9":"pa_storlek-2ml","10":"desktop-align-center","11":"tablet-align-left","12":"mobile-align-left","13":"ast-product-gallery-layout-horizontal-slider","14":"ast-magnify-disabled","15":"ast-product-tabs-layout-horizontal","17":"first","18":"instock","19":"taxable","20":"shipping-taxable","21":"purchasable","22":"product-type-simple"},"yoast_head":"<!-- This site is optimized with the Yoast SEO Premium plugin v26.9 (Yoast SEO v26.9) - https:\/\/yoast.com\/product\/yoast-seo-premium-wordpress\/ -->\n<title>THCA Vape 99% - Magic Farmers - Kiwi Sorbet<\/title>\n<meta name=\"description\" content=\"THCA Vape 99% - Magic Farmers - Kiwi Sorbet - relativt ny uppt\u00e4ckt inom cannabisforskningen. Kiwi Sorbet-smaken i denna vape ger en h\u00e4rlig smakupplevelse.\" \/>\n<meta name=\"robots\" content=\"noindex, follow, max-snippet:-1, max-image-preview:large, max-video-preview:-1\" \/>\n<meta property=\"og:locale\" content=\"en_GB\" \/>\n<meta property=\"og:type\" content=\"article\" \/>\n<meta property=\"og:title\" content=\"THCA Vape 99% - Magic Farmers - Kiwi Sorbet\" \/>\n<meta property=\"og:description\" content=\"THCA Vape 99% - Magic Farmers - Kiwi Sorbet - relativt ny uppt\u00e4ckt inom cannabisforskningen. Kiwi Sorbet-smaken i denna vape ger en h\u00e4rlig smakupplevelse.\" \/>\n<meta property=\"og:url\" content=\"https:\/\/www.swizzle.se\/produkt\/thca-vape-99-magic-farmers-kiwi-sorbet\/\" \/>\n<meta property=\"og:site_name\" content=\"Swizzle\" \/>\n<meta property=\"article:modified_time\" content=\"2026-02-05T15:17:59+00:00\" \/>\n<meta property=\"og:image\" content=\"https:\/\/www.swizzle.se\/wp-content\/uploads\/2025\/05\/THCA_PUFF1000_KIWI.png\" \/>\n\t<meta property=\"og:image:width\" content=\"800\" \/>\n\t<meta property=\"og:image:height\" content=\"800\" \/>\n\t<meta property=\"og:image:type\" content=\"image\/png\" \/>\n<meta name=\"twitter:card\" content=\"summary_large_image\" \/>\n<meta name=\"twitter:title\" content=\"THCA Vape 99% - Magic Farmers - Kiwi Sorbet\" \/>\n<meta name=\"twitter:description\" content=\"THCA Vape 99% - Magic Farmers - Kiwi Sorbet - relativt ny uppt\u00e4ckt inom cannabisforskningen. Kiwi Sorbet-smaken i denna vape ger en h\u00e4rlig smakupplevelse.\" \/>\n<meta name=\"twitter:label1\" content=\"Price\" \/>\n\t<meta name=\"twitter:data1\" content=\"899.00&nbsp;&#107;&#114;\" \/>\n\t<meta name=\"twitter:label2\" content=\"Availability\" \/>\n\t<meta name=\"twitter:data2\" content=\"In stock\" \/>\n<script type=\"application\/ld+json\" class=\"yoast-schema-graph\">{\"@context\":\"https:\/\/schema.org\",\"@graph\":[{\"@type\":\"WebPage\",\"@id\":\"https:\/\/www.swizzle.se\/produkt\/thca-vape-99-magic-farmers-kiwi-sorbet\/\",\"url\":\"https:\/\/www.swizzle.se\/produkt\/thca-vape-99-magic-farmers-kiwi-sorbet\/\",\"name\":\"THCA Vape 99% - Magic Farmers - Kiwi Sorbet\",\"isPartOf\":{\"@id\":\"https:\/\/staging.swizzle.se\/#website\"},\"primaryImageOfPage\":{\"@id\":\"https:\/\/www.swizzle.se\/produkt\/thca-vape-99-magic-farmers-kiwi-sorbet\/#primaryimage\"},\"image\":{\"@id\":\"https:\/\/www.swizzle.se\/produkt\/thca-vape-99-magic-farmers-kiwi-sorbet\/#primaryimage\"},\"thumbnailUrl\":\"https:\/\/staging.swizzle.se\/wp-content\/uploads\/2025\/05\/THCA_PUFF1000_KIWI.png\",\"datePublished\":\"2024-10-01T20:07:46+00:00\",\"dateModified\":\"2026-02-05T15:17:59+00:00\",\"description\":\"THCA Vape 99% - Magic Farmers - Kiwi Sorbet - relativt ny uppt\u00e4ckt inom cannabisforskningen. Kiwi Sorbet-smaken i denna vape ger en h\u00e4rlig smakupplevelse.\",\"breadcrumb\":{\"@id\":\"https:\/\/www.swizzle.se\/produkt\/thca-vape-99-magic-farmers-kiwi-sorbet\/#breadcrumb\"},\"inLanguage\":\"en-GB\",\"potentialAction\":[{\"@type\":\"ReadAction\",\"target\":[\"https:\/\/www.swizzle.se\/produkt\/thca-vape-99-magic-farmers-kiwi-sorbet\/\"]}]},{\"@type\":\"ImageObject\",\"inLanguage\":\"en-GB\",\"@id\":\"https:\/\/www.swizzle.se\/produkt\/thca-vape-99-magic-farmers-kiwi-sorbet\/#primaryimage\",\"url\":\"https:\/\/staging.swizzle.se\/wp-content\/uploads\/2025\/05\/THCA_PUFF1000_KIWI.png\",\"contentUrl\":\"https:\/\/staging.swizzle.se\/wp-content\/uploads\/2025\/05\/THCA_PUFF1000_KIWI.png\",\"width\":800,\"height\":800,\"caption\":\"Bild kiwi\"},{\"@type\":\"BreadcrumbList\",\"@id\":\"https:\/\/www.swizzle.se\/produkt\/thca-vape-99-magic-farmers-kiwi-sorbet\/#breadcrumb\",\"itemListElement\":[{\"@type\":\"ListItem\",\"position\":1,\"name\":\"Home\",\"item\":\"https:\/\/www.swizzle.se\/\"},{\"@type\":\"ListItem\",\"position\":2,\"name\":\"Shop\",\"item\":\"https:\/\/www.swizzle.se\/shop\/\"},{\"@type\":\"ListItem\",\"position\":3,\"name\":\"THCA\",\"item\":\"https:\/\/www.swizzle.se\/produkt-kategori\/thca\/\"},{\"@type\":\"ListItem\",\"position\":4,\"name\":\"THCA VAPES\",\"item\":\"https:\/\/www.swizzle.se\/produkt-kategori\/thca\/thca-vapes\/\"},{\"@type\":\"ListItem\",\"position\":5,\"name\":\"THCA Vape 99% &#8211; Magic Farmers &#8211; 2ml &#8211; Kiwi Sorbet\"}]},{\"@type\":\"WebSite\",\"@id\":\"https:\/\/staging.swizzle.se\/#website\",\"url\":\"https:\/\/staging.swizzle.se\/\",\"name\":\"Swizzle\",\"description\":\"Nikotin CBD Vapes Snus White Portion\",\"publisher\":{\"@id\":\"https:\/\/staging.swizzle.se\/#organization\"},\"potentialAction\":[{\"@type\":\"SearchAction\",\"target\":{\"@type\":\"EntryPoint\",\"urlTemplate\":\"https:\/\/staging.swizzle.se\/?s={search_term_string}\"},\"query-input\":{\"@type\":\"PropertyValueSpecification\",\"valueRequired\":true,\"valueName\":\"search_term_string\"}}],\"inLanguage\":\"en-GB\"},{\"@type\":\"Organization\",\"@id\":\"https:\/\/staging.swizzle.se\/#organization\",\"name\":\"Swizzle\",\"url\":\"https:\/\/staging.swizzle.se\/\",\"logo\":{\"@type\":\"ImageObject\",\"inLanguage\":\"en-GB\",\"@id\":\"https:\/\/staging.swizzle.se\/#\/schema\/logo\/image\/\",\"url\":\"https:\/\/staging.swizzle.se\/wp-content\/uploads\/2025\/10\/cropped-SWIZZLE.-4.png\",\"contentUrl\":\"https:\/\/staging.swizzle.se\/wp-content\/uploads\/2025\/10\/cropped-SWIZZLE.-4.png\",\"width\":800,\"height\":267,\"caption\":\"Swizzle\"},\"image\":{\"@id\":\"https:\/\/staging.swizzle.se\/#\/schema\/logo\/image\/\"},\"hasMerchantReturnPolicy\":{\"@type\":\"MerchantReturnPolicy\",\"merchantReturnLink\":\"https:\/\/staging.swizzle.se\/en\/villkor\/\"}}]}<\/script>\n<meta property=\"product:price:amount\" content=\"899.00\" \/>\n<meta property=\"product:price:currency\" content=\"SEK\" \/>\n<meta property=\"og:availability\" content=\"instock\" \/>\n<meta property=\"product:availability\" content=\"instock\" \/>\n<meta property=\"product:retailer_item_id\" content=\"MF54203\" \/>\n<meta property=\"product:condition\" content=\"new\" \/>\n<!-- \/ Yoast SEO Premium plugin. -->","yoast_head_json":{"title":"THCA Vape 99% - Magic Farmers - Kiwi Sorbet","description":"THCA Vape 99% - Magic Farmers - Kiwi Sorbet - relativt ny uppt\u00e4ckt inom cannabisforskningen. Kiwi Sorbet-smaken i denna vape ger en h\u00e4rlig smakupplevelse.","robots":{"index":"noindex","follow":"follow","max-snippet":"max-snippet:-1","max-image-preview":"max-image-preview:large","max-video-preview":"max-video-preview:-1"},"og_locale":"en_GB","og_type":"article","og_title":"THCA Vape 99% - Magic Farmers - Kiwi Sorbet","og_description":"THCA Vape 99% - Magic Farmers - Kiwi Sorbet - relativt ny uppt\u00e4ckt inom cannabisforskningen. Kiwi Sorbet-smaken i denna vape ger en h\u00e4rlig smakupplevelse.","og_url":"https:\/\/www.swizzle.se\/produkt\/thca-vape-99-magic-farmers-kiwi-sorbet\/","og_site_name":"Swizzle","article_modified_time":"2026-02-05T15:17:59+00:00","og_image":[{"width":800,"height":800,"url":"https:\/\/www.swizzle.se\/wp-content\/uploads\/2025\/05\/THCA_PUFF1000_KIWI.png","type":"image\/png"}],"twitter_card":"summary_large_image","twitter_title":"THCA Vape 99% - Magic Farmers - Kiwi Sorbet","twitter_description":"THCA Vape 99% - Magic Farmers - Kiwi Sorbet - relativt ny uppt\u00e4ckt inom cannabisforskningen. Kiwi Sorbet-smaken i denna vape ger en h\u00e4rlig smakupplevelse.","twitter_misc":{"Price":"899.00&nbsp;&#107;&#114;","Availability":"In stock"},"schema":{"@context":"https:\/\/schema.org","@graph":[{"@type":"WebPage","@id":"https:\/\/www.swizzle.se\/produkt\/thca-vape-99-magic-farmers-kiwi-sorbet\/","url":"https:\/\/www.swizzle.se\/produkt\/thca-vape-99-magic-farmers-kiwi-sorbet\/","name":"THCA Vape 99% - Magic Farmers - Kiwi Sorbet","isPartOf":{"@id":"https:\/\/staging.swizzle.se\/#website"},"primaryImageOfPage":{"@id":"https:\/\/www.swizzle.se\/produkt\/thca-vape-99-magic-farmers-kiwi-sorbet\/#primaryimage"},"image":{"@id":"https:\/\/www.swizzle.se\/produkt\/thca-vape-99-magic-farmers-kiwi-sorbet\/#primaryimage"},"thumbnailUrl":"https:\/\/staging.swizzle.se\/wp-content\/uploads\/2025\/05\/THCA_PUFF1000_KIWI.png","datePublished":"2024-10-01T20:07:46+00:00","dateModified":"2026-02-05T15:17:59+00:00","description":"THCA Vape 99% - Magic Farmers - Kiwi Sorbet - relativt ny uppt\u00e4ckt inom cannabisforskningen. Kiwi Sorbet-smaken i denna vape ger en h\u00e4rlig smakupplevelse.","breadcrumb":{"@id":"https:\/\/www.swizzle.se\/produkt\/thca-vape-99-magic-farmers-kiwi-sorbet\/#breadcrumb"},"inLanguage":"en-GB","potentialAction":[{"@type":"ReadAction","target":["https:\/\/www.swizzle.se\/produkt\/thca-vape-99-magic-farmers-kiwi-sorbet\/"]}]},{"@type":"ImageObject","inLanguage":"en-GB","@id":"https:\/\/www.swizzle.se\/produkt\/thca-vape-99-magic-farmers-kiwi-sorbet\/#primaryimage","url":"https:\/\/staging.swizzle.se\/wp-content\/uploads\/2025\/05\/THCA_PUFF1000_KIWI.png","contentUrl":"https:\/\/staging.swizzle.se\/wp-content\/uploads\/2025\/05\/THCA_PUFF1000_KIWI.png","width":800,"height":800,"caption":"Bild kiwi"},{"@type":"BreadcrumbList","@id":"https:\/\/www.swizzle.se\/produkt\/thca-vape-99-magic-farmers-kiwi-sorbet\/#breadcrumb","itemListElement":[{"@type":"ListItem","position":1,"name":"Home","item":"https:\/\/www.swizzle.se\/"},{"@type":"ListItem","position":2,"name":"Shop","item":"https:\/\/www.swizzle.se\/shop\/"},{"@type":"ListItem","position":3,"name":"THCA","item":"https:\/\/www.swizzle.se\/produkt-kategori\/thca\/"},{"@type":"ListItem","position":4,"name":"THCA VAPES","item":"https:\/\/www.swizzle.se\/produkt-kategori\/thca\/thca-vapes\/"},{"@type":"ListItem","position":5,"name":"THCA Vape 99% &#8211; Magic Farmers &#8211; 2ml &#8211; Kiwi Sorbet"}]},{"@type":"WebSite","@id":"https:\/\/staging.swizzle.se\/#website","url":"https:\/\/staging.swizzle.se\/","name":"Swizzle","description":"Nicotine CBD Vapes Snus White Portion","publisher":{"@id":"https:\/\/staging.swizzle.se\/#organization"},"potentialAction":[{"@type":"SearchAction","target":{"@type":"EntryPoint","urlTemplate":"https:\/\/staging.swizzle.se\/?s={search_term_string}"},"query-input":{"@type":"PropertyValueSpecification","valueRequired":true,"valueName":"search_term_string"}}],"inLanguage":"en-GB"},{"@type":"Organization","@id":"https:\/\/staging.swizzle.se\/#organization","name":"Swizzle","url":"https:\/\/staging.swizzle.se\/","logo":{"@type":"ImageObject","inLanguage":"en-GB","@id":"https:\/\/staging.swizzle.se\/#\/schema\/logo\/image\/","url":"https:\/\/staging.swizzle.se\/wp-content\/uploads\/2025\/10\/cropped-SWIZZLE.-4.png","contentUrl":"https:\/\/staging.swizzle.se\/wp-content\/uploads\/2025\/10\/cropped-SWIZZLE.-4.png","width":800,"height":267,"caption":"Swizzle"},"image":{"@id":"https:\/\/staging.swizzle.se\/#\/schema\/logo\/image\/"},"hasMerchantReturnPolicy":{"@type":"MerchantReturnPolicy","merchantReturnLink":"https:\/\/staging.swizzle.se\/en\/villkor\/"}}]},"product_price_amount":"899.00","product_price_currency":"SEK","og_availability":"instock","product_availability":"instock","product_retailer_item_id":"MF54203","product_condition":"new"},"tiered_pricing_type":"fixed","tiered_pricing_fixed_rules":[],"tiered_pricing_product_settings":{"layout":"default","base_unit_name":{"singular":null,"plural":null},"default_variation":null},"tiered_pricing_minimum_quantity":null,"tiered_pricing_roles_data":[],"tiered_pricing_percentage_rules":[],"tiered_pricing_maximum_quantity":null,"tiered_pricing_quantity_step":null,"_links":{"self":[{"href":"https:\/\/staging.swizzle.se\/en\/wp-json\/wp\/v2\/product\/259621","targetHints":{"allow":["GET"]}}],"collection":[{"href":"https:\/\/staging.swizzle.se\/en\/wp-json\/wp\/v2\/product"}],"about":[{"href":"https:\/\/staging.swizzle.se\/en\/wp-json\/wp\/v2\/types\/product"}],"replies":[{"embeddable":true,"href":"https:\/\/staging.swizzle.se\/en\/wp-json\/wp\/v2\/comments?post=259621"}],"version-history":[{"count":0,"href":"https:\/\/staging.swizzle.se\/en\/wp-json\/wp\/v2\/product\/259621\/revisions"}],"wp:featuredmedia":[{"embeddable":true,"href":"https:\/\/staging.swizzle.se\/en\/wp-json\/wp\/v2\/media\/259623"}],"wp:attachment":[{"href":"https:\/\/staging.swizzle.se\/en\/wp-json\/wp\/v2\/media?parent=259621"}],"wp:term":[{"taxonomy":"product_brand","embeddable":true,"href":"https:\/\/staging.swizzle.se\/en\/wp-json\/wp\/v2\/product_brand?post=259621"},{"taxonomy":"product_cat","embeddable":true,"href":"https:\/\/staging.swizzle.se\/en\/wp-json\/wp\/v2\/product_cat?post=259621"},{"taxonomy":"product_tag","embeddable":true,"href":"https:\/\/staging.swizzle.se\/en\/wp-json\/wp\/v2\/product_tag?post=259621"},{"taxonomy":"superdeal","embeddable":true,"href":"https:\/\/staging.swizzle.se\/en\/wp-json\/wp\/v2\/superdeal?post=259621"},{"taxonomy":"product_variant_id","embeddable":true,"href":"https:\/\/staging.swizzle.se\/en\/wp-json\/wp\/v2\/product_variant_id?post=259621"}],"curies":[{"name":"wp","href":"https:\/\/api.w.org\/{rel}","templated":true}]}}