{"id":259590,"date":"2024-09-29T17:36:56","date_gmt":"2024-09-29T17:36:56","guid":{"rendered":"https:\/\/new.staging.swizzle.se\/produkt\/euphoria-hash-brownie-cannabis-walnot\/"},"modified":"2025-12-04T14:19:17","modified_gmt":"2025-12-04T14:19:17","slug":"euphoria-hash-brownie-cannabis-walnot","status":"publish","type":"product","link":"https:\/\/staging.swizzle.se\/en\/product-2\/euphoria-hash-brownie-cannabis-walnot\/","title":{"rendered":"Euphoria Hash Brownie Cannabis &#038; Waln\u00f6t"},"content":{"rendered":"<p><strong>Euphoria Hash Brownie Cannabis &amp; Waln\u00f6t<\/strong><\/p>\n<div class=\"product-description\">\n<h5>En njutning med f\u00f6rdelar f\u00f6r kropp och sinne<\/h5>\n<p>Uppt\u00e4ck en smakrik och kraftfull kombination av choklad, valn\u00f6t och h\u00f6gkvalitativ <strong>CBD<\/strong> i v\u00e5r <strong>Brownie Pure Cannabis &amp; Waln\u00f6t<\/strong>. Den h\u00e4r delikata bakelsen \u00e4r inte bara en fr\u00f6jd f\u00f6r smakl\u00f6karna, utan ocks\u00e5 en naturlig v\u00e4g till djupare avslappning och \u00f6kat v\u00e4lbefinnande. Perfekt f\u00f6r dig som s\u00f6ker ett smakfullt alternativ till traditionella CBD-produkter.<\/p>\n<p>Eftersom denna brownie intas oralt, g\u00e5r upptaget av cannabidiol l\u00e5ngsammare \u00e4n vid inhalering \u2013 men effekten blir desto mer l\u00e5ngvarig. Redan inom 45 till 90 minuter kommer du att k\u00e4nna en behaglig v\u00e5g av <strong>lugn, balans och inre harmoni<\/strong> sprida sig i kroppen. Den lena chokladsmaken i kombination med jordiga cannabisnoter och krispiga valn\u00f6tter g\u00f6r varje tugga till en fridfull upplevelse.<\/p>\n<h5>F\u00f6rdelar med att inta CBD genom livsmedel:<\/h5>\n<ul>\n<li>Effekten varar l\u00e4ngre \u2013 upp till flera timmar<\/li>\n<li>Idealisk f\u00f6r dem som inte vill inhalera eller f\u00f6r\u00e5nga CBD<\/li>\n<li>Naturlig hj\u00e4lp vid <strong>stress, oro och mental tr\u00f6tthet<\/strong><\/li>\n<li>Kan ge <strong>sm\u00e4rtlindring och antiinflammatorisk verkan<\/strong> vid kroniska tillst\u00e5nd<\/li>\n<li>Diskret, enkel att ta med \u2013 njut var du \u00e4n \u00e4r<\/li>\n<\/ul>\n<p>Denna brownie \u00e4r perfekt f\u00f6r kv\u00e4llsbruk, efter jobbet eller n\u00e4r du vill koppla bort vardagens stressmoment. Den passar b\u00e5de nyb\u00f6rjare och vana CBD-anv\u00e4ndare som vill ha en mer njutningsfull och smakrik upplevelse.<\/p>\n<p><strong>Unna dig ett \u00f6gonblick av \u00e5terh\u00e4mtning<\/strong> \u2013 med v\u00e5r Brownie Pure Cannabis &amp; Waln\u00f6t f\u00e5r du inte bara en godbit, utan ett v\u00e4lbefinnande du f\u00f6rtj\u00e4nar.<\/p>\n<\/div>\n<p><strong>Se v\u00e5ra andra brownies:<\/strong><\/p>\n<p><a href=\"https:\/\/staging.swizzle.se\/en\/product-2\/euphoria-hash-brownie-cannabis-rom\/\">Euphoria Hash Brownie Cannabis &amp; Rom<\/a><\/p>\n<p><a href=\"https:\/\/staging.swizzle.se\/en\/product-2\/hash-brownie-pure-cannabis-euphoira\/\">Hash Brownie Pure Cannabis &#8211; Euphoria<\/a><\/p>\n<p>Se andra <a href=\"http:\/\/staging.swizzle.se\/en\/product-category\/edibles\/\">Edibles<\/a><\/p>\n<p><strong>Obs!<\/strong><br \/>\nDu m\u00e5ste vara minst 18 \u00e5r f\u00f6r att k\u00f6pa denna produkt. Den \u00e4r inte avsedd som l\u00e4kemedel, kosttillskott eller naturprodukt. Vi uppmuntrar inte till konsumtion eller r\u00f6kning av produkten. F\u00f6rvara den utom r\u00e4ckh\u00e5ll f\u00f6r barn.Vi friskriver oss fr\u00e5n hur du som kund anv\u00e4nder v\u00e5ra produkter. Vi s\u00e4ljer dem f\u00f6r samlings- och prydnadssyften.<\/p>","protected":false},"excerpt":{"rendered":"<p dir=\"ltr\" data-placeholder=\"Translation\" data-ved=\"2ahUKEwj1l7G1xOiIAxXpFRAIHVDdEIMQ3ewLegQICBAU\" aria-label=\"Translated text: Alla vet redan att choklad och cannabis g\u00e5r bra ihop. Men n\u00e4r den doftande hampasmaken l\u00e4ggs till de delikata chokladbrowniesna skapar det en h\u00e4rlig dessert som du g\u00e4rna blir fet av.\"><strong>Euphoria Hash Brownie Cannabis &amp; Waln\u00f6t<\/strong><\/p>\n<p id=\"tw-target-text\" class=\"tw-data-text tw-text-large tw-ta\" dir=\"ltr\" data-placeholder=\"Translation\" data-ved=\"2ahUKEwj1l7G1xOiIAxXpFRAIHVDdEIMQ3ewLegQICBAU\" aria-label=\"Translated text: Alla vet redan att choklad och cannabis g\u00e5r bra ihop. Men n\u00e4r den doftande hampasmaken l\u00e4ggs till de delikata chokladbrowniesna skapar det en h\u00e4rlig dessert som du g\u00e4rna blir fet av.\"><span class=\"Y2IQFc\" lang=\"sv\">Det \u00e4r v\u00e4lk\u00e4nt att choklad och cannabis g\u00e5r bra ihop. Men n\u00e4r den v\u00e4ldoftande hampasmaken l\u00e4ggs till de delikata chokladbrowniesna skapar det en h\u00e4rlig dessert. &#8211; Euphoria Hash Brownie Cannabis &amp; Waln\u00f6t<\/span><\/p>\n<p id=\"tw-target-text\" class=\"tw-data-text tw-text-large tw-ta\" dir=\"ltr\" data-placeholder=\"Translation\" data-ved=\"2ahUKEwj1l7G1xOiIAxXpFRAIHVDdEIMQ3ewLegQICBAU\" aria-label=\"Translated text: H\u00e4r \u00e4r Pure Cannabis Brownie i rampljuset. Euphoria's Pure Cannabis Brownie \u00e4r saftig, choklad och smaksatt med de finaste kakao- och hampafr\u00f6n. Tillverkade med l\u00e4ckra naturliga ingredienser, dessa cupcakes erbjuder en perfekt konsistens och konsistens som kommer att gl\u00e4dja alla \u00e4lskare av s\u00f6t mat.\"><span class=\"Y2IQFc\" lang=\"sv\">Euphoria&#8217;s Pure Cannabis Brownie \u00e4r saftig, choklad och smaksatt med de finaste kakao och hampafr\u00f6n. Tillverkade av de mest naturliga ingredienser, dessa cupcakes erbjuder en perfekt konsistens som kommer att gl\u00e4dja alla \u00e4lskare av s\u00f6tsaker.<\/span><\/p>","protected":false},"featured_media":271639,"comment_status":"open","ping_status":"closed","template":"","meta":{"site-sidebar-layout":"default","site-content-layout":"","ast-site-content-layout":"default","site-content-style":"default","site-sidebar-style":"default","ast-global-header-display":"","ast-banner-title-visibility":"","ast-main-header-display":"","ast-hfb-above-header-display":"","ast-hfb-below-header-display":"","ast-hfb-mobile-header-display":"","site-post-title":"","ast-breadcrumbs-content":"","ast-featured-img":"","footer-sml-layout":"","ast-disable-related-posts":"","theme-transparent-header-meta":"default","adv-header-id-meta":"","stick-header-meta":"default","header-above-stick-meta":"","header-main-stick-meta":"","header-below-stick-meta":"","astra-migrate-meta-layouts":"set","ast-page-background-enabled":"default","ast-page-background-meta":{"desktop":{"background-color":"var(--ast-global-color-4)","background-image":"","background-repeat":"repeat","background-position":"center center","background-size":"auto","background-attachment":"scroll","background-type":"","background-media":"","overlay-type":"","overlay-color":"","overlay-opacity":"","overlay-gradient":""},"tablet":{"background-color":"","background-image":"","background-repeat":"repeat","background-position":"center center","background-size":"auto","background-attachment":"scroll","background-type":"","background-media":"","overlay-type":"","overlay-color":"","overlay-opacity":"","overlay-gradient":""},"mobile":{"background-color":"","background-image":"","background-repeat":"repeat","background-position":"center center","background-size":"auto","background-attachment":"scroll","background-type":"","background-media":"","overlay-type":"","overlay-color":"","overlay-opacity":"","overlay-gradient":""}},"ast-content-background-meta":{"desktop":{"background-color":"var(--ast-global-color-5)","background-image":"","background-repeat":"repeat","background-position":"center center","background-size":"auto","background-attachment":"scroll","background-type":"","background-media":"","overlay-type":"","overlay-color":"","overlay-opacity":"","overlay-gradient":""},"tablet":{"background-color":"var(--ast-global-color-5)","background-image":"","background-repeat":"repeat","background-position":"center center","background-size":"auto","background-attachment":"scroll","background-type":"","background-media":"","overlay-type":"","overlay-color":"","overlay-opacity":"","overlay-gradient":""},"mobile":{"background-color":"var(--ast-global-color-5)","background-image":"","background-repeat":"repeat","background-position":"center center","background-size":"auto","background-attachment":"scroll","background-type":"","background-media":"","overlay-type":"","overlay-color":"","overlay-opacity":"","overlay-gradient":""}}},"product_brand":[],"product_cat":[370,354],"product_tag":[],"superdeal":[],"product_variant_id":[],"class_list":{"0":"post-259590","1":"product","2":"type-product","3":"status-publish","4":"has-post-thumbnail","6":"product_cat-brownies","7":"product_cat-edibles","8":"desktop-align-center","9":"tablet-align-left","10":"mobile-align-left","11":"ast-product-gallery-layout-horizontal-slider","12":"ast-magnify-disabled","13":"ast-product-tabs-layout-horizontal","15":"first","16":"outofstock","17":"taxable","18":"shipping-taxable","19":"purchasable","20":"product-type-simple"},"yoast_head":"<!-- This site is optimized with the Yoast SEO Premium plugin v26.9 (Yoast SEO v26.9) - https:\/\/yoast.com\/product\/yoast-seo-premium-wordpress\/ -->\n<title>Euphoria Hash Brownie Cannabis &amp; Waln\u00f6t<\/title>\n<meta name=\"description\" content=\"Euphoria Hash Brownie Cannabis &amp; Waln\u00f6t. En fantastiskt good och smakrik CBD Brownie fr\u00e5n Euphoria. Det \u00e4r v\u00e4lk\u00e4nt att choklad och cannabis g\u00e5r bra ihop.\" \/>\n<meta name=\"robots\" content=\"noindex, follow, max-snippet:-1, max-image-preview:large, max-video-preview:-1\" \/>\n<meta property=\"og:locale\" content=\"en_GB\" \/>\n<meta property=\"og:type\" content=\"article\" \/>\n<meta property=\"og:title\" content=\"Euphoria Hash Brownie Cannabis &amp; Waln\u00f6t\" \/>\n<meta property=\"og:description\" content=\"Euphoria Hash Brownie Cannabis &amp; Waln\u00f6t. En fantastiskt good och smakrik CBD Brownie fr\u00e5n Euphoria. Det \u00e4r v\u00e4lk\u00e4nt att choklad och cannabis g\u00e5r bra ihop.\" \/>\n<meta property=\"og:url\" content=\"https:\/\/www.swizzle.se\/produkt\/euphoria-hash-brownie-cannabis-walnot\/\" \/>\n<meta property=\"og:site_name\" content=\"Swizzle\" \/>\n<meta property=\"article:modified_time\" content=\"2025-12-04T14:19:17+00:00\" \/>\n<meta property=\"og:image\" content=\"https:\/\/www.swizzle.se\/wp-content\/uploads\/2024\/09\/euphoria-cannabis-and-walnut-hash-brownie-1-1.webp\" \/>\n\t<meta property=\"og:image:width\" content=\"1100\" \/>\n\t<meta property=\"og:image:height\" content=\"1100\" \/>\n\t<meta property=\"og:image:type\" content=\"image\/webp\" \/>\n<meta name=\"twitter:card\" content=\"summary_large_image\" \/>\n<meta name=\"twitter:title\" content=\"Euphoria Hash Brownie Cannabis &amp; Waln\u00f6t\" \/>\n<meta name=\"twitter:description\" content=\"Euphoria Hash Brownie Cannabis &amp; Waln\u00f6t. En fantastiskt good och smakrik CBD Brownie fr\u00e5n Euphoria. Det \u00e4r v\u00e4lk\u00e4nt att choklad och cannabis g\u00e5r bra ihop.\" \/>\n<meta name=\"twitter:label1\" content=\"Price\" \/>\n\t<meta name=\"twitter:data1\" content=\"59.00&nbsp;&#107;&#114;\" \/>\n\t<meta name=\"twitter:label2\" content=\"Availability\" \/>\n\t<meta name=\"twitter:data2\" content=\"Out of stock\" \/>\n<script type=\"application\/ld+json\" class=\"yoast-schema-graph\">{\"@context\":\"https:\/\/schema.org\",\"@graph\":[{\"@type\":\"WebPage\",\"@id\":\"https:\/\/www.swizzle.se\/produkt\/euphoria-hash-brownie-cannabis-walnot\/\",\"url\":\"https:\/\/www.swizzle.se\/produkt\/euphoria-hash-brownie-cannabis-walnot\/\",\"name\":\"Euphoria Hash Brownie Cannabis & Waln\u00f6t\",\"isPartOf\":{\"@id\":\"https:\/\/staging.swizzle.se\/#website\"},\"primaryImageOfPage\":{\"@id\":\"https:\/\/www.swizzle.se\/produkt\/euphoria-hash-brownie-cannabis-walnot\/#primaryimage\"},\"image\":{\"@id\":\"https:\/\/www.swizzle.se\/produkt\/euphoria-hash-brownie-cannabis-walnot\/#primaryimage\"},\"thumbnailUrl\":\"https:\/\/staging.swizzle.se\/wp-content\/uploads\/2024\/09\/euphoria-cannabis-and-walnut-hash-brownie-1-1.webp\",\"datePublished\":\"2024-09-29T17:36:56+00:00\",\"dateModified\":\"2025-12-04T14:19:17+00:00\",\"description\":\"Euphoria Hash Brownie Cannabis & Waln\u00f6t. En fantastiskt good och smakrik CBD Brownie fr\u00e5n Euphoria. Det \u00e4r v\u00e4lk\u00e4nt att choklad och cannabis g\u00e5r bra ihop.\",\"breadcrumb\":{\"@id\":\"https:\/\/www.swizzle.se\/produkt\/euphoria-hash-brownie-cannabis-walnot\/#breadcrumb\"},\"inLanguage\":\"en-GB\",\"potentialAction\":[{\"@type\":\"ReadAction\",\"target\":[\"https:\/\/www.swizzle.se\/produkt\/euphoria-hash-brownie-cannabis-walnot\/\"]}]},{\"@type\":\"ImageObject\",\"inLanguage\":\"en-GB\",\"@id\":\"https:\/\/www.swizzle.se\/produkt\/euphoria-hash-brownie-cannabis-walnot\/#primaryimage\",\"url\":\"https:\/\/staging.swizzle.se\/wp-content\/uploads\/2024\/09\/euphoria-cannabis-and-walnut-hash-brownie-1-1.webp\",\"contentUrl\":\"https:\/\/staging.swizzle.se\/wp-content\/uploads\/2024\/09\/euphoria-cannabis-and-walnut-hash-brownie-1-1.webp\",\"width\":1100,\"height\":1100,\"caption\":\"Bild brownies\"},{\"@type\":\"BreadcrumbList\",\"@id\":\"https:\/\/www.swizzle.se\/produkt\/euphoria-hash-brownie-cannabis-walnot\/#breadcrumb\",\"itemListElement\":[{\"@type\":\"ListItem\",\"position\":1,\"name\":\"Home\",\"item\":\"https:\/\/www.swizzle.se\/\"},{\"@type\":\"ListItem\",\"position\":2,\"name\":\"Shop\",\"item\":\"https:\/\/www.swizzle.se\/shop\/\"},{\"@type\":\"ListItem\",\"position\":3,\"name\":\"EDIBLES\",\"item\":\"https:\/\/www.swizzle.se\/produkt-kategori\/edibles\/\"},{\"@type\":\"ListItem\",\"position\":4,\"name\":\"BROWNIES\",\"item\":\"https:\/\/www.swizzle.se\/produkt-kategori\/edibles\/brownies\/\"},{\"@type\":\"ListItem\",\"position\":5,\"name\":\"Euphoria Hash Brownie Cannabis &#038; Waln\u00f6t\"}]},{\"@type\":\"WebSite\",\"@id\":\"https:\/\/staging.swizzle.se\/#website\",\"url\":\"https:\/\/staging.swizzle.se\/\",\"name\":\"Swizzle\",\"description\":\"Nikotin CBD Vapes Snus White Portion\",\"publisher\":{\"@id\":\"https:\/\/staging.swizzle.se\/#organization\"},\"potentialAction\":[{\"@type\":\"SearchAction\",\"target\":{\"@type\":\"EntryPoint\",\"urlTemplate\":\"https:\/\/staging.swizzle.se\/?s={search_term_string}\"},\"query-input\":{\"@type\":\"PropertyValueSpecification\",\"valueRequired\":true,\"valueName\":\"search_term_string\"}}],\"inLanguage\":\"en-GB\"},{\"@type\":\"Organization\",\"@id\":\"https:\/\/staging.swizzle.se\/#organization\",\"name\":\"Swizzle\",\"url\":\"https:\/\/staging.swizzle.se\/\",\"logo\":{\"@type\":\"ImageObject\",\"inLanguage\":\"en-GB\",\"@id\":\"https:\/\/staging.swizzle.se\/#\/schema\/logo\/image\/\",\"url\":\"https:\/\/staging.swizzle.se\/wp-content\/uploads\/2025\/10\/cropped-SWIZZLE.-4.png\",\"contentUrl\":\"https:\/\/staging.swizzle.se\/wp-content\/uploads\/2025\/10\/cropped-SWIZZLE.-4.png\",\"width\":800,\"height\":267,\"caption\":\"Swizzle\"},\"image\":{\"@id\":\"https:\/\/staging.swizzle.se\/#\/schema\/logo\/image\/\"},\"hasMerchantReturnPolicy\":{\"@type\":\"MerchantReturnPolicy\",\"merchantReturnLink\":\"https:\/\/staging.swizzle.se\/en\/villkor\/\"}}]}<\/script>\n<meta property=\"product:price:amount\" content=\"59.00\" \/>\n<meta property=\"product:price:currency\" content=\"SEK\" \/>\n<meta property=\"og:availability\" content=\"out of stock\" \/>\n<meta property=\"product:availability\" content=\"out of stock\" \/>\n<meta property=\"product:retailer_item_id\" content=\"751\" \/>\n<meta property=\"product:condition\" content=\"new\" \/>\n<!-- \/ Yoast SEO Premium plugin. -->","yoast_head_json":{"title":"Euphoria Hash Brownie Cannabis & Waln\u00f6t","description":"Euphoria Hash Brownie Cannabis & Waln\u00f6t. En fantastiskt good och smakrik CBD Brownie fr\u00e5n Euphoria. Det \u00e4r v\u00e4lk\u00e4nt att choklad och cannabis g\u00e5r bra ihop.","robots":{"index":"noindex","follow":"follow","max-snippet":"max-snippet:-1","max-image-preview":"max-image-preview:large","max-video-preview":"max-video-preview:-1"},"og_locale":"en_GB","og_type":"article","og_title":"Euphoria Hash Brownie Cannabis & Waln\u00f6t","og_description":"Euphoria Hash Brownie Cannabis & Waln\u00f6t. En fantastiskt good och smakrik CBD Brownie fr\u00e5n Euphoria. Det \u00e4r v\u00e4lk\u00e4nt att choklad och cannabis g\u00e5r bra ihop.","og_url":"https:\/\/www.swizzle.se\/produkt\/euphoria-hash-brownie-cannabis-walnot\/","og_site_name":"Swizzle","article_modified_time":"2025-12-04T14:19:17+00:00","og_image":[{"width":1100,"height":1100,"url":"https:\/\/www.swizzle.se\/wp-content\/uploads\/2024\/09\/euphoria-cannabis-and-walnut-hash-brownie-1-1.webp","type":"image\/webp"}],"twitter_card":"summary_large_image","twitter_title":"Euphoria Hash Brownie Cannabis & Waln\u00f6t","twitter_description":"Euphoria Hash Brownie Cannabis & Waln\u00f6t. En fantastiskt good och smakrik CBD Brownie fr\u00e5n Euphoria. Det \u00e4r v\u00e4lk\u00e4nt att choklad och cannabis g\u00e5r bra ihop.","twitter_misc":{"Price":"59.00&nbsp;&#107;&#114;","Availability":"Out of stock"},"schema":{"@context":"https:\/\/schema.org","@graph":[{"@type":"WebPage","@id":"https:\/\/www.swizzle.se\/produkt\/euphoria-hash-brownie-cannabis-walnot\/","url":"https:\/\/www.swizzle.se\/produkt\/euphoria-hash-brownie-cannabis-walnot\/","name":"Euphoria Hash Brownie Cannabis & Waln\u00f6t","isPartOf":{"@id":"https:\/\/staging.swizzle.se\/#website"},"primaryImageOfPage":{"@id":"https:\/\/www.swizzle.se\/produkt\/euphoria-hash-brownie-cannabis-walnot\/#primaryimage"},"image":{"@id":"https:\/\/www.swizzle.se\/produkt\/euphoria-hash-brownie-cannabis-walnot\/#primaryimage"},"thumbnailUrl":"https:\/\/staging.swizzle.se\/wp-content\/uploads\/2024\/09\/euphoria-cannabis-and-walnut-hash-brownie-1-1.webp","datePublished":"2024-09-29T17:36:56+00:00","dateModified":"2025-12-04T14:19:17+00:00","description":"Euphoria Hash Brownie Cannabis & Waln\u00f6t. En fantastiskt good och smakrik CBD Brownie fr\u00e5n Euphoria. Det \u00e4r v\u00e4lk\u00e4nt att choklad och cannabis g\u00e5r bra ihop.","breadcrumb":{"@id":"https:\/\/www.swizzle.se\/produkt\/euphoria-hash-brownie-cannabis-walnot\/#breadcrumb"},"inLanguage":"en-GB","potentialAction":[{"@type":"ReadAction","target":["https:\/\/www.swizzle.se\/produkt\/euphoria-hash-brownie-cannabis-walnot\/"]}]},{"@type":"ImageObject","inLanguage":"en-GB","@id":"https:\/\/www.swizzle.se\/produkt\/euphoria-hash-brownie-cannabis-walnot\/#primaryimage","url":"https:\/\/staging.swizzle.se\/wp-content\/uploads\/2024\/09\/euphoria-cannabis-and-walnut-hash-brownie-1-1.webp","contentUrl":"https:\/\/staging.swizzle.se\/wp-content\/uploads\/2024\/09\/euphoria-cannabis-and-walnut-hash-brownie-1-1.webp","width":1100,"height":1100,"caption":"Bild brownies"},{"@type":"BreadcrumbList","@id":"https:\/\/www.swizzle.se\/produkt\/euphoria-hash-brownie-cannabis-walnot\/#breadcrumb","itemListElement":[{"@type":"ListItem","position":1,"name":"Home","item":"https:\/\/www.swizzle.se\/"},{"@type":"ListItem","position":2,"name":"Shop","item":"https:\/\/www.swizzle.se\/shop\/"},{"@type":"ListItem","position":3,"name":"EDIBLES","item":"https:\/\/www.swizzle.se\/produkt-kategori\/edibles\/"},{"@type":"ListItem","position":4,"name":"BROWNIES","item":"https:\/\/www.swizzle.se\/produkt-kategori\/edibles\/brownies\/"},{"@type":"ListItem","position":5,"name":"Euphoria Hash Brownie Cannabis &#038; Waln\u00f6t"}]},{"@type":"WebSite","@id":"https:\/\/staging.swizzle.se\/#website","url":"https:\/\/staging.swizzle.se\/","name":"Swizzle","description":"Nicotine CBD Vapes Snus White Portion","publisher":{"@id":"https:\/\/staging.swizzle.se\/#organization"},"potentialAction":[{"@type":"SearchAction","target":{"@type":"EntryPoint","urlTemplate":"https:\/\/staging.swizzle.se\/?s={search_term_string}"},"query-input":{"@type":"PropertyValueSpecification","valueRequired":true,"valueName":"search_term_string"}}],"inLanguage":"en-GB"},{"@type":"Organization","@id":"https:\/\/staging.swizzle.se\/#organization","name":"Swizzle","url":"https:\/\/staging.swizzle.se\/","logo":{"@type":"ImageObject","inLanguage":"en-GB","@id":"https:\/\/staging.swizzle.se\/#\/schema\/logo\/image\/","url":"https:\/\/staging.swizzle.se\/wp-content\/uploads\/2025\/10\/cropped-SWIZZLE.-4.png","contentUrl":"https:\/\/staging.swizzle.se\/wp-content\/uploads\/2025\/10\/cropped-SWIZZLE.-4.png","width":800,"height":267,"caption":"Swizzle"},"image":{"@id":"https:\/\/staging.swizzle.se\/#\/schema\/logo\/image\/"},"hasMerchantReturnPolicy":{"@type":"MerchantReturnPolicy","merchantReturnLink":"https:\/\/staging.swizzle.se\/en\/villkor\/"}}]},"product_price_amount":"59.00","product_price_currency":"SEK","og_availability":"out of stock","product_availability":"out of stock","product_retailer_item_id":"751","product_condition":"new"},"tiered_pricing_type":"fixed","tiered_pricing_fixed_rules":[],"tiered_pricing_product_settings":{"layout":"default","base_unit_name":{"singular":null,"plural":null},"default_variation":null},"tiered_pricing_minimum_quantity":null,"tiered_pricing_roles_data":[],"tiered_pricing_percentage_rules":[],"tiered_pricing_maximum_quantity":null,"tiered_pricing_quantity_step":null,"_links":{"self":[{"href":"https:\/\/staging.swizzle.se\/en\/wp-json\/wp\/v2\/product\/259590","targetHints":{"allow":["GET"]}}],"collection":[{"href":"https:\/\/staging.swizzle.se\/en\/wp-json\/wp\/v2\/product"}],"about":[{"href":"https:\/\/staging.swizzle.se\/en\/wp-json\/wp\/v2\/types\/product"}],"replies":[{"embeddable":true,"href":"https:\/\/staging.swizzle.se\/en\/wp-json\/wp\/v2\/comments?post=259590"}],"version-history":[{"count":0,"href":"https:\/\/staging.swizzle.se\/en\/wp-json\/wp\/v2\/product\/259590\/revisions"}],"wp:featuredmedia":[{"embeddable":true,"href":"https:\/\/staging.swizzle.se\/en\/wp-json\/wp\/v2\/media\/271639"}],"wp:attachment":[{"href":"https:\/\/staging.swizzle.se\/en\/wp-json\/wp\/v2\/media?parent=259590"}],"wp:term":[{"taxonomy":"product_brand","embeddable":true,"href":"https:\/\/staging.swizzle.se\/en\/wp-json\/wp\/v2\/product_brand?post=259590"},{"taxonomy":"product_cat","embeddable":true,"href":"https:\/\/staging.swizzle.se\/en\/wp-json\/wp\/v2\/product_cat?post=259590"},{"taxonomy":"product_tag","embeddable":true,"href":"https:\/\/staging.swizzle.se\/en\/wp-json\/wp\/v2\/product_tag?post=259590"},{"taxonomy":"superdeal","embeddable":true,"href":"https:\/\/staging.swizzle.se\/en\/wp-json\/wp\/v2\/superdeal?post=259590"},{"taxonomy":"product_variant_id","embeddable":true,"href":"https:\/\/staging.swizzle.se\/en\/wp-json\/wp\/v2\/product_variant_id?post=259590"}],"curies":[{"name":"wp","href":"https:\/\/api.w.org\/{rel}","templated":true}]}}