{"id":259477,"date":"2024-09-22T18:01:16","date_gmt":"2024-09-22T18:01:16","guid":{"rendered":"https:\/\/new.staging.swizzle.se\/produkt\/voon-orange-bubblegum-emilias-edition\/"},"modified":"2025-11-14T12:18:00","modified_gmt":"2025-11-14T12:18:00","slug":"voon-orange-bubblegum-emilias-edition-300mg-cbd","status":"publish","type":"product","link":"https:\/\/staging.swizzle.se\/en\/product-2\/voon-orange-bubblegum-emilias-edition-300mg-cbd\/","title":{"rendered":"VOON Orange Bubblegum Emilias Edition 300mg CBD"},"content":{"rendered":"<h3>VOON Orange Bubblegum Emilias Edition 300mg CBD<\/h3>\n<p class=\"emilia\"><strong>VOON Orange Bubblegum Emilias Edition<\/strong>\u00a0\u2013 En smakupplevelse olik det mesta du tidigare testat \u2013 en hyllning till livets glittrande \u00f6gonblick!<br \/>\nInspirerad av Emilias bubblande charm, kombineras smaken av klassiskt 90-tals bubbelgum med inslag av solmogen apelsin. Extra torra prillor f\u00f6r en l\u00e4ngre smakupplevelse och mindre rinnighet.<\/p>\n<p class=\"vc_custom_heading vc_custom_1714975501337 text-left\"><strong>Vem \u00e4r Emilia L\u00f6f Karlsson?<\/strong><br \/>\nEmilia L\u00f6f Karlsson \u00e4r en meditationsinstrukt\u00f6r och journalist som \u00e4gnar sig \u00e5t att fr\u00e4mja v\u00e4lbefinnande och sj\u00e4lvst\u00e4ndighet.<br \/>\nHon b\u00f6rjade sin resa inom mindfulness redan vid 15 \u00e5rs \u00e5lder och reser nu runt i Sverige f\u00f6r att fr\u00e4mja inre styrka.<\/p>\n<div class=\"wpb_text_column wpb_content_element\">\n<div class=\"wpb_wrapper\">\n<p>Emilia har varit en f\u00f6respr\u00e5kare f\u00f6r VOON sedan starten och produkterna \u00e4r en sj\u00e4lvklar del f\u00f6r henne vid s\u00e5v\u00e4l meditation som yoga.<br \/>\nOch f\u00f6r att fira sommarens intr\u00e4de och Emilias f\u00f6delsedag sl\u00e4pps tv\u00e5 unika varianter i mycket begr\u00e4nsad upplaga.<\/p>\n<p>K\u00f6p VOON Orange Bubblegum Emilias Edition 300mg CBD<\/p>\n<p>Se \u00e4ven:\u00a0<a href=\"https:\/\/staging.swizzle.se\/en\/product-2\/voon-salt-lakrits-200mg-cbd\/\">VOON Salt Lakrits 200mg CBD<\/a> &amp;\u00a0<a href=\"https:\/\/staging.swizzle.se\/en\/product-2\/voon-watermelon-emilias-edition-400mg-cbd\/\">https:\/\/staging.swizzle.se\/produkt\/voon-watermelon-emilias-edition-400mg-cbd\/<\/a><\/p>\n<\/div>\n<\/div>","protected":false},"excerpt":{"rendered":"<p>VOON Orange Bubblegum Emilias Edition 300mg CBD<\/p>\n<p>En smakupplevelse olik det mesta du tidigare testat \u2013 en hyllning till livets glittrande \u00f6gonblick!<br \/>\nInspirerad av Emilias bubblande charm, kombineras smaken av klassiskt 90-tals bubbelgum med inslag av solmogen apelsin. Extra torra prillor f\u00f6r en l\u00e4ngre smakupplevelse och mindre rinnighet.<\/p>\n<h5>20mg CBD \/ p\u00e5se<\/h5>\n<h5>15 prillor per f\u00f6rpackning<\/h5>\n<p><strong>Obs!<\/strong><br \/>\nDu m\u00e5ste vara minst 18 \u00e5r f\u00f6r att k\u00f6pa denna produkt. Den \u00e4r inte avsedd som l\u00e4kemedel, kosttillskott eller naturprodukt. Vi uppmuntrar inte till konsumtion eller r\u00f6kning av produkten. F\u00f6rvara den utom r\u00e4ckh\u00e5ll f\u00f6r barn.Vi friskriver oss fr\u00e5n hur du som kund anv\u00e4nder v\u00e5ra produkter. Vi s\u00e4ljer dem f\u00f6r samlings- och prydnadssyften.<\/p>","protected":false},"featured_media":260969,"comment_status":"open","ping_status":"closed","template":"","meta":{"site-sidebar-layout":"default","site-content-layout":"","ast-site-content-layout":"default","site-content-style":"default","site-sidebar-style":"default","ast-global-header-display":"","ast-banner-title-visibility":"","ast-main-header-display":"","ast-hfb-above-header-display":"","ast-hfb-below-header-display":"","ast-hfb-mobile-header-display":"","site-post-title":"","ast-breadcrumbs-content":"","ast-featured-img":"","footer-sml-layout":"","ast-disable-related-posts":"","theme-transparent-header-meta":"default","adv-header-id-meta":"","stick-header-meta":"","header-above-stick-meta":"","header-main-stick-meta":"","header-below-stick-meta":"","astra-migrate-meta-layouts":"set","ast-page-background-enabled":"default","ast-page-background-meta":{"desktop":{"background-color":"var(--ast-global-color-4)","background-image":"","background-repeat":"repeat","background-position":"center center","background-size":"auto","background-attachment":"scroll","background-type":"","background-media":"","overlay-type":"","overlay-color":"","overlay-opacity":"","overlay-gradient":""},"tablet":{"background-color":"","background-image":"","background-repeat":"repeat","background-position":"center center","background-size":"auto","background-attachment":"scroll","background-type":"","background-media":"","overlay-type":"","overlay-color":"","overlay-opacity":"","overlay-gradient":""},"mobile":{"background-color":"","background-image":"","background-repeat":"repeat","background-position":"center center","background-size":"auto","background-attachment":"scroll","background-type":"","background-media":"","overlay-type":"","overlay-color":"","overlay-opacity":"","overlay-gradient":""}},"ast-content-background-meta":{"desktop":{"background-color":"var(--ast-global-color-5)","background-image":"","background-repeat":"repeat","background-position":"center center","background-size":"auto","background-attachment":"scroll","background-type":"","background-media":"","overlay-type":"","overlay-color":"","overlay-opacity":"","overlay-gradient":""},"tablet":{"background-color":"var(--ast-global-color-5)","background-image":"","background-repeat":"repeat","background-position":"center center","background-size":"auto","background-attachment":"scroll","background-type":"","background-media":"","overlay-type":"","overlay-color":"","overlay-opacity":"","overlay-gradient":""},"mobile":{"background-color":"var(--ast-global-color-5)","background-image":"","background-repeat":"repeat","background-position":"center center","background-size":"auto","background-attachment":"scroll","background-type":"","background-media":"","overlay-type":"","overlay-color":"","overlay-opacity":"","overlay-gradient":""}}},"product_brand":[],"product_cat":[359,331],"product_tag":[],"superdeal":[],"product_variant_id":[],"class_list":{"0":"post-259477","1":"product","2":"type-product","3":"status-publish","4":"has-post-thumbnail","6":"product_cat-cbd-snus-cbd-g-n","7":"product_cat-cbd-g-n","8":"desktop-align-center","9":"tablet-align-left","10":"mobile-align-left","11":"ast-product-gallery-layout-horizontal-slider","12":"ast-magnify-disabled","13":"ast-product-tabs-layout-horizontal","15":"first","16":"outofstock","17":"sale","18":"taxable","19":"shipping-taxable","20":"purchasable","21":"product-type-simple"},"yoast_head":"<!-- This site is optimized with the Yoast SEO Premium plugin v26.9 (Yoast SEO v26.9) - https:\/\/yoast.com\/product\/yoast-seo-premium-wordpress\/ -->\n<title>VOON Orange Bubblegum Emilias Edition 300mg CBD<\/title>\n<meta name=\"description\" content=\"VOON Orange Bubblegum Emilias Edition 300mg CBD. Inspirerad av Emilias bubblande charm, kombineras smaken av klassiskt 90-tals bubbelgum med apelsin.\" \/>\n<meta name=\"robots\" content=\"noindex, follow, max-snippet:-1, max-image-preview:large, max-video-preview:-1\" \/>\n<meta property=\"og:locale\" content=\"en_GB\" \/>\n<meta property=\"og:type\" content=\"article\" \/>\n<meta property=\"og:title\" content=\"VOON Orange Bubblegum Emilias Edition 40mg CBD\" \/>\n<meta property=\"og:description\" content=\"VOON Orange Bubblegum Emilias Edition 40mg CBD. Inspirerad av Emilias bubblande charm, kombineras smaken av klassiskt 90-tals bubbelgum med apelsin.\" \/>\n<meta property=\"og:url\" content=\"https:\/\/www.swizzle.se\/produkt\/voon-orange-bubblegum-emilias-edition-300mg-cbd\/\" \/>\n<meta property=\"og:site_name\" content=\"Swizzle\" \/>\n<meta property=\"article:modified_time\" content=\"2025-11-14T12:18:00+00:00\" \/>\n<meta property=\"og:image\" content=\"https:\/\/www.swizzle.se\/wp-content\/uploads\/2025\/06\/BubbleGum-Front-768x768_1_11zon.webp\" \/>\n\t<meta property=\"og:image:width\" content=\"768\" \/>\n\t<meta property=\"og:image:height\" content=\"768\" \/>\n\t<meta property=\"og:image:type\" content=\"image\/webp\" \/>\n<meta name=\"twitter:card\" content=\"summary_large_image\" \/>\n<meta name=\"twitter:title\" content=\"VOON Orange Bubblegum Emilias Edition 40mg CBD\" \/>\n<meta name=\"twitter:description\" content=\"VOON Orange Bubblegum Emilias Edition 40mg CBD. Inspirerad av Emilias bubblande charm, kombineras smaken av klassiskt 90-tals bubbelgum med apelsin.\" \/>\n<meta name=\"twitter:label1\" content=\"Price\" \/>\n\t<meta name=\"twitter:data1\" content=\"89.00&nbsp;&#107;&#114;\" \/>\n\t<meta name=\"twitter:label2\" content=\"Availability\" \/>\n\t<meta name=\"twitter:data2\" content=\"Out of stock\" \/>\n<script type=\"application\/ld+json\" class=\"yoast-schema-graph\">{\"@context\":\"https:\/\/schema.org\",\"@graph\":[{\"@type\":\"WebPage\",\"@id\":\"https:\/\/www.swizzle.se\/produkt\/voon-orange-bubblegum-emilias-edition-300mg-cbd\/\",\"url\":\"https:\/\/www.swizzle.se\/produkt\/voon-orange-bubblegum-emilias-edition-300mg-cbd\/\",\"name\":\"VOON Orange Bubblegum Emilias Edition 300mg CBD\",\"isPartOf\":{\"@id\":\"https:\/\/staging.swizzle.se\/#website\"},\"primaryImageOfPage\":{\"@id\":\"https:\/\/www.swizzle.se\/produkt\/voon-orange-bubblegum-emilias-edition-300mg-cbd\/#primaryimage\"},\"image\":{\"@id\":\"https:\/\/www.swizzle.se\/produkt\/voon-orange-bubblegum-emilias-edition-300mg-cbd\/#primaryimage\"},\"thumbnailUrl\":\"https:\/\/staging.swizzle.se\/wp-content\/uploads\/2025\/06\/BubbleGum-Front-768x768_1_11zon.webp\",\"datePublished\":\"2024-09-22T18:01:16+00:00\",\"dateModified\":\"2025-11-14T12:18:00+00:00\",\"description\":\"VOON Orange Bubblegum Emilias Edition 300mg CBD. Inspirerad av Emilias bubblande charm, kombineras smaken av klassiskt 90-tals bubbelgum med apelsin.\",\"breadcrumb\":{\"@id\":\"https:\/\/www.swizzle.se\/produkt\/voon-orange-bubblegum-emilias-edition-300mg-cbd\/#breadcrumb\"},\"inLanguage\":\"en-GB\",\"potentialAction\":[{\"@type\":\"ReadAction\",\"target\":[\"https:\/\/www.swizzle.se\/produkt\/voon-orange-bubblegum-emilias-edition-300mg-cbd\/\"]}]},{\"@type\":\"ImageObject\",\"inLanguage\":\"en-GB\",\"@id\":\"https:\/\/www.swizzle.se\/produkt\/voon-orange-bubblegum-emilias-edition-300mg-cbd\/#primaryimage\",\"url\":\"https:\/\/staging.swizzle.se\/wp-content\/uploads\/2025\/06\/BubbleGum-Front-768x768_1_11zon.webp\",\"contentUrl\":\"https:\/\/staging.swizzle.se\/wp-content\/uploads\/2025\/06\/BubbleGum-Front-768x768_1_11zon.webp\",\"width\":768,\"height\":768,\"caption\":\"Bild bubbelgum\"},{\"@type\":\"BreadcrumbList\",\"@id\":\"https:\/\/www.swizzle.se\/produkt\/voon-orange-bubblegum-emilias-edition-300mg-cbd\/#breadcrumb\",\"itemListElement\":[{\"@type\":\"ListItem\",\"position\":1,\"name\":\"Home\",\"item\":\"https:\/\/www.swizzle.se\/\"},{\"@type\":\"ListItem\",\"position\":2,\"name\":\"Shop\",\"item\":\"https:\/\/www.swizzle.se\/shop\/\"},{\"@type\":\"ListItem\",\"position\":3,\"name\":\"CANNABINOIDER\",\"item\":\"https:\/\/www.swizzle.se\/produkt-kategori\/cannabinoider\/\"},{\"@type\":\"ListItem\",\"position\":4,\"name\":\"CBD\/G\/N\",\"item\":\"https:\/\/www.swizzle.se\/produkt-kategori\/cannabinoider\/cbd-g-n\/\"},{\"@type\":\"ListItem\",\"position\":5,\"name\":\"CBD SNUS\",\"item\":\"https:\/\/www.swizzle.se\/produkt-kategori\/cannabinoider\/cbd-g-n\/cbd-snus-cbd-g-n\/\"},{\"@type\":\"ListItem\",\"position\":6,\"name\":\"VOON Orange Bubblegum Emilias Edition 300mg CBD\"}]},{\"@type\":\"WebSite\",\"@id\":\"https:\/\/staging.swizzle.se\/#website\",\"url\":\"https:\/\/staging.swizzle.se\/\",\"name\":\"Swizzle\",\"description\":\"Nikotin CBD Vapes Snus White Portion\",\"publisher\":{\"@id\":\"https:\/\/staging.swizzle.se\/#organization\"},\"potentialAction\":[{\"@type\":\"SearchAction\",\"target\":{\"@type\":\"EntryPoint\",\"urlTemplate\":\"https:\/\/staging.swizzle.se\/?s={search_term_string}\"},\"query-input\":{\"@type\":\"PropertyValueSpecification\",\"valueRequired\":true,\"valueName\":\"search_term_string\"}}],\"inLanguage\":\"en-GB\"},{\"@type\":\"Organization\",\"@id\":\"https:\/\/staging.swizzle.se\/#organization\",\"name\":\"Swizzle\",\"url\":\"https:\/\/staging.swizzle.se\/\",\"logo\":{\"@type\":\"ImageObject\",\"inLanguage\":\"en-GB\",\"@id\":\"https:\/\/staging.swizzle.se\/#\/schema\/logo\/image\/\",\"url\":\"https:\/\/staging.swizzle.se\/wp-content\/uploads\/2025\/10\/cropped-SWIZZLE.-4.png\",\"contentUrl\":\"https:\/\/staging.swizzle.se\/wp-content\/uploads\/2025\/10\/cropped-SWIZZLE.-4.png\",\"width\":800,\"height\":267,\"caption\":\"Swizzle\"},\"image\":{\"@id\":\"https:\/\/staging.swizzle.se\/#\/schema\/logo\/image\/\"},\"hasMerchantReturnPolicy\":{\"@type\":\"MerchantReturnPolicy\",\"merchantReturnLink\":\"https:\/\/staging.swizzle.se\/en\/villkor\/\"}}]}<\/script>\n<meta property=\"product:price:amount\" content=\"89.00\" \/>\n<meta property=\"product:price:currency\" content=\"SEK\" \/>\n<meta property=\"og:availability\" content=\"out of stock\" \/>\n<meta property=\"product:availability\" content=\"out of stock\" \/>\n<meta property=\"product:retailer_item_id\" content=\"VOON600100\" \/>\n<meta property=\"product:condition\" content=\"new\" \/>\n<!-- \/ Yoast SEO Premium plugin. -->","yoast_head_json":{"title":"VOON Orange Bubblegum Emilias Edition 300mg CBD","description":"VOON Orange Bubblegum Emilias Edition 300mg CBD. Inspirerad av Emilias bubblande charm, kombineras smaken av klassiskt 90-tals bubbelgum med apelsin.","robots":{"index":"noindex","follow":"follow","max-snippet":"max-snippet:-1","max-image-preview":"max-image-preview:large","max-video-preview":"max-video-preview:-1"},"og_locale":"en_GB","og_type":"article","og_title":"VOON Orange Bubblegum Emilias Edition 40mg CBD","og_description":"VOON Orange Bubblegum Emilias Edition 40mg CBD. Inspirerad av Emilias bubblande charm, kombineras smaken av klassiskt 90-tals bubbelgum med apelsin.","og_url":"https:\/\/www.swizzle.se\/produkt\/voon-orange-bubblegum-emilias-edition-300mg-cbd\/","og_site_name":"Swizzle","article_modified_time":"2025-11-14T12:18:00+00:00","og_image":[{"width":768,"height":768,"url":"https:\/\/www.swizzle.se\/wp-content\/uploads\/2025\/06\/BubbleGum-Front-768x768_1_11zon.webp","type":"image\/webp"}],"twitter_card":"summary_large_image","twitter_title":"VOON Orange Bubblegum Emilias Edition 40mg CBD","twitter_description":"VOON Orange Bubblegum Emilias Edition 40mg CBD. Inspirerad av Emilias bubblande charm, kombineras smaken av klassiskt 90-tals bubbelgum med apelsin.","twitter_misc":{"Price":"89.00&nbsp;&#107;&#114;","Availability":"Out of stock"},"schema":{"@context":"https:\/\/schema.org","@graph":[{"@type":"WebPage","@id":"https:\/\/www.swizzle.se\/produkt\/voon-orange-bubblegum-emilias-edition-300mg-cbd\/","url":"https:\/\/www.swizzle.se\/produkt\/voon-orange-bubblegum-emilias-edition-300mg-cbd\/","name":"VOON Orange Bubblegum Emilias Edition 300mg CBD","isPartOf":{"@id":"https:\/\/staging.swizzle.se\/#website"},"primaryImageOfPage":{"@id":"https:\/\/www.swizzle.se\/produkt\/voon-orange-bubblegum-emilias-edition-300mg-cbd\/#primaryimage"},"image":{"@id":"https:\/\/www.swizzle.se\/produkt\/voon-orange-bubblegum-emilias-edition-300mg-cbd\/#primaryimage"},"thumbnailUrl":"https:\/\/staging.swizzle.se\/wp-content\/uploads\/2025\/06\/BubbleGum-Front-768x768_1_11zon.webp","datePublished":"2024-09-22T18:01:16+00:00","dateModified":"2025-11-14T12:18:00+00:00","description":"VOON Orange Bubblegum Emilias Edition 300mg CBD. Inspirerad av Emilias bubblande charm, kombineras smaken av klassiskt 90-tals bubbelgum med apelsin.","breadcrumb":{"@id":"https:\/\/www.swizzle.se\/produkt\/voon-orange-bubblegum-emilias-edition-300mg-cbd\/#breadcrumb"},"inLanguage":"en-GB","potentialAction":[{"@type":"ReadAction","target":["https:\/\/www.swizzle.se\/produkt\/voon-orange-bubblegum-emilias-edition-300mg-cbd\/"]}]},{"@type":"ImageObject","inLanguage":"en-GB","@id":"https:\/\/www.swizzle.se\/produkt\/voon-orange-bubblegum-emilias-edition-300mg-cbd\/#primaryimage","url":"https:\/\/staging.swizzle.se\/wp-content\/uploads\/2025\/06\/BubbleGum-Front-768x768_1_11zon.webp","contentUrl":"https:\/\/staging.swizzle.se\/wp-content\/uploads\/2025\/06\/BubbleGum-Front-768x768_1_11zon.webp","width":768,"height":768,"caption":"Bild bubbelgum"},{"@type":"BreadcrumbList","@id":"https:\/\/www.swizzle.se\/produkt\/voon-orange-bubblegum-emilias-edition-300mg-cbd\/#breadcrumb","itemListElement":[{"@type":"ListItem","position":1,"name":"Home","item":"https:\/\/www.swizzle.se\/"},{"@type":"ListItem","position":2,"name":"Shop","item":"https:\/\/www.swizzle.se\/shop\/"},{"@type":"ListItem","position":3,"name":"CANNABINOIDER","item":"https:\/\/www.swizzle.se\/produkt-kategori\/cannabinoider\/"},{"@type":"ListItem","position":4,"name":"CBD\/G\/N","item":"https:\/\/www.swizzle.se\/produkt-kategori\/cannabinoider\/cbd-g-n\/"},{"@type":"ListItem","position":5,"name":"CBD SNUS","item":"https:\/\/www.swizzle.se\/produkt-kategori\/cannabinoider\/cbd-g-n\/cbd-snus-cbd-g-n\/"},{"@type":"ListItem","position":6,"name":"VOON Orange Bubblegum Emilias Edition 300mg CBD"}]},{"@type":"WebSite","@id":"https:\/\/staging.swizzle.se\/#website","url":"https:\/\/staging.swizzle.se\/","name":"Swizzle","description":"Nicotine CBD Vapes Snus White Portion","publisher":{"@id":"https:\/\/staging.swizzle.se\/#organization"},"potentialAction":[{"@type":"SearchAction","target":{"@type":"EntryPoint","urlTemplate":"https:\/\/staging.swizzle.se\/?s={search_term_string}"},"query-input":{"@type":"PropertyValueSpecification","valueRequired":true,"valueName":"search_term_string"}}],"inLanguage":"en-GB"},{"@type":"Organization","@id":"https:\/\/staging.swizzle.se\/#organization","name":"Swizzle","url":"https:\/\/staging.swizzle.se\/","logo":{"@type":"ImageObject","inLanguage":"en-GB","@id":"https:\/\/staging.swizzle.se\/#\/schema\/logo\/image\/","url":"https:\/\/staging.swizzle.se\/wp-content\/uploads\/2025\/10\/cropped-SWIZZLE.-4.png","contentUrl":"https:\/\/staging.swizzle.se\/wp-content\/uploads\/2025\/10\/cropped-SWIZZLE.-4.png","width":800,"height":267,"caption":"Swizzle"},"image":{"@id":"https:\/\/staging.swizzle.se\/#\/schema\/logo\/image\/"},"hasMerchantReturnPolicy":{"@type":"MerchantReturnPolicy","merchantReturnLink":"https:\/\/staging.swizzle.se\/en\/villkor\/"}}]},"product_price_amount":"89.00","product_price_currency":"SEK","og_availability":"out of stock","product_availability":"out of stock","product_retailer_item_id":"VOON600100","product_condition":"new"},"tiered_pricing_type":"fixed","tiered_pricing_fixed_rules":[],"tiered_pricing_product_settings":{"layout":"default","base_unit_name":{"singular":null,"plural":null},"default_variation":null},"tiered_pricing_minimum_quantity":null,"tiered_pricing_roles_data":[],"tiered_pricing_percentage_rules":[],"tiered_pricing_maximum_quantity":null,"tiered_pricing_quantity_step":null,"_links":{"self":[{"href":"https:\/\/staging.swizzle.se\/en\/wp-json\/wp\/v2\/product\/259477","targetHints":{"allow":["GET"]}}],"collection":[{"href":"https:\/\/staging.swizzle.se\/en\/wp-json\/wp\/v2\/product"}],"about":[{"href":"https:\/\/staging.swizzle.se\/en\/wp-json\/wp\/v2\/types\/product"}],"replies":[{"embeddable":true,"href":"https:\/\/staging.swizzle.se\/en\/wp-json\/wp\/v2\/comments?post=259477"}],"version-history":[{"count":0,"href":"https:\/\/staging.swizzle.se\/en\/wp-json\/wp\/v2\/product\/259477\/revisions"}],"wp:featuredmedia":[{"embeddable":true,"href":"https:\/\/staging.swizzle.se\/en\/wp-json\/wp\/v2\/media\/260969"}],"wp:attachment":[{"href":"https:\/\/staging.swizzle.se\/en\/wp-json\/wp\/v2\/media?parent=259477"}],"wp:term":[{"taxonomy":"product_brand","embeddable":true,"href":"https:\/\/staging.swizzle.se\/en\/wp-json\/wp\/v2\/product_brand?post=259477"},{"taxonomy":"product_cat","embeddable":true,"href":"https:\/\/staging.swizzle.se\/en\/wp-json\/wp\/v2\/product_cat?post=259477"},{"taxonomy":"product_tag","embeddable":true,"href":"https:\/\/staging.swizzle.se\/en\/wp-json\/wp\/v2\/product_tag?post=259477"},{"taxonomy":"superdeal","embeddable":true,"href":"https:\/\/staging.swizzle.se\/en\/wp-json\/wp\/v2\/superdeal?post=259477"},{"taxonomy":"product_variant_id","embeddable":true,"href":"https:\/\/staging.swizzle.se\/en\/wp-json\/wp\/v2\/product_variant_id?post=259477"}],"curies":[{"name":"wp","href":"https:\/\/api.w.org\/{rel}","templated":true}]}}