{"id":259430,"date":"2024-09-21T10:43:56","date_gmt":"2024-09-21T10:43:56","guid":{"rendered":"https:\/\/new.staging.swizzle.se\/produkt\/voon-cool-spearmint-cbd-pasar\/"},"modified":"2025-12-04T14:27:17","modified_gmt":"2025-12-04T14:27:17","slug":"voon-cool-spearmint-200mg-cbd","status":"publish","type":"product","link":"https:\/\/staging.swizzle.se\/en\/product-2\/voon-cool-spearmint-200mg-cbd\/","title":{"rendered":"VOON Cool Spearmint 200mg CBD"},"content":{"rendered":"<p class=\"p1\"><strong>VOON Cool Spearmint 200mg CBD<\/strong><br \/>\nVoon CBD Snus erbjuder en banbrytande kombination av traditionellt snus med f\u00f6rdelarna av h\u00f6gkvalitativ cannabidiol (CBD). Denna unika produkt \u00e4r skapad f\u00f6r att ge dig en otrolig snusupplevelse. L\u00e5t oss utforska varf\u00f6r CBD Snus \u00e4r det ultimata valet f\u00f6r dem som s\u00f6ker en harmonisk f\u00f6rening av tradition och modernitet.<\/p>\n<p class=\"p1\">15 p\u00e5sar\/dosa<br \/>\n200mg CBD hemp extract<\/p>\n<p class=\"p1\">Varf\u00f6r CBD Snus?<br \/>\nExceptionell CBD Kvalitet: Voon har \u00e5tagit sig att erbjuda enast\u00e5ende kvalitet n\u00e4r det g\u00e4ller CBD. Varje portion snus \u00e4r berikad med premium CBD-extrakt fr\u00e5n hampa, garanterat THC-fri och odlad med noggrannhet f\u00f6r att s\u00e4kerst\u00e4lla renhet och effektivitet.<\/p>\n<p class=\"p1\">Unik Snusupplevelse: Upplev det b\u00e4sta av tv\u00e5 v\u00e4rldar med Voon CBD Snus. Traditionella frutkmasker blandas elegant med CBD, vilket ger en full\u00e4ndad och distinkt snusupplevelse som du inte hittar n\u00e5gon annanstans.<\/p>\n<p class=\"p1\">Optimal Diskretion och Bekv\u00e4mlighet: Voon CBD Snus kommer i bekv\u00e4ma portionsp\u00e5sar som passar perfekt f\u00f6r din hektiska livsstil. Diskret och enkelt att anv\u00e4nda n\u00e4r som helst, var som helst \u2013 l\u00e5t avslappning bli en del av ditt dagliga liv utan att avvika fr\u00e5n ditt schema.<\/p>\n<p class=\"p1\">R\u00f6kfri Alternativ: F\u00f6r dem som f\u00f6redrar en r\u00f6kfri livsstil erbjuder Voon en utm\u00e4rkt m\u00f6jlighet att njuta av avslappning utan att beh\u00f6va r\u00f6ka. Det \u00e4r det perfekta valet f\u00f6r dem som s\u00f6ker en h\u00e4lsosammare alternativ utan att kompromissa med njutningen. K\u00f6p VOON Cool Spearmint 200mg CBD.<\/p>\n<p>Gilar du cool spearmint gillar du \u00e4ven:<\/p>\n<p><a href=\"https:\/\/staging.swizzle.se\/en\/product-2\/voon-vinter-green-20mg-cbd\/\">VOON Vinter Green 20mg CBD P\u00e5sar<\/a><\/p>\n<p>Obs!<br \/>\nDu m\u00e5ste vara minst 18 \u00e5r f\u00f6r att k\u00f6pa denna produkt. Den \u00e4r inte avsedd som l\u00e4kemedel, kosttillskott eller naturprodukt. Vi uppmuntrar inte till konsumtion eller r\u00f6kning av produkten. F\u00f6rvara den utom r\u00e4ckh\u00e5ll f\u00f6r barn.Vi friskriver oss fr\u00e5n hur du som kund anv\u00e4nder v\u00e5ra produkter. Vi s\u00e4ljer dem f\u00f6r samlings- och prydnadssyften.<\/p>","protected":false},"excerpt":{"rendered":"<p class=\"p1\"><strong>VOON Cool Spearmint 200mg CBD<\/strong>\u00a0\u2013 Den mjukare, n\u00e5got s\u00f6tare och isiga mintsmaken fr\u00e5n Voon mini vit &amp; torr hampasnus. Perfekt f\u00f6r att h\u00e5lla dig pigg hela dagen.<\/p>\n<p class=\"p1\">Noll THC eller Nikotin och gjord med naturliga ingredienser.<\/p>\n<p><strong>15 p\u00e5sar<\/strong>\/dosa<br \/>\n<strong>200mg CBD<\/strong> hemp extract<\/p>","protected":false},"featured_media":271515,"comment_status":"open","ping_status":"closed","template":"","meta":{"site-sidebar-layout":"default","site-content-layout":"","ast-site-content-layout":"default","site-content-style":"default","site-sidebar-style":"default","ast-global-header-display":"","ast-banner-title-visibility":"","ast-main-header-display":"","ast-hfb-above-header-display":"","ast-hfb-below-header-display":"","ast-hfb-mobile-header-display":"","site-post-title":"","ast-breadcrumbs-content":"","ast-featured-img":"","footer-sml-layout":"","ast-disable-related-posts":"","theme-transparent-header-meta":"default","adv-header-id-meta":"","stick-header-meta":"default","header-above-stick-meta":"","header-main-stick-meta":"","header-below-stick-meta":"","astra-migrate-meta-layouts":"set","ast-page-background-enabled":"default","ast-page-background-meta":{"desktop":{"background-color":"var(--ast-global-color-4)","background-image":"","background-repeat":"repeat","background-position":"center center","background-size":"auto","background-attachment":"scroll","background-type":"","background-media":"","overlay-type":"","overlay-color":"","overlay-opacity":"","overlay-gradient":""},"tablet":{"background-color":"","background-image":"","background-repeat":"repeat","background-position":"center center","background-size":"auto","background-attachment":"scroll","background-type":"","background-media":"","overlay-type":"","overlay-color":"","overlay-opacity":"","overlay-gradient":""},"mobile":{"background-color":"","background-image":"","background-repeat":"repeat","background-position":"center center","background-size":"auto","background-attachment":"scroll","background-type":"","background-media":"","overlay-type":"","overlay-color":"","overlay-opacity":"","overlay-gradient":""}},"ast-content-background-meta":{"desktop":{"background-color":"var(--ast-global-color-5)","background-image":"","background-repeat":"repeat","background-position":"center center","background-size":"auto","background-attachment":"scroll","background-type":"","background-media":"","overlay-type":"","overlay-color":"","overlay-opacity":"","overlay-gradient":""},"tablet":{"background-color":"var(--ast-global-color-5)","background-image":"","background-repeat":"repeat","background-position":"center center","background-size":"auto","background-attachment":"scroll","background-type":"","background-media":"","overlay-type":"","overlay-color":"","overlay-opacity":"","overlay-gradient":""},"mobile":{"background-color":"var(--ast-global-color-5)","background-image":"","background-repeat":"repeat","background-position":"center center","background-size":"auto","background-attachment":"scroll","background-type":"","background-media":"","overlay-type":"","overlay-color":"","overlay-opacity":"","overlay-gradient":""}}},"product_brand":[],"product_cat":[359],"product_tag":[49],"superdeal":[],"product_variant_id":[],"class_list":{"0":"post-259430","1":"product","2":"type-product","3":"status-publish","4":"has-post-thumbnail","6":"product_cat-cbd-snus-cbd-g-n","7":"product_tag-snus-cbd","8":"desktop-align-center","9":"tablet-align-left","10":"mobile-align-left","11":"ast-product-gallery-layout-horizontal-slider","12":"ast-magnify-disabled","13":"ast-product-tabs-layout-horizontal","15":"first","16":"outofstock","17":"sale","18":"taxable","19":"shipping-taxable","20":"purchasable","21":"product-type-simple"},"yoast_head":"<!-- This site is optimized with the Yoast SEO Premium plugin v26.9 (Yoast SEO v26.9) - https:\/\/yoast.com\/product\/yoast-seo-premium-wordpress\/ -->\n<title>VOON Cool Spearmint 200mg CBD<\/title>\n<meta name=\"description\" content=\"VOON Cool Spearmint 200mg CBD. Den mjukare, n\u00e5got s\u00f6tare och isiga mintsmaken fr\u00e5n Voon mini vit &amp; torr hampasnus. Perfekt f\u00f6r att h\u00e5lla dig pigg.\" \/>\n<meta name=\"robots\" content=\"noindex, follow, max-snippet:-1, max-image-preview:large, max-video-preview:-1\" \/>\n<meta property=\"og:locale\" content=\"en_GB\" \/>\n<meta property=\"og:type\" content=\"article\" \/>\n<meta property=\"og:title\" content=\"VOON Cool Spearmint 200mg CBD\" \/>\n<meta property=\"og:description\" content=\"VOON Cool Spearmint 200mg CBD. Den mjukare, n\u00e5got s\u00f6tare och isiga mintsmaken fr\u00e5n Voon mini vit &amp; torr hampasnus. Perfekt f\u00f6r att h\u00e5lla dig pigg.\" \/>\n<meta property=\"og:url\" content=\"https:\/\/www.swizzle.se\/produkt\/voon-cool-spearmint-200mg-cbd\/\" \/>\n<meta property=\"og:site_name\" content=\"Swizzle\" \/>\n<meta property=\"article:modified_time\" content=\"2025-12-04T14:27:17+00:00\" \/>\n<meta property=\"og:image\" content=\"https:\/\/www.swizzle.se\/wp-content\/uploads\/2024\/09\/SpearMint-Front_4_11zon.webp\" \/>\n\t<meta property=\"og:image:width\" content=\"1200\" \/>\n\t<meta property=\"og:image:height\" content=\"1200\" \/>\n\t<meta property=\"og:image:type\" content=\"image\/webp\" \/>\n<meta name=\"twitter:card\" content=\"summary_large_image\" \/>\n<meta name=\"twitter:title\" content=\"VOON Cool Spearmint 200mg CBD\" \/>\n<meta name=\"twitter:description\" content=\"VOON Cool Spearmint 200mg CBD. Den mjukare, n\u00e5got s\u00f6tare och isiga mintsmaken fr\u00e5n Voon mini vit &amp; torr hampasnus. Perfekt f\u00f6r att h\u00e5lla dig pigg.\" \/>\n<meta name=\"twitter:label1\" content=\"Price\" \/>\n\t<meta name=\"twitter:data1\" content=\"75.00&nbsp;&#107;&#114;\" \/>\n\t<meta name=\"twitter:label2\" content=\"Availability\" \/>\n\t<meta name=\"twitter:data2\" content=\"Out of stock\" \/>\n<script type=\"application\/ld+json\" class=\"yoast-schema-graph\">{\"@context\":\"https:\/\/schema.org\",\"@graph\":[{\"@type\":\"WebPage\",\"@id\":\"https:\/\/www.swizzle.se\/produkt\/voon-cool-spearmint-200mg-cbd\/\",\"url\":\"https:\/\/www.swizzle.se\/produkt\/voon-cool-spearmint-200mg-cbd\/\",\"name\":\"VOON Cool Spearmint 200mg CBD\",\"isPartOf\":{\"@id\":\"https:\/\/staging.swizzle.se\/#website\"},\"primaryImageOfPage\":{\"@id\":\"https:\/\/www.swizzle.se\/produkt\/voon-cool-spearmint-200mg-cbd\/#primaryimage\"},\"image\":{\"@id\":\"https:\/\/www.swizzle.se\/produkt\/voon-cool-spearmint-200mg-cbd\/#primaryimage\"},\"thumbnailUrl\":\"https:\/\/staging.swizzle.se\/wp-content\/uploads\/2024\/09\/SpearMint-Front_4_11zon.webp\",\"datePublished\":\"2024-09-21T10:43:56+00:00\",\"dateModified\":\"2025-12-04T14:27:17+00:00\",\"description\":\"VOON Cool Spearmint 200mg CBD. Den mjukare, n\u00e5got s\u00f6tare och isiga mintsmaken fr\u00e5n Voon mini vit & torr hampasnus. Perfekt f\u00f6r att h\u00e5lla dig pigg.\",\"breadcrumb\":{\"@id\":\"https:\/\/www.swizzle.se\/produkt\/voon-cool-spearmint-200mg-cbd\/#breadcrumb\"},\"inLanguage\":\"en-GB\",\"potentialAction\":[{\"@type\":\"ReadAction\",\"target\":[\"https:\/\/www.swizzle.se\/produkt\/voon-cool-spearmint-200mg-cbd\/\"]}]},{\"@type\":\"ImageObject\",\"inLanguage\":\"en-GB\",\"@id\":\"https:\/\/www.swizzle.se\/produkt\/voon-cool-spearmint-200mg-cbd\/#primaryimage\",\"url\":\"https:\/\/staging.swizzle.se\/wp-content\/uploads\/2024\/09\/SpearMint-Front_4_11zon.webp\",\"contentUrl\":\"https:\/\/staging.swizzle.se\/wp-content\/uploads\/2024\/09\/SpearMint-Front_4_11zon.webp\",\"width\":1200,\"height\":1200,\"caption\":\"Bild Voon\"},{\"@type\":\"BreadcrumbList\",\"@id\":\"https:\/\/www.swizzle.se\/produkt\/voon-cool-spearmint-200mg-cbd\/#breadcrumb\",\"itemListElement\":[{\"@type\":\"ListItem\",\"position\":1,\"name\":\"Home\",\"item\":\"https:\/\/www.swizzle.se\/\"},{\"@type\":\"ListItem\",\"position\":2,\"name\":\"Shop\",\"item\":\"https:\/\/www.swizzle.se\/shop\/\"},{\"@type\":\"ListItem\",\"position\":3,\"name\":\"CANNABINOIDER\",\"item\":\"https:\/\/www.swizzle.se\/produkt-kategori\/cannabinoider\/\"},{\"@type\":\"ListItem\",\"position\":4,\"name\":\"CBD\/G\/N\",\"item\":\"https:\/\/www.swizzle.se\/produkt-kategori\/cannabinoider\/cbd-g-n\/\"},{\"@type\":\"ListItem\",\"position\":5,\"name\":\"CBD SNUS\",\"item\":\"https:\/\/www.swizzle.se\/produkt-kategori\/cannabinoider\/cbd-g-n\/cbd-snus-cbd-g-n\/\"},{\"@type\":\"ListItem\",\"position\":6,\"name\":\"VOON Cool Spearmint 200mg CBD\"}]},{\"@type\":\"WebSite\",\"@id\":\"https:\/\/staging.swizzle.se\/#website\",\"url\":\"https:\/\/staging.swizzle.se\/\",\"name\":\"Swizzle\",\"description\":\"Nikotin CBD Vapes Snus White Portion\",\"publisher\":{\"@id\":\"https:\/\/staging.swizzle.se\/#organization\"},\"potentialAction\":[{\"@type\":\"SearchAction\",\"target\":{\"@type\":\"EntryPoint\",\"urlTemplate\":\"https:\/\/staging.swizzle.se\/?s={search_term_string}\"},\"query-input\":{\"@type\":\"PropertyValueSpecification\",\"valueRequired\":true,\"valueName\":\"search_term_string\"}}],\"inLanguage\":\"en-GB\"},{\"@type\":\"Organization\",\"@id\":\"https:\/\/staging.swizzle.se\/#organization\",\"name\":\"Swizzle\",\"url\":\"https:\/\/staging.swizzle.se\/\",\"logo\":{\"@type\":\"ImageObject\",\"inLanguage\":\"en-GB\",\"@id\":\"https:\/\/staging.swizzle.se\/#\/schema\/logo\/image\/\",\"url\":\"https:\/\/staging.swizzle.se\/wp-content\/uploads\/2025\/10\/cropped-SWIZZLE.-4.png\",\"contentUrl\":\"https:\/\/staging.swizzle.se\/wp-content\/uploads\/2025\/10\/cropped-SWIZZLE.-4.png\",\"width\":800,\"height\":267,\"caption\":\"Swizzle\"},\"image\":{\"@id\":\"https:\/\/staging.swizzle.se\/#\/schema\/logo\/image\/\"},\"hasMerchantReturnPolicy\":{\"@type\":\"MerchantReturnPolicy\",\"merchantReturnLink\":\"https:\/\/staging.swizzle.se\/en\/villkor\/\"}}]}<\/script>\n<meta property=\"product:price:amount\" content=\"75.00\" \/>\n<meta property=\"product:price:currency\" content=\"SEK\" \/>\n<meta property=\"og:availability\" content=\"out of stock\" \/>\n<meta property=\"product:availability\" content=\"out of stock\" \/>\n<meta property=\"product:retailer_item_id\" content=\"Voon150150\" \/>\n<meta property=\"product:condition\" content=\"new\" \/>\n<!-- \/ Yoast SEO Premium plugin. -->","yoast_head_json":{"title":"VOON Cool Spearmint 200mg CBD","description":"VOON Cool Spearmint 200mg CBD. Den mjukare, n\u00e5got s\u00f6tare och isiga mintsmaken fr\u00e5n Voon mini vit & torr hampasnus. Perfekt f\u00f6r att h\u00e5lla dig pigg.","robots":{"index":"noindex","follow":"follow","max-snippet":"max-snippet:-1","max-image-preview":"max-image-preview:large","max-video-preview":"max-video-preview:-1"},"og_locale":"en_GB","og_type":"article","og_title":"VOON Cool Spearmint 200mg CBD","og_description":"VOON Cool Spearmint 200mg CBD. Den mjukare, n\u00e5got s\u00f6tare och isiga mintsmaken fr\u00e5n Voon mini vit & torr hampasnus. Perfekt f\u00f6r att h\u00e5lla dig pigg.","og_url":"https:\/\/www.swizzle.se\/produkt\/voon-cool-spearmint-200mg-cbd\/","og_site_name":"Swizzle","article_modified_time":"2025-12-04T14:27:17+00:00","og_image":[{"width":1200,"height":1200,"url":"https:\/\/www.swizzle.se\/wp-content\/uploads\/2024\/09\/SpearMint-Front_4_11zon.webp","type":"image\/webp"}],"twitter_card":"summary_large_image","twitter_title":"VOON Cool Spearmint 200mg CBD","twitter_description":"VOON Cool Spearmint 200mg CBD. Den mjukare, n\u00e5got s\u00f6tare och isiga mintsmaken fr\u00e5n Voon mini vit & torr hampasnus. Perfekt f\u00f6r att h\u00e5lla dig pigg.","twitter_misc":{"Price":"75.00&nbsp;&#107;&#114;","Availability":"Out of stock"},"schema":{"@context":"https:\/\/schema.org","@graph":[{"@type":"WebPage","@id":"https:\/\/www.swizzle.se\/produkt\/voon-cool-spearmint-200mg-cbd\/","url":"https:\/\/www.swizzle.se\/produkt\/voon-cool-spearmint-200mg-cbd\/","name":"VOON Cool Spearmint 200mg CBD","isPartOf":{"@id":"https:\/\/staging.swizzle.se\/#website"},"primaryImageOfPage":{"@id":"https:\/\/www.swizzle.se\/produkt\/voon-cool-spearmint-200mg-cbd\/#primaryimage"},"image":{"@id":"https:\/\/www.swizzle.se\/produkt\/voon-cool-spearmint-200mg-cbd\/#primaryimage"},"thumbnailUrl":"https:\/\/staging.swizzle.se\/wp-content\/uploads\/2024\/09\/SpearMint-Front_4_11zon.webp","datePublished":"2024-09-21T10:43:56+00:00","dateModified":"2025-12-04T14:27:17+00:00","description":"VOON Cool Spearmint 200mg CBD. Den mjukare, n\u00e5got s\u00f6tare och isiga mintsmaken fr\u00e5n Voon mini vit & torr hampasnus. Perfekt f\u00f6r att h\u00e5lla dig pigg.","breadcrumb":{"@id":"https:\/\/www.swizzle.se\/produkt\/voon-cool-spearmint-200mg-cbd\/#breadcrumb"},"inLanguage":"en-GB","potentialAction":[{"@type":"ReadAction","target":["https:\/\/www.swizzle.se\/produkt\/voon-cool-spearmint-200mg-cbd\/"]}]},{"@type":"ImageObject","inLanguage":"en-GB","@id":"https:\/\/www.swizzle.se\/produkt\/voon-cool-spearmint-200mg-cbd\/#primaryimage","url":"https:\/\/staging.swizzle.se\/wp-content\/uploads\/2024\/09\/SpearMint-Front_4_11zon.webp","contentUrl":"https:\/\/staging.swizzle.se\/wp-content\/uploads\/2024\/09\/SpearMint-Front_4_11zon.webp","width":1200,"height":1200,"caption":"Bild Voon"},{"@type":"BreadcrumbList","@id":"https:\/\/www.swizzle.se\/produkt\/voon-cool-spearmint-200mg-cbd\/#breadcrumb","itemListElement":[{"@type":"ListItem","position":1,"name":"Home","item":"https:\/\/www.swizzle.se\/"},{"@type":"ListItem","position":2,"name":"Shop","item":"https:\/\/www.swizzle.se\/shop\/"},{"@type":"ListItem","position":3,"name":"CANNABINOIDER","item":"https:\/\/www.swizzle.se\/produkt-kategori\/cannabinoider\/"},{"@type":"ListItem","position":4,"name":"CBD\/G\/N","item":"https:\/\/www.swizzle.se\/produkt-kategori\/cannabinoider\/cbd-g-n\/"},{"@type":"ListItem","position":5,"name":"CBD SNUS","item":"https:\/\/www.swizzle.se\/produkt-kategori\/cannabinoider\/cbd-g-n\/cbd-snus-cbd-g-n\/"},{"@type":"ListItem","position":6,"name":"VOON Cool Spearmint 200mg CBD"}]},{"@type":"WebSite","@id":"https:\/\/staging.swizzle.se\/#website","url":"https:\/\/staging.swizzle.se\/","name":"Swizzle","description":"Nicotine CBD Vapes Snus White Portion","publisher":{"@id":"https:\/\/staging.swizzle.se\/#organization"},"potentialAction":[{"@type":"SearchAction","target":{"@type":"EntryPoint","urlTemplate":"https:\/\/staging.swizzle.se\/?s={search_term_string}"},"query-input":{"@type":"PropertyValueSpecification","valueRequired":true,"valueName":"search_term_string"}}],"inLanguage":"en-GB"},{"@type":"Organization","@id":"https:\/\/staging.swizzle.se\/#organization","name":"Swizzle","url":"https:\/\/staging.swizzle.se\/","logo":{"@type":"ImageObject","inLanguage":"en-GB","@id":"https:\/\/staging.swizzle.se\/#\/schema\/logo\/image\/","url":"https:\/\/staging.swizzle.se\/wp-content\/uploads\/2025\/10\/cropped-SWIZZLE.-4.png","contentUrl":"https:\/\/staging.swizzle.se\/wp-content\/uploads\/2025\/10\/cropped-SWIZZLE.-4.png","width":800,"height":267,"caption":"Swizzle"},"image":{"@id":"https:\/\/staging.swizzle.se\/#\/schema\/logo\/image\/"},"hasMerchantReturnPolicy":{"@type":"MerchantReturnPolicy","merchantReturnLink":"https:\/\/staging.swizzle.se\/en\/villkor\/"}}]},"product_price_amount":"75.00","product_price_currency":"SEK","og_availability":"out of stock","product_availability":"out of stock","product_retailer_item_id":"Voon150150","product_condition":"new"},"tiered_pricing_type":"fixed","tiered_pricing_fixed_rules":[],"tiered_pricing_product_settings":{"layout":"default","base_unit_name":{"singular":null,"plural":null},"default_variation":null},"tiered_pricing_minimum_quantity":null,"tiered_pricing_roles_data":[],"tiered_pricing_percentage_rules":[],"tiered_pricing_maximum_quantity":null,"tiered_pricing_quantity_step":null,"_links":{"self":[{"href":"https:\/\/staging.swizzle.se\/en\/wp-json\/wp\/v2\/product\/259430","targetHints":{"allow":["GET"]}}],"collection":[{"href":"https:\/\/staging.swizzle.se\/en\/wp-json\/wp\/v2\/product"}],"about":[{"href":"https:\/\/staging.swizzle.se\/en\/wp-json\/wp\/v2\/types\/product"}],"replies":[{"embeddable":true,"href":"https:\/\/staging.swizzle.se\/en\/wp-json\/wp\/v2\/comments?post=259430"}],"version-history":[{"count":0,"href":"https:\/\/staging.swizzle.se\/en\/wp-json\/wp\/v2\/product\/259430\/revisions"}],"wp:featuredmedia":[{"embeddable":true,"href":"https:\/\/staging.swizzle.se\/en\/wp-json\/wp\/v2\/media\/271515"}],"wp:attachment":[{"href":"https:\/\/staging.swizzle.se\/en\/wp-json\/wp\/v2\/media?parent=259430"}],"wp:term":[{"taxonomy":"product_brand","embeddable":true,"href":"https:\/\/staging.swizzle.se\/en\/wp-json\/wp\/v2\/product_brand?post=259430"},{"taxonomy":"product_cat","embeddable":true,"href":"https:\/\/staging.swizzle.se\/en\/wp-json\/wp\/v2\/product_cat?post=259430"},{"taxonomy":"product_tag","embeddable":true,"href":"https:\/\/staging.swizzle.se\/en\/wp-json\/wp\/v2\/product_tag?post=259430"},{"taxonomy":"superdeal","embeddable":true,"href":"https:\/\/staging.swizzle.se\/en\/wp-json\/wp\/v2\/superdeal?post=259430"},{"taxonomy":"product_variant_id","embeddable":true,"href":"https:\/\/staging.swizzle.se\/en\/wp-json\/wp\/v2\/product_variant_id?post=259430"}],"curies":[{"name":"wp","href":"https:\/\/api.w.org\/{rel}","templated":true}]}}