{"id":259361,"date":"2024-01-07T10:45:52","date_gmt":"2024-01-07T10:45:52","guid":{"rendered":"https:\/\/new.staging.swizzle.se\/produkt\/magic-farmers-magic-sauce-20-thcpo-vape-mint-candy\/"},"modified":"2025-05-16T07:26:16","modified_gmt":"2025-05-16T07:26:16","slug":"magic-farmers-magic-sauce-20-thcpo-vape-mint-candy","status":"publish","type":"product","link":"https:\/\/staging.swizzle.se\/en\/product-2\/magic-farmers-magic-sauce-20-thcpo-vape-mint-candy\/","title":{"rendered":"THCPO Vape &#8211; MAGIC SAUCE 20% &#8211; MINT CANDY I 250 Puffs"},"content":{"rendered":"<p><strong>Vad \u00e4r THCPO?<\/strong><\/p>\n<p>THCPO \u00e4r en unik och kraftfull cannabinoid som liknar den v\u00e4lk\u00e4nda THC som \u00e5terfinns i cannabis, men med en betydande skillnad \u2013 den \u00e4r starkare. THCPO st\u00e5r f\u00f6r tetrahydrocannabiphorolacetat, en molekyl som genomg\u00e5tt en speciell bearbetning f\u00f6r att \u00f6ka dess styrka och effekt. Denna bearbetning resulterar i en molekyl med en h\u00f6gre affinitet till kroppens cannabinoidreceptorer, vilket inneb\u00e4r att den har en starkare och mer intensiv effekt j\u00e4mf\u00f6rt med vanlig THC.\u00a0Det betyder att n\u00e4r du anv\u00e4nder denna vape kan du f\u00f6rv\u00e4nta dig en starkare k\u00e4nsla av avkoppling \u00e4n med vanlig THC.<\/p>\n<p>Den fr\u00e4scha smaken av mintgodis g\u00f6r din vape-upplevelse \u00e4nnu mer njutbar. Den diskreta designen g\u00f6r att du kan anv\u00e4nda den var som helst utan att dra till dig uppm\u00e4rksamhet. Detta g\u00f6r MAGIC SAUCE 20% THCPO Vape till ett utm\u00e4rkt val f\u00f6r de stunder n\u00e4r du vill koppla av och njuta i lugn och ro.<\/p>\n<p>Denna produkt \u00e4r perfekt f\u00f6r dig som letar efter n\u00e5got nytt och sp\u00e4nnande inom vaping, och som vill uppleva starkare effekter \u00e4n med vanlig THC. Prova MAGIC SAUCE 20% THCPO VAPE fr\u00e5n Magic Farmers f\u00f6r en unik och kraftfull vape-upplevelse! Vill du l\u00e4sa mer om THCPO kan du kika in v\u00e5ra <a href=\"https:\/\/staging.swizzle.se\/en\/thcp-nyhetsartiklar\/\">artiklar<\/a> p\u00e5 Swizzle.<\/p>","protected":false},"excerpt":{"rendered":"<p><strong>Njut av en diskret och bekv\u00e4m vape-upplevelse med Magic Farmers Mint Candy eng\u00e5ngsvape.<\/strong><br \/>\nDenna vape inneh\u00e5ller 20% THCPO Magic Sauce,\u00a0en potent blandning som ger en kraftfull och avslappnande effekt.\u00a0Med sin Indica-dominanta typ ger Mint Candy en lugnande och euforisk k\u00e4nsla,\u00a0perfekt f\u00f6r att varva ner efter en l\u00e5ng dag.<\/p>\n<p><strong>Produktinformation:<\/strong><\/p>\n<ul>\n<li><strong>Volym:<\/strong>\u00a00,5 ml<\/li>\n<li><strong>Puffar:<\/strong>\u00a0Upp till 250<\/li>\n<li><strong>THCPO-inneh\u00e5ll:<\/strong>\u00a020%<\/li>\n<\/ul>","protected":false},"featured_media":259363,"comment_status":"open","ping_status":"open","template":"","meta":{"site-sidebar-layout":"default","site-content-layout":"","ast-site-content-layout":"default","site-content-style":"default","site-sidebar-style":"default","ast-global-header-display":"","ast-banner-title-visibility":"","ast-main-header-display":"","ast-hfb-above-header-display":"","ast-hfb-below-header-display":"","ast-hfb-mobile-header-display":"","site-post-title":"","ast-breadcrumbs-content":"","ast-featured-img":"","footer-sml-layout":"","ast-disable-related-posts":"","theme-transparent-header-meta":"","adv-header-id-meta":"","stick-header-meta":"","header-above-stick-meta":"","header-main-stick-meta":"","header-below-stick-meta":"","astra-migrate-meta-layouts":"default","ast-page-background-enabled":"default","ast-page-background-meta":{"desktop":{"background-color":"var(--ast-global-color-4)","background-image":"","background-repeat":"repeat","background-position":"center center","background-size":"auto","background-attachment":"scroll","background-type":"","background-media":"","overlay-type":"","overlay-color":"","overlay-opacity":"","overlay-gradient":""},"tablet":{"background-color":"","background-image":"","background-repeat":"repeat","background-position":"center center","background-size":"auto","background-attachment":"scroll","background-type":"","background-media":"","overlay-type":"","overlay-color":"","overlay-opacity":"","overlay-gradient":""},"mobile":{"background-color":"","background-image":"","background-repeat":"repeat","background-position":"center center","background-size":"auto","background-attachment":"scroll","background-type":"","background-media":"","overlay-type":"","overlay-color":"","overlay-opacity":"","overlay-gradient":""}},"ast-content-background-meta":{"desktop":{"background-color":"var(--ast-global-color-5)","background-image":"","background-repeat":"repeat","background-position":"center center","background-size":"auto","background-attachment":"scroll","background-type":"","background-media":"","overlay-type":"","overlay-color":"","overlay-opacity":"","overlay-gradient":""},"tablet":{"background-color":"var(--ast-global-color-5)","background-image":"","background-repeat":"repeat","background-position":"center center","background-size":"auto","background-attachment":"scroll","background-type":"","background-media":"","overlay-type":"","overlay-color":"","overlay-opacity":"","overlay-gradient":""},"mobile":{"background-color":"var(--ast-global-color-5)","background-image":"","background-repeat":"repeat","background-position":"center center","background-size":"auto","background-attachment":"scroll","background-type":"","background-media":"","overlay-type":"","overlay-color":"","overlay-opacity":"","overlay-gradient":""}}},"product_brand":[],"product_cat":[21],"product_tag":[],"superdeal":[],"product_variant_id":[],"class_list":{"0":"post-259361","1":"product","2":"type-product","3":"status-publish","4":"has-post-thumbnail","6":"product_cat-uncategorized","7":"desktop-align-center","8":"tablet-align-left","9":"mobile-align-left","10":"ast-product-gallery-layout-horizontal-slider","11":"ast-product-gallery-with-no-image","12":"ast-magnify-disabled","13":"ast-product-tabs-layout-horizontal","15":"first","16":"outofstock","17":"sale","18":"taxable","19":"shipping-taxable","20":"purchasable","21":"product-type-simple"},"yoast_head":"<!-- This site is optimized with the Yoast SEO Premium plugin v26.9 (Yoast SEO v26.9) - https:\/\/yoast.com\/product\/yoast-seo-premium-wordpress\/ -->\n<title>THCPO Vape - MAGIC SAUCE 20% THCPO - MINT CAND<\/title>\n<meta name=\"description\" content=\"MAGIC SAUCE 20% THCPO VAPE \u00e4r perfekt f\u00f6r dig som s\u00f6ker en h\u00f6gre niv\u00e5 av avkoppling och njutning. Designad f\u00f6r att vara diskret\" \/>\n<meta name=\"robots\" content=\"noindex, follow, max-snippet:-1, max-image-preview:large, max-video-preview:-1\" \/>\n<meta property=\"og:locale\" content=\"en_GB\" \/>\n<meta property=\"og:type\" content=\"article\" \/>\n<meta property=\"og:title\" content=\"THCPO Vape - MAGIC SAUCE 20% - MINT CANDY I 250 Puffs\" \/>\n<meta property=\"og:description\" content=\"MAGIC SAUCE 20% THCPO VAPE \u00e4r perfekt f\u00f6r dig som s\u00f6ker en h\u00f6gre niv\u00e5 av avkoppling och njutning. Designad f\u00f6r att vara diskret\" \/>\n<meta property=\"og:url\" content=\"https:\/\/www.swizzle.se\/produkt\/magic-farmers-magic-sauce-20-thcpo-vape-mint-candy\/\" \/>\n<meta property=\"og:site_name\" content=\"Swizzle\" \/>\n<meta property=\"article:modified_time\" content=\"2025-05-16T07:26:16+00:00\" \/>\n<meta property=\"og:image\" content=\"https:\/\/www.swizzle.se\/wp-content\/uploads\/2025\/05\/magic-sauce-minty-e1732992720694.webp\" \/>\n\t<meta property=\"og:image:width\" content=\"283\" \/>\n\t<meta property=\"og:image:height\" content=\"283\" \/>\n\t<meta property=\"og:image:type\" content=\"image\/webp\" \/>\n<meta name=\"twitter:card\" content=\"summary_large_image\" \/>\n<meta name=\"twitter:label1\" content=\"Price\" \/>\n\t<meta name=\"twitter:data1\" content=\"219.00&nbsp;&#107;&#114;\" \/>\n\t<meta name=\"twitter:label2\" content=\"Availability\" \/>\n\t<meta name=\"twitter:data2\" content=\"Out of stock\" \/>\n<script type=\"application\/ld+json\" class=\"yoast-schema-graph\">{\"@context\":\"https:\/\/schema.org\",\"@graph\":[{\"@type\":\"WebPage\",\"@id\":\"https:\/\/www.swizzle.se\/produkt\/magic-farmers-magic-sauce-20-thcpo-vape-mint-candy\/\",\"url\":\"https:\/\/www.swizzle.se\/produkt\/magic-farmers-magic-sauce-20-thcpo-vape-mint-candy\/\",\"name\":\"THCPO Vape - MAGIC SAUCE 20% THCPO - MINT CAND\",\"isPartOf\":{\"@id\":\"https:\/\/staging.swizzle.se\/#website\"},\"primaryImageOfPage\":{\"@id\":\"https:\/\/www.swizzle.se\/produkt\/magic-farmers-magic-sauce-20-thcpo-vape-mint-candy\/#primaryimage\"},\"image\":{\"@id\":\"https:\/\/www.swizzle.se\/produkt\/magic-farmers-magic-sauce-20-thcpo-vape-mint-candy\/#primaryimage\"},\"thumbnailUrl\":\"https:\/\/staging.swizzle.se\/wp-content\/uploads\/2025\/05\/magic-sauce-minty-e1732992720694.webp\",\"datePublished\":\"2024-01-07T10:45:52+00:00\",\"dateModified\":\"2025-05-16T07:26:16+00:00\",\"description\":\"MAGIC SAUCE 20% THCPO VAPE \u00e4r perfekt f\u00f6r dig som s\u00f6ker en h\u00f6gre niv\u00e5 av avkoppling och njutning. Designad f\u00f6r att vara diskret\",\"breadcrumb\":{\"@id\":\"https:\/\/www.swizzle.se\/produkt\/magic-farmers-magic-sauce-20-thcpo-vape-mint-candy\/#breadcrumb\"},\"inLanguage\":\"en-GB\",\"potentialAction\":[{\"@type\":\"ReadAction\",\"target\":[\"https:\/\/www.swizzle.se\/produkt\/magic-farmers-magic-sauce-20-thcpo-vape-mint-candy\/\"]}]},{\"@type\":\"ImageObject\",\"inLanguage\":\"en-GB\",\"@id\":\"https:\/\/www.swizzle.se\/produkt\/magic-farmers-magic-sauce-20-thcpo-vape-mint-candy\/#primaryimage\",\"url\":\"https:\/\/staging.swizzle.se\/wp-content\/uploads\/2025\/05\/magic-sauce-minty-e1732992720694.webp\",\"contentUrl\":\"https:\/\/staging.swizzle.se\/wp-content\/uploads\/2025\/05\/magic-sauce-minty-e1732992720694.webp\",\"width\":283,\"height\":283,\"caption\":\"Bilden inneh\u00e5ller en THCPO Vape p\u00e5 20% styrka av THCPO Olja\"},{\"@type\":\"BreadcrumbList\",\"@id\":\"https:\/\/www.swizzle.se\/produkt\/magic-farmers-magic-sauce-20-thcpo-vape-mint-candy\/#breadcrumb\",\"itemListElement\":[{\"@type\":\"ListItem\",\"position\":1,\"name\":\"Home\",\"item\":\"https:\/\/www.swizzle.se\/\"},{\"@type\":\"ListItem\",\"position\":2,\"name\":\"Shop\",\"item\":\"https:\/\/www.swizzle.se\/shop\/\"},{\"@type\":\"ListItem\",\"position\":3,\"name\":\"Uncategorized\",\"item\":\"https:\/\/www.swizzle.se\/produkt-kategori\/uncategorized\/\"},{\"@type\":\"ListItem\",\"position\":4,\"name\":\"THCPO Vape &#8211; MAGIC SAUCE 20% &#8211; MINT CANDY I 250 Puffs\"}]},{\"@type\":\"WebSite\",\"@id\":\"https:\/\/staging.swizzle.se\/#website\",\"url\":\"https:\/\/staging.swizzle.se\/\",\"name\":\"Swizzle\",\"description\":\"Nikotin CBD Vapes Snus White Portion\",\"publisher\":{\"@id\":\"https:\/\/staging.swizzle.se\/#organization\"},\"potentialAction\":[{\"@type\":\"SearchAction\",\"target\":{\"@type\":\"EntryPoint\",\"urlTemplate\":\"https:\/\/staging.swizzle.se\/?s={search_term_string}\"},\"query-input\":{\"@type\":\"PropertyValueSpecification\",\"valueRequired\":true,\"valueName\":\"search_term_string\"}}],\"inLanguage\":\"en-GB\"},{\"@type\":\"Organization\",\"@id\":\"https:\/\/staging.swizzle.se\/#organization\",\"name\":\"Swizzle\",\"url\":\"https:\/\/staging.swizzle.se\/\",\"logo\":{\"@type\":\"ImageObject\",\"inLanguage\":\"en-GB\",\"@id\":\"https:\/\/staging.swizzle.se\/#\/schema\/logo\/image\/\",\"url\":\"https:\/\/staging.swizzle.se\/wp-content\/uploads\/2025\/10\/cropped-SWIZZLE.-4.png\",\"contentUrl\":\"https:\/\/staging.swizzle.se\/wp-content\/uploads\/2025\/10\/cropped-SWIZZLE.-4.png\",\"width\":800,\"height\":267,\"caption\":\"Swizzle\"},\"image\":{\"@id\":\"https:\/\/staging.swizzle.se\/#\/schema\/logo\/image\/\"},\"hasMerchantReturnPolicy\":{\"@type\":\"MerchantReturnPolicy\",\"merchantReturnLink\":\"https:\/\/staging.swizzle.se\/en\/villkor\/\"}}]}<\/script>\n<meta property=\"product:price:amount\" content=\"219.00\" \/>\n<meta property=\"product:price:currency\" content=\"SEK\" \/>\n<meta property=\"og:availability\" content=\"out of stock\" \/>\n<meta property=\"product:availability\" content=\"out of stock\" \/>\n<meta property=\"product:retailer_item_id\" content=\"7623677\" \/>\n<meta property=\"product:condition\" content=\"new\" \/>\n<!-- \/ Yoast SEO Premium plugin. -->","yoast_head_json":{"title":"THCPO Vape - MAGIC SAUCE 20% THCPO - MINT CAND","description":"MAGIC SAUCE 20% THCPO VAPE \u00e4r perfekt f\u00f6r dig som s\u00f6ker en h\u00f6gre niv\u00e5 av avkoppling och njutning. Designad f\u00f6r att vara diskret","robots":{"index":"noindex","follow":"follow","max-snippet":"max-snippet:-1","max-image-preview":"max-image-preview:large","max-video-preview":"max-video-preview:-1"},"og_locale":"en_GB","og_type":"article","og_title":"THCPO Vape - MAGIC SAUCE 20% - MINT CANDY I 250 Puffs","og_description":"MAGIC SAUCE 20% THCPO VAPE \u00e4r perfekt f\u00f6r dig som s\u00f6ker en h\u00f6gre niv\u00e5 av avkoppling och njutning. Designad f\u00f6r att vara diskret","og_url":"https:\/\/www.swizzle.se\/produkt\/magic-farmers-magic-sauce-20-thcpo-vape-mint-candy\/","og_site_name":"Swizzle","article_modified_time":"2025-05-16T07:26:16+00:00","og_image":[{"width":283,"height":283,"url":"https:\/\/www.swizzle.se\/wp-content\/uploads\/2025\/05\/magic-sauce-minty-e1732992720694.webp","type":"image\/webp"}],"twitter_card":"summary_large_image","twitter_misc":{"Price":"219.00&nbsp;&#107;&#114;","Availability":"Out of stock"},"schema":{"@context":"https:\/\/schema.org","@graph":[{"@type":"WebPage","@id":"https:\/\/www.swizzle.se\/produkt\/magic-farmers-magic-sauce-20-thcpo-vape-mint-candy\/","url":"https:\/\/www.swizzle.se\/produkt\/magic-farmers-magic-sauce-20-thcpo-vape-mint-candy\/","name":"THCPO Vape - MAGIC SAUCE 20% THCPO - MINT CAND","isPartOf":{"@id":"https:\/\/staging.swizzle.se\/#website"},"primaryImageOfPage":{"@id":"https:\/\/www.swizzle.se\/produkt\/magic-farmers-magic-sauce-20-thcpo-vape-mint-candy\/#primaryimage"},"image":{"@id":"https:\/\/www.swizzle.se\/produkt\/magic-farmers-magic-sauce-20-thcpo-vape-mint-candy\/#primaryimage"},"thumbnailUrl":"https:\/\/staging.swizzle.se\/wp-content\/uploads\/2025\/05\/magic-sauce-minty-e1732992720694.webp","datePublished":"2024-01-07T10:45:52+00:00","dateModified":"2025-05-16T07:26:16+00:00","description":"MAGIC SAUCE 20% THCPO VAPE \u00e4r perfekt f\u00f6r dig som s\u00f6ker en h\u00f6gre niv\u00e5 av avkoppling och njutning. Designad f\u00f6r att vara diskret","breadcrumb":{"@id":"https:\/\/www.swizzle.se\/produkt\/magic-farmers-magic-sauce-20-thcpo-vape-mint-candy\/#breadcrumb"},"inLanguage":"en-GB","potentialAction":[{"@type":"ReadAction","target":["https:\/\/www.swizzle.se\/produkt\/magic-farmers-magic-sauce-20-thcpo-vape-mint-candy\/"]}]},{"@type":"ImageObject","inLanguage":"en-GB","@id":"https:\/\/www.swizzle.se\/produkt\/magic-farmers-magic-sauce-20-thcpo-vape-mint-candy\/#primaryimage","url":"https:\/\/staging.swizzle.se\/wp-content\/uploads\/2025\/05\/magic-sauce-minty-e1732992720694.webp","contentUrl":"https:\/\/staging.swizzle.se\/wp-content\/uploads\/2025\/05\/magic-sauce-minty-e1732992720694.webp","width":283,"height":283,"caption":"Bilden inneh\u00e5ller en THCPO Vape p\u00e5 20% styrka av THCPO Olja"},{"@type":"BreadcrumbList","@id":"https:\/\/www.swizzle.se\/produkt\/magic-farmers-magic-sauce-20-thcpo-vape-mint-candy\/#breadcrumb","itemListElement":[{"@type":"ListItem","position":1,"name":"Home","item":"https:\/\/www.swizzle.se\/"},{"@type":"ListItem","position":2,"name":"Shop","item":"https:\/\/www.swizzle.se\/shop\/"},{"@type":"ListItem","position":3,"name":"Uncategorized","item":"https:\/\/www.swizzle.se\/produkt-kategori\/uncategorized\/"},{"@type":"ListItem","position":4,"name":"THCPO Vape &#8211; MAGIC SAUCE 20% &#8211; MINT CANDY I 250 Puffs"}]},{"@type":"WebSite","@id":"https:\/\/staging.swizzle.se\/#website","url":"https:\/\/staging.swizzle.se\/","name":"Swizzle","description":"Nicotine CBD Vapes Snus White Portion","publisher":{"@id":"https:\/\/staging.swizzle.se\/#organization"},"potentialAction":[{"@type":"SearchAction","target":{"@type":"EntryPoint","urlTemplate":"https:\/\/staging.swizzle.se\/?s={search_term_string}"},"query-input":{"@type":"PropertyValueSpecification","valueRequired":true,"valueName":"search_term_string"}}],"inLanguage":"en-GB"},{"@type":"Organization","@id":"https:\/\/staging.swizzle.se\/#organization","name":"Swizzle","url":"https:\/\/staging.swizzle.se\/","logo":{"@type":"ImageObject","inLanguage":"en-GB","@id":"https:\/\/staging.swizzle.se\/#\/schema\/logo\/image\/","url":"https:\/\/staging.swizzle.se\/wp-content\/uploads\/2025\/10\/cropped-SWIZZLE.-4.png","contentUrl":"https:\/\/staging.swizzle.se\/wp-content\/uploads\/2025\/10\/cropped-SWIZZLE.-4.png","width":800,"height":267,"caption":"Swizzle"},"image":{"@id":"https:\/\/staging.swizzle.se\/#\/schema\/logo\/image\/"},"hasMerchantReturnPolicy":{"@type":"MerchantReturnPolicy","merchantReturnLink":"https:\/\/staging.swizzle.se\/en\/villkor\/"}}]},"product_price_amount":"219.00","product_price_currency":"SEK","og_availability":"out of stock","product_availability":"out of stock","product_retailer_item_id":"7623677","product_condition":"new"},"tiered_pricing_type":"fixed","tiered_pricing_fixed_rules":[],"tiered_pricing_product_settings":{"layout":"default","base_unit_name":{"singular":null,"plural":null},"default_variation":null},"tiered_pricing_minimum_quantity":null,"tiered_pricing_roles_data":[],"tiered_pricing_percentage_rules":[],"tiered_pricing_maximum_quantity":null,"tiered_pricing_quantity_step":null,"_links":{"self":[{"href":"https:\/\/staging.swizzle.se\/en\/wp-json\/wp\/v2\/product\/259361","targetHints":{"allow":["GET"]}}],"collection":[{"href":"https:\/\/staging.swizzle.se\/en\/wp-json\/wp\/v2\/product"}],"about":[{"href":"https:\/\/staging.swizzle.se\/en\/wp-json\/wp\/v2\/types\/product"}],"replies":[{"embeddable":true,"href":"https:\/\/staging.swizzle.se\/en\/wp-json\/wp\/v2\/comments?post=259361"}],"version-history":[{"count":0,"href":"https:\/\/staging.swizzle.se\/en\/wp-json\/wp\/v2\/product\/259361\/revisions"}],"wp:featuredmedia":[{"embeddable":true,"href":"https:\/\/staging.swizzle.se\/en\/wp-json\/wp\/v2\/media\/259363"}],"wp:attachment":[{"href":"https:\/\/staging.swizzle.se\/en\/wp-json\/wp\/v2\/media?parent=259361"}],"wp:term":[{"taxonomy":"product_brand","embeddable":true,"href":"https:\/\/staging.swizzle.se\/en\/wp-json\/wp\/v2\/product_brand?post=259361"},{"taxonomy":"product_cat","embeddable":true,"href":"https:\/\/staging.swizzle.se\/en\/wp-json\/wp\/v2\/product_cat?post=259361"},{"taxonomy":"product_tag","embeddable":true,"href":"https:\/\/staging.swizzle.se\/en\/wp-json\/wp\/v2\/product_tag?post=259361"},{"taxonomy":"superdeal","embeddable":true,"href":"https:\/\/staging.swizzle.se\/en\/wp-json\/wp\/v2\/superdeal?post=259361"},{"taxonomy":"product_variant_id","embeddable":true,"href":"https:\/\/staging.swizzle.se\/en\/wp-json\/wp\/v2\/product_variant_id?post=259361"}],"curies":[{"name":"wp","href":"https:\/\/api.w.org\/{rel}","templated":true}]}}